{"id":12031,"date":"2021-11-09T17:47:22","date_gmt":"2021-11-09T09:47:22","guid":{"rendered":"https:\/\/www.agriculture-machine.com\/?p=12031"},"modified":"2024-09-23T11:22:40","modified_gmt":"2024-09-23T03:22:40","slug":"hand-held-gasoline-corn-planter","status":"publish","type":"product","link":"https:\/\/www.agriculture-machine.com\/es\/hand-held-gasoline-corn-planter\/","title":{"rendered":"Sembradora manual de semillas de cacahuete y ma\u00edz a gasolina"},"content":{"rendered":"<h2 class=\"wp-block-heading\">Breve introducci\u00f3n de las sembradoras manuales de gasolina<\/h2>    <p class=\"translation-block\">Las sembradoras manuales de gasolina se basan en sembradoras manuales tradicionales <a href=\"https:\/\/www.agriculture-machine.com\/es\/hand-operated-maize-corn-planter-machine-peanut-plant\/\">con motor de gasolina<\/a>. Y en comparaci\u00f3n con las m\u00e1quinas que dependen completamente del sembrado manual, ahorra tiempo y esfuerzo.<\/p>    <p>Adem\u00e1s, esta m\u00e1quina es adecuada para sembrar semillas en campos secos. Puede sembrar semillas granulares como frijoles, granos y semillas de verduras, etc. Y la m\u00e1quina tiene caracter\u00edsticas de arranque f\u00e1cil, peso ligero, robustez, menos polvo y menos enredos. Es adecuada para todos los cultivos en tierra seca y es una buena ayuda para los agricultores en la agricultura.<\/p>    <figure class=\"wp-block-image size-large\"><img loading=\"lazy\" decoding=\"async\" width=\"720\" height=\"540\" src=\"https:\/\/www.agriculture-machine.com\/wp-content\/uploads\/2021\/11\/IMG_20190320_141834-720x540.jpg?v=1636449682\" alt=\"\" class=\"wp-image-12035\" srcset=\"https:\/\/www.agriculture-machine.com\/wp-content\/uploads\/2021\/11\/IMG_20190320_141834-720x540.jpg 720w, https:\/\/www.agriculture-machine.com\/wp-content\/uploads\/2021\/11\/IMG_20190320_141834-360x270.jpg 360w, https:\/\/www.agriculture-machine.com\/wp-content\/uploads\/2021\/11\/IMG_20190320_141834-240x180.jpg 240w, https:\/\/www.agriculture-machine.com\/wp-content\/uploads\/2021\/11\/IMG_20190320_141834-768x576.jpg 768w, https:\/\/www.agriculture-machine.com\/wp-content\/uploads\/2021\/11\/IMG_20190320_141834-1536x1152.jpg 1536w, https:\/\/www.agriculture-machine.com\/wp-content\/uploads\/2021\/11\/IMG_20190320_141834-2048x1536.jpg 2048w\" sizes=\"auto, (max-width: 720px) 100vw, 720px\" \/><figcaption>Sembradora de ma\u00edz manual de gasolina<\/figcaption><\/figure>    <h2 class=\"wp-block-heading\" id=\"h-main-functions-of-hand-held-corn-planter-with-gasoline-power\">Funciones principales de la sembradora manual de ma\u00edz con motor de gasolina<\/h2>    <ol class=\"wp-block-list\" type=\"1\"><li>Sembrar las semillas en la tierra.<\/li><li>Aplicar fertilizante junto a las semillas.<\/li><li>Aflojar la tierra mientras siembra.<\/li><li>Hacer surcos antes de plantar.<\/li><\/ol>    <h2 class=\"wp-block-heading\">\u00c1mbito de aplicaci\u00f3n de la sembradora de ma\u00edz de arrastre&nbsp;<\/h2>    <p>1. Puede sembrar semillas granulares como trigo, soja, frijoles rojos, guisantes, ma\u00edz, habas, jud\u00edas, sorgo, mijo, etc.<\/p>    <p>2. Tambi\u00e9n puede fertilizar.<\/p>    <p>3. Y tambi\u00e9n podemos ajustar la cantidad de siembra, la cantidad de fertilizante y la profundidad de siembra.<\/p>    <figure class=\"wp-block-image size-large\"><img loading=\"lazy\" decoding=\"async\" width=\"720\" height=\"540\" src=\"https:\/\/www.agriculture-machine.com\/wp-content\/uploads\/2021\/11\/IMG_20190320_141116-720x540.jpg?v=1636449780\" alt=\"\" class=\"wp-image-12036\" srcset=\"https:\/\/www.agriculture-machine.com\/wp-content\/uploads\/2021\/11\/IMG_20190320_141116-720x540.jpg 720w, https:\/\/www.agriculture-machine.com\/wp-content\/uploads\/2021\/11\/IMG_20190320_141116-360x270.jpg 360w, https:\/\/www.agriculture-machine.com\/wp-content\/uploads\/2021\/11\/IMG_20190320_141116-240x180.jpg 240w, https:\/\/www.agriculture-machine.com\/wp-content\/uploads\/2021\/11\/IMG_20190320_141116-768x576.jpg 768w, https:\/\/www.agriculture-machine.com\/wp-content\/uploads\/2021\/11\/IMG_20190320_141116-1536x1152.jpg 1536w, https:\/\/www.agriculture-machine.com\/wp-content\/uploads\/2021\/11\/IMG_20190320_141116-2048x1536.jpg 2048w\" sizes=\"auto, (max-width: 720px) 100vw, 720px\" \/><figcaption>Sembradora manual de cacahuete de gasolina<\/figcaption><\/figure>    <h2 class=\"wp-block-heading\">La estructura de la sembradora manual de frijoles de gasolina<\/h2>    <p>Mango de control del acelerador, freno de mano, mango de empuje, caja de semillas, disco de siembra fina, resorte de cadena, resorte profundo y superficial, rueda de goma trasera, marco, \u00e1ngulo de semilla inferior, tanque de combustible, caja de cintur\u00f3n, rueda de hierro frontal.<\/p>    <figure class=\"wp-block-gallery columns-3 is-cropped wp-block-gallery-2 is-layout-flex wp-block-gallery-is-layout-flex\"><ul class=\"blocks-gallery-grid\"><li class=\"blocks-gallery-item\"><figure><img loading=\"lazy\" decoding=\"async\" width=\"720\" height=\"540\" src=\"https:\/\/www.agriculture-machine.com\/wp-content\/uploads\/2021\/11\/IMG_20190320_140522-720x540.jpg?v=1636450074\" alt=\"\" data-id=\"12044\" data-link=\"https:\/\/www.agriculture-machine.com\/?attachment_id=12044\" class=\"wp-image-12044\" srcset=\"https:\/\/www.agriculture-machine.com\/wp-content\/uploads\/2021\/11\/IMG_20190320_140522-720x540.jpg 720w, https:\/\/www.agriculture-machine.com\/wp-content\/uploads\/2021\/11\/IMG_20190320_140522-360x270.jpg 360w, https:\/\/www.agriculture-machine.com\/wp-content\/uploads\/2021\/11\/IMG_20190320_140522-240x180.jpg 240w, https:\/\/www.agriculture-machine.com\/wp-content\/uploads\/2021\/11\/IMG_20190320_140522-768x576.jpg 768w, https:\/\/www.agriculture-machine.com\/wp-content\/uploads\/2021\/11\/IMG_20190320_140522-1536x1152.jpg 1536w, https:\/\/www.agriculture-machine.com\/wp-content\/uploads\/2021\/11\/IMG_20190320_140522-2048x1536.jpg 2048w\" sizes=\"auto, (max-width: 720px) 100vw, 720px\" \/><figcaption class=\"blocks-gallery-item__caption\">rhdr<\/figcaption><\/figure><\/li><li class=\"blocks-gallery-item\"><figure><img loading=\"lazy\" decoding=\"async\" width=\"720\" height=\"540\" src=\"https:\/\/www.agriculture-machine.com\/wp-content\/uploads\/2021\/11\/IMG_20190320_140528-720x540.jpg?v=1636450106\" alt=\"\" data-id=\"12049\" data-link=\"https:\/\/www.agriculture-machine.com\/?attachment_id=12049\" class=\"wp-image-12049\" srcset=\"https:\/\/www.agriculture-machine.com\/wp-content\/uploads\/2021\/11\/IMG_20190320_140528-720x540.jpg 720w, https:\/\/www.agriculture-machine.com\/wp-content\/uploads\/2021\/11\/IMG_20190320_140528-360x270.jpg 360w, https:\/\/www.agriculture-machine.com\/wp-content\/uploads\/2021\/11\/IMG_20190320_140528-240x180.jpg 240w, https:\/\/www.agriculture-machine.com\/wp-content\/uploads\/2021\/11\/IMG_20190320_140528-768x576.jpg 768w, https:\/\/www.agriculture-machine.com\/wp-content\/uploads\/2021\/11\/IMG_20190320_140528-1536x1152.jpg 1536w, https:\/\/www.agriculture-machine.com\/wp-content\/uploads\/2021\/11\/IMG_20190320_140528-2048x1536.jpg 2048w\" sizes=\"auto, (max-width: 720px) 100vw, 720px\" \/><figcaption class=\"blocks-gallery-item__caption\">rhdr<\/figcaption><\/figure><\/li><li class=\"blocks-gallery-item\"><figure><img loading=\"lazy\" decoding=\"async\" width=\"720\" height=\"540\" src=\"https:\/\/www.agriculture-machine.com\/wp-content\/uploads\/2021\/11\/IMG_20190320_140541-720x540.jpg?v=1636450145\" alt=\"\" data-id=\"12051\" data-link=\"https:\/\/www.agriculture-machine.com\/?attachment_id=12051\" class=\"wp-image-12051\" srcset=\"https:\/\/www.agriculture-machine.com\/wp-content\/uploads\/2021\/11\/IMG_20190320_140541-720x540.jpg 720w, https:\/\/www.agriculture-machine.com\/wp-content\/uploads\/2021\/11\/IMG_20190320_140541-360x270.jpg 360w, https:\/\/www.agriculture-machine.com\/wp-content\/uploads\/2021\/11\/IMG_20190320_140541-240x180.jpg 240w, https:\/\/www.agriculture-machine.com\/wp-content\/uploads\/2021\/11\/IMG_20190320_140541-768x576.jpg 768w, https:\/\/www.agriculture-machine.com\/wp-content\/uploads\/2021\/11\/IMG_20190320_140541-1536x1152.jpg 1536w, https:\/\/www.agriculture-machine.com\/wp-content\/uploads\/2021\/11\/IMG_20190320_140541-2048x1536.jpg 2048w\" sizes=\"auto, (max-width: 720px) 100vw, 720px\" \/><figcaption class=\"blocks-gallery-item__caption\">oznor<\/figcaption><\/figure><\/li><li class=\"blocks-gallery-item\"><figure><img loading=\"lazy\" decoding=\"async\" width=\"720\" height=\"540\" src=\"https:\/\/www.agriculture-machine.com\/wp-content\/uploads\/2021\/11\/IMG_20190320_140550-720x540.jpg?v=1636450174\" alt=\"\" data-id=\"12053\" data-link=\"https:\/\/www.agriculture-machine.com\/?attachment_id=12053\" class=\"wp-image-12053\" srcset=\"https:\/\/www.agriculture-machine.com\/wp-content\/uploads\/2021\/11\/IMG_20190320_140550-720x540.jpg 720w, https:\/\/www.agriculture-machine.com\/wp-content\/uploads\/2021\/11\/IMG_20190320_140550-360x270.jpg 360w, https:\/\/www.agriculture-machine.com\/wp-content\/uploads\/2021\/11\/IMG_20190320_140550-240x180.jpg 240w, https:\/\/www.agriculture-machine.com\/wp-content\/uploads\/2021\/11\/IMG_20190320_140550-768x576.jpg 768w, https:\/\/www.agriculture-machine.com\/wp-content\/uploads\/2021\/11\/IMG_20190320_140550-1536x1152.jpg 1536w, https:\/\/www.agriculture-machine.com\/wp-content\/uploads\/2021\/11\/IMG_20190320_140550-2048x1536.jpg 2048w\" sizes=\"auto, (max-width: 720px) 100vw, 720px\" \/><figcaption class=\"blocks-gallery-item__caption\">oznor<\/figcaption><\/figure><\/li><li class=\"blocks-gallery-item\"><figure><img loading=\"lazy\" decoding=\"async\" width=\"720\" height=\"540\" src=\"https:\/\/www.agriculture-machine.com\/wp-content\/uploads\/2021\/11\/IMG_20190320_140937-1-720x540.jpg?v=1636450464\" alt=\"\" data-id=\"12054\" data-full-url=\"https:\/\/www.agriculture-machine.com\/wp-content\/uploads\/2021\/11\/IMG_20190320_140937-1-scaled.jpg?v=1636450464\" data-link=\"https:\/\/www.agriculture-machine.com\/?attachment_id=12054\" class=\"wp-image-12054\" srcset=\"https:\/\/www.agriculture-machine.com\/wp-content\/uploads\/2021\/11\/IMG_20190320_140937-1-720x540.jpg 720w, https:\/\/www.agriculture-machine.com\/wp-content\/uploads\/2021\/11\/IMG_20190320_140937-1-360x270.jpg 360w, https:\/\/www.agriculture-machine.com\/wp-content\/uploads\/2021\/11\/IMG_20190320_140937-1-240x180.jpg 240w, https:\/\/www.agriculture-machine.com\/wp-content\/uploads\/2021\/11\/IMG_20190320_140937-1-768x576.jpg 768w, https:\/\/www.agriculture-machine.com\/wp-content\/uploads\/2021\/11\/IMG_20190320_140937-1-1536x1152.jpg 1536w, https:\/\/www.agriculture-machine.com\/wp-content\/uploads\/2021\/11\/IMG_20190320_140937-1-2048x1536.jpg 2048w\" sizes=\"auto, (max-width: 720px) 100vw, 720px\" \/><figcaption class=\"blocks-gallery-item__caption\">smacap_Bright<\/figcaption><\/figure><\/li><\/ul><\/figure>    <h2 class=\"wp-block-heading\">El proceso de trabajo de la sembradora manual de semillas de gasolina<\/h2>    <ol class=\"wp-block-list\" type=\"1\"><li>Primero, elige la semilla que necesitas. Y coloca la semilla en la tolva de semillas.<\/li><li>Luego, encienda la gasolina.<\/li><li>Luego, sostenga el mango de esta m\u00e1quina. Y al mismo tiempo, camine con la m\u00e1quina a una velocidad constante.<\/li><li>Finalmente, despu\u00e9s de sembrar las semillas, apaga el motor de gasolina y guarda la m\u00e1quina adecuadamente.<\/li><\/ol>    <h2 class=\"wp-block-heading\">Caracter\u00edsticas de la sembradora manual de ma\u00edz de gasolina&nbsp;<\/h2>    <p>1. Tama\u00f1o peque\u00f1o, peso ligero, operaci\u00f3n flexible y conveniente. Es adecuada para su uso en invernaderos, huertos, vi\u00f1edos, terrazas, pendientes y parcelas peque\u00f1as.<\/p>    <p>2. El mango puede ajustarse en altura y longitud, adecuado para todos.<\/p>    <p>3. La siembra y fertilizaci\u00f3n pueden ser doble fila, sencilla, antes y despu\u00e9s del uso.<\/p>    <p>4. Puedes plantar varios cultivos cambiando la caja de semillas. La calidad es estable y confiable.<\/p>    <p>5. Tiene m\u00faltiples funciones. Esta m\u00e1quina puede realizar una variedad de operaciones agr\u00edcolas como siembra y fertilizaci\u00f3n solo con cambiar la herramienta de trabajo.<\/p>    <p>6. Tanto hombres como mujeres pueden usar esta m\u00e1quina. La calidad es estable y confiable.<\/p>    <h2 class=\"wp-block-heading\">Ventajas del producto de la sembradora de ma\u00edz de gasolina manual<\/h2>    <p>1. La m\u00e1quina no tiene transmisi\u00f3n por cadena, y la pala reemplaza la garant\u00eda. La siembra es precisa y el espaciado de los agujeros es consistente.<\/p>    <p>2. Usa esta m\u00e1quina para aumentar la producci\u00f3n. Debido a que los agujeros est\u00e1n espaciados uniformemente, hay buena ventilaci\u00f3n y nutrientes suficientes, lo que puede aumentar la producci\u00f3n en un 10-20%.<\/p>    <p>3. Esta m\u00e1quina est\u00e1 dise\u00f1ada con ruedas de profundidad limitadas. Ajusta la rueda limitadora de profundidad de la sembradora antes de plantar, para que la profundidad de siembra de cada fila sea consistente.<\/p>    <p>5. La m\u00e1quina tiene un dise\u00f1o novedoso y una estructura sencilla. Es f\u00e1cil de usar, f\u00e1cil de ajustar y casi sin fallos.<\/p>    <p>6. Gran rango de ajuste del espaciamiento entre filas y entre plantas. Puede lograr el efecto ideal de casi no necesitar desbastar las pl\u00e1ntulas. Puede satisfacer los requisitos de diferentes usuarios para diferentes semillas.<\/p>    <figure class=\"wp-block-image size-large\"><img loading=\"lazy\" decoding=\"async\" width=\"720\" height=\"540\" src=\"https:\/\/www.agriculture-machine.com\/wp-content\/uploads\/2021\/11\/IMG_20190320_134914-720x540.jpg?v=1636450727\" alt=\"Las sembradoras manuales de gasolina se basan en sembradoras manuales tradicionales con motor de gasolina. Y en comparaci\u00f3n con las m\u00e1quinas que dependen completamente del sembrado manual, ahorra tiempo y esfuerzo. Adem\u00e1s, esta m\u00e1quina es adecuada para sembrar semillas en campos secos.\" class=\"wp-image-12057\" srcset=\"https:\/\/www.agriculture-machine.com\/wp-content\/uploads\/2021\/11\/IMG_20190320_134914-720x540.jpg 720w, https:\/\/www.agriculture-machine.com\/wp-content\/uploads\/2021\/11\/IMG_20190320_134914-360x270.jpg 360w, https:\/\/www.agriculture-machine.com\/wp-content\/uploads\/2021\/11\/IMG_20190320_134914-240x180.jpg 240w, https:\/\/www.agriculture-machine.com\/wp-content\/uploads\/2021\/11\/IMG_20190320_134914-768x576.jpg 768w, https:\/\/www.agriculture-machine.com\/wp-content\/uploads\/2021\/11\/IMG_20190320_134914-1536x1152.jpg 1536w, https:\/\/www.agriculture-machine.com\/wp-content\/uploads\/2021\/11\/IMG_20190320_134914-2048x1536.jpg 2048w\" sizes=\"auto, (max-width: 720px) 100vw, 720px\" \/><figcaption>Sembradora de semillas de gasolina manual<\/figcaption><\/figure>","protected":false},"excerpt":{"rendered":"<p>Los sembradores manuales de gasolina se basan en los sembradores manuales tradicionales con motor de gasolina. Y en comparaci\u00f3n con las m\u00e1quinas que dependen completamente del trabajo humano para sembrar, ahorra tiempo y esfuerzo.<br \/> Adem\u00e1s, esta m\u00e1quina es adecuada para sembrar semillas en campos secos.<\/p>","protected":false},"author":1,"featured_media":12034,"parent":0,"comment_status":"closed","ping_status":"closed","template":"","tags":[491,797,492],"product-type":[870],"class_list":["post-12031","product","type-product","status-publish","has-post-thumbnail","hentry","tag-corn","tag-peanut","tag-planter","product-type-planter"],"_links":{"self":[{"href":"https:\/\/www.agriculture-machine.com\/es\/wp-json\/wp\/v2\/product\/12031","targetHints":{"allow":["GET"]}}],"collection":[{"href":"https:\/\/www.agriculture-machine.com\/es\/wp-json\/wp\/v2\/product"}],"about":[{"href":"https:\/\/www.agriculture-machine.com\/es\/wp-json\/wp\/v2\/types\/product"}],"author":[{"embeddable":true,"href":"https:\/\/www.agriculture-machine.com\/es\/wp-json\/wp\/v2\/users\/1"}],"replies":[{"embeddable":true,"href":"https:\/\/www.agriculture-machine.com\/es\/wp-json\/wp\/v2\/comments?post=12031"}],"wp:featuredmedia":[{"embeddable":true,"href":"https:\/\/www.agriculture-machine.com\/es\/wp-json\/wp\/v2\/media\/12034"}],"wp:attachment":[{"href":"https:\/\/www.agriculture-machine.com\/es\/wp-json\/wp\/v2\/media?parent=12031"}],"wp:term":[{"taxonomy":"post_tag","embeddable":true,"href":"https:\/\/www.agriculture-machine.com\/es\/wp-json\/wp\/v2\/tags?post=12031"},{"taxonomy":"product-type","embeddable":true,"href":"https:\/\/www.agriculture-machine.com\/es\/wp-json\/wp\/v2\/product-type?post=12031"}],"curies":[{"name":"wp","href":"https:\/\/api.w.org\/{rel}","templated":true}]}}