{"id":12065,"date":"2021-11-10T18:14:42","date_gmt":"2021-11-10T10:14:42","guid":{"rendered":"https:\/\/www.agriculture-machine.com\/?p=12065"},"modified":"2024-09-18T16:22:35","modified_gmt":"2024-09-18T08:22:35","slug":"corn-planter-4-row-corn-planter-corn-planter-tractor-supply-sweet-corn-planter","status":"publish","type":"product","link":"https:\/\/www.agriculture-machine.com\/es\/corn-planter-4-row-corn-planter-corn-planter-tractor-supply-sweet-corn-planter\/","title":{"rendered":"Sembradora de ma\u00edz dulce de 4 filas para equipos de tractor"},"content":{"rendered":"<p>Hoy en d\u00eda, la sembradora de ma\u00edz es ampliamente utilizada por muchos agricultores. Debido a las llanuras, los agricultores necesitan sembrar grandes \u00e1reas de ma\u00edz. Los agricultores necesitan gastar mucha mano de obra para sembrar y fertilizar manualmente.<\/p>    <p class=\"translation-block\">Corn is one of the most widely planted crops in the world, and it is also the world&#8217;s most productive food crop. Therefore, the <strong>corn planter<\/strong> is a machine that can realize the mechanized planting of corn. It can complete the processes of digging, spotting, and fertilizing all at once. <\/p>    <figure class=\"wp-block-image aligncenter size-full\"><img loading=\"lazy\" decoding=\"async\" width=\"720\" height=\"540\" src=\"https:\/\/www.agriculture-machine.com\/wp-content\/uploads\/2021\/11\/corn-planter-for-sale.webp\" alt=\"sembradora de ma\u00edz en venta\" class=\"wp-image-15689\" srcset=\"https:\/\/www.agriculture-machine.com\/wp-content\/uploads\/2021\/11\/corn-planter-for-sale.webp 720w, https:\/\/www.agriculture-machine.com\/wp-content\/uploads\/2021\/11\/corn-planter-for-sale-360x270.webp 360w, https:\/\/www.agriculture-machine.com\/wp-content\/uploads\/2021\/11\/corn-planter-for-sale-240x180.webp 240w\" sizes=\"auto, (max-width: 720px) 100vw, 720px\" \/><figcaption class=\"wp-element-caption\">sembradora de ma\u00edz en venta<\/figcaption><\/figure>    <p class=\"translation-block\">La m\u00e1quina tiene las excelentes caracter\u00edsticas de alta eficiencia, ahorro de tiempo, ahorro de mano de obra, siembra precisa, alta tasa de emergencia de pl\u00e1ntulas y espaciado uniforme de plantas. Adem\u00e1s, el <a href=\"https:\/\/www.agriculture-machine.com\/es\/maize-peeler-and-thresher\/\"><strong><em>desgranador de ma\u00edz<\/em><\/strong><\/a> puede ayudar a realizar la mecanizaci\u00f3n de la agricultura.<\/p>    <h2 class=\"wp-block-heading\" id=\"h-introduction-of-the-corn-planter\">Introducci\u00f3n de la sembradora de ma\u00edz<\/h2>    <p>La sembradora de ma\u00edz se refiere a una m\u00e1quina de siembra que toma semillas de ma\u00edz como objeto de siembra. Y la sembradora de ma\u00edz puede completar de manera eficiente los requisitos de surcado y siembra de ma\u00edz. Esta m\u00e1quina puede realizar operaciones de siembra de ma\u00edz de alta calidad.<\/p>    <p>Las operaciones de siembra mecanizada de alta calidad no solo son buenas para la germinaci\u00f3n y el crecimiento de las semillas. Tambi\u00e9n son m\u00e1s beneficiosas para la implementaci\u00f3n de la protecci\u00f3n de cultivos mecanizada, la fertilizaci\u00f3n, la cosecha y otras operaciones.<\/p>    <figure class=\"wp-block-image aligncenter size-large\"><img loading=\"lazy\" decoding=\"async\" width=\"720\" height=\"480\" src=\"https:\/\/www.agriculture-machine.com\/wp-content\/uploads\/2021\/11\/IMG_6381-720x480.jpg?v=1636534021\" alt=\"La sembradora de ma\u00edz se refiere a una m\u00e1quina de siembra que toma semillas de ma\u00edz como objeto de siembra. Y la sembradora de ma\u00edz puede completar de manera eficiente los requisitos de surcado y siembra de ma\u00edz. Esta m\u00e1quina puede realizar operaciones de siembra de ma\u00edz de alta calidad.\" class=\"wp-image-12069\" title=\"Sembradora de ma\u00edz\" srcset=\"https:\/\/www.agriculture-machine.com\/wp-content\/uploads\/2021\/11\/IMG_6381-720x480.jpg 720w, https:\/\/www.agriculture-machine.com\/wp-content\/uploads\/2021\/11\/IMG_6381-360x240.jpg 360w, https:\/\/www.agriculture-machine.com\/wp-content\/uploads\/2021\/11\/IMG_6381-768x512.jpg 768w, https:\/\/www.agriculture-machine.com\/wp-content\/uploads\/2021\/11\/IMG_6381-1536x1024.jpg 1536w, https:\/\/www.agriculture-machine.com\/wp-content\/uploads\/2021\/11\/IMG_6381-2048x1365.jpg 2048w\" sizes=\"auto, (max-width: 720px) 100vw, 720px\" \/><figcaption class=\"wp-element-caption\">Sembradora de ma\u00edz<\/figcaption><\/figure>    <h2 class=\"wp-block-heading\">Estructura de la sembradora de ma\u00edz de 4 filas<\/h2>    <p>La estructura principal de la sembradora de ma\u00edz incluye un caj\u00f3n de semillas, un abridor de surcos, un dosificador de semillas, un caj\u00f3n de fertilizante, un drenaje de fertilizante y un dispositivo de cobertura y compactaci\u00f3n del suelo.<\/p>    <figure class=\"wp-block-gallery has-nested-images columns-default is-cropped wp-block-gallery-2 is-layout-flex wp-block-gallery-is-layout-flex\"> <figure class=\"wp-block-image size-large\"><img loading=\"lazy\" decoding=\"async\" width=\"720\" height=\"480\" data-id=\"12070\" src=\"https:\/\/www.agriculture-machine.com\/wp-content\/uploads\/2021\/11\/IMG_6392-720x480.jpg\" alt=\"sembradora de ma\u00edz de 4 filas\" class=\"wp-image-12070\" srcset=\"https:\/\/www.agriculture-machine.com\/wp-content\/uploads\/2021\/11\/IMG_6392-720x480.jpg 720w, https:\/\/www.agriculture-machine.com\/wp-content\/uploads\/2021\/11\/IMG_6392-360x240.jpg 360w, https:\/\/www.agriculture-machine.com\/wp-content\/uploads\/2021\/11\/IMG_6392-768x512.jpg 768w, https:\/\/www.agriculture-machine.com\/wp-content\/uploads\/2021\/11\/IMG_6392-1536x1024.jpg 1536w, https:\/\/www.agriculture-machine.com\/wp-content\/uploads\/2021\/11\/IMG_6392-2048x1365.jpg 2048w\" sizes=\"auto, (max-width: 720px) 100vw, 720px\" \/><\/figure>    <figure class=\"wp-block-image size-large\"><img loading=\"lazy\" decoding=\"async\" width=\"720\" height=\"480\" data-id=\"12072\" src=\"https:\/\/www.agriculture-machine.com\/wp-content\/uploads\/2021\/11\/IMG_6393-720x480.jpg\" alt=\"m\u00e1quina de siembra de ma\u00edz en venta\" class=\"wp-image-12072\" srcset=\"https:\/\/www.agriculture-machine.com\/wp-content\/uploads\/2021\/11\/IMG_6393-720x480.jpg 720w, https:\/\/www.agriculture-machine.com\/wp-content\/uploads\/2021\/11\/IMG_6393-360x240.jpg 360w, https:\/\/www.agriculture-machine.com\/wp-content\/uploads\/2021\/11\/IMG_6393-768x512.jpg 768w, https:\/\/www.agriculture-machine.com\/wp-content\/uploads\/2021\/11\/IMG_6393-1536x1024.jpg 1536w, https:\/\/www.agriculture-machine.com\/wp-content\/uploads\/2021\/11\/IMG_6393-2048x1365.jpg 2048w\" sizes=\"auto, (max-width: 720px) 100vw, 720px\" \/><\/figure>    <figure class=\"wp-block-image size-large\"><img loading=\"lazy\" decoding=\"async\" width=\"720\" height=\"480\" data-id=\"12075\" src=\"https:\/\/www.agriculture-machine.com\/wp-content\/uploads\/2021\/11\/IMG_6394-720x480.jpg\" alt=\"m\u00e1quina sembradora de ma\u00edz\" class=\"wp-image-12075\" srcset=\"https:\/\/www.agriculture-machine.com\/wp-content\/uploads\/2021\/11\/IMG_6394-720x480.jpg 720w, https:\/\/www.agriculture-machine.com\/wp-content\/uploads\/2021\/11\/IMG_6394-360x240.jpg 360w, https:\/\/www.agriculture-machine.com\/wp-content\/uploads\/2021\/11\/IMG_6394-768x512.jpg 768w, https:\/\/www.agriculture-machine.com\/wp-content\/uploads\/2021\/11\/IMG_6394-1536x1024.jpg 1536w, https:\/\/www.agriculture-machine.com\/wp-content\/uploads\/2021\/11\/IMG_6394-2048x1365.jpg 2048w\" sizes=\"auto, (max-width: 720px) 100vw, 720px\" \/><\/figure> <figcaption class=\"blocks-gallery-caption wp-element-caption\">Estructura de la sembradora de ma\u00edz<\/figcaption><\/figure>    <figure class=\"wp-block-gallery has-nested-images columns-default is-cropped wp-block-gallery-3 is-layout-flex wp-block-gallery-is-layout-flex\"> <figure class=\"wp-block-image size-large\"><img loading=\"lazy\" decoding=\"async\" width=\"360\" height=\"540\" data-id=\"12076\" src=\"https:\/\/www.agriculture-machine.com\/wp-content\/uploads\/2021\/11\/IMG_6414-360x540.jpg\" alt=\"detalle de la m\u00e1quina\" class=\"wp-image-12076\" srcset=\"https:\/\/www.agriculture-machine.com\/wp-content\/uploads\/2021\/11\/IMG_6414-360x540.jpg 360w, https:\/\/www.agriculture-machine.com\/wp-content\/uploads\/2021\/11\/IMG_6414-180x270.jpg 180w, https:\/\/www.agriculture-machine.com\/wp-content\/uploads\/2021\/11\/IMG_6414-768x1152.jpg 768w, https:\/\/www.agriculture-machine.com\/wp-content\/uploads\/2021\/11\/IMG_6414-1024x1536.jpg 1024w, https:\/\/www.agriculture-machine.com\/wp-content\/uploads\/2021\/11\/IMG_6414-1365x2048.jpg 1365w, https:\/\/www.agriculture-machine.com\/wp-content\/uploads\/2021\/11\/IMG_6414-scaled.jpg 1707w\" sizes=\"auto, (max-width: 360px) 100vw, 360px\" \/><\/figure>    <figure class=\"wp-block-image size-large\"><img loading=\"lazy\" decoding=\"async\" width=\"360\" height=\"540\" data-id=\"12077\" src=\"https:\/\/www.agriculture-machine.com\/wp-content\/uploads\/2021\/11\/IMG_6415-360x540.jpg\" alt=\"detalle de la sembradora de ma\u00edz\" class=\"wp-image-12077\" srcset=\"https:\/\/www.agriculture-machine.com\/wp-content\/uploads\/2021\/11\/IMG_6415-360x540.jpg 360w, https:\/\/www.agriculture-machine.com\/wp-content\/uploads\/2021\/11\/IMG_6415-180x270.jpg 180w, https:\/\/www.agriculture-machine.com\/wp-content\/uploads\/2021\/11\/IMG_6415-768x1152.jpg 768w, https:\/\/www.agriculture-machine.com\/wp-content\/uploads\/2021\/11\/IMG_6415-1024x1536.jpg 1024w, https:\/\/www.agriculture-machine.com\/wp-content\/uploads\/2021\/11\/IMG_6415-1365x2048.jpg 1365w, https:\/\/www.agriculture-machine.com\/wp-content\/uploads\/2021\/11\/IMG_6415-scaled.jpg 1707w\" sizes=\"auto, (max-width: 360px) 100vw, 360px\" \/><\/figure>    <figure class=\"wp-block-image size-large\"><img loading=\"lazy\" decoding=\"async\" width=\"360\" height=\"540\" data-id=\"12078\" src=\"https:\/\/www.agriculture-machine.com\/wp-content\/uploads\/2021\/11\/IMG_6416-360x540.jpg\" alt=\"exhibici\u00f3n de la sembradora de ma\u00edz\" class=\"wp-image-12078\" srcset=\"https:\/\/www.agriculture-machine.com\/wp-content\/uploads\/2021\/11\/IMG_6416-360x540.jpg 360w, https:\/\/www.agriculture-machine.com\/wp-content\/uploads\/2021\/11\/IMG_6416-180x270.jpg 180w, https:\/\/www.agriculture-machine.com\/wp-content\/uploads\/2021\/11\/IMG_6416-768x1152.jpg 768w, https:\/\/www.agriculture-machine.com\/wp-content\/uploads\/2021\/11\/IMG_6416-1024x1536.jpg 1024w, https:\/\/www.agriculture-machine.com\/wp-content\/uploads\/2021\/11\/IMG_6416-1365x2048.jpg 1365w, https:\/\/www.agriculture-machine.com\/wp-content\/uploads\/2021\/11\/IMG_6416-scaled.jpg 1707w\" sizes=\"auto, (max-width: 360px) 100vw, 360px\" \/><\/figure> <figcaption class=\"blocks-gallery-caption wp-element-caption\">Estructura de la sembradora de ma\u00edz<\/figcaption><\/figure>    <h2 class=\"wp-block-heading\">Principio de funcionamiento de la sembradora de ma\u00edz suministro de tractor<\/h2>    <p>En el proceso de operaciones de siembra, la potencia principal de la sembradora proviene del eje de salida de potencia trasera del tractor.<\/p>    <p>Bajo la tracci\u00f3n del tractor, el abridor abre una zanja para la siembra y fertilizaci\u00f3n dentro de una profundidad preestablecida.<\/p>    <p>Debido a la fuerza de fricci\u00f3n, la rueda de tierra gira continuamente y acciona el dispositivo de descarga de semillas para trabajar durante el proceso de avance. Luego, drena las semillas y fertilizantes en la zanja a trav\u00e9s de diferentes tuber\u00edas. Finalmente, utiliza el dispositivo de cobertura de suelo y el dispositivo de compactaci\u00f3n para lograr la cobertura y compactaci\u00f3n del suelo.<\/p>    <h2 class=\"wp-block-heading\">Video de trabajo de la sembradora de ma\u00edz dulce<\/h2>    <figure class=\"wp-block-embed is-type-video is-provider-youtube wp-block-embed-youtube wp-embed-aspect-16-9 wp-has-aspect-ratio\"><div class=\"wp-block-embed__wrapper\"> <iframe loading=\"lazy\" title=\"Sembradora de ma\u00edz \/ sembradora de ma\u00edz de 4 filas \/ suministro de sembradora de ma\u00edz montada en tractor \/ sembradora de ma\u00edz dulce \/ m\u00e1quina sembradora de ma\u00edz\" width=\"500\" height=\"281\" src=\"https:\/\/www.youtube.com\/embed\/snO8WSZ3oug?feature=oembed\" frameborder=\"0\" allow=\"accelerometer; autoplay; clipboard-write; encrypted-media; gyroscope; picture-in-picture; web-share\" referrerpolicy=\"strict-origin-when-cross-origin\" allowfullscreen><\/iframe> <\/div><figcaption class=\"wp-element-caption\">video de trabajo de la sembradora de ma\u00edz<\/figcaption><\/figure>    <h2 class=\"wp-block-heading\">Par\u00e1metro del equipo de siembra de ma\u00edz<\/h2>    <figure class=\"wp-block-table is-style-stripes\"><table><tbody><tr><td>Modelo<\/td><td>Dimensi\u00f3n total (mm)<\/td><td>Filas<\/td><td>Espaciado de filas (mm)<\/td><td>Profundidad de surcado (mm)<\/td><td>Fertilizaci\u00f3n<br>(mm\uff09<\/td><td>Profundidad de siembra (mm)<\/td><td>Peso (kg)<\/td><td>Potencia combinada (HP)<\/td><\/tr><tr><td>2BYSF-4<\/td><td>1620*2350*1200<\/td><td>4<\/td><td>428-570<\/td><td>60-80<\/td><td>60-80<\/td><td>30-50<\/td><td>270<\/td><td>25-40<\/td><\/tr><\/tbody><\/table><figcaption class=\"wp-element-caption\">Datos t\u00e9cnicos de la m\u00e1quina sembradora de ma\u00edz<\/figcaption><\/figure>    <h2 class=\"wp-block-heading\">Ventajas de la m\u00e1quina de siembra de ma\u00edz<\/h2>    <p>1. Ahorra tiempo y esfuerzo. La sembradora de ma\u00edz puede completar los procesos de surcado, colocaci\u00f3n y fertilizaci\u00f3n todo de una vez.<\/p>    <p>2. Adem\u00e1s de la siembra de ma\u00edz, tambi\u00e9n se puede utilizar para frijoles, sorgo y otros cultivos que necesitan ser sembrados.<\/p>    <p>3. La m\u00e1quina es flexible y ahorra diesel. La estructura compacta la hace m\u00e1s flexible al girar. Al mismo tiempo, la potencia de soporte tambi\u00e9n se reduce durante el dise\u00f1o, lo que puede reducir la cantidad de diesel utilizada. Adem\u00e1s, no requiere mucha potencia para poder remolcar la m\u00e1quina.<\/p>    <p>4. El espaciado de filas y el espaciado de plantas de la m\u00e1quina son ajustables. Y la profundidad de siembra tambi\u00e9n se puede ajustar. Puede cumplir con los requisitos de siembra de diferentes terrenos.<\/p>    <p>5. Las semillas se siembran de manera uniforme. Puede garantizar que la profundidad de siembra sea consistente y no habr\u00e1 una situaci\u00f3n de profundidad desigual.<\/p>    <p>6. La tasa de emergencia es alta. Usar una sembradora para plantar ma\u00edz puede hacer que las semillas de ma\u00edz est\u00e9n en un suelo relativamente suave, de modo que la tasa de pl\u00e1ntulas tenga una cierta garant\u00eda.<\/p>    <figure class=\"wp-block-image aligncenter size-full\"><img loading=\"lazy\" decoding=\"async\" width=\"720\" height=\"540\" src=\"https:\/\/www.agriculture-machine.com\/wp-content\/uploads\/2021\/11\/maize-planting-machine.webp\" alt=\"m\u00e1quina de siembra de ma\u00edz\" class=\"wp-image-15690\" srcset=\"https:\/\/www.agriculture-machine.com\/wp-content\/uploads\/2021\/11\/maize-planting-machine.webp 720w, https:\/\/www.agriculture-machine.com\/wp-content\/uploads\/2021\/11\/maize-planting-machine-360x270.webp 360w, https:\/\/www.agriculture-machine.com\/wp-content\/uploads\/2021\/11\/maize-planting-machine-240x180.webp 240w\" sizes=\"auto, (max-width: 720px) 100vw, 720px\" \/><figcaption class=\"wp-element-caption\">m\u00e1quina de siembra de ma\u00edz<\/figcaption><\/figure>    <h2 class=\"wp-block-heading\">Preste atenci\u00f3n a los siguientes puntos al usar la sembradora correctamente<\/h2>    <h3 class=\"wp-block-heading\">Antes de sembrar<\/h3>    <div class=\"wp-block-group is-layout-flow wp-block-group-is-layout-flow\"> <ul class=\"wp-block-list\"> <li>Mantenimiento antes de entrar al campo. Limpie los escombros en el caj\u00f3n de siembra y la hierba enredada y el suelo en el abridor. Y agregue aceite lubricante a las partes de transmisi\u00f3n y rotaci\u00f3n del tractor y la sembradora seg\u00fan los requisitos del manual. Preste especial atenci\u00f3n a la lubricaci\u00f3n y tensi\u00f3n de la cadena de transmisi\u00f3n. Y tambi\u00e9n al apriete de los tornillos en la sembradora antes de cada operaci\u00f3n.<\/li>    <li>El marco no puede estar inclinado. Despu\u00e9s de acoplar la sembradora al tractor, no debe estar inclinado. Al trabajar, la parte delantera y trasera del marco debe estar nivelada.<\/li>    <li>Realice varios ajustes. Ajuste la cantidad de siembra y el espaciado de filas del abridor seg\u00fan lo requerido por el manual de instrucciones.<\/li>    <li>Preste atenci\u00f3n a agregar semillas. Las semillas a\u00f1adidas al caj\u00f3n de semillas deben estar libres de impurezas y malas semillas. Para garantizar la efectividad de las semillas. En segundo lugar, la cantidad de siembra a\u00f1adida al caj\u00f3n de semillas debe ser al menos suficiente para cubrir la entrada del caj\u00f3n de siembra para garantizar una siembra fluida.<\/li>    <li>Siembra de prueba. Para garantizar la calidad de la siembra. Antes de sembrar en una gran \u00e1rea, debemos insistir en la siembra de prueba de 20 metros. Luego, observar el estado de trabajo de la sembradora. Despu\u00e9s de confirmar que cumple con los requisitos agron\u00f3micos locales, se lleva a cabo la siembra a gran escala.<\/li> <\/ul> <\/div>    <h3 class=\"wp-block-heading\">Durante la siembra<\/h3>    <div class=\"wp-block-group is-layout-flow wp-block-group-is-layout-flow\"> <ul class=\"wp-block-list\"> <li>Preste atenci\u00f3n a conducir en l\u00ednea recta a una velocidad constante. Al sembrar semillas, el agricultor debe prestar atenci\u00f3n a la rectitud a una velocidad uniforme. No vaya r\u00e1pido o lento ni se detenga a mitad de camino para evitar repeticiones de siembras perdidas. Para evitar que el abridor se obstruya, el levantamiento y descenso de la sembradora deben operarse mientras se mueve. As\u00ed que levante la sembradora al retroceder o girar.<\/li>    <li>Primero siembre el suelo. Siembre el suelo horizontalmente primero, para no endurecer el suelo y causar que la siembra sea demasiado superficial.<\/li>    <li>Observe con frecuencia. Al sembrar semillas, observe siempre las condiciones de trabajo del dispositivo de dosificaci\u00f3n, abridor, cubierta y mecanismo de transmisi\u00f3n. Si hay arcilla, hierba enredada o la cubierta de semillas no est\u00e1 ajustada, ret\u00edrela a tiempo. Los ajustes, reparaciones, lubricaci\u00f3n o limpieza de la hierba enredada deben realizarse despu\u00e9s de estacionar.<\/li>    <li>Proteja las partes de la m\u00e1quina. Cuando la sembradora est\u00e1 en funcionamiento, est\u00e1 estrictamente prohibido retroceder o hacer giros bruscos. El levantamiento o descenso de la sembradora debe realizarse lentamente para evitar da\u00f1os a las partes.<\/li>    <li>Preste atenci\u00f3n al caj\u00f3n de semillas. Durante la operaci\u00f3n, las semillas en el caj\u00f3n de semillas no deben ser menos de 1\/5 del volumen del caj\u00f3n de semillas. Al transportar o transferir parcelas, el caj\u00f3n de semillas no debe contener semillas ni otros objetos pesados.<\/li> <\/ul> <\/div>    <p>Para m\u00e1s informaci\u00f3n sobre la m\u00e1quina, no dude en contactarnos.<\/p>","protected":false},"excerpt":{"rendered":"<p>La sembradora de ma\u00edz se refiere a una m\u00e1quina de siembra que toma semillas de ma\u00edz como objeto de siembra. Y la sembradora de ma\u00edz puede completar de manera eficiente los requisitos de surcado y siembra de ma\u00edz. Esta m\u00e1quina puede realizar operaciones de siembra de ma\u00edz de alta calidad.<\/p>","protected":false},"author":1,"featured_media":12081,"parent":0,"comment_status":"closed","ping_status":"closed","template":"","tags":[491,492,698],"product-type":[882,870],"class_list":["post-12065","product","type-product","status-publish","has-post-thumbnail","hentry","tag-corn","tag-planter","tag-tractor","product-type-corn-planter","product-type-planter"],"_links":{"self":[{"href":"https:\/\/www.agriculture-machine.com\/es\/wp-json\/wp\/v2\/product\/12065","targetHints":{"allow":["GET"]}}],"collection":[{"href":"https:\/\/www.agriculture-machine.com\/es\/wp-json\/wp\/v2\/product"}],"about":[{"href":"https:\/\/www.agriculture-machine.com\/es\/wp-json\/wp\/v2\/types\/product"}],"author":[{"embeddable":true,"href":"https:\/\/www.agriculture-machine.com\/es\/wp-json\/wp\/v2\/users\/1"}],"replies":[{"embeddable":true,"href":"https:\/\/www.agriculture-machine.com\/es\/wp-json\/wp\/v2\/comments?post=12065"}],"wp:featuredmedia":[{"embeddable":true,"href":"https:\/\/www.agriculture-machine.com\/es\/wp-json\/wp\/v2\/media\/12081"}],"wp:attachment":[{"href":"https:\/\/www.agriculture-machine.com\/es\/wp-json\/wp\/v2\/media?parent=12065"}],"wp:term":[{"taxonomy":"post_tag","embeddable":true,"href":"https:\/\/www.agriculture-machine.com\/es\/wp-json\/wp\/v2\/tags?post=12065"},{"taxonomy":"product-type","embeddable":true,"href":"https:\/\/www.agriculture-machine.com\/es\/wp-json\/wp\/v2\/product-type?post=12065"}],"curies":[{"name":"wp","href":"https:\/\/api.w.org\/{rel}","templated":true}]}}