{"id":12112,"date":"2021-11-12T18:33:28","date_gmt":"2021-11-12T10:33:28","guid":{"rendered":"https:\/\/www.agriculture-machine.com\/?p=12112"},"modified":"2024-09-23T11:23:30","modified_gmt":"2024-09-23T03:23:30","slug":"gasoline-self-propelled-vegetable-planter-six-row-push-seeder-wholesale-gasoline-vegetable-seeder","status":"publish","type":"product","link":"https:\/\/www.agriculture-machine.com\/es\/gasoline-self-propelled-vegetable-planter-six-row-push-seeder-wholesale-gasoline-vegetable-seeder\/","title":{"rendered":"Plantadora de verduras de seis filas autopropulsada de gasolina"},"content":{"rendered":"<p><\/p>    <p>Con el desarrollo del cultivo de verduras a gran escala, muchos agricultores cultivan diversas verduras en llanuras, colinas y invernaderos. Por lo tanto, los agricultores utilizan ampliamente plantadoras de verduras autopropulsadas. <\/p>    <p>La plantadora de verduras autopropulsada es adecuada para llanuras, colinas, huertos, invernaderos, campos de verduras, tierra seca y \u00e1reas monta\u00f1osas. Y esta m\u00e1quina puede plantar una variedad de verduras, como repollo, zanahorias, r\u00e1banos, espinaca, lechuga, apio, etc. Adem\u00e1s, la m\u00e1quina tiene tracci\u00f3n de potencia, trabajo ligero, ahorro de mano de obra. La estructura de la m\u00e1quina es simple y f\u00e1cil de operar. Tambi\u00e9n, es de tama\u00f1o peque\u00f1o y ahorra espacio. La calidad de la siembra es buena y la tecnolog\u00eda de siembra cumple con los est\u00e1ndares agron\u00f3micos.<\/p>    <h2 class=\"wp-block-heading\" id=\"h-introduction-of-the-self-propelled-vegetable-planter\">Introducci\u00f3n de la plantadora de verduras autopropulsada<\/h2>    <p>La plantadora de verduras autopropulsada es adecuada para operaciones en grandes \u00e1reas. Y esta m\u00e1quina puede completar zanjas, siembra, cobertura de tierra y presi\u00f3n de explosi\u00f3n en una sola vez. La m\u00e1quina tiene su propia potencia, operaci\u00f3n manual f\u00e1cil y alta eficiencia. La rueda de siembra hecha de material especial de la m\u00e1quina puede soltar semillas con precisi\u00f3n y la tasa de ca\u00edda es del 100%. Ambos lados de la m\u00e1quina tienen ruedas de goma m\u00f3viles, lo que facilita que la plantadora se mueva al almac\u00e9n cuando no est\u00e1 en operaci\u00f3n.<\/p>    <figure class=\"wp-block-image size-large\"><img loading=\"lazy\" decoding=\"async\" width=\"720\" height=\"540\" src=\"https:\/\/www.agriculture-machine.com\/wp-content\/uploads\/2021\/11\/\u5fae\u4fe1\u56fe\u7247_20201228103823-720x540.jpg?v=1636712471\" alt=\"\" class=\"wp-image-12116\" srcset=\"https:\/\/www.agriculture-machine.com\/wp-content\/uploads\/2021\/11\/\u5fae\u4fe1\u56fe\u7247_20201228103823-720x540.jpg 720w, https:\/\/www.agriculture-machine.com\/wp-content\/uploads\/2021\/11\/\u5fae\u4fe1\u56fe\u7247_20201228103823-360x270.jpg 360w, https:\/\/www.agriculture-machine.com\/wp-content\/uploads\/2021\/11\/\u5fae\u4fe1\u56fe\u7247_20201228103823-240x180.jpg 240w, https:\/\/www.agriculture-machine.com\/wp-content\/uploads\/2021\/11\/\u5fae\u4fe1\u56fe\u7247_20201228103823-768x576.jpg 768w, https:\/\/www.agriculture-machine.com\/wp-content\/uploads\/2021\/11\/\u5fae\u4fe1\u56fe\u7247_20201228103823.jpg 1440w\" sizes=\"auto, (max-width: 720px) 100vw, 720px\" \/><figcaption><br>Sembradora manual de gasolina de seis filas<\/figcaption><\/figure>    <h2 class=\"wp-block-heading\">Campos aplicables del sembrador de verduras de empuje de seis filas<\/h2>    <h3 class=\"wp-block-heading\"><strong>Terreno adecuado<\/strong><\/h3>    <p>monta\u00f1as, colinas, invernaderos, huertos, campos de verduras, tierra seca, etc.<\/p>    <h3 class=\"wp-block-heading\"><strong>\u00c1mbito de aplicaci\u00f3n de la plantadora de verduras autopropulsada<\/strong><\/h3>    <p>Remolachas, col rizada, br\u00f3coli, mostaza, apio, amaranto, bok choy, r\u00facula, Yu Choi, col de Taiw\u00e1n, espinaca, acelgas, cebolletas, puerros, cilantro, kan kong, col napa, zanahorias, r\u00e1bano, nabo, etc.<\/p>    <h3 class=\"wp-block-heading\"><strong>Campos aplicables<\/strong><\/h3>    <p>Agricultura, siembra agr\u00edcola.<\/p>    <h2 class=\"wp-block-heading\">La estructura de la sembradora de seis filas empujada<\/h2>    <p>La m\u00e1quina incluye el marco principal, el dispositivo de conducci\u00f3n, el dispositivo de zanjas y el dispositivo de siembra.<\/p>    <p>1. El marco principal incluye el marco, la rueda motriz frontal, la rueda motriz trasera, la caja lateral izquierda, la caja lateral derecha, la placa inferior, el marco de elevaci\u00f3n, la barra de protecci\u00f3n frontal y el reposabrazos.<\/p>    <p>2. La placa inferior sostiene el dispositivo de conducci\u00f3n.<\/p>    <p>3. El marco de elevaci\u00f3n tiene un dispositivo de siembra que se conecta con las cajas laterales izquierda y derecha mediante bisagras.<\/p>    <p>4. En la posici\u00f3n correspondiente del dispositivo de siembra, instalamos el dispositivo de zanjas en el marco. Puede controlar la profundidad de la zanja al sembrar. Es conveniente para limpiar las semillas y no perderlas, evitando desperdicio. Al mismo tiempo, puede girar de manera flexible en el campo o transferirse entre invernaderos y cobertizos.<\/p>    <figure class=\"wp-block-gallery columns-3 is-cropped wp-block-gallery-2 is-layout-flex wp-block-gallery-is-layout-flex\"><ul class=\"blocks-gallery-grid\"><li class=\"blocks-gallery-item\"><figure><img loading=\"lazy\" decoding=\"async\" width=\"720\" height=\"540\" src=\"https:\/\/www.agriculture-machine.com\/wp-content\/uploads\/2021\/11\/\u5fae\u4fe1\u56fe\u7247_20210111140404-720x540.jpg?v=1636712551\" alt=\"\" data-id=\"12117\" data-link=\"https:\/\/www.agriculture-machine.com\/?attachment_id=12117\" class=\"wp-image-12117\" srcset=\"https:\/\/www.agriculture-machine.com\/wp-content\/uploads\/2021\/11\/\u5fae\u4fe1\u56fe\u7247_20210111140404-720x540.jpg 720w, https:\/\/www.agriculture-machine.com\/wp-content\/uploads\/2021\/11\/\u5fae\u4fe1\u56fe\u7247_20210111140404-360x270.jpg 360w, https:\/\/www.agriculture-machine.com\/wp-content\/uploads\/2021\/11\/\u5fae\u4fe1\u56fe\u7247_20210111140404-240x180.jpg 240w, https:\/\/www.agriculture-machine.com\/wp-content\/uploads\/2021\/11\/\u5fae\u4fe1\u56fe\u7247_20210111140404-768x576.jpg 768w, https:\/\/www.agriculture-machine.com\/wp-content\/uploads\/2021\/11\/\u5fae\u4fe1\u56fe\u7247_20210111140404-1536x1152.jpg 1536w, https:\/\/www.agriculture-machine.com\/wp-content\/uploads\/2021\/11\/\u5fae\u4fe1\u56fe\u7247_20210111140404-2048x1536.jpg 2048w\" sizes=\"auto, (max-width: 720px) 100vw, 720px\" \/><\/figure><\/li><li class=\"blocks-gallery-item\"><figure><img loading=\"lazy\" decoding=\"async\" width=\"405\" height=\"540\" src=\"https:\/\/www.agriculture-machine.com\/wp-content\/uploads\/2021\/11\/\u5fae\u4fe1\u56fe\u7247_20210111140314-405x540.jpg?v=1636712725\" alt=\"\" data-id=\"12118\" data-link=\"https:\/\/www.agriculture-machine.com\/?attachment_id=12118\" class=\"wp-image-12118\" srcset=\"https:\/\/www.agriculture-machine.com\/wp-content\/uploads\/2021\/11\/\u5fae\u4fe1\u56fe\u7247_20210111140314-405x540.jpg 405w, https:\/\/www.agriculture-machine.com\/wp-content\/uploads\/2021\/11\/\u5fae\u4fe1\u56fe\u7247_20210111140314-203x270.jpg 203w, https:\/\/www.agriculture-machine.com\/wp-content\/uploads\/2021\/11\/\u5fae\u4fe1\u56fe\u7247_20210111140314-768x1024.jpg 768w, https:\/\/www.agriculture-machine.com\/wp-content\/uploads\/2021\/11\/\u5fae\u4fe1\u56fe\u7247_20210111140314-1152x1536.jpg 1152w, https:\/\/www.agriculture-machine.com\/wp-content\/uploads\/2021\/11\/\u5fae\u4fe1\u56fe\u7247_20210111140314-1536x2048.jpg 1536w, https:\/\/www.agriculture-machine.com\/wp-content\/uploads\/2021\/11\/\u5fae\u4fe1\u56fe\u7247_20210111140314-scaled.jpg 1920w\" sizes=\"auto, (max-width: 405px) 100vw, 405px\" \/><\/figure><\/li><li class=\"blocks-gallery-item\"><figure><img loading=\"lazy\" decoding=\"async\" width=\"405\" height=\"540\" src=\"https:\/\/www.agriculture-machine.com\/wp-content\/uploads\/2021\/11\/\u5fae\u4fe1\u56fe\u7247_202101111403145-405x540.jpg?v=1636712766\" alt=\"\" data-id=\"12119\" data-link=\"https:\/\/www.agriculture-machine.com\/?attachment_id=12119\" class=\"wp-image-12119\" srcset=\"https:\/\/www.agriculture-machine.com\/wp-content\/uploads\/2021\/11\/\u5fae\u4fe1\u56fe\u7247_202101111403145-405x540.jpg 405w, https:\/\/www.agriculture-machine.com\/wp-content\/uploads\/2021\/11\/\u5fae\u4fe1\u56fe\u7247_202101111403145-203x270.jpg 203w, https:\/\/www.agriculture-machine.com\/wp-content\/uploads\/2021\/11\/\u5fae\u4fe1\u56fe\u7247_202101111403145-768x1024.jpg 768w, https:\/\/www.agriculture-machine.com\/wp-content\/uploads\/2021\/11\/\u5fae\u4fe1\u56fe\u7247_202101111403145-1152x1536.jpg 1152w, https:\/\/www.agriculture-machine.com\/wp-content\/uploads\/2021\/11\/\u5fae\u4fe1\u56fe\u7247_202101111403145-1536x2048.jpg 1536w, https:\/\/www.agriculture-machine.com\/wp-content\/uploads\/2021\/11\/\u5fae\u4fe1\u56fe\u7247_202101111403145-scaled.jpg 1920w\" sizes=\"auto, (max-width: 405px) 100vw, 405px\" \/><\/figure><\/li><li class=\"blocks-gallery-item\"><figure><img loading=\"lazy\" decoding=\"async\" width=\"720\" height=\"540\" src=\"https:\/\/www.agriculture-machine.com\/wp-content\/uploads\/2021\/11\/\u5fae\u4fe1\u56fe\u7247_20210111140109-720x540.jpg?v=1636712791\" alt=\"\" data-id=\"12120\" data-link=\"https:\/\/www.agriculture-machine.com\/?attachment_id=12120\" class=\"wp-image-12120\" srcset=\"https:\/\/www.agriculture-machine.com\/wp-content\/uploads\/2021\/11\/\u5fae\u4fe1\u56fe\u7247_20210111140109-720x540.jpg 720w, https:\/\/www.agriculture-machine.com\/wp-content\/uploads\/2021\/11\/\u5fae\u4fe1\u56fe\u7247_20210111140109-360x270.jpg 360w, https:\/\/www.agriculture-machine.com\/wp-content\/uploads\/2021\/11\/\u5fae\u4fe1\u56fe\u7247_20210111140109-240x180.jpg 240w, https:\/\/www.agriculture-machine.com\/wp-content\/uploads\/2021\/11\/\u5fae\u4fe1\u56fe\u7247_20210111140109-768x576.jpg 768w, https:\/\/www.agriculture-machine.com\/wp-content\/uploads\/2021\/11\/\u5fae\u4fe1\u56fe\u7247_20210111140109-1536x1152.jpg 1536w, https:\/\/www.agriculture-machine.com\/wp-content\/uploads\/2021\/11\/\u5fae\u4fe1\u56fe\u7247_20210111140109-2048x1536.jpg 2048w\" sizes=\"auto, (max-width: 720px) 100vw, 720px\" \/><\/figure><\/li><li class=\"blocks-gallery-item\"><figure><img loading=\"lazy\" decoding=\"async\" width=\"720\" height=\"540\" src=\"https:\/\/www.agriculture-machine.com\/wp-content\/uploads\/2021\/11\/\u5fae\u4fe1\u56fe\u7247_202012281038235-1-720x540.jpg?v=1636712819\" alt=\"\" data-id=\"12122\" data-link=\"https:\/\/www.agriculture-machine.com\/?attachment_id=12122\" class=\"wp-image-12122\" srcset=\"https:\/\/www.agriculture-machine.com\/wp-content\/uploads\/2021\/11\/\u5fae\u4fe1\u56fe\u7247_202012281038235-1-720x540.jpg 720w, https:\/\/www.agriculture-machine.com\/wp-content\/uploads\/2021\/11\/\u5fae\u4fe1\u56fe\u7247_202012281038235-1-360x270.jpg 360w, https:\/\/www.agriculture-machine.com\/wp-content\/uploads\/2021\/11\/\u5fae\u4fe1\u56fe\u7247_202012281038235-1-240x180.jpg 240w, https:\/\/www.agriculture-machine.com\/wp-content\/uploads\/2021\/11\/\u5fae\u4fe1\u56fe\u7247_202012281038235-1-768x576.jpg 768w, https:\/\/www.agriculture-machine.com\/wp-content\/uploads\/2021\/11\/\u5fae\u4fe1\u56fe\u7247_202012281038235-1.jpg 1440w\" sizes=\"auto, (max-width: 720px) 100vw, 720px\" \/><\/figure><\/li><li class=\"blocks-gallery-item\"><figure><img loading=\"lazy\" decoding=\"async\" width=\"249\" height=\"540\" src=\"https:\/\/www.agriculture-machine.com\/wp-content\/uploads\/2021\/11\/\u5fae\u4fe1\u56fe\u7247_202101111401094-249x540.jpg?v=1636712835\" alt=\"\" data-id=\"12123\" data-full-url=\"https:\/\/www.agriculture-machine.com\/wp-content\/uploads\/2021\/11\/\u5fae\u4fe1\u56fe\u7247_202101111401094.jpg?v=1636712835\" data-link=\"https:\/\/www.agriculture-machine.com\/?attachment_id=12123\" class=\"wp-image-12123\" srcset=\"https:\/\/www.agriculture-machine.com\/wp-content\/uploads\/2021\/11\/\u5fae\u4fe1\u56fe\u7247_202101111401094-249x540.jpg 249w, https:\/\/www.agriculture-machine.com\/wp-content\/uploads\/2021\/11\/\u5fae\u4fe1\u56fe\u7247_202101111401094-125x270.jpg 125w, https:\/\/www.agriculture-machine.com\/wp-content\/uploads\/2021\/11\/\u5fae\u4fe1\u56fe\u7247_202101111401094-768x1662.jpg 768w, https:\/\/www.agriculture-machine.com\/wp-content\/uploads\/2021\/11\/\u5fae\u4fe1\u56fe\u7247_202101111401094-710x1536.jpg 710w, https:\/\/www.agriculture-machine.com\/wp-content\/uploads\/2021\/11\/\u5fae\u4fe1\u56fe\u7247_202101111401094.jpg 887w\" sizes=\"auto, (max-width: 249px) 100vw, 249px\" \/><\/figure><\/li><\/ul><\/figure>    <h2 class=\"wp-block-heading\">El principio de funcionamiento del sembrador de gasolina al por mayor <\/h2>    <p>En el control preciso del n\u00famero de semillas mediante el sistema de control de siembra de la m\u00e1quina, seg\u00fan la cantidad al sembrar, la m\u00e1quina determina la distancia y descarga las semillas individuales relativamente regulares en la capa de suelo con un mejor ambiente para las pl\u00e1ntulas. El espaciamiento entre las pl\u00e1ntulas es razonable, y se reduce el trabajo de arrodillarse y adelgazar manualmente. La eficiencia de siembra es m\u00e1s de 15 veces mayor que la de la siembra manual.<\/p>    <p><\/p>    <h2 class=\"wp-block-heading\">Video de funcionamiento de la plantadora de verduras manual de gasolina<\/h2>    <figure class=\"wp-block-embed is-type-video is-provider-youtube wp-block-embed-youtube wp-embed-aspect-16-9 wp-has-aspect-ratio\"><div class=\"wp-block-embed__wrapper\"> <iframe loading=\"lazy\" title=\"Plantadora de verduras autopropulsada de gasolina \/ sembradora de seis filas\" width=\"500\" height=\"281\" src=\"https:\/\/www.youtube.com\/embed\/xFGatr9bXmw?feature=oembed\" frameborder=\"0\" allow=\"accelerometer; autoplay; clipboard-write; encrypted-media; gyroscope; picture-in-picture; web-share\" referrerpolicy=\"strict-origin-when-cross-origin\" allowfullscreen><\/iframe> <\/div><figcaption>Video de funcionamiento de la plantadora manual de verduras de gasolina <\/figcaption><\/figure>    <h2 class=\"wp-block-heading\">Ventajas de la plantadora manual de verduras autopropulsada de gasolina<\/h2>    <p>La siembra (espaciado entre filas, espaciado entre plantas, profundidad de siembra, varias semillas por hoyo) es controlable. Y esta m\u00e1quina puede completar zanjas, siembra, cobertura de tierra y presi\u00f3n de explosi\u00f3n en una sola operaci\u00f3n, lo que ahorra mucho trabajo.<\/p>    <p class=\"translation-block\"><strong>Caracter\u00edsticas:<\/strong><\/p>    <ol class=\"wp-block-list\"><li>La plantadora autopropulsada es adecuada para operaciones en grandes \u00e1reas.<\/li><\/ol>    <p>2. Es mejor la siembra intensiva de semillas peque\u00f1as.<\/p>    <p>3. La operaci\u00f3n es sencilla y la vuelta es h\u00e1bil.<\/p>    <p>4. La rueda de siembra hecha de material de aluminio no genera electricidad est\u00e1tica y no se adhiere a las semillas. Tiene alta suavidad, siembra precisa y una alta tasa de siembra.<\/p>    <p>5. M\u00e9todo de siembra: tipo de rueda de siembra, ensamblaje libre, desmontable para aumentar o disminuir el n\u00famero de filas.<\/p>    <p>6. La rueda de compactaci\u00f3n est\u00e1 dise\u00f1ada para suelos no pegajosos para reducir la resistencia, y la siembra con ruedas delanteras y traseras es m\u00e1s ahorradora de trabajo.<\/p>    <p>7. Ambos lados est\u00e1n equipados con ruedas de goma m\u00f3viles, lo que facilita que la plantadora se mueva al almac\u00e9n cuando no est\u00e1 en funcionamiento.<\/p>    <h2 class=\"wp-block-heading\">C\u00f3mo mantener una plantadora de verduras autopropulsada de gasolina<\/h2>    <p>1. Eliminaci\u00f3n de la tierra en todas las partes de la m\u00e1quina de verduras autopropulsada de gasolina.<\/p>    <p>2. Retire las semillas del caj\u00f3n de fertilizante.<\/p>    <p>3. Verifique si la plantadora tiene partes da\u00f1adas y desgastadas, reemplace o repare si es necesario. Si hay pintura descascarada, repinte la pintura.<\/p>    <p>4. Despu\u00e9s de que la plantadora haya estado almacenada durante un largo per\u00edodo, antes de plantar en la pr\u00f3xima temporada, realiza mantenimiento y reparaci\u00f3n de la m\u00e1quina con anticipaci\u00f3n para mantener el equipo en buenas condiciones t\u00e9cnicas.<\/p>    <figure class=\"wp-block-image size-large\"><img loading=\"lazy\" decoding=\"async\" width=\"720\" height=\"540\" src=\"https:\/\/www.agriculture-machine.com\/wp-content\/uploads\/2021\/11\/\u5fae\u4fe1\u56fe\u7247_202101111403146-720x540.jpg?v=1636713138\" alt=\"\" class=\"wp-image-12125\" srcset=\"https:\/\/www.agriculture-machine.com\/wp-content\/uploads\/2021\/11\/\u5fae\u4fe1\u56fe\u7247_202101111403146-720x540.jpg 720w, https:\/\/www.agriculture-machine.com\/wp-content\/uploads\/2021\/11\/\u5fae\u4fe1\u56fe\u7247_202101111403146-360x270.jpg 360w, https:\/\/www.agriculture-machine.com\/wp-content\/uploads\/2021\/11\/\u5fae\u4fe1\u56fe\u7247_202101111403146-240x180.jpg 240w, https:\/\/www.agriculture-machine.com\/wp-content\/uploads\/2021\/11\/\u5fae\u4fe1\u56fe\u7247_202101111403146-768x576.jpg 768w, https:\/\/www.agriculture-machine.com\/wp-content\/uploads\/2021\/11\/\u5fae\u4fe1\u56fe\u7247_202101111403146-1536x1152.jpg 1536w, https:\/\/www.agriculture-machine.com\/wp-content\/uploads\/2021\/11\/\u5fae\u4fe1\u56fe\u7247_202101111403146-2048x1536.jpg 2048w\" sizes=\"auto, (max-width: 720px) 100vw, 720px\" \/><\/figure>    <h2 class=\"wp-block-heading\">Precauciones para el uso de sembradora manual de verduras de gasolina<\/h2>    <ol class=\"wp-block-list\"><li>Almacenar la sembradora manual de gasolina en un almac\u00e9n o cobertizo seco y ventilado. Evitar almacenarla al aire libre.<\/li><\/ol>    <p>2. Al almacenar, apoya firmemente el bastidor. Y coloca el abrelatas y la cubierta con placas, y no toques directamente el suelo. La primavera de compresi\u00f3n en el abrelatas debe estar relajada y mantenerse en estado libre.<\/p>    <p>3. Despu\u00e9s de limpiar las partes de trabajo del suelo (como los abrelatas), aplica mantequilla o aceite de motor usado para evitar la oxidaci\u00f3n.<\/p>    <p>4. Est\u00e1 estrictamente prohibido ajustar, reparar y lubricar durante la operaci\u00f3n de siembra.<\/p>    <p>5. El operador debe observar el estado de operaci\u00f3n de la plantadora en cualquier momento durante la operaci\u00f3n. Y prestar especial atenci\u00f3n a si el dispositivo de medici\u00f3n de semillas est\u00e1 sembrando, si el tubo de semillas est\u00e1 bloqueado y si hay suficientes semillas en la caja de semillas.<\/p>    <p>6. Cuando se planten semillas mezcladas con pesticidas, los planters deben usar herramientas de protecci\u00f3n como guantes, m\u00e1scaras, gafas, etc.<\/p>    <p>7. Durante la operaci\u00f3n, se debe realizar mantenimiento de maquinaria y herramientas y limpieza de residuos cuando la unidad est\u00e9 estacionada y estabilizada.<\/p>","protected":false},"excerpt":{"rendered":"<p>The self-propelled vegetable planter is suitable for large-area operations. And this machine can complete ditching, seeding, soil covering, and burst pressure at one time. The machine has its own power, easy manual operation and high efficiency.<\/p>","protected":false},"author":1,"featured_media":12115,"parent":0,"comment_status":"closed","ping_status":"closed","template":"","tags":[492,484],"product-type":[885],"class_list":["post-12112","product","type-product","status-publish","has-post-thumbnail","hentry","tag-planter","tag-vegetable","product-type-vegetable-planter"],"_links":{"self":[{"href":"https:\/\/www.agriculture-machine.com\/es\/wp-json\/wp\/v2\/product\/12112","targetHints":{"allow":["GET"]}}],"collection":[{"href":"https:\/\/www.agriculture-machine.com\/es\/wp-json\/wp\/v2\/product"}],"about":[{"href":"https:\/\/www.agriculture-machine.com\/es\/wp-json\/wp\/v2\/types\/product"}],"author":[{"embeddable":true,"href":"https:\/\/www.agriculture-machine.com\/es\/wp-json\/wp\/v2\/users\/1"}],"replies":[{"embeddable":true,"href":"https:\/\/www.agriculture-machine.com\/es\/wp-json\/wp\/v2\/comments?post=12112"}],"wp:featuredmedia":[{"embeddable":true,"href":"https:\/\/www.agriculture-machine.com\/es\/wp-json\/wp\/v2\/media\/12115"}],"wp:attachment":[{"href":"https:\/\/www.agriculture-machine.com\/es\/wp-json\/wp\/v2\/media?parent=12112"}],"wp:term":[{"taxonomy":"post_tag","embeddable":true,"href":"https:\/\/www.agriculture-machine.com\/es\/wp-json\/wp\/v2\/tags?post=12112"},{"taxonomy":"product-type","embeddable":true,"href":"https:\/\/www.agriculture-machine.com\/es\/wp-json\/wp\/v2\/product-type?post=12112"}],"curies":[{"name":"wp","href":"https:\/\/api.w.org\/{rel}","templated":true}]}}