{"id":1235,"date":"2018-10-22T06:37:03","date_gmt":"2018-10-21T22:37:03","guid":{"rendered":"https:\/\/www.agriculture-machine.com\/?p=1235"},"modified":"2026-02-25T16:55:39","modified_gmt":"2026-02-25T08:55:39","slug":"8-rows-rice-transplanter","status":"publish","type":"product","link":"https:\/\/www.agriculture-machine.com\/es\/8-rows-rice-transplanter\/","title":{"rendered":"Transplantadora de arroz | M\u00e1quina de trasplante de arroz"},"content":{"rendered":"<h2 class=\"wp-block-heading\">Tipo uno: m\u00e1quina trasplantadora de arroz de 8 filas<\/h2>    <p>La trasplantadora de arroz de 8 filas tiene una gran ventaja de alta capacidad. Los clientes que tienen una granja o quieren dedicarse al negocio de trasplantes pueden elegir este modelo. La sembradora de arroz es adecuada para todo tipo de campos. La suspensi\u00f3n colgante puede ajustar la altura de la planta de arroz seg\u00fan diferentes campos. <\/p>    <p>El espacio de siembra se puede ajustar seg\u00fan los requisitos del cliente. La distancia de fila a fila es de aproximadamente 300 mm y la distancia de colina a colina es de 120-140 mm. Es impulsada por un motor di\u00e9sel 178F que proporciona m\u00e1s potencia a la m\u00e1quina.<\/p>    <h2 class=\"wp-block-heading\">Estructura de la trasplantadora de arroz de 8 filas<\/h2>    <p>La m\u00e1quina de trasplante de arroz de 8 filas consiste principalmente en un acoplamiento universal, cuadrado de acoplamiento universal, brazo de trasplante, agujas de siembra, cubierta trasera para la caja de cadena, correa de entrega, correa en V, pin de estilete, placa de siembra y eje de tornillo.<\/p>    <figure class=\"wp-block-gallery has-nested-images columns-1 is-cropped wp-block-gallery-2 is-layout-flex wp-block-gallery-is-layout-flex\"> <figure class=\"wp-block-image aligncenter size-large\"><img loading=\"lazy\" decoding=\"async\" width=\"523\" height=\"540\" data-id=\"2112\" src=\"https:\/\/www.agriculture-machine.com\/wp-content\/uploads\/2018\/10\/8-row-rice-transplanter2-1-523x540.jpg\" alt=\"trasplantadora de arroz de 8 filas2\" class=\"wp-image-2112\" srcset=\"https:\/\/www.agriculture-machine.com\/wp-content\/uploads\/2018\/10\/8-row-rice-transplanter2-1-523x540.jpg 523w, https:\/\/www.agriculture-machine.com\/wp-content\/uploads\/2018\/10\/8-row-rice-transplanter2-1-262x270.jpg 262w, https:\/\/www.agriculture-machine.com\/wp-content\/uploads\/2018\/10\/8-row-rice-transplanter2-1.jpg 750w\" sizes=\"auto, (max-width: 523px) 100vw, 523px\" \/><figcaption class=\"wp-element-caption\">trasplantadora de arroz de 8 filas2<\/figcaption><\/figure> <\/figure>    <h2 class=\"wp-block-heading\">Ventaja de nuestra trasplantadora<\/h2>    <ol class=\"wp-block-list\"> <li>Las sembradoras de arroz de 8 filas ahorran tiempo de trabajo, y dos personas pueden terminar todos los trabajos. Una conduce la m\u00e1quina y otra coloca las pl\u00e1ntulas de arroz.<\/li>    <li>La m\u00e1quina sembradora de pl\u00e1ntulas es muy f\u00e1cil de operar y tiene una larga vida \u00fatil.<\/li>    <li>La alta aplicabilidad puede asegurar el trabajo en barro dentro de 15-35 cm.<\/li>    <li>La m\u00e1quina es f\u00e1cil de mover incluso en el campo con agua.<\/li>    <li>Las pl\u00e1ntulas se pueden colocar en el suelo de manera vertical y ordenada.<\/li>    <li>La caja de pl\u00e1ntulas de acero inoxidable es duradera.<\/li> <\/ol>    <figure class=\"wp-block-gallery has-nested-images columns-1 is-cropped wp-block-gallery-3 is-layout-flex wp-block-gallery-is-layout-flex\"> <figure class=\"wp-block-image aligncenter size-large\"><img loading=\"lazy\" decoding=\"async\" width=\"379\" height=\"540\" data-id=\"2113\" src=\"https:\/\/www.agriculture-machine.com\/wp-content\/uploads\/2018\/10\/8-row-rice-transplanter3-1-379x540.jpg\" alt=\"Transplantador de arroz de 8 hileras3\" class=\"wp-image-2113\" srcset=\"https:\/\/www.agriculture-machine.com\/wp-content\/uploads\/2018\/10\/8-row-rice-transplanter3-1-379x540.jpg 379w, https:\/\/www.agriculture-machine.com\/wp-content\/uploads\/2018\/10\/8-row-rice-transplanter3-1-190x270.jpg 190w, https:\/\/www.agriculture-machine.com\/wp-content\/uploads\/2018\/10\/8-row-rice-transplanter3-1.jpg 750w\" sizes=\"auto, (max-width: 379px) 100vw, 379px\" \/><figcaption class=\"wp-element-caption\">Transplantador de arroz de 8 hileras3<\/figcaption><\/figure> <\/figure>    <h2 class=\"wp-block-heading\">Par\u00e1metros t\u00e9cnicos de este equipo<\/h2>    <figure class=\"wp-block-table is-style-stripes\"><table><tbody><tr><td>Modelo<\/td><td>CY-8<\/td><\/tr><tr><td>Modelo de motor di\u00e9sel<\/td><td>178F arranque manual<\/td><\/tr><tr><td>Salida del motor di\u00e9sel (KW\/HP)<\/td><td>4.05\/5.5<\/td><\/tr><tr><td>Velocidad de rotaci\u00f3n del motor di\u00e9sel (r\/min)<\/td><td>1800<\/td><\/tr><tr><td>N\u00famero de fila de trasplante<\/td><td>8<\/td><\/tr><tr><td>Distancia de fila a fila (mm)<\/td><td>238mm<\/td><\/tr><tr><td>Distancia de colina a colina (mm)<\/td><td>120\/140\/160\/190mm<\/td><\/tr><tr><td>Eficiencia de trasplante<\/td><td>0.5-0.75 acres\/H<\/td><\/tr><tr><td>Peso neto<\/td><td>410kg<\/td><\/tr><tr><td>Dimensi\u00f3n<\/td><td>2410*2165*1300mm<\/td><\/tr><tr><td>Peso bruto<\/td><td>460kg<\/td><\/tr><tr><td>Tama\u00f1o de embalaje<\/td><td>2810*1760*600mm<\/td><\/tr><\/tbody><\/table><figcaption class=\"wp-element-caption\">Datos t\u00e9cnicos de la m\u00e1quina de trasplante de arroz de 8 filas<\/figcaption><\/figure>    <h2 class=\"wp-block-heading\">Caracter\u00edsticas de la trasplantadora de arroz de 8 filas<\/h2>    <ol class=\"wp-block-list\"> <li>Ajustabilidad<br>El dispositivo hidr\u00e1ulico de la trasplantadora de arroz es importante, lo cual est\u00e1 determinado por la condici\u00f3n del suelo. Los operadores pueden ajustar la trasplantadora para que la estabilidad de la m\u00e1quina pueda mantener el ritmo con la frecuencia de trasplante.<\/li>    <li>La profundidad de inserci\u00f3n de las pl\u00e1ntulas es ajustable.<br>En general, el espaciado de las plantas necesita ajustarse seg\u00fan las necesidades del campo. Antes de trabajar, es necesario determinar la densidad de trasplante de arroz seg\u00fan el entorno de siembra local y las caracter\u00edsticas del arroz. De esta manera, la producci\u00f3n de arroz ser\u00e1 buena.<\/li>    <li>Rendimiento superior<br>Nuestra trasplantadora de arroz no solo puede mejorar la eficiencia de trabajo, sino tambi\u00e9n liberar a un gran n\u00famero de trabajadores y optimizar la estructura industrial rural.<\/li> <\/ol>    <figure class=\"wp-block-image alignnone size-full wp-image-2114\"><img loading=\"lazy\" decoding=\"async\" width=\"750\" height=\"853\" src=\"https:\/\/www.agriculture-machine.com\/wp-content\/uploads\/2018\/10\/8-row-rice-transplanter4-1.jpg\" alt=\"trasplantadora de arroz de 8 filas4\" class=\"wp-image-2114\" srcset=\"https:\/\/www.agriculture-machine.com\/wp-content\/uploads\/2018\/10\/8-row-rice-transplanter4-1.jpg 750w, https:\/\/www.agriculture-machine.com\/wp-content\/uploads\/2018\/10\/8-row-rice-transplanter4-1-237x270.jpg 237w, https:\/\/www.agriculture-machine.com\/wp-content\/uploads\/2018\/10\/8-row-rice-transplanter4-1-475x540.jpg 475w\" sizes=\"auto, (max-width: 750px) 100vw, 750px\" \/><figcaption class=\"wp-element-caption\">trasplantadora de arroz de 8 filas <\/figcaption><\/figure>    <h2 class=\"wp-block-heading\">Principio de funcionamiento de la trasplantadora de arroz de 8 filas<\/h2>    <ol class=\"wp-block-list\"> <li>Las pl\u00e1ntulas en estado regular se colocan ordenadamente en la caja y se mueven lateralmente.<\/li>    <li>Cuando la m\u00e1quina de trasplante de arroz trabaja, la aguja de trasplante se mueve hacia abajo. Cuando se mueve a la profundidad establecida, el tenedor de siembra empuja la pl\u00e1ntula fuera de la aguja y toma una cierta cantidad de pl\u00e1ntulas para insertarlas en el suelo.<\/li>    <li>Al mismo tiempo, el sistema hidr\u00e1ulico puede controlar la posici\u00f3n relativa de la placa flotante y la aguja de pl\u00e1ntula para mantener la profundidad de inserci\u00f3n consistente.<\/li>    <li>La trasplantadora realiza la misma acci\u00f3n para recoger pl\u00e1ntulas nuevamente.<\/li> <\/ol>    <h2 class=\"wp-block-heading\">Tipo dos: m\u00e1quina de trasplante de arroz de 6 filas<\/h2>    <p>Esta m\u00e1quina de trasplante de arroz de 6 filas es igual a la de 8 filas, equipada con alta eficiencia y combinada con un motor di\u00e9sel 178F. La profundidad de la m\u00e1quina sembradora de arroz puede ser variable, es decir, de 15 cm a 35 cm. <\/p>    <p>Tambi\u00e9n hay un asiento ajustable en la trasplantadora de arroz, que puede hacer que los usuarios se sientan c\u00f3modos. Los protectores de pl\u00e1ntulas pueden asegurar que las pl\u00e1ntulas se mantengan erguidas y ordenadas.<\/p>    <h2 class=\"wp-block-heading\"><span style=\"color: #000000;\">Par\u00e1metro t\u00e9cnico de la m\u00e1quina de trasplante de arroz de 6 filas<\/span><\/h2>    <figure class=\"wp-block-table is-style-stripes\"><table><tbody><tr><td>Modelo<\/td><td>CY-6<\/td><\/tr><tr><td>Modelo de motor di\u00e9sel<\/td><td>175F arranque manual<\/td><\/tr><tr><td>Salida del motor di\u00e9sel (kw\/HP)<\/td><td>3.72\/5.5<\/td><\/tr><tr><td>Velocidad de rotaci\u00f3n del motor di\u00e9sel (r\/min)<\/td><td>2600<\/td><\/tr><tr><td>N\u00famero de fila de trasplante<\/td><td>6<\/td><\/tr><tr><td>Distancia de fila a fila (mm)<\/td><td>300mm<\/td><\/tr><tr><td>Distancia de colina a colina (mm)<\/td><td>120\/140mm<\/td><\/tr><tr><td>Eficiencia de trasplante<\/td><td>0.35-0.5 acres\/H<\/td><\/tr><tr><td>Peso neto<\/td><td>300kg<\/td><\/tr><tr><td>Dimensi\u00f3n<\/td><td>2410*2132*1300mm<\/td><\/tr><tr><td>Peso bruto<\/td><td>360kg<\/td><\/tr><tr><td>Tama\u00f1o de embalaje<\/td><td>2250*1760*600mm<\/td><\/tr><\/tbody><\/table><figcaption class=\"wp-element-caption\">datos detallados de la trasplantadora de 6 filas<\/figcaption><\/figure>    <figure class=\"wp-block-image aligncenter wp-image-3004 size-full\"><img loading=\"lazy\" decoding=\"async\" width=\"500\" height=\"500\" src=\"https:\/\/www.agriculture-machine.com\/wp-content\/uploads\/2018\/10\/22.jpg\" alt=\"muestra de la m\u00e1quina\" class=\"wp-image-3004\" srcset=\"https:\/\/www.agriculture-machine.com\/wp-content\/uploads\/2018\/10\/22.jpg 500w, https:\/\/www.agriculture-machine.com\/wp-content\/uploads\/2018\/10\/22-270x270.jpg 270w\" sizes=\"auto, (max-width: 500px) 100vw, 500px\" \/><figcaption class=\"wp-element-caption\">muestra de la m\u00e1quina<\/figcaption><\/figure>    <figure class=\"wp-block-image aligncenter wp-image-3006 size-full\"><img loading=\"lazy\" decoding=\"async\" width=\"500\" height=\"500\" src=\"https:\/\/www.agriculture-machine.com\/wp-content\/uploads\/2018\/10\/44.jpg\" alt=\"descripci\u00f3n del producto\" class=\"wp-image-3006\" srcset=\"https:\/\/www.agriculture-machine.com\/wp-content\/uploads\/2018\/10\/44.jpg 500w, https:\/\/www.agriculture-machine.com\/wp-content\/uploads\/2018\/10\/44-270x270.jpg 270w\" sizes=\"auto, (max-width: 500px) 100vw, 500px\" \/><figcaption class=\"wp-element-caption\">descripci\u00f3n del producto<\/figcaption><\/figure>    <figure class=\"wp-block-image aligncenter wp-image-3009 size-full\"><img loading=\"lazy\" decoding=\"async\" width=\"500\" height=\"500\" src=\"https:\/\/www.agriculture-machine.com\/wp-content\/uploads\/2018\/10\/77.jpg\" alt=\"descripci\u00f3n del producto de la trasplantadora de arroz 2\" class=\"wp-image-3009\" srcset=\"https:\/\/www.agriculture-machine.com\/wp-content\/uploads\/2018\/10\/77.jpg 500w, https:\/\/www.agriculture-machine.com\/wp-content\/uploads\/2018\/10\/77-270x270.jpg 270w\" sizes=\"auto, (max-width: 500px) 100vw, 500px\" \/><figcaption class=\"wp-element-caption\">descripci\u00f3n del producto de la trasplantadora de arroz<\/figcaption><\/figure>    <h2 class=\"wp-block-heading\">Preguntas frecuentes<\/h2>   <div id=\"rank-math-faq\" class=\"rank-math-block\"> <div class=\"rank-math-list\"> <div id=\"faq-question-1706172907425\" class=\"rank-math-list-item\"> <h3 class=\"rank-math-question\">\u00bfSon ajustables el espaciado de las plantas y el espaciado de las filas?<\/h3> <div class=\"rank-math-answer\">  <p>El espaciado de las plantas puede ser 120\/140\/160\/190mm, y el espaciado de filas es 238mm.<\/p>  <\/div> <\/div> <div id=\"faq-question-1706172915468\" class=\"rank-math-list-item\"> <h3 class=\"rank-math-question\">\u00bfQu\u00e9 tal la eficiencia de trabajo de esta m\u00e1quina?<\/h3> <div class=\"rank-math-answer\">  <p>0.5-0.75 acres\/H.<\/p>  <\/div> <\/div> <div id=\"faq-question-1706172926072\" class=\"rank-math-list-item\"> <h3 class=\"rank-math-question\">\u00bfCu\u00e1ntas personas se necesitan al trabajar?<\/h3> <div class=\"rank-math-answer\">  <p>La profundidad de trasplante de las pl\u00e1ntulas la determina el agricultor seg\u00fan los requisitos locales.<br \/>M\u00e9todo de ajuste:<br \/>1. Afloje el alambre de acero de sujeci\u00f3n y gire la varilla de elevaci\u00f3n.<br \/>2. Girar la varilla en sentido horario resulta en una menor profundidad; girar en sentido antihorario resulta en una mayor profundidad.<br \/>3. Cuando se alcanza la profundidad de trasplante requerida, bloquee nuevamente la varilla de tornillo con el alambre de acero de sujeci\u00f3n.<\/p>  <\/div> <\/div> <\/div> <\/div>   <p class=\"translation-block\">Puedes abrir el siguiente enlace para ver los <em><strong><a href=\"https:\/\/www.agriculture-machine.com\/es\/walk-behind-rice-transplanter-rice-planting-machine\/\">otros tipos de trasplantadoras de arroz<\/a><\/strong><\/em>.<\/p>    <p>Si tiene alguna pregunta o desea saber m\u00e1s detalles sobre la m\u00e1quina, no dude en contactarnos. Estaremos pacientes para responder a su servicio y proporcionar la m\u00e1quina m\u00e1s adecuada.<\/p>","protected":false},"excerpt":{"rendered":"<p>La trasplantadora de arroz realiza una operaci\u00f3n de trasplante de arroz eficiente y precisa, lo que mejora efectivamente la productividad de la siembra de arroz.<\/p>","protected":false},"author":1,"featured_media":3038,"parent":0,"comment_status":"closed","ping_status":"closed","template":"","tags":[2607,151],"product-type":[914],"class_list":["post-1235","product","type-product","status-publish","has-post-thumbnail","hentry","tag-nursery","tag-transplanter","product-type-rice-transplanter"],"_links":{"self":[{"href":"https:\/\/www.agriculture-machine.com\/es\/wp-json\/wp\/v2\/product\/1235","targetHints":{"allow":["GET"]}}],"collection":[{"href":"https:\/\/www.agriculture-machine.com\/es\/wp-json\/wp\/v2\/product"}],"about":[{"href":"https:\/\/www.agriculture-machine.com\/es\/wp-json\/wp\/v2\/types\/product"}],"author":[{"embeddable":true,"href":"https:\/\/www.agriculture-machine.com\/es\/wp-json\/wp\/v2\/users\/1"}],"replies":[{"embeddable":true,"href":"https:\/\/www.agriculture-machine.com\/es\/wp-json\/wp\/v2\/comments?post=1235"}],"wp:featuredmedia":[{"embeddable":true,"href":"https:\/\/www.agriculture-machine.com\/es\/wp-json\/wp\/v2\/media\/3038"}],"wp:attachment":[{"href":"https:\/\/www.agriculture-machine.com\/es\/wp-json\/wp\/v2\/media?parent=1235"}],"wp:term":[{"taxonomy":"post_tag","embeddable":true,"href":"https:\/\/www.agriculture-machine.com\/es\/wp-json\/wp\/v2\/tags?post=1235"},{"taxonomy":"product-type","embeddable":true,"href":"https:\/\/www.agriculture-machine.com\/es\/wp-json\/wp\/v2\/product-type?post=1235"}],"curies":[{"name":"wp","href":"https:\/\/api.w.org\/{rel}","templated":true}]}}