{"id":1248,"date":"2018-10-22T07:08:52","date_gmt":"2018-10-21T23:08:52","guid":{"rendered":"https:\/\/www.agriculture-machine.com\/?p=1248"},"modified":"2024-03-19T14:19:52","modified_gmt":"2024-03-19T06:19:52","slug":"sprayer","status":"publish","type":"product","link":"https:\/\/www.agriculture-machine.com\/es\/sprayer\/","title":{"rendered":"Pulverizador de mochila \/ mejores drones \/ pulverizador de mochila en solitario"},"content":{"rendered":"<h2>Introducci\u00f3n del pulverizador de mochila:<\/h2> <p class=\"translation-block\"><a href=\"https:\/\/www.agriculture-machine.com\/es\/amazing-garden-sprayer-drones-in-agriculture-crop-spraying\/\"><strong>Pulverizador de mochila<\/strong><\/a> tiene una variedad de boquillas de repuesto para una amplia gama de aplicaciones. Puede usarse para \u00e1rboles frutales, cultivos, desinfecci\u00f3n de granjas, etc. Cuenta con un coj\u00edn de respaldo transpirable para proteger la espalda del operador. Este pulverizador de mochila con bater\u00eda puede eliminar eficazmente las plagas en la planta, mejorar el rendimiento de la granja y ahorrar tiempo de trabajo.<\/p> <p><center><\/center>&nbsp;<\/p> <p><center><img decoding=\"async\" style=\"width: 100%;\" src=\"https:\/\/www.agriculture-machine.com\/wp-content\/uploads\/2018\/10\/backpack-sprayer05.jpg\" alt=\"backpack-sprayer05\" \/><\/center><\/p> <h2>Ventajas del pulverizador de mochila<\/h2> <p class=\"translation-block\">1. This<a href=\"https:\/\/www.agriculture-machine.com\/es\/gasoline-engine-backpack-sprayer-best-garden-sprayer-spraying-pesticide\/\"> knapsack sprayer<\/a> combined with electric and manual operation can meet the requirements of small farms.<br \/> 2.Easy operation.You can use hand and press push handle if it is out of power,It\u2019s easy to operate<br \/> 3.There is a controllable switch,which will work immediately when you turn on.<br \/> 4.The amount of water mist is adjustable<\/p> <ol start=\"5\"> <li>La tasa de eliminaci\u00f3n es superior al 95%, lo que significa que la mayor\u00eda de las plagas pueden ser eliminadas.<\/li> <li>Este dron de pulverizaci\u00f3n de cultivos es ligero, lo que facilita su transporte durante la operaci\u00f3n.<\/li> <\/ol> <p><center><img decoding=\"async\" style=\"width: 100%;\" src=\"https:\/\/www.agriculture-machine.com\/wp-content\/uploads\/2018\/10\/backpack-sprayer06.jpg\" alt=\"backpack-sprayer06\" \/><\/center><\/p> <h2>\u00bfC\u00f3mo usar el pulverizador de mochila?<\/h2> <p class=\"translation-block\">1.Install the <strong><a href=\"https:\/\/www.agriculture-machine.com\/es\/gasoline-engine-backpack-sprayer-best-garden-sprayer-spraying-pesticide\/\">knapsack sprayer<\/a> <\/strong>parts correctly. Check the connection for leaking. When using, install the water spray firstly, then refill the medicine.<br \/> 2.Before filling the liquid in the tank, please be sure to turn off the switch to prevent the liquid from leaking out.<br \/> 3.The liquid should be filtered by the filter, and it can not exceed the safe water line<br \/> 4.Put the Backpack sprayer on the back, press up and down button to a certain pressure in the left hand (the number of compression is about 30 times\/min),<\/p> <p><center><img decoding=\"async\" style=\"width: 100%;\" src=\"https:\/\/www.agriculture-machine.com\/wp-content\/uploads\/2018\/10\/backpack-sprayer04.jpg\" alt=\"backpack-sprayer04\" \/><\/center><br \/> 5. La mano derecha sostiene el mango de la barra de pulverizaci\u00f3n para abrir el interruptor y balancear la barra de pulverizaci\u00f3n seg\u00fan la planta o \u00e1rea que se est\u00e9 rociando. Puedes ajustar el interruptor para que la boquilla roc\u00ede en diferentes direcciones.<br \/> 6. Cuando se llena el l\u00edquido por primera vez, la c\u00e1mara de aire y la barra de pulverizaci\u00f3n contienen agua limpia. Al mismo tiempo, la concentraci\u00f3n del l\u00edquido en los primeros 2 a 3 minutos es baja. Por lo tanto, es necesario prestar atenci\u00f3n a la pulverizaci\u00f3n para no afectar el efecto de rociado.<br \/> 7. Despu\u00e9s de completar el trabajo, el l\u00edquido residual en el barril debe vaciarse a tiempo y secarse posteriormente.<br \/> 8. Mientras tanto, verifica si hay agua en la c\u00e1mara de aire. El operador debe quitar la uni\u00f3n de agua y liberar el agua acumulada.<\/p> <p><center><img decoding=\"async\" style=\"width: 100%;\" src=\"https:\/\/www.agriculture-machine.com\/wp-content\/uploads\/2018\/10\/backpack-sprayer07.jpg\" alt=\"backpack-sprayer07\" \/><\/center><\/p> <h2>Preocupaci\u00f3n<\/h2> <p>1. El operador debe cumplir estrictamente con el uso de pesticidas seg\u00fan los procedimientos operativos.<br \/> 2. Si el pulverizador de mochila no se usa en un corto per\u00edodo, las piezas principales deben limpiarse y secarse, y almacenarse en un lugar fresco y seco.<br \/> 3. Debes agregar grasa a cada parte met\u00e1lica para prevenir la oxidaci\u00f3n si no se va a usar durante mucho tiempo,<\/p> <p><center><img decoding=\"async\" style=\"width: 100%;\" src=\"https:\/\/www.agriculture-machine.com\/wp-content\/uploads\/2018\/10\/backpack-sprayer08.jpg\" alt=\"backpack-sprayer08\" \/><\/center><\/p> <h2>Par\u00e1metros del pulverizador de mochila<\/h2> <div class=\"table-responsive\"> <table class=\"table table-striped\"> <tbody> <tr> <td width=\"120\">Nombre<\/td> <td width=\"478\">Pulverizador agr\u00edcola<\/td> <\/tr> <tr> <td width=\"120\">G.W.<\/td> <td width=\"478\">5.5KG<\/td> <\/tr> <tr> <td width=\"120\">Tama\u00f1o<\/td> <td width=\"478\">38*20*49cm<\/td> <\/tr> <tr> <td width=\"120\">Capacidad<\/td> <td width=\"478\">16L<\/td> <\/tr> <tr> <td width=\"120\">Material<\/td> <td width=\"478\">Tanque de PP<\/td> <\/tr> <tr> <td width=\"120\">Tipo de energ\u00eda<\/td> <td width=\"478\">El\u00e9ctrico \/ Manual \/ El\u00e9ctrico y Manual 2 en 1 1<\/td> <\/tr> <tr> <td width=\"120\">Logotipo<\/td> <td width=\"478\">Personalizado<\/td> <\/tr> <tr> <td width=\"120\">Longitud de la manguera<\/td> <td width=\"478\">Manguera de PVC de 1.3M<\/td> <\/tr> <tr> <td width=\"120\">Capacidad personalizada<\/td> <td width=\"478\">16L\/18L\/20L<\/td> <\/tr> <tr> <td width=\"120\">Presi\u00f3n<\/td> <td width=\"478\">0.15-0.4Mpa<\/td> <\/tr> <tr> <td width=\"120\">Lanza<\/td> <td width=\"478\">Lanza ajustable de acero inoxidable<\/td> <\/tr> <tr> <td width=\"120\">Boquilla<\/td> <td width=\"478\">Boquilla de ventilador, boquilla de 2 orificios, boquilla de 1 orificio, igual que la bolsa de piezas del pulverizador<\/td> <\/tr> <tr> <td width=\"120\">Bater\u00eda<\/td> <td width=\"478\">Bater\u00eda de plomo \u00e1cido de 12V8AH\/10AH\/12AH<\/td> <\/tr> <tr> <td width=\"120\">Bomba<\/td> <td width=\"478\">Bomba autom\u00e1tica\/Bomba de reflujo<\/td> <\/tr> <tr> <td width=\"120\">Cargador<\/td> <td width=\"478\">Entrada: 110V-240V AC  salida: 12V1.0A<\/p> <p>Entrada: 110V-240V AC  salida: 12V1.7A<\/td> <\/tr> <tr> <td rowspan=\"2\" width=\"120\">Tiempo de trabajo<\/td> <td width=\"478\">Despu\u00e9s de cargar durante 10 horas con una bater\u00eda de plomo \u00e1cido de 12V, 8Ah, puede funcionar durante 4-5 horas.<\/td> <\/tr> <tr> <td width=\"478\">Despu\u00e9s de cargar durante 10 horas con una bater\u00eda de plomo \u00e1cido de 12V, 10Ah, puede funcionar durante 6-7 horas.<\/td> <\/tr> <\/tbody> <\/table> <\/div> <p class=\"translation-block\"><img decoding=\"async\" style=\"width: 400px; float: left; margin-right: 10px;\" src=\"https:\/\/www.agriculture-machine.com\/wp-content\/uploads\/2018\/10\/backpack-sprayer01.jpg\" alt=\"backpack-sprayer01\" \/><img decoding=\"async\" style=\"width: 400px;\" src=\"https:\/\/www.agriculture-machine.com\/wp-content\/uploads\/2018\/10\/backpack-sprayer02.jpg\" alt=\"backpack-sprayer02\" \/><br \/> we also have <a href=\"https:\/\/www.agriculture-machine.com\/es\/amazing-garden-sprayer-drones-in-agriculture-crop-spraying\/\">drone sprayer<\/a> with higher capacity that is designed by advanced technology,please click the following link about this sprayer to get more information:<br \/> <a href=\"https:\/\/www.agriculture-machine.com\/es\/amazing-garden-sprayer-drones-in-agriculture-crop-spraying\/\">https:\/\/www.agriculture-machine.com\/agricultural-drone-sprayer-in-china\/<\/a><\/p> <h2>Caso de \u00e9xito del pulverizador de mochila<\/h2> <p class=\"translation-block\">En marzo de 2019, vendimos 200 conjuntos<a href=\"https:\/\/www.agriculture-machine.com\/es\/gasoline-engine-backpack-sprayer-best-garden-sprayer-spraying-pesticide\/\"><strong> pulverizador de mochila con bater\u00eda<\/strong> <\/a> a Ghana. El cliente visit\u00f3 primero nuestra f\u00e1brica para realizar una prueba, y luego negoci\u00f3 con nosotros los detalles del pulverizador. Despu\u00e9s de asegurar completamente la calidad del pulverizador de mochila con bater\u00eda, realiz\u00f3 un pedido importante, y las siguientes son las fotos del mismo.<\/p> <p><img loading=\"lazy\" decoding=\"async\" class=\"alignnone size-full wp-image-4051\" src=\"https:\/\/www.agriculture-machine.com\/wp-content\/uploads\/2018\/10\/garden-sprayer-6.jpg\" alt=\"\" width=\"750\" height=\"750\" srcset=\"https:\/\/www.agriculture-machine.com\/wp-content\/uploads\/2018\/10\/garden-sprayer-6.jpg 750w, https:\/\/www.agriculture-machine.com\/wp-content\/uploads\/2018\/10\/garden-sprayer-6-270x270.jpg 270w, https:\/\/www.agriculture-machine.com\/wp-content\/uploads\/2018\/10\/garden-sprayer-6-540x540.jpg 540w\" sizes=\"auto, (max-width: 750px) 100vw, 750px\" \/><\/p> <p><img loading=\"lazy\" decoding=\"async\" class=\"alignnone size-full wp-image-4048\" src=\"https:\/\/www.agriculture-machine.com\/wp-content\/uploads\/2018\/10\/garden-sprayer-3.jpg\" alt=\"\" width=\"750\" height=\"750\" srcset=\"https:\/\/www.agriculture-machine.com\/wp-content\/uploads\/2018\/10\/garden-sprayer-3.jpg 750w, https:\/\/www.agriculture-machine.com\/wp-content\/uploads\/2018\/10\/garden-sprayer-3-270x270.jpg 270w, https:\/\/www.agriculture-machine.com\/wp-content\/uploads\/2018\/10\/garden-sprayer-3-540x540.jpg 540w\" sizes=\"auto, (max-width: 750px) 100vw, 750px\" \/><\/p> <p><img loading=\"lazy\" decoding=\"async\" class=\"alignnone size-full wp-image-4047\" src=\"https:\/\/www.agriculture-machine.com\/wp-content\/uploads\/2018\/10\/garden-sprayer-2.jpg\" alt=\"\" width=\"750\" height=\"750\" srcset=\"https:\/\/www.agriculture-machine.com\/wp-content\/uploads\/2018\/10\/garden-sprayer-2.jpg 750w, https:\/\/www.agriculture-machine.com\/wp-content\/uploads\/2018\/10\/garden-sprayer-2-270x270.jpg 270w, https:\/\/www.agriculture-machine.com\/wp-content\/uploads\/2018\/10\/garden-sprayer-2-540x540.jpg 540w\" sizes=\"auto, (max-width: 750px) 100vw, 750px\" \/><\/p>","protected":false},"excerpt":{"rendered":"<p>Introduction of backpack sprayer: Backpack sprayer has a variety of replacement nozzles for a wide range of applications.It can be used for fruit trees, crops,farm disinfection,etc. there is breathable back cushion to protect the bac of operator\u00a0from damage.\u00a0This\u00a0battery backpack sprayer can effectively the pest on the plant, improving the farm yield and saving labor time. [&hellip;]<\/p>\n","protected":false},"author":1,"featured_media":2026,"parent":0,"comment_status":"open","ping_status":"open","template":"","tags":[136],"product-type":[920,1],"class_list":["post-1248","product","type-product","status-publish","has-post-thumbnail","hentry","tag-sprayer","product-type-drone-sprayer","product-type-other"],"_links":{"self":[{"href":"https:\/\/www.agriculture-machine.com\/es\/wp-json\/wp\/v2\/product\/1248","targetHints":{"allow":["GET"]}}],"collection":[{"href":"https:\/\/www.agriculture-machine.com\/es\/wp-json\/wp\/v2\/product"}],"about":[{"href":"https:\/\/www.agriculture-machine.com\/es\/wp-json\/wp\/v2\/types\/product"}],"author":[{"embeddable":true,"href":"https:\/\/www.agriculture-machine.com\/es\/wp-json\/wp\/v2\/users\/1"}],"replies":[{"embeddable":true,"href":"https:\/\/www.agriculture-machine.com\/es\/wp-json\/wp\/v2\/comments?post=1248"}],"wp:featuredmedia":[{"embeddable":true,"href":"https:\/\/www.agriculture-machine.com\/es\/wp-json\/wp\/v2\/media\/2026"}],"wp:attachment":[{"href":"https:\/\/www.agriculture-machine.com\/es\/wp-json\/wp\/v2\/media?parent=1248"}],"wp:term":[{"taxonomy":"post_tag","embeddable":true,"href":"https:\/\/www.agriculture-machine.com\/es\/wp-json\/wp\/v2\/tags?post=1248"},{"taxonomy":"product-type","embeddable":true,"href":"https:\/\/www.agriculture-machine.com\/es\/wp-json\/wp\/v2\/product-type?post=1248"}],"curies":[{"name":"wp","href":"https:\/\/api.w.org\/{rel}","templated":true}]}}