{"id":12621,"date":"2022-01-26T17:28:30","date_gmt":"2022-01-26T09:28:30","guid":{"rendered":"https:\/\/www.agriculture-machine.com\/?p=12621"},"modified":"2024-09-18T16:22:10","modified_gmt":"2024-09-18T08:22:10","slug":"4-row-peanut-groundnut-seed-planter-equipment","status":"publish","type":"product","link":"https:\/\/www.agriculture-machine.com\/es\/4-row-peanut-groundnut-seed-planter-equipment\/","title":{"rendered":"Equipo de sembradora de cacahuete de 4 filas"},"content":{"rendered":"<p>As one of the world&#8217;s oil crops, peanuts are cultivated in large areas all over the world by using peanut seed planter equipment. Nowadays, with the development of agricultural technology, people usually use peanut seed planter equipment instead of manpower. The use of peanut seed planter machines saves a lot of manpower and improves work efficiency. <\/p>    <p>A good peanut planter\u2019s function can improve the survival rate of peanuts and increase the yield of peanut planting. And now there are many different models and functions of groundnut seed planters on the market, which can meet people&#8217;s different needs.<\/p>    <figure class=\"wp-block-embed is-type-video is-provider-youtube wp-block-embed-youtube wp-embed-aspect-16-9 wp-has-aspect-ratio\"><div class=\"wp-block-embed__wrapper\"> <iframe loading=\"lazy\" title=\"Esta es la sembradora de semillas de man\u00ed de 4 filas multifunci\u00f3n\" width=\"500\" height=\"281\" src=\"https:\/\/www.youtube.com\/embed\/tW-xiob16FQ?feature=oembed\" frameborder=\"0\" allow=\"accelerometer; autoplay; clipboard-write; encrypted-media; gyroscope; picture-in-picture; web-share\" referrerpolicy=\"strict-origin-when-cross-origin\" allowfullscreen><\/iframe> <\/div><figcaption class=\"wp-element-caption\">Video de funcionamiento del equipo sembrador de cacahuetes<\/figcaption><\/figure>    <h2 class=\"wp-block-heading\" id=\"h-introduction-of-4-row-peanut-seed-planter\">Introducci\u00f3n de la sembradora de semillas de man\u00ed de 4 filas<\/h2>    <p>Con nuestra investigaci\u00f3n y desarrollo continuos de sembradoras de cacahuetes, ahora producimos m\u00e1quinas de siembra de cacahuetes de alta calidad de m\u00faltiples filas. Esta serie de equipos de sembradora de cacahuetes incluye 2 filas, 4 filas, 6 filas y 8 filas. <\/p>    <p>El resto de este art\u00edculo presenta principalmente la sembradora de cacahuetes modelo 2BH-4. Este modelo de sembradora de man\u00ed puede sembrar cuatro filas de cacahuetes. Adem\u00e1s de la funci\u00f3n de siembra. <\/p>    <p>La sembradora de cacahuetes de 4 filas tambi\u00e9n puede funcionar como fertilizaci\u00f3n, acolchado, siembra en surcos y siembra en tierra. As\u00ed, los clientes pueden elegir las funciones correspondientes seg\u00fan sus propias necesidades. <\/p>    <p class=\"translation-block\">La m\u00e1quina necesita trabajar con el tractor, y la conexi\u00f3n es mediante suspensi\u00f3n de tres puntos. La m\u00e1quina tiene una instalaci\u00f3n sencilla y operaci\u00f3n conveniente. Tambi\u00e9n disponemos de recolectores de cacahuetes, cosechadoras de cacahuetes y<a href=\"https:\/\/www.agriculture-machine.com\/es\/peanut-groundnut-shell-removing-machine\/\"> m\u00e1quina de descascarar cacahuetes<\/a>. La combinaci\u00f3n de las tres m\u00e1quinas puede mejorar en gran medida la eficiencia de producci\u00f3n y la mano de obra. Y las personas pueden elegir diferentes m\u00e1quinas seg\u00fan sus necesidades.<\/p>    <figure class=\"wp-block-gallery has-nested-images columns-default is-cropped wp-block-gallery-2 is-layout-flex wp-block-gallery-is-layout-flex\"> <figure class=\"wp-block-image size-large\"><img loading=\"lazy\" decoding=\"async\" width=\"720\" height=\"540\" data-id=\"12630\" src=\"https:\/\/www.agriculture-machine.com\/wp-content\/uploads\/2022\/01\/3.jpg\" alt=\"Equipo sembrador de cacahuetes de 4 filas frontal\" class=\"wp-image-12630\" srcset=\"https:\/\/www.agriculture-machine.com\/wp-content\/uploads\/2022\/01\/3.jpg 720w, https:\/\/www.agriculture-machine.com\/wp-content\/uploads\/2022\/01\/3-360x270.jpg 360w, https:\/\/www.agriculture-machine.com\/wp-content\/uploads\/2022\/01\/3-240x180.jpg 240w\" sizes=\"auto, (max-width: 720px) 100vw, 720px\" \/><figcaption class=\"wp-element-caption\">Equipo sembrador de cacahuetes de 4 filas frontal<\/figcaption><\/figure>    <figure class=\"wp-block-image size-large\"><img loading=\"lazy\" decoding=\"async\" width=\"720\" height=\"540\" data-id=\"12631\" src=\"https:\/\/www.agriculture-machine.com\/wp-content\/uploads\/2022\/01\/4.jpg\" alt=\"\" class=\"wp-image-12631\" srcset=\"https:\/\/www.agriculture-machine.com\/wp-content\/uploads\/2022\/01\/4.jpg 720w, https:\/\/www.agriculture-machine.com\/wp-content\/uploads\/2022\/01\/4-360x270.jpg 360w, https:\/\/www.agriculture-machine.com\/wp-content\/uploads\/2022\/01\/4-240x180.jpg 240w\" sizes=\"auto, (max-width: 720px) 100vw, 720px\" \/><figcaption class=\"wp-element-caption\"> sembradora de cacahuetes de 4 filas lateral  <\/figcaption><\/figure> <figcaption class=\"blocks-gallery-caption wp-element-caption\"> Sembradora de cacahuetes de 4 filas <\/figcaption><\/figure>    <h2 class=\"wp-block-heading\">Estructura de la sembradora de cacahuetes de 4 filas<\/h2>    <p>La sembradora de man\u00ed de 4 filas tiene las partes principales de un marco, caja de fertilizante, caja de semillas, sistema de control de siembra, dispositivo de formaci\u00f3n de surcos (rueda de siembra en tierra) y excavador.<\/p>    <figure class=\"wp-block-image aligncenter size-full\"><img loading=\"lazy\" decoding=\"async\" width=\"720\" height=\"540\" src=\"https:\/\/www.agriculture-machine.com\/wp-content\/uploads\/2022\/01\/2.jpg\" alt=\"Estructura de la sembradora de cacahuetes de 4 filas\" class=\"wp-image-12632\" title=\"Estructura de la sembradora de cacahuetes de 4 filas\" srcset=\"https:\/\/www.agriculture-machine.com\/wp-content\/uploads\/2022\/01\/2.jpg 720w, https:\/\/www.agriculture-machine.com\/wp-content\/uploads\/2022\/01\/2-360x270.jpg 360w, https:\/\/www.agriculture-machine.com\/wp-content\/uploads\/2022\/01\/2-240x180.jpg 240w\" sizes=\"auto, (max-width: 720px) 100vw, 720px\" \/><figcaption class=\"wp-element-caption\"> Estructura de la sembradora de cacahuetes de 4 filas <\/figcaption><\/figure>    <h2 class=\"wp-block-heading\">Principio de funcionamiento del equipo sembrador de cacahuetes<\/h2>    <ol class=\"wp-block-list\"> <li>Al operar la sembradora de cacahuetes, la cantidad de semillas se controla con precisi\u00f3n mediante el sistema de control de siembra. Esto puede garantizar que las semillas se coloquen de manera regular en la capa de suelo.<\/li>    <li>El excavador de la sembradora de cacahuetes excava la capa de suelo y aplica fertilizante al suelo. Esta acci\u00f3n har\u00e1 que la distancia de emergencia natural de la siembra. Adem\u00e1s, reduce la necesidad de eliminar manualmente los brotes de cacahuete adicionales y mejora la eficiencia del trabajo.<\/li>    <li>La sembradora de cacahuetes puede completar en una sola operaci\u00f3n la fertilizaci\u00f3n, la siembra, la pulverizaci\u00f3n, el acolchado y la formaci\u00f3n de surcos.<\/li> <\/ol>    <h2 class=\"wp-block-heading\">Video de trabajo de la sembradora de 4 filas de cacahuetes<\/h2>    <figure class=\"wp-block-embed is-type-video is-provider-youtube wp-block-embed-youtube wp-embed-aspect-16-9 wp-has-aspect-ratio\"><div class=\"wp-block-embed__wrapper\"> <iframe loading=\"lazy\" title=\"M\u00e1quina de siembra de cacahuetes \/ sembradora de cacahuetes \/ sembradora de 4 filas de cacahuetes\" width=\"500\" height=\"281\" src=\"https:\/\/www.youtube.com\/embed\/g6o8jZJtyzg?feature=oembed\" frameborder=\"0\" allow=\"accelerometer; autoplay; clipboard-write; encrypted-media; gyroscope; picture-in-picture; web-share\" referrerpolicy=\"strict-origin-when-cross-origin\" allowfullscreen><\/iframe> <\/div><figcaption class=\"wp-element-caption\"> Video de trabajo de la sembradora de 4 filas de cacahuetes <\/figcaption><\/figure>    <h2 class=\"wp-block-heading\">Par\u00e1metro de la sembradora de semillas de man\u00ed<\/h2>    <figure class=\"wp-block-table is-style-stripes\"><table><tbody><tr><td>Modelo<\/td><td>2BH-4<\/td><\/tr><tr><td>Espacio entre filas<\/td><td>23,48cm<\/td><\/tr><tr><td>Fila<\/td><td>4 filas<\/td><\/tr><tr><td>Potencia<\/td><td>22-36kw<\/td><\/tr><tr><td>Ancho de trabajo<\/td><td>1420mm<\/td><\/tr><tr><td>Di\u00e1metro de la rueda de tierra<\/td><td>40cm<\/td><\/tr><\/tbody><\/table><figcaption class=\"wp-element-caption\"> Par\u00e1metro de la sembradora de semillas de man\u00ed <\/figcaption><\/figure>    <h2 class=\"wp-block-heading\">\u00bfPor qu\u00e9 elegir nuestra sembradora de cacahuetes?<\/h2>    <ol class=\"wp-block-list\"> <li>Los tornillos superiores de la sembradora de cacahuetes son todos tornillos de alta resistencia con una clasificaci\u00f3n de rendimiento de 8.8.<\/li>    <li>Esta serie de m\u00e1quinas sembradoras de cacahuetes est\u00e1 equipada con un surco frontal, un primer surco y luego siembra. Esto garantiza una profundidad de semilla constante, una germinaci\u00f3n r\u00e1pida, altas tasas de germinaci\u00f3n y mayores rendimientos promedio.<\/li>    <li>El di\u00e1metro de la rueda de tierra se incrementa en 480mm, por lo que la altura de toda la m\u00e1quina sembradora de cacahuetes es 50mm mayor que antes. Comparado con la rueda de tierra peque\u00f1a tradicional, no es f\u00e1cil de congestionar y tiene mayor pasabilidad.<\/li>    <li>El dispositivo de medici\u00f3n de semillas de doble fila puede reducir eficazmente la congesti\u00f3n y es adecuado para la siembra directa despu\u00e9s de la cosecha de trigo.<\/li>    <li>Investigaci\u00f3n y desarrollo cooperativo del dispositivo de medici\u00f3n de semillas que es m\u00e1s preciso. As\u00ed, las semillas tienen granos uniformes, menos semillas podridas y un espaciamiento de plantas m\u00e1s seguro.<\/li>    <li>Podemos ajustar el ancho del surco en 60-70cm, lo que puede adaptarse a diferentes condiciones locales. Por lo tanto, la sembradora de semillas de cacahuete tiene un rango de aplicaci\u00f3n m\u00e1s amplio.<\/li> <\/ol>    <p>Si est\u00e1 interesado en nuestro equipo sembrador de cacahuetes o desea obtener m\u00e1s detalles, no dude en contactar con nuestro equipo de ventas. Nos comprometemos a ofrecer soluciones de maquinaria agr\u00edcola eficientes y confiables para facilitar y hacer m\u00e1s agradable su trabajo agr\u00edcola.<\/p>","protected":false},"excerpt":{"rendered":"<p>Este art\u00edculo trata sobre el equipo sembrador de semillas de cacahuete de 4 filas, que puede completar en una sola operaci\u00f3n el excavado, la fertilizaci\u00f3n, la siembra y la cobertura del suelo. <\/p>","protected":false},"author":1,"featured_media":12629,"parent":0,"comment_status":"closed","ping_status":"closed","template":"","tags":[797,492],"product-type":[884,870],"class_list":["post-12621","product","type-product","status-publish","has-post-thumbnail","hentry","tag-peanut","tag-planter","product-type-peanut-planter","product-type-planter"],"_links":{"self":[{"href":"https:\/\/www.agriculture-machine.com\/es\/wp-json\/wp\/v2\/product\/12621","targetHints":{"allow":["GET"]}}],"collection":[{"href":"https:\/\/www.agriculture-machine.com\/es\/wp-json\/wp\/v2\/product"}],"about":[{"href":"https:\/\/www.agriculture-machine.com\/es\/wp-json\/wp\/v2\/types\/product"}],"author":[{"embeddable":true,"href":"https:\/\/www.agriculture-machine.com\/es\/wp-json\/wp\/v2\/users\/1"}],"replies":[{"embeddable":true,"href":"https:\/\/www.agriculture-machine.com\/es\/wp-json\/wp\/v2\/comments?post=12621"}],"wp:featuredmedia":[{"embeddable":true,"href":"https:\/\/www.agriculture-machine.com\/es\/wp-json\/wp\/v2\/media\/12629"}],"wp:attachment":[{"href":"https:\/\/www.agriculture-machine.com\/es\/wp-json\/wp\/v2\/media?parent=12621"}],"wp:term":[{"taxonomy":"post_tag","embeddable":true,"href":"https:\/\/www.agriculture-machine.com\/es\/wp-json\/wp\/v2\/tags?post=12621"},{"taxonomy":"product-type","embeddable":true,"href":"https:\/\/www.agriculture-machine.com\/es\/wp-json\/wp\/v2\/product-type?post=12621"}],"curies":[{"name":"wp","href":"https:\/\/api.w.org\/{rel}","templated":true}]}}