{"id":12636,"date":"2022-01-27T17:12:03","date_gmt":"2022-01-27T09:12:03","guid":{"rendered":"https:\/\/www.agriculture-machine.com\/?p=12636"},"modified":"2024-08-20T17:41:30","modified_gmt":"2024-08-20T09:41:30","slug":"peanut-picking-machine","status":"publish","type":"product","link":"https:\/\/www.agriculture-machine.com\/es\/peanut-picking-machine\/","title":{"rendered":"M\u00e1quina peque\u00f1a de recolecci\u00f3n de cacahuetes y groundnut"},"content":{"rendered":"<p>La peque\u00f1a cosechadora de cacahuete es un tipo de equipo mec\u00e1nico que puede recoger frutos autom\u00e1ticamente. El uso de este equipo puede ayudar a los agricultores o operadores a producir r\u00e1pidamente. La cosechadora de cacahuetes tiene la caracter\u00edstica de bajo consumo, buen efecto de recolecci\u00f3n de frutos y baja tasa de rotura.\u00a0<\/p>    <p>Este tipo de cosechadora de cacahuete es adecuada para uso dom\u00e9stico. Porque puede satisfacer las necesidades diarias de procesamiento de cacahuetes. Normalmente, antes de usar esta m\u00e1quina el cacahuete con tallo debe secarse durante unos dos d\u00edas.<\/p>    <figure class=\"wp-block-embed is-type-video is-provider-youtube wp-block-embed-youtube wp-embed-aspect-16-9 wp-has-aspect-ratio\"><div class=\"wp-block-embed__wrapper\"> <iframe loading=\"lazy\" title=\"recolectora de cacahuetes\/m\u00e1quina recolectora de cacahuetes\/retroalimentaci\u00f3n de Sri Lanka sobre la recolectora de cacahuetes\/m\u00e1quina eliminadora de cacahuetes\" width=\"500\" height=\"281\" src=\"https:\/\/www.youtube.com\/embed\/O1wqgGvVLIU?feature=oembed\" frameborder=\"0\" allow=\"accelerometer; autoplay; clipboard-write; encrypted-media; gyroscope; picture-in-picture; web-share\" referrerpolicy=\"strict-origin-when-cross-origin\" allowfullscreen><\/iframe> <\/div><figcaption class=\"wp-element-caption\">Video de funcionamiento de una peque\u00f1a cosechadora de cacahuete y man\u00ed<\/figcaption><\/figure>    <h2 class=\"wp-block-heading\" id=\"h-brief-introduction-of-small-peanut-picking-machine\">Breve introducci\u00f3n de la peque\u00f1a m\u00e1quina recolectora de cacahuetes<\/h2>    <p>Este art\u00edculo trata sobre una peque\u00f1a cosechadora de cacahuete. Tenemos dos tipos de cosechadoras de cacahuete. Uno es la peque\u00f1a cosechadora de cacahuete seca. Y otro es una gran cosechadora de cacahuetes. <\/p>    <p>El cacahuete de tama\u00f1o peque\u00f1o<\/p>    <p> el recogedor puede procesar 800-1000 kg de cacahuetes por hora. Al mismo tiempo, la tasa de recolecci\u00f3n de la cosechadora de cacahuete puede alcanzar el 99% y la tasa de rotura e impurezas es inferior al 1%. Adem\u00e1s, hay un ascensor con un gancho met\u00e1lico en la salida del cacahuete, puedes colgar una bolsa. Por lo que es conveniente para nosotros recoger los cacahuetes.<\/p>    <p class=\"translation-block\">La potencia de esta m\u00e1quina puede ser un motor el\u00e9ctrico o un motor di\u00e9sel. Al mismo tiempo, si lo necesitas podemos montar la base con ruedas, lo que facilita mover esta cosechadora de cacahuetes a todas partes. Adem\u00e1s de las cosechadoras de cacahuetes, tambi\u00e9n tenemos <a href=\"https:\/\/www.agriculture-machine.com\/es\/peanut-harvester\/\">m\u00e1quinas de cosecha de cacahuetes<\/a>. Y trabajar juntas con dos m\u00e1quinas puede mejorar mucho la eficiencia y la calidad del trabajo.<\/p>    <figure class=\"wp-block-image aligncenter size-full is-resized\"><img loading=\"lazy\" decoding=\"async\" width=\"720\" height=\"540\" src=\"https:\/\/www.agriculture-machine.com\/wp-content\/uploads\/2022\/01\/IMG_9124_\u526f\u672c.jpg\" alt=\"peque\u00f1a cosechadora de cacahuete\" class=\"wp-image-12641\" title=\"peque\u00f1a cosechadora de cacahuete\" srcset=\"https:\/\/www.agriculture-machine.com\/wp-content\/uploads\/2022\/01\/IMG_9124_\u526f\u672c.jpg 720w, https:\/\/www.agriculture-machine.com\/wp-content\/uploads\/2022\/01\/IMG_9124_\u526f\u672c-360x270.jpg 360w, https:\/\/www.agriculture-machine.com\/wp-content\/uploads\/2022\/01\/IMG_9124_\u526f\u672c-240x180.jpg 240w\" sizes=\"auto, (max-width: 720px) 100vw, 720px\" \/><figcaption class=\"wp-element-caption\">peque\u00f1a cosechadora de cacahuete<\/figcaption><\/figure>    <h2 class=\"wp-block-heading\" id=\"structure-of-the-groundnut-picking-machine\">Estructura de la peque\u00f1a cosechadora de cacahuete y man\u00ed<\/h2>    <p>Esta peque\u00f1a cosechadora de cacahuete principalmente tiene una entrada, sistema de recolecci\u00f3n de frutos, salida de impurezas grandes, salida de cacahuete, salidas de impurezas ligeras, elevador, ventilador y potencia.<\/p>    <figure class=\"wp-block-gallery has-nested-images columns-default is-cropped wp-block-gallery-2 is-layout-flex wp-block-gallery-is-layout-flex\"> <figure class=\"wp-block-image size-large\"><img loading=\"lazy\" decoding=\"async\" width=\"720\" height=\"540\" data-id=\"12643\" src=\"https:\/\/www.agriculture-machine.com\/wp-content\/uploads\/2022\/01\/1-1.jpg\" alt=\"estructura de la cosechadora de cacahuete\" class=\"wp-image-12643\" srcset=\"https:\/\/www.agriculture-machine.com\/wp-content\/uploads\/2022\/01\/1-1.jpg 720w, https:\/\/www.agriculture-machine.com\/wp-content\/uploads\/2022\/01\/1-1-360x270.jpg 360w, https:\/\/www.agriculture-machine.com\/wp-content\/uploads\/2022\/01\/1-1-240x180.jpg 240w\" sizes=\"auto, (max-width: 720px) 100vw, 720px\" \/><figcaption class=\"wp-element-caption\"> m\u00e1quina de recolecci\u00f3n de cacahuetes<\/figcaption><\/figure>    <figure class=\"wp-block-image size-large\"><img loading=\"lazy\" decoding=\"async\" width=\"720\" height=\"540\" data-id=\"12642\" src=\"https:\/\/www.agriculture-machine.com\/wp-content\/uploads\/2022\/01\/2-1.jpg\" alt=\"estructura de la cosechadora de cacahuete\" class=\"wp-image-12642\" title=\"estructura de la cosechadora de cacahuete\" srcset=\"https:\/\/www.agriculture-machine.com\/wp-content\/uploads\/2022\/01\/2-1.jpg 720w, https:\/\/www.agriculture-machine.com\/wp-content\/uploads\/2022\/01\/2-1-360x270.jpg 360w, https:\/\/www.agriculture-machine.com\/wp-content\/uploads\/2022\/01\/2-1-240x180.jpg 240w\" sizes=\"auto, (max-width: 720px) 100vw, 720px\" \/><figcaption class=\"wp-element-caption\">groundnut picking machine&#8217;s structure<\/figcaption><\/figure> <figcaption class=\"blocks-gallery-caption wp-element-caption\">peque\u00f1a cosechadora de cacahuete seca de cacahuete y man\u00ed<\/figcaption><\/figure>    <h2 class=\"wp-block-heading\" id=\"what-is-the-working-flow-of-the-peanut-picker-work\">\u00bfCu\u00e1l es el flujo de trabajo de la cosechadora de cacahuete?<\/h2>    <ol class=\"wp-block-list\"> <li>Necesitamos secar los cacahuetes durante dos d\u00edas antes de usar la m\u00e1quina.<\/li>    <li>Cuando use esta peque\u00f1a cosechadora de cacahuete, encienda la m\u00e1quina primero y ponga el cacahuete con tallo en la entrada de la m\u00e1quina.<\/li>    <li>El cacahuete entrar\u00e1 al sistema de recolecci\u00f3n. El sistema de recolecci\u00f3n separar\u00e1 el cacahuete del tallo y la hoja.<\/li>    <li>Luego el ventilador expulsar\u00e1 el tallo, la hoja y las grandes impurezas a trav\u00e9s de la salida de impurezas grande. Al mismo tiempo, el fruto y los tallos m\u00e1s pesados (en peque\u00f1as cantidades) caen en la pantalla de clasificaci\u00f3n.<\/li>    <li>A continuaci\u00f3n, el fruto y una peque\u00f1a cantidad de tallos, el bloque de barro sale por la salida de la pantalla de clasificaci\u00f3n. Los tallos y la tierra caen al suelo a trav\u00e9s de la criba inferior.<\/li>    <li>Finalmente, el fruto de cacahuete caer\u00e1 al elevador. Un elevador llevar\u00e1 el cacahuete a la bolsa que cuelga del elevador.<\/li> <\/ol>    <h2 class=\"wp-block-heading\" id=\"parameter-of-the-small-dry-peanut-picking-machine\">Par\u00e1metro de la peque\u00f1a cosechadora de cacahuete seca<\/h2>    <figure class=\"wp-block-table is-style-stripes\"><table><tbody><tr><td>Modelo<\/td><td>5HZ-600<\/td><\/tr><tr><td>Tama\u00f1o<\/td><td>1960*1500*1370mm<\/td><\/tr><tr><td>Peso<\/td><td>150Kg<\/td><\/tr><tr><td>Potencia<\/td><td>Motor de 7.5kw, motor di\u00e9sel de 10HP<\/td><\/tr><tr><td>Capacidad<\/td><td>800-1000kg\/h<\/td><\/tr><tr><td>Tasa de recolecci\u00f3n<\/td><td>\uff1e99%<\/td><\/tr><tr><td>Tasa de rotura<\/td><td>\uff1c1%<\/td><\/tr><tr><td>Tasa de impurezas<\/td><td>\uff1c1%<\/td><\/tr><\/tbody><\/table><figcaption class=\"wp-element-caption\">Par\u00e1metro de la peque\u00f1a cosechadora de cacahuete seca<\/figcaption><\/figure>    <h2 class=\"wp-block-heading\" id=\"advantages-of-high-output-groundnut-picking-machine\">Ventajas de la cosechadora de cacahuete de alto rendimiento<\/h2>    <ol class=\"wp-block-list\"> <li>La cosechadora de cacahuetes completa tiene una estructura razonable y es f\u00e1cil de mover.<\/li>    <li>Esta cosechadora de cacahuete tiene una alta tasa de eliminaci\u00f3n de tallos. Todos los cacahuetes procesados no tienen tallos ni hojas.<\/li>    <li>Adem\u00e1s, la peque\u00f1a cosechadora de cacahuete tiene una tasa de rotura de menos del 1%.<\/li>    <li>Alta eficiencia, la capacidad de nuestra peque\u00f1a cosechadora multifuncional de cacahuete puede alcanzar 800-1000 kg por hora. Esta producci\u00f3n puede satisfacer las necesidades de la mayor\u00eda de los agricultores.<\/li> <\/ol>    <h2 class=\"wp-block-heading\" id=\"how-to-maintain-the-peanut-picking-machine\">C\u00f3mo mantener la cosechadora de cacahuetes<\/h2>    <ol class=\"wp-block-list\"> <li>Antes de que funcione la peque\u00f1a cosechadora de cacahuete seca, todas las piezas de la m\u00e1quina deben ser inspeccionadas para garantizar que funcionan correctamente.<\/li>    <li>Aseg\u00farate de hacer un buen trabajo de impermeabilizaci\u00f3n cuando no est\u00e9 en uso para evitar la corrosi\u00f3n y da\u00f1o a varias piezas debido a la oxidaci\u00f3n al estar en contacto con el agua.<\/li>    <li>Para las piezas propensas al desgaste de la cosechadora de cacahuetes, debemos aplicar lubricante con frecuencia para proteger el uso normal de las piezas. Especialmente algunas piezas met\u00e1licas expuestas deben ser pintadas para evitar la oxidaci\u00f3n.<\/li> <\/ol>    <p>Para obtener informaci\u00f3n m\u00e1s detallada sobre nuestra peque\u00f1a cosechadora de cacahuete, o para experimentar y comprender nuestro proceso de producci\u00f3n por ti mismo, no dudes en ponerte en contacto con nuestro equipo profesional. Esperamos con inter\u00e9s tu visita y te damos la bienvenida a nuestra f\u00e1brica para discutir c\u00f3mo podemos satisfacer mejor tus necesidades agr\u00edcolas. Nuestro equipo estar\u00e1 encantado de brindarte apoyo y servicio.<\/p>","protected":false},"excerpt":{"rendered":"<p>La peque\u00f1a cosechadora de cacahuete es un equipo que puede recoger frutos autom\u00e1ticamente, lo que puede ayudar a los operadores a producir r\u00e1pidamente y obtener frutos de cacahuete completos.<\/p>","protected":false},"author":1,"featured_media":12640,"parent":0,"comment_status":"closed","ping_status":"closed","template":"","tags":[2538,2532,2534,2527,2536,509,2525,2529,2540],"product-type":[890],"class_list":["post-12636","product","type-product","status-publish","has-post-thumbnail","hentry","tag-dry-peanut-picker","tag-groundnut-picking-machine","tag-high-efficiency-peanut-picking-machine","tag-mini-peanut-picker","tag-multifunctional-peanut-picking-machine","tag-peanut-picker","tag-peanut-picker-machine","tag-small-peanut-picker","tag-wholesale-peanut-picker-machine","product-type-peanut-picker"],"_links":{"self":[{"href":"https:\/\/www.agriculture-machine.com\/es\/wp-json\/wp\/v2\/product\/12636","targetHints":{"allow":["GET"]}}],"collection":[{"href":"https:\/\/www.agriculture-machine.com\/es\/wp-json\/wp\/v2\/product"}],"about":[{"href":"https:\/\/www.agriculture-machine.com\/es\/wp-json\/wp\/v2\/types\/product"}],"author":[{"embeddable":true,"href":"https:\/\/www.agriculture-machine.com\/es\/wp-json\/wp\/v2\/users\/1"}],"replies":[{"embeddable":true,"href":"https:\/\/www.agriculture-machine.com\/es\/wp-json\/wp\/v2\/comments?post=12636"}],"wp:featuredmedia":[{"embeddable":true,"href":"https:\/\/www.agriculture-machine.com\/es\/wp-json\/wp\/v2\/media\/12640"}],"wp:attachment":[{"href":"https:\/\/www.agriculture-machine.com\/es\/wp-json\/wp\/v2\/media?parent=12636"}],"wp:term":[{"taxonomy":"post_tag","embeddable":true,"href":"https:\/\/www.agriculture-machine.com\/es\/wp-json\/wp\/v2\/tags?post=12636"},{"taxonomy":"product-type","embeddable":true,"href":"https:\/\/www.agriculture-machine.com\/es\/wp-json\/wp\/v2\/product-type?post=12636"}],"curies":[{"name":"wp","href":"https:\/\/api.w.org\/{rel}","templated":true}]}}