{"id":138,"date":"2018-07-12T06:35:27","date_gmt":"2018-07-11T22:35:27","guid":{"rendered":"https:\/\/www.agriculture-machine.com\/?p=138"},"modified":"2024-10-24T14:11:29","modified_gmt":"2024-10-24T06:11:29","slug":"multifunctional-thresher-for-maize-beans-sorghum-millet","status":"publish","type":"product","link":"https:\/\/www.agriculture-machine.com\/es\/multifunctional-thresher-for-maize-beans-sorghum-millet\/","title":{"rendered":"Trillador multifuncional de ma\u00edz para ma\u00edz, frijoles, sorgo, mijo"},"content":{"rendered":"<p class=\"translation-block\">La m\u00e1quina era una trilladora de ma\u00edz operada manualmente independiente. Con el desarrollo de la tecnolog\u00eda, la trilladora multifuncional de ma\u00edz se actualiza constantemente. La trilladora actual puede ser alimentada por un motor de gasolina, un motor di\u00e9sel o un motor el\u00e9ctrico. Al mismo tiempo, una m\u00e1quina puede trillar m\u00faltiples cultivos. Esta tambi\u00e9n es la raz\u00f3n por la cual la trilladora multifuncional es popular.<\/p>    <h2 class=\"wp-block-heading\">Caracter\u00edsticas del trillador multifuncional<\/h2>    <p class=\"translation-block\">A <strong>multifunctional thresher<\/strong> is used to thresh many different sizes of crops such as maize, beans, sorghum, and millet, and it is equipped with high capacity(3-4t\/h). Its threshing rate can reach 98%, which means the final kernels are very clean. What\u2019s more, two rollers made of special materials won&#8217;t damage corn kernels during operation.<\/p>    <figure class=\"wp-block-image aligncenter alignnone size-full wp-image-8696\"><img loading=\"lazy\" decoding=\"async\" width=\"720\" height=\"540\" src=\"https:\/\/www.agriculture-machine.com\/wp-content\/uploads\/2018\/07\/Multifunctional-thresher.jpg\" alt=\"Trillador multifuncional\" class=\"wp-image-8696\" srcset=\"https:\/\/www.agriculture-machine.com\/wp-content\/uploads\/2018\/07\/Multifunctional-thresher.jpg 720w, https:\/\/www.agriculture-machine.com\/wp-content\/uploads\/2018\/07\/Multifunctional-thresher-360x270.jpg 360w, https:\/\/www.agriculture-machine.com\/wp-content\/uploads\/2018\/07\/Multifunctional-thresher-240x180.jpg 240w\" sizes=\"auto, (max-width: 720px) 100vw, 720px\" \/><figcaption class=\"wp-element-caption\">Trillador multifuncional<\/figcaption><\/figure>    <h2 class=\"wp-block-heading\">Video de operaci\u00f3n de la trilladora multifuncional<\/h2>    <figure class=\"wp-block-embed aligncenter is-type-video is-provider-youtube wp-block-embed-youtube wp-embed-aspect-16-9 wp-has-aspect-ratio\"><div class=\"wp-block-embed__wrapper\"> <iframe loading=\"lazy\" title=\"Nunca te arrepentir\u00e1s de comprar -m\u00e1quina descascaradora de ma\u00edz, mijo, sorgo, frijoles, descascarador de ma\u00edz, trillador de ma\u00edz\" width=\"500\" height=\"281\" src=\"https:\/\/www.youtube.com\/embed\/GR28h0y-wcc?feature=oembed\" frameborder=\"0\" allow=\"accelerometer; autoplay; clipboard-write; encrypted-media; gyroscope; picture-in-picture; web-share\" referrerpolicy=\"strict-origin-when-cross-origin\" allowfullscreen><\/iframe> <\/div><figcaption class=\"wp-element-caption\">video de funcionamiento del trillador multifuncional de ma\u00edz<\/figcaption><\/figure>    <p>This multifunctional thresher machine is easy to operate, and farmers just need to change screens with different shapes. The first&nbsp;is to thresher corn. You can see that the kernels are very clean, so users don&#8217;t need to use grain winnower to clean them again. The second is to thresh sorghum, and there is almost no impurity in the video. The third is to thresh millet. The vibrating screen at the exit can filter twice for a cleaner discharge.<\/p>    <h2 class=\"wp-block-heading\">Aplicaci\u00f3n de la m\u00e1quina trilladora multifuncional de ma\u00edz<\/h2>    <figure class=\"wp-block-image aligncenter alignnone\"><img decoding=\"async\" src=\"https:\/\/www.agriculture-machine.com\/wp-content\/uploads\/2018\/07\/corn-sheller16.jpg\" alt=\"m\u00e1quina de descascarar ma\u00edz\"\/><figcaption class=\"wp-element-caption\">m\u00e1quina de descascarar ma\u00edz<\/figcaption><\/figure>    <figure class=\"wp-block-image aligncenter alignnone\"><img decoding=\"async\" src=\"https:\/\/www.agriculture-machine.com\/wp-content\/uploads\/2018\/07\/corn-sheller05-1.jpg\" alt=\"materia prima del trillador multifuncional\"\/><figcaption class=\"wp-element-caption\">la materia prima del trillador multifuncional<\/figcaption><\/figure>    <p>Este trillador multifuncional o trillador de ma\u00edz es adecuado para ma\u00edz, frijoles, sorgo y mijo, aunque tengan diferentes tama\u00f1os, y los agricultores solo necesitan cambiar las pantallas.<\/p>    <h2 class=\"wp-block-heading\">Potencia compatible de la m\u00e1quina trilladora multifuncional de ma\u00edz<\/h2>    <p>Este trillador de mijo puede ser conectado a un motor, motor de gasolina o motor di\u00e9sel, y es conveniente para operar en \u00e1reas remotas, especialmente en regiones con electricidad insuficiente.<br>La siguiente m\u00e1quina de descascarar ma\u00edz se combina con motor di\u00e9sel<\/p>    <figure class=\"wp-block-image aligncenter alignnone\"><img decoding=\"async\" src=\"https:\/\/www.agriculture-machine.com\/wp-content\/uploads\/2018\/07\/corn-sheller15-1.jpg\" alt=\"m\u00e1quina de trillar frijoles\"\/><figcaption class=\"wp-element-caption\">m\u00e1quina de trillar frijoles<\/figcaption><\/figure>    <figure class=\"wp-block-image aligncenter alignnone\"><img decoding=\"async\" src=\"https:\/\/www.agriculture-machine.com\/wp-content\/uploads\/2018\/07\/corn-sheller06.jpg\" alt=\"m\u00e1quina de trillar mijo\"\/><figcaption class=\"wp-element-caption\">m\u00e1quina de trillar mijo<\/figcaption><\/figure>    <figure class=\"wp-block-image aligncenter alignnone size-full wp-image-8697\"><img loading=\"lazy\" decoding=\"async\" width=\"720\" height=\"540\" src=\"https:\/\/www.agriculture-machine.com\/wp-content\/uploads\/2018\/07\/Multifunctional-corn-thresher.jpg\" alt=\"Trillador de ma\u00edz multifuncional\" class=\"wp-image-8697\" srcset=\"https:\/\/www.agriculture-machine.com\/wp-content\/uploads\/2018\/07\/Multifunctional-corn-thresher.jpg 720w, https:\/\/www.agriculture-machine.com\/wp-content\/uploads\/2018\/07\/Multifunctional-corn-thresher-360x270.jpg 360w, https:\/\/www.agriculture-machine.com\/wp-content\/uploads\/2018\/07\/Multifunctional-corn-thresher-240x180.jpg 240w\" sizes=\"auto, (max-width: 720px) 100vw, 720px\" \/><figcaption class=\"wp-element-caption\">Trillador de ma\u00edz multifuncional<\/figcaption><\/figure>    <h2 class=\"wp-block-heading\">Ventajas de la m\u00e1quina descascaradora de ma\u00edz<\/h2>    <ul class=\"wp-block-list\"> <li>La pantalla vibratoria en la salida puede filtrar dos veces para una descarga m\u00e1s limpia.<\/li>    <li>Durante la operaci\u00f3n, la trilladora de ma\u00edz en venta permanece estable y los granos no se da\u00f1an f\u00e1cilmente.<\/li>    <li>Despu\u00e9s del trillo, solo quedan pocas impurezas y los agricultores no necesitan usar un limpiador de granos para limpiarlos nuevamente.<\/li>    <li>Cuatro ruedas facilitan su movimiento.<\/li> <\/ul>    <figure class=\"wp-block-image aligncenter alignnone\"><img decoding=\"async\" src=\"https:\/\/www.agriculture-machine.com\/wp-content\/uploads\/2018\/07\/corn-sheller12.jpg\" alt=\"sorgo trillador\"\/><figcaption class=\"wp-element-caption\">sorgo trillador<\/figcaption><\/figure>    <figure class=\"wp-block-image aligncenter alignnone\"><img decoding=\"async\" src=\"https:\/\/www.agriculture-machine.com\/wp-content\/uploads\/2018\/07\/corn-sheller13.jpg\" alt=\"sorgo trillador\"\/><figcaption class=\"wp-element-caption\">sorgo trillador<\/figcaption><\/figure>    <h2 class=\"wp-block-heading\">Un caso de \u00e9xito de la m\u00e1quina trilladora multifuncional de ma\u00edz<\/h2>    <p>Nuestros t\u00e9cnicos est\u00e1n revisando la m\u00e1quina antes de entregarla. En 2018, tras haber cooperado con nosotros muchas veces, nuestro cliente de Nigeria orden\u00f3 200 juegos de m\u00e1quinas trilladoras multifuncionales de ma\u00edz a un precio bajo nuevamente. Producimos cuidadosamente cada pieza de repuesto para garantizar la calidad de la m\u00e1quina y brindar el mejor servicio.<\/p>    <p>He distributed machines to local farmers after receiving them, what makes us is that farmers&#8217; living standards have been boosted a lot since they used our machines. Traditionally, they use their hands to shell corn, which wastes much time and energy, and they do not have available time for other meaningful things.<\/p>    <p>La m\u00e1quina trilladora multifuncional est\u00e1 equipada con alta calidad y es un producto de dise\u00f1o nuevo que combina muchas tecnolog\u00edas<\/p>    <figure class=\"wp-block-image aligncenter alignnone\"><img decoding=\"async\" src=\"https:\/\/www.agriculture-machine.com\/wp-content\/uploads\/2018\/07\/corn-sheller02.jpg\" alt=\"f\u00e1brica de m\u00e1quinas trilladoras de trigo\"\/><figcaption class=\"wp-element-caption\">f\u00e1brica de m\u00e1quinas trilladoras de trigo<\/figcaption><\/figure>    <figure class=\"wp-block-image aligncenter\"><img decoding=\"async\" src=\"https:\/\/www.agriculture-machine.com\/wp-content\/uploads\/2018\/07\/corn-sheller01.jpg\" alt=\"maquina de descascarar01\"\/><figcaption class=\"wp-element-caption\">m\u00e1quinas trilladoras multifuncionales de ma\u00edz en la f\u00e1brica<\/figcaption><\/figure>    <h2 class=\"wp-block-heading\">Preguntas frecuentes sobre el trillador multifuncional<\/h2>   <div id=\"rank-math-faq\" class=\"rank-math-block\"> <div class=\"rank-math-list\"> <div id=\"faq-question-1716799607290\" class=\"rank-math-list-item\"> <h3 class=\"rank-math-question\">\u00bfCu\u00e1les son las materias primas del trillador multifuncional?<\/h3> <div class=\"rank-math-answer\">  <p>Las materias primas pueden ser ma\u00edz, mijo, sorgo y frijoles.<\/p>  <\/div> <\/div> <div id=\"faq-question-1716799613565\" class=\"rank-math-list-item\"> <h3 class=\"rank-math-question\">\u00bfPor qu\u00e9 una m\u00e1quina puede trillar muchos cultivos?<\/h3> <div class=\"rank-math-answer\">  <p>La pantalla dentro de la trilladora multifuncional de ma\u00edz puede ser cambiada seg\u00fan los diferentes tama\u00f1os de cultivos como en la siguiente imagen. Son sucesivamente la pantalla de frijoles, mijo y ma\u00edz.<br \/><img decoding=\"async\" src=\"https:\/\/www.agriculture-machine.com\/wp-content\/uploads\/2018\/07\/corn-sheller07.jpg\" alt=\"pantalla de la m\u00e1quina trilladora multifuncional \">pantalla de la m\u00e1quina trilladora multifuncional<\/p>  <\/div> <\/div> <div id=\"faq-question-1716799681132\" class=\"rank-math-list-item\"> <h3 class=\"rank-math-question\">\u00bfCu\u00e1les son las partes vulnerables de esta m\u00e1quina trilladora de ma\u00edz?<\/h3> <div class=\"rank-math-answer\">  <p>La rueda y la pantalla son partes vulnerables, y deben ser cambiadas anualmente.<br \/><img decoding=\"async\" src=\"https:\/\/www.agriculture-machine.com\/wp-content\/uploads\/2018\/07\/corn-sheller11.jpg\" alt=\"pantalla de la m\u00e1quina trilladora multifuncional \">la pantalla de la trilladora multifuncional de ma\u00edz<\/p>  <\/div> <\/div> <div id=\"faq-question-1716799749464\" class=\"rank-math-list-item\"> <h3 class=\"rank-math-question\">\u00bfA qu\u00e9 pa\u00eds has exportado antes?<\/h3> <div class=\"rank-math-answer\">  <p class=\"translation-block\">Hemos exportado<a href=\"https:\/\/www.agriculture-machine.com\/es\/20-multifunctional-rice-and-wheat-thresher-sold-to-africa\/\">este trillador de ma\u00edz a muchos pa\u00edses<\/a>como India, Nigeria, Kenia, Estados Unidos, Zimbabue, Sud\u00e1frica, etc.<\/p>  <\/div> <\/div> <\/div> <\/div>","protected":false},"excerpt":{"rendered":"<p>El trillador multifuncional de ma\u00edz es adecuado para muchas cosechas con alta capacidad (3-4t\/h). Su tasa de trilla puede alcanzar el 98%, lo que significa que los granos finales est\u00e1n muy limpios. Adem\u00e1s, dos rodillos hechos de materiales especiales no da\u00f1ar\u00e1n los granos de ma\u00edz durante la operaci\u00f3n.<\/p>","protected":false},"author":1,"featured_media":0,"parent":0,"comment_status":"closed","ping_status":"closed","template":"","tags":[491,2619],"product-type":[893],"class_list":["post-138","product","type-product","status-publish","hentry","tag-corn","tag-sheller","product-type-corn-thresher"],"_links":{"self":[{"href":"https:\/\/www.agriculture-machine.com\/es\/wp-json\/wp\/v2\/product\/138","targetHints":{"allow":["GET"]}}],"collection":[{"href":"https:\/\/www.agriculture-machine.com\/es\/wp-json\/wp\/v2\/product"}],"about":[{"href":"https:\/\/www.agriculture-machine.com\/es\/wp-json\/wp\/v2\/types\/product"}],"author":[{"embeddable":true,"href":"https:\/\/www.agriculture-machine.com\/es\/wp-json\/wp\/v2\/users\/1"}],"replies":[{"embeddable":true,"href":"https:\/\/www.agriculture-machine.com\/es\/wp-json\/wp\/v2\/comments?post=138"}],"wp:attachment":[{"href":"https:\/\/www.agriculture-machine.com\/es\/wp-json\/wp\/v2\/media?parent=138"}],"wp:term":[{"taxonomy":"post_tag","embeddable":true,"href":"https:\/\/www.agriculture-machine.com\/es\/wp-json\/wp\/v2\/tags?post=138"},{"taxonomy":"product-type","embeddable":true,"href":"https:\/\/www.agriculture-machine.com\/es\/wp-json\/wp\/v2\/product-type?post=138"}],"curies":[{"name":"wp","href":"https:\/\/api.w.org\/{rel}","templated":true}]}}