{"id":14778,"date":"2023-09-11T14:17:49","date_gmt":"2023-09-11T06:17:49","guid":{"rendered":"https:\/\/www.agriculture-machine.com\/?post_type=product&#038;p=14778"},"modified":"2025-08-19T17:50:32","modified_gmt":"2025-08-19T09:50:32","slug":"groundnut-sheller-machine","status":"publish","type":"product","link":"https:\/\/www.agriculture-machine.com\/es\/groundnut-sheller-machine\/","title":{"rendered":"M\u00e1quina autom\u00e1tica de descascarado de cacahuete en venta"},"content":{"rendered":"<p>La peque\u00f1a m\u00e1quina descascaradora de cacahuetes se usa ampliamente en granjas y plantas de procesamiento. La m\u00e1quina combina fricci\u00f3n de tambor y separaci\u00f3n por aire para descascarar cacahuetes, logrando una tasa de descascarado superior al 95% y asegurando eficazmente una tasa de integridad del n\u00facleo de aproximadamente el 90%.<\/p>    <p>En comparaci\u00f3n con el descascarado manual tradicional, la eficiencia se mejora varias veces, reduciendo significativamente los costos laborales y mejorando la limpieza y el valor de mercado de los kernels de cacahuete. Ya sea para peque\u00f1os agricultores o empresas de procesamiento de tama\u00f1o medio, este equipo es una opci\u00f3n ideal para aumentar la productividad y la competitividad.<\/p>    <figure class=\"wp-block-embed aligncenter is-type-video is-provider-youtube wp-block-embed-youtube wp-embed-aspect-16-9 wp-has-aspect-ratio\"><div class=\"wp-block-embed__wrapper\"> <iframe loading=\"lazy\" title=\"\u00a1Eficiente y conveniente! M\u00e1quina de descascarar cacahuetes para uso dom\u00e9stico \u00a1Sorprendente en l\u00ednea!\" width=\"500\" height=\"281\" src=\"https:\/\/www.youtube.com\/embed\/_BhNMHRh6mY?feature=oembed\" frameborder=\"0\" allow=\"accelerometer; autoplay; clipboard-write; encrypted-media; gyroscope; picture-in-picture; web-share\" referrerpolicy=\"strict-origin-when-cross-origin\" allowfullscreen><\/iframe> <\/div><figcaption class=\"wp-element-caption\">Peque\u00f1a m\u00e1quina de eliminaci\u00f3n de c\u00e1scaras de cacahuete para uso dom\u00e9stico<\/figcaption><\/figure>    <h2 class=\"wp-block-heading\">Exhibici\u00f3n de productos terminados<\/h2>    <ul class=\"wp-block-list\"> <li>Alta integridad del kernel de cacahuete: despu\u00e9s del descascarado, los kernels de cacahuete tienen una superficie lisa y una baja tasa de rotura.<\/li>    <li>Separaci\u00f3n completa de c\u00e1scara y n\u00facleo: las c\u00e1scaras y los kernels pueden separarse de manera eficiente, reduciendo la necesidad de clasificaci\u00f3n secundaria.<\/li>    <li>Alta limpieza: los kernels de cacahuete contienen pocas impurezas, lo que los hace adecuados para su procesamiento directo en la siguiente etapa.<\/li>    <li>Salida estable: la m\u00e1quina puede operar continuamente, produciendo una salida uniforme para cumplir con los requisitos de producci\u00f3n a granel.<\/li> <\/ul>    <figure class=\"wp-block-gallery aligncenter has-nested-images columns-default is-cropped wp-block-gallery-2 is-layout-flex wp-block-gallery-is-layout-flex\"> <figure class=\"wp-block-image size-large\"><img loading=\"lazy\" decoding=\"async\" width=\"720\" height=\"540\" data-id=\"14787\" src=\"https:\/\/www.agriculture-machine.com\/wp-content\/uploads\/2023\/09\/raw-peanut-material.webp\" alt=\"Materia prima de cacahuete crudo\" class=\"wp-image-14787\" srcset=\"https:\/\/www.agriculture-machine.com\/wp-content\/uploads\/2023\/09\/raw-peanut-material.webp 720w, https:\/\/www.agriculture-machine.com\/wp-content\/uploads\/2023\/09\/raw-peanut-material-360x270.webp 360w, https:\/\/www.agriculture-machine.com\/wp-content\/uploads\/2023\/09\/raw-peanut-material-240x180.webp 240w\" sizes=\"auto, (max-width: 720px) 100vw, 720px\" \/><figcaption class=\"wp-element-caption\">Materia prima de cacahuete crudo<\/figcaption><\/figure>    <figure class=\"wp-block-image size-large\"><img loading=\"lazy\" decoding=\"async\" width=\"720\" height=\"540\" data-id=\"14788\" src=\"https:\/\/www.agriculture-machine.com\/wp-content\/uploads\/2023\/09\/finished-groundnut-show.webp\" alt=\"Cacahuete terminado en exhibici\u00f3n\" class=\"wp-image-14788\" srcset=\"https:\/\/www.agriculture-machine.com\/wp-content\/uploads\/2023\/09\/finished-groundnut-show.webp 720w, https:\/\/www.agriculture-machine.com\/wp-content\/uploads\/2023\/09\/finished-groundnut-show-360x270.webp 360w, https:\/\/www.agriculture-machine.com\/wp-content\/uploads\/2023\/09\/finished-groundnut-show-240x180.webp 240w\" sizes=\"auto, (max-width: 720px) 100vw, 720px\" \/><figcaption class=\"wp-element-caption\">Cacahuete terminado en exhibici\u00f3n<\/figcaption><\/figure> <\/figure>    <h2 class=\"wp-block-heading\">Caracter\u00edsticas de la m\u00e1quina de descascarar cacahuetes<\/h2>    <ul class=\"wp-block-list\"> <li>Descascarado de alta eficiencia: velocidad r\u00e1pida de descascarado, con una eficiencia 3-5 veces mayor que el trabajo manual.<\/li>    <li>Alta adaptabilidad: puede procesar cacahuetes de diferentes especificaciones y variedades.<\/li>    <li>Par\u00e1metros ajustables: algunos modelos soportan ajuste de espacio y flujo de aire para garantizar resultados \u00f3ptimos de descascarado.<\/li>    <li>Duradero y confiable: fabricado con acero de alta calidad y componentes resistentes al desgaste, adecuado para operaciones de alta intensidad a largo plazo.<\/li>    <li>Alta capacidad: los modelos peque\u00f1os pueden procesar de 300 a 800 kilogramos por hora, satisfaciendo las necesidades de operaciones de procesamiento peque\u00f1as a medianas.<\/li>    <li>F\u00e1cil movilidad: dise\u00f1o compacto con algunos modelos con ruedas para un movimiento flexible a diferentes sitios de trabajo.<\/li>    <li>Ahorro de mano de obra: requiere m\u00ednima operaci\u00f3n manual, reduciendo significativamente la intensidad laboral y los costos laborales.<\/li> <\/ul>    <figure class=\"wp-block-gallery aligncenter has-nested-images columns-2 is-cropped wp-block-gallery-3 is-layout-flex wp-block-gallery-is-layout-flex\"> <figure class=\"wp-block-image size-large\"><img loading=\"lazy\" decoding=\"async\" width=\"405\" height=\"540\" data-id=\"14785\" src=\"https:\/\/www.agriculture-machine.com\/wp-content\/uploads\/2023\/09\/groundnut-shell-removing-machine-405x540.webp\" alt=\"M\u00e1quina de eliminaci\u00f3n de c\u00e1scaras de cacahuete\" class=\"wp-image-14785\" srcset=\"https:\/\/www.agriculture-machine.com\/wp-content\/uploads\/2023\/09\/groundnut-shell-removing-machine-405x540.webp 405w, https:\/\/www.agriculture-machine.com\/wp-content\/uploads\/2023\/09\/groundnut-shell-removing-machine-203x270.webp 203w, https:\/\/www.agriculture-machine.com\/wp-content\/uploads\/2023\/09\/groundnut-shell-removing-machine.webp 540w\" sizes=\"auto, (max-width: 405px) 100vw, 405px\" \/><figcaption class=\"wp-element-caption\">M\u00e1quina de eliminaci\u00f3n de c\u00e1scaras de cacahuete<\/figcaption><\/figure>    <figure class=\"wp-block-image size-large\"><img loading=\"lazy\" decoding=\"async\" width=\"405\" height=\"540\" data-id=\"14786\" src=\"https:\/\/www.agriculture-machine.com\/wp-content\/uploads\/2023\/09\/peanut-cleaning-and-shelling-machine-405x540.webp\" alt=\"M\u00e1quina de limpieza y descascarado de cacahuetes\" class=\"wp-image-14786\" srcset=\"https:\/\/www.agriculture-machine.com\/wp-content\/uploads\/2023\/09\/peanut-cleaning-and-shelling-machine-405x540.webp 405w, https:\/\/www.agriculture-machine.com\/wp-content\/uploads\/2023\/09\/peanut-cleaning-and-shelling-machine-203x270.webp 203w, https:\/\/www.agriculture-machine.com\/wp-content\/uploads\/2023\/09\/peanut-cleaning-and-shelling-machine.webp 540w\" sizes=\"auto, (max-width: 405px) 100vw, 405px\" \/><figcaption class=\"wp-element-caption\">M\u00e1quina de limpieza y descascarado de cacahuetes<\/figcaption><\/figure> <\/figure>    <h2 class=\"wp-block-heading\">Componentes del descascarador port\u00e1til de cacahuetes<\/h2>    <p>Puedes tener una idea clara de la estructura simple de la m\u00e1quina de descascarar cacahuetes mediante la presentaci\u00f3n de la figura a continuaci\u00f3n.<\/p>    <figure class=\"wp-block-image aligncenter size-full\"><img loading=\"lazy\" decoding=\"async\" width=\"720\" height=\"540\" src=\"https:\/\/www.agriculture-machine.com\/wp-content\/uploads\/2023\/09\/groundnut-shell-off-machine-structure.webp\" alt=\"Estructura de la m\u00e1quina de descascarado de cacahuetes\" class=\"wp-image-15493\" srcset=\"https:\/\/www.agriculture-machine.com\/wp-content\/uploads\/2023\/09\/groundnut-shell-off-machine-structure.webp 720w, https:\/\/www.agriculture-machine.com\/wp-content\/uploads\/2023\/09\/groundnut-shell-off-machine-structure-360x270.webp 360w, https:\/\/www.agriculture-machine.com\/wp-content\/uploads\/2023\/09\/groundnut-shell-off-machine-structure-240x180.webp 240w\" sizes=\"auto, (max-width: 720px) 100vw, 720px\" \/><figcaption class=\"wp-element-caption\">Estructura de la m\u00e1quina de descascarado de cacahuetes<\/figcaption><\/figure>    <h2 class=\"wp-block-heading\">Estructura principal de la m\u00e1quina de eliminaci\u00f3n de c\u00e1scaras de cacahuete<\/h2>    <ul class=\"wp-block-list\"> <li><strong>Unidad de alimentaci\u00f3n<\/strong>: utilizado para transportar cacahuetes crudos a la zona de descascarado, generalmente en forma de cinta transportadora o tolva.<\/li>    <li><strong>Mecanismo de descascarado<\/strong>: el componente principal del equipo, generalmente compuesto por un par de rodillos o cuchillas, que elimina las c\u00e1scaras de los cacahuetes mediante fricci\u00f3n o compresi\u00f3n.<\/li>    <li><strong>Separador de viento<\/strong>: utiliza principios de flujo de aire para separar las c\u00e1scaras de los kernels de cacahuete, asegurando una separaci\u00f3n completa.<\/li>    <li><strong>Unidad de salida<\/strong>: transporta los kernels de cacahuete pelados a la siguiente etapa o recipiente de recolecci\u00f3n, generalmente en forma de cinta transportadora o tolva de descarga.<\/li>    <li><strong>Sistema de control<\/strong>: equipado con botones, interruptores o dispositivos de ajuste para controlar el inicio\/parada de la m\u00e1quina y ajustes de par\u00e1metros. Algunos modelos cuentan con sistemas de control automatizados para mejorar la conveniencia y eficiencia operativa.<\/li> <\/ul>    <figure class=\"wp-block-gallery aligncenter has-nested-images columns-2 is-cropped wp-block-gallery-4 is-layout-flex wp-block-gallery-is-layout-flex\"> <figure class=\"wp-block-image size-medium\"><img loading=\"lazy\" decoding=\"async\" width=\"360\" height=\"270\" data-id=\"14780\" src=\"https:\/\/www.agriculture-machine.com\/wp-content\/uploads\/2023\/09\/groundnut-sheller-machine-inner-structure-1-360x270.webp\" alt=\"Estructura interna de la m\u00e1quina de descascarar cacahuetes\" class=\"wp-image-14780\" srcset=\"https:\/\/www.agriculture-machine.com\/wp-content\/uploads\/2023\/09\/groundnut-sheller-machine-inner-structure-1-360x270.webp 360w, https:\/\/www.agriculture-machine.com\/wp-content\/uploads\/2023\/09\/groundnut-sheller-machine-inner-structure-1-240x180.webp 240w, https:\/\/www.agriculture-machine.com\/wp-content\/uploads\/2023\/09\/groundnut-sheller-machine-inner-structure-1.webp 720w\" sizes=\"auto, (max-width: 360px) 100vw, 360px\" \/><figcaption class=\"wp-element-caption\">Estructura interna de la m\u00e1quina de descascarar cacahuetes<\/figcaption><\/figure>    <figure class=\"wp-block-image size-medium\"><img loading=\"lazy\" decoding=\"async\" width=\"360\" height=\"270\" data-id=\"14781\" src=\"https:\/\/www.agriculture-machine.com\/wp-content\/uploads\/2023\/09\/groundnut-sheller-machine-structure-360x270.webp\" alt=\"Estructura de la m\u00e1quina de descascarar cacahuetes\" class=\"wp-image-14781\" srcset=\"https:\/\/www.agriculture-machine.com\/wp-content\/uploads\/2023\/09\/groundnut-sheller-machine-structure-360x270.webp 360w, https:\/\/www.agriculture-machine.com\/wp-content\/uploads\/2023\/09\/groundnut-sheller-machine-structure-240x180.webp 240w, https:\/\/www.agriculture-machine.com\/wp-content\/uploads\/2023\/09\/groundnut-sheller-machine-structure.webp 720w\" sizes=\"auto, (max-width: 360px) 100vw, 360px\" \/><figcaption class=\"wp-element-caption\">Estructura de la m\u00e1quina de descascarar cacahuetes<\/figcaption><\/figure> <\/figure>    <figure class=\"wp-block-gallery has-nested-images columns-default is-cropped wp-block-gallery-5 is-layout-flex wp-block-gallery-is-layout-flex\"> <figure class=\"wp-block-image size-large\"><img loading=\"lazy\" decoding=\"async\" width=\"720\" height=\"540\" data-id=\"15491\" src=\"https:\/\/www.agriculture-machine.com\/wp-content\/uploads\/2023\/09\/peanut-sheller-inner-detail.webp\" alt=\"Detalle interno de la m\u00e1quina de descascarar cacahuetes\" class=\"wp-image-15491\" srcset=\"https:\/\/www.agriculture-machine.com\/wp-content\/uploads\/2023\/09\/peanut-sheller-inner-detail.webp 720w, https:\/\/www.agriculture-machine.com\/wp-content\/uploads\/2023\/09\/peanut-sheller-inner-detail-360x270.webp 360w, https:\/\/www.agriculture-machine.com\/wp-content\/uploads\/2023\/09\/peanut-sheller-inner-detail-240x180.webp 240w\" sizes=\"auto, (max-width: 720px) 100vw, 720px\" \/><figcaption class=\"wp-element-caption\">Detalle interno de la m\u00e1quina de descascarar cacahuetes<\/figcaption><\/figure>    <figure class=\"wp-block-image size-large\"><img loading=\"lazy\" decoding=\"async\" width=\"360\" height=\"270\" data-id=\"15495\" src=\"https:\/\/www.agriculture-machine.com\/wp-content\/uploads\/2023\/09\/peanut-peeling-machine-sieve-360x270-1.webp\" alt=\"Tamiz de m\u00e1quina de pelado de cacahuetes\" class=\"wp-image-15495\" srcset=\"https:\/\/www.agriculture-machine.com\/wp-content\/uploads\/2023\/09\/peanut-peeling-machine-sieve-360x270-1.webp 360w, https:\/\/www.agriculture-machine.com\/wp-content\/uploads\/2023\/09\/peanut-peeling-machine-sieve-360x270-1-240x180.webp 240w\" sizes=\"auto, (max-width: 360px) 100vw, 360px\" \/><figcaption class=\"wp-element-caption\">Tamiz de m\u00e1quina de pelado de cacahuetes<\/figcaption><\/figure> <\/figure>    <h2 class=\"wp-block-heading\">Principio de funcionamiento de la m\u00e1quina de descascarar cacahuetes<\/h2>   <div id=\"rank-math-howto\" class=\"rank-math-block\" > <div class=\"rank-math-howto-description\"> <img loading=\"lazy\" decoding=\"async\" width=\"720\" height=\"540\" src=\"https:\/\/www.agriculture-machine.com\/wp-content\/uploads\/2023\/09\/peanut-thresher-machine-details.webp\" class=\"attachment-full size-full\" alt=\"Detalles de la m\u00e1quina de trillar cacahuetes\" srcset=\"https:\/\/www.agriculture-machine.com\/wp-content\/uploads\/2023\/09\/peanut-thresher-machine-details.webp 720w, https:\/\/www.agriculture-machine.com\/wp-content\/uploads\/2023\/09\/peanut-thresher-machine-details-360x270.webp 360w, https:\/\/www.agriculture-machine.com\/wp-content\/uploads\/2023\/09\/peanut-thresher-machine-details-240x180.webp 240w\" sizes=\"auto, (max-width: 720px) 100vw, 720px\" \/> <p>El funcionamiento de la m\u00e1quina descascaradora de cacahuetes se basa en eliminar la c\u00e1scara del cacahuete mediante fuerza mec\u00e1nica y movimiento, lo cual generalmente incluye los siguientes pasos:<\/p>  <\/div>  <div class=\"rank-math-steps\"> <div id=\"howto-step-1694399210907\" class=\"rank-math-step\"> <h3 class=\"rank-math-step-title\">Etapa de alimentaci\u00f3n<\/h3> <div class=\"rank-math-step-content\"><p>Los cacahuetes crudos y pelados se introducen en la m\u00e1quina de descascarar, generalmente usando una cinta transportadora o paleta.<\/p> <\/div> <\/div> <div id=\"howto-step-1694399276211\" class=\"rank-math-step\"> <h3 class=\"rank-math-step-title\">Separaci\u00f3n f\u00edsica<\/h3> <div class=\"rank-math-step-content\"><p>Los cacahuetes se exponen a fuerzas de separaci\u00f3n f\u00edsica dentro de la m\u00e1quina de descascarar cacahuetes. Esto generalmente se logra mediante tambores giratorios, cuchillas u otros mecanismos de descascarado.<\/p> <\/div> <\/div> <div id=\"howto-step-1694399294541\" class=\"rank-math-step\"> <h3 class=\"rank-math-step-title\">Proceso de descascarado<\/h3> <div class=\"rank-math-step-content\"><p>Los cacahuetes se introducen en el mecanismo de descascarado y las c\u00e1scaras se separan de los kernels. La clave en este paso es el dise\u00f1o del mecanismo, que generalmente usa fricci\u00f3n, vibraci\u00f3n o corte para separar las c\u00e1scaras.<\/p> <\/div> <\/div> <div id=\"howto-step-1694399312065\" class=\"rank-math-step\"> <h3 class=\"rank-math-step-title\">Separaci\u00f3n de c\u00e1scaras<\/h3> <div class=\"rank-math-step-content\"><p>Despu\u00e9s del descascarado, los kernels de cacahuete y las c\u00e1scaras restantes se alimentan a un separador de aire o tamiz. Aqu\u00ed, mediante flujo de aire o vibraci\u00f3n, los fragmentos de c\u00e1scara m\u00e1s ligeros se soplan o se tamizan, mientras que los kernels de cacahuete m\u00e1s pesados avanzan.<\/p> <\/div> <\/div> <div id=\"howto-step-1694399336420\" class=\"rank-math-step\"> <h3 class=\"rank-math-step-title\">Etapa de descarga<\/h3> <div class=\"rank-math-step-content\"><p>Los kernels de cacahuete pelados se transportan al unidad de descarga, generalmente mediante una cinta transportadora o tuber\u00eda, para su procesamiento o recolecci\u00f3n adicional.<\/p> <\/div> <\/div> <\/div> <\/div>       <h2 class=\"wp-block-heading\">Datos t\u00e9cnicos de la m\u00e1quina de descascarar cacahuetes<\/h2>    <p>Los par\u00e1metros t\u00e9cnicos de las m\u00e1quinas de descascarar cacahuetes pueden variar seg\u00fan el fabricante, modelo y aplicaci\u00f3n, pero los siguientes son algunos modelos comunes para referencia:<\/p>    <div class=\"wp-block-media-text is-stacked-on-mobile\"><figure class=\"wp-block-media-text__media\"><img loading=\"lazy\" decoding=\"async\" width=\"720\" height=\"540\" src=\"https:\/\/www.agriculture-machine.com\/wp-content\/uploads\/2023\/09\/groundnut-shelling-machine-for-sale.webp\" alt=\"M\u00e1quina de descascarar cacahuetes en venta\" class=\"wp-image-15492 size-full\" srcset=\"https:\/\/www.agriculture-machine.com\/wp-content\/uploads\/2023\/09\/groundnut-shelling-machine-for-sale.webp 720w, https:\/\/www.agriculture-machine.com\/wp-content\/uploads\/2023\/09\/groundnut-shelling-machine-for-sale-360x270.webp 360w, https:\/\/www.agriculture-machine.com\/wp-content\/uploads\/2023\/09\/groundnut-shelling-machine-for-sale-240x180.webp 240w\" sizes=\"auto, (max-width: 720px) 100vw, 720px\" \/><\/figure><div class=\"wp-block-media-text__content\"> <p>Modelo: TBH-200<\/p>    <p>Tama\u00f1o: 650*560*1000mm<\/p>    <p>Producci\u00f3n: 200KG\/H<\/p>    <p>Potencia: motor de gasolina 170 \/ motor \/ motor di\u00e9sel 6 caballos de fuerza<\/p> <\/div><\/div>    <p class=\"translation-block\">Al mismo tiempo, nuestra empresa vende una unidad de descascarado de cacahuetes combinada a gran escala, que realiza la limpieza y el descascarado de cacahuetes en una sola m\u00e1quina. Puede entender espec\u00edficamente este equipo a trav\u00e9s de: <a href=\"https:\/\/www.agriculture-machine.com\/es\/industrial-combined-peanut-groundnut-shelling-machine\/\"><strong>M\u00e1quina industrial combinada de descascarado de cacahuetes<\/strong><\/a>. No dude en contactarnos si tiene alguna pregunta.<\/p>","protected":false},"excerpt":{"rendered":"<p>La peque\u00f1a m\u00e1quina descascaradora de cacahuetes tiene una alta tasa de separaci\u00f3n de c\u00e1scara y n\u00facleo y es f\u00e1cil de operar, por lo que se usa ampliamente en granjas peque\u00f1as y medianas y plantas de procesamiento de alimentos.<\/p>","protected":false},"author":1,"featured_media":14790,"parent":0,"comment_status":"closed","ping_status":"closed","template":"","tags":[798,797],"product-type":[895,872],"class_list":["post-14778","product","type-product","status-publish","has-post-thumbnail","hentry","tag-groundnut","tag-peanut","product-type-peanut-sheller","product-type-thresher-sheller"],"_links":{"self":[{"href":"https:\/\/www.agriculture-machine.com\/es\/wp-json\/wp\/v2\/product\/14778","targetHints":{"allow":["GET"]}}],"collection":[{"href":"https:\/\/www.agriculture-machine.com\/es\/wp-json\/wp\/v2\/product"}],"about":[{"href":"https:\/\/www.agriculture-machine.com\/es\/wp-json\/wp\/v2\/types\/product"}],"author":[{"embeddable":true,"href":"https:\/\/www.agriculture-machine.com\/es\/wp-json\/wp\/v2\/users\/1"}],"replies":[{"embeddable":true,"href":"https:\/\/www.agriculture-machine.com\/es\/wp-json\/wp\/v2\/comments?post=14778"}],"wp:featuredmedia":[{"embeddable":true,"href":"https:\/\/www.agriculture-machine.com\/es\/wp-json\/wp\/v2\/media\/14790"}],"wp:attachment":[{"href":"https:\/\/www.agriculture-machine.com\/es\/wp-json\/wp\/v2\/media?parent=14778"}],"wp:term":[{"taxonomy":"post_tag","embeddable":true,"href":"https:\/\/www.agriculture-machine.com\/es\/wp-json\/wp\/v2\/tags?post=14778"},{"taxonomy":"product-type","embeddable":true,"href":"https:\/\/www.agriculture-machine.com\/es\/wp-json\/wp\/v2\/product-type?post=14778"}],"curies":[{"name":"wp","href":"https:\/\/api.w.org\/{rel}","templated":true}]}}