{"id":15095,"date":"2023-11-09T15:07:38","date_gmt":"2023-11-09T07:07:38","guid":{"rendered":"https:\/\/www.agriculture-machine.com\/?post_type=product&#038;p=15095"},"modified":"2024-11-14T15:12:46","modified_gmt":"2024-11-14T07:12:46","slug":"rice-mill-plant","status":"publish","type":"product","link":"https:\/\/www.agriculture-machine.com\/es\/rice-mill-plant\/","title":{"rendered":"Equipo completo de planta de molienda de arroz de 15TPD para procesamiento de grano crudo"},"content":{"rendered":"<p class=\"translation-block\">Una planta completa de <strong><a href=\"https:\/\/www.agriculture-machine.com\/es\/rice-milling-plant-machine\/\">molino de arroz<\/a><\/strong> es un proceso que ayuda a separar la c\u00e1scara y el salvado del arroz paddy para producir arroz refinado. Usando nuestra unidad de molienda de arroz, puede obtener granos de arroz blanco completamente molidos, libres de impurezas y con un m\u00ednimo de granos rotos, y la producci\u00f3n de arroz blanco alcanza hasta un 69%-72%.<\/p>    <figure class=\"wp-block-gallery has-nested-images columns-default is-cropped wp-block-gallery-2 is-layout-flex wp-block-gallery-is-layout-flex\"> <figure class=\"wp-block-image size-large\"><img loading=\"lazy\" decoding=\"async\" width=\"720\" height=\"540\" data-id=\"15101\" src=\"https:\/\/www.agriculture-machine.com\/wp-content\/uploads\/2023\/11\/rice-milling-machine-production-line.webp\" alt=\"l\u00ednea de producci\u00f3n de m\u00e1quina de molienda de arroz\" class=\"wp-image-15101\" srcset=\"https:\/\/www.agriculture-machine.com\/wp-content\/uploads\/2023\/11\/rice-milling-machine-production-line.webp 720w, https:\/\/www.agriculture-machine.com\/wp-content\/uploads\/2023\/11\/rice-milling-machine-production-line-360x270.webp 360w, https:\/\/www.agriculture-machine.com\/wp-content\/uploads\/2023\/11\/rice-milling-machine-production-line-240x180.webp 240w\" sizes=\"auto, (max-width: 720px) 100vw, 720px\" \/><figcaption class=\"wp-element-caption\">l\u00ednea de producci\u00f3n de m\u00e1quina de molienda de arroz<\/figcaption><\/figure>    <figure class=\"wp-block-image size-large\"><img loading=\"lazy\" decoding=\"async\" width=\"720\" height=\"540\" data-id=\"15100\" src=\"https:\/\/www.agriculture-machine.com\/wp-content\/uploads\/2023\/11\/rice-mill-plant.webp\" alt=\"planta de molino de arroz\" class=\"wp-image-15100\" srcset=\"https:\/\/www.agriculture-machine.com\/wp-content\/uploads\/2023\/11\/rice-mill-plant.webp 720w, https:\/\/www.agriculture-machine.com\/wp-content\/uploads\/2023\/11\/rice-mill-plant-360x270.webp 360w, https:\/\/www.agriculture-machine.com\/wp-content\/uploads\/2023\/11\/rice-mill-plant-240x180.webp 240w\" sizes=\"auto, (max-width: 720px) 100vw, 720px\" \/><figcaption class=\"wp-element-caption\">planta de molino de arroz<\/figcaption><\/figure> <\/figure>    <h2 class=\"wp-block-heading\">Datos t\u00e9cnicos de la planta de molino de arroz de 15TPD<\/h2>    <figure class=\"wp-block-table is-style-stripes\"><table><tbody><tr><td class=\"has-text-align-center\" data-align=\"center\"><strong>No.<\/strong><\/td><td class=\"has-text-align-center\" data-align=\"center\"><strong>Art\u00edculo<\/strong><\/td><td class=\"has-text-align-center\" data-align=\"center\"><strong>Modelo<\/strong><\/td><td class=\"has-text-align-center\" data-align=\"center\"><strong>Potencia (KW)<\/strong><\/td><\/tr><tr><td class=\"has-text-align-center\" data-align=\"center\">1<\/td><td class=\"has-text-align-center\" data-align=\"center\">Elevador<\/td><td class=\"has-text-align-center\" data-align=\"center\">TDTG18\/07<\/td><td class=\"has-text-align-center\" data-align=\"center\">0.75<\/td><\/tr><tr><td class=\"has-text-align-center\" data-align=\"center\">2<\/td><td class=\"has-text-align-center\" data-align=\"center\">Deshuesador de arroz paddy<\/td><td class=\"has-text-align-center\" data-align=\"center\">ZQS50<\/td><td class=\"has-text-align-center\" data-align=\"center\">0.75+0.75<\/td><\/tr><tr><td class=\"has-text-align-center\" data-align=\"center\">3<\/td><td class=\"has-text-align-center\" data-align=\"center\">Elevador<\/td><td class=\"has-text-align-center\" data-align=\"center\">TDTG18\/07*2<\/td><td class=\"has-text-align-center\" data-align=\"center\">0.75<\/td><\/tr><tr><td class=\"has-text-align-center\" data-align=\"center\">4<\/td><td class=\"has-text-align-center\" data-align=\"center\">Desgranadora de arroz paddy (rodillo de goma de 6 pulgadas)&nbsp;<\/td><td class=\"has-text-align-center\" data-align=\"center\">LG15<\/td><td class=\"has-text-align-center\" data-align=\"center\">4<\/td><\/tr><tr><td class=\"has-text-align-center\" data-align=\"center\">5<\/td><td class=\"has-text-align-center\" data-align=\"center\">Separador de arroz por gravedad<\/td><td class=\"has-text-align-center\" data-align=\"center\">MGCZ70*5<\/td><td class=\"has-text-align-center\" data-align=\"center\">0.75<\/td><\/tr><tr><td class=\"has-text-align-center\" data-align=\"center\">6<\/td><td class=\"has-text-align-center\" data-align=\"center\">&nbsp;Molino de arroz (rodillo de carburo de emery)<\/td><td class=\"has-text-align-center\" data-align=\"center\">NS150<\/td><td class=\"has-text-align-center\" data-align=\"center\">15<\/td><\/tr><tr><td class=\"has-text-align-center\" data-align=\"center\">7<\/td><td class=\"has-text-align-center\" data-align=\"center\">Clasificador de arroz<\/td><td class=\"has-text-align-center\" data-align=\"center\">40<\/td><td class=\"has-text-align-center\" data-align=\"center\">0.55<\/td><\/tr><\/tbody><\/table><\/figure>    <h2 class=\"wp-block-heading\">Introducci\u00f3n del equipo de molienda de arroz integrado de 15TPD<\/h2>    <p>Esta planta de molino de arroz de 15 toneladas por d\u00eda automatiza todo el proceso y es adecuada para uso exclusivo de agricultores individuales, pueblos, escuelas y otras unidades, as\u00ed como para f\u00e1bricas de procesamiento de arroz a peque\u00f1a escala, empresas de procesamiento de granos, cooperativas rurales y sitios de procesamiento de paddy.<\/p>    <figure class=\"wp-block-gallery has-nested-images columns-default is-cropped wp-block-gallery-3 is-layout-flex wp-block-gallery-is-layout-flex\"> <figure class=\"wp-block-image size-large\"><img loading=\"lazy\" decoding=\"async\" width=\"720\" height=\"540\" data-id=\"15103\" src=\"https:\/\/www.agriculture-machine.com\/wp-content\/uploads\/2023\/11\/industrial-rice-mill.webp\" alt=\"Molino de arroz industrial\" class=\"wp-image-15103\" srcset=\"https:\/\/www.agriculture-machine.com\/wp-content\/uploads\/2023\/11\/industrial-rice-mill.webp 720w, https:\/\/www.agriculture-machine.com\/wp-content\/uploads\/2023\/11\/industrial-rice-mill-360x270.webp 360w, https:\/\/www.agriculture-machine.com\/wp-content\/uploads\/2023\/11\/industrial-rice-mill-240x180.webp 240w\" sizes=\"auto, (max-width: 720px) 100vw, 720px\" \/><figcaption class=\"wp-element-caption\">Molino de arroz industrial<\/figcaption><\/figure>    <figure class=\"wp-block-image size-large\"><img loading=\"lazy\" decoding=\"async\" width=\"720\" height=\"540\" data-id=\"15102\" src=\"https:\/\/www.agriculture-machine.com\/wp-content\/uploads\/2023\/11\/commercial-rice-milling-machine.webp\" alt=\"M\u00e1quina de molienda de arroz comercial\" class=\"wp-image-15102\" srcset=\"https:\/\/www.agriculture-machine.com\/wp-content\/uploads\/2023\/11\/commercial-rice-milling-machine.webp 720w, https:\/\/www.agriculture-machine.com\/wp-content\/uploads\/2023\/11\/commercial-rice-milling-machine-360x270.webp 360w, https:\/\/www.agriculture-machine.com\/wp-content\/uploads\/2023\/11\/commercial-rice-milling-machine-240x180.webp 240w\" sizes=\"auto, (max-width: 720px) 100vw, 720px\" \/><figcaption class=\"wp-element-caption\">M\u00e1quina de molienda de arroz comercial<\/figcaption><\/figure> <\/figure>    <h2 class=\"wp-block-heading\">Retroalimentaci\u00f3n en video del sitio de trabajo<\/h2>    <figure class=\"wp-block-embed is-type-video is-provider-youtube wp-block-embed-youtube wp-embed-aspect-16-9 wp-has-aspect-ratio\"><div class=\"wp-block-embed__wrapper\"> <iframe loading=\"lazy\" title=\"Unidad de molienda de arroz de peque\u00f1a capacidad de alta eficiencia: producci\u00f3n automatizada de arroz de buena calidad que necesitas\" width=\"500\" height=\"281\" src=\"https:\/\/www.youtube.com\/embed\/etQycQKF09A?feature=oembed\" frameborder=\"0\" allow=\"accelerometer; autoplay; clipboard-write; encrypted-media; gyroscope; picture-in-picture; web-share\" referrerpolicy=\"strict-origin-when-cross-origin\" allowfullscreen><\/iframe> <\/div><\/figure>    <h2 class=\"wp-block-heading\">Ventajas de las m\u00e1quinas de molienda de arroz comerciales<\/h2>    <div class=\"wp-block-media-text is-stacked-on-mobile\"><figure class=\"wp-block-media-text__media\"><img loading=\"lazy\" decoding=\"async\" width=\"405\" height=\"540\" src=\"https:\/\/www.agriculture-machine.com\/wp-content\/uploads\/2023\/11\/rice-mill-applications-405x540.webp\" alt=\"Aplicaciones de molino de arroz\" class=\"wp-image-15099 size-full\" srcset=\"https:\/\/www.agriculture-machine.com\/wp-content\/uploads\/2023\/11\/rice-mill-applications-405x540.webp 405w, https:\/\/www.agriculture-machine.com\/wp-content\/uploads\/2023\/11\/rice-mill-applications-203x270.webp 203w, https:\/\/www.agriculture-machine.com\/wp-content\/uploads\/2023\/11\/rice-mill-applications.webp 540w\" sizes=\"auto, (max-width: 405px) 100vw, 405px\" \/><\/figure><div class=\"wp-block-media-text__content\"> <ol class=\"wp-block-list\"> <li>Bajo nivel de ruido, sin contaminaci\u00f3n de polvo;<\/li>    <li>L\u00ednea de producci\u00f3n totalmente automatizada, reduciendo la intervenci\u00f3n manual;<\/li>    <li>Estructura sencilla, f\u00e1cil de mantener y operar, relativamente econ\u00f3mica;<\/li>    <li>La c\u00e1scara de arroz producida puede usarse para hacer pienso para animales;<\/li>    <li>Alta tasa de limpieza. Equipado con la m\u00e1quina de deshuesado, puede eliminar m\u00e1s del 90% de las impurezas;<\/li>    <li>Se utilizan materiales y procesos de fabricaci\u00f3n de alta calidad para ofrecer una durabilidad superior y reducir los costos de mantenimiento.<\/li> <\/ol>    <p class=\"translation-block\">Adem\u00e1s, fabricamos <strong><a href=\"https:\/\/www.agriculture-machine.com\/es\/rice-mill-category\/rice-mill-production-line\/\">m\u00e1quinas con cuatro configuraciones est\u00e1ndar de 20, 25 y 30 toneladas por hora con diferentes salidas<\/a><\/strong>, para que pueda elegir seg\u00fan el tama\u00f1o de su industria y su presupuesto.<\/p> <\/div><\/div>    <h2 class=\"wp-block-heading\">Lista de m\u00e1quinas principales de la planta de molino de arroz<\/h2>    <p>La unidad completa de molienda de arroz consta principalmente de las siguientes m\u00e1quinas: dos elevadores, un deshuesador de arroz paddy, un descascarador de arroz paddy, un separador de arroz por gravedad y un molino de arroz. Esto representa la planta de molino de arroz m\u00e1s b\u00e1sica.<\/p>    <p>El paddy se alimenta en la m\u00e1quina de limpieza y deshuesado mediante un solo elevador para eliminar grandes impurezas y piedras laterales, y luego se alimenta en la m\u00e1quina de descascarado mediante un doble elevador para el descascarado. <\/p>    <p>El elevador transporta el paddy a la criba de gravedad para su clasificaci\u00f3n, el paddy sin c\u00e1scara se devuelve al descascarador mediante la criba de gravedad, y el arroz marr\u00f3n entra en la m\u00e1quina de molienda de arroz, donde se muele para un procesamiento m\u00e1s profundo, y finalmente se tamiza para arroz roto. Los detalles de cada equipo son los siguientes.<\/p>    <figure class=\"wp-block-image size-full\"><img loading=\"lazy\" decoding=\"async\" width=\"720\" height=\"540\" src=\"https:\/\/www.agriculture-machine.com\/wp-content\/uploads\/2023\/11\/15TPD-white-rice-making-line-structure.webp\" alt=\"Estructura de l\u00ednea de producci\u00f3n de arroz blanco de 15TPD\" class=\"wp-image-15147\" srcset=\"https:\/\/www.agriculture-machine.com\/wp-content\/uploads\/2023\/11\/15TPD-white-rice-making-line-structure.webp 720w, https:\/\/www.agriculture-machine.com\/wp-content\/uploads\/2023\/11\/15TPD-white-rice-making-line-structure-360x270.webp 360w, https:\/\/www.agriculture-machine.com\/wp-content\/uploads\/2023\/11\/15TPD-white-rice-making-line-structure-240x180.webp 240w\" sizes=\"auto, (max-width: 720px) 100vw, 720px\" \/><figcaption class=\"wp-element-caption\">Estructura de l\u00ednea de producci\u00f3n de arroz blanco de 15TPD<\/figcaption><\/figure>    <h2 class=\"wp-block-heading\">Flujo de trabajo de la l\u00ednea de procesamiento de arroz blanco<\/h2>   <div id=\"rank-math-faq\" class=\"rank-math-block\"> <div class=\"rank-math-list\"> <div id=\"faq-question-1699512742461\" class=\"rank-math-list-item\"> <h3 class=\"rank-math-question\">1. Deshuesador de arroz paddy<\/h3> <div class=\"rank-math-answer\">  <p>Este equipo tiene 2 capas de tamices, la primera capa en la parte superior elimina principalmente impurezas de paja m\u00e1s grandes, y la segunda capa en la parte inferior elimina piedras.<\/p>  <\/div> <\/div> <div id=\"faq-question-1699512762727\" class=\"rank-math-list-item\"> <h3 class=\"rank-math-question\">2. Descascaradora de arroz paddy<\/h3> <div class=\"rank-math-answer\">  <p>La funci\u00f3n de este dispositivo es eliminar la c\u00e1scara y la mezcla de arroz marr\u00f3n y paddy obtenida. La tasa de descascarado es de hasta 85-90 por ciento.<\/p>  <\/div> <\/div> <div id=\"faq-question-1699512816614\" class=\"rank-math-list-item\"> <h3 class=\"rank-math-question\">Separador de arroz por gravedad de 3 etapas<\/h3> <div class=\"rank-math-answer\">  <p>Este dispositivo se divide en tres zonas: arroz marr\u00f3n, mezcla de arroz paddy marr\u00f3n y paddy. El paddy se devuelve a la descascaradora para una operaci\u00f3n secundaria, mientras que el arroz marr\u00f3n puede ir a la planta de molino de arroz.<\/p>  <\/div> <\/div> <div id=\"faq-question-1699512826277\" class=\"rank-math-list-item\"> <h3 class=\"rank-math-question\">4. M\u00e1quina de molienda de arroz<\/h3> <div class=\"rank-math-answer\">  <p>La m\u00e1quina m\u00e1s central en la planta de molino de arroz muele las part\u00edculas de grano que han sido descascaradas. Este paso ayuda a separar a\u00fan m\u00e1s el arroz o la porci\u00f3n de harina.<\/p>  <\/div> <\/div> <div id=\"faq-question-1699512836037\" class=\"rank-math-list-item\"> <h3 class=\"rank-math-question\">5. Clasificador de arroz<\/h3> <div class=\"rank-math-answer\">  <p>Al final, obtendr\u00e1 un 2% de arroz roto, la funci\u00f3n de este equipo es tamizar con arroz completo. Es mejor no superar el 12.5% de humedad en el grano crudo. De lo contrario, cuanto mayor sea la humedad, mayor ser\u00e1 la tasa de arroz roto.<\/p>  <\/div> <\/div> <\/div> <\/div>   <figure class=\"wp-block-gallery has-nested-images columns-default is-cropped wp-block-gallery-4 is-layout-flex wp-block-gallery-is-layout-flex\"> <figure class=\"wp-block-image size-large\"><img loading=\"lazy\" decoding=\"async\" width=\"720\" height=\"540\" data-id=\"15105\" src=\"https:\/\/www.agriculture-machine.com\/wp-content\/uploads\/2023\/11\/mini-rice-mill-plant.webp\" alt=\"Mini planta de molino de arroz\" class=\"wp-image-15105\" srcset=\"https:\/\/www.agriculture-machine.com\/wp-content\/uploads\/2023\/11\/mini-rice-mill-plant.webp 720w, https:\/\/www.agriculture-machine.com\/wp-content\/uploads\/2023\/11\/mini-rice-mill-plant-360x270.webp 360w, https:\/\/www.agriculture-machine.com\/wp-content\/uploads\/2023\/11\/mini-rice-mill-plant-240x180.webp 240w\" sizes=\"auto, (max-width: 720px) 100vw, 720px\" \/><figcaption class=\"wp-element-caption\">Mini planta de molino de arroz<\/figcaption><\/figure>    <figure class=\"wp-block-image size-large\"><img loading=\"lazy\" decoding=\"async\" width=\"720\" height=\"540\" data-id=\"15104\" src=\"https:\/\/www.agriculture-machine.com\/wp-content\/uploads\/2023\/11\/efficient-rice-processing.webp\" alt=\"procesamiento eficiente de arroz\" class=\"wp-image-15104\" srcset=\"https:\/\/www.agriculture-machine.com\/wp-content\/uploads\/2023\/11\/efficient-rice-processing.webp 720w, https:\/\/www.agriculture-machine.com\/wp-content\/uploads\/2023\/11\/efficient-rice-processing-360x270.webp 360w, https:\/\/www.agriculture-machine.com\/wp-content\/uploads\/2023\/11\/efficient-rice-processing-240x180.webp 240w\" sizes=\"auto, (max-width: 720px) 100vw, 720px\" \/><figcaption class=\"wp-element-caption\">procesamiento eficiente de arroz<\/figcaption><\/figure> <\/figure>    <h2 class=\"wp-block-heading\">Casos de \u00e9xito en plantas de procesamiento de arroz eficientes<\/h2>    <p>Las plantas de molino de arroz se utilizan ampliamente en pa\u00edses de todo el mundo, especialmente en pa\u00edses que dependen en gran medida de cereales como arroz y trigo como su principal fuente de alimento. Nuestra empresa ha enviado esta unidad a India, Kenia, Indonesia, Bangladesh, Nigeria, Ir\u00e1n, Ghana, Togo, Malawi, Brasil, Estados Unidos, Filipinas, y otros.<\/p>    <p class=\"translation-block\">A continuaci\u00f3n, una imagen de la m\u00e1quina siendo cargada y enviada y una imagen de nuestra visita de un <strong><a href=\"https:\/\/www.agriculture-machine.com\/es\/rice-milling-machinery-nigeria-customer-visit\/\">cliente a la f\u00e1brica<\/a><\/strong>.<\/p>    <figure class=\"wp-block-gallery has-nested-images columns-default is-cropped wp-block-gallery-5 is-layout-flex wp-block-gallery-is-layout-flex\"> <figure class=\"wp-block-image size-large\"><img loading=\"lazy\" decoding=\"async\" width=\"720\" height=\"540\" data-id=\"15107\" src=\"https:\/\/www.agriculture-machine.com\/wp-content\/uploads\/2023\/11\/paddy-processing-equipment.webp\" alt=\"Equipo de procesamiento de paddy\" class=\"wp-image-15107\" srcset=\"https:\/\/www.agriculture-machine.com\/wp-content\/uploads\/2023\/11\/paddy-processing-equipment.webp 720w, https:\/\/www.agriculture-machine.com\/wp-content\/uploads\/2023\/11\/paddy-processing-equipment-360x270.webp 360w, https:\/\/www.agriculture-machine.com\/wp-content\/uploads\/2023\/11\/paddy-processing-equipment-240x180.webp 240w\" sizes=\"auto, (max-width: 720px) 100vw, 720px\" \/><figcaption class=\"wp-element-caption\">Equipo de procesamiento de paddy<\/figcaption><\/figure>    <figure class=\"wp-block-image size-large\"><img loading=\"lazy\" decoding=\"async\" width=\"720\" height=\"540\" data-id=\"15106\" src=\"https:\/\/www.agriculture-machine.com\/wp-content\/uploads\/2023\/11\/advanced-milling-technology.webp\" alt=\"tecnolog\u00eda avanzada de molienda\" class=\"wp-image-15106\" srcset=\"https:\/\/www.agriculture-machine.com\/wp-content\/uploads\/2023\/11\/advanced-milling-technology.webp 720w, https:\/\/www.agriculture-machine.com\/wp-content\/uploads\/2023\/11\/advanced-milling-technology-360x270.webp 360w, https:\/\/www.agriculture-machine.com\/wp-content\/uploads\/2023\/11\/advanced-milling-technology-240x180.webp 240w\" sizes=\"auto, (max-width: 720px) 100vw, 720px\" \/><figcaption class=\"wp-element-caption\">tecnolog\u00eda avanzada de molienda<\/figcaption><\/figure> <\/figure>    <p>Por supuesto, si desea saber m\u00e1s sobre los par\u00e1metros de la planta de molino de arroz, informaci\u00f3n de instalaci\u00f3n y mantenimiento, o si desea comprar una l\u00ednea de producci\u00f3n de mayor escala, por favor navegue por nuestro sitio web, y puede contactarnos en cualquier momento, nuestro gerente de negocios le responder\u00e1 en 24 horas.<\/p>","protected":false},"excerpt":{"rendered":"<p>A complete rice mill plant is a process that helps to separate the husk and bran from the rice paddy to finally produce refined rice. By using our rice milling unit, you can get fully milled, white rice grains that are free from impurities and contain a minimum number of broken grains, and the white [&hellip;]<\/p>\n","protected":false},"author":1,"featured_media":15097,"parent":0,"comment_status":"closed","ping_status":"closed","template":"","tags":[796],"product-type":[875,906],"class_list":["post-15095","product","type-product","status-publish","has-post-thumbnail","hentry","tag-rice","product-type-rice-mill-category","product-type-rice-mill-production-line"],"_links":{"self":[{"href":"https:\/\/www.agriculture-machine.com\/es\/wp-json\/wp\/v2\/product\/15095","targetHints":{"allow":["GET"]}}],"collection":[{"href":"https:\/\/www.agriculture-machine.com\/es\/wp-json\/wp\/v2\/product"}],"about":[{"href":"https:\/\/www.agriculture-machine.com\/es\/wp-json\/wp\/v2\/types\/product"}],"author":[{"embeddable":true,"href":"https:\/\/www.agriculture-machine.com\/es\/wp-json\/wp\/v2\/users\/1"}],"replies":[{"embeddable":true,"href":"https:\/\/www.agriculture-machine.com\/es\/wp-json\/wp\/v2\/comments?post=15095"}],"wp:featuredmedia":[{"embeddable":true,"href":"https:\/\/www.agriculture-machine.com\/es\/wp-json\/wp\/v2\/media\/15097"}],"wp:attachment":[{"href":"https:\/\/www.agriculture-machine.com\/es\/wp-json\/wp\/v2\/media?parent=15095"}],"wp:term":[{"taxonomy":"post_tag","embeddable":true,"href":"https:\/\/www.agriculture-machine.com\/es\/wp-json\/wp\/v2\/tags?post=15095"},{"taxonomy":"product-type","embeddable":true,"href":"https:\/\/www.agriculture-machine.com\/es\/wp-json\/wp\/v2\/product-type?post=15095"}],"curies":[{"name":"wp","href":"https:\/\/api.w.org\/{rel}","templated":true}]}}