{"id":15096,"date":"2023-11-09T15:54:45","date_gmt":"2023-11-09T07:54:45","guid":{"rendered":"https:\/\/www.agriculture-machine.com\/?post_type=product&#038;p=15096"},"modified":"2024-09-18T15:43:21","modified_gmt":"2024-09-18T07:43:21","slug":"paddy-processing-unit","status":"publish","type":"product","link":"https:\/\/www.agriculture-machine.com\/es\/paddy-processing-unit\/","title":{"rendered":"Unidad de procesamiento de arroz de 20 toneladas\/d\u00eda para planta de fabricaci\u00f3n de arroz blanco"},"content":{"rendered":"<p class=\"translation-block\">La <strong><a href=\"https:\/\/www.agriculture-machine.com\/es\/rice-milling-plant-machine\/\">unidad de procesamiento de paddy<\/a><\/strong> es un sistema de equipos dise\u00f1ado espec\u00edficamente para procesar arroz, eliminando el paddy de la c\u00e1scara y produciendo arroz de alta calidad. Esta l\u00ednea generalmente incluye procesos como deshuesado, descascarado, eliminaci\u00f3n de c\u00e1scara y tamizado, realizados por una serie de m\u00e1quinas y equipos espec\u00edficos que trabajan en conjunto.<\/p>    <figure class=\"wp-block-gallery has-nested-images columns-default is-cropped wp-block-gallery-2 is-layout-flex wp-block-gallery-is-layout-flex\"> <figure class=\"wp-block-image size-large\"><img loading=\"lazy\" decoding=\"async\" width=\"405\" height=\"540\" data-id=\"15110\" src=\"https:\/\/www.agriculture-machine.com\/wp-content\/uploads\/2023\/11\/white-rice-making-plant-405x540.webp\" alt=\"planta de fabricaci\u00f3n de arroz blanco\" class=\"wp-image-15110\" srcset=\"https:\/\/www.agriculture-machine.com\/wp-content\/uploads\/2023\/11\/white-rice-making-plant-405x540.webp 405w, https:\/\/www.agriculture-machine.com\/wp-content\/uploads\/2023\/11\/white-rice-making-plant-203x270.webp 203w, https:\/\/www.agriculture-machine.com\/wp-content\/uploads\/2023\/11\/white-rice-making-plant.webp 540w\" sizes=\"auto, (max-width: 405px) 100vw, 405px\" \/><figcaption class=\"wp-element-caption\">planta de fabricaci\u00f3n de arroz blanco<\/figcaption><\/figure>    <figure class=\"wp-block-image size-large\"><img loading=\"lazy\" decoding=\"async\" width=\"405\" height=\"540\" data-id=\"15109\" src=\"https:\/\/www.agriculture-machine.com\/wp-content\/uploads\/2023\/11\/paddy-processing-unit-405x540.webp\" alt=\"unidad de procesamiento de paddy\" class=\"wp-image-15109\" srcset=\"https:\/\/www.agriculture-machine.com\/wp-content\/uploads\/2023\/11\/paddy-processing-unit-405x540.webp 405w, https:\/\/www.agriculture-machine.com\/wp-content\/uploads\/2023\/11\/paddy-processing-unit-203x270.webp 203w, https:\/\/www.agriculture-machine.com\/wp-content\/uploads\/2023\/11\/paddy-processing-unit.webp 540w\" sizes=\"auto, (max-width: 405px) 100vw, 405px\" \/><figcaption class=\"wp-element-caption\">unidad de procesamiento de paddy<\/figcaption><\/figure> <\/figure>    <p class=\"translation-block\"><strong><a href=\"https:\/\/www.agriculture-machine.com\/es\/rice-mill-category\/rice-mill-production-line\/\">Las l\u00edneas de molienda de arroz<\/a><\/strong> pueden variar en tama\u00f1o y capacidad dependiendo de la demanda, desde uso dom\u00e9stico a peque\u00f1a escala hasta uso industrial a gran escala.<\/p>    <h2 class=\"wp-block-heading\">Par\u00e1metros de la unidad de procesamiento de paddy de 20TPD<\/h2>    <figure class=\"wp-block-table is-style-stripes\"><table><tbody><tr><td class=\"has-text-align-center\" data-align=\"center\"><strong>No.<\/strong><\/td><td class=\"has-text-align-center\" data-align=\"center\"><strong>Art\u00edculo<\/strong><\/td><td class=\"has-text-align-center\" data-align=\"center\"><strong>Potencia (KW)<\/strong><\/td><td class=\"has-text-align-center\" data-align=\"center\"><strong>Potencia (KW)<\/strong><\/td><\/tr><tr><td class=\"has-text-align-center\" data-align=\"center\">1<\/td><td class=\"has-text-align-center\" data-align=\"center\">Elevador<\/td><td class=\"has-text-align-center\" data-align=\"center\">TDTG18\/08<\/td><td class=\"has-text-align-center\" data-align=\"center\">0.75<\/td><\/tr><tr><td class=\"has-text-align-center\" data-align=\"center\">2<\/td><td class=\"has-text-align-center\" data-align=\"center\">Prelimpiador &nbsp;<\/td><td class=\"has-text-align-center\" data-align=\"center\">SCQY40<\/td><td class=\"has-text-align-center\" data-align=\"center\">0.55<\/td><\/tr><tr><td class=\"has-text-align-center\" data-align=\"center\">3<\/td><td class=\"has-text-align-center\" data-align=\"center\">Deshuesador de arroz paddy<\/td><td class=\"has-text-align-center\" data-align=\"center\">ZQS50A<\/td><td class=\"has-text-align-center\" data-align=\"center\">1.1+1.5<\/td><\/tr><tr><td class=\"has-text-align-center\" data-align=\"center\">4<\/td><td class=\"has-text-align-center\" data-align=\"center\">Elevador<\/td><td class=\"has-text-align-center\" data-align=\"center\">TDTG18\/08*2<\/td><td class=\"has-text-align-center\" data-align=\"center\">0.75<\/td><\/tr><tr><td class=\"has-text-align-center\" data-align=\"center\">5<\/td><td class=\"has-text-align-center\" data-align=\"center\">Desgranadora de paddy (rodillo de goma de 6 pulgadas)<\/td><td class=\"has-text-align-center\" data-align=\"center\">LG15A<\/td><td class=\"has-text-align-center\" data-align=\"center\">4<\/td><\/tr><tr><td class=\"has-text-align-center\" data-align=\"center\">6<\/td><td class=\"has-text-align-center\" data-align=\"center\">Separador de arroz por gravedad<\/td><td class=\"has-text-align-center\" data-align=\"center\">MGCZ70*5A<\/td><td class=\"has-text-align-center\" data-align=\"center\">0.75<\/td><\/tr><tr><td class=\"has-text-align-center\" data-align=\"center\">7<\/td><td class=\"has-text-align-center\" data-align=\"center\">Molino de arroz (rodillo de carburo de emery)<\/td><td class=\"has-text-align-center\" data-align=\"center\">NS150<\/td><td class=\"has-text-align-center\" data-align=\"center\">15<\/td><\/tr><tr><td class=\"has-text-align-center\" data-align=\"center\">8<\/td><td class=\"has-text-align-center\" data-align=\"center\">Clasificador de arroz<\/td><td class=\"has-text-align-center\" data-align=\"center\">40<\/td><td class=\"has-text-align-center\" data-align=\"center\">0.55<\/td><\/tr><\/tbody><\/table><\/figure>    <h2 class=\"wp-block-heading\">Mostrar materias primas procesables de la unidad de procesamiento de paddy<\/h2>    <p>La materia prima principal para una l\u00ednea de producci\u00f3n de molino de arroz es el paddy, generalmente el grano de arroz sin procesar. Tambi\u00e9n se pueden procesar cebada y trigo.<\/p>    <figure class=\"wp-block-gallery has-nested-images columns-default is-cropped wp-block-gallery-3 is-layout-flex wp-block-gallery-is-layout-flex\"> <figure class=\"wp-block-image size-large\"><img loading=\"lazy\" decoding=\"async\" width=\"720\" height=\"540\" data-id=\"15117\" src=\"https:\/\/www.agriculture-machine.com\/wp-content\/uploads\/2023\/11\/rice-paddy.webp\" alt=\"paddy de arroz\" class=\"wp-image-15117\" srcset=\"https:\/\/www.agriculture-machine.com\/wp-content\/uploads\/2023\/11\/rice-paddy.webp 720w, https:\/\/www.agriculture-machine.com\/wp-content\/uploads\/2023\/11\/rice-paddy-360x270.webp 360w, https:\/\/www.agriculture-machine.com\/wp-content\/uploads\/2023\/11\/rice-paddy-240x180.webp 240w\" sizes=\"auto, (max-width: 720px) 100vw, 720px\" \/><figcaption class=\"wp-element-caption\">paddy de arroz<\/figcaption><\/figure>    <figure class=\"wp-block-image size-large\"><img loading=\"lazy\" decoding=\"async\" width=\"720\" height=\"540\" data-id=\"15116\" src=\"https:\/\/www.agriculture-machine.com\/wp-content\/uploads\/2023\/11\/rice-crops.webp\" alt=\"cultivos de arroz\" class=\"wp-image-15116\" srcset=\"https:\/\/www.agriculture-machine.com\/wp-content\/uploads\/2023\/11\/rice-crops.webp 720w, https:\/\/www.agriculture-machine.com\/wp-content\/uploads\/2023\/11\/rice-crops-360x270.webp 360w, https:\/\/www.agriculture-machine.com\/wp-content\/uploads\/2023\/11\/rice-crops-240x180.webp 240w\" sizes=\"auto, (max-width: 720px) 100vw, 720px\" \/><figcaption class=\"wp-element-caption\">cultivos de arroz<\/figcaption><\/figure> <\/figure>    <h2 class=\"wp-block-heading\">El producto terminado que puede obtenerse<\/h2>    <p>Las unidades de molienda de arroz generalmente producen arroz blanco, con la capa exterior de salvado (c\u00e1scara) eliminada. Este arroz blanco suele ser preferido porque tiene mejor sabor y apariencia. <\/p>    <p>Adem\u00e1s de esto, la c\u00e1scara obtenida del descascarador puede ser triturada y posteriormente convertida en pienso para animales.<\/p>    <p>Las diferentes l\u00edneas de producci\u00f3n de molienda de arroz pueden producir diferentes tipos de arroz, como arroz arom\u00e1tico de grano largo, arroz de grano corto, arroz integral, etc., para satisfacer diversas demandas del mercado.<\/p>    <figure class=\"wp-block-gallery has-nested-images columns-default is-cropped wp-block-gallery-4 is-layout-flex wp-block-gallery-is-layout-flex\"> <figure class=\"wp-block-image size-large\"><img loading=\"lazy\" decoding=\"async\" width=\"720\" height=\"540\" data-id=\"15118\" src=\"https:\/\/www.agriculture-machine.com\/wp-content\/uploads\/2023\/11\/polished-rice.webp\" alt=\"arroz pulido\" class=\"wp-image-15118\" srcset=\"https:\/\/www.agriculture-machine.com\/wp-content\/uploads\/2023\/11\/polished-rice.webp 720w, https:\/\/www.agriculture-machine.com\/wp-content\/uploads\/2023\/11\/polished-rice-360x270.webp 360w, https:\/\/www.agriculture-machine.com\/wp-content\/uploads\/2023\/11\/polished-rice-240x180.webp 240w\" sizes=\"auto, (max-width: 720px) 100vw, 720px\" \/><figcaption class=\"wp-element-caption\">arroz pulido<\/figcaption><\/figure>    <figure class=\"wp-block-image size-large\"><img loading=\"lazy\" decoding=\"async\" width=\"720\" height=\"540\" data-id=\"15119\" src=\"https:\/\/www.agriculture-machine.com\/wp-content\/uploads\/2023\/11\/white-rice-production.webp\" alt=\"producci\u00f3n de arroz blanco\" class=\"wp-image-15119\" srcset=\"https:\/\/www.agriculture-machine.com\/wp-content\/uploads\/2023\/11\/white-rice-production.webp 720w, https:\/\/www.agriculture-machine.com\/wp-content\/uploads\/2023\/11\/white-rice-production-360x270.webp 360w, https:\/\/www.agriculture-machine.com\/wp-content\/uploads\/2023\/11\/white-rice-production-240x180.webp 240w\" sizes=\"auto, (max-width: 720px) 100vw, 720px\" \/><figcaption class=\"wp-element-caption\">producci\u00f3n de arroz blanco<\/figcaption><\/figure> <\/figure>    <figure class=\"wp-block-gallery has-nested-images columns-default is-cropped wp-block-gallery-5 is-layout-flex wp-block-gallery-is-layout-flex\"> <figure class=\"wp-block-image size-large\"><img loading=\"lazy\" decoding=\"async\" width=\"405\" height=\"540\" data-id=\"15137\" src=\"https:\/\/www.agriculture-machine.com\/wp-content\/uploads\/2023\/11\/white-and-brown-rice-405x540.webp\" alt=\"Arroz blanco y arroz integral\" class=\"wp-image-15137\" srcset=\"https:\/\/www.agriculture-machine.com\/wp-content\/uploads\/2023\/11\/white-and-brown-rice-405x540.webp 405w, https:\/\/www.agriculture-machine.com\/wp-content\/uploads\/2023\/11\/white-and-brown-rice-203x270.webp 203w, https:\/\/www.agriculture-machine.com\/wp-content\/uploads\/2023\/11\/white-and-brown-rice.webp 540w\" sizes=\"auto, (max-width: 405px) 100vw, 405px\" \/><figcaption class=\"wp-element-caption\">Arroz blanco y arroz integral<\/figcaption><\/figure>    <figure class=\"wp-block-image size-large\"><img loading=\"lazy\" decoding=\"async\" width=\"405\" height=\"540\" data-id=\"15138\" src=\"https:\/\/www.agriculture-machine.com\/wp-content\/uploads\/2023\/11\/white-rice-production-1-405x540.webp\" alt=\"producci\u00f3n de arroz blanco\" class=\"wp-image-15138\" srcset=\"https:\/\/www.agriculture-machine.com\/wp-content\/uploads\/2023\/11\/white-rice-production-1-405x540.webp 405w, https:\/\/www.agriculture-machine.com\/wp-content\/uploads\/2023\/11\/white-rice-production-1-203x270.webp 203w, https:\/\/www.agriculture-machine.com\/wp-content\/uploads\/2023\/11\/white-rice-production-1.webp 540w\" sizes=\"auto, (max-width: 405px) 100vw, 405px\" \/><figcaption class=\"wp-element-caption\">producci\u00f3n de arroz blanco<\/figcaption><\/figure> <\/figure>    <p>Adem\u00e1s, la c\u00e1scara de arroz obtenida del descascarador puede ser triturada y procesada para obtener materia prima para hacer pienso para animales. Las siguientes im\u00e1genes muestran la mezcla de c\u00e1scara antes y despu\u00e9s de triturar.<\/p>    <figure class=\"wp-block-gallery has-nested-images columns-default is-cropped wp-block-gallery-6 is-layout-flex wp-block-gallery-is-layout-flex\"> <figure class=\"wp-block-image size-large\"><img loading=\"lazy\" decoding=\"async\" width=\"405\" height=\"540\" data-id=\"15140\" src=\"https:\/\/www.agriculture-machine.com\/wp-content\/uploads\/2023\/11\/rice-husk-405x540.webp\" alt=\"c\u00e1scara de arroz\" class=\"wp-image-15140\" srcset=\"https:\/\/www.agriculture-machine.com\/wp-content\/uploads\/2023\/11\/rice-husk-405x540.webp 405w, https:\/\/www.agriculture-machine.com\/wp-content\/uploads\/2023\/11\/rice-husk-203x270.webp 203w, https:\/\/www.agriculture-machine.com\/wp-content\/uploads\/2023\/11\/rice-husk.webp 540w\" sizes=\"auto, (max-width: 405px) 100vw, 405px\" \/><figcaption class=\"wp-element-caption\">c\u00e1scara de arroz<\/figcaption><\/figure>    <figure class=\"wp-block-image size-large\"><img loading=\"lazy\" decoding=\"async\" width=\"405\" height=\"540\" data-id=\"15139\" src=\"https:\/\/www.agriculture-machine.com\/wp-content\/uploads\/2023\/11\/grain-chaff-mixture-405x540.webp\" alt=\"Mezcla de c\u00e1scara de grano\" class=\"wp-image-15139\" srcset=\"https:\/\/www.agriculture-machine.com\/wp-content\/uploads\/2023\/11\/grain-chaff-mixture-405x540.webp 405w, https:\/\/www.agriculture-machine.com\/wp-content\/uploads\/2023\/11\/grain-chaff-mixture-203x270.webp 203w, https:\/\/www.agriculture-machine.com\/wp-content\/uploads\/2023\/11\/grain-chaff-mixture.webp 540w\" sizes=\"auto, (max-width: 405px) 100vw, 405px\" \/><figcaption class=\"wp-element-caption\">Mezcla de c\u00e1scara de grano<\/figcaption><\/figure> <\/figure>    <h2 class=\"wp-block-heading\"><strong>Proceso de trabajo completo de la unidad de procesamiento de paddy de 20TPD<\/strong><\/h2>    <p>Para procesar de paddy a arroz de est\u00e1ndar nacional para la venta, es necesario seguir el siguiente proceso est\u00e1ndar: alimentaci\u00f3n de materia prima \u2192 limpiador vibratorio y m\u00e1quina de deshuesado \u2192 descascarador \u2192 separador de arroz \u2192 m\u00e1quina de molienda de arroz \u2192 tamiz de clasificaci\u00f3n de arroz blanco.<\/p>    <figure class=\"wp-block-image size-full\"><img loading=\"lazy\" decoding=\"async\" width=\"720\" height=\"540\" src=\"https:\/\/www.agriculture-machine.com\/wp-content\/uploads\/2023\/11\/paddy-rice-mill-production-plant.webp\" alt=\"planta de producci\u00f3n de molino de arroz de paddy\" class=\"wp-image-15112\" srcset=\"https:\/\/www.agriculture-machine.com\/wp-content\/uploads\/2023\/11\/paddy-rice-mill-production-plant.webp 720w, https:\/\/www.agriculture-machine.com\/wp-content\/uploads\/2023\/11\/paddy-rice-mill-production-plant-360x270.webp 360w, https:\/\/www.agriculture-machine.com\/wp-content\/uploads\/2023\/11\/paddy-rice-mill-production-plant-240x180.webp 240w\" sizes=\"auto, (max-width: 720px) 100vw, 720px\" \/><figcaption class=\"wp-element-caption\">planta de producci\u00f3n de molino de arroz de paddy<\/figcaption><\/figure>    <p>Al inicio de la unidad de procesamiento de paddy, el paddy se env\u00eda mediante un elevador simple para limpiar y deshuesar, eliminando grandes impurezas, y luego se env\u00eda mediante un elevador doble al descascarador para el descascarado, y la c\u00e1scara se descarga con el ventilador o se succiona hacia el triturador.<\/p>    <p>La c\u00e1scara se descarga fuera de la m\u00e1quina por el ventilador o se succiona hacia el triturador, y la mezcla de grano y arroz integral se transporta a la criba de gravedad mediante el elevador doble, y el arroz sin c\u00e1scara se env\u00eda de regreso al descascarador mediante la criba de gravedad.<\/p>    <p>El arroz sin c\u00e1scara se env\u00eda de regreso al descascarador mediante la criba de gravedad a este conducto, y el arroz integral entra en la m\u00e1quina de molienda de arroz, y la c\u00e1scara fina se succiona en la criba de arroz roto despu\u00e9s de ser pulido por la m\u00e1quina de molienda de arroz.<\/p>    <h2 class=\"wp-block-heading\">Qu\u00e9 <strong>De qu\u00e9 consta la planta de molino de arroz de 20TPD<\/strong><\/h2>    <ul class=\"wp-block-list\"> <li><strong>Prelimpiador:<\/strong> Eliminaci\u00f3n de algunas impurezas y granos sin llenar del grano de arroz;<\/li>    <li><strong>M\u00e1quina de deshuesado:<\/strong> Separaci\u00f3n de peque\u00f1as piedras del grano de arroz;<\/li>    <li><strong>Descascarador:<\/strong> Eliminaci\u00f3n de c\u00e1scaras del paddy para obtener arroz integral;<\/li>    <li><strong>Separador de granos:<\/strong> Separaci\u00f3n del grano sin c\u00e1scara del arroz integral;<\/li>    <li><strong>Molino de arroz:<\/strong> Equipo principal de la unidad de procesamiento de paddy, que elimina toda o parte de la capa de salvado y germen del arroz integral;<\/li>    <li><strong>Dispositivo de tamizado:<\/strong> Separaci\u00f3n de los fragmentos peque\u00f1os del arroz molido.<\/li> <\/ul>    <figure class=\"wp-block-image size-full\"><img loading=\"lazy\" decoding=\"async\" width=\"720\" height=\"540\" src=\"https:\/\/www.agriculture-machine.com\/wp-content\/uploads\/2023\/11\/20TPD-paddy-rice-mill-production-plant.webp\" alt=\"Planta de producci\u00f3n de molino de arroz de paddy de 20TPD\" class=\"wp-image-15149\" srcset=\"https:\/\/www.agriculture-machine.com\/wp-content\/uploads\/2023\/11\/20TPD-paddy-rice-mill-production-plant.webp 720w, https:\/\/www.agriculture-machine.com\/wp-content\/uploads\/2023\/11\/20TPD-paddy-rice-mill-production-plant-360x270.webp 360w, https:\/\/www.agriculture-machine.com\/wp-content\/uploads\/2023\/11\/20TPD-paddy-rice-mill-production-plant-240x180.webp 240w\" sizes=\"auto, (max-width: 720px) 100vw, 720px\" \/><figcaption class=\"wp-element-caption\">Planta de producci\u00f3n de molino de arroz de paddy de 20TPD<\/figcaption><\/figure>    <h2 class=\"wp-block-heading\">Beneficios de la planta de producci\u00f3n de arroz de paddy<\/h2>    <p class=\"translation-block\">Similar a la <strong><a href=\"https:\/\/www.agriculture-machine.com\/es\/rice-mill-plant\/\">unidad de procesamiento de arroz de 15TPD<\/a><\/strong>, excepto que se a\u00f1ade un limpiador antes del descascarador.<\/p>    <ol class=\"wp-block-list\"> <li>rendimiento mec\u00e1nico estable, operaci\u00f3n y mantenimiento convenientes.<\/li>    <li>El conjunto completo de equipos de molienda de arroz ocupa poco espacio y requiere baja inversi\u00f3n.<\/li>    <li>Mejorar el rendimiento del arroz y reducir el arroz roto.<\/li>    <li>seg\u00fan las necesidades de diferentes clientes, procesos dise\u00f1ados especialmente, combinaciones flexibles y procesamiento en diferentes arroces de alta calidad.<\/li>    <li>adoptando forma de estructura de acero, cada unidad individual es f\u00e1cil de desmontar y montar, lo que facilita a los usuarios comprar la m\u00e1quina individual requerida y otros equipos.<\/li> <\/ol>    <figure class=\"wp-block-gallery has-nested-images columns-default is-cropped wp-block-gallery-7 is-layout-flex wp-block-gallery-is-layout-flex\"> <figure class=\"wp-block-image size-large\"><img loading=\"lazy\" decoding=\"async\" width=\"720\" height=\"540\" data-id=\"15113\" src=\"https:\/\/www.agriculture-machine.com\/wp-content\/uploads\/2023\/11\/complete-rice-mill-plant-1.webp\" alt=\"planta completa de molino de arroz\" class=\"wp-image-15113\" srcset=\"https:\/\/www.agriculture-machine.com\/wp-content\/uploads\/2023\/11\/complete-rice-mill-plant-1.webp 720w, https:\/\/www.agriculture-machine.com\/wp-content\/uploads\/2023\/11\/complete-rice-mill-plant-1-360x270.webp 360w, https:\/\/www.agriculture-machine.com\/wp-content\/uploads\/2023\/11\/complete-rice-mill-plant-1-240x180.webp 240w\" sizes=\"auto, (max-width: 720px) 100vw, 720px\" \/><figcaption class=\"wp-element-caption\">planta completa de molino de arroz<\/figcaption><\/figure>    <figure class=\"wp-block-image size-full\"><img loading=\"lazy\" decoding=\"async\" width=\"720\" height=\"540\" data-id=\"15115\" src=\"https:\/\/www.agriculture-machine.com\/wp-content\/uploads\/2023\/11\/rice-milling-machine-production-line-1.webp\" alt=\"l\u00ednea de producci\u00f3n de m\u00e1quina de molienda de arroz\" class=\"wp-image-15115\" srcset=\"https:\/\/www.agriculture-machine.com\/wp-content\/uploads\/2023\/11\/rice-milling-machine-production-line-1.webp 720w, https:\/\/www.agriculture-machine.com\/wp-content\/uploads\/2023\/11\/rice-milling-machine-production-line-1-360x270.webp 360w, https:\/\/www.agriculture-machine.com\/wp-content\/uploads\/2023\/11\/rice-milling-machine-production-line-1-240x180.webp 240w\" sizes=\"auto, (max-width: 720px) 100vw, 720px\" \/><figcaption class=\"wp-element-caption\">l\u00ednea de producci\u00f3n de m\u00e1quina de molienda de arroz<\/figcaption><\/figure> <\/figure>    <h2 class=\"wp-block-heading\">Mantenimiento de las principales m\u00e1quinas<\/h2>    <ol class=\"wp-block-list\"> <li>El mantenimiento de toda la unidad de procesamiento de paddy debe realizarse cada 3 meses, y se debe hacer una revisi\u00f3n general una vez al a\u00f1o.<\/li>    <li>Todas las partes de transmisi\u00f3n deben lubricarse regularmente.<\/li>    <li>El rodamiento generalmente se cambia por grasa cada 6 meses.<\/li>    <li>La pantalla debe revisarse y limpiarse en cada turno para evitar que los agujeros se obstruyan, y la pantalla debe reemplazarse a tiempo cuando est\u00e9 rota para evitar fugas de material.<\/li>    <li>Donde los rodamientos se sobrecalienten, la grasa se endurezca, el color de la grasa se oscurezca, o la superficie de la grasa tenga gotas de agua y suciedad, la grasa debe reemplazarse inmediatamente.<\/li> <\/ol>    <p>Si desea obtener arroz blanco m\u00e1s delicado, tambi\u00e9n disponemos de una versi\u00f3n de alta calidad de la l\u00ednea de producci\u00f3n de la unidad de procesamiento de paddy, puede contactarnos. Personalizaremos un dise\u00f1o de planta de molienda de arroz especial seg\u00fan sus requisitos detallados.<\/p>","protected":false},"excerpt":{"rendered":"<p>The paddy processing unit is a system of equipment specifically designed to process rice by removing the paddy from the husk and producing high-quality rice. This line typically includes processing such as de-husking, de-hulling, de-chaffing, and sieving, with each of these steps being performed by a range of specific machines and equipment working in tandem. [&hellip;]<\/p>\n","protected":false},"author":1,"featured_media":15108,"parent":0,"comment_status":"closed","ping_status":"closed","template":"","tags":[796],"product-type":[875,906],"class_list":["post-15096","product","type-product","status-publish","has-post-thumbnail","hentry","tag-rice","product-type-rice-mill-category","product-type-rice-mill-production-line"],"_links":{"self":[{"href":"https:\/\/www.agriculture-machine.com\/es\/wp-json\/wp\/v2\/product\/15096","targetHints":{"allow":["GET"]}}],"collection":[{"href":"https:\/\/www.agriculture-machine.com\/es\/wp-json\/wp\/v2\/product"}],"about":[{"href":"https:\/\/www.agriculture-machine.com\/es\/wp-json\/wp\/v2\/types\/product"}],"author":[{"embeddable":true,"href":"https:\/\/www.agriculture-machine.com\/es\/wp-json\/wp\/v2\/users\/1"}],"replies":[{"embeddable":true,"href":"https:\/\/www.agriculture-machine.com\/es\/wp-json\/wp\/v2\/comments?post=15096"}],"wp:featuredmedia":[{"embeddable":true,"href":"https:\/\/www.agriculture-machine.com\/es\/wp-json\/wp\/v2\/media\/15108"}],"wp:attachment":[{"href":"https:\/\/www.agriculture-machine.com\/es\/wp-json\/wp\/v2\/media?parent=15096"}],"wp:term":[{"taxonomy":"post_tag","embeddable":true,"href":"https:\/\/www.agriculture-machine.com\/es\/wp-json\/wp\/v2\/tags?post=15096"},{"taxonomy":"product-type","embeddable":true,"href":"https:\/\/www.agriculture-machine.com\/es\/wp-json\/wp\/v2\/product-type?post=15096"}],"curies":[{"name":"wp","href":"https:\/\/api.w.org\/{rel}","templated":true}]}}