{"id":15120,"date":"2023-11-13T10:46:11","date_gmt":"2023-11-13T02:46:11","guid":{"rendered":"https:\/\/www.agriculture-machine.com\/?post_type=product&#038;p=15120"},"modified":"2024-09-18T15:43:33","modified_gmt":"2024-09-18T07:43:33","slug":"paddy-milling-line","status":"publish","type":"product","link":"https:\/\/www.agriculture-machine.com\/es\/paddy-milling-line\/","title":{"rendered":"L\u00ednea autom\u00e1tica de molienda de arroz de 25 y 30TPD, planta de procesamiento de arroz"},"content":{"rendered":"<p class=\"translation-block\">La capacidad de 25 y 30 toneladas\/d\u00eda <strong><a href=\"https:\/\/www.agriculture-machine.com\/es\/rice-mill-category\/rice-mill-production-line\/\">rice paddy milling line<\/a><\/strong> es una planta de equipo altamente eficiente, completamente autom\u00e1tica, dise\u00f1ada para la producci\u00f3n de arroz a gran escala. La l\u00ednea integra m\u00faltiples procesos como limpieza, pelado, molienda y cribado, y es capaz de procesar r\u00e1pidamente paddy en arroz de alta calidad.<\/p>    <figure class=\"wp-block-image size-full\"><img loading=\"lazy\" decoding=\"async\" width=\"720\" height=\"540\" src=\"https:\/\/www.agriculture-machine.com\/wp-content\/uploads\/2023\/11\/paddy-mill-rice-processing-line.webp\" alt=\"l\u00ednea de procesamiento de arroz de molienda de paddy\" class=\"wp-image-15153\" srcset=\"https:\/\/www.agriculture-machine.com\/wp-content\/uploads\/2023\/11\/paddy-mill-rice-processing-line.webp 720w, https:\/\/www.agriculture-machine.com\/wp-content\/uploads\/2023\/11\/paddy-mill-rice-processing-line-360x270.webp 360w, https:\/\/www.agriculture-machine.com\/wp-content\/uploads\/2023\/11\/paddy-mill-rice-processing-line-240x180.webp 240w\" sizes=\"auto, (max-width: 720px) 100vw, 720px\" \/><figcaption class=\"wp-element-caption\">l\u00ednea de procesamiento de arroz de molienda de paddy<\/figcaption><\/figure>    <p>Su alto caudal y tecnolog\u00eda avanzada aseguran la eficiencia de la producci\u00f3n y la calidad de la molienda, cumpliendo plenamente con est\u00e1ndares de higiene y seguridad alimentaria. Esta l\u00ednea de paddy milling es adecuada para usarse en grandes campos de paddy o plantas de procesamiento de arroz, ofrece a los usuarios una soluci\u00f3n de producci\u00f3n de arroz confiable y sostenible.<\/p>    <h2 class=\"wp-block-heading\">Estructura y par\u00e1metros de las soluciones de molienda de arroz Milltec<\/h2>    <p class=\"translation-block\">The machine&#8217;s composition of the 25 and 30-ton paddy milling lines is the same as that of the <strong><a href=\"https:\/\/www.agriculture-machine.com\/es\/rice-mill-plant\/\">15TPD Rice Mill Plant<\/a><\/strong>. However, their size increases as production increases. The 25TPD destoner is larger than the <strong><a href=\"https:\/\/www.agriculture-machine.com\/es\/paddy-processing-unit\/\">20TPD standard production line<\/a><\/strong> and is equipped with a flat gyratory screen.<\/p>    <p>Tanto las l\u00edneas de paddy milling de 25 y 30 TPD tienen la misma composici\u00f3n y funciones; solo difieren el modelo y la potencia requerida. Cabe se\u00f1alar que la desgranadora est\u00e1 equipada con dos polipastos en la parte trasera, que funcionan de la siguiente manera:<\/p>    <ul class=\"wp-block-list\"> <li>Canal 1: Lleva el arroz paddy limpio a Paddy Rice Husker<\/li>    <li>Canal 2: Recicla la mezcla de arroz moreno y paddy hacia el Separador de Paddy por gravedad<\/li> <\/ul>    <h3 class=\"wp-block-heading\">25TPD Rice Mill Polishing Machines<\/h3>    <div class=\"wp-block-media-text is-stacked-on-mobile\"><figure class=\"wp-block-media-text__media\"><img loading=\"lazy\" decoding=\"async\" width=\"720\" height=\"540\" src=\"https:\/\/www.agriculture-machine.com\/wp-content\/uploads\/2023\/11\/25T-rice-polishing-machines-structure.webp\" alt=\"estructura de las herramientas de pulido de arroz 25T\" class=\"wp-image-15122 size-full\" srcset=\"https:\/\/www.agriculture-machine.com\/wp-content\/uploads\/2023\/11\/25T-rice-polishing-machines-structure.webp 720w, https:\/\/www.agriculture-machine.com\/wp-content\/uploads\/2023\/11\/25T-rice-polishing-machines-structure-360x270.webp 360w, https:\/\/www.agriculture-machine.com\/wp-content\/uploads\/2023\/11\/25T-rice-polishing-machines-structure-240x180.webp 240w\" sizes=\"auto, (max-width: 720px) 100vw, 720px\" \/><\/figure><div class=\"wp-block-media-text__content\"> <figure class=\"wp-block-table is-style-stripes\"><table><tbody><tr><td class=\"has-text-align-center\" data-align=\"center\"><strong>No.<\/strong><strong><\/strong><\/td><td class=\"has-text-align-center\" data-align=\"center\"><strong>Art\u00edculo<\/strong><strong><\/strong><\/td><td class=\"has-text-align-center\" data-align=\"center\"><strong>Modelo<\/strong><strong><\/strong><\/td><td class=\"has-text-align-center\" data-align=\"center\"><strong>Potencia\uff08kw\uff09<\/strong><strong><\/strong><\/td><\/tr><tr><td class=\"has-text-align-center\" data-align=\"center\">1<\/td><td class=\"has-text-align-center\" data-align=\"center\">Elevador<\/td><td class=\"has-text-align-center\" data-align=\"center\">TDTG18\/08<\/td><td class=\"has-text-align-center\" data-align=\"center\">0.75<\/td><\/tr><tr><td class=\"has-text-align-center\" data-align=\"center\">2<\/td><td class=\"has-text-align-center\" data-align=\"center\">Deshuesador de arroz paddy<\/td><td class=\"has-text-align-center\" data-align=\"center\">ZQS60<\/td><td class=\"has-text-align-center\" data-align=\"center\">1.1+2.2<\/td><\/tr><tr><td class=\"has-text-align-center\" data-align=\"center\">3<\/td><td class=\"has-text-align-center\" data-align=\"center\">Elevador<\/td><td class=\"has-text-align-center\" data-align=\"center\">TDTG18\/08*2<\/td><td class=\"has-text-align-center\" data-align=\"center\">0.75<\/td><\/tr><tr><td class=\"has-text-align-center\" data-align=\"center\">4<\/td><td class=\"has-text-align-center\" data-align=\"center\">Paddy Rice Husker (Rodillo de caucho de 8 pulgadas)<\/td><td class=\"has-text-align-center\" data-align=\"center\">LG20<\/td><td class=\"has-text-align-center\" data-align=\"center\">5.5+1.1<\/td><\/tr><tr><td class=\"has-text-align-center\" data-align=\"center\">5<\/td><td class=\"has-text-align-center\" data-align=\"center\">Separador de arroz por gravedad<\/td><td class=\"has-text-align-center\" data-align=\"center\">MGCZ80*5<\/td><td class=\"has-text-align-center\" data-align=\"center\">0.75<\/td><\/tr><tr><td class=\"has-text-align-center\" data-align=\"center\">6<\/td><td class=\"has-text-align-center\" data-align=\"center\">Molino de arroz (rodillo de carburo de emery)<\/td><td class=\"has-text-align-center\" data-align=\"center\">NS150<\/td><td class=\"has-text-align-center\" data-align=\"center\">18.5<\/td><\/tr><tr><td class=\"has-text-align-center\" data-align=\"center\">7<\/td><td class=\"has-text-align-center\" data-align=\"center\">Clasificador de arroz<\/td><td class=\"has-text-align-center\" data-align=\"center\">40<\/td><td class=\"has-text-align-center\" data-align=\"center\">0.55<\/td><\/tr><\/tbody><\/table><\/figure> <\/div><\/div>    <h3 class=\"wp-block-heading\">L\u00ednea de procesamiento de Paddy Milling de 30TPD<\/h3>    <div class=\"wp-block-media-text is-stacked-on-mobile\"><figure class=\"wp-block-media-text__media\"><img loading=\"lazy\" decoding=\"async\" width=\"720\" height=\"540\" src=\"https:\/\/www.agriculture-machine.com\/wp-content\/uploads\/2023\/11\/30T-rice-polishing-machines-structure.webp\" alt=\"estructura de m\u00e1quinas de pulir arroz de 30T\" class=\"wp-image-15123 size-full\" srcset=\"https:\/\/www.agriculture-machine.com\/wp-content\/uploads\/2023\/11\/30T-rice-polishing-machines-structure.webp 720w, https:\/\/www.agriculture-machine.com\/wp-content\/uploads\/2023\/11\/30T-rice-polishing-machines-structure-360x270.webp 360w, https:\/\/www.agriculture-machine.com\/wp-content\/uploads\/2023\/11\/30T-rice-polishing-machines-structure-240x180.webp 240w\" sizes=\"auto, (max-width: 720px) 100vw, 720px\" \/><\/figure><div class=\"wp-block-media-text__content\"> <figure class=\"wp-block-table is-style-stripes\"><table><tbody><tr><td class=\"has-text-align-center\" data-align=\"center\"><strong>No.<\/strong><strong><\/strong><\/td><td class=\"has-text-align-center\" data-align=\"center\"><strong>Art\u00edculo<\/strong><strong><\/strong><\/td><td class=\"has-text-align-center\" data-align=\"center\"><strong>Modelo<\/strong><strong><\/strong><\/td><td class=\"has-text-align-center\" data-align=\"center\"><strong>Potencia\uff08kw\uff09<\/strong><strong><\/strong><\/td><\/tr><tr><td class=\"has-text-align-center\" data-align=\"center\">1<\/td><td class=\"has-text-align-center\" data-align=\"center\">Elevador<\/td><td class=\"has-text-align-center\" data-align=\"center\">TDTG20\/11<\/td><td class=\"has-text-align-center\" data-align=\"center\">1.1<\/td><\/tr><tr><td class=\"has-text-align-center\" data-align=\"center\">2<\/td><td class=\"has-text-align-center\" data-align=\"center\">Deshuesador de arroz paddy<\/td><td class=\"has-text-align-center\" data-align=\"center\">ZQS70<\/td><td class=\"has-text-align-center\" data-align=\"center\">0.5+3<\/td><\/tr><tr><td class=\"has-text-align-center\" data-align=\"center\">3<\/td><td class=\"has-text-align-center\" data-align=\"center\">Elevador<\/td><td class=\"has-text-align-center\" data-align=\"center\">TDTG18\/08*2<\/td><td class=\"has-text-align-center\" data-align=\"center\">1.1<\/td><\/tr><tr><td class=\"has-text-align-center\" data-align=\"center\">4<\/td><td class=\"has-text-align-center\" data-align=\"center\">Paddy Rice Husker (Rodillo de caucho de 8 pulgadas)<\/td><td class=\"has-text-align-center\" data-align=\"center\">LG20<\/td><td class=\"has-text-align-center\" data-align=\"center\">5.5+1.1<\/td><\/tr><tr><td class=\"has-text-align-center\" data-align=\"center\">5<\/td><td class=\"has-text-align-center\" data-align=\"center\">Separador de arroz por gravedad<\/td><td class=\"has-text-align-center\" data-align=\"center\">MGCZ80*7<\/td><td class=\"has-text-align-center\" data-align=\"center\">1.1<\/td><\/tr><tr><td class=\"has-text-align-center\" data-align=\"center\">6<\/td><td class=\"has-text-align-center\" data-align=\"center\">Molino de arroz (Rodillo de carburo)<\/td><td class=\"has-text-align-center\" data-align=\"center\">MNMS15B<\/td><td class=\"has-text-align-center\" data-align=\"center\">18.5<\/td><\/tr><tr><td class=\"has-text-align-center\" data-align=\"center\">7<\/td><td class=\"has-text-align-center\" data-align=\"center\">Clasificador de arroz<\/td><td class=\"has-text-align-center\" data-align=\"center\">40<\/td><td class=\"has-text-align-center\" data-align=\"center\">0.55<\/td><\/tr><\/tbody><\/table><\/figure> <\/div><\/div>    <h2 class=\"wp-block-heading\">Aplicaci\u00f3n principal de la l\u00ednea de molienda de paddy<\/h2>    <p>Nuestra unidad de molienda de arroz puede tomar paddy cosechado en el campo (humedad del grano crudo debe mantenerse por debajo del 12,5%) y producir arroz blanco, limpio, a trav\u00e9s de una serie de operaciones como se muestra en la imagen. El arroz final obtenido es el 70% del grano original, el salvado de arroz y el germen es del 10%. Normalmente, entrada de 1000kg de paddy \u2192 resultado 700kg de arroz blanco.<\/p>    <figure class=\"wp-block-gallery has-nested-images columns-default is-cropped wp-block-gallery-2 is-layout-flex wp-block-gallery-is-layout-flex\"> <figure class=\"wp-block-image size-large\"><img loading=\"lazy\" decoding=\"async\" width=\"720\" height=\"540\" data-id=\"15125\" src=\"https:\/\/www.agriculture-machine.com\/wp-content\/uploads\/2023\/11\/rice-processing-plant-application.webp\" alt=\"aplicaci\u00f3n de planta de procesamiento de arroz\" class=\"wp-image-15125\" srcset=\"https:\/\/www.agriculture-machine.com\/wp-content\/uploads\/2023\/11\/rice-processing-plant-application.webp 720w, https:\/\/www.agriculture-machine.com\/wp-content\/uploads\/2023\/11\/rice-processing-plant-application-360x270.webp 360w, https:\/\/www.agriculture-machine.com\/wp-content\/uploads\/2023\/11\/rice-processing-plant-application-240x180.webp 240w\" sizes=\"auto, (max-width: 720px) 100vw, 720px\" \/><figcaption class=\"wp-element-caption\">aplicaci\u00f3n de planta de procesamiento de arroz<\/figcaption><\/figure> <\/figure>    <figure class=\"wp-block-image size-full\"><img loading=\"lazy\" decoding=\"async\" width=\"720\" height=\"540\" src=\"https:\/\/www.agriculture-machine.com\/wp-content\/uploads\/2023\/11\/rice-processing-analysis.webp\" alt=\"an\u00e1lisis de procesamiento de arroz\" class=\"wp-image-15126\" srcset=\"https:\/\/www.agriculture-machine.com\/wp-content\/uploads\/2023\/11\/rice-processing-analysis.webp 720w, https:\/\/www.agriculture-machine.com\/wp-content\/uploads\/2023\/11\/rice-processing-analysis-360x270.webp 360w, https:\/\/www.agriculture-machine.com\/wp-content\/uploads\/2023\/11\/rice-processing-analysis-240x180.webp 240w\" sizes=\"auto, (max-width: 720px) 100vw, 720px\" \/><figcaption class=\"wp-element-caption\">an\u00e1lisis de procesamiento de arroz<\/figcaption><\/figure>    <h2 class=\"wp-block-heading\">Ventajas y funciones de la planta autom\u00e1tica de arroz<\/h2>    <ul class=\"wp-block-list\"> <li>Esta l\u00ednea de paddy milling adopta un modo de organizaci\u00f3n y combinaci\u00f3n, y la apariencia es m\u00e1s hermosa y compacta;<\/li>    <li>Se a\u00f1aden tornillos de tope a la parte exc\u00e9ntrica en movimiento para mejorar la estabilidad;<\/li>    <li>The height of some parts of the machine is reduced, which makes it easy to operate (especially suitable for individual farmers&#8217; processing);<\/li>    <li>La combinaci\u00f3n y separaci\u00f3n de cada parte puede hacerse de forma independiente, lo que facilita el mantenimiento y el transporte.<\/li>    <li>Adoptando removedor de piedras por succi\u00f3n, el efecto es m\u00e1s confiable y estable, y tambi\u00e9n puede reducir la contaminaci\u00f3n por polvo en el proceso de alimentaci\u00f3n;<\/li>    <li>Gran practicidad, esta l\u00ednea de paddy milling no solo procesa productos agr\u00edcolas individuales, sino que tambi\u00e9n procesa de forma continua granos comerciales;<\/li>    <li>Aumento del proceso de trituraci\u00f3n, conveniente para que los agricultores mezclen espigas grandes y espigas de red, procesamiento en una sola vez en polvo de espigas para un uso completo de los subproductos.<\/li> <\/ul>    <figure class=\"wp-block-gallery has-nested-images columns-default is-cropped wp-block-gallery-3 is-layout-flex wp-block-gallery-is-layout-flex\"> <figure class=\"wp-block-image size-large\"><img loading=\"lazy\" decoding=\"async\" width=\"405\" height=\"540\" data-id=\"15130\" src=\"https:\/\/www.agriculture-machine.com\/wp-content\/uploads\/2023\/11\/paddy-milling-plant-405x540.webp\" alt=\"planta de molienda de arroz en paddy\" class=\"wp-image-15130\" srcset=\"https:\/\/www.agriculture-machine.com\/wp-content\/uploads\/2023\/11\/paddy-milling-plant-405x540.webp 405w, https:\/\/www.agriculture-machine.com\/wp-content\/uploads\/2023\/11\/paddy-milling-plant-203x270.webp 203w, https:\/\/www.agriculture-machine.com\/wp-content\/uploads\/2023\/11\/paddy-milling-plant.webp 540w\" sizes=\"auto, (max-width: 405px) 100vw, 405px\" \/><figcaption class=\"wp-element-caption\">planta de molienda de arroz en paddy<\/figcaption><\/figure>    <figure class=\"wp-block-image size-large\"><img loading=\"lazy\" decoding=\"async\" width=\"405\" height=\"540\" data-id=\"15129\" src=\"https:\/\/www.agriculture-machine.com\/wp-content\/uploads\/2023\/11\/30T-paddy-processing-line-405x540.webp\" alt=\"l\u00ednea de procesamiento de arroz de 30T\" class=\"wp-image-15129\" srcset=\"https:\/\/www.agriculture-machine.com\/wp-content\/uploads\/2023\/11\/30T-paddy-processing-line-405x540.webp 405w, https:\/\/www.agriculture-machine.com\/wp-content\/uploads\/2023\/11\/30T-paddy-processing-line-203x270.webp 203w, https:\/\/www.agriculture-machine.com\/wp-content\/uploads\/2023\/11\/30T-paddy-processing-line.webp 540w\" sizes=\"auto, (max-width: 405px) 100vw, 405px\" \/><figcaption class=\"wp-element-caption\">l\u00ednea de procesamiento de arroz de 30T<\/figcaption><\/figure> <\/figure>    <h2 class=\"wp-block-heading\">Detalles de m\u00e1quinas para arroz blanco <\/h2>    <p>A continuaci\u00f3n se presentan algunos de los componentes importantes que hacen funcionar la m\u00e1quina. Por supuesto, si desea ver m\u00e1s fotos, as\u00ed como videos, etc., no dude en contactarnos para obtenerlos.<\/p>    <figure class=\"wp-block-gallery has-nested-images columns-default is-cropped wp-block-gallery-4 is-layout-flex wp-block-gallery-is-layout-flex\"> <figure class=\"wp-block-image size-large\"><img loading=\"lazy\" decoding=\"async\" width=\"405\" height=\"540\" data-id=\"15131\" src=\"https:\/\/www.agriculture-machine.com\/wp-content\/uploads\/2023\/11\/paddy-milling-line-detail-405x540.webp\" alt=\"detalle de la l\u00ednea de paddy milling\" class=\"wp-image-15131\" srcset=\"https:\/\/www.agriculture-machine.com\/wp-content\/uploads\/2023\/11\/paddy-milling-line-detail-405x540.webp 405w, https:\/\/www.agriculture-machine.com\/wp-content\/uploads\/2023\/11\/paddy-milling-line-detail-203x270.webp 203w, https:\/\/www.agriculture-machine.com\/wp-content\/uploads\/2023\/11\/paddy-milling-line-detail.webp 540w\" sizes=\"auto, (max-width: 405px) 100vw, 405px\" \/><figcaption class=\"wp-element-caption\">detalle de la l\u00ednea de paddy milling<\/figcaption><\/figure>    <figure class=\"wp-block-image size-large\"><img loading=\"lazy\" decoding=\"async\" width=\"405\" height=\"540\" data-id=\"15132\" src=\"https:\/\/www.agriculture-machine.com\/wp-content\/uploads\/2023\/11\/rice-grading-machine-405x540.webp\" alt=\"m\u00e1quina de clasificaci\u00f3n de arroz\" class=\"wp-image-15132\" srcset=\"https:\/\/www.agriculture-machine.com\/wp-content\/uploads\/2023\/11\/rice-grading-machine-405x540.webp 405w, https:\/\/www.agriculture-machine.com\/wp-content\/uploads\/2023\/11\/rice-grading-machine-203x270.webp 203w, https:\/\/www.agriculture-machine.com\/wp-content\/uploads\/2023\/11\/rice-grading-machine.webp 540w\" sizes=\"auto, (max-width: 405px) 100vw, 405px\" \/><figcaption class=\"wp-element-caption\">m\u00e1quina de clasificaci\u00f3n de arroz<\/figcaption><\/figure> <\/figure>    <h2 class=\"wp-block-heading\">Casos de \u00e9xito de m\u00e1quinas de procesamiento de arroz y paddy processing machines<\/h2>    <p>La versatilidad y aplicabilidad de las l\u00edneas de molienda de paddy para satisfacer las necesidades de diferentes mercados a nivel global suelen ser m\u00e1s populares en las principales regiones productoras de arroz de Asia, \u00c1frica y Am\u00e9rica Latina. Nuestras grandes m\u00e1quinas de molienda de arroz se han enviado a muchos pa\u00edses, incluidos Kenya, Nigeria, Malawi, Ghana, Pakist\u00e1n, y otros.<\/p>    <figure class=\"wp-block-gallery has-nested-images columns-default is-cropped wp-block-gallery-5 is-layout-flex wp-block-gallery-is-layout-flex\"> <figure class=\"wp-block-image size-large\"><img loading=\"lazy\" decoding=\"async\" width=\"720\" height=\"540\" data-id=\"15127\" src=\"https:\/\/www.agriculture-machine.com\/wp-content\/uploads\/2023\/11\/rice-huller-machine.webp\" alt=\"m\u00e1quina desgranadora de arroz\" class=\"wp-image-15127\" srcset=\"https:\/\/www.agriculture-machine.com\/wp-content\/uploads\/2023\/11\/rice-huller-machine.webp 720w, https:\/\/www.agriculture-machine.com\/wp-content\/uploads\/2023\/11\/rice-huller-machine-360x270.webp 360w, https:\/\/www.agriculture-machine.com\/wp-content\/uploads\/2023\/11\/rice-huller-machine-240x180.webp 240w\" sizes=\"auto, (max-width: 720px) 100vw, 720px\" \/><figcaption class=\"wp-element-caption\">m\u00e1quina desgranadora de arroz<\/figcaption><\/figure>    <figure class=\"wp-block-image size-large\"><img loading=\"lazy\" decoding=\"async\" width=\"720\" height=\"540\" data-id=\"15128\" src=\"https:\/\/www.agriculture-machine.com\/wp-content\/uploads\/2023\/11\/rice-whitener.webp\" alt=\"pulidor de arroz\" class=\"wp-image-15128\" srcset=\"https:\/\/www.agriculture-machine.com\/wp-content\/uploads\/2023\/11\/rice-whitener.webp 720w, https:\/\/www.agriculture-machine.com\/wp-content\/uploads\/2023\/11\/rice-whitener-360x270.webp 360w, https:\/\/www.agriculture-machine.com\/wp-content\/uploads\/2023\/11\/rice-whitener-240x180.webp 240w\" sizes=\"auto, (max-width: 720px) 100vw, 720px\" \/><figcaption class=\"wp-element-caption\">pulidor de arroz<\/figcaption><\/figure> <\/figure>    <p>Adem\u00e1s de varias l\u00edneas est\u00e1ndar, tambi\u00e9n contamos con extensiones avanzadas y mejoradas, que puede elegir seg\u00fan el presupuesto y el grado de requisitos para el producto terminado, etc. \u00a1Explore nuestro sitio web y no dude en contactarnos!<\/p>","protected":false},"excerpt":{"rendered":"<p>Taizy 25 and 30 Ton\/Day capacity rice paddy milling line is a highly efficient, fully automated set of equipment designed for large-scale rice production. The line integrates multiple processes such as cleaning, hulling, milling, and sieving, and is capable of quickly processing paddy into high-quality rice. Its high throughput and advanced technology ensure production efficiency [&hellip;]<\/p>\n","protected":false},"author":1,"featured_media":15151,"parent":0,"comment_status":"closed","ping_status":"closed","template":"","tags":[796],"product-type":[875,906],"class_list":["post-15120","product","type-product","status-publish","has-post-thumbnail","hentry","tag-rice","product-type-rice-mill-category","product-type-rice-mill-production-line"],"_links":{"self":[{"href":"https:\/\/www.agriculture-machine.com\/es\/wp-json\/wp\/v2\/product\/15120","targetHints":{"allow":["GET"]}}],"collection":[{"href":"https:\/\/www.agriculture-machine.com\/es\/wp-json\/wp\/v2\/product"}],"about":[{"href":"https:\/\/www.agriculture-machine.com\/es\/wp-json\/wp\/v2\/types\/product"}],"author":[{"embeddable":true,"href":"https:\/\/www.agriculture-machine.com\/es\/wp-json\/wp\/v2\/users\/1"}],"replies":[{"embeddable":true,"href":"https:\/\/www.agriculture-machine.com\/es\/wp-json\/wp\/v2\/comments?post=15120"}],"wp:featuredmedia":[{"embeddable":true,"href":"https:\/\/www.agriculture-machine.com\/es\/wp-json\/wp\/v2\/media\/15151"}],"wp:attachment":[{"href":"https:\/\/www.agriculture-machine.com\/es\/wp-json\/wp\/v2\/media?parent=15120"}],"wp:term":[{"taxonomy":"post_tag","embeddable":true,"href":"https:\/\/www.agriculture-machine.com\/es\/wp-json\/wp\/v2\/tags?post=15120"},{"taxonomy":"product-type","embeddable":true,"href":"https:\/\/www.agriculture-machine.com\/es\/wp-json\/wp\/v2\/product-type?post=15120"}],"curies":[{"name":"wp","href":"https:\/\/api.w.org\/{rel}","templated":true}]}}