{"id":15161,"date":"2023-11-16T15:43:31","date_gmt":"2023-11-16T07:43:31","guid":{"rendered":"https:\/\/www.agriculture-machine.com\/?post_type=product&#038;p=15161"},"modified":"2024-09-18T16:09:44","modified_gmt":"2024-09-18T08:09:44","slug":"grain-threshing-machine","status":"publish","type":"product","link":"https:\/\/www.agriculture-machine.com\/es\/grain-threshing-machine\/","title":{"rendered":"M\u00e1quina de trillado de arroz y trigo para m\u00faltiples cultivos en venta"},"content":{"rendered":"<p class=\"translation-block\">Arroz y trigo <strong><a href=\"https:\/\/www.agriculture-machine.com\/es\/big-thresher-for-rice-wheat-beans-sorghum-millet\/\">m\u00e1quina de trillar<\/a><\/strong> es una m\u00e1quina agr\u00edcola especializada ampliamente utilizada en el proceso de trilla de granos como arroz y trigo. La m\u00e1quina separa eficientemente las part\u00edculas de grano cosechadas de la capa de c\u00e1scara mediante el mecanismo de corte y trilla incorporado para obtener granos limpios. <\/p>    <figure class=\"wp-block-image size-full\"><img loading=\"lazy\" decoding=\"async\" width=\"720\" height=\"540\" src=\"https:\/\/www.agriculture-machine.com\/wp-content\/uploads\/2023\/11\/multifunctional-thresher-for-sale.webp\" alt=\"m\u00e1quina de trillar multifuncional en venta\" class=\"wp-image-15183\" srcset=\"https:\/\/www.agriculture-machine.com\/wp-content\/uploads\/2023\/11\/multifunctional-thresher-for-sale.webp 720w, https:\/\/www.agriculture-machine.com\/wp-content\/uploads\/2023\/11\/multifunctional-thresher-for-sale-360x270.webp 360w, https:\/\/www.agriculture-machine.com\/wp-content\/uploads\/2023\/11\/multifunctional-thresher-for-sale-240x180.webp 240w\" sizes=\"auto, (max-width: 720px) 100vw, 720px\" \/><figcaption class=\"wp-element-caption\">m\u00e1quina de trillar multifuncional en venta<\/figcaption><\/figure>    <p>Esta m\u00e1quina tiene alta eficiencia de producci\u00f3n, trilla limpia, sin roturas y bajo contenido de impurezas. Puede funcionar con tres tipos de potencia: motor di\u00e9sel, gasolina y el\u00e9ctrico, seg\u00fan sus necesidades.<\/p>    <h2 class=\"wp-block-heading\">Amplias aplicaciones de la m\u00e1quina de trillar de grano<\/h2>    <p class=\"translation-block\">La m\u00e1quina de trillar arroz y trigo se usa para trillar varios cultivos \u2014<strong>trigo, arroz, soja, colza, mijo, sorgo, quinoa, etc<\/strong>. La ajustabilidad y adaptabilidad de la m\u00e1quina de trillar de granos la hacen adecuada para diferentes tipos y tama\u00f1os de granjas.<\/p>    <figure class=\"wp-block-gallery has-nested-images columns-default is-cropped wp-block-gallery-2 is-layout-flex wp-block-gallery-is-layout-flex\"> <figure class=\"wp-block-image size-large\"><img loading=\"lazy\" decoding=\"async\" width=\"405\" height=\"540\" data-id=\"15178\" src=\"https:\/\/www.agriculture-machine.com\/wp-content\/uploads\/2023\/11\/wheat-thresher-applications-405x540.webp\" alt=\"Aplicaciones de la trilla de trigo\" class=\"wp-image-15178\" srcset=\"https:\/\/www.agriculture-machine.com\/wp-content\/uploads\/2023\/11\/wheat-thresher-applications-405x540.webp 405w, https:\/\/www.agriculture-machine.com\/wp-content\/uploads\/2023\/11\/wheat-thresher-applications-203x270.webp 203w, https:\/\/www.agriculture-machine.com\/wp-content\/uploads\/2023\/11\/wheat-thresher-applications.webp 540w\" sizes=\"auto, (max-width: 405px) 100vw, 405px\" \/><figcaption class=\"wp-element-caption\">Aplicaciones de la trilla de trigo<\/figcaption><\/figure>    <figure class=\"wp-block-image size-large\"><img loading=\"lazy\" decoding=\"async\" width=\"405\" height=\"540\" data-id=\"15177\" src=\"https:\/\/www.agriculture-machine.com\/wp-content\/uploads\/2023\/11\/rice-thresher-applications-405x540.webp\" alt=\"Aplicaciones de la trilla de arroz\" class=\"wp-image-15177\" srcset=\"https:\/\/www.agriculture-machine.com\/wp-content\/uploads\/2023\/11\/rice-thresher-applications-405x540.webp 405w, https:\/\/www.agriculture-machine.com\/wp-content\/uploads\/2023\/11\/rice-thresher-applications-203x270.webp 203w, https:\/\/www.agriculture-machine.com\/wp-content\/uploads\/2023\/11\/rice-thresher-applications.webp 540w\" sizes=\"auto, (max-width: 405px) 100vw, 405px\" \/><figcaption class=\"wp-element-caption\">Aplicaciones de la trilla de arroz<\/figcaption><\/figure> <\/figure>    <h2 class=\"wp-block-heading\">Exhibici\u00f3n del producto terminado de la m\u00e1quina de trillar<\/h2>    <p>El producto terminado obtenido de esta m\u00e1quina de trillar es muy limpio y mantiene la integridad del grano con granos uniformes, asegurando la calidad del producto final y mejorando la tasa de cosecha.<\/p>    <figure class=\"wp-block-gallery has-nested-images columns-default is-cropped wp-block-gallery-3 is-layout-flex wp-block-gallery-is-layout-flex\"> <figure class=\"wp-block-image size-large\"><img loading=\"lazy\" decoding=\"async\" width=\"405\" height=\"540\" data-id=\"15179\" src=\"https:\/\/www.agriculture-machine.com\/wp-content\/uploads\/2023\/11\/beans-and-wheat-405x540.webp\" alt=\"frijoles y trigo\" class=\"wp-image-15179\" srcset=\"https:\/\/www.agriculture-machine.com\/wp-content\/uploads\/2023\/11\/beans-and-wheat-405x540.webp 405w, https:\/\/www.agriculture-machine.com\/wp-content\/uploads\/2023\/11\/beans-and-wheat-203x270.webp 203w, https:\/\/www.agriculture-machine.com\/wp-content\/uploads\/2023\/11\/beans-and-wheat.webp 540w\" sizes=\"auto, (max-width: 405px) 100vw, 405px\" \/><figcaption class=\"wp-element-caption\">frijoles y trigo<\/figcaption><\/figure>    <figure class=\"wp-block-image size-large\"><img loading=\"lazy\" decoding=\"async\" width=\"405\" height=\"540\" data-id=\"15180\" src=\"https:\/\/www.agriculture-machine.com\/wp-content\/uploads\/2023\/11\/paddy-rice-and-millet-405x540.webp\" alt=\"arroz paddy y mijo\" class=\"wp-image-15180\" srcset=\"https:\/\/www.agriculture-machine.com\/wp-content\/uploads\/2023\/11\/paddy-rice-and-millet-405x540.webp 405w, https:\/\/www.agriculture-machine.com\/wp-content\/uploads\/2023\/11\/paddy-rice-and-millet-203x270.webp 203w, https:\/\/www.agriculture-machine.com\/wp-content\/uploads\/2023\/11\/paddy-rice-and-millet.webp 540w\" sizes=\"auto, (max-width: 405px) 100vw, 405px\" \/><figcaption class=\"wp-element-caption\">arroz paddy y mijo<\/figcaption><\/figure>    <figure class=\"wp-block-image size-large\"><img loading=\"lazy\" decoding=\"async\" width=\"405\" height=\"540\" data-id=\"15181\" src=\"https:\/\/www.agriculture-machine.com\/wp-content\/uploads\/2023\/11\/sorghum-and-rapeseed-405x540.webp\" alt=\"sorgo y colza\" class=\"wp-image-15181\" srcset=\"https:\/\/www.agriculture-machine.com\/wp-content\/uploads\/2023\/11\/sorghum-and-rapeseed-405x540.webp 405w, https:\/\/www.agriculture-machine.com\/wp-content\/uploads\/2023\/11\/sorghum-and-rapeseed-203x270.webp 203w, https:\/\/www.agriculture-machine.com\/wp-content\/uploads\/2023\/11\/sorghum-and-rapeseed.webp 540w\" sizes=\"auto, (max-width: 405px) 100vw, 405px\" \/><figcaption class=\"wp-element-caption\">sorgo y colza<\/figcaption><\/figure> <\/figure>    <h2 class=\"wp-block-heading\">Estructura principal de la m\u00e1quina de trillar trigo y arroz<\/h2>    <p>La estructura de esta m\u00e1quina de trillar de granos es muy simple y consta principalmente de una tolva de alimentaci\u00f3n, salida, tambor de trilla, tamiz, soplador, motor, etc. Los rodamientos est\u00e1n bien dise\u00f1ados y son f\u00e1ciles de mover con ruedas. Adem\u00e1s, hay diferentes tama\u00f1os de tamices disponibles para distintos granos.<\/p>    <figure class=\"wp-block-image size-full\"><img loading=\"lazy\" decoding=\"async\" width=\"720\" height=\"540\" src=\"https:\/\/www.agriculture-machine.com\/wp-content\/uploads\/2023\/11\/crop-threshing-machine-structure.webp\" alt=\"estructura de la m\u00e1quina de trillar\" class=\"wp-image-15182\" srcset=\"https:\/\/www.agriculture-machine.com\/wp-content\/uploads\/2023\/11\/crop-threshing-machine-structure.webp 720w, https:\/\/www.agriculture-machine.com\/wp-content\/uploads\/2023\/11\/crop-threshing-machine-structure-360x270.webp 360w, https:\/\/www.agriculture-machine.com\/wp-content\/uploads\/2023\/11\/crop-threshing-machine-structure-240x180.webp 240w\" sizes=\"auto, (max-width: 720px) 100vw, 720px\" \/><figcaption class=\"wp-element-caption\">estructura de la m\u00e1quina de trillar<\/figcaption><\/figure>    <h2 class=\"wp-block-heading\">C\u00f3mo funciona la trilla de trigo y arroz<\/h2>    <p>La m\u00e1quina de trillar de arroz y trigo funciona en dos etapas principales: corte y trilla.<\/p>    <ol class=\"wp-block-list\"> <li><strong>Etapa de corte:<\/strong> En esta etapa, la m\u00e1quina de trillar de granos corta los tallos del grano cosechado (como arroz o trigo). Este proceso de corte ayuda a separar toda la planta de las ra\u00edces en preparaci\u00f3n para la trilla posterior.<\/li>    <li><strong>etapa de trilla:<\/strong> La planta cortada pasa por la secci\u00f3n de trilla de la m\u00e1quina. En esta secci\u00f3n, la m\u00e1quina generalmente consiste en un rodillo o cilindro con dientes serrados o ranurados, acoplados a una pala o raspador. Al pasar la planta por estas secciones, el grano se somete a fuerzas mec\u00e1nicas que lo separan del tallo y la c\u00e1scara. De esta manera, la m\u00e1quina puede separar eficientemente la parte comestible del grano (n\u00facleos) de la parte no comestible (c\u00e1scaras y tallos).<\/li> <\/ol>    <figure class=\"wp-block-gallery has-nested-images columns-default is-cropped wp-block-gallery-4 is-layout-flex wp-block-gallery-is-layout-flex\"> <figure class=\"wp-block-image size-large\"><img loading=\"lazy\" decoding=\"async\" width=\"720\" height=\"540\" data-id=\"15185\" src=\"https:\/\/www.agriculture-machine.com\/wp-content\/uploads\/2023\/11\/wheat-rice-threshing-machine.webp\" alt=\"m\u00e1quina de trillar trigo y arroz\" class=\"wp-image-15185\" srcset=\"https:\/\/www.agriculture-machine.com\/wp-content\/uploads\/2023\/11\/wheat-rice-threshing-machine.webp 720w, https:\/\/www.agriculture-machine.com\/wp-content\/uploads\/2023\/11\/wheat-rice-threshing-machine-360x270.webp 360w, https:\/\/www.agriculture-machine.com\/wp-content\/uploads\/2023\/11\/wheat-rice-threshing-machine-240x180.webp 240w\" sizes=\"auto, (max-width: 720px) 100vw, 720px\" \/><figcaption class=\"wp-element-caption\">m\u00e1quina de trillar trigo y arroz<\/figcaption><\/figure>    <figure class=\"wp-block-image size-large\"><img loading=\"lazy\" decoding=\"async\" width=\"720\" height=\"540\" data-id=\"15184\" src=\"https:\/\/www.agriculture-machine.com\/wp-content\/uploads\/2023\/11\/crop-threshing-equipment.webp\" alt=\"equipo de trilla de cultivos\" class=\"wp-image-15184\" srcset=\"https:\/\/www.agriculture-machine.com\/wp-content\/uploads\/2023\/11\/crop-threshing-equipment.webp 720w, https:\/\/www.agriculture-machine.com\/wp-content\/uploads\/2023\/11\/crop-threshing-equipment-360x270.webp 360w, https:\/\/www.agriculture-machine.com\/wp-content\/uploads\/2023\/11\/crop-threshing-equipment-240x180.webp 240w\" sizes=\"auto, (max-width: 720px) 100vw, 720px\" \/><figcaption class=\"wp-element-caption\">equipo de trilla de cultivos<\/figcaption><\/figure> <\/figure>    <h2 class=\"wp-block-heading\">Beneficios de la m\u00e1quina de trillar de arroz paddy<\/h2>    <ol class=\"wp-block-list\"> <li>Estructura sencilla, operaci\u00f3n conveniente y f\u00e1cil mantenimiento.<\/li>    <li>La tasa de trilla alcanza hasta el 98%, y los n\u00facleos finales son muy limpios.<\/li>    <li>Alta aplicabilidad, puede manejar arroz, trigo, sorgo, mijo, frijoles y otros cultivos.<\/li>    <li>Con par\u00e1metros ajustables, los agricultores pueden ajustar seg\u00fan factores como el tipo de grano y la humedad para obtener los mejores resultados de trilla.<\/li> <\/ol>    <figure class=\"wp-block-gallery has-nested-images columns-default is-cropped wp-block-gallery-5 is-layout-flex wp-block-gallery-is-layout-flex\"> <figure class=\"wp-block-image size-large\"><img loading=\"lazy\" decoding=\"async\" width=\"720\" height=\"540\" data-id=\"15186\" src=\"https:\/\/www.agriculture-machine.com\/wp-content\/uploads\/2023\/11\/efficient-crop-processing-machine.webp\" alt=\"m\u00e1quina eficiente para el procesamiento de cultivos\" class=\"wp-image-15186\" srcset=\"https:\/\/www.agriculture-machine.com\/wp-content\/uploads\/2023\/11\/efficient-crop-processing-machine.webp 720w, https:\/\/www.agriculture-machine.com\/wp-content\/uploads\/2023\/11\/efficient-crop-processing-machine-360x270.webp 360w, https:\/\/www.agriculture-machine.com\/wp-content\/uploads\/2023\/11\/efficient-crop-processing-machine-240x180.webp 240w\" sizes=\"auto, (max-width: 720px) 100vw, 720px\" \/><figcaption class=\"wp-element-caption\">m\u00e1quina eficiente para el procesamiento de cultivos<\/figcaption><\/figure>    <figure class=\"wp-block-image size-large\"><img loading=\"lazy\" decoding=\"async\" width=\"720\" height=\"540\" data-id=\"15187\" src=\"https:\/\/www.agriculture-machine.com\/wp-content\/uploads\/2023\/11\/grain-threshing-machine-for-sale.webp\" alt=\"m\u00e1quina de trillar de grano en venta\" class=\"wp-image-15187\" srcset=\"https:\/\/www.agriculture-machine.com\/wp-content\/uploads\/2023\/11\/grain-threshing-machine-for-sale.webp 720w, https:\/\/www.agriculture-machine.com\/wp-content\/uploads\/2023\/11\/grain-threshing-machine-for-sale-360x270.webp 360w, https:\/\/www.agriculture-machine.com\/wp-content\/uploads\/2023\/11\/grain-threshing-machine-for-sale-240x180.webp 240w\" sizes=\"auto, (max-width: 720px) 100vw, 720px\" \/><figcaption class=\"wp-element-caption\">m\u00e1quina de trillar de grano en venta<\/figcaption><\/figure> <\/figure>    <p>El m\u00e9todo tradicional manual de trilla era ineficiente y propenso a p\u00e9rdida de grano. Con la introducci\u00f3n de la trilla multifuncional, no solo se puede lograr una mayor cosecha en el mismo tiempo, sino que tambi\u00e9n se reduce el desperdicio de alimentos.<\/p>    <p>La m\u00e1quina de trillar de granos multiprop\u00f3sito es muy popular en muchos pa\u00edses, especialmente en Asia, \u00c1frica y Am\u00e9rica Latina, donde la agricultura es predominante, y ha sido enviada a Kenia, Nigeria, India, Indonesia, Estados Unidos, Rusia, Bangladesh, Australia y otros pa\u00edses.<\/p>    <h2 class=\"wp-block-heading\">Par\u00e1metros de la m\u00e1quina de trillar de arroz paddy<\/h2>    <ul class=\"wp-block-list\"> <li><strong>Modelo:<\/strong> 5TYC1-90<\/li>    <li><strong>Potencia:<\/strong>Motor de gasolina 170F, rueda de cintur\u00f3n de 70cm de di\u00e1metro, velocidad nominal 3600 rpm<\/li>    <li><strong>Capacidad:<\/strong> 600-800kg\/h<\/li>    <li><strong>cilindro de trilla:<\/strong> Di\u00e1metro 360*Longitud 900mm <\/li>    <li><strong>Tama\u00f1o de la malla:<\/strong> 870*610mm<\/li>    <li><strong>Peso:<\/strong> 90kg sin motor<\/li>    <li><strong>Tama\u00f1o total:<\/strong>1640*1640*1280mm<\/li>    <li>24 piezas\/20GP, 66 piezas\/40HQ<\/li> <\/ul>    <p>Este es un modelo popular que cumple con las expectativas para el procesamiento de cultivos, tambi\u00e9n disponemos de otros modelos, no dude en contactarnos para m\u00e1s modelos de m\u00e1quinas de trillar de granos y informaci\u00f3n relacionada.<\/p>","protected":false},"excerpt":{"rendered":"<p>Rice and Wheat Grain Threshing Machine is a specialized agricultural machine widely used in the threshing process of grains such as rice and wheat. The machine efficiently separates the harvested grain particles from the husk layer through the built-in cutting and threshing mechanism to obtain clean grains. This machine has high production efficiency, clean threshing, [&hellip;]<\/p>\n","protected":false},"author":1,"featured_media":16131,"parent":0,"comment_status":"closed","ping_status":"closed","template":"","tags":[2614],"product-type":[872],"class_list":["post-15161","product","type-product","status-publish","has-post-thumbnail","hentry","tag-thresher","product-type-thresher-sheller"],"_links":{"self":[{"href":"https:\/\/www.agriculture-machine.com\/es\/wp-json\/wp\/v2\/product\/15161","targetHints":{"allow":["GET"]}}],"collection":[{"href":"https:\/\/www.agriculture-machine.com\/es\/wp-json\/wp\/v2\/product"}],"about":[{"href":"https:\/\/www.agriculture-machine.com\/es\/wp-json\/wp\/v2\/types\/product"}],"author":[{"embeddable":true,"href":"https:\/\/www.agriculture-machine.com\/es\/wp-json\/wp\/v2\/users\/1"}],"replies":[{"embeddable":true,"href":"https:\/\/www.agriculture-machine.com\/es\/wp-json\/wp\/v2\/comments?post=15161"}],"wp:featuredmedia":[{"embeddable":true,"href":"https:\/\/www.agriculture-machine.com\/es\/wp-json\/wp\/v2\/media\/16131"}],"wp:attachment":[{"href":"https:\/\/www.agriculture-machine.com\/es\/wp-json\/wp\/v2\/media?parent=15161"}],"wp:term":[{"taxonomy":"post_tag","embeddable":true,"href":"https:\/\/www.agriculture-machine.com\/es\/wp-json\/wp\/v2\/tags?post=15161"},{"taxonomy":"product-type","embeddable":true,"href":"https:\/\/www.agriculture-machine.com\/es\/wp-json\/wp\/v2\/product-type?post=15161"}],"curies":[{"name":"wp","href":"https:\/\/api.w.org\/{rel}","templated":true}]}}