{"id":15188,"date":"2023-11-17T10:22:59","date_gmt":"2023-11-17T02:22:59","guid":{"rendered":"https:\/\/www.agriculture-machine.com\/?post_type=product&#038;p=15188"},"modified":"2024-09-18T15:42:35","modified_gmt":"2024-09-18T07:42:35","slug":"rice-mill-production-line","status":"publish","type":"product","link":"https:\/\/www.agriculture-machine.com\/es\/rice-mill-production-line\/","title":{"rendered":"L\u00ednea de producci\u00f3n de molino de arroz de 15TPD con pulidor y clasificador de arroz blanco"},"content":{"rendered":"<p class=\"translation-block\">Esta l\u00ednea de producci\u00f3n de molino de arroz comienza con la <strong><a href=\"https:\/\/www.agriculture-machine.com\/es\/rice-mill-plant\/\">unidad de molienda de arroz de 15 TPD est\u00e1ndar<\/a><\/strong>, cuya tarea principal es despulpar, pelar y moler los granos para convertirlos en arroz blanco regular.<\/p>    <p>A continuaci\u00f3n, entra en juego la m\u00e1quina pulidora, eliminando una capa de la piel exterior de la superficie del arroz blanco por fricci\u00f3n, haciendo los granos m\u00e1s suaves y mejorando la apariencia y el sabor en general.<\/p>    <p>Posteriormente, la m\u00e1quina de clasificaci\u00f3n de arroz blanco clasifica con precisi\u00f3n el arroz seg\u00fan el tama\u00f1o y la forma de los granos. Esto ayuda a mantener la consistencia y la calidad del producto, asegurando que cada saco de arroz tenga una calidad uniforme y cumpla con la demanda del mercado.<\/p>    <figure class=\"wp-block-image size-full\"><img loading=\"lazy\" decoding=\"async\" width=\"720\" height=\"540\" src=\"https:\/\/www.agriculture-machine.com\/wp-content\/uploads\/2023\/11\/15TPD-rice-milling-plant.webp\" alt=\"planta de molienda de arroz de 15 TPD\" class=\"wp-image-15192\" srcset=\"https:\/\/www.agriculture-machine.com\/wp-content\/uploads\/2023\/11\/15TPD-rice-milling-plant.webp 720w, https:\/\/www.agriculture-machine.com\/wp-content\/uploads\/2023\/11\/15TPD-rice-milling-plant-360x270.webp 360w, https:\/\/www.agriculture-machine.com\/wp-content\/uploads\/2023\/11\/15TPD-rice-milling-plant-240x180.webp 240w\" sizes=\"auto, (max-width: 720px) 100vw, 720px\" \/><figcaption class=\"wp-element-caption\">planta de molienda de arroz de 15 TPD<\/figcaption><\/figure>    <h2 class=\"wp-block-heading\">Estructura principal de la l\u00ednea de producci\u00f3n de molino de arroz<\/h2>    <figure class=\"wp-block-image size-full\"><img loading=\"lazy\" decoding=\"async\" width=\"720\" height=\"540\" src=\"https:\/\/www.agriculture-machine.com\/wp-content\/uploads\/2023\/11\/rice-mill-production-line-structure.webp\" alt=\"estructura de la l\u00ednea de producci\u00f3n de molino de arroz\" class=\"wp-image-15194\" srcset=\"https:\/\/www.agriculture-machine.com\/wp-content\/uploads\/2023\/11\/rice-mill-production-line-structure.webp 720w, https:\/\/www.agriculture-machine.com\/wp-content\/uploads\/2023\/11\/rice-mill-production-line-structure-360x270.webp 360w, https:\/\/www.agriculture-machine.com\/wp-content\/uploads\/2023\/11\/rice-mill-production-line-structure-240x180.webp 240w\" sizes=\"auto, (max-width: 720px) 100vw, 720px\" \/><figcaption class=\"wp-element-caption\">estructura de la l\u00ednea de producci\u00f3n de molino de arroz<\/figcaption><\/figure>    <h2 class=\"wp-block-heading\">Principio de la m\u00e1quina de pulir arroz<\/h2>    <ul class=\"wp-block-list\"> <li>Este equipo funciona principalmente mediante una fricci\u00f3n suave para adherir el polvo de la c\u00e1scara a la superficie del arroz blanco, para asegurar que el arroz blanco est\u00e9 limpio, mejorar la apariencia del producto terminado y su color, y tambi\u00e9n favorecer el almacenamiento del arroz y la recuperaci\u00f3n del salvado de arroz, adem\u00e1s de hacer que el equipo de clasificaci\u00f3n de arroz blanco subsiguiente no se bloquee f\u00e1cilmente la superficie de trabajo, para garantizar el efecto de clasificaci\u00f3n.<\/li>    <li>Rub rice process, because the white rice grain strength is low, so it should be slow and not strong, to prevent producing too much broken rice. The white rice out of the machine after rubbing the rice, produce the broken rice can&#8217;t be more than 1%, contain chaff quantity can&#8217;t be more than 0.1%.<\/li> <\/ul>    <figure class=\"wp-block-gallery has-nested-images columns-default is-cropped wp-block-gallery-2 is-layout-flex wp-block-gallery-is-layout-flex\"> <figure class=\"wp-block-image size-large\"><img loading=\"lazy\" decoding=\"async\" width=\"720\" height=\"540\" data-id=\"15196\" src=\"https:\/\/www.agriculture-machine.com\/wp-content\/uploads\/2023\/11\/rice-milling-machines.webp\" alt=\"m\u00e1quinas de molienda de arroz\" class=\"wp-image-15196\" srcset=\"https:\/\/www.agriculture-machine.com\/wp-content\/uploads\/2023\/11\/rice-milling-machines.webp 720w, https:\/\/www.agriculture-machine.com\/wp-content\/uploads\/2023\/11\/rice-milling-machines-360x270.webp 360w, https:\/\/www.agriculture-machine.com\/wp-content\/uploads\/2023\/11\/rice-milling-machines-240x180.webp 240w\" sizes=\"auto, (max-width: 720px) 100vw, 720px\" \/><figcaption class=\"wp-element-caption\">m\u00e1quinas de molienda de arroz<\/figcaption><\/figure>    <figure class=\"wp-block-image size-large\"><img loading=\"lazy\" decoding=\"async\" width=\"720\" height=\"540\" data-id=\"15195\" src=\"https:\/\/www.agriculture-machine.com\/wp-content\/uploads\/2023\/11\/complete-rice-milling-production-line.webp\" alt=\"l\u00ednea completa de molienda de arroz\" class=\"wp-image-15195\" srcset=\"https:\/\/www.agriculture-machine.com\/wp-content\/uploads\/2023\/11\/complete-rice-milling-production-line.webp 720w, https:\/\/www.agriculture-machine.com\/wp-content\/uploads\/2023\/11\/complete-rice-milling-production-line-360x270.webp 360w, https:\/\/www.agriculture-machine.com\/wp-content\/uploads\/2023\/11\/complete-rice-milling-production-line-240x180.webp 240w\" sizes=\"auto, (max-width: 720px) 100vw, 720px\" \/><figcaption class=\"wp-element-caption\">l\u00ednea completa de molienda de arroz<\/figcaption><\/figure> <\/figure>    <h2 class=\"wp-block-heading\">Funci\u00f3n del clasificador de arroz blanco<\/h2>    <ul class=\"wp-block-list\"> <li>Los pa\u00edses de todo el mundo toman el arroz roto como un \u00edndice importante para distinguir la calidad del arroz. Por lo tanto, la clasificaci\u00f3n del arroz blanco existe para adaptarse a los requisitos internacionales especiales de calidad del arroz (generalmente seg\u00fan cu\u00e1nta cantidad de arroz contiene roto, se clasifica y se establece un proceso). <\/li>    <li>El arroz con la misma precisi\u00f3n a menudo tiene una gran diferencia de precio debido a la diferencia de arroz roto. Contener menos arroz roto que m\u00e1s roto hace que el precio sea mucho m\u00e1s alto, y la calidad del arroz al vapor tambi\u00e9n es mucho mejor, por lo que hay que intentar reducir la tasa de arroz roto en la l\u00ednea de producci\u00f3n de molino de arroz.<\/li>    <li>Equipo de clasificaci\u00f3n de arroz blanco utilizado: cedazo plano giratorio, selector de tambor, etc. A trav\u00e9s del proceso de cribado de arroz blanco, se puede dividir en arroz roto peque\u00f1o, arroz roto grande y arroz terminado, y luego procesar de acuerdo con la norma de grado requerida.<\/li> <\/ul>    <figure class=\"wp-block-gallery has-nested-images columns-default is-cropped wp-block-gallery-3 is-layout-flex wp-block-gallery-is-layout-flex\"> <figure class=\"wp-block-image size-large\"><img loading=\"lazy\" decoding=\"async\" width=\"720\" height=\"540\" data-id=\"15198\" src=\"https:\/\/www.agriculture-machine.com\/wp-content\/uploads\/2023\/11\/rice-milling-machine-manufacturer.webp\" alt=\"fabricante de m\u00e1quinas de molienda de arroz\" class=\"wp-image-15198\" srcset=\"https:\/\/www.agriculture-machine.com\/wp-content\/uploads\/2023\/11\/rice-milling-machine-manufacturer.webp 720w, https:\/\/www.agriculture-machine.com\/wp-content\/uploads\/2023\/11\/rice-milling-machine-manufacturer-360x270.webp 360w, https:\/\/www.agriculture-machine.com\/wp-content\/uploads\/2023\/11\/rice-milling-machine-manufacturer-240x180.webp 240w\" sizes=\"auto, (max-width: 720px) 100vw, 720px\" \/><figcaption class=\"wp-element-caption\">fabricante de m\u00e1quinas de molienda de arroz<\/figcaption><\/figure>    <figure class=\"wp-block-image size-large\"><img loading=\"lazy\" decoding=\"async\" width=\"720\" height=\"540\" data-id=\"15197\" src=\"https:\/\/www.agriculture-machine.com\/wp-content\/uploads\/2023\/11\/integrated-rice-processing-line.webp\" alt=\"l\u00ednea de procesamiento integrado de arroz\" class=\"wp-image-15197\" srcset=\"https:\/\/www.agriculture-machine.com\/wp-content\/uploads\/2023\/11\/integrated-rice-processing-line.webp 720w, https:\/\/www.agriculture-machine.com\/wp-content\/uploads\/2023\/11\/integrated-rice-processing-line-360x270.webp 360w, https:\/\/www.agriculture-machine.com\/wp-content\/uploads\/2023\/11\/integrated-rice-processing-line-240x180.webp 240w\" sizes=\"auto, (max-width: 720px) 100vw, 720px\" \/><figcaption class=\"wp-element-caption\">l\u00ednea de procesamiento integrado de arroz<\/figcaption><\/figure> <\/figure>    <h2 class=\"wp-block-heading\">Flujo de trabajo del equipo de procesamiento de paddy (arroz salvaje) <\/h2>   <div id=\"rank-math-howto\" class=\"rank-math-block\" > <div class=\"rank-math-howto-description\"> <img loading=\"lazy\" decoding=\"async\" width=\"720\" height=\"540\" src=\"https:\/\/www.agriculture-machine.com\/wp-content\/uploads\/2023\/11\/complete-rice-milling-plant.webp\" class=\"attachment-full size-full\" alt=\"planta completa de molienda de arroz\" srcset=\"https:\/\/www.agriculture-machine.com\/wp-content\/uploads\/2023\/11\/complete-rice-milling-plant.webp 720w, https:\/\/www.agriculture-machine.com\/wp-content\/uploads\/2023\/11\/complete-rice-milling-plant-360x270.webp 360w, https:\/\/www.agriculture-machine.com\/wp-content\/uploads\/2023\/11\/complete-rice-milling-plant-240x180.webp 240w\" sizes=\"auto, (max-width: 720px) 100vw, 720px\" \/> <p>Un sistema de control autom\u00e1tico avanzado gestiona toda la l\u00ednea de producci\u00f3n del molino de arroz. Esto no solo mejora la eficiencia de la producci\u00f3n, sino que tambi\u00e9n garantiza un control preciso de cada paso.<\/p>  <\/div>  <div class=\"rank-math-steps\"> <div id=\"howto-step-1700124463914\" class=\"rank-math-step\"> <h3 class=\"rank-math-step-title\">1. Unidad de molienda de arroz est\u00e1ndar<\/h3> <div class=\"rank-math-step-content\"><p>Este conjunto de equipos es el n\u00facleo de toda esta l\u00ednea de producci\u00f3n de molino de arroz, que integra despulpar, pelar y moler, y que puede transformar eficientemente los granos en arroz blanco comestible.<\/p> <\/div> <\/div> <div id=\"howto-step-1700124513712\" class=\"rank-math-step\"> <h3 class=\"rank-math-step-title\">2. Pulidora de arroz<\/h3> <div class=\"rank-math-step-content\"><p>Adoptando tecnolog\u00eda avanzada de tratamiento superficial, esta m\u00e1quina elimina la piel externa del arroz blanco por fricci\u00f3n, haciendo que los granos sean m\u00e1s suaves. Este paso no solo mejora la apariencia del arroz, sino que tambi\u00e9n mejora el sabor, ofreciendo m\u00e1s opciones para el mercado de alta gama.<\/p> <\/div> <\/div> <div id=\"howto-step-1700124538104\" class=\"rank-math-step\"> <h3 class=\"rank-math-step-title\">3. Clasificador de arroz blanco <\/h3> <div class=\"rank-math-step-content\"><p>En esta \u00e1rea, hay dos capas de tamices que categorizan el arroz en tres niveles: granos grandes intactos, granos peque\u00f1os intactos y arroz roto. Esto nos permite clasificar el arroz por tama\u00f1o y forma, asegurando que cada saco de arroz tenga una calidad uniforme.<\/p> <\/div> <\/div> <\/div> <\/div>       <h2 class=\"wp-block-heading\">Instalaci\u00f3n de la planta de molienda de arroz<\/h2>    <figure class=\"wp-block-gallery has-nested-images columns-default is-cropped wp-block-gallery-4 is-layout-flex wp-block-gallery-is-layout-flex\"> <figure class=\"wp-block-image size-large\"><img loading=\"lazy\" decoding=\"async\" width=\"720\" height=\"540\" data-id=\"15200\" src=\"https:\/\/www.agriculture-machine.com\/wp-content\/uploads\/2023\/11\/rice-mill-plant-installation-drawing.webp\" alt=\"dibujo de instalaci\u00f3n de la planta de molino de arroz\" class=\"wp-image-15200\" srcset=\"https:\/\/www.agriculture-machine.com\/wp-content\/uploads\/2023\/11\/rice-mill-plant-installation-drawing.webp 720w, https:\/\/www.agriculture-machine.com\/wp-content\/uploads\/2023\/11\/rice-mill-plant-installation-drawing-360x270.webp 360w, https:\/\/www.agriculture-machine.com\/wp-content\/uploads\/2023\/11\/rice-mill-plant-installation-drawing-240x180.webp 240w\" sizes=\"auto, (max-width: 720px) 100vw, 720px\" \/><figcaption class=\"wp-element-caption\">dibujo de instalaci\u00f3n de la planta de molino de arroz<\/figcaption><\/figure>    <figure class=\"wp-block-image size-large\"><img loading=\"lazy\" decoding=\"async\" width=\"720\" height=\"540\" data-id=\"15201\" src=\"https:\/\/www.agriculture-machine.com\/wp-content\/uploads\/2023\/11\/rice-mill-production-line-drawing.webp\" alt=\"dibujo de la l\u00ednea de producci\u00f3n de molino de arroz\" class=\"wp-image-15201\" srcset=\"https:\/\/www.agriculture-machine.com\/wp-content\/uploads\/2023\/11\/rice-mill-production-line-drawing.webp 720w, https:\/\/www.agriculture-machine.com\/wp-content\/uploads\/2023\/11\/rice-mill-production-line-drawing-360x270.webp 360w, https:\/\/www.agriculture-machine.com\/wp-content\/uploads\/2023\/11\/rice-mill-production-line-drawing-240x180.webp 240w\" sizes=\"auto, (max-width: 720px) 100vw, 720px\" \/><figcaption class=\"wp-element-caption\">dibujo de la l\u00ednea de producci\u00f3n de molino de arroz<\/figcaption><\/figure> <\/figure>    <h2 class=\"wp-block-heading\">Exposici\u00f3n de m\u00e1quinas de la f\u00e1brica Taizy<\/h2>    <p>Bienvenido a visitar nuestra unidad de molienda de arroz, la m\u00e1quina de exhibici\u00f3n de la f\u00e1brica de nuestra l\u00ednea de producci\u00f3n de molinos de arroz eficientes y avanzados, para que pueda ver la equipaci\u00f3n de procesamiento de arroz de nuestras m\u00e1quinas.<\/p>    <figure class=\"wp-block-gallery has-nested-images columns-default is-cropped wp-block-gallery-5 is-layout-flex wp-block-gallery-is-layout-flex\"> <figure class=\"wp-block-image size-large\"><img loading=\"lazy\" decoding=\"async\" width=\"720\" height=\"540\" data-id=\"15202\" src=\"https:\/\/www.agriculture-machine.com\/wp-content\/uploads\/2023\/11\/rice-mill-machines-factory.webp\" alt=\"f\u00e1brica de m\u00e1quinas para molino de arroz\" class=\"wp-image-15202\" srcset=\"https:\/\/www.agriculture-machine.com\/wp-content\/uploads\/2023\/11\/rice-mill-machines-factory.webp 720w, https:\/\/www.agriculture-machine.com\/wp-content\/uploads\/2023\/11\/rice-mill-machines-factory-360x270.webp 360w, https:\/\/www.agriculture-machine.com\/wp-content\/uploads\/2023\/11\/rice-mill-machines-factory-240x180.webp 240w\" sizes=\"auto, (max-width: 720px) 100vw, 720px\" \/><figcaption class=\"wp-element-caption\">f\u00e1brica de m\u00e1quinas para molino de arroz<\/figcaption><\/figure>    <figure class=\"wp-block-image size-large\"><img loading=\"lazy\" decoding=\"async\" width=\"720\" height=\"540\" data-id=\"15203\" src=\"https:\/\/www.agriculture-machine.com\/wp-content\/uploads\/2023\/11\/rice-mill-production-line-packing-and-shipping-site.webp\" alt=\"sitio de embalaje y env\u00edo de la l\u00ednea de producci\u00f3n de molino de arroz\" class=\"wp-image-15203\" srcset=\"https:\/\/www.agriculture-machine.com\/wp-content\/uploads\/2023\/11\/rice-mill-production-line-packing-and-shipping-site.webp 720w, https:\/\/www.agriculture-machine.com\/wp-content\/uploads\/2023\/11\/rice-mill-production-line-packing-and-shipping-site-360x270.webp 360w, https:\/\/www.agriculture-machine.com\/wp-content\/uploads\/2023\/11\/rice-mill-production-line-packing-and-shipping-site-240x180.webp 240w\" sizes=\"auto, (max-width: 720px) 100vw, 720px\" \/><figcaption class=\"wp-element-caption\">sitio de embalaje y env\u00edo de la l\u00ednea de producci\u00f3n de molino de arroz<\/figcaption><\/figure> <\/figure>    <p>Le damos la bienvenida a visitar nuestra f\u00e1brica en cualquier momento, para experimentar el funcionamiento eficiente de la l\u00ednea de producci\u00f3n de la unidad de molienda de arroz y el encanto de la tecnolog\u00eda avanzada, lo que puede darte una comprensi\u00f3n m\u00e1s profunda de nuestro proceso de producci\u00f3n e innovaci\u00f3n tecnol\u00f3gica.<\/p>","protected":false},"excerpt":{"rendered":"<p>This rice mill production line begins with the standard 15TPD rice milling unit, whose main task is to hull, peel, and mill the grains to convert them into regular white rice. Next, the polishing machine comes into play, removing a layer of outer skin from the surface of the white rice by friction, making the [&hellip;]<\/p>\n","protected":false},"author":1,"featured_media":15193,"parent":0,"comment_status":"closed","ping_status":"closed","template":"","tags":[796],"product-type":[875,906],"class_list":["post-15188","product","type-product","status-publish","has-post-thumbnail","hentry","tag-rice","product-type-rice-mill-category","product-type-rice-mill-production-line"],"_links":{"self":[{"href":"https:\/\/www.agriculture-machine.com\/es\/wp-json\/wp\/v2\/product\/15188","targetHints":{"allow":["GET"]}}],"collection":[{"href":"https:\/\/www.agriculture-machine.com\/es\/wp-json\/wp\/v2\/product"}],"about":[{"href":"https:\/\/www.agriculture-machine.com\/es\/wp-json\/wp\/v2\/types\/product"}],"author":[{"embeddable":true,"href":"https:\/\/www.agriculture-machine.com\/es\/wp-json\/wp\/v2\/users\/1"}],"replies":[{"embeddable":true,"href":"https:\/\/www.agriculture-machine.com\/es\/wp-json\/wp\/v2\/comments?post=15188"}],"wp:featuredmedia":[{"embeddable":true,"href":"https:\/\/www.agriculture-machine.com\/es\/wp-json\/wp\/v2\/media\/15193"}],"wp:attachment":[{"href":"https:\/\/www.agriculture-machine.com\/es\/wp-json\/wp\/v2\/media?parent=15188"}],"wp:term":[{"taxonomy":"post_tag","embeddable":true,"href":"https:\/\/www.agriculture-machine.com\/es\/wp-json\/wp\/v2\/tags?post=15188"},{"taxonomy":"product-type","embeddable":true,"href":"https:\/\/www.agriculture-machine.com\/es\/wp-json\/wp\/v2\/product-type?post=15188"}],"curies":[{"name":"wp","href":"https:\/\/api.w.org\/{rel}","templated":true}]}}