{"id":15191,"date":"2023-11-17T11:23:54","date_gmt":"2023-11-17T03:23:54","guid":{"rendered":"https:\/\/www.agriculture-machine.com\/?post_type=product&#038;p=15191"},"modified":"2024-09-18T15:42:45","modified_gmt":"2024-09-18T07:42:45","slug":"rice-processing-line","status":"publish","type":"product","link":"https:\/\/www.agriculture-machine.com\/es\/rice-processing-line\/","title":{"rendered":"L\u00ednea de procesamiento de arroz mejorada de 15TPD m\u00e1s m\u00e1quinas de clasificaci\u00f3n por color y embalaje"},"content":{"rendered":"<p class=\"translation-block\">Esta l\u00ednea avanzada de procesamiento de arroz, formada por <strong><a href=\"https:\/\/www.agriculture-machine.com\/es\/rice-mill-production-line\/\">actualizaci\u00f3n de la unidad de molienda de arroz<\/a><\/strong> m\u00e1s el clasificador de color y la m\u00e1quina de embalaje, es una soluci\u00f3n integral para mejorar la calidad y eficiencia del procesamiento de arroz.<\/p>    <p>El clasificador de color selecciona inteligentemente los granos de arroz mediante tecnolog\u00eda \u00f3ptica para garantizar un color, forma y calidad m\u00e1s consistentes del producto terminado. Finalmente, la m\u00e1quina de embalaje empaqueta autom\u00e1ticamente el arroz procesado y filtrado para mantener la frescura del producto.<\/p>    <p>Esta l\u00ednea de producci\u00f3n optimiza la apariencia y calidad del producto, aportando un mayor nivel de automatizaci\u00f3n y producci\u00f3n estandarizada a la industria del procesamiento de arroz.<\/p>    <figure class=\"wp-block-gallery has-nested-images columns-default is-cropped wp-block-gallery-2 is-layout-flex wp-block-gallery-is-layout-flex\"> <figure class=\"wp-block-image size-large\"><img loading=\"lazy\" decoding=\"async\" width=\"720\" height=\"540\" data-id=\"15205\" src=\"https:\/\/www.agriculture-machine.com\/wp-content\/uploads\/2023\/11\/rice-processing-line-for-sale.webp\" alt=\"l\u00ednea de procesamiento de arroz en venta\" class=\"wp-image-15205\" srcset=\"https:\/\/www.agriculture-machine.com\/wp-content\/uploads\/2023\/11\/rice-processing-line-for-sale.webp 720w, https:\/\/www.agriculture-machine.com\/wp-content\/uploads\/2023\/11\/rice-processing-line-for-sale-360x270.webp 360w, https:\/\/www.agriculture-machine.com\/wp-content\/uploads\/2023\/11\/rice-processing-line-for-sale-240x180.webp 240w\" sizes=\"auto, (max-width: 720px) 100vw, 720px\" \/><figcaption class=\"wp-element-caption\">l\u00ednea de procesamiento de arroz en venta<\/figcaption><\/figure>    <figure class=\"wp-block-image size-full\"><img loading=\"lazy\" decoding=\"async\" width=\"720\" height=\"540\" data-id=\"15219\" src=\"https:\/\/www.agriculture-machine.com\/wp-content\/uploads\/2023\/11\/rice-mill-machine-application-1.webp\" alt=\"Aplicaci\u00f3n de la m\u00e1quina de molino de arroz\" class=\"wp-image-15219\" srcset=\"https:\/\/www.agriculture-machine.com\/wp-content\/uploads\/2023\/11\/rice-mill-machine-application-1.webp 720w, https:\/\/www.agriculture-machine.com\/wp-content\/uploads\/2023\/11\/rice-mill-machine-application-1-360x270.webp 360w, https:\/\/www.agriculture-machine.com\/wp-content\/uploads\/2023\/11\/rice-mill-machine-application-1-240x180.webp 240w\" sizes=\"auto, (max-width: 720px) 100vw, 720px\" \/><figcaption class=\"wp-element-caption\">Aplicaci\u00f3n de la m\u00e1quina de molino de arroz<\/figcaption><\/figure> <\/figure>    <h2 class=\"wp-block-heading\">Estructura principal de la l\u00ednea de procesamiento de arroz<\/h2>    <figure class=\"wp-block-image size-full\"><img loading=\"lazy\" decoding=\"async\" width=\"720\" height=\"540\" src=\"https:\/\/www.agriculture-machine.com\/wp-content\/uploads\/2023\/11\/integrated-rice-mill-unit-structure.webp\" alt=\"estructura de unidad de molino de arroz integrada\" class=\"wp-image-15206\" srcset=\"https:\/\/www.agriculture-machine.com\/wp-content\/uploads\/2023\/11\/integrated-rice-mill-unit-structure.webp 720w, https:\/\/www.agriculture-machine.com\/wp-content\/uploads\/2023\/11\/integrated-rice-mill-unit-structure-360x270.webp 360w, https:\/\/www.agriculture-machine.com\/wp-content\/uploads\/2023\/11\/integrated-rice-mill-unit-structure-240x180.webp 240w\" sizes=\"auto, (max-width: 720px) 100vw, 720px\" \/><figcaption class=\"wp-element-caption\">estructura de unidad de molino de arroz integrada<\/figcaption><\/figure>    <h2 class=\"wp-block-heading\">Flujo de trabajo del equipo de procesamiento de arroz blanco<\/h2>   <div id=\"rank-math-howto\" class=\"rank-math-block\" > <div class=\"rank-math-howto-description\">  <\/div>  <div class=\"rank-math-steps\"> <div id=\"howto-step-1700127739794\" class=\"rank-math-step\"> <h3 class=\"rank-math-step-title\">1. Etapa de procesamiento primario del molino de arroz<\/h3> <div class=\"rank-math-step-content\"><p>Primero se elimina el paddy de las grandes pajas y piedras, luego se descascarilla, seguido de molienda y molienda secundaria (blanqueador de arroz) y clasificaci\u00f3n de arroz blanco.<\/p> <\/div> <\/div> <div id=\"howto-step-1700128013016\" class=\"rank-math-step\"> <h3 class=\"rank-math-step-title\">2. Etapa de clasificaci\u00f3n por color<\/h3> <div class=\"rank-math-step-content\"><p>El clasificador de color utiliza tecnolog\u00eda \u00f3ptica avanzada para detectar inteligentemente impurezas y part\u00edculas inferiores en la harina de arroz. Bas\u00e1ndose en los resultados de detecci\u00f3n, el clasificador de color clasifica autom\u00e1ticamente los granos de arroz con diferencias de color o productos inferiores para garantizar el color y la calidad de los productos terminados.<\/p> <\/div> <\/div> <div id=\"howto-step-1700128062546\" class=\"rank-math-step\"> <h3 class=\"rank-math-step-title\">3. Etapa de Embalaje<\/h3> <div class=\"rank-math-step-content\"><p>El arroz blanco de alta calidad y calificaci\u00f3n se transporta a la m\u00e1quina de embalaje. La m\u00e1quina de embalaje mide y empaqueta seg\u00fan par\u00e1metros preestablecidos, logrando un proceso de embalaje automatizado. Despu\u00e9s de que el producto terminado se embala, puede ser etiquetado y encapsulado y luego enviado al almac\u00e9n o al mercado.<\/p> <\/div> <\/div> <\/div> <\/div>       <figure class=\"wp-block-gallery has-nested-images columns-default is-cropped wp-block-gallery-3 is-layout-flex wp-block-gallery-is-layout-flex\"> <figure class=\"wp-block-image size-large\"><img loading=\"lazy\" decoding=\"async\" width=\"720\" height=\"540\" data-id=\"15208\" src=\"https:\/\/www.agriculture-machine.com\/wp-content\/uploads\/2023\/11\/rice-processing-line.webp\" alt=\"l\u00ednea de procesamiento de arroz\" class=\"wp-image-15208\" srcset=\"https:\/\/www.agriculture-machine.com\/wp-content\/uploads\/2023\/11\/rice-processing-line.webp 720w, https:\/\/www.agriculture-machine.com\/wp-content\/uploads\/2023\/11\/rice-processing-line-360x270.webp 360w, https:\/\/www.agriculture-machine.com\/wp-content\/uploads\/2023\/11\/rice-processing-line-240x180.webp 240w\" sizes=\"auto, (max-width: 720px) 100vw, 720px\" \/><figcaption class=\"wp-element-caption\">l\u00ednea de procesamiento de arroz<\/figcaption><\/figure>    <figure class=\"wp-block-image size-large\"><img loading=\"lazy\" decoding=\"async\" width=\"720\" height=\"540\" data-id=\"15207\" src=\"https:\/\/www.agriculture-machine.com\/wp-content\/uploads\/2023\/11\/paddy-rice-processing-production-line.webp\" alt=\"l\u00ednea de producci\u00f3n de procesamiento de arroz paddy\" class=\"wp-image-15207\" srcset=\"https:\/\/www.agriculture-machine.com\/wp-content\/uploads\/2023\/11\/paddy-rice-processing-production-line.webp 720w, https:\/\/www.agriculture-machine.com\/wp-content\/uploads\/2023\/11\/paddy-rice-processing-production-line-360x270.webp 360w, https:\/\/www.agriculture-machine.com\/wp-content\/uploads\/2023\/11\/paddy-rice-processing-production-line-240x180.webp 240w\" sizes=\"auto, (max-width: 720px) 100vw, 720px\" \/><figcaption class=\"wp-element-caption\">l\u00ednea de producci\u00f3n de procesamiento de arroz paddy<\/figcaption><\/figure> <\/figure>    <h2 class=\"wp-block-heading\">Principio de funcionamiento del clasificador de color en la l\u00ednea de procesamiento de arroz<\/h2>    <ul class=\"wp-block-list\"> <li>La clasificaci\u00f3n por color es una operaci\u00f3n que utiliza fotoelectricidad para detectar y separar individuos (granos, grumos o bolas) e inclusiones extranjeras que tengan un color anormal o est\u00e9n infestadas de plagas y enfermedades de un gran volumen de productos.<\/li>    <li>El proceso de almacenamiento, debido al calor y otras razones, har\u00e1 que parte del arroz se deteriore, convirti\u00e9ndose en arroz de grano amarillo. El arroz de grano amarillo contiene ingredientes da\u00f1inos, el arroz terminado que contiene arroz de grano amarillo no solo afecta el valor comercial del arroz, sino tambi\u00e9n la salud de los consumidores, y debe eliminarse en la medida de lo posible.<\/li>    <li>Debido a que el arroz de grano amarillo y el arroz blanco normal no tienen caracter\u00edsticas f\u00edsicas generales, la diferencia entre el arroz de grano amarillo y el arroz blanco solo puede usarse en la diferencia de color y reflectividad, mediante m\u00e9todos y equipos de colorimetr\u00eda fotoel\u00e9ctrica. La diferencia en color tambi\u00e9n puede usarse para eliminar granos de color extra\u00f1o, como peque\u00f1os cristales y cenizas mezclados en el arroz.<\/li> <\/ul>    <figure class=\"wp-block-gallery has-nested-images columns-default is-cropped wp-block-gallery-4 is-layout-flex wp-block-gallery-is-layout-flex\"> <figure class=\"wp-block-image size-large\"><img loading=\"lazy\" decoding=\"async\" width=\"720\" height=\"540\" data-id=\"15209\" src=\"https:\/\/www.agriculture-machine.com\/wp-content\/uploads\/2023\/11\/color-sorter.webp\" alt=\"clasificador de color\" class=\"wp-image-15209\" srcset=\"https:\/\/www.agriculture-machine.com\/wp-content\/uploads\/2023\/11\/color-sorter.webp 720w, https:\/\/www.agriculture-machine.com\/wp-content\/uploads\/2023\/11\/color-sorter-360x270.webp 360w, https:\/\/www.agriculture-machine.com\/wp-content\/uploads\/2023\/11\/color-sorter-240x180.webp 240w\" sizes=\"auto, (max-width: 720px) 100vw, 720px\" \/><figcaption class=\"wp-element-caption\">clasificador de color<\/figcaption><\/figure>    <figure class=\"wp-block-image size-large\"><img loading=\"lazy\" decoding=\"async\" width=\"720\" height=\"540\" data-id=\"15210\" src=\"https:\/\/www.agriculture-machine.com\/wp-content\/uploads\/2023\/11\/rice-color-sorting-machine.webp\" alt=\"m\u00e1quina de clasificaci\u00f3n de color de arroz\" class=\"wp-image-15210\" srcset=\"https:\/\/www.agriculture-machine.com\/wp-content\/uploads\/2023\/11\/rice-color-sorting-machine.webp 720w, https:\/\/www.agriculture-machine.com\/wp-content\/uploads\/2023\/11\/rice-color-sorting-machine-360x270.webp 360w, https:\/\/www.agriculture-machine.com\/wp-content\/uploads\/2023\/11\/rice-color-sorting-machine-240x180.webp 240w\" sizes=\"auto, (max-width: 720px) 100vw, 720px\" \/><figcaption class=\"wp-element-caption\">m\u00e1quina de clasificaci\u00f3n de color de arroz<\/figcaption><\/figure> <\/figure>    <figure class=\"wp-block-gallery has-nested-images columns-default is-cropped wp-block-gallery-5 is-layout-flex wp-block-gallery-is-layout-flex\"> <figure class=\"wp-block-image size-large\"><img loading=\"lazy\" decoding=\"async\" width=\"720\" height=\"540\" data-id=\"15215\" src=\"https:\/\/www.agriculture-machine.com\/wp-content\/uploads\/2023\/11\/automatic-rice-milling-plant.webp\" alt=\"planta autom\u00e1tica de molienda de arroz\" class=\"wp-image-15215\" srcset=\"https:\/\/www.agriculture-machine.com\/wp-content\/uploads\/2023\/11\/automatic-rice-milling-plant.webp 720w, https:\/\/www.agriculture-machine.com\/wp-content\/uploads\/2023\/11\/automatic-rice-milling-plant-360x270.webp 360w, https:\/\/www.agriculture-machine.com\/wp-content\/uploads\/2023\/11\/automatic-rice-milling-plant-240x180.webp 240w\" sizes=\"auto, (max-width: 720px) 100vw, 720px\" \/><figcaption class=\"wp-element-caption\">planta autom\u00e1tica de molienda de arroz<\/figcaption><\/figure>    <figure class=\"wp-block-image size-large\"><img loading=\"lazy\" decoding=\"async\" width=\"720\" height=\"540\" data-id=\"15216\" src=\"https:\/\/www.agriculture-machine.com\/wp-content\/uploads\/2023\/11\/complete-paddy-rice-milling-line.webp\" alt=\"l\u00ednea completa de molienda de arroz paddy\" class=\"wp-image-15216\" srcset=\"https:\/\/www.agriculture-machine.com\/wp-content\/uploads\/2023\/11\/complete-paddy-rice-milling-line.webp 720w, https:\/\/www.agriculture-machine.com\/wp-content\/uploads\/2023\/11\/complete-paddy-rice-milling-line-360x270.webp 360w, https:\/\/www.agriculture-machine.com\/wp-content\/uploads\/2023\/11\/complete-paddy-rice-milling-line-240x180.webp 240w\" sizes=\"auto, (max-width: 720px) 100vw, 720px\" \/><figcaption class=\"wp-element-caption\">l\u00ednea completa de molienda de arroz paddy<\/figcaption><\/figure> <\/figure>    <h2 class=\"wp-block-heading\">Mostrar piezas de repuesto para la unidad de molienda de paddy<\/h2>    <p>Para la l\u00ednea de procesamiento de arroz con mayor intensidad de trabajo, para mantener mejor la m\u00e1quina y prolongar su vida \u00fatil, las piezas de desgaste deben reemplazarse regularmente. Las piezas se pueden comprar con descuentos.<\/p>    <figure class=\"wp-block-gallery has-nested-images columns-default is-cropped wp-block-gallery-6 is-layout-flex wp-block-gallery-is-layout-flex\"> <figure class=\"wp-block-image size-large\"><img loading=\"lazy\" decoding=\"async\" width=\"720\" height=\"540\" data-id=\"15211\" src=\"https:\/\/www.agriculture-machine.com\/wp-content\/uploads\/2023\/11\/iron-roller.webp\" alt=\"rodillo de hierro\" class=\"wp-image-15211\" srcset=\"https:\/\/www.agriculture-machine.com\/wp-content\/uploads\/2023\/11\/iron-roller.webp 720w, https:\/\/www.agriculture-machine.com\/wp-content\/uploads\/2023\/11\/iron-roller-360x270.webp 360w, https:\/\/www.agriculture-machine.com\/wp-content\/uploads\/2023\/11\/iron-roller-240x180.webp 240w\" sizes=\"auto, (max-width: 720px) 100vw, 720px\" \/><figcaption class=\"wp-element-caption\">rodillo de hierro<\/figcaption><\/figure>    <figure class=\"wp-block-image size-large\"><img loading=\"lazy\" decoding=\"async\" width=\"720\" height=\"540\" data-id=\"15212\" src=\"https:\/\/www.agriculture-machine.com\/wp-content\/uploads\/2023\/11\/polisher-Emery-roller.webp\" alt=\"Pulidor de rodillo de esmeril\" class=\"wp-image-15212\" srcset=\"https:\/\/www.agriculture-machine.com\/wp-content\/uploads\/2023\/11\/polisher-Emery-roller.webp 720w, https:\/\/www.agriculture-machine.com\/wp-content\/uploads\/2023\/11\/polisher-Emery-roller-360x270.webp 360w, https:\/\/www.agriculture-machine.com\/wp-content\/uploads\/2023\/11\/polisher-Emery-roller-240x180.webp 240w\" sizes=\"auto, (max-width: 720px) 100vw, 720px\" \/><figcaption class=\"wp-element-caption\">Pulidor de rodillo de esmeril<\/figcaption><\/figure> <\/figure>    <p class=\"translation-block\">Entre ellas, hay dos tipos de m\u00e1quinas de pulido disponibles, rodillos de hierro y rodillos de esmeril. La diferencia entre ellos es que el <strong>rodillo de hierro<\/strong> es adecuado para arroz redondo, y el producto terminado es m\u00e1s brillante, pero el arroz es f\u00e1cil de romper; el <strong>rodillo de esmeril<\/strong> es mayormente adecuado para arroz largo, su resistencia es relativamente peque\u00f1a, y el arroz obtenido no es f\u00e1cil de romper. Cabe se\u00f1alar que estos dos rodillos pueden usarse durante m\u00e1s tiempo en comparaci\u00f3n con otras piezas desgastadas.<\/p>    <h2 class=\"wp-block-heading\">Mostrador de m\u00e1quinas de l\u00ednea de procesamiento de arroz<\/h2>    <figure class=\"wp-block-gallery has-nested-images columns-default is-cropped wp-block-gallery-7 is-layout-flex wp-block-gallery-is-layout-flex\"> <figure class=\"wp-block-image size-large\"><img loading=\"lazy\" decoding=\"async\" width=\"720\" height=\"540\" data-id=\"15214\" src=\"https:\/\/www.agriculture-machine.com\/wp-content\/uploads\/2023\/11\/rice-processing-line-factory-show.webp\" alt=\"Mostraci\u00f3n de la f\u00e1brica de l\u00ednea de procesamiento de arroz\" class=\"wp-image-15214\" srcset=\"https:\/\/www.agriculture-machine.com\/wp-content\/uploads\/2023\/11\/rice-processing-line-factory-show.webp 720w, https:\/\/www.agriculture-machine.com\/wp-content\/uploads\/2023\/11\/rice-processing-line-factory-show-360x270.webp 360w, https:\/\/www.agriculture-machine.com\/wp-content\/uploads\/2023\/11\/rice-processing-line-factory-show-240x180.webp 240w\" sizes=\"auto, (max-width: 720px) 100vw, 720px\" \/><figcaption class=\"wp-element-caption\">Mostraci\u00f3n de la f\u00e1brica de l\u00ednea de procesamiento de arroz<\/figcaption><\/figure>    <figure class=\"wp-block-image size-large\"><img loading=\"lazy\" decoding=\"async\" width=\"720\" height=\"540\" data-id=\"15213\" src=\"https:\/\/www.agriculture-machine.com\/wp-content\/uploads\/2023\/11\/paddy-processing-line-factory.webp\" alt=\"f\u00e1brica de l\u00ednea de procesamiento de paddy\" class=\"wp-image-15213\" srcset=\"https:\/\/www.agriculture-machine.com\/wp-content\/uploads\/2023\/11\/paddy-processing-line-factory.webp 720w, https:\/\/www.agriculture-machine.com\/wp-content\/uploads\/2023\/11\/paddy-processing-line-factory-360x270.webp 360w, https:\/\/www.agriculture-machine.com\/wp-content\/uploads\/2023\/11\/paddy-processing-line-factory-240x180.webp 240w\" sizes=\"auto, (max-width: 720px) 100vw, 720px\" \/><figcaption class=\"wp-element-caption\">f\u00e1brica de l\u00ednea de procesamiento de paddy<\/figcaption><\/figure> <\/figure>    <p>Nuestra f\u00e1brica tiene una exhibici\u00f3n en stock, le invitamos a visitar nuestra l\u00ednea de producci\u00f3n de unidad de molienda de arroz avanzada y actualizada, esperamos colaborar con usted. Adem\u00e1s, si tiene alguna duda sobre la m\u00e1quina, no dude en contactarnos.<\/p>","protected":false},"excerpt":{"rendered":"<p>This advanced rice processing line formed by upgrading the rice milling unit plus the color sorter and packaging machine is a comprehensive solution to improve the quality and efficiency of rice processing. The color sorter intelligently screens the rice grains through optical technology to ensure more consistent color, shape, and quality of the finished product. [&hellip;]<\/p>\n","protected":false},"author":1,"featured_media":15204,"parent":0,"comment_status":"closed","ping_status":"closed","template":"","tags":[796],"product-type":[875,906],"class_list":["post-15191","product","type-product","status-publish","has-post-thumbnail","hentry","tag-rice","product-type-rice-mill-category","product-type-rice-mill-production-line"],"_links":{"self":[{"href":"https:\/\/www.agriculture-machine.com\/es\/wp-json\/wp\/v2\/product\/15191","targetHints":{"allow":["GET"]}}],"collection":[{"href":"https:\/\/www.agriculture-machine.com\/es\/wp-json\/wp\/v2\/product"}],"about":[{"href":"https:\/\/www.agriculture-machine.com\/es\/wp-json\/wp\/v2\/types\/product"}],"author":[{"embeddable":true,"href":"https:\/\/www.agriculture-machine.com\/es\/wp-json\/wp\/v2\/users\/1"}],"replies":[{"embeddable":true,"href":"https:\/\/www.agriculture-machine.com\/es\/wp-json\/wp\/v2\/comments?post=15191"}],"wp:featuredmedia":[{"embeddable":true,"href":"https:\/\/www.agriculture-machine.com\/es\/wp-json\/wp\/v2\/media\/15204"}],"wp:attachment":[{"href":"https:\/\/www.agriculture-machine.com\/es\/wp-json\/wp\/v2\/media?parent=15191"}],"wp:term":[{"taxonomy":"post_tag","embeddable":true,"href":"https:\/\/www.agriculture-machine.com\/es\/wp-json\/wp\/v2\/tags?post=15191"},{"taxonomy":"product-type","embeddable":true,"href":"https:\/\/www.agriculture-machine.com\/es\/wp-json\/wp\/v2\/product-type?post=15191"}],"curies":[{"name":"wp","href":"https:\/\/api.w.org\/{rel}","templated":true}]}}