{"id":15220,"date":"2023-11-20T11:46:30","date_gmt":"2023-11-20T03:46:30","guid":{"rendered":"https:\/\/www.agriculture-machine.com\/?post_type=product&#038;p=15220"},"modified":"2024-09-18T16:04:46","modified_gmt":"2024-09-18T08:04:46","slug":"rice-mill-line","status":"publish","type":"product","link":"https:\/\/www.agriculture-machine.com\/es\/rice-mill-line\/","title":{"rendered":"L\u00ednea de molino de arroz de alto est\u00e1ndar de 15TPD con pulidor de agua y tolva de almacenamiento"},"content":{"rendered":"<p class=\"translation-block\">Welcome to our upgraded rice mill line&#8217;s advanced production plant, which combines color sorting and packaging machines with a high-standard water polishing machine and intelligent storage bin to provide you with the ultimate <strong><a href=\"https:\/\/www.agriculture-machine.com\/es\/rice-mill-category\/\">rice processing experience<\/a><\/strong>.<\/p>    <figure class=\"wp-block-gallery has-nested-images columns-default is-cropped wp-block-gallery-2 is-layout-flex wp-block-gallery-is-layout-flex\"> <figure class=\"wp-block-image size-large\"><img loading=\"lazy\" decoding=\"async\" width=\"720\" height=\"540\" data-id=\"15222\" src=\"https:\/\/www.agriculture-machine.com\/wp-content\/uploads\/2023\/11\/rice-mill-line-for-sale.webp\" alt=\"l\u00ednea de molino de arroz en venta\" class=\"wp-image-15222\" srcset=\"https:\/\/www.agriculture-machine.com\/wp-content\/uploads\/2023\/11\/rice-mill-line-for-sale.webp 720w, https:\/\/www.agriculture-machine.com\/wp-content\/uploads\/2023\/11\/rice-mill-line-for-sale-360x270.webp 360w, https:\/\/www.agriculture-machine.com\/wp-content\/uploads\/2023\/11\/rice-mill-line-for-sale-240x180.webp 240w\" sizes=\"auto, (max-width: 720px) 100vw, 720px\" \/><figcaption class=\"wp-element-caption\">l\u00ednea de molino de arroz en venta<\/figcaption><\/figure>    <figure class=\"wp-block-image size-large\"><img loading=\"lazy\" decoding=\"async\" width=\"720\" height=\"540\" data-id=\"15223\" src=\"https:\/\/www.agriculture-machine.com\/wp-content\/uploads\/2023\/11\/united-rice-mill.webp\" alt=\"molino de arroz unido\" class=\"wp-image-15223\" srcset=\"https:\/\/www.agriculture-machine.com\/wp-content\/uploads\/2023\/11\/united-rice-mill.webp 720w, https:\/\/www.agriculture-machine.com\/wp-content\/uploads\/2023\/11\/united-rice-mill-360x270.webp 360w, https:\/\/www.agriculture-machine.com\/wp-content\/uploads\/2023\/11\/united-rice-mill-240x180.webp 240w\" sizes=\"auto, (max-width: 720px) 100vw, 720px\" \/><figcaption class=\"wp-element-caption\">molino de arroz unido<\/figcaption><\/figure> <\/figure>    <h2 class=\"wp-block-heading\">Estructura de l\u00ednea de molino de arroz de alto est\u00e1ndar de 15TPD<\/h2>    <p class=\"translation-block\"><strong>1. Partes necesarias: (debes comprar todas)<\/strong><\/p>    <p>Pre-cleaner&#8212; Destoner&#8212; Paddy Husker&#8211; Gravity Separator &#8212;-Rice Mill&#8212;<\/p>    <p class=\"translation-block\"><strong>2. Partes opcionales: (puedes elegir una o m\u00e1s de las siguientes m\u00e1quinas seg\u00fan tu presupuesto)<\/strong><\/p>    <p>Rice Polisher&#8212;Rice Grader&#8212;-Color Sorter&#8212;Storage Bin &#8212;Weighting and Packing Scale<\/p>    <p class=\"translation-block\"><strong>Resultado: Cuanto m\u00e1s m\u00e1quinas compres, m\u00e1s blanca y suave ser\u00e1 la calidad del arroz.<\/strong><\/p>    <figure class=\"wp-block-image size-full\"><img loading=\"lazy\" decoding=\"async\" width=\"720\" height=\"540\" src=\"https:\/\/www.agriculture-machine.com\/wp-content\/uploads\/2023\/11\/rice-mill-line-main-structure.webp\" alt=\"Estructura principal de la l\u00ednea de molino de arroz\" class=\"wp-image-15224\" srcset=\"https:\/\/www.agriculture-machine.com\/wp-content\/uploads\/2023\/11\/rice-mill-line-main-structure.webp 720w, https:\/\/www.agriculture-machine.com\/wp-content\/uploads\/2023\/11\/rice-mill-line-main-structure-360x270.webp 360w, https:\/\/www.agriculture-machine.com\/wp-content\/uploads\/2023\/11\/rice-mill-line-main-structure-240x180.webp 240w\" sizes=\"auto, (max-width: 720px) 100vw, 720px\" \/><figcaption class=\"wp-element-caption\">Estructura principal de la l\u00ednea de molino de arroz<\/figcaption><\/figure>    <h2 class=\"wp-block-heading\"><strong>Soluci\u00f3n para equipo de l\u00ednea de molino de arroz de 600-800kg\/h<\/strong><\/h2>    <figure class=\"wp-block-table is-style-stripes\"><table><tbody><tr><td><strong>Especificaci\u00f3n<\/strong><strong><\/strong><\/td><td><strong>&nbsp;Funci\u00f3n <\/strong><strong><\/strong><\/td><\/tr><tr><td><strong>Desgranador de arroz paddy <\/strong><br>Modelo: LG15 Potencia:5.5kw<\/td><td>Separar el arroz marr\u00f3n del paddy por la diferencia de gravedad y fricci\u00f3n superficial<\/td><\/tr><tr><td><strong>Prelimpiador de arroz paddy <\/strong><br>Modelo: SCQY40 Potencia:0.75 3\u00a0\u00a0<\/td><td>Principalmente para eliminar piedras en el paddy, pero tambi\u00e9n eliminar algunas pajas m\u00e1s grandes que el arroz paddy y arena o polvo m\u00e1s peque\u00f1os que el arroz paddy.<\/td><\/tr><tr><td><strong>Desgranador de arroz paddy <\/strong><br>Modelo: LG15 Potencia:5.5kw<\/td><td>Eliminar la c\u00e1scara exterior para obtener arroz marr\u00f3n<\/td><\/tr><tr><td><strong>Separador de arroz por gravedad<\/strong><br>Modelo:MGCZ70*5 Potencia :0.75kw \u00a0\u00a0<\/td><td>Usar el segundo molino de arroz para obtener arroz m\u00e1s blanco y reducir la tasa de rotura.<\/td><\/tr><tr><td><strong>Primera molino de arroz<\/strong>\u00a0<br>Modelo:NS150 Potencia:15kw \u00a0\u00a0\u00a0\u00a0\u00a0\u00a0<\/td><td>Usar el primer molino de arroz para eliminar la c\u00e1scara marr\u00f3n y obtener arroz blanco<\/td><\/tr><tr><td><strong>Separador magn\u00e9tico<\/strong><\/td><td>Eliminar peque\u00f1os metales del arroz<\/td><\/tr><tr><td><strong>Pulidor de arroz con agua <\/strong><br>Modelo: MP12.5 Potencia:15kw 4kw<\/td><td>Seleccionar otros colores de arroz o arroz con moho del arroz blanco.<\/td><\/tr><tr><td><strong>Pulidor de arroz con agua<\/strong><br>Modelo: MP12.5 Potencia:15kw 4kw<\/td><td>Pulir el arroz blanco con agua en spray, haci\u00e9ndolo m\u00e1s blanco y ligero.<\/td><\/tr><tr><td><strong>Clasificador de colores<\/strong><br>Modelo:6SXM-64(CCD) Potencia :1.5kw \u00a0<strong>\u00a0<\/strong><\/td><td>Obtener arroz entero en 2 grados y separar arroz entero y roto.<\/td><\/tr><tr><td><strong>Clasificador de arroz blanco<\/strong><br>Modelo:MMJP50X2 Potencia:0.35kw \u00a0<\/td><td>El arroz terminado puede permanecer mucho tiempo en el dep\u00f3sito, sin necesidad de que una persona opere la m\u00e1quina de envasado sin parar. Si desea ahorrar mano de obra, podemos instalar un dep\u00f3sito de almacenamiento antes de la m\u00e1quina de envasado.\u00a0<\/td><\/tr><tr><td><strong>Dep\u00f3sito de almacenamiento y elevador<\/strong><br>Volumen: 3 toneladas<strong>\u00a0\u00a0<\/strong><\/td><td>Para eliminar polvo, c\u00e1scara de arroz y otras peque\u00f1as impurezas<\/td><\/tr><tr><td><strong>M\u00e1quina de pesaje y envasado <\/strong><br>Modelo: DCS-50 Potencia:0.37 0.37kw<\/td><td>Pesaje, llenado en la bolsa y cosido de la bolsa. Rango de pesaje: 5-50kg \u00a0\u00a0\u00a0<\/td><\/tr><tr><td><strong>Clasificador de arroz blanco<\/strong><br>Modelo: MMJP50X2 Potencia:0.35kw \u00a0<\/td><td>Utilizado para conectar todas las m\u00e1quinas que trabajan juntas<\/td><\/tr><tr><td><strong>Tuber\u00edas de recolecci\u00f3n de polvo y cicl\u00f3n y otros accesorios peque\u00f1os<\/strong><\/td><td>Para eliminar polvo, c\u00e1scara de arroz y otras peque\u00f1as impurezas<\/td><\/tr><tr><td><strong>Cabina el\u00e9ctrica <\/strong>\u00a0<\/td><td>F\u00e1cil y seguro de operar \u00a0<\/td><\/tr><tr><td><strong>Herramientas<\/strong><\/td><td>Herramientas para instalaci\u00f3n y mantenimiento<\/td><\/tr><\/tbody><\/table><\/figure>    <h2 class=\"wp-block-heading\">\u00bfPor qu\u00e9 usar una m\u00e1quina pulidora de agua?<\/h2>    <ul class=\"wp-block-list\"> <li>El pulidor de agua y la m\u00e1quina de molienda de arroz parecen muy similares, la principal diferencia es que la m\u00e1quina de pulido con niebla de agua est\u00e1 equipada con una manguera de agua, una bomba de agua y un cubo de agua. <\/li>    <li>La m\u00e1quina de molino de arroz puede usar rodillos de hierro o de esmeril, mientras que el pulidor de agua usa rodillos de hierro. La funci\u00f3n principal es con una fina niebla de agua para hacer que el arroz sea m\u00e1s suave y m\u00e1s blanco.<\/li> <\/ul>    <figure class=\"wp-block-gallery has-nested-images columns-default is-cropped wp-block-gallery-3 is-layout-flex wp-block-gallery-is-layout-flex\"> <figure class=\"wp-block-image size-large\"><img loading=\"lazy\" decoding=\"async\" width=\"720\" height=\"540\" data-id=\"15225\" src=\"https:\/\/www.agriculture-machine.com\/wp-content\/uploads\/2023\/11\/integrated-rice-milling-unit.webp\" alt=\"unidad de molienda de arroz integrada\" class=\"wp-image-15225\" srcset=\"https:\/\/www.agriculture-machine.com\/wp-content\/uploads\/2023\/11\/integrated-rice-milling-unit.webp 720w, https:\/\/www.agriculture-machine.com\/wp-content\/uploads\/2023\/11\/integrated-rice-milling-unit-360x270.webp 360w, https:\/\/www.agriculture-machine.com\/wp-content\/uploads\/2023\/11\/integrated-rice-milling-unit-240x180.webp 240w\" sizes=\"auto, (max-width: 720px) 100vw, 720px\" \/><figcaption class=\"wp-element-caption\">unidad de molienda de arroz integrada<\/figcaption><\/figure>    <figure class=\"wp-block-image size-large\"><img loading=\"lazy\" decoding=\"async\" width=\"720\" height=\"540\" data-id=\"15226\" src=\"https:\/\/www.agriculture-machine.com\/wp-content\/uploads\/2023\/11\/paddy-processing-unit-rice-mill.webp\" alt=\"unidad de procesamiento de paddy molino de arroz\" class=\"wp-image-15226\" srcset=\"https:\/\/www.agriculture-machine.com\/wp-content\/uploads\/2023\/11\/paddy-processing-unit-rice-mill.webp 720w, https:\/\/www.agriculture-machine.com\/wp-content\/uploads\/2023\/11\/paddy-processing-unit-rice-mill-360x270.webp 360w, https:\/\/www.agriculture-machine.com\/wp-content\/uploads\/2023\/11\/paddy-processing-unit-rice-mill-240x180.webp 240w\" sizes=\"auto, (max-width: 720px) 100vw, 720px\" \/><figcaption class=\"wp-element-caption\">unidad de procesamiento de paddy molino de arroz<\/figcaption><\/figure> <\/figure>    <h2 class=\"wp-block-heading\"><strong>\u00bfCu\u00e1l es la funci\u00f3n del dep\u00f3sito de almacenamiento?<\/strong><\/h2>    <ul class=\"wp-block-list\"> <li>Debido a que la m\u00e1quina de envasado es muy r\u00e1pida, puede envasar una bolsa de 50kg de arroz en menos de un minuto y, por lo tanto, puede envasar tres toneladas de arroz por hora. Una l\u00ednea de molino de arroz de 15TPD produce 600kg de arroz blanco por hora.<\/li>    <li>Si se coloca un dep\u00f3sito de 3 toneladas frente a la m\u00e1quina de envasado, tarda 5 horas en llenarse. Cuando el dep\u00f3sito est\u00e1 lleno, se enciende la empacadora y comienza el proceso de envasado. De esta manera, la m\u00e1quina de envasado no tiene que trabajar constantemente y no es necesario que un operador est\u00e9 all\u00ed todo el tiempo.<\/li> <\/ul>    <figure class=\"wp-block-gallery has-nested-images columns-default is-cropped wp-block-gallery-4 is-layout-flex wp-block-gallery-is-layout-flex\"> <figure class=\"wp-block-image size-large\"><img loading=\"lazy\" decoding=\"async\" width=\"720\" height=\"540\" data-id=\"15228\" src=\"https:\/\/www.agriculture-machine.com\/wp-content\/uploads\/2023\/11\/rice-mill-processing-unit.webp\" alt=\"unidad de procesamiento de molino de arroz\" class=\"wp-image-15228\" srcset=\"https:\/\/www.agriculture-machine.com\/wp-content\/uploads\/2023\/11\/rice-mill-processing-unit.webp 720w, https:\/\/www.agriculture-machine.com\/wp-content\/uploads\/2023\/11\/rice-mill-processing-unit-360x270.webp 360w, https:\/\/www.agriculture-machine.com\/wp-content\/uploads\/2023\/11\/rice-mill-processing-unit-240x180.webp 240w\" sizes=\"auto, (max-width: 720px) 100vw, 720px\" \/><figcaption class=\"wp-element-caption\">unidad de procesamiento de molino de arroz<\/figcaption><\/figure>    <figure class=\"wp-block-image size-large\"><img loading=\"lazy\" decoding=\"async\" width=\"720\" height=\"540\" data-id=\"15227\" src=\"https:\/\/www.agriculture-machine.com\/wp-content\/uploads\/2023\/11\/fully-automatic-rice-mill-plant-cost.webp\" alt=\"costo de planta de molino de arroz totalmente autom\u00e1tica\" class=\"wp-image-15227\" srcset=\"https:\/\/www.agriculture-machine.com\/wp-content\/uploads\/2023\/11\/fully-automatic-rice-mill-plant-cost.webp 720w, https:\/\/www.agriculture-machine.com\/wp-content\/uploads\/2023\/11\/fully-automatic-rice-mill-plant-cost-360x270.webp 360w, https:\/\/www.agriculture-machine.com\/wp-content\/uploads\/2023\/11\/fully-automatic-rice-mill-plant-cost-240x180.webp 240w\" sizes=\"auto, (max-width: 720px) 100vw, 720px\" \/><figcaption class=\"wp-element-caption\">costo de planta de molino de arroz totalmente autom\u00e1tica<\/figcaption><\/figure> <\/figure>    <h2 class=\"wp-block-heading\">Dibujos de dise\u00f1o referenciales<\/h2>    <figure class=\"wp-block-image size-full\"><img loading=\"lazy\" decoding=\"async\" width=\"720\" height=\"540\" src=\"https:\/\/www.agriculture-machine.com\/wp-content\/uploads\/2023\/11\/rice-mill-line-installation-drawing.webp\" alt=\"dibujo de instalaci\u00f3n de l\u00ednea de molino de arroz\" class=\"wp-image-15229\" srcset=\"https:\/\/www.agriculture-machine.com\/wp-content\/uploads\/2023\/11\/rice-mill-line-installation-drawing.webp 720w, https:\/\/www.agriculture-machine.com\/wp-content\/uploads\/2023\/11\/rice-mill-line-installation-drawing-360x270.webp 360w, https:\/\/www.agriculture-machine.com\/wp-content\/uploads\/2023\/11\/rice-mill-line-installation-drawing-240x180.webp 240w\" sizes=\"auto, (max-width: 720px) 100vw, 720px\" \/><figcaption class=\"wp-element-caption\">dibujo de instalaci\u00f3n de l\u00ednea de molino de arroz<\/figcaption><\/figure>    <h2 class=\"wp-block-heading\">Mostrar de f\u00e1brica de m\u00e1quinas de l\u00ednea de molino de arroz Taizy<\/h2>    <figure class=\"wp-block-gallery has-nested-images columns-2 is-cropped wp-block-gallery-5 is-layout-flex wp-block-gallery-is-layout-flex\"> <figure class=\"wp-block-image size-large\"><img loading=\"lazy\" decoding=\"async\" width=\"720\" height=\"540\" data-id=\"15231\" src=\"https:\/\/www.agriculture-machine.com\/wp-content\/uploads\/2023\/11\/paddy-processing-machine-factory.webp\" alt=\"f\u00e1brica de m\u00e1quinas de procesamiento de paddy\" class=\"wp-image-15231\" srcset=\"https:\/\/www.agriculture-machine.com\/wp-content\/uploads\/2023\/11\/paddy-processing-machine-factory.webp 720w, https:\/\/www.agriculture-machine.com\/wp-content\/uploads\/2023\/11\/paddy-processing-machine-factory-360x270.webp 360w, https:\/\/www.agriculture-machine.com\/wp-content\/uploads\/2023\/11\/paddy-processing-machine-factory-240x180.webp 240w\" sizes=\"auto, (max-width: 720px) 100vw, 720px\" \/><figcaption class=\"wp-element-caption\">f\u00e1brica de m\u00e1quinas de procesamiento de paddy<\/figcaption><\/figure>    <figure class=\"wp-block-image size-large\"><img loading=\"lazy\" decoding=\"async\" width=\"720\" height=\"540\" data-id=\"15230\" src=\"https:\/\/www.agriculture-machine.com\/wp-content\/uploads\/2023\/11\/complete-rice-milling-plant-machinery.webp\" alt=\"maquinaria completa para planta de molienda de arroz\" class=\"wp-image-15230\" srcset=\"https:\/\/www.agriculture-machine.com\/wp-content\/uploads\/2023\/11\/complete-rice-milling-plant-machinery.webp 720w, https:\/\/www.agriculture-machine.com\/wp-content\/uploads\/2023\/11\/complete-rice-milling-plant-machinery-360x270.webp 360w, https:\/\/www.agriculture-machine.com\/wp-content\/uploads\/2023\/11\/complete-rice-milling-plant-machinery-240x180.webp 240w\" sizes=\"auto, (max-width: 720px) 100vw, 720px\" \/><figcaption class=\"wp-element-caption\">maquinaria completa para planta de molienda de arroz<\/figcaption><\/figure>    <figure class=\"wp-block-image size-large\"><img loading=\"lazy\" decoding=\"async\" width=\"720\" height=\"540\" data-id=\"15232\" src=\"https:\/\/www.agriculture-machine.com\/wp-content\/uploads\/2023\/11\/rice-mill-line-factory.webp\" alt=\"f\u00e1brica de l\u00ednea de molino de arroz\" class=\"wp-image-15232\" srcset=\"https:\/\/www.agriculture-machine.com\/wp-content\/uploads\/2023\/11\/rice-mill-line-factory.webp 720w, https:\/\/www.agriculture-machine.com\/wp-content\/uploads\/2023\/11\/rice-mill-line-factory-360x270.webp 360w, https:\/\/www.agriculture-machine.com\/wp-content\/uploads\/2023\/11\/rice-mill-line-factory-240x180.webp 240w\" sizes=\"auto, (max-width: 720px) 100vw, 720px\" \/><figcaption class=\"wp-element-caption\">f\u00e1brica de l\u00ednea de molino de arroz<\/figcaption><\/figure>    <figure class=\"wp-block-image size-large\"><img loading=\"lazy\" decoding=\"async\" width=\"720\" height=\"540\" data-id=\"15233\" src=\"https:\/\/www.agriculture-machine.com\/wp-content\/uploads\/2023\/11\/rice-milling-plant-packing-and-shipping.webp\" alt=\"embalaje y env\u00edo de planta de molienda de arroz\" class=\"wp-image-15233\" srcset=\"https:\/\/www.agriculture-machine.com\/wp-content\/uploads\/2023\/11\/rice-milling-plant-packing-and-shipping.webp 720w, https:\/\/www.agriculture-machine.com\/wp-content\/uploads\/2023\/11\/rice-milling-plant-packing-and-shipping-360x270.webp 360w, https:\/\/www.agriculture-machine.com\/wp-content\/uploads\/2023\/11\/rice-milling-plant-packing-and-shipping-240x180.webp 240w\" sizes=\"auto, (max-width: 720px) 100vw, 720px\" \/><figcaption class=\"wp-element-caption\">embalaje y env\u00edo de planta de molienda de arroz<\/figcaption><\/figure> <\/figure>    <p>Welcome to the advanced production line of our upgraded rice mill line, which combines color sorting and packaging machines with a high-quality rice polisher with water and an intelligent bin, presenting you with the ultimate rice processing experience and demonstrating our company&#8217;s commitment to providing advanced technology and high-quality rice production process, we look forward to your visit and cooperation.<\/p>","protected":false},"excerpt":{"rendered":"<p>Welcome to our upgraded rice mill line&#8217;s advanced production plant, which combines color sorting and packaging machines with a high-standard water polishing machine and intelligent storage bin to provide you with the ultimate rice processing experience. High Standard 15TPD Rice Mill Line Structure 1. Necessary Parts : (you need to buy all ) Pre-cleaner&#8212; Destoner&#8212; [&hellip;]<\/p>\n","protected":false},"author":1,"featured_media":15234,"parent":0,"comment_status":"closed","ping_status":"closed","template":"","tags":[796],"product-type":[875,906],"class_list":["post-15220","product","type-product","status-publish","has-post-thumbnail","hentry","tag-rice","product-type-rice-mill-category","product-type-rice-mill-production-line"],"_links":{"self":[{"href":"https:\/\/www.agriculture-machine.com\/es\/wp-json\/wp\/v2\/product\/15220","targetHints":{"allow":["GET"]}}],"collection":[{"href":"https:\/\/www.agriculture-machine.com\/es\/wp-json\/wp\/v2\/product"}],"about":[{"href":"https:\/\/www.agriculture-machine.com\/es\/wp-json\/wp\/v2\/types\/product"}],"author":[{"embeddable":true,"href":"https:\/\/www.agriculture-machine.com\/es\/wp-json\/wp\/v2\/users\/1"}],"replies":[{"embeddable":true,"href":"https:\/\/www.agriculture-machine.com\/es\/wp-json\/wp\/v2\/comments?post=15220"}],"wp:featuredmedia":[{"embeddable":true,"href":"https:\/\/www.agriculture-machine.com\/es\/wp-json\/wp\/v2\/media\/15234"}],"wp:attachment":[{"href":"https:\/\/www.agriculture-machine.com\/es\/wp-json\/wp\/v2\/media?parent=15220"}],"wp:term":[{"taxonomy":"post_tag","embeddable":true,"href":"https:\/\/www.agriculture-machine.com\/es\/wp-json\/wp\/v2\/tags?post=15220"},{"taxonomy":"product-type","embeddable":true,"href":"https:\/\/www.agriculture-machine.com\/es\/wp-json\/wp\/v2\/product-type?post=15220"}],"curies":[{"name":"wp","href":"https:\/\/api.w.org\/{rel}","templated":true}]}}