{"id":15278,"date":"2023-11-24T17:17:45","date_gmt":"2023-11-24T09:17:45","guid":{"rendered":"https:\/\/www.agriculture-machine.com\/?post_type=product&#038;p=15278"},"modified":"2024-09-18T15:44:15","modified_gmt":"2024-09-18T07:44:15","slug":"25tpd-rice-milling-line","status":"publish","type":"product","link":"https:\/\/www.agriculture-machine.com\/es\/25tpd-rice-milling-line\/","title":{"rendered":"L\u00ednea de molienda de arroz de 25TPD con estructura de acero"},"content":{"rendered":"<p>La empresa Taizy ofrece una l\u00ednea de molienda de arroz con una capacidad de 25 toneladas por d\u00eda que cuenta con una configuraci\u00f3n de marco de acero resistente dise\u00f1ada para proporcionar una soluci\u00f3n eficiente y confiable para su producci\u00f3n de arroz. La capacidad de 25 toneladas por d\u00eda asegura que pueda hacer frente a necesidades de molienda de arroz a gran escala tanto para productores de arroz medianos como grandes.<\/p>    <figure class=\"wp-block-image size-full\"><img loading=\"lazy\" decoding=\"async\" width=\"720\" height=\"540\" src=\"https:\/\/www.agriculture-machine.com\/wp-content\/uploads\/2023\/11\/rice-milling-line-with-frame-structure.webp\" alt=\"La empresa Taizy ofrece una l\u00ednea de molienda de arroz con una capacidad de 25 toneladas por d\u00eda que cuenta con una configuraci\u00f3n de marco de acero resistente dise\u00f1ada para proporcionar una soluci\u00f3n eficiente y confiable para su producci\u00f3n de arroz.\" class=\"wp-image-15282\" srcset=\"https:\/\/www.agriculture-machine.com\/wp-content\/uploads\/2023\/11\/rice-milling-line-with-frame-structure.webp 720w, https:\/\/www.agriculture-machine.com\/wp-content\/uploads\/2023\/11\/rice-milling-line-with-frame-structure-360x270.webp 360w, https:\/\/www.agriculture-machine.com\/wp-content\/uploads\/2023\/11\/rice-milling-line-with-frame-structure-240x180.webp 240w\" sizes=\"auto, (max-width: 720px) 100vw, 720px\" \/><figcaption class=\"wp-element-caption\">L\u00ednea de molienda de arroz con estructura de marco<\/figcaption><\/figure>    <p class=\"translation-block\">Mientras tanto, tambi\u00e9n disponemos de la misma l\u00ednea de producci\u00f3n sin estructura de acero, por favor haga clic para ver: la <strong><a href=\"https:\/\/www.agriculture-machine.com\/es\/25tpd-rice-miller-unit\/\">Unidad de molino de arroz de 25 toneladas\/d\u00eda sin estructura de acero<\/a><\/strong>.<\/p>    <h2 class=\"wp-block-heading\">This Paddy Processing Line&#8217;s Main Features<\/h2>    <ul class=\"wp-block-list\"> <li><strong>Marco de acero resistente:<\/strong> Dise\u00f1ada con acero de alta calidad, la estructura es robusta y duradera, garantizando la estabilidad y fiabilidad a largo plazo de toda la l\u00ednea de producci\u00f3n.<\/li>    <li><strong>Altamente personalizable:<\/strong> Puede elegir la configuraci\u00f3n adecuada seg\u00fan su escala de producci\u00f3n y requisitos, permitiendo una personalizaci\u00f3n altamente adaptada de la l\u00ednea de molienda de arroz.<\/li>    <li><strong>Ahorro de espacio:<\/strong> La estructura compacta y resistente de marco de acero no solo proporciona un soporte fuerte, sino que tambi\u00e9n utiliza eficazmente el espacio de la planta para garantizar una distribuci\u00f3n eficiente del equipo.<\/li>    <li><strong>Configuraci\u00f3n flexible:<\/strong> It can be customized according to the customer&#8217;s needs, including components such as rice milling machine type, polishing machine, color sorter, etc. to meet different rice milling requirements.<\/li> <\/ul>    <figure class=\"wp-block-gallery has-nested-images columns-default is-cropped wp-block-gallery-2 is-layout-flex wp-block-gallery-is-layout-flex\"> <figure class=\"wp-block-image size-large\"><img loading=\"lazy\" decoding=\"async\" width=\"720\" height=\"540\" data-id=\"15280\" src=\"https:\/\/www.agriculture-machine.com\/wp-content\/uploads\/2023\/11\/paddy-mill-production-line.webp\" alt=\"L\u00ednea de producci\u00f3n de arroz paddy\" class=\"wp-image-15280\" srcset=\"https:\/\/www.agriculture-machine.com\/wp-content\/uploads\/2023\/11\/paddy-mill-production-line.webp 720w, https:\/\/www.agriculture-machine.com\/wp-content\/uploads\/2023\/11\/paddy-mill-production-line-360x270.webp 360w, https:\/\/www.agriculture-machine.com\/wp-content\/uploads\/2023\/11\/paddy-mill-production-line-240x180.webp 240w\" sizes=\"auto, (max-width: 720px) 100vw, 720px\" \/><figcaption class=\"wp-element-caption\">L\u00ednea de producci\u00f3n de arroz paddy<\/figcaption><\/figure>    <figure class=\"wp-block-image size-large\"><img loading=\"lazy\" decoding=\"async\" width=\"720\" height=\"540\" data-id=\"15281\" src=\"https:\/\/www.agriculture-machine.com\/wp-content\/uploads\/2023\/11\/paddy-rice-processing-system.webp\" alt=\"Sistema de procesamiento de arroz paddy\" class=\"wp-image-15281\" srcset=\"https:\/\/www.agriculture-machine.com\/wp-content\/uploads\/2023\/11\/paddy-rice-processing-system.webp 720w, https:\/\/www.agriculture-machine.com\/wp-content\/uploads\/2023\/11\/paddy-rice-processing-system-360x270.webp 360w, https:\/\/www.agriculture-machine.com\/wp-content\/uploads\/2023\/11\/paddy-rice-processing-system-240x180.webp 240w\" sizes=\"auto, (max-width: 720px) 100vw, 720px\" \/><figcaption class=\"wp-element-caption\">Sistema de procesamiento de arroz paddy<\/figcaption><\/figure> <\/figure>    <p>La plataforma subyacente est\u00e1 estrat\u00e9gicamente integrada para garantizar que todas las m\u00e1quinas funcionen sin problemas en el mismo nivel. Esto no solo promueve un flujo de trabajo armonioso, sino que tambi\u00e9n facilita una conexi\u00f3n eficiente entre los diversos componentes. La plataforma superior proporciona un espacio conveniente para inspecciones y mantenimiento del elevador, reduciendo el tiempo de inactividad y mejorando la vida \u00fatil general de la unidad.<\/p>    <h2 class=\"wp-block-heading\">Tres tipos de l\u00edneas de molienda de arroz con marco de acero<\/h2>    <p>Las l\u00edneas de producci\u00f3n de molienda de arroz pueden combinarse de varias maneras. A continuaci\u00f3n, se enumeran tres configuraciones, describiendo brevemente la composici\u00f3n de cada l\u00ednea.<\/p>    <h3 class=\"wp-block-heading\">Tipo 1<\/h3>    <figure class=\"wp-block-gallery has-nested-images columns-default is-cropped wp-block-gallery-3 is-layout-flex wp-block-gallery-is-layout-flex\"> <figure class=\"wp-block-image size-large\"><img loading=\"lazy\" decoding=\"async\" width=\"720\" height=\"540\" data-id=\"15284\" src=\"https:\/\/www.agriculture-machine.com\/wp-content\/uploads\/2023\/11\/rice-miller-equipments.webp\" alt=\"L\u00ednea de molienda de arroz autom\u00e1tica asequible de 25TPD con estructura de marco de acero\" class=\"wp-image-15284\" srcset=\"https:\/\/www.agriculture-machine.com\/wp-content\/uploads\/2023\/11\/rice-miller-equipments.webp 720w, https:\/\/www.agriculture-machine.com\/wp-content\/uploads\/2023\/11\/rice-miller-equipments-360x270.webp 360w, https:\/\/www.agriculture-machine.com\/wp-content\/uploads\/2023\/11\/rice-miller-equipments-240x180.webp 240w\" sizes=\"auto, (max-width: 720px) 100vw, 720px\" \/><figcaption class=\"wp-element-caption\">Equipo de molino de arroz<\/figcaption><\/figure>    <figure class=\"wp-block-image size-large\"><img loading=\"lazy\" decoding=\"async\" width=\"720\" height=\"540\" data-id=\"15283\" src=\"https:\/\/www.agriculture-machine.com\/wp-content\/uploads\/2023\/11\/complete-rice-milling-machine.webp\" alt=\"M\u00e1quina de molienda de arroz completa\" class=\"wp-image-15283\" srcset=\"https:\/\/www.agriculture-machine.com\/wp-content\/uploads\/2023\/11\/complete-rice-milling-machine.webp 720w, https:\/\/www.agriculture-machine.com\/wp-content\/uploads\/2023\/11\/complete-rice-milling-machine-360x270.webp 360w, https:\/\/www.agriculture-machine.com\/wp-content\/uploads\/2023\/11\/complete-rice-milling-machine-240x180.webp 240w\" sizes=\"auto, (max-width: 720px) 100vw, 720px\" \/><figcaption class=\"wp-element-caption\">M\u00e1quina de molienda de arroz completa<\/figcaption><\/figure> <\/figure>    <p>Esta l\u00ednea de molienda de arroz combina un descascarador, un separador de arroz paddy, dos molinos de arroz, seguido de un clasificador de color, pulidor, clasificador de arroz blanco y una m\u00e1quina de pesaje y empaquetado, siendo una configuraci\u00f3n convencional de l\u00ednea de molienda de arroz.<\/p>    <h3 class=\"wp-block-heading\">Planta completa de procesamiento de arroz<\/h3>    <figure class=\"wp-block-gallery has-nested-images columns-default is-cropped wp-block-gallery-4 is-layout-flex wp-block-gallery-is-layout-flex\"> <figure class=\"wp-block-image size-large\"><img loading=\"lazy\" decoding=\"async\" width=\"720\" height=\"540\" data-id=\"15285\" src=\"https:\/\/www.agriculture-machine.com\/wp-content\/uploads\/2023\/11\/complete-rice-processing-plant.webp\" alt=\"Servicio de procesamiento de arroz blanco\" class=\"wp-image-15285\" srcset=\"https:\/\/www.agriculture-machine.com\/wp-content\/uploads\/2023\/11\/complete-rice-processing-plant.webp 720w, https:\/\/www.agriculture-machine.com\/wp-content\/uploads\/2023\/11\/complete-rice-processing-plant-360x270.webp 360w, https:\/\/www.agriculture-machine.com\/wp-content\/uploads\/2023\/11\/complete-rice-processing-plant-240x180.webp 240w\" sizes=\"auto, (max-width: 720px) 100vw, 720px\" \/><figcaption class=\"wp-element-caption\">Servicio de procesamiento de arroz blanco<\/figcaption><\/figure>    <figure class=\"wp-block-image size-large\"><img loading=\"lazy\" decoding=\"async\" width=\"720\" height=\"540\" data-id=\"15286\" src=\"https:\/\/www.agriculture-machine.com\/wp-content\/uploads\/2023\/11\/white-rice-processing-service.webp\" alt=\"Proceso de fabricaci\u00f3n de arroz blanco\" class=\"wp-image-15286\" srcset=\"https:\/\/www.agriculture-machine.com\/wp-content\/uploads\/2023\/11\/white-rice-processing-service.webp 720w, https:\/\/www.agriculture-machine.com\/wp-content\/uploads\/2023\/11\/white-rice-processing-service-360x270.webp 360w, https:\/\/www.agriculture-machine.com\/wp-content\/uploads\/2023\/11\/white-rice-processing-service-240x180.webp 240w\" sizes=\"auto, (max-width: 720px) 100vw, 720px\" \/><figcaption class=\"wp-element-caption\">Proceso de fabricaci\u00f3n de arroz blanco<\/figcaption><\/figure> <\/figure>    <p class=\"translation-block\">This set is basically the same as the <strong>Type 1<\/strong>&#8216;s, with the only difference being the replacement of the polisher with a water-mist polishing machine, plus the addition of a storage bin after the white rice grader.<\/p>    <h3 class=\"wp-block-heading\">F\u00e1brica moderna de l\u00edneas de molienda de arroz<\/h3>    <figure class=\"wp-block-gallery has-nested-images columns-default is-cropped wp-block-gallery-5 is-layout-flex wp-block-gallery-is-layout-flex\"> <figure class=\"wp-block-image size-large\"><img loading=\"lazy\" decoding=\"async\" width=\"720\" height=\"540\" data-id=\"15288\" src=\"https:\/\/www.agriculture-machine.com\/wp-content\/uploads\/2023\/11\/white-rice-making-process.webp\" alt=\"En comparaci\u00f3n con las dos configuraciones anteriores, este conjunto utiliza tres molinos de arroz para obtener un arroz de mayor calidad. Tambi\u00e9n emplea una avanzada m\u00e1quina de envasado al vac\u00edo para garantizar la frescura y calidad del arroz y prolongar su vida \u00fatil.\" class=\"wp-image-15288\" srcset=\"https:\/\/www.agriculture-machine.com\/wp-content\/uploads\/2023\/11\/white-rice-making-process.webp 720w, https:\/\/www.agriculture-machine.com\/wp-content\/uploads\/2023\/11\/white-rice-making-process-360x270.webp 360w, https:\/\/www.agriculture-machine.com\/wp-content\/uploads\/2023\/11\/white-rice-making-process-240x180.webp 240w\" sizes=\"auto, (max-width: 720px) 100vw, 720px\" \/><figcaption class=\"wp-element-caption\">En comparaci\u00f3n con las dos configuraciones anteriores, este conjunto utiliza tres molinos de arroz para obtener un arroz de mayor calidad. Tambi\u00e9n emplea una avanzada m\u00e1quina de envasado al vac\u00edo para garantizar la frescura y calidad del arroz y prolongar su vida \u00fatil.<\/figcaption><\/figure>    <figure class=\"wp-block-image size-large\"><img loading=\"lazy\" decoding=\"async\" width=\"720\" height=\"540\" data-id=\"15287\" src=\"https:\/\/www.agriculture-machine.com\/wp-content\/uploads\/2023\/11\/modern-rice-milling-line-factory.webp\" alt=\"Exposici\u00f3n en f\u00e1brica y visita del cliente\" class=\"wp-image-15287\" srcset=\"https:\/\/www.agriculture-machine.com\/wp-content\/uploads\/2023\/11\/modern-rice-milling-line-factory.webp 720w, https:\/\/www.agriculture-machine.com\/wp-content\/uploads\/2023\/11\/modern-rice-milling-line-factory-360x270.webp 360w, https:\/\/www.agriculture-machine.com\/wp-content\/uploads\/2023\/11\/modern-rice-milling-line-factory-240x180.webp 240w\" sizes=\"auto, (max-width: 720px) 100vw, 720px\" \/><figcaption class=\"wp-element-caption\">Exposici\u00f3n en f\u00e1brica y visita del cliente<\/figcaption><\/figure> <\/figure>    <p>Bienvenido a visitar nuestra f\u00e1brica. Nos destacamos por nuestro inventario s\u00f3lido y log\u00edstica eficiente para garantizar entregas puntuales que satisfagan sus necesidades.<\/p>    <h2 class=\"wp-block-heading\">Demostraci\u00f3n en sitio de la l\u00ednea de molienda de arroz<\/h2>    <p>Visita del cliente a la unidad de molino de arroz<\/p>    <figure class=\"wp-block-gallery has-nested-images columns-default is-cropped wp-block-gallery-6 is-layout-flex wp-block-gallery-is-layout-flex\"> <figure class=\"wp-block-image size-large\"><img loading=\"lazy\" decoding=\"async\" width=\"720\" height=\"540\" data-id=\"15290\" src=\"https:\/\/www.agriculture-machine.com\/wp-content\/uploads\/2023\/11\/rice-milling-line-on-site-demonstration.webp\" alt=\"Servicio postventa de la l\u00ednea de molienda de arroz\" class=\"wp-image-15290\" srcset=\"https:\/\/www.agriculture-machine.com\/wp-content\/uploads\/2023\/11\/rice-milling-line-on-site-demonstration.webp 720w, https:\/\/www.agriculture-machine.com\/wp-content\/uploads\/2023\/11\/rice-milling-line-on-site-demonstration-360x270.webp 360w, https:\/\/www.agriculture-machine.com\/wp-content\/uploads\/2023\/11\/rice-milling-line-on-site-demonstration-240x180.webp 240w\" sizes=\"auto, (max-width: 720px) 100vw, 720px\" \/><figcaption class=\"wp-element-caption\">Servicio postventa de la l\u00ednea de molienda de arroz<\/figcaption><\/figure>    <figure class=\"wp-block-image size-large\"><img loading=\"lazy\" decoding=\"async\" width=\"720\" height=\"540\" data-id=\"15289\" src=\"https:\/\/www.agriculture-machine.com\/wp-content\/uploads\/2023\/11\/rice-mill-unit-customer-visit.webp\" alt=\"Despu\u00e9s de terminar todas las m\u00e1quinas de la l\u00ednea de molienda de arroz, cada parte ser\u00e1 etiquetada con una etiqueta. Tambi\u00e9n proporcionamos instrucciones de operaci\u00f3n para cada m\u00e1quina.\" class=\"wp-image-15289\" srcset=\"https:\/\/www.agriculture-machine.com\/wp-content\/uploads\/2023\/11\/rice-mill-unit-customer-visit.webp 720w, https:\/\/www.agriculture-machine.com\/wp-content\/uploads\/2023\/11\/rice-mill-unit-customer-visit-360x270.webp 360w, https:\/\/www.agriculture-machine.com\/wp-content\/uploads\/2023\/11\/rice-mill-unit-customer-visit-240x180.webp 240w\" sizes=\"auto, (max-width: 720px) 100vw, 720px\" \/><figcaption class=\"wp-element-caption\">Despu\u00e9s de terminar todas las m\u00e1quinas de la l\u00ednea de molienda de arroz, cada parte ser\u00e1 etiquetada con una etiqueta. Tambi\u00e9n proporcionamos instrucciones de operaci\u00f3n para cada m\u00e1quina.<\/figcaption><\/figure> <\/figure>    <h2 class=\"wp-block-heading\">Instalamos cada parte en nuestra f\u00e1brica y tomamos un video claro del proceso de instalaci\u00f3n. Usted sigue nuestras fotos y videos para la instalaci\u00f3n.<\/h2>    <ol class=\"wp-block-list\"> <li>\u00bfAlguna pregunta? Puede tomar fotos y videos, ofrecemos servicio en l\u00ednea. O podemos hacer videollamada directamente.<\/li>    <li>Podemos organizar que ingenieros vengan a su lugar para guiar la instalaci\u00f3n, puesta en marcha y capacitaci\u00f3n del personal.<\/li>    <li>Excepto por piezas de desgaste, da\u00f1os humanos y operaci\u00f3n incorrecta, el equipo principal y el motor tienen garant\u00eda de 1 a\u00f1o, y ofrecemos soporte t\u00e9cnico en l\u00ednea de por vida.<\/li>    <li>L\u00ednea de molino de arroz con marco de acero<\/li>    <li>L\u00ednea de molienda de arroz con estructura de marco<\/li> <\/ol>    <p class=\"translation-block\">Para obtener m\u00e1s informaci\u00f3n sobre soluciones de arroz, visite este sitio web <strong><a href=\"https:\/\/www.agriculture-machine.com\/es\/rice-mill-category\/\">https:\/\/www.agriculture-machine.com\/rice-mill-category\/<\/a><\/strong>. Si tiene alguna pregunta, no dude en contactarnos, \u00a1le ofrecemos la soluci\u00f3n \u00f3ptima!<\/p>","protected":false},"excerpt":{"rendered":"<p>Taizy company offers a 25 tons per day output rice milling line that carries a sturdy steel frame configuration designed to provide an efficient and reliable solution for your rice production. The 25 tons per day capacity ensures that you can cope with large-scale rice milling needs for both medium and large rice producers. Meanwhile, [&hellip;]<\/p>\n","protected":false},"author":1,"featured_media":15279,"parent":0,"comment_status":"closed","ping_status":"closed","template":"","tags":[796],"product-type":[875,906],"class_list":["post-15278","product","type-product","status-publish","has-post-thumbnail","hentry","tag-rice","product-type-rice-mill-category","product-type-rice-mill-production-line"],"_links":{"self":[{"href":"https:\/\/www.agriculture-machine.com\/es\/wp-json\/wp\/v2\/product\/15278","targetHints":{"allow":["GET"]}}],"collection":[{"href":"https:\/\/www.agriculture-machine.com\/es\/wp-json\/wp\/v2\/product"}],"about":[{"href":"https:\/\/www.agriculture-machine.com\/es\/wp-json\/wp\/v2\/types\/product"}],"author":[{"embeddable":true,"href":"https:\/\/www.agriculture-machine.com\/es\/wp-json\/wp\/v2\/users\/1"}],"replies":[{"embeddable":true,"href":"https:\/\/www.agriculture-machine.com\/es\/wp-json\/wp\/v2\/comments?post=15278"}],"wp:featuredmedia":[{"embeddable":true,"href":"https:\/\/www.agriculture-machine.com\/es\/wp-json\/wp\/v2\/media\/15279"}],"wp:attachment":[{"href":"https:\/\/www.agriculture-machine.com\/es\/wp-json\/wp\/v2\/media?parent=15278"}],"wp:term":[{"taxonomy":"post_tag","embeddable":true,"href":"https:\/\/www.agriculture-machine.com\/es\/wp-json\/wp\/v2\/tags?post=15278"},{"taxonomy":"product-type","embeddable":true,"href":"https:\/\/www.agriculture-machine.com\/es\/wp-json\/wp\/v2\/product-type?post=15278"}],"curies":[{"name":"wp","href":"https:\/\/api.w.org\/{rel}","templated":true}]}}