{"id":15370,"date":"2023-12-07T13:37:51","date_gmt":"2023-12-07T05:37:51","guid":{"rendered":"https:\/\/www.agriculture-machine.com\/?post_type=product&#038;p=15370"},"modified":"2024-09-18T15:45:01","modified_gmt":"2024-09-18T07:45:01","slug":"40ton-paddy-husking-and-milling-line","status":"publish","type":"product","link":"https:\/\/www.agriculture-machine.com\/es\/40ton-paddy-husking-and-milling-line\/","title":{"rendered":"L\u00ednea Automatizada de Descascarado y Molienda de Arroz de 40Ton\/D\u00eda"},"content":{"rendered":"<p class=\"translation-block\">Taizy&#8217;s 30 tons per day output paddy husking and milling line is a set of highly efficient automated rice processing systems. The line includes a storage bin, water polishing, color sorting, and <strong><a href=\"https:\/\/www.agriculture-machine.com\/es\/rice-milling-plant-machine\/\">necessary essential infrastructure equipment<\/a><\/strong>, providing an integrated solution for farmers and rice processors, and reliable support for the modernization of the agricultural production chain.<\/p>    <figure class=\"wp-block-image size-full\"><img loading=\"lazy\" decoding=\"async\" width=\"720\" height=\"540\" src=\"https:\/\/www.agriculture-machine.com\/wp-content\/uploads\/2023\/12\/paddy-husking-and-milling-line-machines.webp\" alt=\"M\u00e1quinas de l\u00ednea de descascarado y molienda de arroz paddy\" class=\"wp-image-15373\" srcset=\"https:\/\/www.agriculture-machine.com\/wp-content\/uploads\/2023\/12\/paddy-husking-and-milling-line-machines.webp 720w, https:\/\/www.agriculture-machine.com\/wp-content\/uploads\/2023\/12\/paddy-husking-and-milling-line-machines-360x270.webp 360w, https:\/\/www.agriculture-machine.com\/wp-content\/uploads\/2023\/12\/paddy-husking-and-milling-line-machines-240x180.webp 240w\" sizes=\"auto, (max-width: 720px) 100vw, 720px\" \/><figcaption class=\"wp-element-caption\">M\u00e1quinas de l\u00ednea de descascarado y molienda de arroz paddy<\/figcaption><\/figure>    <h2 class=\"wp-block-heading\">Estructura de la l\u00ednea de descascarado y molienda de arroz paddy de 40 TPD<\/h2>    <p>La l\u00ednea va de derecha a izquierda, comenzando con una m\u00e1quina de pre-limpieza, seguida de una m\u00e1quina de desgrasado (tambi\u00e9n disponible como una m\u00e1quina de limpieza y desgrasado integral), luego el familiar descascarador, clasificadora por gravedad con tres pasadas de arroz (o puede usar solo dos molinos), seguido de un contenedor y un pulidor de agua, clasificaci\u00f3n por color, envasado al vac\u00edo y una m\u00e1quina de embalaje. Adem\u00e1s, utilizar\u00e1 un tanque de desgasificaci\u00f3n y un compresor de aire.<\/p>    <figure class=\"wp-block-image size-full\"><img loading=\"lazy\" decoding=\"async\" width=\"720\" height=\"540\" src=\"https:\/\/www.agriculture-machine.com\/wp-content\/uploads\/2023\/12\/rice-mill-machine-production-line.webp\" alt=\"L\u00ednea de producci\u00f3n de m\u00e1quinas de molienda de arroz\" class=\"wp-image-15371\" srcset=\"https:\/\/www.agriculture-machine.com\/wp-content\/uploads\/2023\/12\/rice-mill-machine-production-line.webp 720w, https:\/\/www.agriculture-machine.com\/wp-content\/uploads\/2023\/12\/rice-mill-machine-production-line-360x270.webp 360w, https:\/\/www.agriculture-machine.com\/wp-content\/uploads\/2023\/12\/rice-mill-machine-production-line-240x180.webp 240w\" sizes=\"auto, (max-width: 720px) 100vw, 720px\" \/><figcaption class=\"wp-element-caption\">L\u00ednea de producci\u00f3n de m\u00e1quinas de molienda de arroz<\/figcaption><\/figure>    <h2 class=\"wp-block-heading\"><strong>Mejor humedad del arroz paddy para molienda<\/strong><\/h2>    <ul class=\"wp-block-list\"> <li>La humedad \u00f3ptima del arroz paddy debe ser del 14,5%, y la tasa de rotura del arroz debe ser de alrededor del 2% en el proceso de molienda.<\/li>    <li>Por debajo del 14,5%, la tasa de rotura ser\u00e1 mayor.<\/li>    <li>Higher than 14.5%, the breakage rate will be higher, and part of the paddy husk and bran will be blocked inside the machine, affecting the machine&#8217;s normal running, even motor burns.<\/li> <\/ul>    <figure class=\"wp-block-image size-full\"><img loading=\"lazy\" decoding=\"async\" width=\"720\" height=\"540\" src=\"https:\/\/www.agriculture-machine.com\/wp-content\/uploads\/2023\/12\/automatic-white-rice-processing-equipment.webp\" alt=\"Equipo de procesamiento autom\u00e1tico de arroz blanco\" class=\"wp-image-15375\" srcset=\"https:\/\/www.agriculture-machine.com\/wp-content\/uploads\/2023\/12\/automatic-white-rice-processing-equipment.webp 720w, https:\/\/www.agriculture-machine.com\/wp-content\/uploads\/2023\/12\/automatic-white-rice-processing-equipment-360x270.webp 360w, https:\/\/www.agriculture-machine.com\/wp-content\/uploads\/2023\/12\/automatic-white-rice-processing-equipment-240x180.webp 240w\" sizes=\"auto, (max-width: 720px) 100vw, 720px\" \/><figcaption class=\"wp-element-caption\">Equipo de procesamiento autom\u00e1tico de arroz blanco<\/figcaption><\/figure>    <h2 class=\"wp-block-heading\">Usos de plataformas de estructura de acero<\/h2>    <ul class=\"wp-block-list\"> <li>La plataforma inferior se usa para que todas las m\u00e1quinas de la l\u00ednea de descascarado y molienda de arroz paddy est\u00e9n en el mismo nivel para conectarlas y hacerlas funcionar bien juntas.<\/li>    <li>La plataforma superior se usa para revisar y reparar los elevadores.<\/li>    <li>Si puede construir la plataforma de cemento por s\u00ed mismo, puede quitarla y reducir el precio relacionado.<\/li> <\/ul>    <h2 class=\"wp-block-heading\">Casos de \u00e9xito de la l\u00ednea de descascarado y molienda de arroz paddy<\/h2>    <p>Our company&#8217;s rice milling unit production line has achieved remarkable success, not only recognized in the domestic market but also frequent transactions worldwide, involving more than ten countries including but not limited to Saudi Arabia, Vietnam, India, Pakistan, Bangladesh, Thailand, Nigeria, Kenya, Egypt, Brazil, Peru, and other countries.<\/p>    <figure class=\"wp-block-image size-full\"><img loading=\"lazy\" decoding=\"async\" width=\"720\" height=\"540\" src=\"https:\/\/www.agriculture-machine.com\/wp-content\/uploads\/2023\/12\/rice-milling-whitening-plant.webp\" alt=\"Planta de blanqueo y molienda de arroz\" class=\"wp-image-15376\" srcset=\"https:\/\/www.agriculture-machine.com\/wp-content\/uploads\/2023\/12\/rice-milling-whitening-plant.webp 720w, https:\/\/www.agriculture-machine.com\/wp-content\/uploads\/2023\/12\/rice-milling-whitening-plant-360x270.webp 360w, https:\/\/www.agriculture-machine.com\/wp-content\/uploads\/2023\/12\/rice-milling-whitening-plant-240x180.webp 240w\" sizes=\"auto, (max-width: 720px) 100vw, 720px\" \/><figcaption class=\"wp-element-caption\">Planta de blanqueo y molienda de arroz<\/figcaption><\/figure>    <p>La l\u00ednea de producci\u00f3n est\u00e1 equipada con un sistema de control inteligente, que es f\u00e1cil de operar, reduce el costo laboral y mejora la eficiencia de producci\u00f3n. Adem\u00e1s, tras un dise\u00f1o cuidadoso, se caracteriza por una fuerte estabilidad y alta durabilidad, lo que reduce eficazmente el costo de mantenimiento del equipo y prolonga su vida \u00fatil. Estas ventajas hacen que nuestra l\u00ednea de producci\u00f3n de unidades de molienda de arroz destaque en el mercado y sean muy valoradas por los clientes.<\/p>    <figure class=\"wp-block-image size-full\"><img loading=\"lazy\" decoding=\"async\" width=\"720\" height=\"540\" src=\"https:\/\/www.agriculture-machine.com\/wp-content\/uploads\/2023\/12\/40TPD-rice-husking-and-milling-line.webp\" alt=\"L\u00ednea de descascarado y molienda de arroz de 40 TPD\" class=\"wp-image-15377\" srcset=\"https:\/\/www.agriculture-machine.com\/wp-content\/uploads\/2023\/12\/40TPD-rice-husking-and-milling-line.webp 720w, https:\/\/www.agriculture-machine.com\/wp-content\/uploads\/2023\/12\/40TPD-rice-husking-and-milling-line-360x270.webp 360w, https:\/\/www.agriculture-machine.com\/wp-content\/uploads\/2023\/12\/40TPD-rice-husking-and-milling-line-240x180.webp 240w\" sizes=\"auto, (max-width: 720px) 100vw, 720px\" \/><figcaption class=\"wp-element-caption\">L\u00ednea de descascarado y molienda de arroz de 40 TPD<\/figcaption><\/figure>    <h2 class=\"wp-block-heading\">Clasificaci\u00f3n de subproductos en la l\u00ednea de molienda de arroz<\/h2>    <p>El subproducto obtenido del proceso de descascarado y molienda de arroz paddy y acabado del producto final es la mezcla de salvado y thresh, que contiene no solo salvado de arroz y thresh (granos de endospermo con un tama\u00f1o de grano menor que el del arroz roto peque\u00f1o), sino tambi\u00e9n granos de arroz completos debido a la ruptura del agujero de la criba de arroz o por razones de operaci\u00f3n incorrecta, entre otros.<\/p>    <ul class=\"wp-block-list\"> <li>El salvado de arroz tiene un alto valor econ\u00f3mico, no solo para la producci\u00f3n de aceite de salvado de arroz sino tambi\u00e9n para la extracci\u00f3n de productos como gluten, fitato de calcio, etc., as\u00ed como para la producci\u00f3n de piensos.<\/li>    <li>La composici\u00f3n qu\u00edmica del salvado de arroz es la misma que la del arroz entero, por lo que puede usarse como materia prima para hacer az\u00facar y vino.<\/li>    <li>Los granos de arroz enteros deben ser devueltos al molino para un mayor rendimiento en el molienda.<\/li>    <li>El arroz roto puede usarse para producir harina de arroz de alta prote\u00edna, hacer bebidas, vino y gachas convenientes.<\/li> <\/ul>    <figure class=\"wp-block-image size-full\"><img loading=\"lazy\" decoding=\"async\" width=\"720\" height=\"540\" src=\"https:\/\/www.agriculture-machine.com\/wp-content\/uploads\/2023\/12\/white-rice-processing.webp\" alt=\"Procesamiento de arroz blanco\" class=\"wp-image-15372\" srcset=\"https:\/\/www.agriculture-machine.com\/wp-content\/uploads\/2023\/12\/white-rice-processing.webp 720w, https:\/\/www.agriculture-machine.com\/wp-content\/uploads\/2023\/12\/white-rice-processing-360x270.webp 360w, https:\/\/www.agriculture-machine.com\/wp-content\/uploads\/2023\/12\/white-rice-processing-240x180.webp 240w\" sizes=\"auto, (max-width: 720px) 100vw, 720px\" \/><figcaption class=\"wp-element-caption\">Procesamiento de arroz blanco<\/figcaption><\/figure>    <p>Para ello, es necesario separar el salvado de arroz, el arroz thresh, el arroz roto y el arroz entero uno por uno, para aprovecharlo al m\u00e1ximo, lo que se llama clasificaci\u00f3n de subproductos.<\/p>    <p class=\"translation-block\">Si est\u00e1 interesado en la tecnolog\u00eda de procesamiento de arroz blanco en l\u00ednea de descascarado y molienda de arroz paddy, bienvenido a visitar esta p\u00e1gina: <a href=\"https:\/\/www.agriculture-machine.com\/es\/rice-mill-category\/\"><strong>https:\/\/www.agriculture-machine.com\/rice-mill-category\/<\/strong><\/a> para ver m\u00e1s configuraciones, y siempre puede contactarnos, dise\u00f1amos el programa m\u00e1s adecuado para usted.<\/p>","protected":false},"excerpt":{"rendered":"<p>Taizy&#8217;s 30 tons per day output paddy husking and milling line is a set of highly efficient automated rice processing systems. The line includes a storage bin, water polishing, color sorting, and necessary essential infrastructure equipment, providing an integrated solution for farmers and rice processors, and reliable support for the modernization of the agricultural production [&hellip;]<\/p>\n","protected":false},"author":1,"featured_media":15398,"parent":0,"comment_status":"closed","ping_status":"closed","template":"","tags":[796],"product-type":[875,906],"class_list":["post-15370","product","type-product","status-publish","has-post-thumbnail","hentry","tag-rice","product-type-rice-mill-category","product-type-rice-mill-production-line"],"_links":{"self":[{"href":"https:\/\/www.agriculture-machine.com\/es\/wp-json\/wp\/v2\/product\/15370","targetHints":{"allow":["GET"]}}],"collection":[{"href":"https:\/\/www.agriculture-machine.com\/es\/wp-json\/wp\/v2\/product"}],"about":[{"href":"https:\/\/www.agriculture-machine.com\/es\/wp-json\/wp\/v2\/types\/product"}],"author":[{"embeddable":true,"href":"https:\/\/www.agriculture-machine.com\/es\/wp-json\/wp\/v2\/users\/1"}],"replies":[{"embeddable":true,"href":"https:\/\/www.agriculture-machine.com\/es\/wp-json\/wp\/v2\/comments?post=15370"}],"wp:featuredmedia":[{"embeddable":true,"href":"https:\/\/www.agriculture-machine.com\/es\/wp-json\/wp\/v2\/media\/15398"}],"wp:attachment":[{"href":"https:\/\/www.agriculture-machine.com\/es\/wp-json\/wp\/v2\/media?parent=15370"}],"wp:term":[{"taxonomy":"post_tag","embeddable":true,"href":"https:\/\/www.agriculture-machine.com\/es\/wp-json\/wp\/v2\/tags?post=15370"},{"taxonomy":"product-type","embeddable":true,"href":"https:\/\/www.agriculture-machine.com\/es\/wp-json\/wp\/v2\/product-type?post=15370"}],"curies":[{"name":"wp","href":"https:\/\/api.w.org\/{rel}","templated":true}]}}