{"id":15378,"date":"2023-12-08T15:22:17","date_gmt":"2023-12-08T07:22:17","guid":{"rendered":"https:\/\/www.agriculture-machine.com\/?post_type=product&#038;p=15378"},"modified":"2024-09-18T15:45:09","modified_gmt":"2024-09-18T07:45:09","slug":"60tpd-rice-processing-unit","status":"publish","type":"product","link":"https:\/\/www.agriculture-machine.com\/es\/60tpd-rice-processing-unit\/","title":{"rendered":"Unidad Completa de Procesamiento de Arroz de 50-60 Toneladas por D\u00eda"},"content":{"rendered":"<p>Esta l\u00ednea de producci\u00f3n de unidad de procesamiento de arroz est\u00e1 dise\u00f1ada de manera \u00fanica para manejar 50-60 toneladas de paddy por d\u00eda, asegurando un alto rendimiento y calidad del arroz, y es adecuada para molinos de arroz a gran escala o empresas de procesamiento de granos.<\/p>    <p>Esta l\u00ednea de producci\u00f3n se puede personalizar con diferentes configuraciones seg\u00fan las necesidades del usuario. No solo mejora la eficiencia de producci\u00f3n de arroz, sino que tambi\u00e9n realiza considerables ahorros de costos, proporcionando a los productores de arroz una soluci\u00f3n de producci\u00f3n confiable, eficiente y avanzada.<\/p>    <figure class=\"wp-block-image size-full\"><img loading=\"lazy\" decoding=\"async\" width=\"720\" height=\"540\" src=\"https:\/\/www.agriculture-machine.com\/wp-content\/uploads\/2023\/12\/60TPD-rice-processing-unit.webp\" alt=\"unidad de procesamiento de arroz de 60TPD\" class=\"wp-image-15380\" srcset=\"https:\/\/www.agriculture-machine.com\/wp-content\/uploads\/2023\/12\/60TPD-rice-processing-unit.webp 720w, https:\/\/www.agriculture-machine.com\/wp-content\/uploads\/2023\/12\/60TPD-rice-processing-unit-360x270.webp 360w, https:\/\/www.agriculture-machine.com\/wp-content\/uploads\/2023\/12\/60TPD-rice-processing-unit-240x180.webp 240w\" sizes=\"auto, (max-width: 720px) 100vw, 720px\" \/><figcaption class=\"wp-element-caption\">unidad de procesamiento de arroz de 60TPD<\/figcaption><\/figure>    <h2 class=\"wp-block-heading\">Estructura Principal de la Unidad de Procesamiento de Arroz de 60TPD<\/h2>    <p class=\"translation-block\">Los componentes de esta l\u00ednea se muestran a continuaci\u00f3n. Es importante notar que en una <strong><a href=\"https:\/\/www.agriculture-machine.com\/es\/40ton-paddy-husking-and-milling-line\/\">l\u00ednea de producci\u00f3n con una capacidad de 40 toneladas por d\u00eda<\/a><\/strong>, se pueden usar 2 o 3 molinos de arroz, pero en este caso con una capacidad de 50-60 toneladas, deben usarse tres molinos.<\/p>    <figure class=\"wp-block-image size-full\"><img loading=\"lazy\" decoding=\"async\" width=\"720\" height=\"540\" src=\"https:\/\/www.agriculture-machine.com\/wp-content\/uploads\/2023\/12\/rice-processing-equipment.webp\" alt=\"equipo de procesamiento de arroz\" class=\"wp-image-15381\" srcset=\"https:\/\/www.agriculture-machine.com\/wp-content\/uploads\/2023\/12\/rice-processing-equipment.webp 720w, https:\/\/www.agriculture-machine.com\/wp-content\/uploads\/2023\/12\/rice-processing-equipment-360x270.webp 360w, https:\/\/www.agriculture-machine.com\/wp-content\/uploads\/2023\/12\/rice-processing-equipment-240x180.webp 240w\" sizes=\"auto, (max-width: 720px) 100vw, 720px\" \/><figcaption class=\"wp-element-caption\">equipo de procesamiento de arroz<\/figcaption><\/figure>    <h2 class=\"wp-block-heading\">Prop\u00f3sito y Requisitos de la Molienda de Arroz<\/h2>    <p class=\"translation-block\">La molienda de arroz ocupa una posici\u00f3n importante en todo el proceso de <strong><a href=\"https:\/\/www.agriculture-machine.com\/es\/rice-milling-plant-machine\/\">fabricaci\u00f3n de arroz blanco<\/a><\/strong>, que es el proceso m\u00e1s importante del procesamiento de arroz, y tambi\u00e9n un enlace importante para garantizar la calidad del arroz, mejorar el rendimiento del arroz y reducir el consumo de energ\u00eda.<\/p>    <ul class=\"wp-block-list\"> <li>La capa superficial del arroz integral contiene mucha fibra cruda, que el cuerpo humano no digiere f\u00e1cilmente; adem\u00e1s, el arroz integral no absorbe f\u00e1cilmente agua y no se expande, lo que no solo aumenta el tiempo de cocci\u00f3n, reduce la tasa de arroz, y el color es oscuro, la viscosidad es mala, y el sabor es malo. Por lo tanto, el arroz integral debe ser despojado de su piel a trav\u00e9s de la unidad de procesamiento de arroz.<\/li>    <li>El grado de pelado del arroz integral determina la precisi\u00f3n del arroz. Cuantas m\u00e1s pieles se eliminen del arroz integral, mayor ser\u00e1 la precisi\u00f3n del arroz terminado, aunque la p\u00e9rdida de nutrientes sea m\u00e1s grave. Los diferentes grados de arroz, adem\u00e1s de los diferentes grados de retenci\u00f3n de la piel, tienen otros indicadores diferentes, como la inclusi\u00f3n de impurezas, roturas, etc.<\/li> <\/ul>    <figure class=\"wp-block-image size-full\"><img loading=\"lazy\" decoding=\"async\" width=\"720\" height=\"540\" src=\"https:\/\/www.agriculture-machine.com\/wp-content\/uploads\/2023\/12\/grain-processing-and-rice-polishing-machine.webp\" alt=\"m\u00e1quina de procesamiento de granos y pulido de arroz\" class=\"wp-image-15382\" srcset=\"https:\/\/www.agriculture-machine.com\/wp-content\/uploads\/2023\/12\/grain-processing-and-rice-polishing-machine.webp 720w, https:\/\/www.agriculture-machine.com\/wp-content\/uploads\/2023\/12\/grain-processing-and-rice-polishing-machine-360x270.webp 360w, https:\/\/www.agriculture-machine.com\/wp-content\/uploads\/2023\/12\/grain-processing-and-rice-polishing-machine-240x180.webp 240w\" sizes=\"auto, (max-width: 720px) 100vw, 720px\" \/><figcaption class=\"wp-element-caption\">m\u00e1quina de procesamiento de granos y pulido de arroz<\/figcaption><\/figure>    <p>En la unidad de procesamiento de arroz integral, nuestra m\u00e1quina puede lograr que el arroz terminado est\u00e9 en l\u00ednea con los est\u00e1ndares de calidad prescritos bajo la premisa de mantener la integridad del grano de arroz, reduciendo el arroz roto, mejorando la resistencia del arroz, reduciendo costos y asegurando la seguridad de la producci\u00f3n.<\/p>    <h2 class=\"wp-block-heading\">Producto Terminado de Molino de Arroz Comercial Combinado<\/h2>    <ul class=\"wp-block-list\"> <li>Despu\u00e9s de que la m\u00e1quina de molienda de arroz moli\u00f3 arroz blanco, mezclado con paja y arroz roto, y la temperatura del arroz es relativamente alta, lo que no solo afecta la calidad del producto terminado, sino que tambi\u00e9n no es propicio para el almacenamiento del arroz.<\/li>    <li>Por lo tanto, el arroz blanco fuera de la m\u00e1quina en el producto terminado antes del empaque debe ser clasificado, de modo que el arroz terminado contenga paja, conteniendo una tasa de rotura que cumpla con los requisitos est\u00e1ndar, de modo que la temperatura del arroz baje al rango de almacenamiento, pero tambi\u00e9n de acuerdo con las disposiciones nacionales de los est\u00e1ndares de rotura del producto terminado para clasificar.<\/li>    <li>In addition, the people&#8217;s standard of living has been improved, and high taste and high-quality rice is gradually favored by consumers so that the rice can be surface treated so that it is crystal clear.<\/li>    <li>Tambi\u00e9n se puede contener en el color del grano de arroz (principalmente arroz amarillo, es decir, el endospermo es amarillo, y el color normal del grano de arroz es diferente del grano de arroz) para eliminar, para aumentar su valor comercial y mejorar la calidad de los alimentos.<\/li> <\/ul>    <figure class=\"wp-block-image size-full\"><img loading=\"lazy\" decoding=\"async\" width=\"720\" height=\"540\" src=\"https:\/\/www.agriculture-machine.com\/wp-content\/uploads\/2023\/12\/grain-paddy-rice-processing-unit.webp\" alt=\"unidad de procesamiento de arroz paddy\" class=\"wp-image-15384\" srcset=\"https:\/\/www.agriculture-machine.com\/wp-content\/uploads\/2023\/12\/grain-paddy-rice-processing-unit.webp 720w, https:\/\/www.agriculture-machine.com\/wp-content\/uploads\/2023\/12\/grain-paddy-rice-processing-unit-360x270.webp 360w, https:\/\/www.agriculture-machine.com\/wp-content\/uploads\/2023\/12\/grain-paddy-rice-processing-unit-240x180.webp 240w\" sizes=\"auto, (max-width: 720px) 100vw, 720px\" \/><figcaption class=\"wp-element-caption\">unidad de procesamiento de arroz paddy<\/figcaption><\/figure>    <h2 class=\"wp-block-heading\">Servicio de Instalaci\u00f3n y Postventa<\/h2>    <ul class=\"wp-block-list\"> <li>Podemos dise\u00f1ar dibujos de instalaci\u00f3n de acuerdo con su sitio de procesamiento, etc., y podemos garantizar servicios de instalaci\u00f3n en el lugar r\u00e1pidos y precisos despu\u00e9s de que compre nuestras unidades de procesamiento de arroz.<\/li>    <li>Adem\u00e1s, proporcionamos una gama completa de capacitaci\u00f3n para garantizar que nuestros clientes comprendan c\u00f3mo operar y mantener adecuadamente el equipo.<\/li>    <li>Nuestro equipo de servicio postventa siempre est\u00e1 de guardia para garantizar que podamos responder r\u00e1pidamente a los problemas encontrados en la operaci\u00f3n del equipo y proporcionar soporte remoto o servicio en el lugar.<\/li> <\/ul>    <figure class=\"wp-block-image size-full\"><img loading=\"lazy\" decoding=\"async\" width=\"720\" height=\"540\" src=\"https:\/\/www.agriculture-machine.com\/wp-content\/uploads\/2023\/12\/60TPD-rice-processing-unit-drawing.webp\" alt=\"dibujo de unidad de procesamiento de arroz de 60TPD\" class=\"wp-image-15383\" srcset=\"https:\/\/www.agriculture-machine.com\/wp-content\/uploads\/2023\/12\/60TPD-rice-processing-unit-drawing.webp 720w, https:\/\/www.agriculture-machine.com\/wp-content\/uploads\/2023\/12\/60TPD-rice-processing-unit-drawing-360x270.webp 360w, https:\/\/www.agriculture-machine.com\/wp-content\/uploads\/2023\/12\/60TPD-rice-processing-unit-drawing-240x180.webp 240w\" sizes=\"auto, (max-width: 720px) 100vw, 720px\" \/><figcaption class=\"wp-element-caption\">dibujo de unidad de procesamiento de arroz de 60TPD<\/figcaption><\/figure>    <p>Finalmente, tambi\u00e9n podemos dise\u00f1ar y producir una unidad de procesamiento de arroz con una capacidad de producci\u00f3n de 100 toneladas por d\u00eda, como se muestra en la figura a continuaci\u00f3n para referencia:<\/p>    <figure class=\"wp-block-image size-full\"><img loading=\"lazy\" decoding=\"async\" width=\"720\" height=\"540\" src=\"https:\/\/www.agriculture-machine.com\/wp-content\/uploads\/2023\/12\/paddy-rice-milling-plant-drawing.webp\" alt=\"dibujo de planta de molienda de arroz paddy\" class=\"wp-image-15385\" srcset=\"https:\/\/www.agriculture-machine.com\/wp-content\/uploads\/2023\/12\/paddy-rice-milling-plant-drawing.webp 720w, https:\/\/www.agriculture-machine.com\/wp-content\/uploads\/2023\/12\/paddy-rice-milling-plant-drawing-360x270.webp 360w, https:\/\/www.agriculture-machine.com\/wp-content\/uploads\/2023\/12\/paddy-rice-milling-plant-drawing-240x180.webp 240w\" sizes=\"auto, (max-width: 720px) 100vw, 720px\" \/><figcaption class=\"wp-element-caption\">dibujo de planta de molienda de arroz paddy<\/figcaption><\/figure>    <p>Bienvenido a navegar por este sitio web para obtener m\u00e1s configuraciones y salidas diferentes de procesamiento de arroz, y, siempre puede contactarnos para obtener m\u00e1s informaci\u00f3n sobre par\u00e1metros y cotizaciones.<\/p>","protected":false},"excerpt":{"rendered":"<p>This rice processing unit production line is uniquely designed to handle 50-60 tons of paddy per day, ensuring high yield and quality of rice, and is suitable for large-scale rice mills or grain processing enterprises. This production line can be customized with different configurations according to user needs. It not only improves rice production efficiency [&hellip;]<\/p>\n","protected":false},"author":1,"featured_media":15379,"parent":0,"comment_status":"closed","ping_status":"closed","template":"","tags":[796],"product-type":[875,906],"class_list":["post-15378","product","type-product","status-publish","has-post-thumbnail","hentry","tag-rice","product-type-rice-mill-category","product-type-rice-mill-production-line"],"_links":{"self":[{"href":"https:\/\/www.agriculture-machine.com\/es\/wp-json\/wp\/v2\/product\/15378","targetHints":{"allow":["GET"]}}],"collection":[{"href":"https:\/\/www.agriculture-machine.com\/es\/wp-json\/wp\/v2\/product"}],"about":[{"href":"https:\/\/www.agriculture-machine.com\/es\/wp-json\/wp\/v2\/types\/product"}],"author":[{"embeddable":true,"href":"https:\/\/www.agriculture-machine.com\/es\/wp-json\/wp\/v2\/users\/1"}],"replies":[{"embeddable":true,"href":"https:\/\/www.agriculture-machine.com\/es\/wp-json\/wp\/v2\/comments?post=15378"}],"wp:featuredmedia":[{"embeddable":true,"href":"https:\/\/www.agriculture-machine.com\/es\/wp-json\/wp\/v2\/media\/15379"}],"wp:attachment":[{"href":"https:\/\/www.agriculture-machine.com\/es\/wp-json\/wp\/v2\/media?parent=15378"}],"wp:term":[{"taxonomy":"post_tag","embeddable":true,"href":"https:\/\/www.agriculture-machine.com\/es\/wp-json\/wp\/v2\/tags?post=15378"},{"taxonomy":"product-type","embeddable":true,"href":"https:\/\/www.agriculture-machine.com\/es\/wp-json\/wp\/v2\/product-type?post=15378"}],"curies":[{"name":"wp","href":"https:\/\/api.w.org\/{rel}","templated":true}]}}