{"id":15451,"date":"2023-12-25T15:05:47","date_gmt":"2023-12-25T07:05:47","guid":{"rendered":"https:\/\/www.agriculture-machine.com\/?post_type=product&#038;p=15451"},"modified":"2024-09-23T11:26:51","modified_gmt":"2024-09-23T03:26:51","slug":"corn-cleaner-machine","status":"publish","type":"product","link":"https:\/\/www.agriculture-machine.com\/es\/corn-cleaner-machine\/","title":{"rendered":"Equipo de limpieza de granos de alta eficiencia para la venta"},"content":{"rendered":"<p class=\"translation-block\">La <strong>m\u00e1quina limpiadora de ma\u00edz<\/strong> se usa principalmente para limpiar trigo, ma\u00edz, soja y otros cultivos con grandes, medianas y peque\u00f1as impurezas. Es un equipo importante indispensable para limpiar el grano original antes del procesamiento de harina de trigo. La producci\u00f3n puede alcanzar 500-600kg\/h.<\/p>    <figure class=\"wp-block-embed aligncenter is-type-video is-provider-youtube wp-block-embed-youtube wp-embed-aspect-16-9 wp-has-aspect-ratio\"><div class=\"wp-block-embed__wrapper\"> <iframe loading=\"lazy\" title=\"\u00a1Buena capacidad de limpieza de granos para una amplia gama de cultivos!\" width=\"500\" height=\"281\" src=\"https:\/\/www.youtube.com\/embed\/853oAV9d2gA?feature=oembed\" frameborder=\"0\" allow=\"accelerometer; autoplay; clipboard-write; encrypted-media; gyroscope; picture-in-picture; web-share\" referrerpolicy=\"strict-origin-when-cross-origin\" allowfullscreen><\/iframe> <\/div><figcaption class=\"wp-element-caption\">Video de trabajo de la m\u00e1quina de limpieza de granos<\/figcaption><\/figure>    <p class=\"translation-block\">Esta m\u00e1quina de limpieza de granos tiene cuatro partes: carga autom\u00e1tica, cribado de dos capas, desbaste de malla, golpeo de trigo y desmezcla. Tiene ventajas de tama\u00f1o reducido, peso ligero, bajo consumo de energ\u00eda, rendimiento estable, proceso avanzado y multifuncionalidad. La limpiadora de ma\u00edz es el equipo de apoyo ideal para <strong><a href=\"https:\/\/www.agriculture-machine.com\/es\/corn-grits-making-machine\/\"><em>m\u00e1quina de fabricaci\u00f3n de s\u00e9mola de ma\u00edz<\/em><\/a><\/strong> y <strong><a href=\"https:\/\/www.agriculture-machine.com\/es\/corn-grinder-machine\/\"><em>molienda de harina de ma\u00edz<\/em><\/a><\/strong>.<\/p>    <figure class=\"wp-block-gallery has-nested-images columns-2 is-cropped wp-block-gallery-2 is-layout-flex wp-block-gallery-is-layout-flex\"> <figure class=\"wp-block-image size-large\"><img loading=\"lazy\" decoding=\"async\" width=\"720\" height=\"540\" data-id=\"16348\" src=\"https:\/\/www.agriculture-machine.com\/wp-content\/uploads\/2023\/12\/grain-seed-cleaner.webp\" alt=\"Limpiador de semillas de granos\" class=\"wp-image-16348\" srcset=\"https:\/\/www.agriculture-machine.com\/wp-content\/uploads\/2023\/12\/grain-seed-cleaner.webp 720w, https:\/\/www.agriculture-machine.com\/wp-content\/uploads\/2023\/12\/grain-seed-cleaner-360x270.webp 360w, https:\/\/www.agriculture-machine.com\/wp-content\/uploads\/2023\/12\/grain-seed-cleaner-240x180.webp 240w, https:\/\/www.agriculture-machine.com\/wp-content\/uploads\/2023\/12\/grain-seed-cleaner-16x12.webp 16w\" sizes=\"auto, (max-width: 720px) 100vw, 720px\" \/><figcaption class=\"wp-element-caption\">Limpiador de semillas de granos<\/figcaption><\/figure>    <figure class=\"wp-block-image size-large\"><img loading=\"lazy\" decoding=\"async\" width=\"720\" height=\"540\" data-id=\"16347\" src=\"https:\/\/www.agriculture-machine.com\/wp-content\/uploads\/2023\/12\/crop-cleaning-machine.webp\" alt=\"M\u00e1quina de limpieza de cultivos\" class=\"wp-image-16347\" srcset=\"https:\/\/www.agriculture-machine.com\/wp-content\/uploads\/2023\/12\/crop-cleaning-machine.webp 720w, https:\/\/www.agriculture-machine.com\/wp-content\/uploads\/2023\/12\/crop-cleaning-machine-360x270.webp 360w, https:\/\/www.agriculture-machine.com\/wp-content\/uploads\/2023\/12\/crop-cleaning-machine-240x180.webp 240w, https:\/\/www.agriculture-machine.com\/wp-content\/uploads\/2023\/12\/crop-cleaning-machine-16x12.webp 16w\" sizes=\"auto, (max-width: 720px) 100vw, 720px\" \/><figcaption class=\"wp-element-caption\">M\u00e1quina de limpieza de cultivos<\/figcaption><\/figure>    <figure class=\"wp-block-image size-large\"><img loading=\"lazy\" decoding=\"async\" width=\"720\" height=\"540\" data-id=\"16349\" src=\"https:\/\/www.agriculture-machine.com\/wp-content\/uploads\/2023\/12\/grain-sifter.webp\" alt=\"Tamiz de granos\" class=\"wp-image-16349\" srcset=\"https:\/\/www.agriculture-machine.com\/wp-content\/uploads\/2023\/12\/grain-sifter.webp 720w, https:\/\/www.agriculture-machine.com\/wp-content\/uploads\/2023\/12\/grain-sifter-360x270.webp 360w, https:\/\/www.agriculture-machine.com\/wp-content\/uploads\/2023\/12\/grain-sifter-240x180.webp 240w, https:\/\/www.agriculture-machine.com\/wp-content\/uploads\/2023\/12\/grain-sifter-16x12.webp 16w\" sizes=\"auto, (max-width: 720px) 100vw, 720px\" \/><figcaption class=\"wp-element-caption\">Tamiz de granos<\/figcaption><\/figure>    <figure class=\"wp-block-image size-large\"><img loading=\"lazy\" decoding=\"async\" width=\"720\" height=\"540\" data-id=\"16350\" src=\"https:\/\/www.agriculture-machine.com\/wp-content\/uploads\/2023\/12\/grain-sorter.webp\" alt=\"Clasificador de granos\" class=\"wp-image-16350\" srcset=\"https:\/\/www.agriculture-machine.com\/wp-content\/uploads\/2023\/12\/grain-sorter.webp 720w, https:\/\/www.agriculture-machine.com\/wp-content\/uploads\/2023\/12\/grain-sorter-360x270.webp 360w, https:\/\/www.agriculture-machine.com\/wp-content\/uploads\/2023\/12\/grain-sorter-240x180.webp 240w, https:\/\/www.agriculture-machine.com\/wp-content\/uploads\/2023\/12\/grain-sorter-16x12.webp 16w\" sizes=\"auto, (max-width: 720px) 100vw, 720px\" \/><figcaption class=\"wp-element-caption\">Clasificador de granos<\/figcaption><\/figure> <\/figure>    <h2 class=\"wp-block-heading\">Estructura y funci\u00f3n del limpiador de ma\u00edz<\/h2>    <ul class=\"wp-block-list\"> <li><strong>Ventilador:<\/strong> Carga autom\u00e1tica y aspiraci\u00f3n de polvo, el material procesado es transportado y elevado por flujo de aire de alta velocidad y entra en el descargador triangular a trav\u00e9s del tubo de transporte. Debido a la gravedad, el material se hunde y fluye hacia afuera por el conducto de aire cerrado, entrando en la primera malla plana.<\/li>    <li><strong>Tamiz plano:<\/strong> El uso de materiales e impurezas de diferentes tama\u00f1os de part\u00edculas, eliminar las impurezas que sean m\u00e1s peque\u00f1as o m\u00e1s grandes que el material. La malla adopta una estructura de doble malla superior e inferior, con gran amplitud y alta tasa de eliminaci\u00f3n de impurezas.<\/li>    <li><strong>M\u00e1quina desbaste:<\/strong> El uso de materiales con diferentes densidades espec\u00edficas de piedra, la velocidad de suspensi\u00f3n es diferente. La acci\u00f3n del ventilador sobre el viento de soplo, debido a la vibraci\u00f3n de la placa de tamiz, elimina el material de las grandes impurezas.<\/li>    <li><strong>Golpeador de trigo:<\/strong> El uso de rotaci\u00f3n a alta velocidad de la placa de golpeo para combatir materiales e impurezas. La tierra y las impurezas fr\u00e1giles adheridas al material se romper\u00e1n y se descargar\u00e1n por la boca de descarga.<\/li> <\/ul>    <figure class=\"wp-block-gallery has-nested-images columns-default is-cropped wp-block-gallery-3 is-layout-flex wp-block-gallery-is-layout-flex\"> <figure class=\"wp-block-image size-large\"><img loading=\"lazy\" decoding=\"async\" width=\"720\" height=\"540\" data-id=\"16346\" src=\"https:\/\/www.agriculture-machine.com\/wp-content\/uploads\/2023\/12\/structure-of-grain-cleaning-machine.webp\" alt=\"Estructura de la m\u00e1quina de limpieza de granos\" class=\"wp-image-16346\" srcset=\"https:\/\/www.agriculture-machine.com\/wp-content\/uploads\/2023\/12\/structure-of-grain-cleaning-machine.webp 720w, https:\/\/www.agriculture-machine.com\/wp-content\/uploads\/2023\/12\/structure-of-grain-cleaning-machine-360x270.webp 360w, https:\/\/www.agriculture-machine.com\/wp-content\/uploads\/2023\/12\/structure-of-grain-cleaning-machine-240x180.webp 240w, https:\/\/www.agriculture-machine.com\/wp-content\/uploads\/2023\/12\/structure-of-grain-cleaning-machine-16x12.webp 16w\" sizes=\"auto, (max-width: 720px) 100vw, 720px\" \/><figcaption class=\"wp-element-caption\">Estructura de la m\u00e1quina de limpieza de granos<\/figcaption><\/figure>    <figure class=\"wp-block-image size-large\"><img loading=\"lazy\" decoding=\"async\" width=\"720\" height=\"540\" data-id=\"16345\" src=\"https:\/\/www.agriculture-machine.com\/wp-content\/uploads\/2023\/12\/grain-cleaner-basic-components.webp\" alt=\"Componentes b\u00e1sicos del limpiador de granos\" class=\"wp-image-16345\" srcset=\"https:\/\/www.agriculture-machine.com\/wp-content\/uploads\/2023\/12\/grain-cleaner-basic-components.webp 720w, https:\/\/www.agriculture-machine.com\/wp-content\/uploads\/2023\/12\/grain-cleaner-basic-components-360x270.webp 360w, https:\/\/www.agriculture-machine.com\/wp-content\/uploads\/2023\/12\/grain-cleaner-basic-components-240x180.webp 240w, https:\/\/www.agriculture-machine.com\/wp-content\/uploads\/2023\/12\/grain-cleaner-basic-components-16x12.webp 16w\" sizes=\"auto, (max-width: 720px) 100vw, 720px\" \/><figcaption class=\"wp-element-caption\">Componentes b\u00e1sicos del limpiador de granos<\/figcaption><\/figure> <\/figure>    <h2 class=\"wp-block-heading\">Par\u00e1metros t\u00e9cnicos de la m\u00e1quina de limpieza de ma\u00edz<\/h2>    <ul class=\"wp-block-list\"> <li>Dimensiones externas: 1200*770*2900mm (largo\u00d7ancho\u00d7alto)<\/li>    <li>Peso: 300kg<\/li>    <li>Salida: 600kg\/h<\/li>    <li>Potencia de soporte: 4 niveles 3kw<\/li>    <li>Velocidad del soplador: 3100rpm <\/li>    <li>Velocidad del golpeador de trigo: 1200rpm<\/li>    <li>Frecuencia de vibraci\u00f3n del cuerpo de la malla: 550rpm<\/li>    <li>Velocidad del ventilador del desbaste: 1230rpm<\/li> <\/ul>    <figure class=\"wp-block-gallery has-nested-images columns-default is-cropped wp-block-gallery-4 is-layout-flex wp-block-gallery-is-layout-flex\"> <figure class=\"wp-block-image size-large\"><img loading=\"lazy\" decoding=\"async\" width=\"720\" height=\"540\" data-id=\"15452\" src=\"https:\/\/www.agriculture-machine.com\/wp-content\/uploads\/2023\/12\/maize-cleaning-machine.webp\" alt=\"M\u00e1quina de limpieza de ma\u00edz\" class=\"wp-image-15452\" srcset=\"https:\/\/www.agriculture-machine.com\/wp-content\/uploads\/2023\/12\/maize-cleaning-machine.webp 720w, https:\/\/www.agriculture-machine.com\/wp-content\/uploads\/2023\/12\/maize-cleaning-machine-360x270.webp 360w, https:\/\/www.agriculture-machine.com\/wp-content\/uploads\/2023\/12\/maize-cleaning-machine-240x180.webp 240w\" sizes=\"auto, (max-width: 720px) 100vw, 720px\" \/><figcaption class=\"wp-element-caption\">M\u00e1quina de limpieza de ma\u00edz<\/figcaption><\/figure>    <figure class=\"wp-block-image size-large\"><img loading=\"lazy\" decoding=\"async\" width=\"720\" height=\"540\" data-id=\"15456\" src=\"https:\/\/www.agriculture-machine.com\/wp-content\/uploads\/2023\/12\/grain-cleaning-equipment.webp\" alt=\"Equipo de limpieza de granos\" class=\"wp-image-15456\" srcset=\"https:\/\/www.agriculture-machine.com\/wp-content\/uploads\/2023\/12\/grain-cleaning-equipment.webp 720w, https:\/\/www.agriculture-machine.com\/wp-content\/uploads\/2023\/12\/grain-cleaning-equipment-360x270.webp 360w, https:\/\/www.agriculture-machine.com\/wp-content\/uploads\/2023\/12\/grain-cleaning-equipment-240x180.webp 240w\" sizes=\"auto, (max-width: 720px) 100vw, 720px\" \/><figcaption class=\"wp-element-caption\">Equipo de limpieza de granos<\/figcaption><\/figure> <\/figure>    <h2 class=\"wp-block-heading\">Precauciones para la instalaci\u00f3n del limpiador de granos<\/h2>    <ul class=\"wp-block-list\"> <li>La base de instalaci\u00f3n debe estar nivelada y los pernos de anclaje deben estar apretados.<\/li>    <li>La direcci\u00f3n de rotaci\u00f3n del motor debe ser coherente con la direcci\u00f3n de rotaci\u00f3n marcada en el husillo.<\/li>    <li>La instalaci\u00f3n de cables y motores debe ser realizada por electricistas y t\u00e9cnicos juntos.<\/li>    <li>Esta m\u00e1quina limpiadora de ma\u00edz se usa junto con otros equipos de molienda, teniendo en cuenta la posici\u00f3n relativa del silo de granos.<\/li> <\/ul>    <figure class=\"wp-block-gallery has-nested-images columns-default is-cropped wp-block-gallery-5 is-layout-flex wp-block-gallery-is-layout-flex\"> <figure class=\"wp-block-image size-large\"><img loading=\"lazy\" decoding=\"async\" width=\"720\" height=\"540\" data-id=\"15453\" src=\"https:\/\/www.agriculture-machine.com\/wp-content\/uploads\/2023\/12\/corn-cleaner-for-sale.webp\" alt=\"M\u00e1quina limpiadora de ma\u00edz en venta\" class=\"wp-image-15453\" srcset=\"https:\/\/www.agriculture-machine.com\/wp-content\/uploads\/2023\/12\/corn-cleaner-for-sale.webp 720w, https:\/\/www.agriculture-machine.com\/wp-content\/uploads\/2023\/12\/corn-cleaner-for-sale-360x270.webp 360w, https:\/\/www.agriculture-machine.com\/wp-content\/uploads\/2023\/12\/corn-cleaner-for-sale-240x180.webp 240w\" sizes=\"auto, (max-width: 720px) 100vw, 720px\" \/><figcaption class=\"wp-element-caption\">M\u00e1quina limpiadora de ma\u00edz en venta<\/figcaption><\/figure>    <figure class=\"wp-block-image size-large\"><img loading=\"lazy\" decoding=\"async\" width=\"720\" height=\"540\" data-id=\"15454\" src=\"https:\/\/www.agriculture-machine.com\/wp-content\/uploads\/2023\/12\/corn-cleaning-machine-for-sale.webp\" alt=\"m\u00e1quina de limpieza de ma\u00edz en venta\" class=\"wp-image-15454\" srcset=\"https:\/\/www.agriculture-machine.com\/wp-content\/uploads\/2023\/12\/corn-cleaning-machine-for-sale.webp 720w, https:\/\/www.agriculture-machine.com\/wp-content\/uploads\/2023\/12\/corn-cleaning-machine-for-sale-360x270.webp 360w, https:\/\/www.agriculture-machine.com\/wp-content\/uploads\/2023\/12\/corn-cleaning-machine-for-sale-240x180.webp 240w\" sizes=\"auto, (max-width: 720px) 100vw, 720px\" \/><figcaption class=\"wp-element-caption\">m\u00e1quina de limpieza de ma\u00edz en venta<\/figcaption><\/figure> <\/figure>    <h2 class=\"wp-block-heading\"><strong>Ajuste e instalaci\u00f3n<\/strong><\/h2>    <p>Antes de la instalaci\u00f3n, verifique si hay residuos en el equipo. El operador debe garantizar primero la seguridad de las personas y las m\u00e1quinas.<\/p>    <ul class=\"wp-block-list\"> <li>Despu\u00e9s de que la m\u00e1quina limpiadora de ma\u00edz est\u00e9 en ralent\u00ed durante 1-2 minutos, abra el alimentador en condiciones normales y ajuste la compuerta a la posici\u00f3n adecuada de menor a mayor.<\/li>    <li>Se debe ajustar la presi\u00f3n de la banda el\u00e1stica del conducto de aire cerrado para que el ma\u00edz se descargue de manera uniforme, y que el ma\u00edz no salga por la salida del ventilador. No debe estar demasiado suelto ni demasiado apretado.<\/li>    <li>La m\u00e1quina de desbaste bajo la boca y la separaci\u00f3n del golpeador de trigo deben estar coordinadas correctamente. De lo contrario, cualquier impacto afectar\u00e1 el efecto del desbaste.<\/li>    <li>Cooperaci\u00f3n estrecha entre la salida del golpeador de trigo y la entrada del mezclador. No debe haber fugas de material en funcionamiento.<\/li>    <li>Asegurar que la humedad del trigo, la humedad del trigo duro puedan ser del 15.5%-16.5%.<\/li>    <li>La salida de aire del ventilador no debe estar atada con bolsas para garantizar que la salida de aire no est\u00e9 obstruida.<\/li> <\/ul>    <figure class=\"wp-block-gallery has-nested-images columns-default is-cropped wp-block-gallery-6 is-layout-flex wp-block-gallery-is-layout-flex\"> <figure class=\"wp-block-image size-large\"><img loading=\"lazy\" decoding=\"async\" width=\"720\" height=\"540\" data-id=\"15455\" src=\"https:\/\/www.agriculture-machine.com\/wp-content\/uploads\/2023\/12\/maize-corn-cleaner-machine.webp\" alt=\"M\u00e1quina limpiadora de ma\u00edz\" class=\"wp-image-15455\" srcset=\"https:\/\/www.agriculture-machine.com\/wp-content\/uploads\/2023\/12\/maize-corn-cleaner-machine.webp 720w, https:\/\/www.agriculture-machine.com\/wp-content\/uploads\/2023\/12\/maize-corn-cleaner-machine-360x270.webp 360w, https:\/\/www.agriculture-machine.com\/wp-content\/uploads\/2023\/12\/maize-corn-cleaner-machine-240x180.webp 240w\" sizes=\"auto, (max-width: 720px) 100vw, 720px\" \/><figcaption class=\"wp-element-caption\">M\u00e1quina limpiadora de ma\u00edz<\/figcaption><\/figure>    <figure class=\"wp-block-image size-large\"><img loading=\"lazy\" decoding=\"async\" width=\"720\" height=\"540\" data-id=\"15457\" src=\"https:\/\/www.agriculture-machine.com\/wp-content\/uploads\/2023\/12\/grain-cleaner-packing-site.webp\" alt=\"Sitio de embalaje del limpiador de granos\" class=\"wp-image-15457\" srcset=\"https:\/\/www.agriculture-machine.com\/wp-content\/uploads\/2023\/12\/grain-cleaner-packing-site.webp 720w, https:\/\/www.agriculture-machine.com\/wp-content\/uploads\/2023\/12\/grain-cleaner-packing-site-360x270.webp 360w, https:\/\/www.agriculture-machine.com\/wp-content\/uploads\/2023\/12\/grain-cleaner-packing-site-240x180.webp 240w\" sizes=\"auto, (max-width: 720px) 100vw, 720px\" \/><figcaption class=\"wp-element-caption\">Sitio de embalaje del limpiador de granos<\/figcaption><\/figure> <\/figure>    <p>Desde la siembra hasta la cosecha, molienda de gr\u00e1nulos y una serie de otros procesos, tenemos las m\u00e1quinas correspondientes. No dude en contactarnos, cu\u00e9ntenos sus necesidades y le recomendaremos la m\u00e1quina m\u00e1s adecuada.<\/p>","protected":false},"excerpt":{"rendered":"<p>Corn cleaner&#8217;s main function is to clean the impurities in corn and other grains, in line with the requirements of the market and food safety.<\/p>","protected":false},"author":1,"featured_media":16353,"parent":0,"comment_status":"closed","ping_status":"closed","template":"","tags":[2636],"product-type":[873],"class_list":["post-15451","product","type-product","status-publish","has-post-thumbnail","hentry","tag-cleaning","product-type-corn-grains-grinding-equipment"],"_links":{"self":[{"href":"https:\/\/www.agriculture-machine.com\/es\/wp-json\/wp\/v2\/product\/15451","targetHints":{"allow":["GET"]}}],"collection":[{"href":"https:\/\/www.agriculture-machine.com\/es\/wp-json\/wp\/v2\/product"}],"about":[{"href":"https:\/\/www.agriculture-machine.com\/es\/wp-json\/wp\/v2\/types\/product"}],"author":[{"embeddable":true,"href":"https:\/\/www.agriculture-machine.com\/es\/wp-json\/wp\/v2\/users\/1"}],"replies":[{"embeddable":true,"href":"https:\/\/www.agriculture-machine.com\/es\/wp-json\/wp\/v2\/comments?post=15451"}],"wp:featuredmedia":[{"embeddable":true,"href":"https:\/\/www.agriculture-machine.com\/es\/wp-json\/wp\/v2\/media\/16353"}],"wp:attachment":[{"href":"https:\/\/www.agriculture-machine.com\/es\/wp-json\/wp\/v2\/media?parent=15451"}],"wp:term":[{"taxonomy":"post_tag","embeddable":true,"href":"https:\/\/www.agriculture-machine.com\/es\/wp-json\/wp\/v2\/tags?post=15451"},{"taxonomy":"product-type","embeddable":true,"href":"https:\/\/www.agriculture-machine.com\/es\/wp-json\/wp\/v2\/product-type?post=15451"}],"curies":[{"name":"wp","href":"https:\/\/api.w.org\/{rel}","templated":true}]}}