{"id":15641,"date":"2024-01-25T14:30:54","date_gmt":"2024-01-25T06:30:54","guid":{"rendered":"https:\/\/www.agriculture-machine.com\/?post_type=product&#038;p=15641"},"modified":"2025-08-25T16:48:08","modified_gmt":"2025-08-25T08:48:08","slug":"silage-spreader-feeding-car","status":"publish","type":"product","link":"https:\/\/www.agriculture-machine.com\/es\/silage-spreader-feeding-car\/","title":{"rendered":"Cosechadora de ensilaje con mezclador el\u00e9ctrico de hierba, esparcidor, equipo de alimentaci\u00f3n para ganader\u00eda"},"content":{"rendered":"<p>El distribuidor de ensilaje se usa principalmente para mezclar el alimento de ensilaje u otros alimentos de manera uniforme y luego distribuirlo r\u00e1pida y uniformemente en las \u00e1reas de alimentaci\u00f3n de vacas y ovejas. El uso de este equipo puede aumentar la utilizaci\u00f3n del alimento en un 15%-20%, reduciendo significativamente el desperdicio.<\/p>    <p>Esta m\u00e1quina integra funciones de mezcla, transporte y distribuci\u00f3n, ofreciendo operaci\u00f3n conveniente y alta eficiencia, permitiendo una distribuci\u00f3n cient\u00edfica y a gran escala del alimento.<\/p>    <p>No solo mejora eficazmente la eficiencia de alimentaci\u00f3n y los est\u00e1ndares de gesti\u00f3n agr\u00edcola, sino que tambi\u00e9n garantiza que las vacas y ovejas reciban una nutrici\u00f3n equilibrada, promoviendo un crecimiento saludable y reduciendo los costos de alimentaci\u00f3n.<\/p>    <figure class=\"wp-block-embed aligncenter is-type-video is-provider-youtube wp-block-embed-youtube wp-embed-aspect-16-9 wp-has-aspect-ratio\"><div class=\"wp-block-embed__wrapper\"> <iframe loading=\"lazy\" title=\"\u00a1Manejo eficiente del ensilaje! Video en vivo de operaci\u00f3n de cami\u00f3n mezclador de ensilaje de pasto#ensilaje\" width=\"500\" height=\"281\" src=\"https:\/\/www.youtube.com\/embed\/OP465T0OIl0?feature=oembed\" frameborder=\"0\" allow=\"accelerometer; autoplay; clipboard-write; encrypted-media; gyroscope; picture-in-picture; web-share\" referrerpolicy=\"strict-origin-when-cross-origin\" allowfullscreen><\/iframe> <\/div><figcaption class=\"wp-element-caption\">Video de funcionamiento del alimentador de aves<\/figcaption><\/figure>    <h2 class=\"wp-block-heading\">Aplicaciones de la m\u00e1quina de distribuci\u00f3n de ensilaje<\/h2>    <ul class=\"wp-block-list\"> <li>Alimentaci\u00f3n de ganado para granjas: adecuado para explotaciones agr\u00edcolas a gran escala y operaciones ganaderas familiares, este sistema est\u00e1 dise\u00f1ado para alimentar animales rumiantes como vacas y ovejas con ensilaje, paja, forraje y pellet.<\/li>    <li>Compatible con m\u00faltiples tipos de alimento: capaz de procesar diversos materiales como ensilaje de ma\u00edz, harina de paja, heno y alimento compuesto.<\/li>    <li>Aplicaci\u00f3n en m\u00faltiples entornos: ya sea en pastos abiertos, establos o entornos agr\u00edcolas semi cerrados, puede operar de manera flexible para garantizar una distribuci\u00f3n uniforme del alimento.<\/li>    <li>Adecuado para diferentes escalas agr\u00edcolas: apto tanto para peque\u00f1as explotaciones familiares como para grandes empresas ganaderas, con opciones de diferentes capacidades y modelos seg\u00fan las necesidades.<\/li> <\/ul>    <figure class=\"wp-block-image aligncenter size-full\"><img loading=\"lazy\" decoding=\"async\" width=\"720\" height=\"540\" src=\"https:\/\/www.agriculture-machine.com\/wp-content\/uploads\/2024\/01\/automatic-animal-feed-spreader.webp\" alt=\"Distribuidor autom\u00e1tico de alimentaci\u00f3n animal\" class=\"wp-image-15647\" srcset=\"https:\/\/www.agriculture-machine.com\/wp-content\/uploads\/2024\/01\/automatic-animal-feed-spreader.webp 720w, https:\/\/www.agriculture-machine.com\/wp-content\/uploads\/2024\/01\/automatic-animal-feed-spreader-360x270.webp 360w, https:\/\/www.agriculture-machine.com\/wp-content\/uploads\/2024\/01\/automatic-animal-feed-spreader-240x180.webp 240w\" sizes=\"auto, (max-width: 720px) 100vw, 720px\" \/><figcaption class=\"wp-element-caption\">Distribuidor autom\u00e1tico de alimentaci\u00f3n animal<\/figcaption><\/figure>    <h2 class=\"wp-block-heading\">Beneficios del carro de alimentaci\u00f3n para ganader\u00eda<\/h2>    <ul class=\"wp-block-list\"> <li>Altamente eficiente y ahorrador de energ\u00eda: varias veces m\u00e1s eficiente que la alimentaci\u00f3n manual, con una sola m\u00e1quina capaz de alimentar a cientos de vacas y ovejas por hora.<\/li>    <li>Alta utilizaci\u00f3n del alimento: distribuci\u00f3n uniforme del alimento previene la selecci\u00f3n y el desperdicio, mejorando la utilizaci\u00f3n en un 15%-20%.<\/li>    <li>Reducci\u00f3n de costos laborales: la operaci\u00f3n automatizada reduce significativamente la mano de obra y los costos laborales.<\/li>    <li>Flexible y maniobrable: dise\u00f1o compacto y operaci\u00f3n flexible que permiten movimiento y operaci\u00f3n libres en diversos terrenos y entornos agr\u00edcolas.<\/li>    <li>Seguro y confiable: construido con acero resistente al desgaste y un sistema de transmisi\u00f3n de alto rendimiento, la m\u00e1quina presenta una estructura robusta, larga vida \u00fatil y mantenimiento sencillo.<\/li>    <li>Promueve la salud del ganado: asegura que el ganado reciba una nutrici\u00f3n equilibrada, promueve un crecimiento saludable y mejora la comercializaci\u00f3n y las tasas de producci\u00f3n de leche.<\/li> <\/ul>    <h2 class=\"wp-block-heading\">Tipos de distribuidor de ensilaje<\/h2>    <p>Seg\u00fan sus necesidades, ofrecemos diferentes tipos de camiones distribuidor de ensilaje, puede elegir seg\u00fan la situaci\u00f3n real.<\/p>    <h3 class=\"wp-block-heading\">Distribuidor de ensilaje vertical y horizontal<\/h3>    <p>La \u00fanica diferencia entre estos dos tipos es que el vertical es cil\u00edndrico y el horizontal es c\u00fabico. Los vol\u00famenes est\u00e1n disponibles en 3 y 5 metros c\u00fabicos. Las dos im\u00e1genes a continuaci\u00f3n muestran sus diferencias.<\/p>    <figure class=\"wp-block-image aligncenter size-full\"><img loading=\"lazy\" decoding=\"async\" width=\"720\" height=\"540\" src=\"https:\/\/www.agriculture-machine.com\/wp-content\/uploads\/2024\/01\/vertical-type-silage-spreader.webp\" alt=\"Distribuidor de ensilaje vertical\" class=\"wp-image-15643\" srcset=\"https:\/\/www.agriculture-machine.com\/wp-content\/uploads\/2024\/01\/vertical-type-silage-spreader.webp 720w, https:\/\/www.agriculture-machine.com\/wp-content\/uploads\/2024\/01\/vertical-type-silage-spreader-360x270.webp 360w, https:\/\/www.agriculture-machine.com\/wp-content\/uploads\/2024\/01\/vertical-type-silage-spreader-240x180.webp 240w\" sizes=\"auto, (max-width: 720px) 100vw, 720px\" \/><figcaption class=\"wp-element-caption\">Distribuidor de ensilaje vertical<\/figcaption><\/figure>    <figure class=\"wp-block-image aligncenter size-full\"><img loading=\"lazy\" decoding=\"async\" width=\"720\" height=\"540\" src=\"https:\/\/www.agriculture-machine.com\/wp-content\/uploads\/2024\/01\/horizontal-type-feeding-car.webp\" alt=\"carro alimentador horizontal\" class=\"wp-image-15644\" srcset=\"https:\/\/www.agriculture-machine.com\/wp-content\/uploads\/2024\/01\/horizontal-type-feeding-car.webp 720w, https:\/\/www.agriculture-machine.com\/wp-content\/uploads\/2024\/01\/horizontal-type-feeding-car-360x270.webp 360w, https:\/\/www.agriculture-machine.com\/wp-content\/uploads\/2024\/01\/horizontal-type-feeding-car-240x180.webp 240w\" sizes=\"auto, (max-width: 720px) 100vw, 720px\" \/><figcaption class=\"wp-element-caption\">carro alimentador horizontal<\/figcaption><\/figure>    <h3 class=\"wp-block-heading\">Distribuidor impulsado por veh\u00edculo el\u00e9ctrico<\/h3>    <p>Este tipo de distribuidor de ensilaje utiliza un veh\u00edculo el\u00e9ctrico como fuente de energ\u00eda y generalmente est\u00e1 equipado con un potente motor el\u00e9ctrico. <\/p>    <p>Las ventajas del accionamiento el\u00e9ctrico son la ecolog\u00eda, bajo nivel de ruido y bajo consumo de energ\u00eda, lo que la hace adecuada para aplicaciones que requieren trabajar en un entorno relativamente silencioso y limpio. Al mismo tiempo, los modelos el\u00e9ctricos ofrecen una excelente flexibilidad y control, facilitando su operaci\u00f3n en espacios limitados como pastos y granjas.<\/p>    <figure class=\"wp-block-image aligncenter size-full\"><img loading=\"lazy\" decoding=\"async\" width=\"720\" height=\"540\" src=\"https:\/\/www.agriculture-machine.com\/wp-content\/uploads\/2024\/01\/electric-cattle-feed-spreader.webp\" alt=\"Distribuidor el\u00e9ctrico de alimentaci\u00f3n de ganado\" class=\"wp-image-15645\" srcset=\"https:\/\/www.agriculture-machine.com\/wp-content\/uploads\/2024\/01\/electric-cattle-feed-spreader.webp 720w, https:\/\/www.agriculture-machine.com\/wp-content\/uploads\/2024\/01\/electric-cattle-feed-spreader-360x270.webp 360w, https:\/\/www.agriculture-machine.com\/wp-content\/uploads\/2024\/01\/electric-cattle-feed-spreader-240x180.webp 240w\" sizes=\"auto, (max-width: 720px) 100vw, 720px\" \/><figcaption class=\"wp-element-caption\">Distribuidor el\u00e9ctrico de alimentaci\u00f3n de ganado<\/figcaption><\/figure>    <p class=\"translation-block\">Esta m\u00e1quina necesita ser equipada con un mezclador separado para distribuir los fardos de ensilaje (generalmente manejados con una envolvedora de fardos, que tiene el efecto de preservar la fermentaci\u00f3n). <strong><em><a href=\"https:\/\/www.agriculture-machine.com\/es\/full-automatic-silage-baling-machine\/\">Art\u00edculo relacionado: M\u00e1quina de empacado de ensilaje | M\u00e1quina de empacado autom\u00e1tica completa<\/a><\/em><\/strong>) Esto se entrega a la distribuidora de ensilaje mediante una cinta transportadora.<\/p>    <h3 class=\"wp-block-heading\">Distribuidor de alimentaci\u00f3n de ganado di\u00e9sel<\/h3>    <p>Esta m\u00e1quina tambi\u00e9n es impulsada por un veh\u00edculo el\u00e9ctrico, pero est\u00e1 equipada con un motor di\u00e9sel, por lo que la funci\u00f3n de mezcla aut\u00f3noma, despu\u00e9s de mezclar y alimentar, no requiere un mezclador separado. <\/p>    <p>La ventaja del motor di\u00e9sel es la alta densidad energ\u00e9tica del combustible, lo que permite una potencia sostenida y fuerte durante un largo per\u00edodo, adecuado para uso prolongado, de alta intensidad.<\/p>    <figure class=\"wp-block-image aligncenter size-full\"><img loading=\"lazy\" decoding=\"async\" width=\"720\" height=\"540\" src=\"https:\/\/www.agriculture-machine.com\/wp-content\/uploads\/2024\/01\/disel-huabandry-silage-spreader.webp\" alt=\"Distribuidor de ensilaje di\u00e9sel para ganader\u00eda\" class=\"wp-image-15646\" srcset=\"https:\/\/www.agriculture-machine.com\/wp-content\/uploads\/2024\/01\/disel-huabandry-silage-spreader.webp 720w, https:\/\/www.agriculture-machine.com\/wp-content\/uploads\/2024\/01\/disel-huabandry-silage-spreader-360x270.webp 360w, https:\/\/www.agriculture-machine.com\/wp-content\/uploads\/2024\/01\/disel-huabandry-silage-spreader-240x180.webp 240w\" sizes=\"auto, (max-width: 720px) 100vw, 720px\" \/><figcaption class=\"wp-element-caption\">Distribuidor de ensilaje di\u00e9sel para ganader\u00eda<\/figcaption><\/figure>    <h2 class=\"wp-block-heading\">\u00bfC\u00f3mo funciona el distribuidor de alimentaci\u00f3n de vacas y ovejas?.<\/h2>   <div id=\"rank-math-howto\" class=\"rank-math-block\" > <div class=\"rank-math-howto-description\">  <p>El principio de funcionamiento del distribuidor de ensilaje para vacas y ovejas se divide en dos pasos principales:<\/p>  <\/div>  <div class=\"rank-math-steps\"> <div id=\"howto-step-1706084567805\" class=\"rank-math-step\"> <h3 class=\"rank-math-step-title\">Carga de alimento<\/h3> <div class=\"rank-math-step-content\"><p>Primero, el operador carga el ensilaje (generalmente forraje picado o plantas) en el contenedor del distribuidor. Esto puede hacerse mediante un sistema de carga mec\u00e1nico u otro equipo de carga. <\/p> <p>Algunas carretas de distribuci\u00f3n tambi\u00e9n pueden tener una funci\u00f3n de carga mixta que permite mezclar diferentes tipos de forraje para garantizar una nutrici\u00f3n equilibrada del ganado.<\/p> <\/div> <\/div> <div id=\"howto-step-1706084630549\" class=\"rank-math-step\"> <h3 class=\"rank-math-step-title\">Proceso de distribuci\u00f3n<\/h3> <div class=\"rank-math-step-content\"><p>Una vez cargado el alimento, el cami\u00f3n distribuidor de ensilaje distribuye el alimento de manera uniforme sobre el \u00e1rea de alimentaci\u00f3n mediante un sistema mec\u00e1nico. <\/p> <p>Esto generalmente se logra mediante la rotaci\u00f3n de un ventilador o distribuidor circular. El distribuidor ajusta el alcance y la densidad de la distribuci\u00f3n para garantizar que el alimento se distribuya de manera uniforme en toda el \u00e1rea de alimentaci\u00f3n del ganado. <\/p> <p>La velocidad a la que viaja el veh\u00edculo y la velocidad de rotaci\u00f3n del distribuidor a menudo se pueden ajustar para satisfacer las necesidades de diferentes sitios de alimentaci\u00f3n.<\/p> <\/div> <\/div> <\/div> <\/div>       <h2 class=\"wp-block-heading\">Par\u00e1metros del mezclador y distribuidor de ensilaje<\/h2>    <figure class=\"wp-block-table is-style-stripes\"><table><tbody><tr><td class=\"has-text-align-center\" data-align=\"center\">Modelo<\/td><td class=\"has-text-align-center\" data-align=\"center\">SL-3<\/td><\/tr><tr><td class=\"has-text-align-center\" data-align=\"center\">Tama\u00f1o total<\/td><td class=\"has-text-align-center\" data-align=\"center\">3.6*1.5*2.0m<\/td><\/tr><tr><td class=\"has-text-align-center\" data-align=\"center\">Tama\u00f1o del dep\u00f3sito<\/td><td class=\"has-text-align-center\" data-align=\"center\">2.0*1.2*1.4m<\/td><\/tr><tr><td class=\"has-text-align-center\" data-align=\"center\">Ancho de la correa<\/td><td class=\"has-text-align-center\" data-align=\"center\">400mm<\/td><\/tr><tr><td class=\"has-text-align-center\" data-align=\"center\">N\u00famero de bater\u00edas<\/td><td class=\"has-text-align-center\" data-align=\"center\">6<\/td><\/tr><tr><td class=\"has-text-align-center\" data-align=\"center\">Voltaje de entrada<\/td><td class=\"has-text-align-center\" data-align=\"center\">72V<\/td><\/tr><tr><td class=\"has-text-align-center\" data-align=\"center\">Especificaci\u00f3n de la bater\u00eda<\/td><td class=\"has-text-align-center\" data-align=\"center\">Bater\u00eda seca Chaowei o marca Camel<\/td><\/tr><tr><td class=\"has-text-align-center\" data-align=\"center\">Modelo de neum\u00e1tico<\/td><td class=\"has-text-align-center\" data-align=\"center\">Ruedas traseras 3.50*12(2)   5.00*12(1)<\/td><\/tr><tr><td class=\"has-text-align-center\" data-align=\"center\">Tama\u00f1o del dep\u00f3sito<\/td><td class=\"has-text-align-center\" data-align=\"center\">3m\u00b3<\/td><\/tr><tr><td class=\"has-text-align-center\" data-align=\"center\">Rodamiento<\/td><td class=\"has-text-align-center\" data-align=\"center\">F206(4)<\/td><\/tr><tr><td class=\"has-text-align-center\" data-align=\"center\">M\u00e9todo de transporte<\/td><td class=\"has-text-align-center\" data-align=\"center\">delantal<\/td><\/tr><tr><td class=\"has-text-align-center\" data-align=\"center\">M\u00e9todo de distribuci\u00f3n<\/td><td class=\"has-text-align-center\" data-align=\"center\">bidireccionalidad<\/td><\/tr><tr><td class=\"has-text-align-center\" data-align=\"center\">Freno<\/td><td class=\"has-text-align-center\" data-align=\"center\">Freno de aceite<\/td><\/tr><tr><td class=\"has-text-align-center\" data-align=\"center\">Altura de distribuci\u00f3n<\/td><td class=\"has-text-align-center\" data-align=\"center\">60cm<\/td><\/tr><tr><td class=\"has-text-align-center\" data-align=\"center\">Transmisi\u00f3n<\/td><td class=\"has-text-align-center\" data-align=\"center\">Cadenas<\/td><\/tr><tr><td class=\"has-text-align-center\" data-align=\"center\">Volante<\/td><td class=\"has-text-align-center\" data-align=\"center\">con rosetas<\/td><\/tr><tr><td class=\"has-text-align-center\" data-align=\"center\">Motor el\u00e9ctrico<\/td><td class=\"has-text-align-center\" data-align=\"center\">1.5\/1.5\/2.2<\/td><\/tr><tr><td class=\"has-text-align-center\" data-align=\"center\">Capacidad de la bater\u00eda<\/td><td class=\"has-text-align-center\" data-align=\"center\">70A<\/td><\/tr><\/tbody><\/table><figcaption class=\"wp-element-caption\">Datos t\u00e9cnicos del distribuidor de ensilaje para vacas y ovejas<\/figcaption><\/figure>    <h2 class=\"wp-block-heading\">Cont\u00e1ctenos en cualquier momento<\/h2>    <p>Si est\u00e1 interesado en nuestro distribuidor de ensilaje, no dude en contactarnos para obtener informaci\u00f3n m\u00e1s detallada sobre la m\u00e1quina. Estaremos encantados de proporcionarle descripciones detalladas del producto y sugerencias de personalizaci\u00f3n para satisfacer sus necesidades espec\u00edficas. Adem\u00e1s, tambi\u00e9n le invitamos a visitar nuestra f\u00e1brica y esperamos trabajar con usted para crear soluciones de alimentaci\u00f3n m\u00e1s eficientes e inteligentes.<\/p>","protected":false},"excerpt":{"rendered":"<p>El distribuidor de ensilaje puede distribuir uniformemente ensilaje y varios tipos de alimento en las \u00e1reas de alimentaci\u00f3n de vacas y ovejas, mejorando la utilizaci\u00f3n del alimento y reduciendo los costos laborales.<\/p>","protected":false},"author":1,"featured_media":15645,"parent":0,"comment_status":"closed","ping_status":"closed","template":"","tags":[591],"product-type":[876],"class_list":["post-15641","product","type-product","status-publish","has-post-thumbnail","hentry","tag-silage","product-type-silage-machine"],"_links":{"self":[{"href":"https:\/\/www.agriculture-machine.com\/es\/wp-json\/wp\/v2\/product\/15641","targetHints":{"allow":["GET"]}}],"collection":[{"href":"https:\/\/www.agriculture-machine.com\/es\/wp-json\/wp\/v2\/product"}],"about":[{"href":"https:\/\/www.agriculture-machine.com\/es\/wp-json\/wp\/v2\/types\/product"}],"author":[{"embeddable":true,"href":"https:\/\/www.agriculture-machine.com\/es\/wp-json\/wp\/v2\/users\/1"}],"replies":[{"embeddable":true,"href":"https:\/\/www.agriculture-machine.com\/es\/wp-json\/wp\/v2\/comments?post=15641"}],"wp:featuredmedia":[{"embeddable":true,"href":"https:\/\/www.agriculture-machine.com\/es\/wp-json\/wp\/v2\/media\/15645"}],"wp:attachment":[{"href":"https:\/\/www.agriculture-machine.com\/es\/wp-json\/wp\/v2\/media?parent=15641"}],"wp:term":[{"taxonomy":"post_tag","embeddable":true,"href":"https:\/\/www.agriculture-machine.com\/es\/wp-json\/wp\/v2\/tags?post=15641"},{"taxonomy":"product-type","embeddable":true,"href":"https:\/\/www.agriculture-machine.com\/es\/wp-json\/wp\/v2\/product-type?post=15641"}],"curies":[{"name":"wp","href":"https:\/\/api.w.org\/{rel}","templated":true}]}}