{"id":15769,"date":"2024-03-07T16:43:43","date_gmt":"2024-03-07T08:43:43","guid":{"rendered":"https:\/\/www.agriculture-machine.com\/?post_type=product&#038;p=15769"},"modified":"2024-08-20T17:42:26","modified_gmt":"2024-08-20T09:42:26","slug":"peanut-roasting-machine","status":"publish","type":"product","link":"https:\/\/www.agriculture-machine.com\/es\/peanut-roasting-machine\/","title":{"rendered":"M\u00e1quina de tostado de cacahuete el\u00e9ctrica y de gas | tostador de cacahuete en venta"},"content":{"rendered":"<p class=\"translation-block\">La <strong>m\u00e1quina tostadora de cacahuete<\/strong> se utiliza principalmente para tostar o secar cacahuetes, nueces, almendras, frijoles, granos de caf\u00e9, semillas de mel\u00f3n y otros materiales y polvos granulares.<\/p>    <p>Esta m\u00e1quina utiliza electricidad, aceite, gas o carb\u00f3n como fuente de calor. Adopta un tambor giratorio, conducci\u00f3n de calor y radiaci\u00f3n t\u00e9rmica, y utiliza carb\u00f3n como combustible, el costo de producci\u00f3n es bajo. La m\u00e1quina tiene las ventajas de facilidad de uso, alta eficiencia, ahorro de energ\u00eda y durabilidad. Los productos horneados son de buena calidad, sabor higi\u00e9nico y pueden cumplir con los est\u00e1ndares de exportaci\u00f3n.<\/p>    <figure class=\"wp-block-embed aligncenter is-type-video is-provider-youtube wp-block-embed-youtube wp-embed-aspect-16-9 wp-has-aspect-ratio\"><div class=\"wp-block-embed__wrapper\"> <iframe loading=\"lazy\" title=\"Domina el arte de tostar cacahuetes: gu\u00eda definitiva para usar una m\u00e1quina tostadora de cacahuetes.\" width=\"500\" height=\"281\" src=\"https:\/\/www.youtube.com\/embed\/ywy1h1PrqeQ?feature=oembed\" frameborder=\"0\" allow=\"accelerometer; autoplay; clipboard-write; encrypted-media; gyroscope; picture-in-picture; web-share\" referrerpolicy=\"strict-origin-when-cross-origin\" allowfullscreen><\/iframe> <\/div><figcaption class=\"wp-element-caption\">Video de trabajo de m\u00e1quina de tostado de cacahuete<\/figcaption><\/figure>    <h2 class=\"wp-block-heading\">\u00bfC\u00f3mo funciona la m\u00e1quina tostadora de cacahuetes?<\/h2>   <div id=\"rank-math-howto\" class=\"rank-math-block\" > <div class=\"rank-math-howto-description\">  <p>El principio de funcionamiento de la m\u00e1quina tostadora de cacahuetes se divide en los siguientes pasos:<\/p>  <\/div>  <div class=\"rank-math-steps\"> <div id=\"howto-step-1709796115027\" class=\"rank-math-step\"> <h3 class=\"rank-math-step-title\">Carga<\/h3> <div class=\"rank-math-step-content\"><p>Los cacahuetes se colocan en la entrada y entran en la c\u00e1mara de horneado a trav\u00e9s de una banda transportadora u otros medios.<\/p> <\/div> <\/div> <div id=\"howto-step-1709796163601\" class=\"rank-math-step\"> <h3 class=\"rank-math-step-title\">Precalentar<\/h3> <div class=\"rank-math-step-content\"><p>Antes de que los cacahuetes entren en la c\u00e1mara de horneado, la m\u00e1quina se precalienta brevemente. Esto garantiza que todo el sistema est\u00e9 a la temperatura adecuada para iniciar un proceso de horneado eficiente. Por lo general, se establece a temperatura ambiente de 300 grados.<\/p> <\/div> <\/div> <div id=\"howto-step-1709796223154\" class=\"rank-math-step\"> <h3 class=\"rank-math-step-title\">Tostado<\/h3> <div class=\"rank-math-step-content\"><p>Los cacahuetes se tuestan durante un cierto per\u00edodo en la c\u00e1mara de horneado mediante aire caliente o calentamiento radiante. El control de la temperatura y el tiempo es muy cr\u00edtico para asegurar que los cacahuetes se calienten de manera uniforme y alcancen el sabor y color deseados.<\/p> <\/div> <\/div> <div id=\"howto-step-1709796242114\" class=\"rank-math-step\"> <h3 class=\"rank-math-step-title\">Enfriamiento<\/h3> <div class=\"rank-math-step-content\"><p>Despu\u00e9s del horneado, los cacahuetes tostados deben enfriarse en la m\u00e1quina. Esta etapa ayuda a estabilizar la temperatura de los cacahuetes mientras se evita que se sobrecalienten y afecte su calidad.<\/p> <\/div> <\/div> <div id=\"howto-step-1709796257088\" class=\"rank-math-step\"> <h3 class=\"rank-math-step-title\">Descarga<\/h3> <div class=\"rank-math-step-content\"><p>Los cacahuetes enfriados finalmente salen de la m\u00e1quina y pueden ser recogidos por cintas transportadoras u otros sistemas o introducidos en etapas de procesamiento posteriores.<\/p> <\/div> <\/div> <\/div> <\/div>       <figure class=\"wp-block-embed aligncenter is-type-video is-provider-youtube wp-block-embed-youtube wp-embed-aspect-16-9 wp-has-aspect-ratio\"><div class=\"wp-block-embed__wrapper\"> <iframe loading=\"lazy\" title=\"\u00a1M\u00e1quina de tostado y enfriado eficiente de cacahuetes en acci\u00f3n!#cacahuete #man\u00ed #tostado\" width=\"500\" height=\"281\" src=\"https:\/\/www.youtube.com\/embed\/4rRCnqDT7xk?feature=oembed\" frameborder=\"0\" allow=\"accelerometer; autoplay; clipboard-write; encrypted-media; gyroscope; picture-in-picture; web-share\" referrerpolicy=\"strict-origin-when-cross-origin\" allowfullscreen><\/iframe> <\/div><figcaption class=\"wp-element-caption\">Video de tostado y enfriamiento de cacahuetes en acci\u00f3n<\/figcaption><\/figure>    <h2 class=\"wp-block-heading\">Par\u00e1metros de la m\u00e1quina tostadora de cacahuetes<\/h2>    <figure class=\"wp-block-table is-style-stripes\"><table><tbody><tr><td class=\"has-text-align-center\" data-align=\"center\"><strong>Modelo<\/strong><\/td><td class=\"has-text-align-center\" data-align=\"center\"><strong>Dimensi\u00f3n (mm)<\/strong><\/td><td class=\"has-text-align-center\" data-align=\"center\"><strong>Capacidad (kg\/h)<\/strong><\/td><td class=\"has-text-align-center\" data-align=\"center\"><strong>Potencia(kW)<\/strong><\/td><td class=\"has-text-align-center\" data-align=\"center\"><strong>Potencia el\u00e9ctrica(kW)<\/strong><\/td><td class=\"has-text-align-center\" data-align=\"center\"><strong>Consumo de gas(kg)<\/strong><\/td><\/tr><tr><td class=\"has-text-align-center\" data-align=\"center\">MHK\u20141<\/td><td class=\"has-text-align-center\" data-align=\"center\">3000*1200*1700<\/td><td class=\"has-text-align-center\" data-align=\"center\">80\u2014120<\/td><td class=\"has-text-align-center\" data-align=\"center\">1.1<\/td><td class=\"has-text-align-center\" data-align=\"center\">22<\/td><td class=\"has-text-align-center\" data-align=\"center\">2-3<\/td><\/tr><tr><td class=\"has-text-align-center\" data-align=\"center\">MHK\u20142<\/td><td class=\"has-text-align-center\" data-align=\"center\">3000*2200*1700<\/td><td class=\"has-text-align-center\" data-align=\"center\">180\u2014250<\/td><td class=\"has-text-align-center\" data-align=\"center\">2.2<\/td><td class=\"has-text-align-center\" data-align=\"center\">44<\/td><td class=\"has-text-align-center\" data-align=\"center\">3-6<\/td><\/tr><tr><td class=\"has-text-align-center\" data-align=\"center\">MHK\u20143<\/td><td class=\"has-text-align-center\" data-align=\"center\">3000*3300*1700<\/td><td class=\"has-text-align-center\" data-align=\"center\">280\u2014350<\/td><td class=\"has-text-align-center\" data-align=\"center\">3.3<\/td><td class=\"has-text-align-center\" data-align=\"center\">66<\/td><td class=\"has-text-align-center\" data-align=\"center\">6-9<\/td><\/tr><tr><td class=\"has-text-align-center\" data-align=\"center\">MHK\u20144<\/td><td class=\"has-text-align-center\" data-align=\"center\">3000*4400*1700<\/td><td class=\"has-text-align-center\" data-align=\"center\">380\u2014450<\/td><td class=\"has-text-align-center\" data-align=\"center\">4.4<\/td><td class=\"has-text-align-center\" data-align=\"center\">88<\/td><td class=\"has-text-align-center\" data-align=\"center\">9-12<\/td><\/tr><tr><td class=\"has-text-align-center\" data-align=\"center\">MHK\u20145<\/td><td class=\"has-text-align-center\" data-align=\"center\">3000*5500*1700<\/td><td class=\"has-text-align-center\" data-align=\"center\">500&#8211;650<\/td><td class=\"has-text-align-center\" data-align=\"center\">5.5<\/td><td class=\"has-text-align-center\" data-align=\"center\">110<\/td><td class=\"has-text-align-center\" data-align=\"center\">12-15<\/td><\/tr><\/tbody><\/table><figcaption class=\"wp-element-caption\">datos t\u00e9cnicos detallados del tostador de man\u00ed<\/figcaption><\/figure>    <figure class=\"wp-block-gallery has-nested-images columns-default is-cropped wp-block-gallery-2 is-layout-flex wp-block-gallery-is-layout-flex\"> <figure class=\"wp-block-image size-large\"><img loading=\"lazy\" decoding=\"async\" width=\"720\" height=\"540\" data-id=\"15805\" src=\"https:\/\/www.agriculture-machine.com\/wp-content\/uploads\/2024\/03\/automatic-nut-roasting-equipment.webp\" alt=\"equipo autom\u00e1tico de tostado de frutos secos\" class=\"wp-image-15805\" srcset=\"https:\/\/www.agriculture-machine.com\/wp-content\/uploads\/2024\/03\/automatic-nut-roasting-equipment.webp 720w, https:\/\/www.agriculture-machine.com\/wp-content\/uploads\/2024\/03\/automatic-nut-roasting-equipment-360x270.webp 360w, https:\/\/www.agriculture-machine.com\/wp-content\/uploads\/2024\/03\/automatic-nut-roasting-equipment-240x180.webp 240w, https:\/\/www.agriculture-machine.com\/wp-content\/uploads\/2024\/03\/automatic-nut-roasting-equipment-16x12.webp 16w\" sizes=\"auto, (max-width: 720px) 100vw, 720px\" \/><figcaption class=\"wp-element-caption\">equipo autom\u00e1tico de tostado de frutos secos<\/figcaption><\/figure>    <figure class=\"wp-block-image size-large\"><img loading=\"lazy\" decoding=\"async\" width=\"720\" height=\"540\" data-id=\"15806\" src=\"https:\/\/www.agriculture-machine.com\/wp-content\/uploads\/2024\/03\/efficient-nut-roasting-machine.webp\" alt=\"m\u00e1quina eficiente de tostado de frutos secos\" class=\"wp-image-15806\" srcset=\"https:\/\/www.agriculture-machine.com\/wp-content\/uploads\/2024\/03\/efficient-nut-roasting-machine.webp 720w, https:\/\/www.agriculture-machine.com\/wp-content\/uploads\/2024\/03\/efficient-nut-roasting-machine-360x270.webp 360w, https:\/\/www.agriculture-machine.com\/wp-content\/uploads\/2024\/03\/efficient-nut-roasting-machine-240x180.webp 240w, https:\/\/www.agriculture-machine.com\/wp-content\/uploads\/2024\/03\/efficient-nut-roasting-machine-16x12.webp 16w\" sizes=\"auto, (max-width: 720px) 100vw, 720px\" \/><figcaption class=\"wp-element-caption\">m\u00e1quina eficiente de tostado de frutos secos<\/figcaption><\/figure> <\/figure>    <h2 class=\"wp-block-heading\">M\u00faltiples tipos de m\u00e1quinas<\/h2>    <p>Nuestra f\u00e1brica fabrica tostadoras con 1-5 cilindros. Adem\u00e1s, adem\u00e1s del tipo tambor, tambi\u00e9n podemos proporcionar tostadoras continuas con sistema de transporte y m\u00e1quinas de tostado y enfriado integradas.<\/p>    <p>Dependiendo de sus necesidades de tama\u00f1o y salida de la m\u00e1quina, podemos fabricar diferentes tipos para satisfacer sus necesidades. <\/p>    <p>A continuaci\u00f3n hay dos tipos de m\u00e1quinas de tostado de cacahuetes, de un solo cilindro y de doble cilindro. Estas dos son tambi\u00e9n las m\u00e1quinas m\u00e1s vendidas.<\/p>    <h3 class=\"wp-block-heading\">Tostador de cacahuete de un solo cilindro<\/h3>    <figure class=\"wp-block-gallery has-nested-images columns-default is-cropped wp-block-gallery-3 is-layout-flex wp-block-gallery-is-layout-flex\"> <figure class=\"wp-block-image size-large\"><img loading=\"lazy\" decoding=\"async\" width=\"720\" height=\"540\" data-id=\"15808\" src=\"https:\/\/www.agriculture-machine.com\/wp-content\/uploads\/2024\/03\/small-scale-nut-roasting-machine.webp\" alt=\"m\u00e1quina de tostado de nueces a peque\u00f1a escala\" class=\"wp-image-15808\" srcset=\"https:\/\/www.agriculture-machine.com\/wp-content\/uploads\/2024\/03\/small-scale-nut-roasting-machine.webp 720w, https:\/\/www.agriculture-machine.com\/wp-content\/uploads\/2024\/03\/small-scale-nut-roasting-machine-360x270.webp 360w, https:\/\/www.agriculture-machine.com\/wp-content\/uploads\/2024\/03\/small-scale-nut-roasting-machine-240x180.webp 240w, https:\/\/www.agriculture-machine.com\/wp-content\/uploads\/2024\/03\/small-scale-nut-roasting-machine-16x12.webp 16w\" sizes=\"auto, (max-width: 720px) 100vw, 720px\" \/><figcaption class=\"wp-element-caption\">m\u00e1quina de tostado de nueces a peque\u00f1a escala<\/figcaption><\/figure>    <figure class=\"wp-block-image size-large\"><img loading=\"lazy\" decoding=\"async\" width=\"720\" height=\"540\" data-id=\"15807\" src=\"https:\/\/www.agriculture-machine.com\/wp-content\/uploads\/2024\/03\/peanut-processing-machinery.webp\" alt=\"m\u00e1quinas de procesamiento de cacahuete\" class=\"wp-image-15807\" srcset=\"https:\/\/www.agriculture-machine.com\/wp-content\/uploads\/2024\/03\/peanut-processing-machinery.webp 720w, https:\/\/www.agriculture-machine.com\/wp-content\/uploads\/2024\/03\/peanut-processing-machinery-360x270.webp 360w, https:\/\/www.agriculture-machine.com\/wp-content\/uploads\/2024\/03\/peanut-processing-machinery-240x180.webp 240w, https:\/\/www.agriculture-machine.com\/wp-content\/uploads\/2024\/03\/peanut-processing-machinery-16x12.webp 16w\" sizes=\"auto, (max-width: 720px) 100vw, 720px\" \/><figcaption class=\"wp-element-caption\">m\u00e1quinas de procesamiento de cacahuete<\/figcaption><\/figure> <\/figure>    <h3 class=\"wp-block-heading\">M\u00e1quina de tostado de cacahuete de doble cilindro<\/h3>    <figure class=\"wp-block-gallery has-nested-images columns-default is-cropped wp-block-gallery-4 is-layout-flex wp-block-gallery-is-layout-flex\"> <figure class=\"wp-block-image size-large\"><img loading=\"lazy\" decoding=\"async\" width=\"720\" height=\"540\" data-id=\"15810\" src=\"https:\/\/www.agriculture-machine.com\/wp-content\/uploads\/2024\/03\/roasted-nut-production-machine.webp\" alt=\"m\u00e1quina de producci\u00f3n de frutos secos tostados\" class=\"wp-image-15810\" srcset=\"https:\/\/www.agriculture-machine.com\/wp-content\/uploads\/2024\/03\/roasted-nut-production-machine.webp 720w, https:\/\/www.agriculture-machine.com\/wp-content\/uploads\/2024\/03\/roasted-nut-production-machine-360x270.webp 360w, https:\/\/www.agriculture-machine.com\/wp-content\/uploads\/2024\/03\/roasted-nut-production-machine-240x180.webp 240w, https:\/\/www.agriculture-machine.com\/wp-content\/uploads\/2024\/03\/roasted-nut-production-machine-16x12.webp 16w\" sizes=\"auto, (max-width: 720px) 100vw, 720px\" \/><figcaption class=\"wp-element-caption\">m\u00e1quina de producci\u00f3n de frutos secos tostados<\/figcaption><\/figure>    <figure class=\"wp-block-image size-large\"><img loading=\"lazy\" decoding=\"async\" width=\"720\" height=\"540\" data-id=\"15809\" src=\"https:\/\/www.agriculture-machine.com\/wp-content\/uploads\/2024\/03\/high-capacity-peanut-roasting-machine.webp\" alt=\"m\u00e1quina de tostado de cacahuete de alta capacidad\" class=\"wp-image-15809\" srcset=\"https:\/\/www.agriculture-machine.com\/wp-content\/uploads\/2024\/03\/high-capacity-peanut-roasting-machine.webp 720w, https:\/\/www.agriculture-machine.com\/wp-content\/uploads\/2024\/03\/high-capacity-peanut-roasting-machine-360x270.webp 360w, https:\/\/www.agriculture-machine.com\/wp-content\/uploads\/2024\/03\/high-capacity-peanut-roasting-machine-240x180.webp 240w, https:\/\/www.agriculture-machine.com\/wp-content\/uploads\/2024\/03\/high-capacity-peanut-roasting-machine-16x12.webp 16w\" sizes=\"auto, (max-width: 720px) 100vw, 720px\" \/><figcaption class=\"wp-element-caption\">m\u00e1quina de tostado de cacahuete de alta capacidad<\/figcaption><\/figure> <\/figure>    <h2 class=\"wp-block-heading\">Principales beneficios de la tostadora de cacahuete<\/h2>    <ol class=\"wp-block-list\"> <li><strong>Toste uniforme<\/strong>: la m\u00e1quina tostadora de cacahuetes adopta tecnolog\u00eda de tambor avanzada para asegurar que los cacahuetes se calienten de manera uniforme, eviten el sobretostado o la subcocci\u00f3n y aseguren un sabor consistente del producto.<\/li>    <li><strong>Sistema de control inteligente<\/strong>: equipada con un sistema inteligente de control de temperatura y tiempo, que facilita la operaci\u00f3n, hace que el proceso de producci\u00f3n sea m\u00e1s controlable, reduce errores humanos y mejora la eficiencia de la producci\u00f3n.<\/li>    <li><strong>Alta eficiencia de producci\u00f3n<\/strong>: a trav\u00e9s de procesos automatizados y operaci\u00f3n continua, la m\u00e1quina de tostado de cacahuetes puede completar una producci\u00f3n en masa en poco tiempo, aumentando la eficiencia de la producci\u00f3n y reduciendo los costos de producci\u00f3n.<\/li>    <li><strong>Dise\u00f1o multifuncional<\/strong>: es adecuada para tostar frutos secos de diferentes tipos y especificaciones, y tiene una gran versatilidad, lo que la convierte en una opci\u00f3n ideal para que las empresas de procesamiento de alimentos respondan con flexibilidad a las demandas del mercado.<\/li>    <li><strong>Calidad estable del producto<\/strong>: the machine&#8217;s precise temperature control and operating system ensure the consistency of the roasting quality of each batch of peanuts, providing manufacturers with more reliable products.<\/li> <\/ol>    <figure class=\"wp-block-gallery has-nested-images columns-default is-cropped wp-block-gallery-5 is-layout-flex wp-block-gallery-is-layout-flex\"> <figure class=\"wp-block-image size-large\"><img loading=\"lazy\" decoding=\"async\" width=\"720\" height=\"540\" data-id=\"15803\" src=\"https:\/\/www.agriculture-machine.com\/wp-content\/uploads\/2024\/03\/peanut-roasting-machine-working-site.webp\" alt=\"sitio de trabajo de tostado de cacahuetes\" class=\"wp-image-15803\" srcset=\"https:\/\/www.agriculture-machine.com\/wp-content\/uploads\/2024\/03\/peanut-roasting-machine-working-site.webp 720w, https:\/\/www.agriculture-machine.com\/wp-content\/uploads\/2024\/03\/peanut-roasting-machine-working-site-360x270.webp 360w, https:\/\/www.agriculture-machine.com\/wp-content\/uploads\/2024\/03\/peanut-roasting-machine-working-site-240x180.webp 240w, https:\/\/www.agriculture-machine.com\/wp-content\/uploads\/2024\/03\/peanut-roasting-machine-working-site-16x12.webp 16w\" sizes=\"auto, (max-width: 720px) 100vw, 720px\" \/><figcaption class=\"wp-element-caption\">sitio de trabajo de tostado de cacahuetes<\/figcaption><\/figure>    <figure class=\"wp-block-image size-large\"><img loading=\"lazy\" decoding=\"async\" width=\"720\" height=\"540\" data-id=\"15804\" src=\"https:\/\/www.agriculture-machine.com\/wp-content\/uploads\/2024\/03\/professional-nut-roasting-system.webp\" alt=\"sistema profesional de tostado de frutos secos\" class=\"wp-image-15804\" srcset=\"https:\/\/www.agriculture-machine.com\/wp-content\/uploads\/2024\/03\/professional-nut-roasting-system.webp 720w, https:\/\/www.agriculture-machine.com\/wp-content\/uploads\/2024\/03\/professional-nut-roasting-system-360x270.webp 360w, https:\/\/www.agriculture-machine.com\/wp-content\/uploads\/2024\/03\/professional-nut-roasting-system-240x180.webp 240w, https:\/\/www.agriculture-machine.com\/wp-content\/uploads\/2024\/03\/professional-nut-roasting-system-16x12.webp 16w\" sizes=\"auto, (max-width: 720px) 100vw, 720px\" \/><figcaption class=\"wp-element-caption\">sistema profesional de tostado de frutos secos<\/figcaption><\/figure> <\/figure>    <h2 class=\"wp-block-heading\">Casos de \u00e9xito de tostado de man\u00ed<\/h2>    <p>Nuestra m\u00e1quina tostadora de cacahuetes ha sido enviada con \u00e9xito a muchos pa\u00edses, como Ghana, Tanzania, Pakist\u00e1n, Bangladesh, Alemania, etc. La imagen de abajo muestra el embalaje y el diagrama de env\u00edo de la m\u00e1quina.<\/p>    <p>Recientemente, enviamos con \u00e9xito dos unidades de nuestra m\u00e1quina tostadora de cacahuetes a un cliente en Ghana. Este cliente gestiona un negocio de aperitivos muy activo, especializado en la producci\u00f3n y venta de cacahuetes tostados y otros aperitivos a base de frutos secos.<\/p>    <p>Con nuestra m\u00e1quina, pretenden satisfacer la demanda creciente de los mercados locales al tiempo que ampl\u00edan su oferta de productos para incluir variaciones de aperitivos innovadoras.<\/p>    <figure class=\"wp-block-gallery has-nested-images columns-default is-cropped wp-block-gallery-6 is-layout-flex wp-block-gallery-is-layout-flex\"> <figure class=\"wp-block-image size-large\"><img loading=\"lazy\" decoding=\"async\" width=\"720\" height=\"540\" data-id=\"15801\" src=\"https:\/\/www.agriculture-machine.com\/wp-content\/uploads\/2024\/03\/commercial-nut-roaster.webp\" alt=\"tostador comercial de frutos secos\" class=\"wp-image-15801\" srcset=\"https:\/\/www.agriculture-machine.com\/wp-content\/uploads\/2024\/03\/commercial-nut-roaster.webp 720w, https:\/\/www.agriculture-machine.com\/wp-content\/uploads\/2024\/03\/commercial-nut-roaster-360x270.webp 360w, https:\/\/www.agriculture-machine.com\/wp-content\/uploads\/2024\/03\/commercial-nut-roaster-240x180.webp 240w, https:\/\/www.agriculture-machine.com\/wp-content\/uploads\/2024\/03\/commercial-nut-roaster-16x12.webp 16w\" sizes=\"auto, (max-width: 720px) 100vw, 720px\" \/><figcaption class=\"wp-element-caption\">tostador comercial de frutos secos<\/figcaption><\/figure>    <figure class=\"wp-block-image size-large\"><img loading=\"lazy\" decoding=\"async\" width=\"720\" height=\"540\" data-id=\"15802\" src=\"https:\/\/www.agriculture-machine.com\/wp-content\/uploads\/2024\/03\/industrial-peanut-roaster.webp\" alt=\"tostador industrial de cacahuete\" class=\"wp-image-15802\" srcset=\"https:\/\/www.agriculture-machine.com\/wp-content\/uploads\/2024\/03\/industrial-peanut-roaster.webp 720w, https:\/\/www.agriculture-machine.com\/wp-content\/uploads\/2024\/03\/industrial-peanut-roaster-360x270.webp 360w, https:\/\/www.agriculture-machine.com\/wp-content\/uploads\/2024\/03\/industrial-peanut-roaster-240x180.webp 240w, https:\/\/www.agriculture-machine.com\/wp-content\/uploads\/2024\/03\/industrial-peanut-roaster-16x12.webp 16w\" sizes=\"auto, (max-width: 720px) 100vw, 720px\" \/><figcaption class=\"wp-element-caption\">tostador industrial de cacahuete<\/figcaption><\/figure> <\/figure>    <h2 class=\"wp-block-heading\">Cont\u00e1ctenos en cualquier momento<\/h2>    <p>Si est\u00e1 interesado en esta m\u00e1quina de tostado de cacahuetes, no dude en contactarnos. Le enviaremos m\u00e1s detalles y una cotizaci\u00f3n. <\/p>    <p class=\"translation-block\">Para mejorar de manera integral su cadena de producci\u00f3n, tambi\u00e9n recomendamos otras m\u00e1quinas de procesamiento relacionadas con cacahuetes de nuestra empresa, como <strong><em><a href=\"https:\/\/www.agriculture-machine.com\/es\/peanut-planter-peanut-planting-machine\/\">seeders de cacahuete<\/a><\/em><\/strong>, <strong><em><a href=\"https:\/\/www.agriculture-machine.com\/es\/peanut-harvester\/\">cosechadoras de man\u00ed<\/a><\/em><\/strong>, <strong><em><a href=\"https:\/\/www.agriculture-machine.com\/es\/peanut-sheller\/\">m\u00e1quinas de descascarillado de cacahuete<\/a><\/em><\/strong>, etc., para asegurarse de que tenga una soluci\u00f3n completa. <\/p>    <p>Le invitamos a visitar nuestra f\u00e1brica para experimentar y comprender estas tecnolog\u00edas innovadoras de primera mano. \u00a1Trabajemos juntos para ayudarle a lograr un mayor \u00e9xito en su trayectoria en la industria del cacahuete!<\/p>","protected":false},"excerpt":{"rendered":"<p>La m\u00e1quina tostadora de cacahuetes ofrece soluciones eficientes, uniformes y de excelente calidad para la producci\u00f3n de cacahuete mediante tecnolog\u00eda de tostado avanzada y sistema de control inteligente.<\/p>","protected":false},"author":1,"featured_media":15811,"parent":0,"comment_status":"closed","ping_status":"closed","template":"","tags":[798,797],"product-type":[1],"class_list":["post-15769","product","type-product","status-publish","has-post-thumbnail","hentry","tag-groundnut","tag-peanut","product-type-other"],"_links":{"self":[{"href":"https:\/\/www.agriculture-machine.com\/es\/wp-json\/wp\/v2\/product\/15769","targetHints":{"allow":["GET"]}}],"collection":[{"href":"https:\/\/www.agriculture-machine.com\/es\/wp-json\/wp\/v2\/product"}],"about":[{"href":"https:\/\/www.agriculture-machine.com\/es\/wp-json\/wp\/v2\/types\/product"}],"author":[{"embeddable":true,"href":"https:\/\/www.agriculture-machine.com\/es\/wp-json\/wp\/v2\/users\/1"}],"replies":[{"embeddable":true,"href":"https:\/\/www.agriculture-machine.com\/es\/wp-json\/wp\/v2\/comments?post=15769"}],"wp:featuredmedia":[{"embeddable":true,"href":"https:\/\/www.agriculture-machine.com\/es\/wp-json\/wp\/v2\/media\/15811"}],"wp:attachment":[{"href":"https:\/\/www.agriculture-machine.com\/es\/wp-json\/wp\/v2\/media?parent=15769"}],"wp:term":[{"taxonomy":"post_tag","embeddable":true,"href":"https:\/\/www.agriculture-machine.com\/es\/wp-json\/wp\/v2\/tags?post=15769"},{"taxonomy":"product-type","embeddable":true,"href":"https:\/\/www.agriculture-machine.com\/es\/wp-json\/wp\/v2\/product-type?post=15769"}],"curies":[{"name":"wp","href":"https:\/\/api.w.org\/{rel}","templated":true}]}}