{"id":16007,"date":"2024-05-15T16:41:38","date_gmt":"2024-05-15T08:41:38","guid":{"rendered":"https:\/\/www.agriculture-machine.com\/?post_type=product&#038;p=16007"},"modified":"2024-08-20T17:44:02","modified_gmt":"2024-08-20T09:44:02","slug":"peanut-peeling-machine","status":"publish","type":"product","link":"https:\/\/www.agriculture-machine.com\/es\/peanut-peeling-machine\/","title":{"rendered":"M\u00e1quina de pelar cacahuete y remover piel de cacahuete tostado en venta"},"content":{"rendered":"<p class=\"translation-block\">La <strong>m\u00e1quina de pelado de cacahuete<\/strong> est\u00e1 especialmente dise\u00f1ada para pelar cacahuetes tostados. Esta m\u00e1quina adopta el principio de transmisi\u00f3n por fricci\u00f3n diferencial de rodillos. Puede eliminar autom\u00e1ticamente la piel roja exterior sin da\u00f1ar los n\u00facleos del cacahuete. <\/p>    <p>Our factory processes different models of roasted peanut red skin peeler machines for choice, with output ranging from 200-1000kg\/h. The peanut&#8217;s peeling rate is as high as 98%, and the kernel damage rate is less than 2%.<\/p>    <p>Esta m\u00e1quina de pelado de cacahuete se usa ampliamente en la producci\u00f3n de cacahuetes fritos, cacahuetes multi-sabor, leche de cacahuete, polvo de prote\u00edna de cacahuete, caramelos de cacahuete, turr\u00f3n de cacahuete, pastel de cacahuete, mantequilla de cacahuete y productos enlatados.<\/p>    <figure class=\"wp-block-embed aligncenter is-type-video is-provider-youtube wp-block-embed-youtube wp-embed-aspect-16-9 wp-has-aspect-ratio\"><div class=\"wp-block-embed__wrapper\"> <iframe loading=\"lazy\" title=\"\u00a1M\u00e1quina eficiente de pelado de cacahuete para procesamiento de alimentos de cacahuete!#cacahuete #groundnut #pelado\" width=\"500\" height=\"281\" src=\"https:\/\/www.youtube.com\/embed\/_HGeXxUyVp0?feature=oembed\" frameborder=\"0\" allow=\"accelerometer; autoplay; clipboard-write; encrypted-media; gyroscope; picture-in-picture; web-share\" referrerpolicy=\"strict-origin-when-cross-origin\" allowfullscreen><\/iframe> <\/div><figcaption class=\"wp-element-caption\">video de trabajo de una m\u00e1quina de pelado de cacahuete tostado<\/figcaption><\/figure>    <h2 class=\"wp-block-heading\">Requisitos para las materias primas<\/h2>    <ol class=\"wp-block-list\"> <li>El contenido de humedad de las materias primas despu\u00e9s de fre\u00edr\/tostar es de aproximadamente 4%.<\/li>    <li>Despu\u00e9s de que las materias primas salen del horno, la temperatura es demasiado alta, lo que afectar\u00e1 el efecto de pelado y da\u00f1ar\u00e1 la m\u00e1quina.<\/li>    <li>Las materias primas que necesitan ser peladas no deben contener impurezas como virutas de hierro y piedras para evitar da\u00f1ar la m\u00e1quina.<\/li> <\/ol>    <p class=\"translation-block\">Los cacahuetes generalmente se usan con una m\u00e1quina de tostado de cacahuete antes de pelarlos, lo cual tambi\u00e9n podemos proporcionar. Para m\u00e1s informaci\u00f3n, por favor, haga clic en <strong><em><a href=\"https:\/\/www.agriculture-machine.com\/es\/peanut-roasting-machine\/\">M\u00e1quina de Tostado de Cacahuete El\u00e9ctrica y de Gas para la Venta<\/a><\/em><\/strong>.<\/p>    <h2 class=\"wp-block-heading\">Conexi\u00f3n de cables y m\u00e9todo de operaci\u00f3n<\/h2>    <ol class=\"wp-block-list\"> <li>Voltaje: 380V, trif\u00e1sico, 50hz.<\/li>    <li>Despu\u00e9s de cablear desde la tolva en la parte trasera de la m\u00e1quina, hay un interruptor. Encienda el interruptor para cablear.<\/li>    <li>Coloque la m\u00e1quina de manera estable y nivelada, y ponga una bolsa de cuero en la boca del ventilador.<\/li>    <li>Antes de poner en marcha la m\u00e1quina, verifique si la l\u00ednea de alimentaci\u00f3n est\u00e1 normal, si los componentes est\u00e1n sueltos y si la operaci\u00f3n de prueba es normal.<\/li>    <li>Aseg\u00farese de que la unidad principal y el ventilador giren hacia adelante.<\/li> <\/ol>    <figure class=\"wp-block-gallery has-nested-images columns-default is-cropped wp-block-gallery-2 is-layout-flex wp-block-gallery-is-layout-flex\"> <figure class=\"wp-block-image size-large\"><img loading=\"lazy\" decoding=\"async\" width=\"720\" height=\"540\" data-id=\"16011\" src=\"https:\/\/www.agriculture-machine.com\/wp-content\/uploads\/2024\/05\/peanut-peeling-machine-for-sale.webp\" alt=\"m\u00e1quina de pelado de cacahuete en venta\" class=\"wp-image-16011\" srcset=\"https:\/\/www.agriculture-machine.com\/wp-content\/uploads\/2024\/05\/peanut-peeling-machine-for-sale.webp 720w, https:\/\/www.agriculture-machine.com\/wp-content\/uploads\/2024\/05\/peanut-peeling-machine-for-sale-360x270.webp 360w, https:\/\/www.agriculture-machine.com\/wp-content\/uploads\/2024\/05\/peanut-peeling-machine-for-sale-240x180.webp 240w, https:\/\/www.agriculture-machine.com\/wp-content\/uploads\/2024\/05\/peanut-peeling-machine-for-sale-16x12.webp 16w\" sizes=\"auto, (max-width: 720px) 100vw, 720px\" \/><figcaption class=\"wp-element-caption\">m\u00e1quina de pelado de cacahuete en venta<\/figcaption><\/figure>    <figure class=\"wp-block-image size-large\"><img loading=\"lazy\" decoding=\"async\" width=\"720\" height=\"540\" data-id=\"16010\" src=\"https:\/\/www.agriculture-machine.com\/wp-content\/uploads\/2024\/05\/high-efficiency-peanut-peeler.webp\" alt=\"peladora de cacahuete de alta eficiencia\" class=\"wp-image-16010\" srcset=\"https:\/\/www.agriculture-machine.com\/wp-content\/uploads\/2024\/05\/high-efficiency-peanut-peeler.webp 720w, https:\/\/www.agriculture-machine.com\/wp-content\/uploads\/2024\/05\/high-efficiency-peanut-peeler-360x270.webp 360w, https:\/\/www.agriculture-machine.com\/wp-content\/uploads\/2024\/05\/high-efficiency-peanut-peeler-240x180.webp 240w, https:\/\/www.agriculture-machine.com\/wp-content\/uploads\/2024\/05\/high-efficiency-peanut-peeler-16x12.webp 16w\" sizes=\"auto, (max-width: 720px) 100vw, 720px\" \/><figcaption class=\"wp-element-caption\">peladora de cacahuete de alta eficiencia<\/figcaption><\/figure> <\/figure>    <h2 class=\"wp-block-heading\">Estructura y funci\u00f3n principales<\/h2>    <p>Esta unidad consta de una m\u00e1quina de pelado de cacahuete y equipo de almacenamiento de piel:<\/p>    <ol class=\"wp-block-list\"> <li>La m\u00e1quina de pelado se usa para eliminar la piel roja de cacahuetes de varias especificaciones.<\/li>    <li>El equipo de almacenamiento de piel se usa para absorber las pieles peladas de cacahuete en la bolsa de piel a trav\u00e9s del ventilador.<\/li> <\/ol>    <p>Funci\u00f3n principal:<\/p>    <p>Adoptando la estructura de frotamiento con rodillos, el n\u00facleo de cacahuete seco entra en la m\u00e1quina principal a trav\u00e9s de la tolva. La piel roja se elimina mediante el rodillo de frotamiento de alta velocidad y se succiona con el ventilador, y el n\u00facleo blanco del cacahuete despu\u00e9s del pelado se descarga a trav\u00e9s del puerto de material delantero.<\/p>    <h2 class=\"wp-block-heading\">Operaci\u00f3n de la m\u00e1quina de pelado de cacahuete<\/h2>    <p>Antes de poner en marcha la m\u00e1quina, verifique si el circuito de alimentaci\u00f3n est\u00e1 normal y si la operaci\u00f3n de prueba es normal.<\/p>   <div id=\"rank-math-howto\" class=\"rank-math-block\" > <div class=\"rank-math-howto-description\">  <\/div>  <div class=\"rank-math-steps\"> <div id=\"howto-step-1715758075524\" class=\"rank-math-step\"> <div class=\"rank-math-step-content\"><p>Primero encienda la m\u00e1quina de pelado de cacahuete, luego coloque los cacahuetes cocidos y enfriados.<\/p> <\/div> <\/div> <div id=\"howto-step-1715758090000\" class=\"rank-math-step\"> <div class=\"rank-math-step-content\"><p>Rotate the peeler machine&#8217;s discharge plate rod to the right to raise the discharge plate and slow the rapid outflow of peanuts.<\/p> <\/div> <\/div> <div id=\"howto-step-1715758095905\" class=\"rank-math-step\"> <div class=\"rank-math-step-content\"><p>Reajuste la placa de descarga a la altura m\u00e1s baja con una tasa de grano medio baja y alta tasa de pelado.<\/p> <\/div> <\/div> <\/div> <\/div>       <figure class=\"wp-block-gallery has-nested-images columns-default is-cropped wp-block-gallery-3 is-layout-flex wp-block-gallery-is-layout-flex\"> <figure class=\"wp-block-image size-large\"><img loading=\"lazy\" decoding=\"async\" width=\"720\" height=\"540\" data-id=\"16013\" src=\"https:\/\/www.agriculture-machine.com\/wp-content\/uploads\/2024\/05\/groundnut-dry-peeling-machine.webp\" alt=\"m\u00e1quina de pelado de cacahuete seco\" class=\"wp-image-16013\" srcset=\"https:\/\/www.agriculture-machine.com\/wp-content\/uploads\/2024\/05\/groundnut-dry-peeling-machine.webp 720w, https:\/\/www.agriculture-machine.com\/wp-content\/uploads\/2024\/05\/groundnut-dry-peeling-machine-360x270.webp 360w, https:\/\/www.agriculture-machine.com\/wp-content\/uploads\/2024\/05\/groundnut-dry-peeling-machine-240x180.webp 240w, https:\/\/www.agriculture-machine.com\/wp-content\/uploads\/2024\/05\/groundnut-dry-peeling-machine-16x12.webp 16w\" sizes=\"auto, (max-width: 720px) 100vw, 720px\" \/><figcaption class=\"wp-element-caption\">m\u00e1quina de pelado de cacahuete seco<\/figcaption><\/figure>    <figure class=\"wp-block-image size-large\"><img loading=\"lazy\" decoding=\"async\" width=\"720\" height=\"540\" data-id=\"16012\" src=\"https:\/\/www.agriculture-machine.com\/wp-content\/uploads\/2024\/05\/automatic-groundnut-peeler.webp\" alt=\"peladora autom\u00e1tica de cacahuete\" class=\"wp-image-16012\" srcset=\"https:\/\/www.agriculture-machine.com\/wp-content\/uploads\/2024\/05\/automatic-groundnut-peeler.webp 720w, https:\/\/www.agriculture-machine.com\/wp-content\/uploads\/2024\/05\/automatic-groundnut-peeler-360x270.webp 360w, https:\/\/www.agriculture-machine.com\/wp-content\/uploads\/2024\/05\/automatic-groundnut-peeler-240x180.webp 240w, https:\/\/www.agriculture-machine.com\/wp-content\/uploads\/2024\/05\/automatic-groundnut-peeler-16x12.webp 16w\" sizes=\"auto, (max-width: 720px) 100vw, 720px\" \/><figcaption class=\"wp-element-caption\">peladora autom\u00e1tica de cacahuete<\/figcaption><\/figure> <\/figure>    <h2 class=\"wp-block-heading\">Ventajas del removedor de piel de cacahuete<\/h2>    <ul class=\"wp-block-list\"> <li>La tasa de pelado alcanza hasta el 98% y la tasa de trituraci\u00f3n es baja.<\/li>    <li>La m\u00e1quina es de tama\u00f1o peque\u00f1o y f\u00e1cil de instalar y operar.<\/li>    <li>El n\u00facleo del cacahuete y la piel roja se separan autom\u00e1ticamente, f\u00e1cil de recolectar.<\/li>    <li>La piel roja se recoge mediante un ventilador, conveniente para otros usos como farmac\u00e9uticos.<\/li> <\/ul>    <figure class=\"wp-block-gallery has-nested-images columns-default is-cropped wp-block-gallery-4 is-layout-flex wp-block-gallery-is-layout-flex\"> <figure class=\"wp-block-image size-large\"><img loading=\"lazy\" decoding=\"async\" width=\"405\" height=\"540\" data-id=\"16008\" src=\"https:\/\/www.agriculture-machine.com\/wp-content\/uploads\/2024\/05\/commercial-nut-processing-machine-405x540.webp\" alt=\"m\u00e1quina de procesamiento de nueces comercial\" class=\"wp-image-16008\" srcset=\"https:\/\/www.agriculture-machine.com\/wp-content\/uploads\/2024\/05\/commercial-nut-processing-machine-405x540.webp 405w, https:\/\/www.agriculture-machine.com\/wp-content\/uploads\/2024\/05\/commercial-nut-processing-machine-203x270.webp 203w, https:\/\/www.agriculture-machine.com\/wp-content\/uploads\/2024\/05\/commercial-nut-processing-machine-9x12.webp 9w, https:\/\/www.agriculture-machine.com\/wp-content\/uploads\/2024\/05\/commercial-nut-processing-machine.webp 540w\" sizes=\"auto, (max-width: 405px) 100vw, 405px\" \/><figcaption class=\"wp-element-caption\">m\u00e1quina de procesamiento de nueces comercial<\/figcaption><\/figure>    <figure class=\"wp-block-image size-large\"><img loading=\"lazy\" decoding=\"async\" width=\"405\" height=\"540\" data-id=\"16009\" src=\"https:\/\/www.agriculture-machine.com\/wp-content\/uploads\/2024\/05\/peanut-skin-removal-machine-405x540.webp\" alt=\"m\u00e1quina de eliminaci\u00f3n de piel de cacahuete\" class=\"wp-image-16009\" srcset=\"https:\/\/www.agriculture-machine.com\/wp-content\/uploads\/2024\/05\/peanut-skin-removal-machine-405x540.webp 405w, https:\/\/www.agriculture-machine.com\/wp-content\/uploads\/2024\/05\/peanut-skin-removal-machine-203x270.webp 203w, https:\/\/www.agriculture-machine.com\/wp-content\/uploads\/2024\/05\/peanut-skin-removal-machine-9x12.webp 9w, https:\/\/www.agriculture-machine.com\/wp-content\/uploads\/2024\/05\/peanut-skin-removal-machine.webp 540w\" sizes=\"auto, (max-width: 405px) 100vw, 405px\" \/><figcaption class=\"wp-element-caption\">m\u00e1quina de eliminaci\u00f3n de piel de cacahuete<\/figcaption><\/figure> <\/figure>    <h2 class=\"wp-block-heading\">Par\u00e1metros de la m\u00e1quina de eliminaci\u00f3n de piel de cacahuete<\/h2>    <figure class=\"wp-block-table is-style-stripes\"><table><tbody><tr><td>Modelo<\/td><td>Capacidad<\/td><td>Par\u00e1metros<\/td><\/tr><tr><td>ht-1<\/td><td>200-250kg\/h<\/td><td>Potencia del motor: 0,55kw<br>Potencia del ventilador: 0,37kw<br>Voltaje: 380V\/220V<br>Frecuencia: 50HZ<br>Peso: 110kg<br>Tasa de pelado: \u226598%<br>Tama\u00f1o: 1200*500*1200mm<\/td><\/tr><tr><td>ht-2<\/td><td>400-500kg\/h<\/td><td>Potencia del motor: 0,55kw*2<br>Potencia del ventilador: 0,55kw<br>Voltaje: 380V\/220V<br>Frecuencia: 50HZ<br>Peso: 200kg<br>Tasa de pelado: \u226598%<br>Tama\u00f1o: 1200*750*1200mm<\/td><\/tr><tr><td>ht-3<\/td><td>600-750kg\/h<\/td><td>Potencia del motor: 0,55kw*3<br>Potencia del ventilador: 0,75kw<br>Voltaje: 380V\/220V<br>Frecuencia: 50HZ<br>Peso: 280kg<br>Tasa de pelado: \u226598%<br>Tama\u00f1o: 1200*1050*1200mm<\/td><\/tr><tr><td>ht-4<\/td><td>800-1000kg\/h<\/td><td>Potencia del motor: 0,55kw*4<br>Potencia del ventilador: 1.5kw<br>Voltaje: 380V\/220V<br>Frecuencia: 50HZ<br>Peso: 360kg<br>Tasa de pelado: \u226598%<br>Tama\u00f1o: 1200*1400*1200mm<\/td><\/tr><\/tbody><\/table><figcaption class=\"wp-element-caption\">Datos t\u00e9cnicos de la m\u00e1quina de pelado de cacahuete<\/figcaption><\/figure>    <h2 class=\"wp-block-heading\">M\u00e1quina <strong>mantenimiento y reparaci\u00f3n<\/strong><\/h2>    <ul class=\"wp-block-list\"> <li>Una vez finalizado el trabajo, elimine los residuos del rodillo de lijado con un cepillo y limpie los restos de piel rota en la bolsa (caja) de almacenamiento.<\/li>    <li>Limpie regularmente el rodillo de lijado.<\/li>    <li>Limpie los cacahuetes y las part\u00edculas en el cubo del ventilador todos los d\u00edas, y abra la puerta corredera en el extremo inferior de la m\u00e1quina para liberar las part\u00edculas.<\/li>    <li>Si la arena individual no gira, por favor, cambie la correa.<\/li>    <li>Limpie regularmente el impulsor del ventilador (polvo de cacahuete y piel triturada en el impulsor).<\/li> <\/ul>    <p>Puede comprar una m\u00e1quina de pelado de cacahuete a precio de f\u00e1brica de Taizy Machinery Manufacturing con instrucciones gratuitas. Hemos enviado m\u00e1quinas a bajo costo a Espa\u00f1a, Vietnam, Camer\u00fan, Kenia, Ir\u00e1n, Congo, Tanzania, Bolivia, Sri Lanka, Nigeria y Egipto. Puede enviarnos sus necesidades espec\u00edficas a trav\u00e9s del formulario de mensaje a la derecha, y con suerte, podemos proporcionarle el equipo adecuado para su proyecto de procesamiento de cacahuete.<\/p>","protected":false},"excerpt":{"rendered":"<p>La m\u00e1quina de pelado de cacahuete est\u00e1 especialmente dise\u00f1ada para eliminar r\u00e1pidamente la piel exterior del cacahuete, adecuada para la industria de procesamiento de alimentos a gran escala.<\/p>","protected":false},"author":1,"featured_media":16014,"parent":0,"comment_status":"closed","ping_status":"closed","template":"","tags":[798,797,799],"product-type":[162,2],"class_list":["post-16007","product","type-product","status-publish","has-post-thumbnail","hentry","tag-groundnut","tag-peanut","tag-peanut-kernel","product-type-other-type","product-type-products"],"_links":{"self":[{"href":"https:\/\/www.agriculture-machine.com\/es\/wp-json\/wp\/v2\/product\/16007","targetHints":{"allow":["GET"]}}],"collection":[{"href":"https:\/\/www.agriculture-machine.com\/es\/wp-json\/wp\/v2\/product"}],"about":[{"href":"https:\/\/www.agriculture-machine.com\/es\/wp-json\/wp\/v2\/types\/product"}],"author":[{"embeddable":true,"href":"https:\/\/www.agriculture-machine.com\/es\/wp-json\/wp\/v2\/users\/1"}],"replies":[{"embeddable":true,"href":"https:\/\/www.agriculture-machine.com\/es\/wp-json\/wp\/v2\/comments?post=16007"}],"wp:featuredmedia":[{"embeddable":true,"href":"https:\/\/www.agriculture-machine.com\/es\/wp-json\/wp\/v2\/media\/16014"}],"wp:attachment":[{"href":"https:\/\/www.agriculture-machine.com\/es\/wp-json\/wp\/v2\/media?parent=16007"}],"wp:term":[{"taxonomy":"post_tag","embeddable":true,"href":"https:\/\/www.agriculture-machine.com\/es\/wp-json\/wp\/v2\/tags?post=16007"},{"taxonomy":"product-type","embeddable":true,"href":"https:\/\/www.agriculture-machine.com\/es\/wp-json\/wp\/v2\/product-type?post=16007"}],"curies":[{"name":"wp","href":"https:\/\/api.w.org\/{rel}","templated":true}]}}