{"id":17495,"date":"2026-03-05T17:40:30","date_gmt":"2026-03-05T09:40:30","guid":{"rendered":"https:\/\/www.agriculture-machine.com\/?post_type=product&#038;p=17495"},"modified":"2026-04-13T15:59:27","modified_gmt":"2026-04-13T07:59:27","slug":"silage-packing-baler","status":"publish","type":"product","link":"https:\/\/www.agriculture-machine.com\/es\/silage-packing-baler\/","title":{"rendered":"9YDB-60-2 Empacadora de ensilado con compactador | Empacadora de doble film"},"content":{"rendered":"<p>La empacadora de ensilaje con doble pel\u00edcula montada en tractor 9YDB-60-2 es una empacadora de balas redondas de alta eficiencia y envoltura de doble capa, dise\u00f1ada espec\u00edficamente para ensilaje de alta densidad.<\/p>    <p>Produciendo pacas de \u03a6550\u00d7550 mm con pesos de 80-120 kg cada una, logra una producci\u00f3n de 60-85 pacas por hora. Esto mejora significativamente la calidad de fermentaci\u00f3n del ensilaje y la estabilidad del almacenamiento, minimizando p\u00e9rdidas de material. <\/p>    <p>Con un accionamiento de motor el\u00e9ctrico y sistema de transportador de cadena, la m\u00e1quina ofrece un funcionamiento sencillo y estable con bajos costos de mantenimiento, siendo una opci\u00f3n ideal para granjas, centros de procesamiento de ensilaje y distribuidores.<\/p>    <figure class=\"wp-block-embed aligncenter is-type-video is-provider-youtube wp-block-embed-youtube wp-embed-aspect-16-9 wp-has-aspect-ratio\"><div class=\"wp-block-embed__wrapper\"> <iframe loading=\"lazy\" title=\"Nueva m\u00e1quina de envoltura de empacadora de ensilaje mejorada | M\u00e1s r\u00e1pida, inteligente y eficiente \ud83c\udf3e\ud83d\ude9c#ensilaje #empacadoraensilaje\" width=\"500\" height=\"281\" src=\"https:\/\/www.youtube.com\/embed\/aGn-YblQw_g?feature=oembed\" frameborder=\"0\" allow=\"accelerometer; autoplay; clipboard-write; encrypted-media; gyroscope; picture-in-picture; web-share\" referrerpolicy=\"strict-origin-when-cross-origin\" allowfullscreen><\/iframe> <\/div><figcaption class=\"wp-element-caption\">Video de funcionamiento de la nueva empacadora de ensilaje T60<\/figcaption><\/figure>    <h2 class=\"wp-block-heading\">Aplicaciones de la empacadora de ensilaje<\/h2>    <p>Esta empacadora de ensilaje con envoltura de doble pel\u00edcula es adecuada para comprimir y sellar diversos tipos de ensilaje, encontrando una amplia aplicaci\u00f3n en los siguientes sectores:<\/p>    <ul class=\"wp-block-list\"> <li>Granjas y explotaciones lecheras: para empacar y envolver ensilaje como mazorca, pasto y alfalfa.<\/li>    <li>Centros de procesamiento de ensilaje: para producci\u00f3n y suministro a gran escala.<\/li>    <li>Cooperativas agr\u00edcolas: procesamiento centralizado de recursos de paja de cultivos.<\/li>    <li>Empresas de procesamiento de alimentos: mejorando la calidad del almacenamiento de ensilaje y su comercializaci\u00f3n.<\/li> <\/ul>    <p>Tras el envoltorio y sellado, el ensilaje fermenta en condiciones anaer\u00f3bicas, minimizando efectivamente la p\u00e9rdida de nutrientes y extendiendo la duraci\u00f3n del almacenamiento.<\/p>    <h2 class=\"wp-block-heading\">Ventajas de la m\u00e1quina de envoltura de ensilaje<\/h2>    <ul class=\"wp-block-list\"> <li>Dise\u00f1o de doble capa de envoltura: mejora la uniformidad de fermentaci\u00f3n del alimento y extiende la duraci\u00f3n del almacenamiento.<\/li>    <li>Sistema de transportador de cadena   estructura de rodillos: minimiza el derrame de material y reduce la p\u00e9rdida de ensilaje.<\/li>    <li>Accionamiento totalmente el\u00e9ctrico: garantiza un funcionamiento suave con bajos costos de mantenimiento.<\/li>    <li>Dise\u00f1o estructural modular: facilita el mantenimiento rutinario y el diagn\u00f3stico de fallos.<\/li>    <li>Materiales de alta resistencia y rodamientos reforzados: prolongan la vida \u00fatil.<\/li>    <li>Control LCD y PLC: operaci\u00f3n intuitiva con ajustes precisos de par\u00e1metros.<\/li>    <li>Servicio de soporte personalizado: dimensiones y m\u00e9todos de envoltura adaptables a los requisitos del cliente.<\/li>    <li>Dise\u00f1o de neum\u00e1ticos grandes remolcados por tractor: compatible con remolque de tractor para operaci\u00f3n en pastizales o en pozos de ensilaje.<\/li> <\/ul>    <figure class=\"wp-block-gallery has-nested-images columns-default is-cropped wp-block-gallery-2 is-layout-flex wp-block-gallery-is-layout-flex\"> <figure class=\"wp-block-image size-large\"><img loading=\"lazy\" decoding=\"async\" width=\"720\" height=\"540\" data-id=\"17503\" src=\"https:\/\/www.agriculture-machine.com\/wp-content\/uploads\/2026\/03\/round-silage-baler-machine.webp\" alt=\"M\u00e1quina de ensilaje de pacas redondas\" class=\"wp-image-17503\" srcset=\"https:\/\/www.agriculture-machine.com\/wp-content\/uploads\/2026\/03\/round-silage-baler-machine.webp 720w, https:\/\/www.agriculture-machine.com\/wp-content\/uploads\/2026\/03\/round-silage-baler-machine-360x270.webp 360w, https:\/\/www.agriculture-machine.com\/wp-content\/uploads\/2026\/03\/round-silage-baler-machine-240x180.webp 240w, https:\/\/www.agriculture-machine.com\/wp-content\/uploads\/2026\/03\/round-silage-baler-machine-16x12.webp 16w\" sizes=\"auto, (max-width: 720px) 100vw, 720px\" \/><figcaption class=\"wp-element-caption\">M\u00e1quina de ensilaje de pacas redondas<\/figcaption><\/figure>    <figure class=\"wp-block-image size-large\"><img loading=\"lazy\" decoding=\"async\" width=\"720\" height=\"540\" data-id=\"17502\" src=\"https:\/\/www.agriculture-machine.com\/wp-content\/uploads\/2026\/03\/round-bale-silage-wrapper.webp\" alt=\"Empacadora de ensilaje de pacas redondas\" class=\"wp-image-17502\" srcset=\"https:\/\/www.agriculture-machine.com\/wp-content\/uploads\/2026\/03\/round-bale-silage-wrapper.webp 720w, https:\/\/www.agriculture-machine.com\/wp-content\/uploads\/2026\/03\/round-bale-silage-wrapper-360x270.webp 360w, https:\/\/www.agriculture-machine.com\/wp-content\/uploads\/2026\/03\/round-bale-silage-wrapper-240x180.webp 240w, https:\/\/www.agriculture-machine.com\/wp-content\/uploads\/2026\/03\/round-bale-silage-wrapper-16x12.webp 16w\" sizes=\"auto, (max-width: 720px) 100vw, 720px\" \/><figcaption class=\"wp-element-caption\">Empacadora de ensilaje de pacas redondas<\/figcaption><\/figure> <\/figure>    <h2 class=\"wp-block-heading\">Estructura de la envoltura de la empacadora de ensilaje<\/h2>    <ul class=\"wp-block-list\"> <li>Sistema de alimentaci\u00f3n y compresi\u00f3n: transporta el alimento mediante una cinta transportadora a la c\u00e1mara de empacado para su compresi\u00f3n.<\/li>    <li>Sistema de empacado y formaci\u00f3n: comprime el alimento en pacas redondas est\u00e1ndar y realiza el envoltorio inicial.<\/li>    <li>Sistema de envoltura de doble capa: completa autom\u00e1ticamente dos capas de pel\u00edcula pl\u00e1stica para garantizar la fermentaci\u00f3n sellada del alimento.<\/li>    <li>Sistema de transportador de cadena: asegura un transporte suave del material, minimizando derrames y bloqueos.<\/li>    <li>Sistema de control y accionamiento motorizado: operaci\u00f3n controlada por PLC para empacado, envoltura y descarga.<\/li> <\/ul>    <p>Dise\u00f1o modular y transparente que facilita el mantenimiento sencillo y garantiza la fiabilidad operativa a largo plazo.<\/p>    <figure class=\"wp-block-gallery has-nested-images columns-default is-cropped wp-block-gallery-3 is-layout-flex wp-block-gallery-is-layout-flex\"> <figure class=\"wp-block-image size-large\"><img loading=\"lazy\" decoding=\"async\" width=\"720\" height=\"540\" data-id=\"17500\" src=\"https:\/\/www.agriculture-machine.com\/wp-content\/uploads\/2026\/03\/forage-baler-wrapper-machine.webp\" alt=\"m\u00e1quina envolvedora de empacadora de forraje\" class=\"wp-image-17500\" srcset=\"https:\/\/www.agriculture-machine.com\/wp-content\/uploads\/2026\/03\/forage-baler-wrapper-machine.webp 720w, https:\/\/www.agriculture-machine.com\/wp-content\/uploads\/2026\/03\/forage-baler-wrapper-machine-360x270.webp 360w, https:\/\/www.agriculture-machine.com\/wp-content\/uploads\/2026\/03\/forage-baler-wrapper-machine-240x180.webp 240w, https:\/\/www.agriculture-machine.com\/wp-content\/uploads\/2026\/03\/forage-baler-wrapper-machine-16x12.webp 16w\" sizes=\"auto, (max-width: 720px) 100vw, 720px\" \/><figcaption class=\"wp-element-caption\">m\u00e1quina envolvedora de empacadora de forraje<\/figcaption><\/figure>    <figure class=\"wp-block-image size-large\"><img loading=\"lazy\" decoding=\"async\" width=\"720\" height=\"540\" data-id=\"17501\" src=\"https:\/\/www.agriculture-machine.com\/wp-content\/uploads\/2026\/03\/silage-packing-baler-wrapper.webp\" alt=\"Empacadora y envoltura de ensilaje\" class=\"wp-image-17501\" srcset=\"https:\/\/www.agriculture-machine.com\/wp-content\/uploads\/2026\/03\/silage-packing-baler-wrapper.webp 720w, https:\/\/www.agriculture-machine.com\/wp-content\/uploads\/2026\/03\/silage-packing-baler-wrapper-360x270.webp 360w, https:\/\/www.agriculture-machine.com\/wp-content\/uploads\/2026\/03\/silage-packing-baler-wrapper-240x180.webp 240w, https:\/\/www.agriculture-machine.com\/wp-content\/uploads\/2026\/03\/silage-packing-baler-wrapper-16x12.webp 16w\" sizes=\"auto, (max-width: 720px) 100vw, 720px\" \/><figcaption class=\"wp-element-caption\">Empacadora y envoltura de ensilaje<\/figcaption><\/figure> <\/figure>    <h2 class=\"wp-block-heading\">Principio de funcionamiento de la empacadora de ensilaje de pacas redondas<\/h2>    <ol class=\"wp-block-list\"> <li>El ensilaje entra en la c\u00e1mara de empacado a trav\u00e9s de una cinta transportadora.<\/li>    <li>El material se comprime en pacas redondas est\u00e1ndar y se somete a un preenlace con cuerda o red pl\u00e1stica.<\/li>    <li>Al completar el enlace, la puerta de la c\u00e1mara se abre autom\u00e1ticamente, permitiendo que la paca redonda entre en la zona de envoltura.<\/li>    <li>Una doble capa de pel\u00edcula pl\u00e1stica envuelve autom\u00e1ticamente la paca, con grosor y tensi\u00f3n ajustables mediante el panel de control PLC.<\/li>    <li>Al completar el envoltorio, la paca se descarga autom\u00e1ticamente.<\/li>    <li>Todo el proceso funciona de manera continua, minimizando la intervenci\u00f3n manual y mejorando la eficiencia de producci\u00f3n.<\/li> <\/ol>    <figure class=\"wp-block-gallery has-nested-images columns-default is-cropped wp-block-gallery-4 is-layout-flex wp-block-gallery-is-layout-flex\"> <figure class=\"wp-block-image size-large\"><img loading=\"lazy\" decoding=\"async\" width=\"720\" height=\"540\" data-id=\"17505\" src=\"https:\/\/www.agriculture-machine.com\/wp-content\/uploads\/2026\/03\/silage-wrapping-hay-baler.webp\" alt=\"Empacadora de ensilaje y envoltura de heno\" class=\"wp-image-17505\" srcset=\"https:\/\/www.agriculture-machine.com\/wp-content\/uploads\/2026\/03\/silage-wrapping-hay-baler.webp 720w, https:\/\/www.agriculture-machine.com\/wp-content\/uploads\/2026\/03\/silage-wrapping-hay-baler-360x270.webp 360w, https:\/\/www.agriculture-machine.com\/wp-content\/uploads\/2026\/03\/silage-wrapping-hay-baler-240x180.webp 240w, https:\/\/www.agriculture-machine.com\/wp-content\/uploads\/2026\/03\/silage-wrapping-hay-baler-16x12.webp 16w\" sizes=\"auto, (max-width: 720px) 100vw, 720px\" \/><figcaption class=\"wp-element-caption\">Empacadora de ensilaje y envoltura de heno<\/figcaption><\/figure>    <figure class=\"wp-block-image size-large\"><img loading=\"lazy\" decoding=\"async\" width=\"720\" height=\"540\" data-id=\"17504\" src=\"https:\/\/www.agriculture-machine.com\/wp-content\/uploads\/2026\/03\/automatic-silage-baler-wrapper.webp\" alt=\"Envolvedora autom\u00e1tica de ensilaje\" class=\"wp-image-17504\" srcset=\"https:\/\/www.agriculture-machine.com\/wp-content\/uploads\/2026\/03\/automatic-silage-baler-wrapper.webp 720w, https:\/\/www.agriculture-machine.com\/wp-content\/uploads\/2026\/03\/automatic-silage-baler-wrapper-360x270.webp 360w, https:\/\/www.agriculture-machine.com\/wp-content\/uploads\/2026\/03\/automatic-silage-baler-wrapper-240x180.webp 240w, https:\/\/www.agriculture-machine.com\/wp-content\/uploads\/2026\/03\/automatic-silage-baler-wrapper-16x12.webp 16w\" sizes=\"auto, (max-width: 720px) 100vw, 720px\" \/><figcaption class=\"wp-element-caption\">Envolvedora autom\u00e1tica de ensilaje<\/figcaption><\/figure> <\/figure>    <h2 class=\"wp-block-heading\">Especificaciones de la empacadora de ensilaje T60<\/h2>    <figure class=\"wp-block-table is-style-stripes\"><table class=\"has-fixed-layout\"><tbody><tr><td><strong>Modelo<\/strong><\/td><td><strong>9YDB-60-2<\/strong><\/td><\/tr><tr><td>Tama\u00f1o del fardo<\/td><td>\u03a6550\u00d7550 mm<\/td><\/tr><tr><td>Peso de la paca<\/td><td>80-120 kg<\/td><\/tr><tr><td>Potencia nominal<\/td><td>7.5kW-6<\/td><\/tr><tr><td>Motor del compresor<\/td><td>3 kW<\/td><\/tr><tr><td>N\u00famero de rollo de pel\u00edcula<\/td><td>14 piezas<\/td><\/tr><tr><td>Cinta transportadora (L\u00d7W)<\/td><td>2500\u00d763 mm<\/td><\/tr><tr><td>Grosor de pared<\/td><td>8 mm<\/td><\/tr><tr><td>Radio de giro de la pel\u00edcula<\/td><td>775 \u00b15 mm<\/td><\/tr><tr><td>Capacidad de producci\u00f3n<\/td><td>60-85 pacas\/h<\/td><\/tr><tr><td>Peso total<\/td><td>1700 kg<\/td><\/tr><tr><td>Ancho de pel\u00edcula<\/td><td>600 mm<\/td><\/tr><tr><td>Pel\u00edcula de ensilaje<\/td><td>1800m\u00d7250mm\u00d725\u03bcm<\/td><\/tr><tr><td>N\u00famero de ruedas<\/td><td>2<\/td><\/tr><\/tbody><\/table><figcaption class=\"wp-element-caption\">Par\u00e1metros t\u00e9cnicos de la nueva empacadora de ensilaje y envoltura<\/figcaption><\/figure>    <p>La m\u00e1quina combinada de envoltura de empacadora de ensilaje T60 montada en tractor, con su alta producci\u00f3n, capacidad de envoltura de doble capa y accionamiento totalmente el\u00e9ctrico, es la opci\u00f3n ideal para granjas y centros de procesamiento de ensilaje.<\/p>    <p class=\"translation-block\">Tambi\u00e9n ofrecemos otros modelos de empacadoras y envolvedoras, como el <strong><em><a href=\"https:\/\/www.agriculture-machine.com\/es\/baling-and-wrapping-machine\/\">TZ-55-52 empacadora de ensilaje de pacas redondas<\/a><\/em><\/strong> y la <strong><em><a href=\"https:\/\/www.agriculture-machine.com\/es\/silage-round-baler-wrapper\/\">m\u00e1quina de envoltura de ensilaje 9YDB-60<\/a><\/em><\/strong>, para satisfacer diversas necesidades de producci\u00f3n del cliente. No dude en consultar sobre la compra en cualquier momento.<\/p>","protected":false},"excerpt":{"rendered":"<p>La empacadora envolvedora de ensilaje con doble pel\u00edcula 9YDB-60-2 produce pacas redondas de \u03a655\u00d755 cm a una tasa de 60-85 pacas por hora. Su envoltura de doble pel\u00edcula garantiza una fermentaci\u00f3n estable del alimento.<\/p>","protected":false},"author":1,"featured_media":17506,"parent":0,"comment_status":"open","ping_status":"closed","template":"","tags":[772,591,807],"product-type":[876,908],"class_list":["post-17495","product","type-product","status-publish","has-post-thumbnail","hentry","tag-forage","tag-silage","tag-silage-bale","product-type-silage-machine","product-type-sliage-baler"],"_links":{"self":[{"href":"https:\/\/www.agriculture-machine.com\/es\/wp-json\/wp\/v2\/product\/17495","targetHints":{"allow":["GET"]}}],"collection":[{"href":"https:\/\/www.agriculture-machine.com\/es\/wp-json\/wp\/v2\/product"}],"about":[{"href":"https:\/\/www.agriculture-machine.com\/es\/wp-json\/wp\/v2\/types\/product"}],"author":[{"embeddable":true,"href":"https:\/\/www.agriculture-machine.com\/es\/wp-json\/wp\/v2\/users\/1"}],"replies":[{"embeddable":true,"href":"https:\/\/www.agriculture-machine.com\/es\/wp-json\/wp\/v2\/comments?post=17495"}],"wp:featuredmedia":[{"embeddable":true,"href":"https:\/\/www.agriculture-machine.com\/es\/wp-json\/wp\/v2\/media\/17506"}],"wp:attachment":[{"href":"https:\/\/www.agriculture-machine.com\/es\/wp-json\/wp\/v2\/media?parent=17495"}],"wp:term":[{"taxonomy":"post_tag","embeddable":true,"href":"https:\/\/www.agriculture-machine.com\/es\/wp-json\/wp\/v2\/tags?post=17495"},{"taxonomy":"product-type","embeddable":true,"href":"https:\/\/www.agriculture-machine.com\/es\/wp-json\/wp\/v2\/product-type?post=17495"}],"curies":[{"name":"wp","href":"https:\/\/api.w.org\/{rel}","templated":true}]}}