{"id":17539,"date":"2026-03-10T17:53:39","date_gmt":"2026-03-10T09:53:39","guid":{"rendered":"https:\/\/www.agriculture-machine.com\/?post_type=product&#038;p=17539"},"modified":"2026-04-23T16:35:09","modified_gmt":"2026-04-23T08:35:09","slug":"large-forage-bale-wrapper","status":"publish","type":"product","link":"https:\/\/www.agriculture-machine.com\/es\/large-forage-bale-wrapper\/","title":{"rendered":"Envoltura de fardos de forraje 9YDB-90 | M\u00e1quina de envoltura para ensilado"},"content":{"rendered":"<p>La envolvedora de pacas de ensilaje 9YDB-90 es una unidad de procesamiento de ensilaje de alta capacidad dise\u00f1ada espec\u00edficamente para grandes explotaciones y granjas intensivas. Logra una compactaci\u00f3n de alta densidad y envoltura autom\u00e1tica de paja y forraje.<\/p>    <p>Este equipo produce pacas de ensilaje grandes de 90\u00d790 cm, con pesos individuales que alcanzan los 300-430 kg. Logra una operaci\u00f3n continua a 55-60 pacas por hora, con una eficiencia de procesamiento total superior a 23 toneladas por hora.<\/p>    <p>Equipado con una estructura de brazos de envoltura dual y 28 rodillos de compresi\u00f3n, la m\u00e1quina asegura una compactaci\u00f3n m\u00e1s apretada del alimento y una fermentaci\u00f3n m\u00e1s estable. Adecuada para procesar tallos de ma\u00edz, hierba forrajera, cultivos de ensilaje y otros materiales, extiende eficazmente la duraci\u00f3n del almacenamiento del alimento minimizando la p\u00e9rdida de nutrientes.<\/p>    <figure class=\"wp-block-embed aligncenter is-type-video is-provider-youtube wp-block-embed-youtube wp-embed-aspect-16-9 wp-has-aspect-ratio\"><div class=\"wp-block-embed__wrapper\"> <iframe loading=\"lazy\" title=\"Envolvedora de pacas de ensilaje de 90\u00d790 cm en acci\u00f3n | M\u00e1quina eficiente de envoltura de pacas de ensilaje \ud83c\udf3e\ud83d\ude9c#silaje\" width=\"500\" height=\"281\" src=\"https:\/\/www.youtube.com\/embed\/3rCwcse_3QM?feature=oembed\" frameborder=\"0\" allow=\"accelerometer; autoplay; clipboard-write; encrypted-media; gyroscope; picture-in-picture; web-share\" referrerpolicy=\"strict-origin-when-cross-origin\" allowfullscreen><\/iframe> <\/div><figcaption class=\"wp-element-caption\">Video de trabajo de la envolvedora de pacas de ensilaje a gran escala 9YDB-90<\/figcaption><\/figure>    <h2 class=\"wp-block-heading\">\u00c1reas de aplicaci\u00f3n de la envolvedora de ensilaje 9YDB-90<\/h2>    <p>Para explotaciones que requieren almacenamiento de ensilaje a gran escala, el 9YDB-90 mejora significativamente la eficiencia del procesamiento de alimento:<\/p>    <ul class=\"wp-block-list\"> <li>Producci\u00f3n de ensilaje a gran escala<\/li>    <li>Almacenamiento de alimento para explotaciones de ganado bovino y ovino<\/li>    <li>Procesamiento de ensilaje de tallos de ma\u00edz<\/li>    <li>Encintado y fermentaci\u00f3n de pastos naturales<\/li>    <li>Proyectos de utilizaci\u00f3n integral de paja<\/li> <\/ul>    <p>Al comprimir la hierba o paja en pacas grandes y densas y sellarlas con envoltura pl\u00e1stica, se extiende significativamente el tiempo de conservaci\u00f3n del alimento, reduciendo costos de transporte y almacenamiento.<\/p>    <h2 class=\"wp-block-heading\">Aspectos destacados de la envolvedora de pacas de ensilaje 9YDB-90<\/h2>    <ul class=\"wp-block-list\"> <li>Pacas de ensilaje de gran tama\u00f1o: capaz de producir pacas grandes con un di\u00e1metro de 90 cm, cada una con m\u00e1s de 300 kg, ideales para grandes explotaciones.<\/li>    <li>Estructura de compresi\u00f3n de alta intensidad: equipada con 28 rodillos de compresi\u00f3n, logra una compactaci\u00f3n alta del alimento para una fermentaci\u00f3n \u00f3ptima del ensilaje y almacenamiento a largo plazo.<\/li>    <li>Sistema de envoltura de doble brazo: el dise\u00f1o de brazo doble mejora la velocidad de envoltura mientras garantiza una cobertura uniforme y estable.<\/li>    <li>Alta capacidad de procesamiento: maneja m\u00e1s de 23 toneladas de materia prima por hora, adecuada para operaciones continuas a gran escala.<\/li>    <li>Alto nivel de automatizaci\u00f3n: utiliza un accionamiento coordinado de m\u00faltiples motores para completar autom\u00e1ticamente los procesos de alimentaci\u00f3n, compresi\u00f3n, encintado y envoltura.<\/li>    <li>Dise\u00f1o de recuperaci\u00f3n de derrames: cuenta con un dispositivo de recuperaci\u00f3n tipo rastrillo para minimizar el desperdicio de material y maximizar la utilizaci\u00f3n de materia prima.<\/li> <\/ul>    <figure class=\"wp-block-gallery has-nested-images columns-default is-cropped wp-block-gallery-2 is-layout-flex wp-block-gallery-is-layout-flex\"> <figure class=\"wp-block-image size-large\"><img loading=\"lazy\" decoding=\"async\" width=\"720\" height=\"540\" data-id=\"17534\" src=\"https:\/\/www.agriculture-machine.com\/wp-content\/uploads\/2026\/03\/silage-bale-packing-machine-1.webp\" alt=\"m\u00e1quina de empaquetado de pacas de ensilaje\" class=\"wp-image-17534\" srcset=\"https:\/\/www.agriculture-machine.com\/wp-content\/uploads\/2026\/03\/silage-bale-packing-machine-1.webp 720w, https:\/\/www.agriculture-machine.com\/wp-content\/uploads\/2026\/03\/silage-bale-packing-machine-1-360x270.webp 360w, https:\/\/www.agriculture-machine.com\/wp-content\/uploads\/2026\/03\/silage-bale-packing-machine-1-240x180.webp 240w, https:\/\/www.agriculture-machine.com\/wp-content\/uploads\/2026\/03\/silage-bale-packing-machine-1-16x12.webp 16w\" sizes=\"auto, (max-width: 720px) 100vw, 720px\" \/><figcaption class=\"wp-element-caption\">m\u00e1quina de empaquetado de pacas de ensilaje<\/figcaption><\/figure>    <figure class=\"wp-block-image size-large\"><img loading=\"lazy\" decoding=\"async\" width=\"720\" height=\"540\" data-id=\"17533\" src=\"https:\/\/www.agriculture-machine.com\/wp-content\/uploads\/2026\/03\/9YDB-90-forage-bale-wrapper.webp\" alt=\"Envolvedora de pacas de ensilaje 9YDB-90\" class=\"wp-image-17533\" srcset=\"https:\/\/www.agriculture-machine.com\/wp-content\/uploads\/2026\/03\/9YDB-90-forage-bale-wrapper.webp 720w, https:\/\/www.agriculture-machine.com\/wp-content\/uploads\/2026\/03\/9YDB-90-forage-bale-wrapper-360x270.webp 360w, https:\/\/www.agriculture-machine.com\/wp-content\/uploads\/2026\/03\/9YDB-90-forage-bale-wrapper-240x180.webp 240w, https:\/\/www.agriculture-machine.com\/wp-content\/uploads\/2026\/03\/9YDB-90-forage-bale-wrapper-16x12.webp 16w\" sizes=\"auto, (max-width: 720px) 100vw, 720px\" \/><figcaption class=\"wp-element-caption\">Envolvedora de pacas de ensilaje 9YDB-90<\/figcaption><\/figure> <\/figure>    <h2 class=\"wp-block-heading\">Estructura de la m\u00e1quina de encintado y envoltura de forraje<\/h2>    <ul class=\"wp-block-list\"> <li>Sistema de alimentaci\u00f3n: un gran tolva con un ancho superior a 170 cm acomoda un mayor volumen de forraje, mejorando la eficiencia de alimentaci\u00f3n.<\/li>    <li>Sistema de compresi\u00f3n y encintado: compuesto por m\u00faltiples conjuntos de rodillos y cadenas, logra una compresi\u00f3n de alta densidad del forraje para formar pacas estables.<\/li>    <li>Sistema de envoltura: brazos de envoltura dual combinados con pel\u00edcula especializada para ensilaje aseguran una envoltura r\u00e1pida y uniforme.<\/li>    <li>Sistema de transporte: estructura de cinta transportadora de bandeja que garantiza un movimiento suave de la paca, mejorando la estabilidad operativa general.<\/li>    <li>Sistema de recuperaci\u00f3n: un dispositivo de recuperaci\u00f3n de derrames tipo rastrillo recoge autom\u00e1ticamente el material disperso.<\/li> <\/ul>    <h2 class=\"wp-block-heading\">\u00bfC\u00f3mo funciona esta envolvedora de pacas de ensilaje?<\/h2>    <ol class=\"wp-block-list\"> <li>Durante la operaci\u00f3n, la paja o el forraje entran por una entrada de alimentaci\u00f3n ancha en la tolva. Bajo la acci\u00f3n de los rodillos de compresi\u00f3n, se comprimen continuamente y se forman gradualmente pacas de alta densidad.<\/li>    <li>Cuando la paca alcanza las dimensiones preestablecidas, el sistema realiza autom\u00e1ticamente el atado y la transporta a la zona de envoltura mediante el mecanismo de transporte.<\/li>    <li>Posteriormente, los brazos de envoltura dual giran, envolviendo uniformemente la paca con envoltura de ensilaje para formar un paquete sellado.<\/li> <\/ol>    <figure class=\"wp-block-gallery has-nested-images columns-default is-cropped wp-block-gallery-3 is-layout-flex wp-block-gallery-is-layout-flex\"> <figure class=\"wp-block-image size-large\"><img loading=\"lazy\" decoding=\"async\" width=\"720\" height=\"540\" data-id=\"17535\" src=\"https:\/\/www.agriculture-machine.com\/wp-content\/uploads\/2026\/03\/automatic-hay-bale-wrapper.webp\" alt=\"envolvedora autom\u00e1tica de pacas de heno\" class=\"wp-image-17535\" srcset=\"https:\/\/www.agriculture-machine.com\/wp-content\/uploads\/2026\/03\/automatic-hay-bale-wrapper.webp 720w, https:\/\/www.agriculture-machine.com\/wp-content\/uploads\/2026\/03\/automatic-hay-bale-wrapper-360x270.webp 360w, https:\/\/www.agriculture-machine.com\/wp-content\/uploads\/2026\/03\/automatic-hay-bale-wrapper-240x180.webp 240w, https:\/\/www.agriculture-machine.com\/wp-content\/uploads\/2026\/03\/automatic-hay-bale-wrapper-16x12.webp 16w\" sizes=\"auto, (max-width: 720px) 100vw, 720px\" \/><figcaption class=\"wp-element-caption\">envolvedora autom\u00e1tica de pacas de heno<\/figcaption><\/figure>    <figure class=\"wp-block-image size-large\"><img loading=\"lazy\" decoding=\"async\" width=\"720\" height=\"540\" data-id=\"17536\" src=\"https:\/\/www.agriculture-machine.com\/wp-content\/uploads\/2026\/03\/silage-bale-wrapping-machine.webp\" alt=\"M\u00e1quina de envoltura de fardos de ensilaje\" class=\"wp-image-17536\" srcset=\"https:\/\/www.agriculture-machine.com\/wp-content\/uploads\/2026\/03\/silage-bale-wrapping-machine.webp 720w, https:\/\/www.agriculture-machine.com\/wp-content\/uploads\/2026\/03\/silage-bale-wrapping-machine-360x270.webp 360w, https:\/\/www.agriculture-machine.com\/wp-content\/uploads\/2026\/03\/silage-bale-wrapping-machine-240x180.webp 240w, https:\/\/www.agriculture-machine.com\/wp-content\/uploads\/2026\/03\/silage-bale-wrapping-machine-16x12.webp 16w\" sizes=\"auto, (max-width: 720px) 100vw, 720px\" \/><figcaption class=\"wp-element-caption\">M\u00e1quina de envoltura de fardos de ensilaje<\/figcaption><\/figure> <\/figure>    <h2 class=\"wp-block-heading\">Par\u00e1metros t\u00e9cnicos de la empacadora de ensilaje<\/h2>    <figure class=\"wp-block-table is-style-stripes\"><table class=\"has-fixed-layout\"><tbody><tr><td><strong>Art\u00edculo<\/strong><\/td><td><strong>Detalles<\/strong><\/td><\/tr><tr><td>Modelo<\/td><td>9YDB-90<\/td><\/tr><tr><td>Tama\u00f1o del fardo<\/td><td>90 \u00d7 90 cm<\/td><\/tr><tr><td>Peso de la paca<\/td><td>300\u2013430 kg<\/td><\/tr><tr><td>Producci\u00f3n por hora<\/td><td>55\u201360 pacas<\/td><\/tr><tr><td>Eficiencia operativa<\/td><td>\u226523 T\/h<\/td><\/tr><tr><td>Potencia<\/td><td>39 kW<\/td><\/tr><tr><td>N\u00famero de rodillos<\/td><td>\u226528<\/td><\/tr><tr><td>Brazos de envoltura<\/td><td>2<\/td><\/tr><tr><td>Ancho de tolva<\/td><td>\u2265170 cm<\/td><\/tr><tr><td>Entrada de alimentaci\u00f3n<\/td><td>\u2265900 mm<\/td><\/tr><tr><td>Peso de la m\u00e1quina<\/td><td>\u22654200 kg<\/td><\/tr><tr><td>Dimensiones (L\u00d7An\u00d7Al)<\/td><td>\u22658100 \u00d7 2400 \u00d7 3100 mm<\/td><\/tr><\/tbody><\/table><figcaption class=\"wp-element-caption\">Especificaciones de la envolvedora de pacas de ensilaje 9YDB-90<\/figcaption><\/figure>    <figure class=\"wp-block-gallery has-nested-images columns-default is-cropped wp-block-gallery-4 is-layout-flex wp-block-gallery-is-layout-flex\"> <figure class=\"wp-block-image size-large\"><img loading=\"lazy\" decoding=\"async\" width=\"720\" height=\"540\" data-id=\"17537\" src=\"https:\/\/www.agriculture-machine.com\/wp-content\/uploads\/2026\/03\/forage-baling-and-wrapping-machine.webp\" alt=\"m\u00e1quina de encintado y envoltura de forraje\" class=\"wp-image-17537\" srcset=\"https:\/\/www.agriculture-machine.com\/wp-content\/uploads\/2026\/03\/forage-baling-and-wrapping-machine.webp 720w, https:\/\/www.agriculture-machine.com\/wp-content\/uploads\/2026\/03\/forage-baling-and-wrapping-machine-360x270.webp 360w, https:\/\/www.agriculture-machine.com\/wp-content\/uploads\/2026\/03\/forage-baling-and-wrapping-machine-240x180.webp 240w, https:\/\/www.agriculture-machine.com\/wp-content\/uploads\/2026\/03\/forage-baling-and-wrapping-machine-16x12.webp 16w\" sizes=\"auto, (max-width: 720px) 100vw, 720px\" \/><figcaption class=\"wp-element-caption\">m\u00e1quina de encintado y envoltura de forraje<\/figcaption><\/figure>    <figure class=\"wp-block-image size-large\"><img loading=\"lazy\" decoding=\"async\" width=\"720\" height=\"540\" data-id=\"17538\" src=\"https:\/\/www.agriculture-machine.com\/wp-content\/uploads\/2026\/03\/large-round-bale-wrapper.webp\" alt=\"envolvedora de pacas grandes redondas\" class=\"wp-image-17538\" srcset=\"https:\/\/www.agriculture-machine.com\/wp-content\/uploads\/2026\/03\/large-round-bale-wrapper.webp 720w, https:\/\/www.agriculture-machine.com\/wp-content\/uploads\/2026\/03\/large-round-bale-wrapper-360x270.webp 360w, https:\/\/www.agriculture-machine.com\/wp-content\/uploads\/2026\/03\/large-round-bale-wrapper-240x180.webp 240w, https:\/\/www.agriculture-machine.com\/wp-content\/uploads\/2026\/03\/large-round-bale-wrapper-16x12.webp 16w\" sizes=\"auto, (max-width: 720px) 100vw, 720px\" \/><figcaption class=\"wp-element-caption\">envolvedora de pacas grandes redondas<\/figcaption><\/figure> <\/figure>    <h2 class=\"wp-block-heading\">Diferentes modelos de m\u00e1quinas de encintado y envoltura<\/h2>    <p class=\"translation-block\">Las principales diferencias entre los modelos de envolvedoras de pacas de ensilaje radican en las dimensiones de la paca, peso individual y la escala de la explotaci\u00f3n. Otros modelos comunes incluyen la <strong><em><a href=\"https:\/\/www.agriculture-machine.com\/es\/baling-and-wrapping-machine\/\">m\u00e1quina envolvedora de pacas 55-52<\/a><\/em><\/strong>, <strong><em><a href=\"https:\/\/www.agriculture-machine.com\/es\/silage-round-baler-wrapper\/\">m\u00e1quina de encintado de heno 9YDB-60<\/a><\/em><\/strong> y <strong><em><a href=\"https:\/\/www.agriculture-machine.com\/es\/silage-baler-and-wrapper-machine\/\">m\u00e1quina de empacado de ensilaje 9YDB-70<\/a><\/em><\/strong>.<\/p>    <figure class=\"wp-block-table is-style-stripes\"><table class=\"has-fixed-layout\"><tbody><tr><td><strong>Modelo<\/strong><\/td><td><strong>Tama\u00f1o del fardo<\/strong><\/td><td><strong>Peso de la paca<\/strong><\/td><td><strong>Escala de explotaci\u00f3n adecuada<\/strong><\/td><\/tr><tr><td><strong>Modelo 55-52<\/strong><\/td><td>\u03a655 \u00d7 52 cm<\/td><td>80\u2013120 kg<\/td><td>Peque\u00f1as explotaciones \/ Explotaciones familiares<\/td><\/tr><tr><td><strong>Modelo 9YDB-60<\/strong><\/td><td>\u03a660 \u00d7 52 cm<\/td><td>90\u2013140 kg<\/td><td>Peque\u00f1as a medianas explotaciones<\/td><\/tr><tr><td><strong>Modelo 9YDB-70<\/strong><\/td><td>\u03a670 \u00d7 70 cm<\/td><td>150\u2013200 kg<\/td><td>Explotaciones medianas<\/td><\/tr><tr><td><strong>Modelo 9YDB-90<\/strong><\/td><td>90 \u00d7 90 cm<\/td><td>300\u2013430 kg<\/td><td>Grandes explotaciones \/ Plantas de procesamiento de ensilaje<\/td><\/tr><\/tbody><\/table><figcaption class=\"wp-element-caption\">Diferentes modelos de m\u00e1quinas envolvedoras de pacas de ensilaje<\/figcaption><\/figure>    <p class=\"translation-block\"><strong>Resumen<\/strong><\/p>    <ul class=\"wp-block-list\"> <li>Modelo m\u00e1s grande \u2192 Paca m\u00e1s grande \u2192 Mayor capacidad de producci\u00f3n<\/li>    <li>Los modelos peque\u00f1os son adecuados para uso flexible, mientras que los modelos m\u00e1s grandes son adecuados para producci\u00f3n de ensilaje a gran escala.<\/li> <\/ul>    <p>Puede seleccionar el modelo de encintado adecuado seg\u00fan el tama\u00f1o de la explotaci\u00f3n, los m\u00e9todos de transporte y los requisitos de alimentaci\u00f3n. No dude en contactarnos si lo necesita.<\/p>","protected":false},"excerpt":{"rendered":"<p>La envolvedora de pacas de ensilaje 9YDB-90 produce pacas de 90\u00d790 cm de di\u00e1metro y 300\u2013430 kg de peso. Con una capacidad de 55\u201360 pacas por hora, es ideal para grandes ranchos y explotaciones ganaderas.<\/p>","protected":false},"author":1,"featured_media":17663,"parent":0,"comment_status":"open","ping_status":"closed","template":"","tags":[772,591,807],"product-type":[876,908],"class_list":["post-17539","product","type-product","status-publish","has-post-thumbnail","hentry","tag-forage","tag-silage","tag-silage-bale","product-type-silage-machine","product-type-sliage-baler"],"_links":{"self":[{"href":"https:\/\/www.agriculture-machine.com\/es\/wp-json\/wp\/v2\/product\/17539","targetHints":{"allow":["GET"]}}],"collection":[{"href":"https:\/\/www.agriculture-machine.com\/es\/wp-json\/wp\/v2\/product"}],"about":[{"href":"https:\/\/www.agriculture-machine.com\/es\/wp-json\/wp\/v2\/types\/product"}],"author":[{"embeddable":true,"href":"https:\/\/www.agriculture-machine.com\/es\/wp-json\/wp\/v2\/users\/1"}],"replies":[{"embeddable":true,"href":"https:\/\/www.agriculture-machine.com\/es\/wp-json\/wp\/v2\/comments?post=17539"}],"wp:featuredmedia":[{"embeddable":true,"href":"https:\/\/www.agriculture-machine.com\/es\/wp-json\/wp\/v2\/media\/17663"}],"wp:attachment":[{"href":"https:\/\/www.agriculture-machine.com\/es\/wp-json\/wp\/v2\/media?parent=17539"}],"wp:term":[{"taxonomy":"post_tag","embeddable":true,"href":"https:\/\/www.agriculture-machine.com\/es\/wp-json\/wp\/v2\/tags?post=17539"},{"taxonomy":"product-type","embeddable":true,"href":"https:\/\/www.agriculture-machine.com\/es\/wp-json\/wp\/v2\/product-type?post=17539"}],"curies":[{"name":"wp","href":"https:\/\/api.w.org\/{rel}","templated":true}]}}