{"id":17544,"date":"2026-03-17T17:53:56","date_gmt":"2026-03-17T09:53:56","guid":{"rendered":"https:\/\/www.agriculture-machine.com\/?post_type=product&#038;p=17544"},"modified":"2026-04-07T17:00:03","modified_gmt":"2026-04-07T09:00:03","slug":"cow-dung-cleaning-machine","status":"publish","type":"product","link":"https:\/\/www.agriculture-machine.com\/es\/cow-dung-cleaning-machine\/","title":{"rendered":"M\u00e1quina de limpieza de esti\u00e9rcol de vaca | Recolector de esti\u00e9rcol de ganado"},"content":{"rendered":"<p>Una m\u00e1quina de limpieza de esti\u00e9rcol de vaca es un sistema automatizado de remoci\u00f3n de esti\u00e9rcol dise\u00f1ado espec\u00edficamente para granjas modernas de ganado. Se utiliza principalmente para la recolecci\u00f3n y transporte centralizado de esti\u00e9rcol en entornos ganaderos como establos de vacas, cobertizos de ovejas y granjas de ganado.<\/p>    <p>El equipo integra funciones de recolecci\u00f3n, transporte, traslado y descarga autom\u00e1tica de esti\u00e9rcol en una sola unidad. A trav\u00e9s de un dispositivo de recolecci\u00f3n en espiral montado en la parte frontal y un sistema de transportador de raspar accionado por cadena, recoge r\u00e1pidamente el esti\u00e9rcol y lo transporta al compartimento trasero, permitiendo operaciones de limpieza altamente eficientes.<\/p>    <p>En comparaci\u00f3n con los m\u00e9todos tradicionales manuales de remoci\u00f3n de esti\u00e9rcol, este equipo mejora significativamente la eficiencia de limpieza. Por ejemplo, el modelo de 3 m\u00b3 puede completar una carga completa de esti\u00e9rcol en 3\u20135 minutos, mientras que el modelo de 5 m\u00b3 tarda aproximadamente 5\u20138 minutos en completar una carga.<\/p>    <figure class=\"wp-block-embed aligncenter is-type-video is-provider-youtube wp-block-embed-youtube wp-embed-aspect-16-9 wp-has-aspect-ratio\"><div class=\"wp-block-embed__wrapper\"> <iframe loading=\"lazy\" title=\"Efficient Cow &amp; Sheep Manure Cleaning Machine | Smart Farm Cleaning Equipment \ud83d\ude9c\ud83d\udc04#cleaner\" width=\"500\" height=\"281\" src=\"https:\/\/www.youtube.com\/embed\/Np55Evcl7-o?feature=oembed\" frameborder=\"0\" allow=\"accelerometer; autoplay; clipboard-write; encrypted-media; gyroscope; picture-in-picture; web-share\" referrerpolicy=\"strict-origin-when-cross-origin\" allowfullscreen><\/iframe> <\/div><figcaption class=\"wp-element-caption\">Video de funcionamiento de la m\u00e1quina de limpieza de esti\u00e9rcol de vaca<\/figcaption><\/figure>    <p>Toda la m\u00e1quina funciona con di\u00e9sel y es compatible con veh\u00edculos con chasis de tres o cuatro ruedas. La operaci\u00f3n es sencilla, requiere solo una persona para completar la tarea de remoci\u00f3n de esti\u00e9rcol, lo que reduce significativamente los costos laborales y mejora la higiene de la granja y la gesti\u00f3n del ganado.<\/p>    <h2 class=\"wp-block-heading\">Aplicaciones de la m\u00e1quina de limpieza de esti\u00e9rcol de vaca<\/h2>    <p>Los veh\u00edculos de recolecci\u00f3n de esti\u00e9rcol se utilizan principalmente para la remoci\u00f3n y transporte de esti\u00e9rcol en diversas granjas de ganado y son adecuados para los siguientes escenarios:<\/p>    <ul class=\"wp-block-list\"> <li>Granjas lecheras<\/li>    <li>Granjas de ganado bovino<\/li>    <li>Granjas de ovejas y bases de cr\u00eda de ganado<\/li>    <li>Grandes ranchos y granjas de ganado estandarizadas<\/li>    <li>Sistemas centralizados de tratamiento de esti\u00e9rcol de ganado<\/li> <\/ul>    <p>Esta m\u00e1quina de limpieza de esti\u00e9rcol de vaca puede eliminar r\u00e1pidamente el esti\u00e9rcol y los residuos acumulados en el suelo de los establos y transportarlos a las \u00e1reas de tratamiento designadas, manteniendo un entorno agr\u00edcola limpio e higi\u00e9nico.<\/p>    <figure class=\"wp-block-gallery has-nested-images columns-default is-cropped wp-block-gallery-2 is-layout-flex wp-block-gallery-is-layout-flex\"> <figure class=\"wp-block-image size-large\"><img loading=\"lazy\" decoding=\"async\" width=\"720\" height=\"540\" data-id=\"17549\" src=\"https:\/\/www.agriculture-machine.com\/wp-content\/uploads\/2026\/03\/cattle-manure-scraper.webp\" alt=\"raspador de esti\u00e9rcol de ganado\" class=\"wp-image-17549\" srcset=\"https:\/\/www.agriculture-machine.com\/wp-content\/uploads\/2026\/03\/cattle-manure-scraper.webp 720w, https:\/\/www.agriculture-machine.com\/wp-content\/uploads\/2026\/03\/cattle-manure-scraper-360x270.webp 360w, https:\/\/www.agriculture-machine.com\/wp-content\/uploads\/2026\/03\/cattle-manure-scraper-240x180.webp 240w, https:\/\/www.agriculture-machine.com\/wp-content\/uploads\/2026\/03\/cattle-manure-scraper-16x12.webp 16w\" sizes=\"auto, (max-width: 720px) 100vw, 720px\" \/><figcaption class=\"wp-element-caption\">raspador de esti\u00e9rcol de ganado<\/figcaption><\/figure>    <figure class=\"wp-block-image size-large\"><img loading=\"lazy\" decoding=\"async\" width=\"720\" height=\"540\" data-id=\"17548\" src=\"https:\/\/www.agriculture-machine.com\/wp-content\/uploads\/2026\/03\/cattle-farm-cleaning-equipment.webp\" alt=\"Equipo de limpieza para granjas de ganado\" class=\"wp-image-17548\" srcset=\"https:\/\/www.agriculture-machine.com\/wp-content\/uploads\/2026\/03\/cattle-farm-cleaning-equipment.webp 720w, https:\/\/www.agriculture-machine.com\/wp-content\/uploads\/2026\/03\/cattle-farm-cleaning-equipment-360x270.webp 360w, https:\/\/www.agriculture-machine.com\/wp-content\/uploads\/2026\/03\/cattle-farm-cleaning-equipment-240x180.webp 240w, https:\/\/www.agriculture-machine.com\/wp-content\/uploads\/2026\/03\/cattle-farm-cleaning-equipment-16x12.webp 16w\" sizes=\"auto, (max-width: 720px) 100vw, 720px\" \/><figcaption class=\"wp-element-caption\">Equipo de limpieza para granjas de ganado<\/figcaption><\/figure> <\/figure>    <h2 class=\"wp-block-heading\">Ventajas de la m\u00e1quina de remoci\u00f3n de esti\u00e9rcol<\/h2>    <ul class=\"wp-block-list\"> <li>Remoci\u00f3n eficiente de esti\u00e9rcol: utilizando una estructura de recolecci\u00f3n en espiral   transportador de cadenas raspar, completa r\u00e1pidamente la recolecci\u00f3n y transporte de esti\u00e9rcol, mejorando la eficiencia de limpieza de la granja.<\/li>    <li>Ahorro en costos laborales: solo se necesita un operador para completar la remoci\u00f3n, transporte y descarga de esti\u00e9rcol, reduciendo significativamente los requisitos laborales.<\/li>    <li>Dise\u00f1o de transporte de alta capacidad: equipado con un tolva de 3 m\u00b3 o 5 m\u00b3 de alta capacidad, puede transportar grandes vol\u00famenes de esti\u00e9rcol en un solo viaje, reduciendo el n\u00famero de viajes.<\/li>    <li>Dise\u00f1o estructural duradero: toda la m\u00e1quina presenta una estructura de acero de alta resistencia y cadenas de raspar resistentes al desgaste, ofreciendo resistencia a la corrosi\u00f3n, resistencia al desgaste y una larga vida \u00fatil.<\/li>    <li>Adaptabilidad a entornos agr\u00edcolas complejos: con un rendimiento potente, el equipo es adecuado para granjas de diversos tama\u00f1os y condiciones de terreno complejas, garantizando una operaci\u00f3n estable y confiable.<\/li> <\/ul>    <figure class=\"wp-block-gallery has-nested-images columns-default is-cropped wp-block-gallery-3 is-layout-flex wp-block-gallery-is-layout-flex\"> <figure class=\"wp-block-image size-large\"><img loading=\"lazy\" decoding=\"async\" width=\"720\" height=\"540\" data-id=\"17550\" src=\"https:\/\/www.agriculture-machine.com\/wp-content\/uploads\/2026\/03\/cow-dung-cleaner.webp\" alt=\"Limpiador de esti\u00e9rcol de vaca\" class=\"wp-image-17550\" srcset=\"https:\/\/www.agriculture-machine.com\/wp-content\/uploads\/2026\/03\/cow-dung-cleaner.webp 720w, https:\/\/www.agriculture-machine.com\/wp-content\/uploads\/2026\/03\/cow-dung-cleaner-360x270.webp 360w, https:\/\/www.agriculture-machine.com\/wp-content\/uploads\/2026\/03\/cow-dung-cleaner-240x180.webp 240w, https:\/\/www.agriculture-machine.com\/wp-content\/uploads\/2026\/03\/cow-dung-cleaner-16x12.webp 16w\" sizes=\"auto, (max-width: 720px) 100vw, 720px\" \/><figcaption class=\"wp-element-caption\">Limpiador de esti\u00e9rcol de vaca<\/figcaption><\/figure>    <figure class=\"wp-block-image size-large\"><img loading=\"lazy\" decoding=\"async\" width=\"720\" height=\"540\" data-id=\"17551\" src=\"https:\/\/www.agriculture-machine.com\/wp-content\/uploads\/2026\/03\/cow-shed-cleaning-machine.webp\" alt=\"m\u00e1quina de limpieza de establos de vacas\" class=\"wp-image-17551\" srcset=\"https:\/\/www.agriculture-machine.com\/wp-content\/uploads\/2026\/03\/cow-shed-cleaning-machine.webp 720w, https:\/\/www.agriculture-machine.com\/wp-content\/uploads\/2026\/03\/cow-shed-cleaning-machine-360x270.webp 360w, https:\/\/www.agriculture-machine.com\/wp-content\/uploads\/2026\/03\/cow-shed-cleaning-machine-240x180.webp 240w, https:\/\/www.agriculture-machine.com\/wp-content\/uploads\/2026\/03\/cow-shed-cleaning-machine-16x12.webp 16w\" sizes=\"auto, (max-width: 720px) 100vw, 720px\" \/><figcaption class=\"wp-element-caption\">m\u00e1quina de limpieza de establos de vacas<\/figcaption><\/figure> <\/figure>    <h2 class=\"wp-block-heading\">Principio de funcionamiento de la limpiadora de esti\u00e9rcol de vaca<\/h2>    <p>La m\u00e1quina de limpieza de esti\u00e9rcol de vaca realiza principalmente la remoci\u00f3n autom\u00e1tica de esti\u00e9rcol mediante un dispositivo de recolecci\u00f3n en espiral, un sistema de transportador de cadenas raspar y un mecanismo de vuelco hidr\u00e1ulico. El proceso espec\u00edfico es el siguiente:<\/p>    <ol class=\"wp-block-list\"> <li>El operador inicia el equipo y conduce el veh\u00edculo de recolecci\u00f3n de esti\u00e9rcol hacia el pasillo del establo.<\/li>    <li>El colector en espiral montado en la parte frontal recoge esti\u00e9rcol del suelo a medida que el veh\u00edculo avanza.<\/li>    <li>El esti\u00e9rcol se transporta al compartimento trasero mediante el sistema de transportador de cadenas raspar.<\/li>    <li>Una vez que el compartimento est\u00e1 lleno, el veh\u00edculo se desplaza a un \u00e1rea designada.<\/li>    <li>El sistema de vuelco hidr\u00e1ulico descarga autom\u00e1ticamente el esti\u00e9rcol.<\/li> <\/ol>    <p>Todo el proceso est\u00e1 altamente automatizado, permitiendo la recolecci\u00f3n y transporte continuos de esti\u00e9rcol.<\/p>    <figure class=\"wp-block-gallery has-nested-images columns-default is-cropped wp-block-gallery-4 is-layout-flex wp-block-gallery-is-layout-flex\"> <figure class=\"wp-block-image size-large\"><img loading=\"lazy\" decoding=\"async\" width=\"720\" height=\"540\" data-id=\"17553\" src=\"https:\/\/www.agriculture-machine.com\/wp-content\/uploads\/2026\/03\/manure-collector-machine.webp\" alt=\"m\u00e1quina recolectora de esti\u00e9rcol\" class=\"wp-image-17553\" srcset=\"https:\/\/www.agriculture-machine.com\/wp-content\/uploads\/2026\/03\/manure-collector-machine.webp 720w, https:\/\/www.agriculture-machine.com\/wp-content\/uploads\/2026\/03\/manure-collector-machine-360x270.webp 360w, https:\/\/www.agriculture-machine.com\/wp-content\/uploads\/2026\/03\/manure-collector-machine-240x180.webp 240w, https:\/\/www.agriculture-machine.com\/wp-content\/uploads\/2026\/03\/manure-collector-machine-16x12.webp 16w\" sizes=\"auto, (max-width: 720px) 100vw, 720px\" \/><figcaption class=\"wp-element-caption\">m\u00e1quina recolectora de esti\u00e9rcol<\/figcaption><\/figure>    <figure class=\"wp-block-image size-large\"><img loading=\"lazy\" decoding=\"async\" width=\"720\" height=\"540\" data-id=\"17552\" src=\"https:\/\/www.agriculture-machine.com\/wp-content\/uploads\/2026\/03\/cow-dung-cleaning-machine.webp\" alt=\"m\u00e1quina de limpieza de esti\u00e9rcol de vaca\" class=\"wp-image-17552\" srcset=\"https:\/\/www.agriculture-machine.com\/wp-content\/uploads\/2026\/03\/cow-dung-cleaning-machine.webp 720w, https:\/\/www.agriculture-machine.com\/wp-content\/uploads\/2026\/03\/cow-dung-cleaning-machine-360x270.webp 360w, https:\/\/www.agriculture-machine.com\/wp-content\/uploads\/2026\/03\/cow-dung-cleaning-machine-240x180.webp 240w, https:\/\/www.agriculture-machine.com\/wp-content\/uploads\/2026\/03\/cow-dung-cleaning-machine-16x12.webp 16w\" sizes=\"auto, (max-width: 720px) 100vw, 720px\" \/><figcaption class=\"wp-element-caption\">m\u00e1quina de limpieza de esti\u00e9rcol de vaca<\/figcaption><\/figure> <\/figure>    <h2 class=\"wp-block-heading\">Especificaciones de la m\u00e1quina de limpieza de esti\u00e9rcol de ganado<\/h2>    <figure class=\"wp-block-table is-style-stripes\"><table class=\"has-fixed-layout\"><tbody><tr><td><strong>Modelo<\/strong><\/td><td><strong>QF-3<\/strong><\/td><td><strong>QF-5<\/strong><\/td><\/tr><tr><td>Volumen del carrito<\/td><td>3 m\u00b3<\/td><td>5 m\u00b3<\/td><\/tr><tr><td>Dimensi\u00f3n<\/td><td>4500\u00d71450\u00d72450 mm<\/td><td>5200\u00d72200\u00d72600 mm<\/td><\/tr><tr><td>Potencia<\/td><td>Motor di\u00e9sel de 25 HP<\/td><td>Motor Di\u00e9sel<\/td><\/tr><tr><td>Potencia de marcha<\/td><td>Triciclo<\/td><td>Cami\u00f3n de cuatro ruedas<\/td><\/tr><tr><td>Capacidad de producci\u00f3n<\/td><td>3\u20135 min\/veh\u00edculo<\/td><td>5\u20138 min\/veh\u00edculo<\/td><\/tr><tr><td>Ancho de limpieza de esti\u00e9rcol<\/td><td>1500 mm<\/td><td>2000 mm<\/td><\/tr><tr><td>N\u00famero de neum\u00e1ticos<\/td><td>3 piezas<\/td><td>4 piezas<\/td><\/tr><tr><td>Sistema de recolecci\u00f3n de esti\u00e9rcol<\/td><td>Transportador de tornillo   cadena raspar<\/td><td>Transportador de tornillo   cadena raspar<\/td><\/tr><tr><td>M\u00e9todo de descarga<\/td><td>Vuelco hidr\u00e1ulico<\/td><td>Vuelco hidr\u00e1ulico<\/td><\/tr><\/tbody><\/table><figcaption class=\"wp-element-caption\">Par\u00e1metros t\u00e9cnicos de la m\u00e1quina de limpieza de esti\u00e9rcol de vaca<\/figcaption><\/figure>    <h2 class=\"wp-block-heading\">\u00bfPor qu\u00e9 elegirnos?<\/h2>    <p>Elegir nuestra m\u00e1quina de limpieza de esti\u00e9rcol de vaca proporciona a las granjas una soluci\u00f3n estable y confiable para la gesti\u00f3n del esti\u00e9rcol:<\/p>    <ul class=\"wp-block-list\"> <li>Experiencia comprobada en fabricaci\u00f3n: con a\u00f1os de experiencia en la fabricaci\u00f3n de maquinaria ganadera, nuestros productos se exportan a m\u00faltiples pa\u00edses.<\/li>    <li>Varias opciones de modelos: ofrecemos equipos en diferentes especificaciones, como 3 m\u00b3 y 5 m\u00b3, para satisfacer las necesidades de diferentes granjas.<\/li>    <li>Componentes principales de alta calidad: equipado con cadenas de raspar resistentes al desgaste y un sistema de energ\u00eda de alta calidad para una operaci\u00f3n estable.<\/li>    <li>Servicios de personalizaci\u00f3n: apoyamos la personalizaci\u00f3n del ancho de recolecci\u00f3n de esti\u00e9rcol, capacidad y tipo de chasis seg\u00fan el tama\u00f1o de la granja.<\/li>    <li>Soporte postventa integral: ofrecemos orientaci\u00f3n t\u00e9cnica, soporte en la instalaci\u00f3n y servicios de mantenimiento a largo plazo.<\/li> <\/ul>    <p class=\"translation-block\">Adem\u00e1s de la recolecci\u00f3n eficiente de esti\u00e9rcol, los residuos procesados pueden ser utilizados a\u00fan m\u00e1s con nuestro cami\u00f3n distribuidor de fertilizante para la aplicaci\u00f3n en campo. Para m\u00e1s detalles, por favor haga clic en: <a href=\"https:\/\/www.agriculture-machine.com\/es\/fertilizer-spreader-truck\/\"><strong><em>Cami\u00f3n distribuidor de fertilizante | M\u00e1quina de esparcimiento de esti\u00e9rcol para tractor<\/em><\/strong><\/a>. No dude en contactarnos si tiene alguna pregunta.<\/p>","protected":false},"excerpt":{"rendered":"<p>La m\u00e1quina de limpieza de esti\u00e9rcol de vaca es adecuada para granjas lecheras, granjas de ganado bovino y ranchos a gran escala. Puede limpiar una carga completa de esti\u00e9rcol en 3\u20138 minutos, reduciendo eficazmente los costos laborales y mejorando el entorno agr\u00edcola.<\/p>","protected":false},"author":1,"featured_media":17618,"parent":0,"comment_status":"open","ping_status":"closed","template":"","tags":[2646],"product-type":[162,2],"class_list":["post-17544","product","type-product","status-publish","has-post-thumbnail","hentry","tag-manure","product-type-other-type","product-type-products"],"_links":{"self":[{"href":"https:\/\/www.agriculture-machine.com\/es\/wp-json\/wp\/v2\/product\/17544","targetHints":{"allow":["GET"]}}],"collection":[{"href":"https:\/\/www.agriculture-machine.com\/es\/wp-json\/wp\/v2\/product"}],"about":[{"href":"https:\/\/www.agriculture-machine.com\/es\/wp-json\/wp\/v2\/types\/product"}],"author":[{"embeddable":true,"href":"https:\/\/www.agriculture-machine.com\/es\/wp-json\/wp\/v2\/users\/1"}],"replies":[{"embeddable":true,"href":"https:\/\/www.agriculture-machine.com\/es\/wp-json\/wp\/v2\/comments?post=17544"}],"wp:featuredmedia":[{"embeddable":true,"href":"https:\/\/www.agriculture-machine.com\/es\/wp-json\/wp\/v2\/media\/17618"}],"wp:attachment":[{"href":"https:\/\/www.agriculture-machine.com\/es\/wp-json\/wp\/v2\/media?parent=17544"}],"wp:term":[{"taxonomy":"post_tag","embeddable":true,"href":"https:\/\/www.agriculture-machine.com\/es\/wp-json\/wp\/v2\/tags?post=17544"},{"taxonomy":"product-type","embeddable":true,"href":"https:\/\/www.agriculture-machine.com\/es\/wp-json\/wp\/v2\/product-type?post=17544"}],"curies":[{"name":"wp","href":"https:\/\/api.w.org\/{rel}","templated":true}]}}