{"id":17559,"date":"2026-03-20T15:51:29","date_gmt":"2026-03-20T07:51:29","guid":{"rendered":"https:\/\/www.agriculture-machine.com\/?post_type=product&#038;p=17559"},"modified":"2026-03-20T15:52:07","modified_gmt":"2026-03-20T07:52:07","slug":"fertilizer-spreader-truck","status":"publish","type":"product","link":"https:\/\/www.agriculture-machine.com\/es\/fertilizer-spreader-truck\/","title":{"rendered":"Cami\u00f3n esparcidor de fertilizantes | M\u00e1quina de distribuci\u00f3n de esti\u00e9rcol para tractor"},"content":{"rendered":"<p>El esparcidor de fertilizantes es ampliamente aplicable para diversos tipos de fertilizantes, incluyendo esti\u00e9rcol seco y h\u00famedo, fertilizantes org\u00e1nicos, fertilizantes granulares y fertilizantes qu\u00edmicos. Es adecuado para operaciones de fertilizaci\u00f3n a gran escala en cooperativas agr\u00edcolas, grandes bases de siembra y granjas de ganado.<\/p>    <p>Esta m\u00e1quina cuenta con enganche de tres puntos y accionamiento por PTO, compatible con tractores de 50 HP o m\u00e1s. Ofrece m\u00faltiples opciones de capacidad\u20143 m\u00b3, 6 m\u00b3, 8 m\u00b3, 10 m\u00b3 y 12 m\u00b3\u2014con un rango de distribuci\u00f3n de 4 a 16 metros. <\/p>    <p>Tomando como ejemplo el modelo de 6 m\u00b3, una sola carga de fertilizante puede distribuirse en 5\u201310 minutos. Puede cubrir un \u00e1rea de aproximadamente 500 mu por d\u00eda, mejorando significativamente la eficiencia de fertilizaci\u00f3n y reduciendo costos laborales.<\/p>    <figure class=\"wp-block-embed aligncenter is-type-video is-provider-youtube wp-block-embed-youtube wp-embed-aspect-16-9 wp-has-aspect-ratio\"><div class=\"wp-block-embed__wrapper\"> <iframe loading=\"lazy\" title=\"\ud83d\ude9c M\u00e1quina potente de esparcir esti\u00e9rcol y fertilizantes en acci\u00f3n | Mejora la eficiencia de tu granja \ud83c\udf31\" width=\"500\" height=\"281\" src=\"https:\/\/www.youtube.com\/embed\/87AOeTAYJJ4?feature=oembed\" frameborder=\"0\" allow=\"accelerometer; autoplay; clipboard-write; encrypted-media; gyroscope; picture-in-picture; web-share\" referrerpolicy=\"strict-origin-when-cross-origin\" allowfullscreen><\/iframe> <\/div><figcaption class=\"wp-element-caption\">Videos de operaci\u00f3n en campo de los diferentes tipos de camiones esparcidores de fertilizantes<\/figcaption><\/figure>    <p>Toda la m\u00e1quina cuenta con control hidr\u00e1ulico y est\u00e1 construida con una estructura moldeada, sin soldaduras, garantizando durabilidad y fuerte resistencia a la corrosi\u00f3n. <\/p>    <p>El mecanismo avanzado de distribuci\u00f3n de doble disco y el sistema de alimentaci\u00f3n de fertilizante por cadena hidr\u00e1ulica aseguran una distribuci\u00f3n uniforme de diversos fertilizantes granulares y secos, maximizando la utilizaci\u00f3n del fertilizante.<\/p>    <h2 class=\"wp-block-heading\">Aplicaciones del esparcidor de fertilizantes<\/h2>    <ul class=\"wp-block-list\"> <li>Aplicaci\u00f3n de esti\u00e9rcol en la granja: ideal para la distribuci\u00f3n eficiente de esti\u00e9rcol de ganado vacuno, ovejas y cerdos.<\/li>    <li>Aplicaci\u00f3n de fertilizante org\u00e1nico en los sitios de siembra: permite una distribuci\u00f3n r\u00e1pida y uniforme del fertilizante org\u00e1nico para mejorar la calidad del suelo.<\/li>    <li>Proyectos de fertilizaci\u00f3n a gran escala para cooperativas agr\u00edcolas: satisface las necesidades de fertilizaci\u00f3n centralizada en grandes sitios de plantaci\u00f3n.<\/li> <\/ul>    <figure class=\"wp-block-gallery has-nested-images columns-default is-cropped wp-block-gallery-2 is-layout-flex wp-block-gallery-is-layout-flex\"> <figure class=\"wp-block-image size-large\"><img loading=\"lazy\" decoding=\"async\" width=\"720\" height=\"540\" data-id=\"17564\" src=\"https:\/\/www.agriculture-machine.com\/wp-content\/uploads\/2026\/03\/fertilizer-spreader-truck.webp\" alt=\"Cami\u00f3n esparcidor de fertilizantes\" class=\"wp-image-17564\" srcset=\"https:\/\/www.agriculture-machine.com\/wp-content\/uploads\/2026\/03\/fertilizer-spreader-truck.webp 720w, https:\/\/www.agriculture-machine.com\/wp-content\/uploads\/2026\/03\/fertilizer-spreader-truck-360x270.webp 360w, https:\/\/www.agriculture-machine.com\/wp-content\/uploads\/2026\/03\/fertilizer-spreader-truck-240x180.webp 240w, https:\/\/www.agriculture-machine.com\/wp-content\/uploads\/2026\/03\/fertilizer-spreader-truck-16x12.webp 16w\" sizes=\"auto, (max-width: 720px) 100vw, 720px\" \/><figcaption class=\"wp-element-caption\">Cami\u00f3n esparcidor de fertilizantes<\/figcaption><\/figure>    <figure class=\"wp-block-image size-large\"><img loading=\"lazy\" decoding=\"async\" width=\"720\" height=\"540\" data-id=\"17565\" src=\"https:\/\/www.agriculture-machine.com\/wp-content\/uploads\/2026\/03\/tractor-manure-spreader.webp\" alt=\"Esparcidor de esti\u00e9rcol para tractor\" class=\"wp-image-17565\" srcset=\"https:\/\/www.agriculture-machine.com\/wp-content\/uploads\/2026\/03\/tractor-manure-spreader.webp 720w, https:\/\/www.agriculture-machine.com\/wp-content\/uploads\/2026\/03\/tractor-manure-spreader-360x270.webp 360w, https:\/\/www.agriculture-machine.com\/wp-content\/uploads\/2026\/03\/tractor-manure-spreader-240x180.webp 240w, https:\/\/www.agriculture-machine.com\/wp-content\/uploads\/2026\/03\/tractor-manure-spreader-16x12.webp 16w\" sizes=\"auto, (max-width: 720px) 100vw, 720px\" \/><figcaption class=\"wp-element-caption\">Esparcidor de esti\u00e9rcol para tractor<\/figcaption><\/figure> <\/figure>    <h2 class=\"wp-block-heading\">Ventajas de la m\u00e1quina esparcidora de esti\u00e9rcol<\/h2>    <ul class=\"wp-block-list\"> <li>Marco robusto y duradero: el marco de remolque est\u00e1 construido con tubos cuadrados de 20\u00d720 cm, garantizando una estructura estable y una durabilidad excepcional.<\/li>    <li>Cadena de transporte de fertilizantes de alta resistencia: la cadena est\u00e1 hecha de tubos cuadrados de 4\u00d76 cm, con eslabones de cadena de grado minero que resisten la deformaci\u00f3n incluso tras un uso prolongado.<\/li>    <li>Tanque de aceite hidr\u00e1ulico de gran capacidad: equipado con un sistema de enfriamiento por aire para garantizar un funcionamiento estable del sistema hidr\u00e1ulico.<\/li>    <li>V\u00e1lvula de control de flujo ajustable: con 10 configuraciones; las configuraciones m\u00e1s altas resultan en velocidades de distribuci\u00f3n m\u00e1s r\u00e1pidas para satisfacer diversas necesidades de fertilizaci\u00f3n.<\/li>    <li>Sistema de distribuci\u00f3n de doble disco: con un di\u00e1metro de 68 cm, la distancia de distribuci\u00f3n puede ajustarse libremente de 4 a 15 metros para lograr una distribuci\u00f3n uniforme.<\/li> <\/ul>    <figure class=\"wp-block-gallery has-nested-images columns-default is-cropped wp-block-gallery-3 is-layout-flex wp-block-gallery-is-layout-flex\"> <figure class=\"wp-block-image size-large\"><img loading=\"lazy\" decoding=\"async\" width=\"720\" height=\"540\" data-id=\"17566\" src=\"https:\/\/www.agriculture-machine.com\/wp-content\/uploads\/2026\/03\/disc-type-fertilizer-spreader.webp\" alt=\"Esparcidor de fertilizantes de tipo disco\" class=\"wp-image-17566\" srcset=\"https:\/\/www.agriculture-machine.com\/wp-content\/uploads\/2026\/03\/disc-type-fertilizer-spreader.webp 720w, https:\/\/www.agriculture-machine.com\/wp-content\/uploads\/2026\/03\/disc-type-fertilizer-spreader-360x270.webp 360w, https:\/\/www.agriculture-machine.com\/wp-content\/uploads\/2026\/03\/disc-type-fertilizer-spreader-240x180.webp 240w, https:\/\/www.agriculture-machine.com\/wp-content\/uploads\/2026\/03\/disc-type-fertilizer-spreader-16x12.webp 16w\" sizes=\"auto, (max-width: 720px) 100vw, 720px\" \/><figcaption class=\"wp-element-caption\">Esparcidor de fertilizantes de tipo disco<\/figcaption><\/figure>    <figure class=\"wp-block-image size-large\"><img loading=\"lazy\" decoding=\"async\" width=\"720\" height=\"540\" data-id=\"17567\" src=\"https:\/\/www.agriculture-machine.com\/wp-content\/uploads\/2026\/03\/vertical-spiral-manure-spreader.webp\" alt=\"Esparcidor de esti\u00e9rcol vertical en espiral\" class=\"wp-image-17567\" srcset=\"https:\/\/www.agriculture-machine.com\/wp-content\/uploads\/2026\/03\/vertical-spiral-manure-spreader.webp 720w, https:\/\/www.agriculture-machine.com\/wp-content\/uploads\/2026\/03\/vertical-spiral-manure-spreader-360x270.webp 360w, https:\/\/www.agriculture-machine.com\/wp-content\/uploads\/2026\/03\/vertical-spiral-manure-spreader-240x180.webp 240w, https:\/\/www.agriculture-machine.com\/wp-content\/uploads\/2026\/03\/vertical-spiral-manure-spreader-16x12.webp 16w\" sizes=\"auto, (max-width: 720px) 100vw, 720px\" \/><figcaption class=\"wp-element-caption\">Esparcidor de esti\u00e9rcol vertical en espiral<\/figcaption><\/figure> <\/figure>    <h2 class=\"wp-block-heading\">\u00bfC\u00f3mo funciona el esparcidor de fertilizantes?<\/h2>    <p>El cami\u00f3n esparcidor de fertilizantes Taizy funciona con el eje PTO de un tractor, y una cadena hidr\u00e1ulica alimenta uniformemente el fertilizante hacia el mecanismo de distribuci\u00f3n de doble disco en la parte trasera.<\/p>    <p>El fertilizante se dispersa por el campo mediante discos dobles de alta velocidad, permitiendo una fertilizaci\u00f3n de amplio alcance y alta eficiencia.<\/p>    <p>Los par\u00e1metros de operaci\u00f3n se pueden ajustar libremente seg\u00fan el tipo de fertilizante, \u00e1rea de aplicaci\u00f3n y distancia de distribuci\u00f3n.<\/p>    <h2 class=\"wp-block-heading\">What&#8217;s the tractor manure spreader price?<\/h2>    <p>El precio del cami\u00f3n esparcidor de fertilizantes var\u00eda seg\u00fan su capacidad, configuraci\u00f3n y si es hecho a medida. Por ejemplo, un esparcidor de 6m\u00b3 equipado con un sistema de tornillo vertical costar\u00e1 m\u00e1s que la versi\u00f3n con un sistema de doble disco controlado hidr\u00e1ulicamente.<\/p>    <figure class=\"wp-block-gallery has-nested-images columns-default is-cropped wp-block-gallery-4 is-layout-flex wp-block-gallery-is-layout-flex\"> <figure class=\"wp-block-image size-large\"><img loading=\"lazy\" decoding=\"async\" width=\"720\" height=\"540\" data-id=\"17569\" src=\"https:\/\/www.agriculture-machine.com\/wp-content\/uploads\/2026\/03\/large-fertilizer-spreading-machine.webp\" alt=\"Gran m\u00e1quina esparcidora de fertilizantes\" class=\"wp-image-17569\" srcset=\"https:\/\/www.agriculture-machine.com\/wp-content\/uploads\/2026\/03\/large-fertilizer-spreading-machine.webp 720w, https:\/\/www.agriculture-machine.com\/wp-content\/uploads\/2026\/03\/large-fertilizer-spreading-machine-360x270.webp 360w, https:\/\/www.agriculture-machine.com\/wp-content\/uploads\/2026\/03\/large-fertilizer-spreading-machine-240x180.webp 240w, https:\/\/www.agriculture-machine.com\/wp-content\/uploads\/2026\/03\/large-fertilizer-spreading-machine-16x12.webp 16w\" sizes=\"auto, (max-width: 720px) 100vw, 720px\" \/><figcaption class=\"wp-element-caption\">Gran m\u00e1quina esparcidora de fertilizantes<\/figcaption><\/figure>    <figure class=\"wp-block-image size-large\"><img loading=\"lazy\" decoding=\"async\" width=\"720\" height=\"540\" data-id=\"17568\" src=\"https:\/\/www.agriculture-machine.com\/wp-content\/uploads\/2026\/03\/8m\u00b3-agricultural-manure-spreader.webp\" alt=\"Esparcidor agr\u00edcola de esti\u00e9rcol de 8m\u00b3\" class=\"wp-image-17568\" srcset=\"https:\/\/www.agriculture-machine.com\/wp-content\/uploads\/2026\/03\/8m\u00b3-agricultural-manure-spreader.webp 720w, https:\/\/www.agriculture-machine.com\/wp-content\/uploads\/2026\/03\/8m\u00b3-agricultural-manure-spreader-360x270.webp 360w, https:\/\/www.agriculture-machine.com\/wp-content\/uploads\/2026\/03\/8m\u00b3-agricultural-manure-spreader-240x180.webp 240w, https:\/\/www.agriculture-machine.com\/wp-content\/uploads\/2026\/03\/8m\u00b3-agricultural-manure-spreader-16x12.webp 16w\" sizes=\"auto, (max-width: 720px) 100vw, 720px\" \/><figcaption class=\"wp-element-caption\">Esparcidor agr\u00edcola de esti\u00e9rcol de 8m\u00b3<\/figcaption><\/figure> <\/figure>    <p>Ofrecemos soluciones personalizadas adaptadas a su presupuesto y necesidades operativas. No dude en contactarnos para obtener las \u00faltimas cotizaciones y opciones de env\u00edo.<\/p>    <h2 class=\"wp-block-heading\">\u00bfC\u00f3mo elegir un esparcidor de fertilizantes adecuado?<\/h2>    <ul class=\"wp-block-list\"> <li>Determine el escenario de aplicaci\u00f3n y el tipo de fertilizante: los fertilizantes secos, h\u00famedos o granulares tienen diferentes requisitos para el mecanismo de distribuci\u00f3n y el m\u00e9todo de entrega del fertilizante.<\/li>    <li>Seleccionar la capacidad adecuada: elegir un volumen apropiado seg\u00fan el \u00e1rea de aplicaci\u00f3n y la eficiencia de fertilizaci\u00f3n.<\/li>    <li>Considere el ancho de distribuci\u00f3n y la eficiencia: asegure una aplicaci\u00f3n r\u00e1pida y uniforme.<\/li>    <li>Compatibilidad de potencia del tractor: se requiere una potencia m\u00ednima de PTO de 50 HP; seleccione una potencia mayor seg\u00fan la capacidad.<\/li>    <li>Considere el sistema hidr\u00e1ulico y la facilidad de operaci\u00f3n: asegure un rendimiento estable y duradero.<\/li>    <li>Elige un proveedor fiable: uno que ofrezca soporte postventa, piezas de repuesto y asistencia t\u00e9cnica remota.<\/li> <\/ul>    <figure class=\"wp-block-gallery has-nested-images columns-default is-cropped wp-block-gallery-5 is-layout-flex wp-block-gallery-is-layout-flex\"> <figure class=\"wp-block-image size-large\"><img loading=\"lazy\" decoding=\"async\" width=\"720\" height=\"540\" data-id=\"17570\" src=\"https:\/\/www.agriculture-machine.com\/wp-content\/uploads\/2026\/03\/fertilizer-spreader-trucks-factory.webp\" alt=\"F\u00e1brica de camiones esparcidores de fertilizantes\" class=\"wp-image-17570\" srcset=\"https:\/\/www.agriculture-machine.com\/wp-content\/uploads\/2026\/03\/fertilizer-spreader-trucks-factory.webp 720w, https:\/\/www.agriculture-machine.com\/wp-content\/uploads\/2026\/03\/fertilizer-spreader-trucks-factory-360x270.webp 360w, https:\/\/www.agriculture-machine.com\/wp-content\/uploads\/2026\/03\/fertilizer-spreader-trucks-factory-240x180.webp 240w, https:\/\/www.agriculture-machine.com\/wp-content\/uploads\/2026\/03\/fertilizer-spreader-trucks-factory-16x12.webp 16w\" sizes=\"auto, (max-width: 720px) 100vw, 720px\" \/><figcaption class=\"wp-element-caption\">F\u00e1brica de camiones esparcidores de fertilizantes<\/figcaption><\/figure>    <figure class=\"wp-block-image size-large\"><img loading=\"lazy\" decoding=\"async\" width=\"720\" height=\"540\" data-id=\"17571\" src=\"https:\/\/www.agriculture-machine.com\/wp-content\/uploads\/2026\/03\/tractor-driven-manure-spreader-machine.webp\" alt=\"M\u00e1quina esparcidora de esti\u00e9rcol accionada por tractor\" class=\"wp-image-17571\" srcset=\"https:\/\/www.agriculture-machine.com\/wp-content\/uploads\/2026\/03\/tractor-driven-manure-spreader-machine.webp 720w, https:\/\/www.agriculture-machine.com\/wp-content\/uploads\/2026\/03\/tractor-driven-manure-spreader-machine-360x270.webp 360w, https:\/\/www.agriculture-machine.com\/wp-content\/uploads\/2026\/03\/tractor-driven-manure-spreader-machine-240x180.webp 240w, https:\/\/www.agriculture-machine.com\/wp-content\/uploads\/2026\/03\/tractor-driven-manure-spreader-machine-16x12.webp 16w\" sizes=\"auto, (max-width: 720px) 100vw, 720px\" \/><figcaption class=\"wp-element-caption\">M\u00e1quina esparcidora de esti\u00e9rcol accionada por tractor<\/figcaption><\/figure> <\/figure>    <h2 class=\"wp-block-heading\">Especificaciones de la m\u00e1quina esparcidora de esti\u00e9rcol para ganado<\/h2>    <figure class=\"wp-block-table is-style-stripes\"><table class=\"has-fixed-layout\"><tbody><tr><td><strong>Art\u00edculo<\/strong><\/td><td><strong>2FGH-3<\/strong><\/td><td><strong>2FGH-6<\/strong><\/td><td><strong>2FGH-8<\/strong><\/td><\/tr><tr><td>Volumen del silo<\/td><td>3m\u00b3<\/td><td>6m\u00b3<\/td><td>8m\u00b3<\/td><\/tr><tr><td>Tama\u00f1o total<\/td><td>4850*1800*2050mm<\/td><td>5750*2050*2430mm<\/td><td>6350*2200*2430mm<\/td><\/tr><tr><td>Forma estructural<\/td><td>Tipo de caja<\/td><td>Tipo de caja<\/td><td>Tipo de caja<\/td><\/tr><tr><td>Modo de trabajo<\/td><td>Lanzamiento trasero<\/td><td>Lanzamiento trasero<\/td><td>Lanzamiento trasero<\/td><\/tr><tr><td>Fertilizante org\u00e1nico <br>M\u00e9todo de entrega<\/td><td>Empuje de cadena hidr\u00e1ulico<\/td><td>Empuje de cadena hidr\u00e1ulico<\/td><td>Empuje de cadena hidr\u00e1ulico<\/td><\/tr><tr><td>Tipo de dispositivo de distribuci\u00f3n<\/td><td>Doble disco trasero<\/td><td>Doble disco trasero<\/td><td>Doble disco trasero<\/td><\/tr><tr><td>Ancho de distribuci\u00f3n<\/td><td>\u22655m<\/td><td>\u22655m<\/td><td>\u22655m<\/td><\/tr><tr><td>Cantidad de discos<\/td><td>2 piezas<\/td><td>2 piezas<\/td><td>2 piezas<\/td><\/tr><tr><td>Neum\u00e1tico<\/td><td>2 piezas<\/td><td>2 piezas<\/td><td>2 piezas<\/td><\/tr><tr><td>N\u00famero de neum\u00e1tico<\/td><td>20.5\/70-16<\/td><td>298\/60R22.5<\/td><td>295\/60R22.5<\/td><\/tr><tr><td>Potencia coincidente<\/td><td>\u226550HP<\/td><td>\u226560.3kw<\/td><td>\u226570kw<\/td><\/tr><tr><td>Capacidad m\u00e1xima de carga<\/td><td>2400kg<\/td><td>4800kg<\/td><td>6000kg<\/td><\/tr><tr><td>Eficiencia de trabajo<\/td><td>5-10min\/truck<\/td><td>5-10min\/truck<\/td><td>5-10min\/truck<\/td><\/tr><\/tbody><\/table><figcaption class=\"wp-element-caption\">Par\u00e1metros t\u00e9cnicos de los camiones esparcidores de fertilizantes<\/figcaption><\/figure>    <p class=\"translation-block\">Tambi\u00e9n ofrecemos una variedad de otras m\u00e1quinas agr\u00edcolas, como <strong><em><a href=\"https:\/\/www.agriculture-machine.com\/es\/cow-dung-cleaning-machine\/\">limpiadores y recolectores de esti\u00e9rcol de ganado<\/a><\/em><\/strong>, para ayudar a mejorar la eficiencia general de la gesti\u00f3n agr\u00edcola. No dude en contactarnos para una cotizaci\u00f3n gratuita, videos del equipo y asesoramiento t\u00e9cnico experto.<\/p>","protected":false},"excerpt":{"rendered":"<p>El cami\u00f3n esparcidor de fertilizantes accionado por PTO de Taizy maneja eficientemente esti\u00e9rcol seco\/h\u00famedo, fertilizantes org\u00e1nicos\/granulares. Con una capacidad de 3\u201312m\u00b3 y un ancho de distribuci\u00f3n de 4\u201316m, aumenta la productividad agr\u00edcola y reduce la mano de obra.<\/p>","protected":false},"author":1,"featured_media":17573,"parent":0,"comment_status":"open","ping_status":"closed","template":"","tags":[2646],"product-type":[162,2],"class_list":["post-17559","product","type-product","status-publish","has-post-thumbnail","hentry","tag-manure","product-type-other-type","product-type-products"],"_links":{"self":[{"href":"https:\/\/www.agriculture-machine.com\/es\/wp-json\/wp\/v2\/product\/17559","targetHints":{"allow":["GET"]}}],"collection":[{"href":"https:\/\/www.agriculture-machine.com\/es\/wp-json\/wp\/v2\/product"}],"about":[{"href":"https:\/\/www.agriculture-machine.com\/es\/wp-json\/wp\/v2\/types\/product"}],"author":[{"embeddable":true,"href":"https:\/\/www.agriculture-machine.com\/es\/wp-json\/wp\/v2\/users\/1"}],"replies":[{"embeddable":true,"href":"https:\/\/www.agriculture-machine.com\/es\/wp-json\/wp\/v2\/comments?post=17559"}],"wp:featuredmedia":[{"embeddable":true,"href":"https:\/\/www.agriculture-machine.com\/es\/wp-json\/wp\/v2\/media\/17573"}],"wp:attachment":[{"href":"https:\/\/www.agriculture-machine.com\/es\/wp-json\/wp\/v2\/media?parent=17559"}],"wp:term":[{"taxonomy":"post_tag","embeddable":true,"href":"https:\/\/www.agriculture-machine.com\/es\/wp-json\/wp\/v2\/tags?post=17559"},{"taxonomy":"product-type","embeddable":true,"href":"https:\/\/www.agriculture-machine.com\/es\/wp-json\/wp\/v2\/product-type?post=17559"}],"curies":[{"name":"wp","href":"https:\/\/api.w.org\/{rel}","templated":true}]}}