{"id":17605,"date":"2026-04-02T15:32:46","date_gmt":"2026-04-02T07:32:46","guid":{"rendered":"https:\/\/www.agriculture-machine.com\/?post_type=product&#038;p=17605"},"modified":"2026-04-02T15:32:48","modified_gmt":"2026-04-02T07:32:48","slug":"forage-harvester","status":"publish","type":"product","link":"https:\/\/www.agriculture-machine.com\/es\/forage-harvester\/","title":{"rendered":"Cosechadora de forraje para ensilado: soluciones sobre ruedas, orugas y montadas"},"content":{"rendered":"<p>La cosechadora de ensilaje es una m\u00e1quina agr\u00edcola y ganadera moderna que integra corte, picado, transporte y descarga en una sola unidad. Se usa ampliamente para la cosecha y procesamiento de cultivos de ensilaje como tallos de ma\u00edz, hierba forrajera y sorgo. Permite operaci\u00f3n continua y cosecha y carga simult\u00e1neas, reduciendo significativamente la mano de obra y mejorando la eficiencia operativa.<\/p>    <p>Dependiendo del modelo y la configuraci\u00f3n, el equipo puede lograr una eficiencia operativa de 0.3\u20131.0 hect\u00e1reas por hora, con longitudes de corte ajustables (normalmente 5\u201320 mm). Esto asegura que el ensilaje sea m\u00e1s f\u00e1cil de compactar y fermentar, mejorando la calidad y utilizaci\u00f3n del alimento.<\/p>    <figure class=\"wp-block-embed aligncenter is-type-video is-provider-youtube wp-block-embed-youtube wp-embed-aspect-16-9 wp-has-aspect-ratio\"><div class=\"wp-block-embed__wrapper\"> <iframe loading=\"lazy\" title=\"Cosechadora de ensilaje de orugas | Rendimiento potente para una cosecha eficiente de forraje#ensilaje\" width=\"500\" height=\"281\" src=\"https:\/\/www.youtube.com\/embed\/uG3zA_K-sQ0?feature=oembed\" frameborder=\"0\" allow=\"accelerometer; autoplay; clipboard-write; encrypted-media; gyroscope; picture-in-picture; web-share\" referrerpolicy=\"strict-origin-when-cross-origin\" allowfullscreen><\/iframe> <\/div><figcaption class=\"wp-element-caption\">Video de trabajo de la m\u00e1quina cosechadora de forraje autopropulsada<\/figcaption><\/figure>    <p>Esta serie ofrece una variedad de cabezales de ensilaje, incluyendo modelos con ruedas, con orugas y mochila, permitiendo una selecci\u00f3n flexible seg\u00fan las condiciones del terreno y la escala de operaci\u00f3n. Adecuados para pastizales, granjas ganaderas y cooperativas agr\u00edcolas, estos equipos ayudan a lograr una producci\u00f3n mecanizada y a gran escala de ensilaje.<\/p>    <h2 class=\"wp-block-heading\">Aplicaciones de la m\u00e1quina cosechadora de ensilaje<\/h2>    <p>Las cosechadoras de ensilaje se utilizan principalmente para cosechar y procesar diversos cultivos forrajeros y tienen una amplia gama de aplicaciones:<\/p>    <ul class=\"wp-block-list\"> <li>Cosecha y picado de toda la planta de ensilaje de ma\u00edz.<\/li>    <li>Procesamiento de cultivos forrajeros como alfalfa y ryegrass.<\/li>    <li>Utilizaci\u00f3n de cultivos de paja como sorgo y ca\u00f1a de az\u00facar.<\/li>    <li>Procesamiento y almacenamiento diario de alimento en granjas ganaderas.<\/li>    <li>Operaciones centralizadas en cooperativas agr\u00edcolas y grandes explotaciones.<\/li> <\/ul>    <figure class=\"wp-block-gallery has-nested-images columns-default is-cropped wp-block-gallery-2 is-layout-flex wp-block-gallery-is-layout-flex\"> <figure class=\"wp-block-image size-large\"><img loading=\"lazy\" decoding=\"async\" width=\"720\" height=\"540\" data-id=\"17612\" src=\"https:\/\/www.agriculture-machine.com\/wp-content\/uploads\/2026\/04\/wheeled-forage-harvester.webp\" alt=\"Cosechadora de forraje con ruedas\" class=\"wp-image-17612\" srcset=\"https:\/\/www.agriculture-machine.com\/wp-content\/uploads\/2026\/04\/wheeled-forage-harvester.webp 720w, https:\/\/www.agriculture-machine.com\/wp-content\/uploads\/2026\/04\/wheeled-forage-harvester-360x270.webp 360w, https:\/\/www.agriculture-machine.com\/wp-content\/uploads\/2026\/04\/wheeled-forage-harvester-240x180.webp 240w, https:\/\/www.agriculture-machine.com\/wp-content\/uploads\/2026\/04\/wheeled-forage-harvester-16x12.webp 16w\" sizes=\"auto, (max-width: 720px) 100vw, 720px\" \/><figcaption class=\"wp-element-caption\">Cosechadora de forraje con ruedas<\/figcaption><\/figure>    <figure class=\"wp-block-image size-large\"><img loading=\"lazy\" decoding=\"async\" width=\"720\" height=\"540\" data-id=\"17611\" src=\"https:\/\/www.agriculture-machine.com\/wp-content\/uploads\/2026\/04\/self\u2011propelled-silage-harvester.webp\" alt=\"Cosechadora de ensilaje autopropulsada\" class=\"wp-image-17611\" srcset=\"https:\/\/www.agriculture-machine.com\/wp-content\/uploads\/2026\/04\/self\u2011propelled-silage-harvester.webp 720w, https:\/\/www.agriculture-machine.com\/wp-content\/uploads\/2026\/04\/self\u2011propelled-silage-harvester-360x270.webp 360w, https:\/\/www.agriculture-machine.com\/wp-content\/uploads\/2026\/04\/self\u2011propelled-silage-harvester-240x180.webp 240w, https:\/\/www.agriculture-machine.com\/wp-content\/uploads\/2026\/04\/self\u2011propelled-silage-harvester-16x12.webp 16w\" sizes=\"auto, (max-width: 720px) 100vw, 720px\" \/><figcaption class=\"wp-element-caption\">Cosechadora de ensilaje autopropulsada<\/figcaption><\/figure> <\/figure>    <h2 class=\"wp-block-heading\">Ventajas estructurales de la cosechadora de ensilaje<\/h2>    <p>En t\u00e9rminos de dise\u00f1o estructural, el cosechador de forraje pone mayor \u00e9nfasis en la durabilidad y estabilidad operativa:<\/p>    <ul class=\"wp-block-list\"> <li>Sistema de corte de alta eficiencia: equipado con cuchillas de aleaci\u00f3n resistentes al desgaste para un corte uniforme, mejorando la calidad del ensilaje.<\/li>    <li>Sistema de expulsi\u00f3n potente: larga distancia de expulsi\u00f3n que permite carga directa en camiones, reduciendo pasos intermedios.<\/li>    <li>Sistema de control hidr\u00e1ulico: operaci\u00f3n flexible que se adapta a diferentes alturas y densidades de cultivo.<\/li>    <li>Dise\u00f1o compacto del chasis: giro \u00e1gil y excelente maniobrabilidad, adecuado para diversos terrenos.<\/li>    <li>Componentes clave reforzados: prolonga la vida \u00fatil y reduce los costos de mantenimiento.<\/li> <\/ul>    <h2 class=\"wp-block-heading\">\u00bfC\u00f3mo funciona la m\u00e1quina cosechadora de ensilaje?<\/h2>    <p>La cosechadora de ensilaje utiliza su tren motriz para impulsar la cabecera frontal, que corta el cultivo y lo alimenta en la unidad de picado, donde es triturado por cuchillas de alta velocidad.<\/p>    <p>The material is then carried by an airflow generated by the fan into the discharge chute and directly discharged into the transport vehicle, achieving an integrated &#8220;harvesting\u2013chopping\u2013loading&#8221; workflow.<\/p>    <figure class=\"wp-block-embed aligncenter is-type-video is-provider-youtube wp-block-embed-youtube wp-embed-aspect-16-9 wp-has-aspect-ratio\"><div class=\"wp-block-embed__wrapper\"> <iframe loading=\"lazy\" title=\"M\u00e1quina cosechadora de ensilaje trabajando en el campo | Cosecha eficiente de forraje \ud83c\udf3d\ud83d\ude9c#ensilaje\" width=\"500\" height=\"281\" src=\"https:\/\/www.youtube.com\/embed\/Nyi1S7FPDEs?feature=oembed\" frameborder=\"0\" allow=\"accelerometer; autoplay; clipboard-write; encrypted-media; gyroscope; picture-in-picture; web-share\" referrerpolicy=\"strict-origin-when-cross-origin\" allowfullscreen><\/iframe> <\/div><figcaption class=\"wp-element-caption\">Video de una cosechadora de ensilaje en acci\u00f3n en el campo<\/figcaption><\/figure>    <h2 class=\"wp-block-heading\">Introducci\u00f3n a tres tipos de cosechadoras de ensilaje<\/h2>    <h3 class=\"wp-block-heading\">Cosechadora de ensilaje con ruedas<\/h3>    <p>Los modelos con ruedas son adecuados para operar en tierras planas y de gran tama\u00f1o.<\/p>    <p>Presentan velocidades de desplazamiento r\u00e1pidas, alta eficiencia operativa y f\u00e1cil reubicaci\u00f3n, lo que las hace ideales para operaciones agr\u00edcolas a gran escala.<\/p>    <h3 class=\"wp-block-heading\">Cosechadora de ensilaje con orugas<\/h3>    <p>Los modelos con orugas est\u00e1n dise\u00f1ados principalmente para terrenos fangosos, h\u00famedos o complejos.<\/p>    <p>Ofrecen excelente tracci\u00f3n y estabilidad, son menos propensas a resbalar, y son especialmente adecuadas para campos de arroz en regiones del sur o condiciones de operaci\u00f3n en temporada de lluvias.<\/p>    <h3 class=\"wp-block-heading\">Cortador de ensilaje montado<\/h3>    <p>Los cortadores montados requieren uso con un tractor y tienen costos de inversi\u00f3n totales menores.<\/p>    <p>Ofrecen alta flexibilidad y son adecuados para peque\u00f1os y medianos agricultores u operaciones en parcelas dispersas, siendo una opci\u00f3n econ\u00f3mica y pr\u00e1ctica.<\/p>    <figure class=\"wp-block-gallery has-nested-images columns-default is-cropped wp-block-gallery-3 is-layout-flex wp-block-gallery-is-layout-flex\"> <figure class=\"wp-block-image size-large\"><img loading=\"lazy\" decoding=\"async\" width=\"720\" height=\"540\" data-id=\"17614\" src=\"https:\/\/www.agriculture-machine.com\/wp-content\/uploads\/2026\/04\/silage-straw-cutting-harvester.webp\" alt=\"Cosechadora de paja de ensilaje\" class=\"wp-image-17614\" srcset=\"https:\/\/www.agriculture-machine.com\/wp-content\/uploads\/2026\/04\/silage-straw-cutting-harvester.webp 720w, https:\/\/www.agriculture-machine.com\/wp-content\/uploads\/2026\/04\/silage-straw-cutting-harvester-360x270.webp 360w, https:\/\/www.agriculture-machine.com\/wp-content\/uploads\/2026\/04\/silage-straw-cutting-harvester-240x180.webp 240w, https:\/\/www.agriculture-machine.com\/wp-content\/uploads\/2026\/04\/silage-straw-cutting-harvester-16x12.webp 16w\" sizes=\"auto, (max-width: 720px) 100vw, 720px\" \/><figcaption class=\"wp-element-caption\">Cosechadora de paja de ensilaje<\/figcaption><\/figure>    <figure class=\"wp-block-image size-large\"><img loading=\"lazy\" decoding=\"async\" width=\"720\" height=\"540\" data-id=\"17613\" src=\"https:\/\/www.agriculture-machine.com\/wp-content\/uploads\/2026\/04\/crawler-silage-harvesting-machine.webp\" alt=\"Cosechadora de ensilaje con orugas\" class=\"wp-image-17613\" srcset=\"https:\/\/www.agriculture-machine.com\/wp-content\/uploads\/2026\/04\/crawler-silage-harvesting-machine.webp 720w, https:\/\/www.agriculture-machine.com\/wp-content\/uploads\/2026\/04\/crawler-silage-harvesting-machine-360x270.webp 360w, https:\/\/www.agriculture-machine.com\/wp-content\/uploads\/2026\/04\/crawler-silage-harvesting-machine-240x180.webp 240w, https:\/\/www.agriculture-machine.com\/wp-content\/uploads\/2026\/04\/crawler-silage-harvesting-machine-16x12.webp 16w\" sizes=\"auto, (max-width: 720px) 100vw, 720px\" \/><figcaption class=\"wp-element-caption\">Cosechadora de ensilaje con orugas<\/figcaption><\/figure> <\/figure>    <h2 class=\"wp-block-heading\">What&#8217;s the price of a green feed harvester?<\/h2>    <p>El precio de las cosechadoras de ensilaje est\u00e1 principalmente influenciado por el tipo de equipo, las especificaciones de potencia y las diferencias funcionales:<\/p>    <ul class=\"wp-block-list\"> <li>Estilo mochila: menor inversi\u00f3n inicial, adecuado para usuarios con presupuestos limitados.<\/li>    <li>Con ruedas \/ con orugas: precio relativamente m\u00e1s alto, pero con mayor eficiencia y mayor grado de automatizaci\u00f3n.<\/li> <\/ul>    <p>Ofrecemos configuraciones personalizadas seg\u00fan las necesidades del cliente. No dude en contactarnos para cotizaciones y recomendaciones detalladas.<\/p>    <h2 class=\"wp-block-heading\">\u00bfC\u00f3mo elegir la cosechadora de forraje adecuada?<\/h2>    <p>Al comprar una cosechadora de ensilaje, recomendamos centrarse en los siguientes factores:<\/p>    <ul class=\"wp-block-list\"> <li>Condiciones del terreno: los modelos con ruedas son preferibles para terrenos planos, mientras que los modelos con orugas son recomendados para terrenos complejos.<\/li>    <li>Escala operativa: cuanto mayor sea el \u00e1rea, m\u00e1s eficiente debe ser el modelo.<\/li>    <li>Emparejamiento de potencia: confirmar que la potencia del tractor o sistema autopropulsado sea compatible.<\/li>    <li>Rendimiento de picado: esto afecta directamente la calidad del ensilaje y su utilizaci\u00f3n posterior.<\/li>    <li>Servicio postventa: garantizar un funcionamiento estable y a largo plazo del equipo.<\/li> <\/ul>    <figure class=\"wp-block-gallery has-nested-images columns-default is-cropped wp-block-gallery-4 is-layout-flex wp-block-gallery-is-layout-flex\"> <figure class=\"wp-block-image size-large\"><img loading=\"lazy\" decoding=\"async\" width=\"720\" height=\"540\" data-id=\"17615\" src=\"https:\/\/www.agriculture-machine.com\/wp-content\/uploads\/2026\/04\/corn-forage-harvester-machine.webp\" alt=\"Cosechadora de forraje de ma\u00edz\" class=\"wp-image-17615\" srcset=\"https:\/\/www.agriculture-machine.com\/wp-content\/uploads\/2026\/04\/corn-forage-harvester-machine.webp 720w, https:\/\/www.agriculture-machine.com\/wp-content\/uploads\/2026\/04\/corn-forage-harvester-machine-360x270.webp 360w, https:\/\/www.agriculture-machine.com\/wp-content\/uploads\/2026\/04\/corn-forage-harvester-machine-240x180.webp 240w, https:\/\/www.agriculture-machine.com\/wp-content\/uploads\/2026\/04\/corn-forage-harvester-machine-16x12.webp 16w\" sizes=\"auto, (max-width: 720px) 100vw, 720px\" \/><figcaption class=\"wp-element-caption\">Cosechadora de forraje de ma\u00edz<\/figcaption><\/figure>    <figure class=\"wp-block-image size-large\"><img loading=\"lazy\" decoding=\"async\" width=\"720\" height=\"540\" data-id=\"17616\" src=\"https:\/\/www.agriculture-machine.com\/wp-content\/uploads\/2026\/04\/forage-crop-harvesting-machine.webp\" alt=\"m\u00e1quina de cosecha de cultivos forrajeros\" class=\"wp-image-17616\" srcset=\"https:\/\/www.agriculture-machine.com\/wp-content\/uploads\/2026\/04\/forage-crop-harvesting-machine.webp 720w, https:\/\/www.agriculture-machine.com\/wp-content\/uploads\/2026\/04\/forage-crop-harvesting-machine-360x270.webp 360w, https:\/\/www.agriculture-machine.com\/wp-content\/uploads\/2026\/04\/forage-crop-harvesting-machine-240x180.webp 240w, https:\/\/www.agriculture-machine.com\/wp-content\/uploads\/2026\/04\/forage-crop-harvesting-machine-16x12.webp 16w\" sizes=\"auto, (max-width: 720px) 100vw, 720px\" \/><figcaption class=\"wp-element-caption\">m\u00e1quina de cosecha de cultivos forrajeros<\/figcaption><\/figure> <\/figure>    <h2 class=\"wp-block-heading\">Par\u00e1metros t\u00e9cnicos del cosechador de forraje verde en ensilaje<\/h2>    <figure class=\"wp-block-table is-style-stripes\"><table class=\"has-fixed-layout\"><tbody><tr><td><strong>Art\u00edculo<\/strong><\/td><td><strong>Tipo con ruedas<\/strong><\/td><td><strong>Tipo con orugas<\/strong><\/td><td><strong>Tipo montado<\/strong><\/td><\/tr><tr><td>Potencia<\/td><td>50\u2013100 HP<\/td><td>60\u2013120 HP<\/td><td>Tractor \u226550 HP<\/td><\/tr><tr><td>Capacidad<\/td><td>0.5\u20131.0 ha\/h<\/td><td>0.3\u20130.8 ha\/h<\/td><td>0.3\u20130.6 ha\/h<\/td><\/tr><tr><td>Longitud de corte<\/td><td>5\u201320 mm<\/td><td>5\u201320 mm<\/td><td>5\u201320 mm<\/td><\/tr><tr><td>Ancho de trabajo<\/td><td>1.3\u20132.2 m<\/td><td>1.3\u20132.0 m<\/td><td>1.0\u20131.8 m<\/td><\/tr><tr><td>Tipo de descarga<\/td><td>Lanzamiento hidr\u00e1ulico<\/td><td>Lanzamiento hidr\u00e1ulico<\/td><td>Accionamiento por PTO<\/td><\/tr><tr><td>Aplicaci\u00f3n<\/td><td>Terreno llano<\/td><td>Terreno h\u00famedo \/ accidentado<\/td><td>Peque\u00f1as explotaciones<\/td><\/tr><\/tbody><\/table><figcaption class=\"wp-element-caption\">Par\u00e1metros t\u00e9cnicos de las m\u00e1quinas cosechadoras de ensilaje<\/figcaption><\/figure>    <p class=\"translation-block\">Cuando se usa junto con equipos como cortadoras de paja, <strong><em><a href=\"https:\/\/www.agriculture-machine.com\/es\/silage-machine\/sliage-baler\/\">m\u00e1quinas envolvedoras de pacas de ensilaje<\/a><\/em><\/strong>, este cosechador de forraje puede formar un sistema completo que cubre todo desde la cosecha hasta el almacenamiento y la utilizaci\u00f3n, mejorando significativamente la eficiencia en la ganader\u00eda.<\/p>    <p>Si busca una soluci\u00f3n de ensilaje eficiente y confiable, no dude en contactarnos en cualquier momento para videos de equipos, cotizaciones y recomendaciones personalizadas.<\/p>","protected":false},"excerpt":{"rendered":"<p>La cosechadora de ensilaje integra corte, picado y soplado para lograr una cosecha eficiente de ensilaje. Con m\u00faltiples tipos disponibles, se adapta a diferentes terrenos y ayuda a mejorar la productividad mientras reduce la mano de obra.<\/p>","protected":false},"author":1,"featured_media":17610,"parent":0,"comment_status":"open","ping_status":"closed","template":"","tags":[772,591],"product-type":[162,2],"class_list":["post-17605","product","type-product","status-publish","has-post-thumbnail","hentry","tag-forage","tag-silage","product-type-other-type","product-type-products"],"_links":{"self":[{"href":"https:\/\/www.agriculture-machine.com\/es\/wp-json\/wp\/v2\/product\/17605","targetHints":{"allow":["GET"]}}],"collection":[{"href":"https:\/\/www.agriculture-machine.com\/es\/wp-json\/wp\/v2\/product"}],"about":[{"href":"https:\/\/www.agriculture-machine.com\/es\/wp-json\/wp\/v2\/types\/product"}],"author":[{"embeddable":true,"href":"https:\/\/www.agriculture-machine.com\/es\/wp-json\/wp\/v2\/users\/1"}],"replies":[{"embeddable":true,"href":"https:\/\/www.agriculture-machine.com\/es\/wp-json\/wp\/v2\/comments?post=17605"}],"wp:featuredmedia":[{"embeddable":true,"href":"https:\/\/www.agriculture-machine.com\/es\/wp-json\/wp\/v2\/media\/17610"}],"wp:attachment":[{"href":"https:\/\/www.agriculture-machine.com\/es\/wp-json\/wp\/v2\/media?parent=17605"}],"wp:term":[{"taxonomy":"post_tag","embeddable":true,"href":"https:\/\/www.agriculture-machine.com\/es\/wp-json\/wp\/v2\/tags?post=17605"},{"taxonomy":"product-type","embeddable":true,"href":"https:\/\/www.agriculture-machine.com\/es\/wp-json\/wp\/v2\/product-type?post=17605"}],"curies":[{"name":"wp","href":"https:\/\/api.w.org\/{rel}","templated":true}]}}