{"id":17620,"date":"2026-04-08T15:42:05","date_gmt":"2026-04-08T07:42:05","guid":{"rendered":"https:\/\/www.agriculture-machine.com\/?post_type=product&#038;p=17620"},"modified":"2026-04-08T15:43:54","modified_gmt":"2026-04-08T07:43:54","slug":"tmr-silage-mixer-and-spreader","status":"publish","type":"product","link":"https:\/\/www.agriculture-machine.com\/es\/tmr-silage-mixer-and-spreader\/","title":{"rendered":"Mezclador y distribuidor de ensilaje TMR di\u00e9sel de 5m\u00b3"},"content":{"rendered":"<p>El mezclador y distribuidor de ensilaje TMR di\u00e9sel de 5m\u00b3 es adecuado para granjas de leche y carne de tama\u00f1o medio a grande, integrando molienda, mezcla uniforme y distribuci\u00f3n autom\u00e1tica en una sola unidad. Con un motor di\u00e9sel de 35 caballos de fuerza, est\u00e1 disponible en configuraciones vertical y horizontal. Con una capacidad total de 5m\u00b3, puede satisfacer las necesidades de alimentaci\u00f3n de cientos de animales en una sola operaci\u00f3n.<\/p>    <p>El proceso completo\u2014desde la carga hasta la mezcla y la dispensaci\u00f3n\u2014est\u00e1 completamente automatizado. Equipado con una tolva hidr\u00e1ulica de carga, un sistema de descarga por banda y un sistema de pesaje preciso, garantiza efectivamente la uniformidad del alimento y la precisi\u00f3n en la alimentaci\u00f3n. En comparaci\u00f3n con los m\u00e9todos tradicionales de alimentaci\u00f3n manual, reduce los costos laborales en m\u00e1s del 50%, mejorando significativamente la eficiencia de la alimentaci\u00f3n y los est\u00e1ndares de gesti\u00f3n de la granja.<\/p>    <figure class=\"wp-block-embed aligncenter is-type-video is-provider-youtube wp-block-embed-youtube wp-embed-aspect-16-9 wp-has-aspect-ratio\"><div class=\"wp-block-embed__wrapper\"> <iframe loading=\"lazy\" title=\"5m\u00b3 Diesel Silage Mixer &amp; Feed Spreader Truck | Powerful &amp; Efficient Feeding Solution#silage\" width=\"500\" height=\"281\" src=\"https:\/\/www.youtube.com\/embed\/-03Ujdk6nXE?feature=oembed\" frameborder=\"0\" allow=\"accelerometer; autoplay; clipboard-write; encrypted-media; gyroscope; picture-in-picture; web-share\" referrerpolicy=\"strict-origin-when-cross-origin\" allowfullscreen><\/iframe> <\/div><figcaption class=\"wp-element-caption\">Operaci\u00f3n y sitio de trabajo de la m\u00e1quina mezcladora y distribuidora de ensilaje TMR.<\/figcaption><\/figure>    <h2 class=\"wp-block-heading\">Aplicaciones del remolque mezclador de ensilaje TMR<\/h2>    <ul class=\"wp-block-list\"> <li>Granjas de ganado a gran escala, incluyendo granjas lecheras, de carne y de ovejas.<\/li>    <li>Alimentaci\u00f3n mixta de diversos alimentos, como ensilaje, heno y concentrados.<\/li>    <li>Adecuado para alimentaci\u00f3n diaria y gesti\u00f3n de precisi\u00f3n en granjas medianas y grandes.<\/li>    <li>Puede usarse para la preparaci\u00f3n y distribuci\u00f3n uniforme de TMR (Raciones Totales Mezcladas).<\/li> <\/ul>    <h2 class=\"wp-block-heading\">Ventajas del mezclador y distribuidor de ensilaje TMR<\/h2>    <ul class=\"wp-block-list\"> <li>Operaci\u00f3n todo en uno: combina alimentaci\u00f3n, mezcla, transporte y distribuci\u00f3n en una sola unidad, reduciendo costos de equipo.<\/li>    <li>Alta eficiencia y ahorro de energ\u00eda: con un dise\u00f1o de gran capacidad de 5m\u00b3, puede satisfacer las necesidades de alimentaci\u00f3n de cientos de vacas en una sola operaci\u00f3n.<\/li>    <li>Alimentaci\u00f3n precisa: equipado con un sistema de pesaje para garantizar proporciones de alimentaci\u00f3n cient\u00edficamente precisas y minimizar desperdicios.<\/li>    <li>Dise\u00f1o flexible: disponible en configuraciones vertical (para una mezcla m\u00e1s uniforme) y horizontal (para una descarga m\u00e1s r\u00e1pida).<\/li>    <li>Operaci\u00f3n f\u00e1cil de usar: el sistema de control hidr\u00e1ulico permite que un solo operador realice todas las tareas.<\/li>    <li>Estable y duradero: cuenta con un chasis de alta resistencia y construcci\u00f3n en acero de alta resistencia para soportar entornos desafiantes en la granja.<\/li> <\/ul>    <figure class=\"wp-block-gallery has-nested-images columns-default is-cropped wp-block-gallery-2 is-layout-flex wp-block-gallery-is-layout-flex\"> <figure class=\"wp-block-image size-large\"><img loading=\"lazy\" decoding=\"async\" width=\"720\" height=\"540\" data-id=\"17626\" src=\"https:\/\/www.agriculture-machine.com\/wp-content\/uploads\/2026\/04\/TMR-silage-mixer-and-spreader.webp\" alt=\"Mezclador y distribuidor de ensilaje TMR\" class=\"wp-image-17626\" srcset=\"https:\/\/www.agriculture-machine.com\/wp-content\/uploads\/2026\/04\/TMR-silage-mixer-and-spreader.webp 720w, https:\/\/www.agriculture-machine.com\/wp-content\/uploads\/2026\/04\/TMR-silage-mixer-and-spreader-360x270.webp 360w, https:\/\/www.agriculture-machine.com\/wp-content\/uploads\/2026\/04\/TMR-silage-mixer-and-spreader-240x180.webp 240w, https:\/\/www.agriculture-machine.com\/wp-content\/uploads\/2026\/04\/TMR-silage-mixer-and-spreader-16x12.webp 16w\" sizes=\"auto, (max-width: 720px) 100vw, 720px\" \/><figcaption class=\"wp-element-caption\">Mezclador y distribuidor de ensilaje TMR<\/figcaption><\/figure>    <figure class=\"wp-block-image size-large\"><img loading=\"lazy\" decoding=\"async\" width=\"720\" height=\"540\" data-id=\"17625\" src=\"https:\/\/www.agriculture-machine.com\/wp-content\/uploads\/2026\/04\/feed-mixing-and-spreading-machine.webp\" alt=\"M\u00e1quina de mezcla y distribuci\u00f3n de alimentaci\u00f3n\" class=\"wp-image-17625\" srcset=\"https:\/\/www.agriculture-machine.com\/wp-content\/uploads\/2026\/04\/feed-mixing-and-spreading-machine.webp 720w, https:\/\/www.agriculture-machine.com\/wp-content\/uploads\/2026\/04\/feed-mixing-and-spreading-machine-360x270.webp 360w, https:\/\/www.agriculture-machine.com\/wp-content\/uploads\/2026\/04\/feed-mixing-and-spreading-machine-240x180.webp 240w, https:\/\/www.agriculture-machine.com\/wp-content\/uploads\/2026\/04\/feed-mixing-and-spreading-machine-16x12.webp 16w\" sizes=\"auto, (max-width: 720px) 100vw, 720px\" \/><figcaption class=\"wp-element-caption\">M\u00e1quina de mezcla y distribuci\u00f3n de alimentaci\u00f3n<\/figcaption><\/figure> <\/figure>    <h2 class=\"wp-block-heading\">\u00bfC\u00f3mo funciona el mezclador y distribuidor de alimentaci\u00f3n para ganado?<\/h2>    <ol class=\"wp-block-list\"> <li>El ensilaje, forraje y concentrados se alimentan en la tolva mediante un sistema de carga hidr\u00e1ulica.<\/li>    <li>El sistema de mezcla corta y mezcla el alimento para crear una raci\u00f3n TMR uniforme.<\/li>    <li>Una vez finalizada la mezcla, el alimento se distribuye de manera uniforme mediante un sistema de banda lateral.<\/li>    <li>Todo el proceso es controlado por un sistema hidr\u00e1ulico, asegurando una operaci\u00f3n continua y eficiente.<\/li> <\/ol>    <h2 class=\"wp-block-heading\">Especificaciones del veh\u00edculo de mezcla y distribuci\u00f3n de ensilaje<\/h2>    <figure class=\"wp-block-table is-style-stripes\"><table class=\"has-fixed-layout\"><tbody><tr><td><strong>Art\u00edculo<\/strong><\/td><td><strong>Tipo vertical (5m\u00b3)<\/strong><\/td><td><strong>Tipo horizontal (5m\u00b3)<\/strong><\/td><\/tr><tr><td>Modelo<\/td><td>TMR-5 Vertical<\/td><td>Horizontal TMR-5<\/td><\/tr><tr><td>Capacidad<\/td><td>5 m\u00b3<\/td><td>5 m\u00b3<\/td><\/tr><tr><td>Dimensiones (L\u00d7An\u00d7Al)<\/td><td>5250\u00d72300\u00d72580 mm<\/td><td>4700\u00d71700\u00d72200 mm<\/td><\/tr><tr><td>Peso<\/td><td>2874 kg<\/td><td>3500 kg<\/td><\/tr><tr><td>Potencia<\/td><td>Motor di\u00e9sel de 35 HP<\/td><td>Motor di\u00e9sel de 35 HP<\/td><\/tr><tr><td>Chasis<\/td><td>Wuzheng de 5 ruedas<\/td><td>Triciclo\/Wuzheng de 4 ruedas<\/td><\/tr><tr><td>Sistema de alimentaci\u00f3n<\/td><td>Tolva hidr\u00e1ulica elevadora<\/td><td>Alimentaci\u00f3n hidr\u00e1ulica<\/td><\/tr><tr><td>M\u00e9todo de descarga<\/td><td>Transportador de banda hidr\u00e1ulico<\/td><td>Raspador \/ descarga por banda<\/td><\/tr><tr><td>Tipo de mezcla<\/td><td>Husillo vertical<\/td><td>Husillo horizontal<\/td><\/tr><tr><td>Sistema de pesaje<\/td><td>S\u00ed<\/td><td>Opcional<\/td><\/tr><tr><td>Sistema de transmisi\u00f3n<\/td><td>Hidr\u00e1ulico<\/td><td>Cadena   hidr\u00e1ulico<\/td><\/tr><tr><td>Cantidad de neum\u00e1ticos<\/td><td>5 piezas<\/td><td>3\u20134 piezas<\/td><\/tr><\/tbody><\/table><figcaption class=\"wp-element-caption\">Par\u00e1metros t\u00e9cnicos de la m\u00e1quina mezcladora y distribuidora de ensilaje di\u00e9sel<\/figcaption><\/figure>    <figure class=\"wp-block-gallery has-nested-images columns-default is-cropped wp-block-gallery-3 is-layout-flex wp-block-gallery-is-layout-flex\"> <figure class=\"wp-block-image size-large\"><img loading=\"lazy\" decoding=\"async\" width=\"720\" height=\"540\" data-id=\"17623\" src=\"https:\/\/www.agriculture-machine.com\/wp-content\/uploads\/2026\/04\/silage-mixing-and-spreading-car.webp\" alt=\"Veh\u00edculo de mezcla y distribuci\u00f3n de ensilaje\" class=\"wp-image-17623\" srcset=\"https:\/\/www.agriculture-machine.com\/wp-content\/uploads\/2026\/04\/silage-mixing-and-spreading-car.webp 720w, https:\/\/www.agriculture-machine.com\/wp-content\/uploads\/2026\/04\/silage-mixing-and-spreading-car-360x270.webp 360w, https:\/\/www.agriculture-machine.com\/wp-content\/uploads\/2026\/04\/silage-mixing-and-spreading-car-240x180.webp 240w, https:\/\/www.agriculture-machine.com\/wp-content\/uploads\/2026\/04\/silage-mixing-and-spreading-car-16x12.webp 16w\" sizes=\"auto, (max-width: 720px) 100vw, 720px\" \/><figcaption class=\"wp-element-caption\">Veh\u00edculo de mezcla y distribuci\u00f3n de ensilaje<\/figcaption><\/figure>    <figure class=\"wp-block-image size-large\"><img loading=\"lazy\" decoding=\"async\" width=\"720\" height=\"540\" data-id=\"17624\" src=\"https:\/\/www.agriculture-machine.com\/wp-content\/uploads\/2026\/04\/vertical-feed-mixer-spreader.webp\" alt=\"Mezclador y distribuidor de alimentaci\u00f3n vertical\" class=\"wp-image-17624\" srcset=\"https:\/\/www.agriculture-machine.com\/wp-content\/uploads\/2026\/04\/vertical-feed-mixer-spreader.webp 720w, https:\/\/www.agriculture-machine.com\/wp-content\/uploads\/2026\/04\/vertical-feed-mixer-spreader-360x270.webp 360w, https:\/\/www.agriculture-machine.com\/wp-content\/uploads\/2026\/04\/vertical-feed-mixer-spreader-240x180.webp 240w, https:\/\/www.agriculture-machine.com\/wp-content\/uploads\/2026\/04\/vertical-feed-mixer-spreader-16x12.webp 16w\" sizes=\"auto, (max-width: 720px) 100vw, 720px\" \/><figcaption class=\"wp-element-caption\">Mezclador y distribuidor de alimentaci\u00f3n vertical<\/figcaption><\/figure> <\/figure>    <h2 class=\"wp-block-heading\">\u00bfC\u00f3mo elegir un mezclador y distribuidor de ensilaje adecuado?<\/h2>    <ul class=\"wp-block-list\"> <li>Escala de producci\u00f3n: para reba\u00f1os de menos de 200 animales, se recomienda un modelo de menor capacidad; para reba\u00f1os de 300 o m\u00e1s, se recomienda un modelo de 5 m\u00b3.<\/li>    <li>Tipo de alimento: para alimentos con alto contenido de fibra cruda, se recomienda un modelo vertical; para alimentos con alta fluidez, se recomienda un modelo horizontal.<\/li>    <li>Preferencias de operaci\u00f3n: elija un modelo horizontal para una descarga r\u00e1pida; elija un modelo vertical para una distribuci\u00f3n uniforme.<\/li>    <li>Condiciones del sitio: para pasillos estrechos, se recomienda un chasis de tres ruedas; para pastizales espaciosos, se recomienda un modelo de cuatro ruedas.<\/li> <\/ul>    <h2 class=\"wp-block-heading\">\u00bfPor qu\u00e9 elegirnos?<\/h2>    <ul class=\"wp-block-list\"> <li>Historial comprobado: especializados en maquinaria para ganado, nuestros productos han sido probados y validados en m\u00faltiples mercados.<\/li>    <li>Varias configuraciones disponibles: modelos verticales y horizontales para satisfacer las necesidades de diferentes granjas.<\/li>    <li>Componentes principales confiables: chasis Wuzheng   motor di\u00e9sel de alto rendimiento, que ofrece un rendimiento potente y estable.<\/li>    <li>Servicios personalizados: soluciones adaptadas seg\u00fan el tama\u00f1o de la granja y el reba\u00f1o.<\/li>    <li>Soporte postventa integral: gu\u00eda de instalaci\u00f3n, capacitaci\u00f3n t\u00e9cnica y garant\u00edas de servicio a largo plazo.<\/li> <\/ul>    <figure class=\"wp-block-gallery has-nested-images columns-default is-cropped wp-block-gallery-4 is-layout-flex wp-block-gallery-is-layout-flex\"> <figure class=\"wp-block-image size-large\"><img loading=\"lazy\" decoding=\"async\" width=\"720\" height=\"540\" data-id=\"17627\" src=\"https:\/\/www.agriculture-machine.com\/wp-content\/uploads\/2026\/04\/diesel-silage-feed-mixer-and-spreader.webp\" alt=\"El mezclador y distribuidor de ensilaje TMR di\u00e9sel de 5m\u00b3 integra alimentaci\u00f3n, mezcla y distribuci\u00f3n. Mejora la eficiencia de la alimentaci\u00f3n, garantiza raciones uniformes y reduce los costos laborales para granjas medianas y grandes.\" class=\"wp-image-17627\" srcset=\"https:\/\/www.agriculture-machine.com\/wp-content\/uploads\/2026\/04\/diesel-silage-feed-mixer-and-spreader.webp 720w, https:\/\/www.agriculture-machine.com\/wp-content\/uploads\/2026\/04\/diesel-silage-feed-mixer-and-spreader-360x270.webp 360w, https:\/\/www.agriculture-machine.com\/wp-content\/uploads\/2026\/04\/diesel-silage-feed-mixer-and-spreader-240x180.webp 240w, https:\/\/www.agriculture-machine.com\/wp-content\/uploads\/2026\/04\/diesel-silage-feed-mixer-and-spreader-16x12.webp 16w\" sizes=\"auto, (max-width: 720px) 100vw, 720px\" \/><figcaption class=\"wp-element-caption\">Mezclador y distribuidor de ensilaje di\u00e9sel<\/figcaption><\/figure>    <figure class=\"wp-block-image size-large\"><img loading=\"lazy\" decoding=\"async\" width=\"720\" height=\"540\" data-id=\"17628\" src=\"https:\/\/www.agriculture-machine.com\/wp-content\/uploads\/2026\/04\/horizontal-livestock-feed-mixer-spreader.webp\" alt=\"Mezclador y distribuidor de alimentaci\u00f3n para ganado horizontal\" class=\"wp-image-17628\" srcset=\"https:\/\/www.agriculture-machine.com\/wp-content\/uploads\/2026\/04\/horizontal-livestock-feed-mixer-spreader.webp 720w, https:\/\/www.agriculture-machine.com\/wp-content\/uploads\/2026\/04\/horizontal-livestock-feed-mixer-spreader-360x270.webp 360w, https:\/\/www.agriculture-machine.com\/wp-content\/uploads\/2026\/04\/horizontal-livestock-feed-mixer-spreader-240x180.webp 240w, https:\/\/www.agriculture-machine.com\/wp-content\/uploads\/2026\/04\/horizontal-livestock-feed-mixer-spreader-16x12.webp 16w\" sizes=\"auto, (max-width: 720px) 100vw, 720px\" \/><figcaption class=\"wp-element-caption\">Mezclador y distribuidor de alimentaci\u00f3n para ganado horizontal<\/figcaption><\/figure> <\/figure>    <h2 class=\"wp-block-heading\">Preguntas frecuentes<\/h2>   <div id=\"rank-math-faq\" class=\"rank-math-block\"> <div class=\"rank-math-list\"> <div id=\"faq-question-1775630970816\" class=\"rank-math-list-item\"> <h3 class=\"rank-math-question\">\u00bfCu\u00e1l es la diferencia entre modelos verticales y horizontales?<\/h3> <div class=\"rank-math-answer\">  <p>Los mezcladores verticales proporcionan una mezcla m\u00e1s uniforme y son adecuados para alimentos con alto contenido de fibra; los mezcladores horizontales descargan m\u00e1s r\u00e1pido y son adecuados para una alimentaci\u00f3n de alta eficiencia.<\/p>  <\/div> <\/div> <div id=\"faq-question-1775630981229\" class=\"rank-math-list-item\"> <h3 class=\"rank-math-question\">\u00bfCu\u00e1ntas vacas puede alimentar una unidad?<\/h3> <div class=\"rank-math-answer\">  <p>El modelo de mezclador y distribuidor de ensilaje de 5m\u00b3 puede satisfacer las necesidades diarias de aproximadamente 200\u2013500 vacas.<\/p>  <\/div> <\/div> <div id=\"faq-question-1775631005344\" class=\"rank-math-list-item\"> <h3 class=\"rank-math-question\">\u00bfEs dif\u00edcil operar el equipo?<\/h3> <div class=\"rank-math-answer\">  <p>Con controles hidr\u00e1ulicos completos, un solo operador puede manejar la carga, la mezcla y la dispensaci\u00f3n.<\/p>  <\/div> <\/div> <div id=\"faq-question-1775631016914\" class=\"rank-math-list-item\"> <h3 class=\"rank-math-question\">\u00bfSe requiere un motor di\u00e9sel?<\/h3> <div class=\"rank-math-answer\">  <p>Los motores di\u00e9sel son adecuados para operaciones m\u00f3viles al aire libre, pero tambi\u00e9n ofrecemos modelos con motor el\u00e9ctrico como opci\u00f3n.<\/p>  <\/div> <\/div> <\/div> <\/div>   <p class=\"translation-block\">Tambi\u00e9n ofrecemos una variedad de equipos de alimentaci\u00f3n, incluyendo <strong><em><a href=\"https:\/\/www.agriculture-machine.com\/es\/silage-spreader-feeding-car\/\">dispensadores de forraje motorizados<\/a><\/em><\/strong> y <strong><em><a href=\"https:\/\/www.agriculture-machine.com\/es\/horizontal-tmr-feed-mixer-for-sale-forage-mixer-mash-mixer\/\">mezcladores de ensilaje estacionarios<\/a><\/em><\/strong>, para satisfacer las necesidades de diferentes granjas. No dude en contactarnos para propuestas y cotizaciones detalladas; estamos aqu\u00ed para ofrecerle una soluci\u00f3n integral para la mecanizaci\u00f3n agr\u00edcola.<\/p>","protected":false},"excerpt":{"rendered":"<p>The 5m\u00b3 diesel TMR silage mixer and spreader integrates feeding, mixing, and spreading. It improves feeding efficiency, ensures uniform rations, and reduces labor costs for medium and large farms.<\/p>","protected":false},"author":1,"featured_media":17630,"parent":0,"comment_status":"open","ping_status":"closed","template":"","tags":[772,591],"product-type":[2],"class_list":["post-17620","product","type-product","status-publish","has-post-thumbnail","hentry","tag-forage","tag-silage","product-type-products"],"_links":{"self":[{"href":"https:\/\/www.agriculture-machine.com\/es\/wp-json\/wp\/v2\/product\/17620","targetHints":{"allow":["GET"]}}],"collection":[{"href":"https:\/\/www.agriculture-machine.com\/es\/wp-json\/wp\/v2\/product"}],"about":[{"href":"https:\/\/www.agriculture-machine.com\/es\/wp-json\/wp\/v2\/types\/product"}],"author":[{"embeddable":true,"href":"https:\/\/www.agriculture-machine.com\/es\/wp-json\/wp\/v2\/users\/1"}],"replies":[{"embeddable":true,"href":"https:\/\/www.agriculture-machine.com\/es\/wp-json\/wp\/v2\/comments?post=17620"}],"wp:featuredmedia":[{"embeddable":true,"href":"https:\/\/www.agriculture-machine.com\/es\/wp-json\/wp\/v2\/media\/17630"}],"wp:attachment":[{"href":"https:\/\/www.agriculture-machine.com\/es\/wp-json\/wp\/v2\/media?parent=17620"}],"wp:term":[{"taxonomy":"post_tag","embeddable":true,"href":"https:\/\/www.agriculture-machine.com\/es\/wp-json\/wp\/v2\/tags?post=17620"},{"taxonomy":"product-type","embeddable":true,"href":"https:\/\/www.agriculture-machine.com\/es\/wp-json\/wp\/v2\/product-type?post=17620"}],"curies":[{"name":"wp","href":"https:\/\/api.w.org\/{rel}","templated":true}]}}