{"id":17641,"date":"2026-04-17T15:23:34","date_gmt":"2026-04-17T07:23:34","guid":{"rendered":"https:\/\/www.agriculture-machine.com\/?post_type=product&#038;p=17641"},"modified":"2026-04-17T15:23:35","modified_gmt":"2026-04-17T07:23:35","slug":"tmr-vertical-feed-mixer","status":"publish","type":"product","link":"https:\/\/www.agriculture-machine.com\/es\/tmr-vertical-feed-mixer\/","title":{"rendered":"Mezclador vertical de alimentaci\u00f3n TMR | Carro de mezcla de ensilaje"},"content":{"rendered":"<p>El mezclador vertical de pienso TMR se usa para la preparaci\u00f3n de raciones totales mezcladas en grandes granjas lecheras. El sistema de mezcla con tornillo vertical combina a fondo ensilado, heno, paja, concentrados y suplementos minerales en las proporciones correctas para garantizar una alimentaci\u00f3n equilibrada nutricionalmente.<\/p>    <p>El equipo est\u00e1 disponible en capacidades que van desde 3 hasta 36 m\u00b3. El modelo com\u00fan de 7 m\u00b3 (9JGL-7) cumple con los requisitos diarios de las granjas de ganado de tama\u00f1o medio, completando la mezcla uniforme en 5 a 15 minutos, t\u00edpicamente. <\/p>    <p>Con una capacidad de producci\u00f3n de aproximadamente 3,000\u20134,000 kg\/h y un sistema de potencia de 70 caballos de fuerza o m\u00e1s, es adecuado para granjas de ganado que cr\u00edan vacas, ovejas y otros animales.<\/p>    <p>El mezclador vertical cuenta con cuchillas de aleaci\u00f3n resistentes al desgaste y una estructura de placa de acero reforzado, combinadas con un sistema de pesaje y un dise\u00f1o de caja de cambios de alta resistencia. Esto mejora efectivamente la uniformidad del alimento, reduce la alimentaci\u00f3n selectiva y aumenta la utilizaci\u00f3n del alimento, siendo un equipo esencial para granjas modernas y estandarizadas.<\/p>    <figure class=\"wp-block-embed aligncenter is-type-video is-provider-youtube wp-block-embed-youtube wp-embed-aspect-16-9 wp-has-aspect-ratio\"><div class=\"wp-block-embed__wrapper\"> <iframe loading=\"lazy\" title=\"Mezclador vertical de ensilado TMR | Soluci\u00f3n de alimentaci\u00f3n de ganado de alta eficiencia \ud83d\ude9c\ud83d\udc04#ensilado #mezclador\" width=\"500\" height=\"281\" src=\"https:\/\/www.youtube.com\/embed\/fKL42jTkmH4?feature=oembed\" frameborder=\"0\" allow=\"accelerometer; autoplay; clipboard-write; encrypted-media; gyroscope; picture-in-picture; web-share\" referrerpolicy=\"strict-origin-when-cross-origin\" allowfullscreen><\/iframe> <\/div><figcaption class=\"wp-element-caption\">Video de trabajo del mezclador vertical de ensilado TMR<\/figcaption><\/figure>    <h2 class=\"wp-block-heading\">Aplicaciones del mezclador de pienso para ganado<\/h2>    <p>Este equipo se usa ampliamente en granjas lecheras, de carne, de ovejas y en grandes bases de cr\u00eda de ganado.<\/p>    <p>Puede ser utilizado para la mezcla y combinaci\u00f3n uniforme de ensilado de ma\u00edz, alfalfa, heno, paja y concentrados. Ayuda a establecer un sistema de alimentaci\u00f3n TMR cient\u00edfico y mejora la eficiencia general de la agricultura.<\/p>    <h2 class=\"wp-block-heading\">Ventajas del mezclador de pienso vertical<\/h2>    <ul class=\"wp-block-list\"> <li>Dise\u00f1o en espiral vertical para alta eficiencia de corte y mezcla.<\/li>    <li>Hojas resistentes al desgaste de aleaci\u00f3n, aptas para cortar paja de fibra larga.<\/li>    <li>Previene eficazmente la alimentaci\u00f3n selectiva por parte del ganado y mejora el equilibrio diet\u00e9tico.<\/li>    <li>Dise\u00f1o simple, bajos costos de mantenimiento y excelente rentabilidad.<\/li>    <li>Equipado con un sistema de pesaje para una dosificaci\u00f3n m\u00e1s precisa.<\/li>    <li>Construcci\u00f3n con placas de acero reforzado para una mayor durabilidad.<\/li>    <li>Admite m\u00faltiples opciones de potencia: di\u00e9sel, motor el\u00e9ctrico o tractor.<\/li> <\/ul>    <figure class=\"wp-block-gallery has-nested-images columns-default is-cropped wp-block-gallery-2 is-layout-flex wp-block-gallery-is-layout-flex\"> <figure class=\"wp-block-image size-large\"><img loading=\"lazy\" decoding=\"async\" width=\"720\" height=\"540\" data-id=\"17646\" src=\"https:\/\/www.agriculture-machine.com\/wp-content\/uploads\/2026\/04\/feed-blending-machine.webp\" alt=\"m\u00e1quina de mezcla de pienso\" class=\"wp-image-17646\" srcset=\"https:\/\/www.agriculture-machine.com\/wp-content\/uploads\/2026\/04\/feed-blending-machine.webp 720w, https:\/\/www.agriculture-machine.com\/wp-content\/uploads\/2026\/04\/feed-blending-machine-360x270.webp 360w, https:\/\/www.agriculture-machine.com\/wp-content\/uploads\/2026\/04\/feed-blending-machine-240x180.webp 240w, https:\/\/www.agriculture-machine.com\/wp-content\/uploads\/2026\/04\/feed-blending-machine-16x12.webp 16w\" sizes=\"auto, (max-width: 720px) 100vw, 720px\" \/><figcaption class=\"wp-element-caption\">m\u00e1quina de mezcla de pienso<\/figcaption><\/figure>    <figure class=\"wp-block-image size-large\"><img loading=\"lazy\" decoding=\"async\" width=\"720\" height=\"540\" data-id=\"17647\" src=\"https:\/\/www.agriculture-machine.com\/wp-content\/uploads\/2026\/04\/vertical-silage-mixer-machine.webp\" alt=\"M\u00e1quina mezcladora de ensilado vertical\" class=\"wp-image-17647\" srcset=\"https:\/\/www.agriculture-machine.com\/wp-content\/uploads\/2026\/04\/vertical-silage-mixer-machine.webp 720w, https:\/\/www.agriculture-machine.com\/wp-content\/uploads\/2026\/04\/vertical-silage-mixer-machine-360x270.webp 360w, https:\/\/www.agriculture-machine.com\/wp-content\/uploads\/2026\/04\/vertical-silage-mixer-machine-240x180.webp 240w, https:\/\/www.agriculture-machine.com\/wp-content\/uploads\/2026\/04\/vertical-silage-mixer-machine-16x12.webp 16w\" sizes=\"auto, (max-width: 720px) 100vw, 720px\" \/><figcaption class=\"wp-element-caption\">M\u00e1quina mezcladora de ensilado vertical<\/figcaption><\/figure> <\/figure>    <h2 class=\"wp-block-heading\">Especificaciones t\u00e9cnicas del mezclador de TMR<\/h2>    <figure class=\"wp-block-table is-style-stripes\"><table class=\"has-fixed-layout\"><tbody><tr><td><strong>Art\u00edculo<\/strong><\/td><td><strong>Especificaci\u00f3n<\/strong><\/td><td><strong>Art\u00edculo<\/strong><\/td><td><strong>Especificaci\u00f3n<\/strong><\/td><\/tr><tr><td>Modelo<\/td><td>9JGL-7<\/td><td>Volumen de mezcla<\/td><td>7 m\u00b3<\/td><\/tr><tr><td>Estructura<\/td><td>Tipo de tracci\u00f3n vertical<\/td><td>Fuente de energ\u00eda<\/td><td>PTO del tractor<\/td><\/tr><tr><td>Potencia requerida<\/td><td>\u226570 HP<\/td><td>Marca de la caja de cambios<\/td><td>Reductor Jiangling<\/td><\/tr><tr><td>Velocidad del eje principal<\/td><td>23 r\/min<\/td><td>Cantidad de eje principal<\/td><td>1<\/td><\/tr><tr><td>Cantidad de cuchillas<\/td><td>7 grandes   6 peque\u00f1os<\/td><td>Material de cuchilla<\/td><td>Cr12MoV<\/td><\/tr><tr><td>Tama\u00f1o de la m\u00e1quina<\/td><td>3700 \u00d7 2200 \u00d7 2300 mm<\/td><td>Tama\u00f1o del tanque superior<\/td><td>2700 \u00d7 2100 mm<\/td><\/tr><tr><td>Grosor del acero<\/td><td>Lado 8 mm \/ Fondo 20 mm<\/td><td>Capacidad de salida<\/td><td>3000\u20134000 kg\/h<\/td><\/tr><tr><td>Sistema de control<\/td><td>Sistema de pesaje<\/td><td>Salida de descarga<\/td><td>1<\/td><\/tr><tr><td>M\u00e9todo de alimentaci\u00f3n<\/td><td>Carga superior<\/td><td>Tipo de operaci\u00f3n<\/td><td>Tipo de tracci\u00f3n<\/td><\/tr><\/tbody><\/table><figcaption class=\"wp-element-caption\">Par\u00e1metros t\u00e9cnicos del mezclador vertical de 7 m\u00b3<\/figcaption><\/figure>    <figure class=\"wp-block-gallery has-nested-images columns-default is-cropped wp-block-gallery-3 is-layout-flex wp-block-gallery-is-layout-flex\"> <figure class=\"wp-block-image size-large\"><img loading=\"lazy\" decoding=\"async\" width=\"720\" height=\"540\" data-id=\"17649\" src=\"https:\/\/www.agriculture-machine.com\/wp-content\/uploads\/2026\/04\/vertical-feed-mixer.webp\" alt=\"Mezclador de pienso vertical\" class=\"wp-image-17649\" srcset=\"https:\/\/www.agriculture-machine.com\/wp-content\/uploads\/2026\/04\/vertical-feed-mixer.webp 720w, https:\/\/www.agriculture-machine.com\/wp-content\/uploads\/2026\/04\/vertical-feed-mixer-360x270.webp 360w, https:\/\/www.agriculture-machine.com\/wp-content\/uploads\/2026\/04\/vertical-feed-mixer-240x180.webp 240w, https:\/\/www.agriculture-machine.com\/wp-content\/uploads\/2026\/04\/vertical-feed-mixer-16x12.webp 16w\" sizes=\"auto, (max-width: 720px) 100vw, 720px\" \/><figcaption class=\"wp-element-caption\">Mezclador de pienso vertical<\/figcaption><\/figure>    <figure class=\"wp-block-image size-large\"><img loading=\"lazy\" decoding=\"async\" width=\"720\" height=\"540\" data-id=\"17648\" src=\"https:\/\/www.agriculture-machine.com\/wp-content\/uploads\/2026\/04\/total-mixed-ration-mixer.webp\" alt=\"Mezclador de raciones totales\" class=\"wp-image-17648\" srcset=\"https:\/\/www.agriculture-machine.com\/wp-content\/uploads\/2026\/04\/total-mixed-ration-mixer.webp 720w, https:\/\/www.agriculture-machine.com\/wp-content\/uploads\/2026\/04\/total-mixed-ration-mixer-360x270.webp 360w, https:\/\/www.agriculture-machine.com\/wp-content\/uploads\/2026\/04\/total-mixed-ration-mixer-240x180.webp 240w, https:\/\/www.agriculture-machine.com\/wp-content\/uploads\/2026\/04\/total-mixed-ration-mixer-16x12.webp 16w\" sizes=\"auto, (max-width: 720px) 100vw, 720px\" \/><figcaption class=\"wp-element-caption\">Mezclador de raciones totales<\/figcaption><\/figure> <\/figure>    <h2 class=\"wp-block-heading\">Principio de funcionamiento del mezclador vertical de ensilado TMR<\/h2>    <p>Una vez que las materias primas ingresan a la c\u00e1mara de mezcla a trav\u00e9s de la tolva de carga, son levantadas verticalmente y cortadas por el eje de cuchillas en espiral vertical, mientras que las cuchillas en la parte inferior realizan un molido secundario. Esto asegura que diferentes materias primas se giren y mezclen continuamente dentro de la c\u00e1mara. <\/p>    <p>En conjunto con un sistema de pesaje que controla con precisi\u00f3n la proporci\u00f3n de mezcla, la mezcla se descarga de manera uniforme a trav\u00e9s de la salida, permitiendo alimentar raciones completas mezcladas de manera homog\u00e9nea.<\/p>    <h2 class=\"wp-block-heading\">\u00bfC\u00f3mo elegir el mezclador TMR adecuado?<\/h2>    <p>Al seleccionar un mezclador TMR, la decisi\u00f3n debe basarse en la escala de la operaci\u00f3n, la ingesta diaria de alimento y las condiciones del sitio. Tambi\u00e9n es importante considerar la fuente de energ\u00eda (motor el\u00e9ctrico, tractor o di\u00e9sel) y si se requieren un sistema de pesaje y funciones automatizadas.<\/p>    <p>Las granjas a peque\u00f1a escala pueden optar por modelos con capacidad de 3 a 7 m\u00b3; se recomienda que las granjas de tama\u00f1o medio elijan modelos de 7 a 15 m\u00b3. Mientras que las operaciones a gran escala son m\u00e1s adecuadas para equipos con capacidad de 20 m\u00b3 o m\u00e1s (como se muestra en la figura a continuaci\u00f3n).<\/p>    <figure class=\"wp-block-gallery has-nested-images columns-default is-cropped wp-block-gallery-4 is-layout-flex wp-block-gallery-is-layout-flex\"> <figure class=\"wp-block-image size-large\"><img loading=\"lazy\" decoding=\"async\" width=\"720\" height=\"540\" data-id=\"17650\" src=\"https:\/\/www.agriculture-machine.com\/wp-content\/uploads\/2026\/04\/20-m\u00b3-vertical-feed-mixer.webp\" alt=\"Mezclador vertical de pienso de 20 m\u00b3\" class=\"wp-image-17650\" srcset=\"https:\/\/www.agriculture-machine.com\/wp-content\/uploads\/2026\/04\/20-m\u00b3-vertical-feed-mixer.webp 720w, https:\/\/www.agriculture-machine.com\/wp-content\/uploads\/2026\/04\/20-m\u00b3-vertical-feed-mixer-360x270.webp 360w, https:\/\/www.agriculture-machine.com\/wp-content\/uploads\/2026\/04\/20-m\u00b3-vertical-feed-mixer-240x180.webp 240w, https:\/\/www.agriculture-machine.com\/wp-content\/uploads\/2026\/04\/20-m\u00b3-vertical-feed-mixer-16x12.webp 16w\" sizes=\"auto, (max-width: 720px) 100vw, 720px\" \/><figcaption class=\"wp-element-caption\">Mezclador vertical de pienso de 20 m\u00b3<\/figcaption><\/figure>    <figure class=\"wp-block-image size-large\"><img loading=\"lazy\" decoding=\"async\" width=\"720\" height=\"540\" data-id=\"17651\" src=\"https:\/\/www.agriculture-machine.com\/wp-content\/uploads\/2026\/04\/large-feed-mixing-wagon.webp\" alt=\"gran remolque mezclador de pienso\" class=\"wp-image-17651\" srcset=\"https:\/\/www.agriculture-machine.com\/wp-content\/uploads\/2026\/04\/large-feed-mixing-wagon.webp 720w, https:\/\/www.agriculture-machine.com\/wp-content\/uploads\/2026\/04\/large-feed-mixing-wagon-360x270.webp 360w, https:\/\/www.agriculture-machine.com\/wp-content\/uploads\/2026\/04\/large-feed-mixing-wagon-240x180.webp 240w, https:\/\/www.agriculture-machine.com\/wp-content\/uploads\/2026\/04\/large-feed-mixing-wagon-16x12.webp 16w\" sizes=\"auto, (max-width: 720px) 100vw, 720px\" \/><figcaption class=\"wp-element-caption\">gran remolque mezclador de pienso<\/figcaption><\/figure> <\/figure>    <h2 class=\"wp-block-heading\">\u00bfPor qu\u00e9 elegirnos?<\/h2>    <p>Nos especializamos en la investigaci\u00f3n, desarrollo y fabricaci\u00f3n de equipos de alimentaci\u00f3n para ganado. Nuestros equipos est\u00e1n fabricados con materiales de alta resistencia de grado industrial y cuentan con dise\u00f1os estructurales probados, garantizando un funcionamiento confiable a largo plazo.<\/p>    <p class=\"translation-block\">Tambi\u00e9n ofrecemos <strong><em><a href=\"https:\/\/www.agriculture-machine.com\/es\/horizontal-tmr-feed-mixer-for-sale-forage-mixer-mash-mixer\/\">mezcladores de pienso TMR horizontales<\/a><\/em><\/strong> y <strong><em><a href=\"https:\/\/www.agriculture-machine.com\/es\/tmr-silage-mixer-and-spreader\/\">m\u00e1quinas de distribuci\u00f3n de forraje<\/a><\/em><\/strong> para satisfacer las necesidades de granjas de todos los tama\u00f1os. No dude en contactarnos para soluciones detalladas y cotizaciones que le ayuden a crear un sistema de alimentaci\u00f3n m\u00e1s eficiente y moderno.<\/p>","protected":false},"excerpt":{"rendered":"<p>El mezclador de pienso vertical TMR est\u00e1 dise\u00f1ado para mezclar de manera uniforme ensilado y concentrados, mejorando as\u00ed la utilizaci\u00f3n del alimento, y es adecuado para granjas de ganado bovino y ovino a gran escala.<\/p>","protected":false},"author":1,"featured_media":17652,"parent":0,"comment_status":"open","ping_status":"closed","template":"","tags":[772,591],"product-type":[2],"class_list":["post-17641","product","type-product","status-publish","has-post-thumbnail","hentry","tag-forage","tag-silage","product-type-products"],"_links":{"self":[{"href":"https:\/\/www.agriculture-machine.com\/es\/wp-json\/wp\/v2\/product\/17641","targetHints":{"allow":["GET"]}}],"collection":[{"href":"https:\/\/www.agriculture-machine.com\/es\/wp-json\/wp\/v2\/product"}],"about":[{"href":"https:\/\/www.agriculture-machine.com\/es\/wp-json\/wp\/v2\/types\/product"}],"author":[{"embeddable":true,"href":"https:\/\/www.agriculture-machine.com\/es\/wp-json\/wp\/v2\/users\/1"}],"replies":[{"embeddable":true,"href":"https:\/\/www.agriculture-machine.com\/es\/wp-json\/wp\/v2\/comments?post=17641"}],"wp:featuredmedia":[{"embeddable":true,"href":"https:\/\/www.agriculture-machine.com\/es\/wp-json\/wp\/v2\/media\/17652"}],"wp:attachment":[{"href":"https:\/\/www.agriculture-machine.com\/es\/wp-json\/wp\/v2\/media?parent=17641"}],"wp:term":[{"taxonomy":"post_tag","embeddable":true,"href":"https:\/\/www.agriculture-machine.com\/es\/wp-json\/wp\/v2\/tags?post=17641"},{"taxonomy":"product-type","embeddable":true,"href":"https:\/\/www.agriculture-machine.com\/es\/wp-json\/wp\/v2\/product-type?post=17641"}],"curies":[{"name":"wp","href":"https:\/\/api.w.org\/{rel}","templated":true}]}}