{"id":180,"date":"2018-07-12T07:09:54","date_gmt":"2018-07-11T23:09:54","guid":{"rendered":"https:\/\/www.agriculture-machine.com\/?p=180"},"modified":"2024-08-20T17:41:00","modified_gmt":"2024-08-20T09:41:00","slug":"peanut-sheller","status":"publish","type":"product","link":"https:\/\/www.agriculture-machine.com\/es\/peanut-sheller\/","title":{"rendered":"F\u00e1brica de descascaradoras de cacahuete \/ descascaradora de groundnut"},"content":{"rendered":"<h2 class=\"wp-block-heading\">Breve introducci\u00f3n de la m\u00e1quina peladora de cacahuetes<\/h2>    <p class=\"translation-block\">La m\u00e1quina peladora de cacahuetes principalmente elimina las c\u00e1scaras de los cacahuetes, es decir, mediante el cuerpo de rotaci\u00f3n a alta velocidad, las c\u00e1scaras de los cacahuetes, y los cacahuetes se mantienen intactos. La m\u00e1quina peladora de cacahuetes tambi\u00e9n se llama <strong>peladora de man\u00ed<\/strong> o m\u00e1quina para quitar c\u00e1scaras de man\u00ed.<\/p>    <p class=\"translation-block\">Disponemos de 2 tipos de <strong>m\u00e1quinas peladoras de cacahuetes<\/strong>, y diferentes tipos tienen diferentes capacidades, es decir, 200kg\/h y 600-800kg\/h. Puede elegir la m\u00e1s peque\u00f1a para uso dom\u00e9stico, y ambas tienen un gran rendimiento en funcionamiento.<\/p>    <center><\/center>    <center> <p><\/p><\/center>   <p><iframe loading=\"lazy\" title=\"Video de retroalimentaci\u00f3n de la m\u00e1quina para pelar cacahuetes \/ m\u00e1quina de pelado y descascarado de man\u00ed\" width=\"500\" height=\"281\" src=\"https:\/\/www.youtube.com\/embed\/dxo5IU9mOk4?feature=oembed\" frameborder=\"0\" allow=\"accelerometer; autoplay; clipboard-write; encrypted-media; gyroscope; picture-in-picture; web-share\" referrerpolicy=\"strict-origin-when-cross-origin\" allowfullscreen><\/iframe><\/p>   <p><iframe loading=\"lazy\" title=\"Peladora de cacahuetes \/ m\u00e1quina para quitar c\u00e1scaras de man\u00ed de 800kg\/h \/ m\u00e1quina para pelar man\u00ed y cacahuete\" width=\"500\" height=\"281\" src=\"https:\/\/www.youtube.com\/embed\/R4L8zYg9cd8?feature=oembed\" frameborder=\"0\" allow=\"accelerometer; autoplay; clipboard-write; encrypted-media; gyroscope; picture-in-picture; web-share\" referrerpolicy=\"strict-origin-when-cross-origin\" allowfullscreen><\/iframe><\/p>    <p class=\"translation-block\"><strong>Escribe uno (200kg\/h)<\/strong><\/p>    <center><img decoding=\"async\" src=\"https:\/\/www.agriculture-machine.com\/wp-content\/uploads\/2018\/07\/Peanut-Sheller01.jpg\" alt=\"Peladora de cacahuetes01\"><\/center>    <h2 class=\"wp-block-heading\">Par\u00e1metro t\u00e9cnico de la m\u00e1quina peladora de cacahuetes<\/h2>    <div class=\"table-responsive\"> <table class=\"table table-striped\"> <tbody> <tr> <td width=\"187\">Modelo<\/td> <td width=\"349\">TBX- 200<\/td> <\/tr> <tr> <td width=\"187\">capacidad<\/td> <td width=\"349\">200kg\/h<\/td> <\/tr> <tr> <td width=\"187\">Tama\u00f1o<\/td> <td width=\"349\">650*560*1000mm<\/td> <\/tr> <tr> <td width=\"187\">Peso<\/td> <td width=\"349\">40kg<\/td> <\/tr> <tr> <td width=\"187\">Motor<\/td> <td width=\"349\">Motor de 2.2kw, motor de gasolina o motor di\u00e9sel<\/td> <\/tr> <\/tbody> <\/table> <\/div>    <h2 class=\"wp-block-heading\">Im\u00e1genes detalladas de la m\u00e1quina peladora de cacahuetes<\/h2>    <p class=\"translation-block\"><img decoding=\"async\" style=\"width: 345px; float: left; margin-right: 10px; margin-bottom: 10px;\" src=\"https:\/\/www.agriculture-machine.com\/wp-content\/uploads\/2018\/07\/Peanut-Sheller03.jpg\" alt=\"Peanut-Sheller03\"><img decoding=\"async\" style=\"width: 345px; margin-bottom: 10px;\" src=\"https:\/\/www.agriculture-machine.com\/wp-content\/uploads\/2018\/07\/Peanut-Sheller04.jpg\" alt=\"Peanut-Sheller04\"><br><img decoding=\"async\" style=\"width: 345px; float: left; margin-right: 10px;\" src=\"https:\/\/www.agriculture-machine.com\/wp-content\/uploads\/2018\/07\/Peanut-Sheller05.jpg\" alt=\"Peanut-Sheller05\"><img decoding=\"async\" style=\"width: 345px;\" src=\"https:\/\/www.agriculture-machine.com\/wp-content\/uploads\/2018\/07\/Peanut-Sheller06.jpg\" alt=\"Peanut-Sheller06\"><br><strong>Type two(600-800kg\/h\uff09<\/strong><\/p>    <h2 class=\"wp-block-heading\">Par\u00e1metro t\u00e9cnico de la m\u00e1quina peladora de cacahuetes<\/h2>    <div class=\"table-responsive\"> <table class=\"table table-striped\"> <tbody> <tr> <td width=\"210\"><strong><b>Modelo<\/b><\/strong><\/td> <td width=\"353\"><strong><b>TBH-800<\/b><\/strong><\/td> <\/tr> <tr> <td width=\"210\"><strong><b>Potencia<\/b><\/strong><\/td> <td width=\"353\"><strong><b>Motor de 3KW o motor de gasolina o di\u00e9sel<\/b><\/strong><\/td> <\/tr> <tr> <td width=\"210\"><strong><b>Tama\u00f1o<\/b><\/strong><\/td> <td width=\"353\"><strong><b>1330x750x1570mm<\/b><\/strong><\/td> <\/tr> <tr> <td width=\"210\"><strong><b>Capacidad<\/b><\/strong><\/td> <td width=\"353\"><strong><b>600-800kg\/h<\/b><\/strong><\/td> <\/tr> <tr> <td width=\"210\"><strong><b>Peso<\/b><\/strong><\/td> <td width=\"353\"><strong><b>160kg<\/b><\/strong><\/td> <\/tr> <\/tbody> <\/table> <\/div>    <h2 class=\"wp-block-heading\">Principio de funcionamiento de <a href=\"https:\/\/www.agriculture-machine.com\/es\/combined-peanut-cleaning-and-shelling-machine\/\">m\u00e1quina descascaradora de cacahuete<\/a><\/h2>    <p>1. El operador coloca los cacahuetes en la entrada a mano despu\u00e9s de que la m\u00e1quina est\u00e9 en ralent\u00ed durante varios minutos.<br>2. Los cacahuetes caen en el rodillo de goma. Debido a la fuerza entre la rotaci\u00f3n del rodillo de goma, los cacahuetes y las c\u00e1scaras se separan.<br>3. Luego, los cacahuetes caen simult\u00e1neamente en la rejilla, y las c\u00e1scaras se expulsan por el viento.<br>4. En cuanto a la m\u00e1quina peladora de cacahuetes m\u00e1s peque\u00f1a, el proceso est\u00e1 terminado y puede obtener semillas de cacahuete limpias.<br>5. En cuanto a la peladora de cacahuetes de gran tama\u00f1o, algunos cacahuetes sin pelar caen en la pantalla de clasificaci\u00f3n por gravedad. Esos cacahuetes con c\u00e1scara son transportados por un elevador de pl\u00e1stico y luego pasan por el rodillo para ser pelados nuevamente. Finalmente, las semillas caen en el recipiente.<\/p>    <center><img decoding=\"async\" src=\"https:\/\/www.agriculture-machine.com\/wp-content\/uploads\/2018\/07\/Peanut-Sheller02.jpg\" alt=\"Peladora de cacahuetes02\"><\/center>    <h2 class=\"wp-block-heading\">Requisitos de la m\u00e1quina peladora de cacahuetes<\/h2>    <p>1. Requisitos para la m\u00e1quina peladora de man\u00ed. Est\u00e1 prohibido introducir objetos duros en la m\u00e1quina.<br>2. Requisitos para los cacahuetes. Los cacahuetes no deben estar demasiado secos ni h\u00famedos, lo que causar\u00e1 una baja tasa de pelado y afectar\u00e1 la eficiencia laboral respectivamente.<\/p>    <h2 class=\"wp-block-heading\">Ventajas de la m\u00e1quina peladora de cacahuetes<\/h2>    <p>1. La peladora de cacahuetes integra pelado, entrega de aire y separaci\u00f3n en un todo y funciona con alta eficiencia (600-800kg\/h). La tasa de pelado puede alcanzar el 97% o m\u00e1s.<br>2. Cuatro ruedas facilitan su movimiento.<br>3. Baja tasa de rotura. Todos los cacahuetes pueden ser inquebrantables despu\u00e9s de pelarlos<br>4. Alta tasa de limpieza. Hay un deflector en la salida de los cacahuetes, y puede bloquear eficazmente la salida de las c\u00e1scaras, mejorando la tasa de limpieza.<br>5. En lugar de usar un rodillo de acero, un rodillo de goma no da\u00f1a el cacahuete en s\u00ed.<br>6. Gracias al elevador de pl\u00e1stico en el lado de la m\u00e1quina, los cacahuetes peque\u00f1os y los cacahuetes que no est\u00e1n completamente pelados pueden ser pelados nuevamente.<\/p>    <figure class=\"wp-block-image aligncenter\"><img decoding=\"async\" src=\"https:\/\/www.agriculture-machine.com\/wp-content\/uploads\/2018\/07\/Peanut-Sheller8.jpg\" alt=\"Peladora de cacahuetes8\"\/><\/figure>    <figure class=\"wp-block-image aligncenter\"><img decoding=\"async\" src=\"https:\/\/www.agriculture-machine.com\/wp-content\/uploads\/2018\/07\/Peanut-Sheller6-1.jpg\" alt=\"Peladora de cacahuetes6-1\"\/><\/figure>    <figure class=\"wp-block-image aligncenter\"><img decoding=\"async\" src=\"https:\/\/www.agriculture-machine.com\/wp-content\/uploads\/2018\/07\/Peanut-Sheller4-1.jpg\" alt=\"Peladora de cacahuetes4-1\"\/><\/figure>    <figure class=\"wp-block-image aligncenter\"><img decoding=\"async\" src=\"https:\/\/www.agriculture-machine.com\/wp-content\/uploads\/2018\/07\/Peanut-Sheller3-1.jpg\" alt=\"Peladora de cacahuetes3-1\"\/><\/figure>    <figure class=\"wp-block-image aligncenter\"><img decoding=\"async\" src=\"https:\/\/www.agriculture-machine.com\/wp-content\/uploads\/2018\/07\/Peanut-Sheller2-1.jpg\" alt=\"Peladora de cacahuetes2-1\"\/><\/figure>    <figure class=\"wp-block-image aligncenter\"><img decoding=\"async\" src=\"https:\/\/www.agriculture-machine.com\/wp-content\/uploads\/2018\/07\/Peanut-Sheller1-1.jpg\" alt=\"Peladora de cacahuetes1-1\"\/><\/figure>    <h2 class=\"wp-block-heading\">Precauciones de la m\u00e1quina peladora de cacahuetes<\/h2>    <p>1. Durante la operaci\u00f3n, no se deben colocar en la entrada objetos extra\u00f1os como virutas de hierro, piedras u otros objetos duros.<br>2. La pantalla dentro de la m\u00e1quina debe ajustarse al tama\u00f1o de un cacahuete, de lo contrario, algunos cacahuetes pueden no estar completamente pelados.<br>3. Es necesario colocar un deflector de ventilador, que no solo aumenta la corriente de aire sino que tambi\u00e9n reduce las c\u00e1scaras mezcladas en los cacahuetes.<br>4. Frente a una tasa de rotura superior al 5%, es mejor que el operador aumente la separaci\u00f3n entre los rodillos, pero debe estar dentro de 25~40 mm.<br>5. Verifique si la m\u00e1quina est\u00e1 da\u00f1ada antes de trabajar.<br>6. Durante la operaci\u00f3n, el operador debe cerrar la entrada y abrir 1-2cm para que salgan los cacahuetes cuando la pantalla est\u00e9 llena.<br>7. Normalmente, la pantalla debe mantenerse llena durante el trabajo, de lo contrario, algunos cacahuetes no estar\u00e1n completamente pelados.<br>8. Si los cacahuetes caen fuera de la salida, el operador debe ajustar el deflector de viento hacia afuera, o cerrar la entrada de aire.<br>9. Si la tasa de rotura es alta y se elimina la piel roja. El cacahuete est\u00e1 demasiado seco, rociar agua sobre \u00e9l y pelarlo despu\u00e9s.<br>10. Hay cuatro rodamientos de posicionamiento en ambos lados de la m\u00e1quina, y se debe a\u00f1adir mantequilla en el medio de la malla y el rodamiento cada cuatro horas durante el trabajo.<\/p>    <h2 class=\"wp-block-heading\">Caso de \u00e9xito de la m\u00e1quina peladora de cacahuetes<\/h2>    <p>El a\u00f1o pasado, exportamos 70 conjuntos de m\u00e1quinas peladoras de cacahuetes a Nigeria y recibimos buenos comentarios de nuestros clientes. \u00c9l es un distribuidor y los vendi\u00f3 a agricultores locales. <\/p>    <p>Nuestra m\u00e1quina peladora de cacahuetes les ayuda a mejorar la eficiencia laboral as\u00ed como los est\u00e1ndares de vida. Esperamos que cada agricultor pueda beneficiarse de nuestra m\u00e1quina y que su vida mejore cada vez m\u00e1s.<br><img decoding=\"async\" style=\"width: 345px; float: left; margin-right: 10px; margin-bottom: 10px;\" src=\"https:\/\/www.agriculture-machine.com\/wp-content\/uploads\/2018\/07\/Peanut-Sheller08.jpg\" alt=\"Peladora de cacahuetes08\"><img decoding=\"async\" style=\"width: 345px; margin-bottom: 10px;\" src=\"https:\/\/www.agriculture-machine.com\/wp-content\/uploads\/2018\/07\/Peanut-Sheller11.jpg\" alt=\"Peladora de cacahuetes11\"><br><img decoding=\"async\" style=\"width: 345px; float: left; margin-right: 10px;\" src=\"https:\/\/www.agriculture-machine.com\/wp-content\/uploads\/2018\/07\/Peanut-Sheller10.jpg\" alt=\"Peladora de cacahuetes12\"><img decoding=\"async\" style=\"width: 345px;\" src=\"https:\/\/www.agriculture-machine.com\/wp-content\/uploads\/2018\/07\/Peanut-Sheller12.jpg\" alt=\"Peladora de cacahuetes10\"><br><img decoding=\"async\" src=\"https:\/\/www.agriculture-machine.com\/wp-content\/uploads\/2018\/07\/Peanut-Sheller.jpg\" alt=\"Peladora de cacahuetes\"><\/p>    <h2 class=\"wp-block-heading\">Preguntas frecuentes<\/h2>   <div id=\"rank-math-faq\" class=\"rank-math-block\"> <div class=\"rank-math-list\"> <div id=\"faq-question-1710754185820\" class=\"rank-math-list-item\"> <h3 class=\"rank-math-question\">\u00bfSon iguales las funciones de los dos tipos de peladoras de cacahuetes?<\/h3> <div class=\"rank-math-answer\">  <p class=\"translation-block\">S\u00ed, puede obtener semillas de cacahuete limpias despu\u00e9s de la trilla.<\/p>  <\/div> <\/div> <div id=\"faq-question-1710754189960\" class=\"rank-math-list-item\"> <h3 class=\"rank-math-question\">\u00bfCu\u00e1l es la diferencia entre los dos tipos?<\/h3> <div class=\"rank-math-answer\">  <p>Las peladoras de cacahuetes de menor tama\u00f1o no tienen elevador como las otras. Adem\u00e1s, la capacidad es diferente.<\/p>  <\/div> <\/div> <div id=\"faq-question-1710754206867\" class=\"rank-math-list-item\"> <h3 class=\"rank-math-question\">\u00bfCu\u00e1l es el tiempo de entrega?<\/h3> <div class=\"rank-math-answer\">  <p>Disponemos de dos tipos en stock y podemos entreg\u00e1rselos en cualquier momento.<\/p>  <\/div> <\/div> <div id=\"faq-question-1710754215113\" class=\"rank-math-list-item\"> <h3 class=\"rank-math-question\">\u00bfCu\u00e1l es la tasa de rotura?<\/h3> <div class=\"rank-math-answer\">  <p>Menos del 5%.<\/p>  <\/div> <\/div> <div id=\"faq-question-1710754227280\" class=\"rank-math-list-item\"> <h3 class=\"rank-math-question\">\u00bfA qu\u00e9 pa\u00edses ha exportado estas m\u00e1quinas?<\/h3> <div class=\"rank-math-answer\">  <p class=\"translation-block\">Hemos exportado a muchos pa\u00edses, especialmente al <a href=\"https:\/\/www.agriculture-machine.com\/es\/three-combined-peanut-sheller-machine-sold-to-kenya\/\">mercado africano<\/a>.<\/p>  <\/div> <\/div> <\/div> <\/div>","protected":false},"excerpt":{"rendered":"<p>Brief Introduction of Peanut Sheller Machine The peanut sheller machine mainly removes the shells of the peanuts, that is, through the high-speed rotating body the shells of the peanuts, and the peanuts are kept intact. The peanut sheller machine is also called the groundnut sheller or groundnut shell removing machine. We have 2 types of [&hellip;]<\/p>\n","protected":false},"author":1,"featured_media":0,"parent":0,"comment_status":"closed","ping_status":"closed","template":"","tags":[],"product-type":[895],"class_list":["post-180","product","type-product","status-publish","hentry","product-type-peanut-sheller"],"_links":{"self":[{"href":"https:\/\/www.agriculture-machine.com\/es\/wp-json\/wp\/v2\/product\/180","targetHints":{"allow":["GET"]}}],"collection":[{"href":"https:\/\/www.agriculture-machine.com\/es\/wp-json\/wp\/v2\/product"}],"about":[{"href":"https:\/\/www.agriculture-machine.com\/es\/wp-json\/wp\/v2\/types\/product"}],"author":[{"embeddable":true,"href":"https:\/\/www.agriculture-machine.com\/es\/wp-json\/wp\/v2\/users\/1"}],"replies":[{"embeddable":true,"href":"https:\/\/www.agriculture-machine.com\/es\/wp-json\/wp\/v2\/comments?post=180"}],"wp:attachment":[{"href":"https:\/\/www.agriculture-machine.com\/es\/wp-json\/wp\/v2\/media?parent=180"}],"wp:term":[{"taxonomy":"post_tag","embeddable":true,"href":"https:\/\/www.agriculture-machine.com\/es\/wp-json\/wp\/v2\/tags?post=180"},{"taxonomy":"product-type","embeddable":true,"href":"https:\/\/www.agriculture-machine.com\/es\/wp-json\/wp\/v2\/product-type?post=180"}],"curies":[{"name":"wp","href":"https:\/\/api.w.org\/{rel}","templated":true}]}}