{"id":1889,"date":"2019-02-14T07:41:31","date_gmt":"2019-02-13T23:41:31","guid":{"rendered":"https:\/\/www.agriculture-machine.com\/?p=1889"},"modified":"2025-06-23T16:22:12","modified_gmt":"2025-06-23T08:22:12","slug":"corn-planter","status":"publish","type":"product","link":"https:\/\/www.agriculture-machine.com\/es\/corn-planter\/","title":{"rendered":"Plantadora de ma\u00edz accionada por tractor M\u00e1quina de siembra de ma\u00edz"},"content":{"rendered":"<p>La m\u00e1quina sembradora de ma\u00edz puede completar la operaci\u00f3n de siembra para varias filas de semillas de ma\u00edz simult\u00e1neamente. No solo ahorra semillas, sino que tambi\u00e9n garantiza una profundidad y un espaciamiento uniformes, mejorando significativamente la calidad de las pl\u00e1ntulas de ma\u00edz.<\/p>    <p>Rendimiento estable, operaci\u00f3n conveniente, una sola operaci\u00f3n puede completar todo el proceso de surcado, fertilizaci\u00f3n, siembra, mulching, compresi\u00f3n, error de profundidad de siembra \u2264 \u00b1 1cm, tasa de calificaci\u00f3n del espaciamiento de plantas \u226595%.<\/p>    <p>La sembradora de ma\u00edz desarrollada por nuestra empresa soporta plantaci\u00f3n en 2, 3, 4, 5, 6 y 8 filas. Ampliamente utilizada en operaciones agr\u00edcolas de diferentes escalas, muy valorada por clientes de El Salvador, Nigeria, Estados Unidos, Mauritania, Burkina Faso, Guinea y otros pa\u00edses.<\/p>    <figure class=\"wp-block-embed aligncenter is-type-video is-provider-youtube wp-block-embed-youtube wp-embed-aspect-16-9 wp-has-aspect-ratio\"><div class=\"wp-block-embed__wrapper\"> <iframe loading=\"lazy\" title=\"M\u00e1quina sembradora de semillas de ma\u00edz montada en tractor | Tecnolog\u00eda de siembra eficiente y precisa#ma\u00edz #sembradora\" width=\"500\" height=\"281\" src=\"https:\/\/www.youtube.com\/embed\/tu_HUx3x9x0?feature=oembed\" frameborder=\"0\" allow=\"accelerometer; autoplay; clipboard-write; encrypted-media; gyroscope; picture-in-picture; web-share\" referrerpolicy=\"strict-origin-when-cross-origin\" allowfullscreen><\/iframe> <\/div><figcaption class=\"wp-element-caption\">Video de trabajo de la m\u00e1quina sembradora de ma\u00edz<\/figcaption><\/figure>    <h2 class=\"wp-block-heading\" id=\"h-brief-introduction-of-corn-planter\">Ventajas de la m\u00e1quina sembradora de ma\u00edz<\/h2>    <ol class=\"wp-block-list\"> <li>Lograr una colocaci\u00f3n uniforme de semillas y una profundidad constante (3-10cm), error \u2264 \u00b1 1cm, emergencia de pl\u00e1ntulas ordenada, mejorar la calidad del cultivo.<\/li>    <li>Admite ajuste flexible del espaciamiento entre filas de 45-70cm y entre plantas de 15-30cm, adapt\u00e1ndose a diferentes condiciones del suelo y modos de plantaci\u00f3n.<\/li>    <li>La caja de fertilizante de doble c\u00e1mara realiza la estratificaci\u00f3n de semillas y fertilizantes, y el espaciamiento es ajustable de 3 a 7cm, evitando quemar las pl\u00e1ntulas.<\/li>    <li>Se pueden seleccionar modelos de 2 a 8 filas para completar todo el proceso de surcado, fertilizaci\u00f3n, siembra, etc., en una sola pasada, con una eficiencia de hasta 40 mu\/h.<\/li>    <li>Adecuado para tractor de 11-180 hp, conexi\u00f3n con una llave, operaci\u00f3n en posici\u00f3n de una sola persona.<\/li> <\/ol>    <figure class=\"wp-block-gallery has-nested-images columns-default is-cropped wp-block-gallery-2 is-layout-flex wp-block-gallery-is-layout-flex\"> <figure class=\"wp-block-image size-large\"><img loading=\"lazy\" decoding=\"async\" width=\"720\" height=\"540\" data-id=\"12701\" src=\"https:\/\/www.agriculture-machine.com\/wp-content\/uploads\/2022\/03\/corn-planter-_720_540.jpg\" alt=\"sembradora de ma\u00edz\" class=\"wp-image-12701\" title=\"sembradora de ma\u00edz\" srcset=\"https:\/\/www.agriculture-machine.com\/wp-content\/uploads\/2022\/03\/corn-planter-_720_540.jpg 720w, https:\/\/www.agriculture-machine.com\/wp-content\/uploads\/2022\/03\/corn-planter-_720_540-360x270.jpg 360w, https:\/\/www.agriculture-machine.com\/wp-content\/uploads\/2022\/03\/corn-planter-_720_540-240x180.jpg 240w\" sizes=\"auto, (max-width: 720px) 100vw, 720px\" \/><figcaption class=\"wp-element-caption\">sembradora de ma\u00edz<\/figcaption><\/figure>    <figure class=\"wp-block-image size-large\"><img loading=\"lazy\" decoding=\"async\" width=\"720\" height=\"540\" data-id=\"12702\" src=\"https:\/\/www.agriculture-machine.com\/wp-content\/uploads\/2022\/03\/maize-planting-machine_720_540.jpg\" alt=\"m\u00e1quina de siembra de ma\u00edz\" class=\"wp-image-12702\" title=\"m\u00e1quina de siembra de ma\u00edz\" srcset=\"https:\/\/www.agriculture-machine.com\/wp-content\/uploads\/2022\/03\/maize-planting-machine_720_540.jpg 720w, https:\/\/www.agriculture-machine.com\/wp-content\/uploads\/2022\/03\/maize-planting-machine_720_540-360x270.jpg 360w, https:\/\/www.agriculture-machine.com\/wp-content\/uploads\/2022\/03\/maize-planting-machine_720_540-240x180.jpg 240w\" sizes=\"auto, (max-width: 720px) 100vw, 720px\" \/><figcaption class=\"wp-element-caption\">m\u00e1quina de siembra de ma\u00edz<\/figcaption><\/figure> <figcaption class=\"blocks-gallery-caption wp-element-caption\">m\u00e1quina sembradora de ma\u00edz montada en tractor<\/figcaption><\/figure>    <h2 class=\"wp-block-heading\" id=\"h-how-does-the-corn-planting-machine-work\">\u00bfC\u00f3mo funciona la m\u00e1quina sembradora de ma\u00edz?<\/h2>    <p>El principio de funcionamiento de la sembradora de ma\u00edz puede dividirse en los siguientes pasos:<\/p>    <ol class=\"wp-block-list\"> <li>Impulsado por tractor: al conectarse con el tractor, la sembradora avanza y comienza a trabajar.<\/li>    <li>Operaci\u00f3n de surcado: el abrecampo en la parte delantera crea un surco de siembra uniforme en el suelo.<\/li>    <li>Siembra precisa: el dispositivo de descarga de semillas coloca con precisi\u00f3n las semillas de ma\u00edz en las ranuras seg\u00fan el espaciamiento establecido.<\/li>    <li>Mulching: el mulcher cubre las semillas en las ranuras con tierra.<\/li>    <li>Moldeo por compresi\u00f3n: la rueda de compresi\u00f3n compacta la tierra superficial para mejorar el contacto entre las semillas y la tierra y aumentar la tasa de emergencia de las pl\u00e1ntulas.<\/li> <\/ol>    <figure class=\"wp-block-embed aligncenter is-type-video is-provider-youtube wp-block-embed-youtube wp-embed-aspect-16-9 wp-has-aspect-ratio\"><div class=\"wp-block-embed__wrapper\"> <iframe loading=\"lazy\" title=\"Herramienta \u00fatil para agricultores sembradora de ma\u00edz\u4e28 sembradora de ma\u00edz\u4e28pl\u00e1ntula de cacahuete \u4e28m\u00e1quina de ma\u00edz con tractor\" width=\"500\" height=\"281\" src=\"https:\/\/www.youtube.com\/embed\/2iS0mMUiw34?feature=oembed\" frameborder=\"0\" allow=\"accelerometer; autoplay; clipboard-write; encrypted-media; gyroscope; picture-in-picture; web-share\" referrerpolicy=\"strict-origin-when-cross-origin\" allowfullscreen><\/iframe> <\/div><figcaption class=\"wp-element-caption\">Sitio de trabajo de la sembradora de semillas de ma\u00edz de 3 filas<\/figcaption><\/figure>    <h2 class=\"wp-block-heading\" id=\"h-technical-parameter-of-the-maize-planter\">Par\u00e1metros t\u00e9cnicos de la m\u00e1quina sembradora de ma\u00edz<\/h2>    <figure class=\"wp-block-table is-style-stripes\"><table class=\"has-fixed-layout\"><tbody><tr><td>Modelo<\/td><td>2BYSF-2<\/td><td>2BYSF-3<\/td><td>2BYSF-4<\/td><td>2BYSF-5<\/td><td>2BYSF-6<\/td><td>2BYSF-8<\/td><\/tr><tr><td>Tama\u00f1o<\/td><td>1.57*1.3*1.2m<\/td><td>1.57*1.7*1.2m<\/td><td>1.62*2.35*1.2m<\/td><td>1.62*2.75*1.2m<\/td><td>1.62*3.35*1.2m<\/td><td>1.64*4.6*1.2m<\/td><\/tr><tr><td>Fila<\/td><td>2<\/td><td>3<\/td><td>4<\/td><td>5<\/td><td>6<\/td><td>8<\/td><\/tr><tr><td>Separaci\u00f3n entre filas<\/td><td>428-570mm<\/td><td>428-570mm<\/td><td>428-570mm<\/td><td>428-570mm<\/td><td>428-570mm<\/td><td>428-570mm<\/td><\/tr><tr><td>Espaciado entre plantas<\/td><td>140mm-280mm<\/td><td>140mm-280mm<\/td><td>140mm-280mm<\/td><td>140mm-280mm<\/td><td>140mm-280mm<\/td><td>140mm-280mm<\/td><\/tr><tr><td>Profundidad del surco<\/td><td>60-80mm<\/td><td>60-80mm<\/td><td>60-80mm<\/td><td>60-80mm<\/td><td>60-80mm<\/td><td>60-80mm<\/td><\/tr><tr><td>Profundidad de fertilizaci\u00f3n<\/td><td>60-80mm<\/td><td>60-80mm<\/td><td>60-80mm<\/td><td>60-80mm<\/td><td>60-80mm<\/td><td>60-80mm<\/td><\/tr><tr><td>Profundidad de siembra<\/td><td>30-50mm<\/td><td>30-50mm<\/td><td>30-50mm<\/td><td>30-50mm<\/td><td>30-50mm<\/td><td>30-50mm<\/td><\/tr><tr><td>Capacidad del tanque de fertilizante<\/td><td>18.75L x2<\/td><td>18.75L x3<\/td><td>18.75L x4<\/td><td>18.75L x5<\/td><td>18.75L x6<\/td><td>18.75L x8<\/td><\/tr><tr><td>Capacidad de la caja de semillas<\/td><td>8.5 x 2<\/td><td>8.5 x 3<\/td><td>8.5 x 4<\/td><td>8.5 x 5<\/td><td>8.5 x 6<\/td><td>8.5 x 8<\/td><\/tr><tr><td>Peso<\/td><td>150kg<\/td><td>200kg<\/td><td>295kg<\/td><td>360kg<\/td><td>425kg<\/td><td>650kg<\/td><\/tr><tr><td>Potencia coincidente<\/td><td>&nbsp;12-18hp<\/td><td>15-25hp<\/td><td>25-40hp<\/td><td>40-60hp<\/td><td>50-80hp<\/td><td>75-100hp<\/td><\/tr><tr><td>Enlace<\/td><td>&nbsp;3 puntos de enganche<\/td><td>&nbsp;3 puntos de enganche<\/td><td>&nbsp;3 puntos de enganche<\/td><td>&nbsp;3 puntos de enganche<\/td><td>&nbsp;3 puntos de enganche<\/td><td>&nbsp;3 puntos de enganche<\/td><\/tr><\/tbody><\/table><figcaption class=\"wp-element-caption\">Datos t\u00e9cnicos de la sembradora de ma\u00edz accionada por tractor<\/figcaption><\/figure>    <figure class=\"wp-block-gallery has-nested-images columns-default is-cropped wp-block-gallery-3 is-layout-flex wp-block-gallery-is-layout-flex\"> <figure class=\"wp-block-image size-large\"><img loading=\"lazy\" decoding=\"async\" width=\"720\" height=\"540\" data-id=\"12703\" src=\"https:\/\/www.agriculture-machine.com\/wp-content\/uploads\/2022\/03\/factory-of-corn-planting-machine-.jpg\" alt=\"F\u00e1brica \" class=\"wp-image-12703\" title=\"F\u00e1brica \" srcset=\"https:\/\/www.agriculture-machine.com\/wp-content\/uploads\/2022\/03\/factory-of-corn-planting-machine-.jpg 720w, https:\/\/www.agriculture-machine.com\/wp-content\/uploads\/2022\/03\/factory-of-corn-planting-machine--360x270.jpg 360w, https:\/\/www.agriculture-machine.com\/wp-content\/uploads\/2022\/03\/factory-of-corn-planting-machine--240x180.jpg 240w\" sizes=\"auto, (max-width: 720px) 100vw, 720px\" \/><figcaption class=\"wp-element-caption\">F\u00e1brica <\/figcaption><\/figure>    <figure class=\"wp-block-image size-large\"><img loading=\"lazy\" decoding=\"async\" width=\"720\" height=\"540\" data-id=\"12704\" src=\"https:\/\/www.agriculture-machine.com\/wp-content\/uploads\/2022\/03\/multi-row-maize-planter-.jpg\" alt=\"producci\u00f3n de la sembradora\" class=\"wp-image-12704\" title=\"producci\u00f3n de la sembradora\" srcset=\"https:\/\/www.agriculture-machine.com\/wp-content\/uploads\/2022\/03\/multi-row-maize-planter-.jpg 720w, https:\/\/www.agriculture-machine.com\/wp-content\/uploads\/2022\/03\/multi-row-maize-planter--360x270.jpg 360w, https:\/\/www.agriculture-machine.com\/wp-content\/uploads\/2022\/03\/multi-row-maize-planter--240x180.jpg 240w\" sizes=\"auto, (max-width: 720px) 100vw, 720px\" \/><figcaption class=\"wp-element-caption\">producci\u00f3n de la sembradora<\/figcaption><\/figure> <figcaption class=\"blocks-gallery-caption wp-element-caption\">m\u00e1quina de siembra de ma\u00edz<\/figcaption><\/figure>    <h2 class=\"wp-block-heading\" id=\"h-how-to-use-a-4-row-corn-planter\">Precauciones para usar una sembradora de ma\u00edz<\/h2>    <ol class=\"wp-block-list\"> <li>Verificaci\u00f3n y limpieza antes de usar: retire los residuos en la caja de siembra y la hierba y tierra en el abrecampo para asegurar que el equipo est\u00e9 limpio y sin obstrucciones.<\/li>    <li>Lubricaci\u00f3n y mantenimiento: seg\u00fan los requisitos del manual, a\u00f1ada lubricante a las partes de transmisi\u00f3n y rotaci\u00f3n del tractor a tiempo.<\/li>    <li>Verifique los sujetadores: preste atenci\u00f3n a revisar la cadena de transmisi\u00f3n de la sembradora, la tensi\u00f3n y si los pernos est\u00e1n apretados.<\/li>    <li>Mantenga el cuerpo nivelado: despu\u00e9s de conectar la sembradora con el tractor, el cuerpo debe mantenerse nivelado antes y despu\u00e9s para evitar inclinaciones y afectar la siembra.<\/li>    <li>Ajuste razonable de par\u00e1metros: ajuste correcto de la cantidad de semillas, el espaciamiento entre filas del abrecampo y la profundidad de siembra de la rueda de surco para garantizar una siembra uniforme y eficiente.<\/li> <\/ol>    <figure class=\"wp-block-image aligncenter size-full is-resized\"><img loading=\"lazy\" decoding=\"async\" width=\"720\" height=\"540\" src=\"https:\/\/www.agriculture-machine.com\/wp-content\/uploads\/2022\/03\/planter1_720_540.jpg\" alt=\"M\u00e1quina de siembra de ma\u00edz\" class=\"wp-image-12707\" title=\"sembradora\" srcset=\"https:\/\/www.agriculture-machine.com\/wp-content\/uploads\/2022\/03\/planter1_720_540.jpg 720w, https:\/\/www.agriculture-machine.com\/wp-content\/uploads\/2022\/03\/planter1_720_540-360x270.jpg 360w, https:\/\/www.agriculture-machine.com\/wp-content\/uploads\/2022\/03\/planter1_720_540-240x180.jpg 240w\" sizes=\"auto, (max-width: 720px) 100vw, 720px\" \/><figcaption class=\"wp-element-caption\">M\u00e1quina de siembra de ma\u00edz<\/figcaption><\/figure>    <h2 class=\"wp-block-heading\">Casos de \u00e9xito de sembradoras de ma\u00edz accionadas por tractor<\/h2>    <p class=\"translation-block\">Contamos con muchos <a href=\"https:\/\/www.agriculture-machine.com\/es\/we-sold-4-row-and-8-row-corn-planter-machine-to-the-united-states\/\">casos de \u00e9xito de m\u00e1quinas sembradoras de ma\u00edz<\/a> que se exportan a pa\u00edses extranjeros. Por ejemplo, vendimos 5 juegos de sembradoras de ma\u00edz de 3 filas con fertilizante a Panam\u00e1. Este cliente visit\u00f3 nuestra f\u00e1brica para confirmar el pedido. Y antes de comprar esta sembradora, compr\u00f3 un tractor de 20HP. Por eso, le sugerimos comprar una sembradora de 3 filas, ya que debe coincidir con su tractor.<\/p>    <p class=\"translation-block\">Recently, we exported a 4-row corn planter machine to <a href=\"https:\/\/en.wikipedia.org\/wiki\/El_Salvador\" target=\"_blank\" rel=\"noopener\">El Salvador<\/a>. It is worth mentioning that we have customized machines for our customers. according to the customer&#8217;s requirements. we also have customized the seed box for him.<\/p>    <figure class=\"wp-block-gallery has-nested-images columns-2 is-cropped wp-block-gallery-4 is-layout-flex wp-block-gallery-is-layout-flex\"> <figure class=\"wp-block-image size-large\"><a href=\"https:\/\/www.agriculture-machine.com\/wp-content\/uploads\/2022\/03\/wrap-film-4.jpg\"><img loading=\"lazy\" decoding=\"async\" width=\"720\" height=\"540\" data-id=\"12708\" src=\"https:\/\/www.agriculture-machine.com\/wp-content\/uploads\/2022\/03\/wrap-film-4.jpg\" alt=\"film de envoltura\" class=\"wp-image-12708\" title=\"film de envoltura\" srcset=\"https:\/\/www.agriculture-machine.com\/wp-content\/uploads\/2022\/03\/wrap-film-4.jpg 720w, https:\/\/www.agriculture-machine.com\/wp-content\/uploads\/2022\/03\/wrap-film-4-360x270.jpg 360w, https:\/\/www.agriculture-machine.com\/wp-content\/uploads\/2022\/03\/wrap-film-4-240x180.jpg 240w\" sizes=\"auto, (max-width: 720px) 100vw, 720px\" \/><\/a><figcaption class=\"wp-element-caption\">film de envoltura<\/figcaption><\/figure>    <figure class=\"wp-block-image size-large\"><a href=\"https:\/\/www.agriculture-machine.com\/wp-content\/uploads\/2022\/03\/loading-tuya.jpg\"><img loading=\"lazy\" decoding=\"async\" width=\"720\" height=\"540\" data-id=\"12709\" src=\"https:\/\/www.agriculture-machine.com\/wp-content\/uploads\/2022\/03\/loading-tuya.jpg\" alt=\"Carga\" class=\"wp-image-12709\" title=\"Carga\" srcset=\"https:\/\/www.agriculture-machine.com\/wp-content\/uploads\/2022\/03\/loading-tuya.jpg 720w, https:\/\/www.agriculture-machine.com\/wp-content\/uploads\/2022\/03\/loading-tuya-360x270.jpg 360w, https:\/\/www.agriculture-machine.com\/wp-content\/uploads\/2022\/03\/loading-tuya-240x180.jpg 240w\" sizes=\"auto, (max-width: 720px) 100vw, 720px\" \/><\/a><figcaption class=\"wp-element-caption\">Carga<\/figcaption><\/figure>    <figure class=\"wp-block-image size-large\"><a href=\"https:\/\/www.agriculture-machine.com\/wp-content\/uploads\/2022\/03\/shipping-3.jpg\"><img loading=\"lazy\" decoding=\"async\" width=\"720\" height=\"540\" data-id=\"12710\" src=\"https:\/\/www.agriculture-machine.com\/wp-content\/uploads\/2022\/03\/shipping-3.jpg\" alt=\"Env\u00edo\" class=\"wp-image-12710\" title=\"Env\u00edo\" srcset=\"https:\/\/www.agriculture-machine.com\/wp-content\/uploads\/2022\/03\/shipping-3.jpg 720w, https:\/\/www.agriculture-machine.com\/wp-content\/uploads\/2022\/03\/shipping-3-360x270.jpg 360w, https:\/\/www.agriculture-machine.com\/wp-content\/uploads\/2022\/03\/shipping-3-240x180.jpg 240w\" sizes=\"auto, (max-width: 720px) 100vw, 720px\" \/><\/a><figcaption class=\"wp-element-caption\">Env\u00edo<\/figcaption><\/figure>    <figure class=\"wp-block-image size-large\"><a href=\"https:\/\/www.agriculture-machine.com\/wp-content\/uploads\/2022\/03\/in-container1-.jpg\"><img loading=\"lazy\" decoding=\"async\" width=\"720\" height=\"540\" data-id=\"12711\" src=\"https:\/\/www.agriculture-machine.com\/wp-content\/uploads\/2022\/03\/in-container1-.jpg\" alt=\"en contenedor\" class=\"wp-image-12711\" title=\"en contenedor\" srcset=\"https:\/\/www.agriculture-machine.com\/wp-content\/uploads\/2022\/03\/in-container1-.jpg 720w, https:\/\/www.agriculture-machine.com\/wp-content\/uploads\/2022\/03\/in-container1--360x270.jpg 360w, https:\/\/www.agriculture-machine.com\/wp-content\/uploads\/2022\/03\/in-container1--240x180.jpg 240w\" sizes=\"auto, (max-width: 720px) 100vw, 720px\" \/><\/a><figcaption class=\"wp-element-caption\">en contenedor<\/figcaption><\/figure> <figcaption class=\"blocks-gallery-caption wp-element-caption\">embalaje y env\u00edo de m\u00e1quinas sembradoras de ma\u00edz<\/figcaption><\/figure>    <h2 class=\"wp-block-heading\" id=\"h-the-troubleshooting-and-solutions\"><a href=\"https:\/\/www.agriculture-machine.com\/es\/what-should-you-pay-attention-to-when-using-corn-planter-machine\/\">Las soluciones y problemas<\/a><\/h2>    <ol class=\"wp-block-list\"> <li>Sin semillas: puede ser que la marcha de transmisi\u00f3n no est\u00e9 engranada o que el orificio cuadrado del rodillo est\u00e9 desgastado, necesita revisar y reparar o reemplazar las piezas.<\/li>    <li>El dispositivo de siembra individual no funciona: generalmente, la salida de semillas est\u00e1 obstruida con residuos, limpiar los residuos puede restaurar a la normalidad.<\/li>    <li>Fuera de la semilla pero sin semilla en el suelo: indica que el abrecampo o la tuber\u00eda de semillas est\u00e1n bloqueados, necesita limpiar la obstrucci\u00f3n a tiempo.<\/li> <\/ol>    <h2 class=\"wp-block-heading\" id=\"h-faq\">Preguntas frecuentes<\/h2>   <div id=\"rank-math-faq\" class=\"rank-math-block\"> <div class=\"rank-math-list\"> <div id=\"faq-question-1717040469237\" class=\"rank-math-list-item\"> <h3 class=\"rank-math-question\">\u00bfCu\u00e1ntas filas de m\u00e1quinas sembradoras de ma\u00edz tienes?<\/h3> <div class=\"rank-math-answer\">  <p>Contamos con m\u00e1quinas sembradoras de ma\u00edz de 2, 3, 4, 5, 6 y 8 filas. Por lo tanto, puedes elegir seg\u00fan tus necesidades.<\/p>  <\/div> <\/div> <div id=\"faq-question-1717040477193\" class=\"rank-math-list-item\"> <h3 class=\"rank-math-question\">\u00bfSe puede ajustar el espaciamiento entre filas y entre plantas?<\/h3> <div class=\"rank-math-answer\">  <p>S\u00ed, son ajustables.<\/p>  <\/div> <\/div> <div id=\"faq-question-1717040488671\" class=\"rank-math-list-item\"> <h3 class=\"rank-math-question\">\u00bfNecesitan los sembradores de ma\u00edz con diferentes filas un tractor diferente?<\/h3> <div class=\"rank-math-answer\">  <p>Por supuesto, el motor del tractor var\u00eda seg\u00fan las diferentes filas de sembradoras.<\/p>  <\/div> <\/div> <div id=\"faq-question-1717040497645\" class=\"rank-math-list-item\"> <h3 class=\"rank-math-question\">\u00bfEs f\u00e1cil conectar la sembradora de ma\u00edz en venta con el tractor?<\/h3> <div class=\"rank-math-answer\">  <p>S\u00ed, es f\u00e1cil. Y no se preocupe, le ense\u00f1aremos c\u00f3mo hacerlo.<\/p>  <\/div> <\/div> <\/div> <\/div>   <p class=\"translation-block\">Adem\u00e1s de sembradoras de ma\u00edz, tambi\u00e9n ofrecemos <a href=\"https:\/\/www.agriculture-machine.com\/es\/corn-maize-harvester-machine\/\">cosechadoras de ma\u00edz<\/a>, <a href=\"https:\/\/www.agriculture-machine.com\/es\/maize-peeler-and-thresher\/\">desgranadoras de ma\u00edz<\/a> y <a href=\"https:\/\/www.agriculture-machine.com\/es\/corn-grits-making-machine\/\">m\u00e1quinas para hacer grits de ma\u00edz<\/a>, cubriendo todos los aspectos desde la siembra hasta el procesamiento adicional, ayud\u00e1ndole a completar eficientemente todo el proceso de manejo del ma\u00edz. \u00a1No dude en contactarnos para soluciones de maquinaria de ma\u00edz que se ajusten a sus necesidades!<\/p>","protected":false},"excerpt":{"rendered":"<p>La m\u00e1quina sembradora de ma\u00edz puede lograr una siembra y fertilizaci\u00f3n sincronizadas y uniformes. Disponemos de siembra de 2 a 8 filas, ampliamente utilizada en todo tipo de operaciones de siembra en tierras agr\u00edcolas.<\/p>","protected":false},"author":1,"featured_media":12713,"parent":0,"comment_status":"closed","ping_status":"closed","template":"","tags":[491,481],"product-type":[882,870],"class_list":["post-1889","product","type-product","status-publish","has-post-thumbnail","hentry","tag-corn","tag-maize","product-type-corn-planter","product-type-planter"],"_links":{"self":[{"href":"https:\/\/www.agriculture-machine.com\/es\/wp-json\/wp\/v2\/product\/1889","targetHints":{"allow":["GET"]}}],"collection":[{"href":"https:\/\/www.agriculture-machine.com\/es\/wp-json\/wp\/v2\/product"}],"about":[{"href":"https:\/\/www.agriculture-machine.com\/es\/wp-json\/wp\/v2\/types\/product"}],"author":[{"embeddable":true,"href":"https:\/\/www.agriculture-machine.com\/es\/wp-json\/wp\/v2\/users\/1"}],"replies":[{"embeddable":true,"href":"https:\/\/www.agriculture-machine.com\/es\/wp-json\/wp\/v2\/comments?post=1889"}],"wp:featuredmedia":[{"embeddable":true,"href":"https:\/\/www.agriculture-machine.com\/es\/wp-json\/wp\/v2\/media\/12713"}],"wp:attachment":[{"href":"https:\/\/www.agriculture-machine.com\/es\/wp-json\/wp\/v2\/media?parent=1889"}],"wp:term":[{"taxonomy":"post_tag","embeddable":true,"href":"https:\/\/www.agriculture-machine.com\/es\/wp-json\/wp\/v2\/tags?post=1889"},{"taxonomy":"product-type","embeddable":true,"href":"https:\/\/www.agriculture-machine.com\/es\/wp-json\/wp\/v2\/product-type?post=1889"}],"curies":[{"name":"wp","href":"https:\/\/api.w.org\/{rel}","templated":true}]}}