{"id":1931,"date":"2019-02-20T09:34:02","date_gmt":"2019-02-20T01:34:02","guid":{"rendered":"https:\/\/www.agriculture-machine.com\/?p=1931"},"modified":"2025-03-14T17:56:59","modified_gmt":"2025-03-14T09:56:59","slug":"combine-harvester","status":"publish","type":"product","link":"https:\/\/www.agriculture-machine.com\/es\/combine-harvester\/","title":{"rendered":"Cosechadora combinada de trigo y arroz"},"content":{"rendered":"<p>En el m\u00e9todo tradicional de cosecha de arroz, las tareas separadas de cosecha manual y trilla no solo requieren una cantidad significativa de mano de obra, sino que tambi\u00e9n conducen a una p\u00e9rdida de grano de aproximadamente 10% a 15%.<\/p>    <p>Ingresa a la m\u00e1quina de cosechadora de arroz y trigo peque\u00f1a, que combina h\u00e1bilmente los procesos de cosecha y trilla en una operaci\u00f3n eficiente. Con la capacidad de cubrir de 50 a 80 mu en un solo d\u00eda y una tasa de p\u00e9rdida de solo 1.5% o menos, ofrece una soluci\u00f3n integral para la agricultura moderna, llev\u00e1ndote sin problemas del campo al silo de granos.<\/p>    <figure class=\"wp-block-embed aligncenter is-type-video is-provider-youtube wp-block-embed-youtube wp-embed-aspect-16-9 wp-has-aspect-ratio\"><div class=\"wp-block-embed__wrapper\"> <iframe loading=\"lazy\" title=\"Tecnolog\u00eda avanzada, \u00a1una m\u00e1quina! La cosechadora y trilladora de arroz y trigo hace una aparici\u00f3n impactante.\" width=\"500\" height=\"281\" src=\"https:\/\/www.youtube.com\/embed\/-JwfU0i0ZWo?start=24&#038;feature=oembed\" frameborder=\"0\" allow=\"accelerometer; autoplay; clipboard-write; encrypted-media; gyroscope; picture-in-picture; web-share\" referrerpolicy=\"strict-origin-when-cross-origin\" allowfullscreen><\/iframe> <\/div><figcaption class=\"wp-element-caption\">Video de funcionamiento de la peque\u00f1a cosechadora combinada<\/figcaption><\/figure>    <p>Lo mejor es que no tendr\u00e1s que invertir en dos m\u00e1quinas separadas: una peque\u00f1a cosechadora combinada y una trilladora. Este tipo de m\u00e1quina puede realmente ayudarte a ahorrar dinero y energ\u00eda. En este art\u00edculo, exploraremos los dos tipos diferentes de m\u00e1quinas de cosecha de arroz.<\/p>    <h2 class=\"wp-block-heading\">Tipo uno<\/h2>    <p>Esta peque\u00f1a m\u00e1quina cosechadora est\u00e1 dise\u00f1ada para arroz y trigo. Cosecha eficientemente los cultivos cort\u00e1ndolos directamente del campo, adem\u00e1s de manejar el trillo, separar las pajas y eliminar impurezas en una sola operaci\u00f3n. <\/p>    <p>En t\u00e9rminos m\u00e1s simples, esta m\u00e1quina no solo corta el arroz o trigo, sino que tambi\u00e9n los trilla, proporcionando granos limpios al final. Adem\u00e1s, tiene una tasa de rotura de grano de solo 1.5% y una tasa de p\u00e9rdida de arroz del 2%.<\/p>    <figure class=\"wp-block-image aligncenter wp-image-4063 size-full\"><img loading=\"lazy\" decoding=\"async\" width=\"750\" height=\"600\" src=\"https:\/\/www.agriculture-machine.com\/wp-content\/uploads\/2019\/02\/harvester-machine-5.jpg\" alt=\"peque\u00f1a cosechadora combinada\" class=\"wp-image-4063\" srcset=\"https:\/\/www.agriculture-machine.com\/wp-content\/uploads\/2019\/02\/harvester-machine-5.jpg 750w, https:\/\/www.agriculture-machine.com\/wp-content\/uploads\/2019\/02\/harvester-machine-5-338x270.jpg 338w, https:\/\/www.agriculture-machine.com\/wp-content\/uploads\/2019\/02\/harvester-machine-5-675x540.jpg 675w\" sizes=\"auto, (max-width: 750px) 100vw, 750px\" \/><figcaption class=\"wp-element-caption\">peque\u00f1a cosechadora combinada<\/figcaption><\/figure>    <figure class=\"wp-block-image aligncenter\"><img decoding=\"async\" src=\"https:\/\/www.agriculture-machine.com\/wp-content\/uploads\/2019\/02\/combine-harvester06.jpg\" alt=\"Estructura de cosechadora de trigo\"\/><figcaption class=\"wp-element-caption\">Estructura de cosechadora de trigo<\/figcaption><\/figure>    <h3 class=\"wp-block-heading\">Par\u00e1metro t\u00e9cnico de la peque\u00f1a cosechadora combinada<\/h3>    <figure class=\"wp-block-table is-style-stripes\"><table class=\"has-fixed-layout\"><tbody><tr><td>Modelo<\/td><td><strong><strong>4LZ-0.8 (Pista)<\/strong><\/strong><\/td><\/tr><tr><td>Conexi\u00f3n\/Transmisi\u00f3n<\/td><td>Un solo eje, tracci\u00f3n<\/td><\/tr><tr><td>Modo de arranque<\/td><td>Arranque el\u00e9ctrico<\/td><\/tr><tr><td>Iluminaci\u00f3n<\/td><td>12V\/100W<\/td><\/tr><tr><td>Enfriamiento<\/td><td>Enfriamiento por aire<\/td><\/tr><tr><td>Peso<\/td><td>450 kg<\/td><\/tr><tr><td>Dimensiones<\/td><td>2700*1420*1350 mm<\/td><\/tr><tr><td>Modelo de motor<\/td><td>188 F<\/td><\/tr><tr><td>Motor di\u00e9sel<\/td><td>Cilindro simple, horizontal, agua evaporativa, inyecci\u00f3n directa<\/td><\/tr><tr><td>Potencia nominal<\/td><td>13.5 Hp<\/td><\/tr><tr><td>Velocidad nominal del motor<\/td><td>3600 r\/min<\/td><\/tr><tr><td>Consumo de combustible<\/td><td>20 kg\/hm2<\/td><\/tr><tr><td>Velocidad de trabajo te\u00f3rica<\/td><td>2.56 (segunda velocidad)<\/td><\/tr><tr><td>Productividad<\/td><td>400-1000m2\/h<\/td><\/tr><tr><td>Tasa de rotura<\/td><td>1.5%<\/td><\/tr><tr><td>Tasa de p\u00e9rdida de arroz<\/td><td>2%<\/td><\/tr><tr><td>Tasa de p\u00e9rdida de trigo<\/td><td>3.5%<\/td><\/tr><tr><td>Ancho de corte nominal<\/td><td>1200 mm<\/td><\/tr><tr><td>Altura m\u00ednima del suelo<\/td><td>180 mm<\/td><\/tr><tr><td>Caterpillar<\/td><td>Longitud 800 * Ancho 250 mm<\/td><\/tr><tr><td>Tama\u00f1o de neum\u00e1tico<\/td><td>5.00-12<\/td><\/tr><\/tbody><\/table><figcaption class=\"wp-element-caption\">Datos t\u00e9cnicos de la peque\u00f1a cosechadora combinada<\/figcaption><\/figure>    <h3 class=\"wp-block-heading\">Preocupaci\u00f3n de la peque\u00f1a cosechadora<\/h3>    <ul class=\"wp-block-list\"> <li>La m\u00e1quina cosechadora de arroz debe ir recta en el campo, lo que puede mejorar la eficiencia de trabajo y evitar el desperdicio de cultivos.<\/li>    <li>El usuario debe controlar la velocidad de la cosechadora de trigo seg\u00fan la altura, humedad del cultivo y humedad del campo. Reducir la velocidad para cultivos altos y aumentar para campos secos.<\/li> <\/ul>    <figure class=\"wp-block-image aligncenter\"><img decoding=\"async\" src=\"https:\/\/www.agriculture-machine.com\/wp-content\/uploads\/2019\/02\/combine-harvester08.jpg\" alt=\"sitio de trabajo de la m\u00e1quina de cosecha de arroz\"\/><figcaption class=\"wp-element-caption\">sitio de trabajo de la peque\u00f1a cosechadora de arroz<\/figcaption><\/figure>    <h3 class=\"wp-block-heading\">Ventajas de la cosechadora de arroz<\/h3>    <ul class=\"wp-block-list\"> <li>Tecnolog\u00eda de trilla avanzada para garantizar granos limpios y separaci\u00f3n completa.<\/li>    <li>Adoptar tambor de tres en uno, con carga baja y baja tasa de rotura.<\/li>    <li>Puerto de alimentaci\u00f3n m\u00e1s ancho: la materia prima puede introducirse en la m\u00e1quina sin bloqueo.<\/li>    <li>Transportador elevador m\u00e1s ancho: facilita el transporte de cultivos.<\/li>    <li>Nuestra cosechadora de arroz combinada tiene un dise\u00f1o razonable, alta fiabilidad, f\u00e1cil mantenimiento y bajo costo.<\/li>    <li>Alta tasa de trilla. La tasa de trilla es superior al 95%.<\/li>    <li>Las personas pueden sentarse en la m\u00e1quina para operar, ahorrando tiempo y energ\u00eda.<\/li> <\/ul>    <h2 class=\"wp-block-heading\">Tipo dos<\/h2>    <p>La peque\u00f1a cosechadora autopropulsada est\u00e1 dise\u00f1ada para manejar caminar, cosechar, limpiar y trillado en una sola m\u00e1quina, alimentada por un motor di\u00e9sel. Permite a los operadores sentarse c\u00f3modamente mientras trabajan, lo que la hace muy conveniente para los agricultores. <\/p>    <p>Esta cosechadora ofrece una excelente maniobrabilidad, movimiento f\u00e1cil y una impresionante eficiencia de producci\u00f3n. Despu\u00e9s de la cosecha, los cultivos se alimentan en el tambor para trillarlos, lo que ayuda a ahorrar tiempo y mano de obra. Su alta capacidad y baja tasa de p\u00e9rdida son algunas de sus mayores ventajas.<\/p>    <figure class=\"wp-block-image aligncenter wp-image-2050 size-full\"><img loading=\"lazy\" decoding=\"async\" width=\"667\" height=\"502\" src=\"https:\/\/www.agriculture-machine.com\/wp-content\/uploads\/2018\/10\/rice-harvester2.jpg\" alt=\"m\u00e1quina de cosecha de arroz completada\" class=\"wp-image-2050\" srcset=\"https:\/\/www.agriculture-machine.com\/wp-content\/uploads\/2018\/10\/rice-harvester2.jpg 667w, https:\/\/www.agriculture-machine.com\/wp-content\/uploads\/2018\/10\/rice-harvester2-360x270.jpg 360w, https:\/\/www.agriculture-machine.com\/wp-content\/uploads\/2018\/10\/rice-harvester2-240x180.jpg 240w\" sizes=\"auto, (max-width: 667px) 100vw, 667px\" \/><figcaption class=\"wp-element-caption\">m\u00e1quina de cosecha de arroz completada<\/figcaption><\/figure>    <figure class=\"wp-block-table is-style-stripes\"><table><tbody><tr><td>modelo<\/td><td>TZY-100A<\/td><\/tr><tr><td>tipo<\/td><td>Tipo de paseo (las personas pueden sentarse)<\/td><\/tr><tr><td>motor<\/td><td>9.2kw<\/td><\/tr><tr><td>motor<\/td><td>Motor di\u00e9sel de 12.5Hp<\/td><\/tr><tr><td>Ancho de corte<\/td><td>120cm<\/td><\/tr><tr><td>altura de corte<\/td><td>12-75cm<\/td><\/tr><tr><td>tasa de rotura<\/td><td>&lt;5%<\/td><\/tr><tr><td>Contenido de basura<\/td><td>&lt;7%<\/td><\/tr><tr><td>capacidad<\/td><td>1000m\u00b3\/h<\/td><\/tr><tr><td>tama\u00f1o<\/td><td>2600*1340*1540mm<\/td><\/tr><tr><td>peso<\/td><td>450kg<\/td><\/tr><\/tbody><\/table><figcaption class=\"wp-element-caption\">Datos t\u00e9cnicos de la peque\u00f1a cosechadora combinada<\/figcaption><\/figure>    <figure class=\"wp-block-image aligncenter wp-image-4061 size-full\"><img loading=\"lazy\" decoding=\"async\" width=\"750\" height=\"600\" src=\"https:\/\/www.agriculture-machine.com\/wp-content\/uploads\/2019\/02\/harvester-machine-3.jpg\" alt=\"cosechadora de arroz\" class=\"wp-image-4061\" srcset=\"https:\/\/www.agriculture-machine.com\/wp-content\/uploads\/2019\/02\/harvester-machine-3.jpg 750w, https:\/\/www.agriculture-machine.com\/wp-content\/uploads\/2019\/02\/harvester-machine-3-338x270.jpg 338w, https:\/\/www.agriculture-machine.com\/wp-content\/uploads\/2019\/02\/harvester-machine-3-675x540.jpg 675w\" sizes=\"auto, (max-width: 750px) 100vw, 750px\" \/><figcaption class=\"wp-element-caption\">cosechadora de arroz<\/figcaption><\/figure>    <h2 class=\"wp-block-heading\">Preocupaci\u00f3n de la cosechadora de arroz y trilladora<\/h2>    <ol class=\"wp-block-list\"> <li>Aseg\u00farese de leer cuidadosamente el manual del producto antes de usarlo. La estructura de la cosechadora de trigo es complicada, aunque la calidad de la m\u00e1quina es muy buena, a\u00fan necesita conocer la estructura interna y seguir la introducci\u00f3n para operar. De lo contrario, la peque\u00f1a cosechadora combinada ser\u00e1 propensa a fallos.<\/li>    <li>Las condiciones de los cultivos cosechados var\u00edan ampliamente, como variedad, madurez, contenido de humedad, rendimiento y altura del cultivo. Por lo tanto, los mecanismos relevantes de la m\u00e1quina deben ajustarse a tiempo para garantizar un buen rendimiento.<\/li>    <li>El dispositivo de protecci\u00f3n instalado en la cosechadora de arroz es para proteger la seguridad del operador. Por lo tanto, no puede ser desmontado durante el trabajo. Si ha sido desmontado durante el mantenimiento, el usuario debe volver a instalarlo para evitar un accidente.<\/li>    <li>La cosechadora debe inspeccionarse y mantenerse con frecuencia, como verificar si falta aceite lubricante o agua, la holgura del tornillo y sonidos anormales, etc.<\/li>    <li>Todas las partes de la <a href=\"https:\/\/www.agriculture-machine.com\/es\/reaper-binder\/\"><strong>m\u00e1quina cosechadora de trigo<\/strong><\/a> est\u00e1n dise\u00f1adas para coordinarse y no pueden ser modificadas a voluntad.<\/li> <\/ol>    <figure class=\"wp-block-image aligncenter wp-image-2049 size-full\"><img loading=\"lazy\" decoding=\"async\" width=\"668\" height=\"473\" src=\"https:\/\/www.agriculture-machine.com\/wp-content\/uploads\/2018\/10\/rice-harvester1.jpg\" alt=\"cosechadora de arroz\" class=\"wp-image-2049\" srcset=\"https:\/\/www.agriculture-machine.com\/wp-content\/uploads\/2018\/10\/rice-harvester1.jpg 668w, https:\/\/www.agriculture-machine.com\/wp-content\/uploads\/2018\/10\/rice-harvester1-360x255.jpg 360w\" sizes=\"auto, (max-width: 668px) 100vw, 668px\" \/><figcaption class=\"wp-element-caption\">cosechadora de arroz<\/figcaption><\/figure>    <figure class=\"wp-block-image aligncenter\"><img decoding=\"async\" src=\"https:\/\/www.agriculture-machine.com\/wp-content\/uploads\/2019\/02\/combine-harvester05.jpg\" alt=\"Ventaja de la cosechadora de arroz\"\/><figcaption class=\"wp-element-caption\">Ventaja de la cosechadora de arroz<\/figcaption><\/figure>    <h2 class=\"wp-block-heading\"><strong>Ventajas de la peque\u00f1a cosechadora de arroz y trigo<\/strong><\/h2>    <ol class=\"wp-block-list\"> <li>Poca rotura tard\u00eda. Solo es del 5% y puedes obtener granos muy intactos y limpios.<\/li>    <li>Alta capacidad. Esta cosechadora tiene una capacidad mayor (1000m\u00b3\/h) en comparaci\u00f3n con otras cosechadoras.<\/li>    <li>La altura de corte es ajustable (12-75cm).<\/li>    <li>Operaci\u00f3n sencilla. Solo una persona puede completar todos los procesos.<\/li>    <li>Funciones m\u00faltiples. Puede cosechar arroz y trigo primero y luego trillarlos para obtener granos, lo que ahorra tiempo y energ\u00eda.<\/li> <\/ol>    <figure class=\"wp-block-image aligncenter wp-image-2051 size-full\"><img loading=\"lazy\" decoding=\"async\" width=\"672\" height=\"478\" src=\"https:\/\/www.agriculture-machine.com\/wp-content\/uploads\/2018\/10\/rice-harvester3.jpg\" alt=\"m\u00e1quina de cosecha de arroz\" class=\"wp-image-2051\" srcset=\"https:\/\/www.agriculture-machine.com\/wp-content\/uploads\/2018\/10\/rice-harvester3.jpg 672w, https:\/\/www.agriculture-machine.com\/wp-content\/uploads\/2018\/10\/rice-harvester3-360x256.jpg 360w\" sizes=\"auto, (max-width: 672px) 100vw, 672px\" \/><figcaption class=\"wp-element-caption\">m\u00e1quina cosechadora de arroz<\/figcaption><\/figure>    <h2 class=\"wp-block-heading\">Malfuncionamiento y soluci\u00f3n relacionada de la cosechadora de arroz<\/h2>    <figure class=\"wp-block-table is-style-stripes\"><table><tbody><tr><td>Malfuncionamiento<\/td><td>Raz\u00f3n<\/td><td>Soluci\u00f3n<\/td><\/tr><tr><td rowspan=\"4\">El cortador est\u00e1 bloqueado.<\/td><td>1. Hierba y barro en el cortador.<\/td><td>1. Detenerse y despejar obst\u00e1culos.<\/td><\/tr><tr><td>2. La holgura de la cuchilla es demasiado grande.<\/td><td>2. Ajustar la holgura de la cuchilla.<\/td><\/tr><tr><td>3. La cantidad de cultivo es excesiva.<\/td><td>3. reducir el ancho de cosecha.<\/td><\/tr><tr><td>4. Da\u00f1o a la cuchilla.<\/td><td>4. Reparar o reemplazar.<\/td><\/tr><tr><td rowspan=\"2\">Reducir la cantidad de cultivos alimentados y trabajar con acelerador medio y grande.<\/td><td>1. La cosecha es menor a 55 cm.<\/td><td>1. Intentar reducir la altura del rastro.<\/td><\/tr><tr><td>2. La bandeja de transporte del cortador est\u00e1 da\u00f1ada.<\/td><td>2. Reparar o reemplazar.<\/td><\/tr><tr><td rowspan=\"4\">El rodillo de trilla est\u00e1 bloqueado.<\/td><td>1. La cantidad de alimentaci\u00f3n es excesiva o desigual.<\/td><td>1. Controlar el cortador para cortar los cultivos de manera uniforme durante la operaci\u00f3n.<\/td><\/tr><tr><td>2. La velocidad del tambor es baja.<\/td><td>2. Trabajar con acelerador medio y grande<\/td><\/tr><tr><td>3. La ca\u00f1a est\u00e1 demasiado h\u00fameda y el cultivo demasiado alto.<\/td><td>3. Elegir cultivos secos para cosechar y aumentar la altura del rastro.<\/td><\/tr><tr><td>4. La placa gu\u00eda est\u00e1 desprendida o desgastada.<\/td><td>4. Reparar o reemplazar.<\/td><\/tr><tr><td rowspan=\"2\">La salida de grano est\u00e1 bloqueada.<\/td><td>1. La salida de grano est\u00e1 llena y el recipiente de grano no se ha cambiado a tiempo.<\/td><td>1. Cambiar el recipiente a tiempo.<\/td><\/tr><tr><td>2. El tallo est\u00e1 h\u00famedo y el grano contiene malezas.<\/td><td>Ajustar la altura del cortador.<\/td><\/tr><tr><td>La cabeza del cultivo cae al campo.<\/td><td>La altura de cosecha supera 1.1 m.<\/td><td>Ajustar la altura del cortador.<\/td><\/tr><\/tbody><\/table><figcaption class=\"wp-element-caption\">C\u00f3mo usar correctamente la peque\u00f1a cosechadora combinada<\/figcaption><\/figure>    <h2 class=\"wp-block-heading\">\u00bfC\u00f3mo usar una cosechadora combinada de trigo y arroz?<\/h2>    <p class=\"translation-block\">Durante la temporada de cosecha, debido a tareas pesadas, <strong>cosechadora de arroz<\/strong> a menudo encuentra variedades de cultivos, campos de diferentes tama\u00f1os y condiciones naturales complejas y variadas. Para maximizar la eficiencia de trabajo, el operador no solo debe conocer el rendimiento estructural de la m\u00e1quina de arroz combinada, sino tambi\u00e9n dominar correctamente el m\u00e9todo y los procedimientos operativos.<\/p>    <ol class=\"wp-block-list\"> <li>Preparaci\u00f3n antes de usar.<\/li> <\/ol>    <p>Basado en el mantenimiento, debe llevar algunas herramientas necesarias y piezas vulnerables. Al mismo tiempo, debe agregar suficiente combustible y aceite lubricante.<\/p>    <ol start=\"2\" class=\"wp-block-list\"> <li>M\u00e9todos de preparaci\u00f3n y cosecha.<\/li> <\/ol>    <ul class=\"wp-block-list\"> <li>Debe conocer las condiciones de las carreteras, la profundidad del suelo, la altura del cultivo y la humedad para hacer ajustes adecuados a la cosechadora de trigo.<\/li>    <li>Cuando la peque\u00f1a cosechadora combinada va al campo, generalmente debe ingresar desde la esquina izquierda. Para evitar p\u00e9rdidas, el espacio abierto de 1.2m x 2.4m debe cortarse manualmente en la esquina derecha. Si el campo no es alto, la cosechadora de arroz puede trabajar directamente.<\/li>    <li>Si el terreno es relativamente ordenado y no es alto, para mejorar la eficiencia de producci\u00f3n, se pueden conectar varios campos para cosechar.<\/li> <\/ul>    <h2 class=\"wp-block-heading\">Un caso de \u00e9xito de la m\u00e1quina de cosecha de arroz<\/h2>    <p>A principios de junio, enviamos dos juegos de m\u00e1quinas de cosecha de arroz para Congo. El cliente visit\u00f3 nuestra f\u00e1brica para probar las m\u00e1quinas y expres\u00f3 gran satisfacci\u00f3n con su rendimiento. <\/p>    <p>Para fomentar una asociaci\u00f3n s\u00f3lida a largo plazo, le proporcionamos algunas piezas de repuesto esenciales sin costo, ya que esta es nuestra primera colaboraci\u00f3n. Nuestro equipo se encarg\u00f3 especialmente de embalar las m\u00e1quinas para prevenir da\u00f1os durante la entrega. A continuaci\u00f3n, algunas fotos que muestran c\u00f3mo empacamos la peque\u00f1a cosechadora combinada.<\/p>    <figure class=\"wp-block-image aligncenter\"><img loading=\"lazy\" decoding=\"async\" width=\"720\" height=\"540\" src=\"https:\/\/www.agriculture-machine.com\/wp-content\/uploads\/2019\/02\/rice-harvester-1.jpg\" alt=\"foto de env\u00edo04\" class=\"wp-image-4281\" srcset=\"https:\/\/www.agriculture-machine.com\/wp-content\/uploads\/2019\/02\/rice-harvester-1.jpg 720w, https:\/\/www.agriculture-machine.com\/wp-content\/uploads\/2019\/02\/rice-harvester-1-360x270.jpg 360w, https:\/\/www.agriculture-machine.com\/wp-content\/uploads\/2019\/02\/rice-harvester-1-240x180.jpg 240w\" sizes=\"auto, (max-width: 720px) 100vw, 720px\" \/><\/figure>    <figure class=\"wp-block-image aligncenter\"><img loading=\"lazy\" decoding=\"async\" width=\"720\" height=\"540\" src=\"https:\/\/www.agriculture-machine.com\/wp-content\/uploads\/2019\/02\/rice-harvester-2.jpg\" alt=\"foto de env\u00edo05\" class=\"wp-image-4282\" srcset=\"https:\/\/www.agriculture-machine.com\/wp-content\/uploads\/2019\/02\/rice-harvester-2.jpg 720w, https:\/\/www.agriculture-machine.com\/wp-content\/uploads\/2019\/02\/rice-harvester-2-360x270.jpg 360w, https:\/\/www.agriculture-machine.com\/wp-content\/uploads\/2019\/02\/rice-harvester-2-240x180.jpg 240w\" sizes=\"auto, (max-width: 720px) 100vw, 720px\" \/><\/figure>    <figure class=\"wp-block-image aligncenter\"><img loading=\"lazy\" decoding=\"async\" width=\"720\" height=\"540\" src=\"https:\/\/www.agriculture-machine.com\/wp-content\/uploads\/2019\/02\/rice-harvester-3.jpg\" alt=\"foto de env\u00edo06\" class=\"wp-image-4283\" srcset=\"https:\/\/www.agriculture-machine.com\/wp-content\/uploads\/2019\/02\/rice-harvester-3.jpg 720w, https:\/\/www.agriculture-machine.com\/wp-content\/uploads\/2019\/02\/rice-harvester-3-360x270.jpg 360w, https:\/\/www.agriculture-machine.com\/wp-content\/uploads\/2019\/02\/rice-harvester-3-240x180.jpg 240w\" sizes=\"auto, (max-width: 720px) 100vw, 720px\" \/><\/figure>    <h2 class=\"wp-block-heading\">Preguntas frecuentes<\/h2>   <div id=\"rank-math-faq\" class=\"rank-math-block\"> <div class=\"rank-math-list\"> <div id=\"faq-question-1716197682348\" class=\"rank-math-list-item\"> <h3 class=\"rank-math-question\">\u00bfCu\u00e1l es el ancho de corte de las dos m\u00e1quinas de arroz?<\/h3> <div class=\"rank-math-answer\">  <p>120cm para dos tipos de m\u00e1quina.<\/p>  <\/div> <\/div> <div id=\"faq-question-1716197686223\" class=\"rank-math-list-item\"> <h3 class=\"rank-math-question\">\u00bfCu\u00e1l es la altura de corte?<\/h3> <div class=\"rank-math-answer\">  <p>12-75cm.<\/p>  <\/div> <\/div> <div id=\"faq-question-1716197697136\" class=\"rank-math-list-item\"> <h3 class=\"rank-math-question\">\u00bfCu\u00e1l es la diferencia entre ambas m\u00e1quinas?<\/h3> <div class=\"rank-math-answer\">  <p>Tipo uno es de arranque el\u00e9ctrico, y tipo dos es de tipo paseo (las personas pueden sentarse).<\/p>  <\/div> <\/div> <div id=\"faq-question-1716197708327\" class=\"rank-math-list-item\"> <h3 class=\"rank-math-question\">\u00bfCu\u00e1l es la tasa de p\u00e9rdida de ambas m\u00e1quinas?<\/h3> <div class=\"rank-math-answer\">  <p>Tipo uno: tasa de p\u00e9rdida de arroz 2%.<br \/>Tasa de p\u00e9rdida de trigo del 3.5%.<br \/>Tipo dos: menos del 5%.<\/p>  <\/div> <\/div> <div id=\"faq-question-1716197720791\" class=\"rank-math-list-item\"> <h3 class=\"rank-math-question\">\u00bfPuedo obtener granos de arroz o trigo limpios usando esta m\u00e1quina de cosecha?<\/h3> <div class=\"rank-math-answer\">  <p>S\u00ed, la m\u00e1quina puede cortar arroz o trigo y trillarlos al mismo tiempo.<\/p>  <\/div> <\/div> <div id=\"faq-question-1716197734790\" class=\"rank-math-list-item\"> <h3 class=\"rank-math-question\">\u00bfCu\u00e1l es la materia prima de esta m\u00e1quina?<\/h3> <div class=\"rank-math-answer\">  <p>Solo arroz y trigo.<\/p>  <\/div> <\/div> <div id=\"faq-question-1716197744079\" class=\"rank-math-list-item\"> <h3 class=\"rank-math-question\">\u00bfEres el fabricante?<\/h3> <div class=\"rank-math-answer\">  <p>S\u00ed, lo somos. Bienvenido a visitar nuestra f\u00e1brica.<\/p>  <\/div> <\/div> <div id=\"faq-question-1716197754447\" class=\"rank-math-list-item\"> <h3 class=\"rank-math-question\">\u00bfPuedes cambiar el voltaje de la m\u00e1quina seg\u00fan nuestra solicitud?<\/h3> <div class=\"rank-math-answer\">  <p>S\u00ed, podemos.<\/p>  <\/div> <\/div> <div id=\"faq-question-1716197763735\" class=\"rank-math-list-item\"> <h3 class=\"rank-math-question\">\u00bfQu\u00e9 tal su servicio postventa?<\/h3> <div class=\"rank-math-answer\">  <p>Nuestro ingeniero puede salir para instalar y capacitar a sus trabajadores para operar toda la l\u00ednea de m\u00e1quinas.<\/p>  <\/div> <\/div> <div id=\"faq-question-1716197773985\" class=\"rank-math-list-item\"> <h3 class=\"rank-math-question\">\u00bfCu\u00e1l es el tiempo de garant\u00eda de su peque\u00f1a cosechadora?<\/h3> <div class=\"rank-math-answer\">  <p>1 a\u00f1o.<\/p>  <\/div> <\/div> <\/div> <\/div>   <p><br><\/p>","protected":false},"excerpt":{"rendered":"<p>La peque\u00f1a cosechadora combinada, que incluye funciones de cosecha y trillado de arroz y trigo, puede obtener semillas de cultivo directamente del campo con una tasa de rotura de semillas de solo 1.5%.<\/p>","protected":false},"author":1,"featured_media":1943,"parent":0,"comment_status":"closed","ping_status":"closed","template":"","tags":[490,796,158],"product-type":[888],"class_list":["post-1931","product","type-product","status-publish","has-post-thumbnail","hentry","tag-harvester","tag-rice","tag-wheat","product-type-rice-reaper"],"_links":{"self":[{"href":"https:\/\/www.agriculture-machine.com\/es\/wp-json\/wp\/v2\/product\/1931","targetHints":{"allow":["GET"]}}],"collection":[{"href":"https:\/\/www.agriculture-machine.com\/es\/wp-json\/wp\/v2\/product"}],"about":[{"href":"https:\/\/www.agriculture-machine.com\/es\/wp-json\/wp\/v2\/types\/product"}],"author":[{"embeddable":true,"href":"https:\/\/www.agriculture-machine.com\/es\/wp-json\/wp\/v2\/users\/1"}],"replies":[{"embeddable":true,"href":"https:\/\/www.agriculture-machine.com\/es\/wp-json\/wp\/v2\/comments?post=1931"}],"wp:featuredmedia":[{"embeddable":true,"href":"https:\/\/www.agriculture-machine.com\/es\/wp-json\/wp\/v2\/media\/1943"}],"wp:attachment":[{"href":"https:\/\/www.agriculture-machine.com\/es\/wp-json\/wp\/v2\/media?parent=1931"}],"wp:term":[{"taxonomy":"post_tag","embeddable":true,"href":"https:\/\/www.agriculture-machine.com\/es\/wp-json\/wp\/v2\/tags?post=1931"},{"taxonomy":"product-type","embeddable":true,"href":"https:\/\/www.agriculture-machine.com\/es\/wp-json\/wp\/v2\/product-type?post=1931"}],"curies":[{"name":"wp","href":"https:\/\/api.w.org\/{rel}","templated":true}]}}