{"id":200,"date":"2018-07-12T07:22:03","date_gmt":"2018-07-11T23:22:03","guid":{"rendered":"https:\/\/www.agriculture-machine.com\/?p=200"},"modified":"2024-10-24T14:12:06","modified_gmt":"2024-10-24T06:12:06","slug":"small-chaff-cutter","status":"publish","type":"product","link":"https:\/\/www.agriculture-machine.com\/es\/small-chaff-cutter\/","title":{"rendered":"Tres tipos de cortadora peque\u00f1a de paja \/ cortadora de hierba"},"content":{"rendered":"<h1 class=\"wp-block-heading\"><span style=\"color: #ff0000;\">Tipo uno<\/span><\/h1>    <p>La cortadora de hierba HC-400 es peque\u00f1a en tama\u00f1o, pero es una herramienta \u00fatil para los agricultores, y puedes elegirla sin dudar si plantas trigo, ma\u00edz o tienes algunas hierbas que cortar. La hierba cortada puede usarse para alimentar a los animales y es f\u00e1cil de digerir debido a su tama\u00f1o peque\u00f1o. Con una capacidad de 400-500kg\/h, hemos vendido numerosos conjuntos en casa y en el extranjero, ayudando en gran medida a los agricultores a ahorrar energ\u00eda y tiempo.<\/p>   <p><iframe loading=\"lazy\" title=\"Cortadora de paja barata en venta, m\u00e1quina cortadora de hierba \/ corte de ensilaje en f\u00e1brica china\" width=\"500\" height=\"281\" src=\"https:\/\/www.youtube.com\/embed\/xqezorsYNPE?start=3&#038;feature=oembed\" frameborder=\"0\" allow=\"accelerometer; autoplay; clipboard-write; encrypted-media; gyroscope; picture-in-picture; web-share\" referrerpolicy=\"strict-origin-when-cross-origin\" allowfullscreen><\/iframe><\/p>    <h2 class=\"wp-block-heading\">Par\u00e1metros t\u00e9cnicos de la cortadora de hierba<\/h2>    <figure class=\"wp-block-image aligncenter\"><img loading=\"lazy\" decoding=\"async\" width=\"500\" height=\"500\" src=\"https:\/\/www.agriculture-machine.com\/wp-content\/uploads\/2018\/07\/11.jpg\" alt=\"cortadora de paja\" class=\"wp-image-2983\" srcset=\"https:\/\/www.agriculture-machine.com\/wp-content\/uploads\/2018\/07\/11.jpg 500w, https:\/\/www.agriculture-machine.com\/wp-content\/uploads\/2018\/07\/11-270x270.jpg 270w\" sizes=\"auto, (max-width: 500px) 100vw, 500px\" \/><figcaption class=\"wp-element-caption\">cortadora de paja<\/figcaption><\/figure>    <figure class=\"wp-block-table is-style-stripes\"><table><tbody><tr><td>Modelo<\/td><td>HC-400<\/td><\/tr><tr><td>Potencia<\/td><td>Motor de 2.2kw, motor de gasolina o motor di\u00e9sel<\/td><\/tr><tr><td>Capacidad<\/td><td>400-500kg\/h<\/td><\/tr><tr><td>Peso<\/td><td>80kg<\/td><\/tr><tr><td>Tama\u00f1o<\/td><td>1050*580*800mm<\/td><\/tr><\/tbody><\/table><figcaption class=\"wp-element-caption\">Datos t\u00e9cnicos de la m\u00e1quina cortadora de paja<\/figcaption><\/figure>    <h2 class=\"wp-block-heading\">Estructura de la cortadora de hierba<\/h2>    <figure class=\"wp-block-image aligncenter\"><img loading=\"lazy\" decoding=\"async\" width=\"500\" height=\"500\" src=\"https:\/\/www.agriculture-machine.com\/wp-content\/uploads\/2018\/07\/88.jpg\" alt=\"\" class=\"wp-image-2987\" srcset=\"https:\/\/www.agriculture-machine.com\/wp-content\/uploads\/2018\/07\/88.jpg 500w, https:\/\/www.agriculture-machine.com\/wp-content\/uploads\/2018\/07\/88-270x270.jpg 270w\" sizes=\"auto, (max-width: 500px) 100vw, 500px\" \/><\/figure>    <figure class=\"wp-block-image aligncenter\"><img loading=\"lazy\" decoding=\"async\" width=\"500\" height=\"500\" src=\"https:\/\/www.agriculture-machine.com\/wp-content\/uploads\/2018\/07\/77.jpg\" alt=\"\" class=\"wp-image-2986\" srcset=\"https:\/\/www.agriculture-machine.com\/wp-content\/uploads\/2018\/07\/77.jpg 500w, https:\/\/www.agriculture-machine.com\/wp-content\/uploads\/2018\/07\/77-270x270.jpg 270w\" sizes=\"auto, (max-width: 500px) 100vw, 500px\" \/><\/figure>    <figure class=\"wp-block-image aligncenter\"><img loading=\"lazy\" decoding=\"async\" width=\"500\" height=\"500\" src=\"https:\/\/www.agriculture-machine.com\/wp-content\/uploads\/2018\/07\/66.jpg\" alt=\"\" class=\"wp-image-2985\" srcset=\"https:\/\/www.agriculture-machine.com\/wp-content\/uploads\/2018\/07\/66.jpg 500w, https:\/\/www.agriculture-machine.com\/wp-content\/uploads\/2018\/07\/66-270x270.jpg 270w\" sizes=\"auto, (max-width: 500px) 100vw, 500px\" \/><\/figure>    <h2 class=\"wp-block-heading\">Aplicaci\u00f3n de la m\u00e1quina cortadora de hierba<\/h2>    <ol class=\"wp-block-list\"> <li>La cortadora de paja para venta puede cortar los tallos de frijoles, ma\u00edz, arroz, trigo, alfalfa, hierba, paja de trigo, vainas de man\u00ed, codornices de tierra, etc., para criar vacas, caballos, ovejas, gansos, pollos, patos y otros animales.<\/li>    <li>La espada de la cortadora de hierba es el equipo mec\u00e1nico para la mayor\u00eda de los agricultores rurales y plantas de procesamiento de forraje peque\u00f1as o medianas, y tambi\u00e9n puede ser utilizada en pastizales, f\u00e1bricas de papel y plantas medicinales.<\/li> <\/ol>    <figure class=\"wp-block-image aligncenter\"><img loading=\"lazy\" decoding=\"async\" width=\"500\" height=\"500\" src=\"https:\/\/www.agriculture-machine.com\/wp-content\/uploads\/2018\/07\/99.jpg\" alt=\"m\u00e1quina cortadora de hierba\" class=\"wp-image-2988\" srcset=\"https:\/\/www.agriculture-machine.com\/wp-content\/uploads\/2018\/07\/99.jpg 500w, https:\/\/www.agriculture-machine.com\/wp-content\/uploads\/2018\/07\/99-270x270.jpg 270w\" sizes=\"auto, (max-width: 500px) 100vw, 500px\" \/><\/figure>    <h2 class=\"wp-block-heading\">Caracter\u00edsticas de la m\u00e1quina cortadora de hierba<\/h2>    <ol class=\"wp-block-list\"> <li>Con cuatro ruedas, una cortadora de hierba manual puede ser f\u00e1cil de mover.<\/li>    <li>La longitud de corte de la hierba puede ajustarse seg\u00fan el requerimiento del cliente.<\/li>    <li>La hierba cortada por esta m\u00e1quina puede ser digerida f\u00e1cilmente por los animales.<\/li>    <li>Efecto de corte alto. El tama\u00f1o de los trozos finales es muy bueno.<\/li>    <li>De tama\u00f1o peque\u00f1o y peso ligero. Es f\u00e1cil de usar en casa.<\/li> <\/ol>    <h1 class=\"wp-block-heading\"><span style=\"color: #ff0000;\">Tipo dos<\/span><\/h1>    <figure class=\"wp-block-image aligncenter\"><img decoding=\"async\" src=\"https:\/\/www.agriculture-machine.com\/wp-content\/uploads\/2018\/07\/IMG_7060.jpg\" alt=\"m\u00e1quina cortadora de hierba\" class=\"wp-image-3517\"\/><figcaption class=\"wp-element-caption\">m\u00e1quina cortadora de hierba<\/figcaption><\/figure>    <h2 class=\"wp-block-heading\"><strong><b>Breve introducci\u00f3n de <\/b><\/strong>cosechadora de pasto<\/h2>    <p>Con ruedas ligeras, la m\u00e1quina cortadora de paja es f\u00e1cil de mover. Una m\u00e1quina cortadora de paja puede funcionar con un motor de 2.2kw o un peque\u00f1o motor de gasolina para lugares sin electricidad. La longitud de corte de la hierba puede ajustarse seg\u00fan el requerimiento del cliente.<\/p>    <figure class=\"wp-block-image aligncenter\"><img decoding=\"async\" src=\"https:\/\/www.agriculture-machine.com\/wp-content\/uploads\/2018\/07\/IMG_6925.jpg\" alt=\"M\u00e1quina cortadora de c\u00e9sped\" class=\"wp-image-3516\"\/><figcaption class=\"wp-element-caption\">M\u00e1quina cortadora de c\u00e9sped<\/figcaption><\/figure>    <figure class=\"wp-block-table is-style-stripes\"><table><tbody><tr><td>Capacidad<\/td><td>500kg\/h<\/td><\/tr><tr><td>tama\u00f1o de embalaje<\/td><td>400*500*600mm<\/td><\/tr><tr><td>potencia<\/td><td>2.2kw<\/td><\/tr><tr><td>peso<\/td><td>50kg<\/td><\/tr><\/tbody><\/table><figcaption class=\"wp-element-caption\">Par\u00e1metros de la m\u00e1quina cortadora de hierba<\/figcaption><\/figure>    <h2 class=\"wp-block-heading\"><strong><b>Aplicaci\u00f3n de <\/b><\/strong>cosechadora de pasto<\/h2>    <p>La m\u00e1quina cortadora de hierba puede cortar cosas como hierba, heno, paja de grano, paja de trigo, tallos de ma\u00edz, vainas de man\u00ed, etc., que pueden usarse para criar vacas, caballos, ovejas, gansos, pollos, patos y otros animales, lo cual favorece su digesti\u00f3n.<\/p>    <figure class=\"wp-block-image aligncenter\"><img decoding=\"async\" src=\"https:\/\/www.agriculture-machine.com\/wp-content\/uploads\/2018\/07\/IMG_7292.jpg\" alt=\"\" class=\"wp-image-3519\"\/><\/figure>    <h2 class=\"wp-block-heading\"><strong><b>Ventaja de <\/b><\/strong>cortadora de paja<\/h2>    <p>1. La m\u00e1quina cortadora de heno es un equipo mec\u00e1nico para la mayor\u00eda de los agricultores rurales y plantas de procesamiento de forraje peque\u00f1as o medianas, y puede ser utilizada en pastizales, f\u00e1bricas de papel y plantas medicinales.<\/p>    <p>2. La cuchilla est\u00e1 hecha de acero de alta calidad con pernos de alta resistencia y refinada mediante un proceso especial, lo que la hace segura, confiable y duradera.<\/p>    <figure class=\"wp-block-image aligncenter\"><img decoding=\"async\" src=\"https:\/\/www.agriculture-machine.com\/wp-content\/uploads\/2018\/07\/IMG_7082.jpg\" alt=\"\" class=\"wp-image-3518\"\/><\/figure>    <h1 class=\"wp-block-heading\"><span style=\"color: #ff0000;\">Tipo tres<\/span><\/h1>    <figure class=\"wp-block-image aligncenter\"><img loading=\"lazy\" decoding=\"async\" width=\"750\" height=\"750\" src=\"https:\/\/www.agriculture-machine.com\/wp-content\/uploads\/2018\/07\/01.jpg\" alt=\"\" class=\"wp-image-3523\" srcset=\"https:\/\/www.agriculture-machine.com\/wp-content\/uploads\/2018\/07\/01.jpg 750w, https:\/\/www.agriculture-machine.com\/wp-content\/uploads\/2018\/07\/01-270x270.jpg 270w, https:\/\/www.agriculture-machine.com\/wp-content\/uploads\/2018\/07\/01-540x540.jpg 540w\" sizes=\"auto, (max-width: 750px) 100vw, 750px\" \/><\/figure>    <h2 class=\"wp-block-heading\">Breve introducci\u00f3n de la cortadora de hierba<\/h2>    <p>1. Dos funciones de esta m\u00e1quina: corte de paja y trituraci\u00f3n de granos. Esta m\u00e1quina cortadora de hierba integra corte de paja y trituraci\u00f3n de granos en un solo equipo.<\/p>    <p>2. La paja de ma\u00edz, heno, hierba, granos, etc., pueden ser su materia prima.<\/p>    <p>3. Diferentes pantallas de malla pueden producir diferentes formas de polvos.<\/p>    <p>4. El producto terminado es popular para que lo coman los animales de granja.<\/p>    <p>5. Puedes elegir diferentes enemigos seg\u00fan tus necesidades.<\/p>    <p>6. Dos ruedas flexibles y un soporte estable facilitan su transporte.<\/p>    <figure class=\"wp-block-image aligncenter\"><img loading=\"lazy\" decoding=\"async\" width=\"750\" height=\"750\" src=\"https:\/\/www.agriculture-machine.com\/wp-content\/uploads\/2018\/07\/03.jpg\" alt=\"\" class=\"wp-image-3524\" srcset=\"https:\/\/www.agriculture-machine.com\/wp-content\/uploads\/2018\/07\/03.jpg 750w, https:\/\/www.agriculture-machine.com\/wp-content\/uploads\/2018\/07\/03-270x270.jpg 270w, https:\/\/www.agriculture-machine.com\/wp-content\/uploads\/2018\/07\/03-540x540.jpg 540w\" sizes=\"auto, (max-width: 750px) 100vw, 750px\" \/><\/figure>    <figure class=\"wp-block-table is-style-stripes\"><table><tbody><tr><td> <p style=\"text-align: center; vertical-align: baseline; margin: 0.0000pt;\" align=\"center\" class=\"translation-block\"><strong><span style=\"font-family: Arial;color: #000000;font-weight: bold;font-style: normal;font-size: 10.5000pt\">Modelo<\/span><\/strong><\/p> <\/td><td> <p style=\"text-align: center; vertical-align: baseline; margin: 0.0000pt;\" align=\"center\" class=\"translation-block\"><strong><span style=\"font-family: Arial;color: #000000;font-weight: bold;font-style: normal;font-size: 10.5000pt\">TZY-D1<\/span><\/strong><\/p> <\/td><\/tr><tr><td> <p style=\"text-align: center; vertical-align: baseline; margin: 0.0000pt;\" align=\"center\"><span style=\"font-family: Arial; color: #000000; font-style: normal; font-size: 10.5000pt;\">Motor<\/span><\/p> <\/td><td> <p style=\"text-align: center; vertical-align: baseline; margin: 0.0000pt;\" align=\"center\"><span style=\"font-family: Arial; color: #000000; font-style: normal; font-size: 10.5000pt;\">1.5kw<\/span><\/p> <\/td><\/tr><tr><td> <p style=\"text-align: center; vertical-align: baseline; margin: 0.0000pt;\" align=\"center\"><span style=\"font-family: Arial; color: #000000; font-style: normal; font-size: 10.5000pt;\">Dimensi\u00f3n<\/span><\/p> <\/td><td> <p style=\"text-align: center; vertical-align: baseline; margin: 0.0000pt;\" align=\"center\"><span style=\"font-family: Arial; color: #000000; font-style: normal; font-size: 10.5000pt;\">1150*680*1360mm<\/span><\/p> <\/td><\/tr><tr><td> <p style=\"text-align: center; vertical-align: baseline; margin: 0.0000pt;\" align=\"center\"><span style=\"font-family: Arial; color: #000000; font-style: normal; font-size: 10.5000pt;\">Peso<\/span><\/p> <\/td><td> <p style=\"text-align: center; vertical-align: baseline; margin: 0.0000pt;\" align=\"center\"><span style=\"font-family: Arial; color: #000000; font-style: normal; font-size: 10.5000pt;\">87kg<\/span><\/p> <\/td><\/tr><tr><td> <p style=\"text-align: center; vertical-align: baseline; margin: 0.0000pt;\" align=\"center\"><span style=\"font-family: Arial; color: #000000; font-style: normal; font-size: 10.5000pt;\">Capacidad<\/span><\/p> <\/td><td> <p style=\"text-align: center; vertical-align: baseline; margin: 0.0000pt;\" align=\"center\"><span style=\"font-family: Arial; color: #000000; font-style: normal; font-size: 10.5000pt;\">1t\/h<\/span><\/p> <\/td><\/tr><\/tbody><\/table><figcaption class=\"wp-element-caption\">Informaci\u00f3n detallada de la m\u00e1quina molinera de cultivos<\/figcaption><\/figure>    <p class=\"translation-block\">Adem\u00e1s, nuestras m\u00e1quinas similares son <strong><em>M\u00e1quina cortadora de hierba para alimentaci\u00f3n animal | cortadora de paja | cortadora de hierba con gran capacidad<\/em><\/strong>, y <strong><em>m\u00e1quina cortadora de hierba de 4-15t\/h \/ cortando hierba h\u00fameda \/ cortadora de hierba<\/em><\/strong>.<\/p>    <h2 class=\"wp-block-heading\">El caso de \u00e9xito de la cortadora de hierba<\/h2>    <p>Este cortador de paja es un producto de venta caliente en nuestra f\u00e1brica y vendemos muchas unidades cada mes. El mes pasado, se entregaron 500 unidades a Pakist\u00e1n, nuestro cliente ya ha recibido todas las m\u00e1quinas, alabando mucho la calidad, y la siguiente imagen muestra los detalles del embalaje.<\/p>    <p>Adem\u00e1s, ofrecemos un servicio postventa perfecto, como atenci\u00f3n en l\u00ednea 24 horas, env\u00edo gratuito de repuestos dentro de un a\u00f1o, organizaci\u00f3n de capacitaci\u00f3n para sus trabajadores por parte de nuestro ingeniero, etc. En resumen, haremos todo lo posible para resolver todos sus problemas.<\/p>    <figure class=\"wp-block-image aligncenter\"><img loading=\"lazy\" decoding=\"async\" width=\"500\" height=\"500\" src=\"https:\/\/www.agriculture-machine.com\/wp-content\/uploads\/2018\/07\/333.jpg\" alt=\"\" class=\"wp-image-2991\" srcset=\"https:\/\/www.agriculture-machine.com\/wp-content\/uploads\/2018\/07\/333.jpg 500w, https:\/\/www.agriculture-machine.com\/wp-content\/uploads\/2018\/07\/333-270x270.jpg 270w\" sizes=\"auto, (max-width: 500px) 100vw, 500px\" \/><\/figure>    <figure class=\"wp-block-image aligncenter\"><img loading=\"lazy\" decoding=\"async\" width=\"500\" height=\"500\" src=\"https:\/\/www.agriculture-machine.com\/wp-content\/uploads\/2018\/07\/555.jpg\" alt=\"\" class=\"wp-image-2992\" srcset=\"https:\/\/www.agriculture-machine.com\/wp-content\/uploads\/2018\/07\/555.jpg 500w, https:\/\/www.agriculture-machine.com\/wp-content\/uploads\/2018\/07\/555-270x270.jpg 270w\" sizes=\"auto, (max-width: 500px) 100vw, 500px\" \/><\/figure>    <h2 class=\"wp-block-heading\">Preguntas frecuentes<\/h2>   <div id=\"rank-math-faq\" class=\"rank-math-block\"> <div class=\"rank-math-list\"> <div id=\"faq-question-1709531769865\" class=\"rank-math-list-item\"> <h3 class=\"rank-math-question\">\u00bfCu\u00e1ntas cuchillas hay dentro de la m\u00e1quina cortadora de paja?<\/h3> <div class=\"rank-math-answer\">  <p>4 cuchillas.<\/p>  <\/div> <\/div> <div id=\"faq-question-1709531776517\" class=\"rank-math-list-item\"> <h3 class=\"rank-math-question\">\u00bfQu\u00e9 tipo de materia prima puede cortarse con esta m\u00e1quina?<\/h3> <div class=\"rank-math-answer\">  <p>Paja de arroz, paja de trigo, paja de ma\u00edz, ramas de \u00e1rboles y otras hierbas.<\/p>  <\/div> <\/div> <div id=\"faq-question-1709531783645\" class=\"rank-math-list-item\"> <h3 class=\"rank-math-question\">\u00bfTiene alg\u00fan tipo de m\u00e1quina cortadora de hierba?<\/h3> <div class=\"rank-math-answer\">  <p>S\u00ed, por supuesto, es la m\u00e1s peque\u00f1a, y tambi\u00e9n tenemos otros tama\u00f1os mayores y m\u00e1quinas cortadoras de hierba de mayor capacidad.<\/p>  <\/div> <\/div> <div id=\"faq-question-1709531794566\" class=\"rank-math-list-item\"> <h3 class=\"rank-math-question\">\u00bfCu\u00e1l es la capacidad de una m\u00e1quina cortadora de hierba?<\/h3> <div class=\"rank-math-answer\">  <p>Su capacidad es de 400-500kg\/h.<\/p>  <\/div> <\/div> <div id=\"faq-question-1709531820733\" class=\"rank-math-list-item\"> <h3 class=\"rank-math-question\">\u00bfEs adecuado para uso individual?<\/h3> <div class=\"rank-math-answer\">  <p>S\u00ed, por supuesto.<\/p>  <\/div> <\/div> <\/div> <\/div>","protected":false},"excerpt":{"rendered":"<p>Es una m\u00e1quina cortadora de paja peque\u00f1a con 4 cuchillas, muy apreciada por agricultores individuales. La materia prima puede ser hierba, paja de arroz, ma\u00edz y trigo.<\/p>","protected":false},"author":1,"featured_media":0,"parent":0,"comment_status":"closed","ping_status":"closed","template":"","tags":[832,2609],"product-type":[912],"class_list":["post-200","product","type-product","status-publish","hentry","tag-chaff","tag-cutter","product-type-chaff-cutter"],"_links":{"self":[{"href":"https:\/\/www.agriculture-machine.com\/es\/wp-json\/wp\/v2\/product\/200","targetHints":{"allow":["GET"]}}],"collection":[{"href":"https:\/\/www.agriculture-machine.com\/es\/wp-json\/wp\/v2\/product"}],"about":[{"href":"https:\/\/www.agriculture-machine.com\/es\/wp-json\/wp\/v2\/types\/product"}],"author":[{"embeddable":true,"href":"https:\/\/www.agriculture-machine.com\/es\/wp-json\/wp\/v2\/users\/1"}],"replies":[{"embeddable":true,"href":"https:\/\/www.agriculture-machine.com\/es\/wp-json\/wp\/v2\/comments?post=200"}],"wp:attachment":[{"href":"https:\/\/www.agriculture-machine.com\/es\/wp-json\/wp\/v2\/media?parent=200"}],"wp:term":[{"taxonomy":"post_tag","embeddable":true,"href":"https:\/\/www.agriculture-machine.com\/es\/wp-json\/wp\/v2\/tags?post=200"},{"taxonomy":"product-type","embeddable":true,"href":"https:\/\/www.agriculture-machine.com\/es\/wp-json\/wp\/v2\/product-type?post=200"}],"curies":[{"name":"wp","href":"https:\/\/api.w.org\/{rel}","templated":true}]}}