{"id":2279,"date":"2018-10-17T09:50:12","date_gmt":"2018-10-17T01:50:12","guid":{"rendered":"https:\/\/www.agriculture-machine.com\/?p=1011"},"modified":"2024-09-18T16:08:35","modified_gmt":"2024-09-18T08:08:35","slug":"rice-transplanter-machine","status":"publish","type":"product","link":"https:\/\/www.agriculture-machine.com\/es\/rice-transplanter-machine\/","title":{"rendered":"M\u00e1quina trasplantadora de arroz de 2 filas"},"content":{"rendered":"<h2 class=\"wp-block-heading\">Breve introducci\u00f3n de la trasplantadora de arroz de 2 filas.<\/h2>    <p class=\"translation-block\">Es una <strong>m\u00e1quina trasplantadora de arroz de 2 filas<\/strong> y necesita ser operada manualmente. La m\u00e1quina es ligera (20kg) y muy adecuada para agricultores. La distancia entre filas es de 250mm y no se puede ajustar. La profundidad m\u00e1xima de plantaci\u00f3n es de 65mm y la frecuencia m\u00e1xima de plantaci\u00f3n es de 120 piezas\/min. Este peque\u00f1o tipo de trasplantadora de arroz es f\u00e1cil de usar y es un producto de venta caliente en nuestra f\u00e1brica.<\/p>   <p><iframe loading=\"lazy\" title=\"Molino de arroz combinado | M\u00e1quina de molienda y trituraci\u00f3n de arroz.\" width=\"500\" height=\"281\" src=\"https:\/\/www.youtube.com\/embed\/DcsznGBC44g?feature=oembed\" frameborder=\"0\" allow=\"accelerometer; autoplay; clipboard-write; encrypted-media; gyroscope; picture-in-picture; web-share\" referrerpolicy=\"strict-origin-when-cross-origin\" allowfullscreen><\/iframe><\/p>    <figure class=\"wp-block-image aligncenter\"><img loading=\"lazy\" decoding=\"async\" width=\"750\" height=\"689\" src=\"https:\/\/www.agriculture-machine.com\/wp-content\/uploads\/2018\/10\/CY2-TRANSPLANTER-1.jpg\" alt=\"Estructura de la m\u00e1quina trasplantadora de arroz de 2 filas.\" class=\"wp-image-3245\" srcset=\"https:\/\/www.agriculture-machine.com\/wp-content\/uploads\/2018\/10\/CY2-TRANSPLANTER-1.jpg 750w, https:\/\/www.agriculture-machine.com\/wp-content\/uploads\/2018\/10\/CY2-TRANSPLANTER-1-294x270.jpg 294w, https:\/\/www.agriculture-machine.com\/wp-content\/uploads\/2018\/10\/CY2-TRANSPLANTER-1-588x540.jpg 588w\" sizes=\"auto, (max-width: 750px) 100vw, 750px\" \/><\/figure>    <h2 class=\"wp-block-heading\">Par\u00e1metro t\u00e9cnico de la trasplantadora de arroz de 2 filas.<\/h2>    <figure class=\"wp-block-table is-style-stripes\"><table><tbody><tr><td>Nombre<\/td><td>M\u00e1quina trasplantadora de arroz.<\/td><\/tr><tr><td>Modelo<\/td><td>&nbsp;CY-2<\/td><\/tr><tr><td>Filas<\/td><td>2 filas.<\/td><\/tr><tr><td>Tipo<\/td><td>&nbsp;Manual<\/td><\/tr><tr><td>Distancia entre filas.<\/td><td>&nbsp;250mm, can&#8217;t adjusted<\/td><\/tr><tr><td>Frecuencia m\u00e1xima de plantaci\u00f3n.<\/td><td>&nbsp;1 20pcs\/min.<\/td><\/tr><tr><td>Profundidad m\u00e1xima de plantaci\u00f3n.<\/td><td>&nbsp;65mm.<\/td><\/tr><tr><td>Tama\u00f1o<\/td><td>600* 700** 800mm.<\/td><\/tr><tr><td>Peso<\/td><td>20kg.<\/td><\/tr><tr><td>20GP<\/td><td>190 conjuntos.<\/td><\/tr><\/tbody><\/table><figcaption class=\"wp-element-caption\">Datos t\u00e9cnicos de la m\u00e1quina trasplantadora de arroz de dos filas.<\/figcaption><\/figure>    <h2 class=\"wp-block-heading\">Estructura de la m\u00e1quina trasplantadora de arroz de 2 filas.<\/h2>    <p>Est\u00e1 compuesta principalmente por una cadena, empu\u00f1aduras, camas de pl\u00e1ntulas y una plataforma.<\/p>    <figure class=\"wp-block-image aligncenter\"><img loading=\"lazy\" decoding=\"async\" width=\"750\" height=\"869\" src=\"https:\/\/www.agriculture-machine.com\/wp-content\/uploads\/2018\/10\/CY2-TRANSPLANTER-2.jpg\" alt=\"Estudio de caso.\" class=\"wp-image-3246\" srcset=\"https:\/\/www.agriculture-machine.com\/wp-content\/uploads\/2018\/10\/CY2-TRANSPLANTER-2.jpg 750w, https:\/\/www.agriculture-machine.com\/wp-content\/uploads\/2018\/10\/CY2-TRANSPLANTER-2-233x270.jpg 233w, https:\/\/www.agriculture-machine.com\/wp-content\/uploads\/2018\/10\/CY2-TRANSPLANTER-2-466x540.jpg 466w\" sizes=\"auto, (max-width: 750px) 100vw, 750px\" \/><\/figure>    <h2 class=\"wp-block-heading\"><strong><b>Principio de funcionamiento de este equipo.<\/b><\/strong><\/h2>    <ol class=\"wp-block-list\"> <li>Coloque las pl\u00e1ntulas en las dos camas de pl\u00e1ntulas de la m\u00e1quina.<\/li>    <li>Gire la empu\u00f1adura en la misma direcci\u00f3n.<\/li>    <li>La aguja de trasplante recoge las pl\u00e1ntulas una por una.<\/li>    <li>Luego ins\u00e9rtelos en el suelo.<\/li>    <li>Durante el proceso, el operador debe mirar hacia la m\u00e1quina y retroceder continuamente.<\/li> <\/ol>    <figure class=\"wp-block-image aligncenter\"><img loading=\"lazy\" decoding=\"async\" width=\"750\" height=\"1054\" src=\"https:\/\/www.agriculture-machine.com\/wp-content\/uploads\/2018\/10\/CY2-TRANSPLANTER-6.jpg\" alt=\"Imagen de env\u00edo. 10\" class=\"wp-image-3247\" srcset=\"https:\/\/www.agriculture-machine.com\/wp-content\/uploads\/2018\/10\/CY2-TRANSPLANTER-6.jpg 750w, https:\/\/www.agriculture-machine.com\/wp-content\/uploads\/2018\/10\/CY2-TRANSPLANTER-6-192x270.jpg 192w, https:\/\/www.agriculture-machine.com\/wp-content\/uploads\/2018\/10\/CY2-TRANSPLANTER-6-384x540.jpg 384w\" sizes=\"auto, (max-width: 750px) 100vw, 750px\" \/><\/figure>    <h2 class=\"wp-block-heading\">\u00bfCu\u00e1les son las condiciones t\u00e9cnicas de nuestra trasplantadora?<\/h2>    <ul class=\"wp-block-list\"> <li>La altura de las pl\u00e1ntulas debe estar entre 180-300mm.<\/li>    <li>La ra\u00edz de las pl\u00e1ntulas debe insertarse en el suelo aproximadamente 60mm.<\/li>    <li>La profundidad de trabajo debe controlarse dentro de 10-20mm.<\/li>    <li>El operador debe a\u00f1adir aceite lubricante a la parte de fricci\u00f3n antes de usarla para lograr una rotaci\u00f3n flexible.<\/li>    <li>Durante la operaci\u00f3n, las pl\u00e1ntulas deben estar paralelas.<\/li> <\/ul>    <h2 class=\"wp-block-heading\">Ventaja de la m\u00e1quina trasplantadora de arroz de 2 filas.<\/h2>    <ol class=\"wp-block-list\"> <li>La cama de pl\u00e1ntulas es f\u00e1cil de empujar para limpiar.<\/li>    <li>Su peso ligero facilita su movimiento en el campo de arroz.<\/li>    <li>Solo necesita una persona para operarla.<\/li>    <li>Las pl\u00e1ntulas pueden colocarse en el suelo de forma vertical y ordenada.<\/li>    <li>Alta adaptabilidad, y es adecuada para colinas, monta\u00f1as, llanuras, etc.<\/li> <\/ol>    <h2 class=\"wp-block-heading\">Casos de \u00e9xito de nuestra m\u00e1quina trasplantadora.<\/h2>    <p>Estuche. 1<\/p>    <p>Entregamos 190 conjuntos (20 GP) de m\u00e1quinas trasplantadoras de arroz a Sri Lanka en agosto de 2018. Noviembre es la temporada de siembra en Sri Lanka y el tiempo de entrega es de aproximadamente 40-50 d\u00edas. En otras palabras, nuestro cliente compr\u00f3 una m\u00e1quina de plantaci\u00f3n de arroz en agosto y la recibir\u00e1 en octubre. \u00c9l es un distribuidor en el mercado local, distribuyendo m\u00e1quinas a agricultores que operar\u00e1n en la \u00e9poca de siembra.<\/p>    <figure class=\"wp-block-image aligncenter\"><img loading=\"lazy\" decoding=\"async\" width=\"960\" height=\"1280\" src=\"https:\/\/www.agriculture-machine.com\/wp-content\/uploads\/2018\/10\/6bfe28209ccdc550c111f8325ad1b82.jpg\" alt=\"Imagen de env\u00edo. 12\" class=\"wp-image-3243\" srcset=\"https:\/\/www.agriculture-machine.com\/wp-content\/uploads\/2018\/10\/6bfe28209ccdc550c111f8325ad1b82.jpg 960w, https:\/\/www.agriculture-machine.com\/wp-content\/uploads\/2018\/10\/6bfe28209ccdc550c111f8325ad1b82-203x270.jpg 203w, https:\/\/www.agriculture-machine.com\/wp-content\/uploads\/2018\/10\/6bfe28209ccdc550c111f8325ad1b82-405x540.jpg 405w, https:\/\/www.agriculture-machine.com\/wp-content\/uploads\/2018\/10\/6bfe28209ccdc550c111f8325ad1b82-768x1024.jpg 768w\" sizes=\"auto, (max-width: 960px) 100vw, 960px\" \/><\/figure>    <figure class=\"wp-block-image aligncenter\"><img loading=\"lazy\" decoding=\"async\" width=\"960\" height=\"1280\" src=\"https:\/\/www.agriculture-machine.com\/wp-content\/uploads\/2018\/10\/92f84b9e6f760a47d96b2cf8bd56a06.jpg\" alt=\"imagen del env\u00edo 12\" class=\"wp-image-3244\" srcset=\"https:\/\/www.agriculture-machine.com\/wp-content\/uploads\/2018\/10\/92f84b9e6f760a47d96b2cf8bd56a06.jpg 960w, https:\/\/www.agriculture-machine.com\/wp-content\/uploads\/2018\/10\/92f84b9e6f760a47d96b2cf8bd56a06-203x270.jpg 203w, https:\/\/www.agriculture-machine.com\/wp-content\/uploads\/2018\/10\/92f84b9e6f760a47d96b2cf8bd56a06-405x540.jpg 405w, https:\/\/www.agriculture-machine.com\/wp-content\/uploads\/2018\/10\/92f84b9e6f760a47d96b2cf8bd56a06-768x1024.jpg 768w\" sizes=\"auto, (max-width: 960px) 100vw, 960px\" \/><\/figure>    <p>En enero de 2019, nuestro cliente de Am\u00e9rica nos orden\u00f3 100 conjuntos. El arroz es muy com\u00fan en Am\u00e9rica, por lo que las m\u00e1quinas trasplantadoras de arroz son populares entre los agricultores estadounidenses. Nuestra trasplantadora de arroz de 2 filas es ligera y funcional, es una buena opci\u00f3n para agricultores individuales o distribuidores.<\/p>    <p>Despu\u00e9s de conocer el excelente rendimiento de la m\u00e1quina trasplantadora de arroz, si est\u00e1 interesado en nuestros productos, no dude en contactarnos para m\u00e1s detalles. \u00a1Esperamos con entusiasmo compartir m\u00e1s informaci\u00f3n emocionante sobre nuestras avanzadas m\u00e1quinas agr\u00edcolas con usted! Adem\u00e1s, tambi\u00e9n le invitamos a visitar nuestra f\u00e1brica para experimentar nuestra fuerza t\u00e9cnica y nuestro servicio atento. \u00a1Esperamos una mayor cooperaci\u00f3n con usted!.<\/p>    <p class=\"translation-block\">Tambi\u00e9n disponemos de m\u00e1quinas trasplantadoras de arroz de 6 y 8 filas, por favor haga clic en el siguiente enlace para ver m\u00e1s informaci\u00f3n. (<em>Art\u00edculo relacionado: <strong><a href=\"https:\/\/www.agriculture-machine.com\/es\/8-rows-rice-transplanter\/\">Transplantadora de arroz \/ M\u00e1quina de trasplante de arroz<\/a><\/strong><\/em>)<\/p>    <h2 class=\"wp-block-heading\">Cont\u00e1ctenos en cualquier momento<\/h2>    <p>Molino de arroz combinado | M\u00e1quina de molienda y trituraci\u00f3n de arroz.<\/p>","protected":false},"excerpt":{"rendered":"<p>M\u00e1quina trasplantadora de arroz de 2 filas eficiente y a buen precio.<\/p>","protected":false},"author":1,"featured_media":1031,"parent":0,"comment_status":"closed","ping_status":"closed","template":"","tags":[2607,492,796,151],"product-type":[914],"class_list":["post-2279","product","type-product","status-publish","has-post-thumbnail","hentry","tag-nursery","tag-planter","tag-rice","tag-transplanter","product-type-rice-transplanter"],"_links":{"self":[{"href":"https:\/\/www.agriculture-machine.com\/es\/wp-json\/wp\/v2\/product\/2279","targetHints":{"allow":["GET"]}}],"collection":[{"href":"https:\/\/www.agriculture-machine.com\/es\/wp-json\/wp\/v2\/product"}],"about":[{"href":"https:\/\/www.agriculture-machine.com\/es\/wp-json\/wp\/v2\/types\/product"}],"author":[{"embeddable":true,"href":"https:\/\/www.agriculture-machine.com\/es\/wp-json\/wp\/v2\/users\/1"}],"replies":[{"embeddable":true,"href":"https:\/\/www.agriculture-machine.com\/es\/wp-json\/wp\/v2\/comments?post=2279"}],"wp:featuredmedia":[{"embeddable":true,"href":"https:\/\/www.agriculture-machine.com\/es\/wp-json\/wp\/v2\/media\/1031"}],"wp:attachment":[{"href":"https:\/\/www.agriculture-machine.com\/es\/wp-json\/wp\/v2\/media?parent=2279"}],"wp:term":[{"taxonomy":"post_tag","embeddable":true,"href":"https:\/\/www.agriculture-machine.com\/es\/wp-json\/wp\/v2\/tags?post=2279"},{"taxonomy":"product-type","embeddable":true,"href":"https:\/\/www.agriculture-machine.com\/es\/wp-json\/wp\/v2\/product-type?post=2279"}],"curies":[{"name":"wp","href":"https:\/\/api.w.org\/{rel}","templated":true}]}}