{"id":230,"date":"2018-07-12T07:42:09","date_gmt":"2018-07-11T23:42:09","guid":{"rendered":"https:\/\/www.agriculture-machine.com\/?p=230"},"modified":"2025-03-10T16:33:26","modified_gmt":"2025-03-10T08:33:26","slug":"chaff-cutter-and-grain-crusher","status":"publish","type":"product","link":"https:\/\/www.agriculture-machine.com\/es\/chaff-cutter-and-grain-crusher\/","title":{"rendered":"M\u00e1quina cortadora de hierba | Cortadora de paja y trituradora de granos"},"content":{"rendered":"<p>With over 20 years of experience in manufacturing silage machinery, our chaff cutter machine stands out for its &#8220;high efficiency cutting and multi-scene adaptation.&#8221; We have provided services to agricultural and animal husbandry enterprises in more than 50 countries and regions worldwide. <\/p>    <p>Nuestro modelo principal tiene una capacidad horaria impresionante de hasta 25 toneladas, aumentando significativamente la utilizaci\u00f3n de forraje en m\u00e1s del 50%. <\/p>    <p>En este art\u00edculo, detallaremos tres tipos diferentes de cortadoras de heno para ayudarle a tomar una decisi\u00f3n informada seg\u00fan sus necesidades. Adem\u00e1s, ofrecemos servicios personalizados para asegurar que la m\u00e1quina cumpla plenamente con sus requisitos espec\u00edficos.<\/p>    <figure class=\"wp-block-embed aligncenter is-type-video is-provider-youtube wp-block-embed-youtube wp-embed-aspect-16-9 wp-has-aspect-ratio\"><div class=\"wp-block-embed__wrapper\"> <iframe loading=\"lazy\" title=\"Cortadora de paja y trituradora, \u00a1mejora la eficiencia de la cosecha de cultivos!\" width=\"500\" height=\"281\" src=\"https:\/\/www.youtube.com\/embed\/csKAdpXtbn8?feature=oembed\" frameborder=\"0\" allow=\"accelerometer; autoplay; clipboard-write; encrypted-media; gyroscope; picture-in-picture; web-share\" referrerpolicy=\"strict-origin-when-cross-origin\" allowfullscreen><\/iframe> <\/div><figcaption class=\"wp-element-caption\">v\u00eddeo de trabajo de cortadora de paja<\/figcaption><\/figure>    <h2 class=\"wp-block-heading\">Tipo uno: m\u00e1quina forrajera TZY-A<\/h2>    <p>Esta m\u00e1quina cortadora de paja puede aplicarse para grano, ensilaje y paja seca con 800kg\/h, 2000kg\/h y 1000kg\/h. Las m\u00e1quinas cortadoras de pasto incluyen cortar paja y triturar grano. El dise\u00f1o de la varilla de tiro facilita el movimiento en el campo.<\/p>    <figure class=\"wp-block-image aligncenter size-large\"><img loading=\"lazy\" decoding=\"async\" width=\"570\" height=\"540\" src=\"https:\/\/www.agriculture-machine.com\/wp-content\/uploads\/2018\/07\/\u672a\u6807\u9898-1_01-570x540.jpg\" alt=\"cortador de paja para heno\" class=\"wp-image-3018\" srcset=\"https:\/\/www.agriculture-machine.com\/wp-content\/uploads\/2018\/07\/\u672a\u6807\u9898-1_01-570x540.jpg 570w, https:\/\/www.agriculture-machine.com\/wp-content\/uploads\/2018\/07\/\u672a\u6807\u9898-1_01-285x270.jpg 285w, https:\/\/www.agriculture-machine.com\/wp-content\/uploads\/2018\/07\/\u672a\u6807\u9898-1_01.jpg 750w\" sizes=\"auto, (max-width: 570px) 100vw, 570px\" \/><figcaption class=\"wp-element-caption\">cortador de paja para heno<\/figcaption><\/figure>    <h3 class=\"wp-block-heading\">Par\u00e1metros t\u00e9cnicos de la cortadora de paja y trituradora de granos<\/h3>    <figure class=\"wp-block-table is-style-stripes\"><table><tbody><tr><td>Modelo<\/td><td>TZY-A<\/td><\/tr><tr><td>Potencia<\/td><td>Motor de 3kw o motor de gasolina<\/td><\/tr><tr><td>Capacidad<\/td><td>800kg\/h para triturar granos, 2000kg\/h para ensilaje, 1000kg\/h para paja seca<\/td><\/tr><tr><td>Peso<\/td><td>150kg<\/td><\/tr><tr><td>Tama\u00f1o<\/td><td>1200*1100*1630mm<\/td><\/tr><\/tbody><\/table><figcaption class=\"wp-element-caption\">datos t\u00e9cnicos detallados de la cortadora de paja<\/figcaption><\/figure>    <h3 class=\"wp-block-heading\">Estructura de la cortadora de forraje de paja<\/h3>    <figure class=\"wp-block-image aligncenter\"><img loading=\"lazy\" decoding=\"async\" width=\"750\" height=\"954\" src=\"https:\/\/www.agriculture-machine.com\/wp-content\/uploads\/2018\/07\/\u672a\u6807\u9898-1_03.jpg\" alt=\"\" class=\"wp-image-3019\" srcset=\"https:\/\/www.agriculture-machine.com\/wp-content\/uploads\/2018\/07\/\u672a\u6807\u9898-1_03.jpg 750w, https:\/\/www.agriculture-machine.com\/wp-content\/uploads\/2018\/07\/\u672a\u6807\u9898-1_03-212x270.jpg 212w, https:\/\/www.agriculture-machine.com\/wp-content\/uploads\/2018\/07\/\u672a\u6807\u9898-1_03-425x540.jpg 425w\" sizes=\"auto, (max-width: 750px) 100vw, 750px\" \/><\/figure>    <h3 class=\"wp-block-heading\">Rendimiento de la m\u00e1quina de procesamiento de alimento para animales<\/h3>    <ul class=\"wp-block-list\"> <li>La cortadora de hierba puede aplicarse para grano, ensilaje y paja seca con 800kg\/h, 2000kg\/h y 1000kg\/h.<\/li>    <li>La cortadora de paja y la trituradora de grano tienen dos funciones: cortar paja y triturar grano.<\/li> <\/ul>    <figure class=\"wp-block-image aligncenter\"><img loading=\"lazy\" decoding=\"async\" width=\"750\" height=\"958\" src=\"https:\/\/www.agriculture-machine.com\/wp-content\/uploads\/2018\/07\/\u672a\u6807\u9898-1_06.jpg\" alt=\"\" class=\"wp-image-3022\" srcset=\"https:\/\/www.agriculture-machine.com\/wp-content\/uploads\/2018\/07\/\u672a\u6807\u9898-1_06.jpg 750w, https:\/\/www.agriculture-machine.com\/wp-content\/uploads\/2018\/07\/\u672a\u6807\u9898-1_06-211x270.jpg 211w, https:\/\/www.agriculture-machine.com\/wp-content\/uploads\/2018\/07\/\u672a\u6807\u9898-1_06-423x540.jpg 423w\" sizes=\"auto, (max-width: 750px) 100vw, 750px\" \/><\/figure>    <h3 class=\"wp-block-heading\">Potencia coincidente de cortadora de paja y alimentador trituradora<\/h3>    <p>Esta cortadora de paja y trituradoras de granos pueden usarse no solo con motores el\u00e9ctricos sino tambi\u00e9n con motores di\u00e9sel y de gasolina, lo que es conveniente para \u00e1reas con poca electricidad.<\/p>    <h2 class=\"wp-block-heading\">Tipo dos: TZY-B m\u00e1quina cortadora de ensilaje<\/h2>    <figure class=\"wp-block-image aligncenter\"><img loading=\"lazy\" decoding=\"async\" width=\"750\" height=\"714\" src=\"https:\/\/www.agriculture-machine.com\/wp-content\/uploads\/2018\/07\/\u672a\u6807\u9898-1_01-1.jpg\" alt=\"\" class=\"wp-image-3025\" srcset=\"https:\/\/www.agriculture-machine.com\/wp-content\/uploads\/2018\/07\/\u672a\u6807\u9898-1_01-1.jpg 750w, https:\/\/www.agriculture-machine.com\/wp-content\/uploads\/2018\/07\/\u672a\u6807\u9898-1_01-1-284x270.jpg 284w, https:\/\/www.agriculture-machine.com\/wp-content\/uploads\/2018\/07\/\u672a\u6807\u9898-1_01-1-567x540.jpg 567w\" sizes=\"auto, (max-width: 750px) 100vw, 750px\" \/><\/figure>    <h3 class=\"wp-block-heading\">Aplicaci\u00f3n de la cortadora forrajera<\/h3>    <ul class=\"wp-block-list\"> <li>Esta cortadora de paja y trituradora de granos es un nuevo tipo de m\u00e1quina de procesamiento de forraje que combina picado, frotado, trituraci\u00f3n y golpeo.<\/li>    <li>Las cortadoras de paja no s\u00f3lo pueden aplastar tallos de ma\u00edz secos o verdes, tallos de sorgo, v\u00e1stagos de cacahuete, vainas de batata y varios pastos, sino que tambi\u00e9n pueden triturar granos y ma\u00edz para alimentar a los animales, lo que es favorable para mejorar la digesti\u00f3n y absorci\u00f3n de la paja por parte de los animales.<\/li> <\/ul>    <figure class=\"wp-block-image aligncenter\"><img loading=\"lazy\" decoding=\"async\" width=\"750\" height=\"1399\" src=\"https:\/\/www.agriculture-machine.com\/wp-content\/uploads\/2018\/07\/\u672a\u6807\u9898-1_04-1.jpg\" alt=\"\" class=\"wp-image-3027\" srcset=\"https:\/\/www.agriculture-machine.com\/wp-content\/uploads\/2018\/07\/\u672a\u6807\u9898-1_04-1.jpg 750w, https:\/\/www.agriculture-machine.com\/wp-content\/uploads\/2018\/07\/\u672a\u6807\u9898-1_04-1-145x270.jpg 145w, https:\/\/www.agriculture-machine.com\/wp-content\/uploads\/2018\/07\/\u672a\u6807\u9898-1_04-1-289x540.jpg 289w\" sizes=\"auto, (max-width: 750px) 100vw, 750px\" \/><\/figure>    <h3 class=\"wp-block-heading\">Potencia coincidente de la cortadora de heno trituradora<\/h3>    <p>En cuanto a la potencia, la m\u00e1quina cortadora de paja puede fabricarse con un motor, motor di\u00e9sel o motor de gasolina.<\/p>    <h2 class=\"wp-block-heading\">Tipo tres: cortadora de hierba TZY-C<\/h2>    <p>Estructura: 1.Abertura de descarga 2,cuerpo 3.Rotor 4.Dispositivo de alimentaci\u00f3n y trituraci\u00f3n 5.Espacio de alimentaci\u00f3n 6. Bastidor 7.Cubierta protectora 8.Motor del rotor 9.Rueda de rodadura<\/p>    <h3 class=\"wp-block-heading\">Par\u00e1metros de la m\u00e1quina cortadora de alimento para ganado<\/h3>    <figure class=\"wp-block-table is-style-stripes\"><table class=\"has-fixed-layout\"><tbody><tr><td>Modelo<\/td><td>TZY-C<\/td><\/tr><tr><td>Capacidad<\/td><td>500kg\/h para triturar granos, 1500kg\/h para ensilaje, 700kg\/h para paja seca<\/td><\/tr><tr><td>Potencia<\/td><td>3kw o motor de gasolina o motor di\u00e9sel<\/td><\/tr><tr><td>Peso<\/td><td>150kg<\/td><\/tr><tr><td>Tama\u00f1o<\/td><td>1200*1100*1630mm<\/td><\/tr><\/tbody><\/table><figcaption class=\"wp-element-caption\">TZY-C datos t\u00e9cnicos de la cortadora de paja<\/figcaption><\/figure>    <h2 class=\"wp-block-heading\">Principio de funcionamiento de la m\u00e1quina de cortar paja (para 3 tipos)<\/h2>    <h3 class=\"wp-block-heading\">Principio de funcionamiento de cortar pasto<\/h3>   <div id=\"rank-math-howto\" class=\"rank-math-block\" > <div class=\"rank-math-howto-description\">  <\/div>  <div class=\"rank-math-steps\"> <div id=\"howto-step-1716372815267\" class=\"rank-math-step\"> <div class=\"rank-math-step-content\"><p>Primero, encienda el motor. Luego, el operador reparte uniformemente la hierba sobre una entrada larga despu\u00e9s de que la operaci\u00f3n est\u00e9 estable.<\/p> <\/div> <\/div> <div id=\"howto-step-1716372822238\" class=\"rank-math-step\"> <div class=\"rank-math-step-content\"><p>La materia prima entra en el tambor desde el dispositivo de corte a alta velocidad. Durante la operaci\u00f3n, una cuchilla es inm\u00f3vil y las otras 3 cuchillas son din\u00e1micas y se usan para golpear, rasgar y triturar en piezas peque\u00f1as.<\/p> <\/div> <\/div> <div id=\"howto-step-1716372835088\" class=\"rank-math-step\"> <div class=\"rank-math-step-content\"><p>Por \u00faltimo, las hierbas son expulsadas de la m\u00e1quina por la fuerza centr\u00edfuga desde la salida superior.<\/p> <\/div> <\/div> <\/div> <\/div>       <h3 class=\"wp-block-heading\">Principio de funcionamiento de la trituraci\u00f3n de ma\u00edz<\/h3>    <ul class=\"wp-block-list\"> <li>Primero, deja caer el ma\u00edz en la entrada redonda.<\/li>    <li>Luego, los ma\u00edces pasan a la parte de trituraci\u00f3n.<\/li>    <li>Bajo el golpe de 24 martillos dentro de la m\u00e1quina, el ma\u00edz se tritura y luego se expulsa por la salida (en la parte inferior de la m\u00e1quina).<\/li> <\/ul>    <figure class=\"wp-block-image aligncenter size-large\"><img loading=\"lazy\" decoding=\"async\" width=\"608\" height=\"540\" src=\"https:\/\/www.agriculture-machine.com\/wp-content\/uploads\/2018\/07\/Chaff-cutter-machine2-608x540.jpg\" alt=\"Corta-paja m\u00e1quina2\" class=\"wp-image-2104\" srcset=\"https:\/\/www.agriculture-machine.com\/wp-content\/uploads\/2018\/07\/Chaff-cutter-machine2-608x540.jpg 608w, https:\/\/www.agriculture-machine.com\/wp-content\/uploads\/2018\/07\/Chaff-cutter-machine2-304x270.jpg 304w, https:\/\/www.agriculture-machine.com\/wp-content\/uploads\/2018\/07\/Chaff-cutter-machine2.jpg 750w\" sizes=\"auto, (max-width: 608px) 100vw, 608px\" \/><figcaption class=\"wp-element-caption\">Corta-paja m\u00e1quina2<\/figcaption><\/figure>    <h2 class=\"wp-block-heading\">Caracter\u00edsticas de la cortadora de paja y la trituradora<\/h2>    <ul class=\"wp-block-list\"> <li><strong>Autoalimentaci\u00f3n por cadena<\/strong><br>Reduce el tiempo de alimentaci\u00f3n manual en un 30% para cultivos de tallos largos (ma\u00edz\/sorgo).<\/li>    <li>\u200b<strong>Corte de doble empuje con rodillo<\/strong><br>Elimina bloqueos, aumenta la eficiencia un 40%, garantiza una uniformidad del material del 95%.<\/li>    <li>\u200b<strong>Dise\u00f1o de movilidad<\/strong><br>Ruedas desmontables   estructura ligera permiten reubicaci\u00f3n por una sola persona.<\/li>    <li><strong>\u200b\u22645mm Trituraci\u00f3n de precisi\u00f3n<br><\/strong>Las cuchillas de acero de alta resistencia mejoran la digestibilidad, aumentando la absorci\u00f3n de nutrientes en un 20%.<\/li> <\/ul>    <figure class=\"wp-block-image aligncenter size-large\"><img loading=\"lazy\" decoding=\"async\" width=\"440\" height=\"540\" src=\"https:\/\/www.agriculture-machine.com\/wp-content\/uploads\/2018\/07\/Chaff-cutter-machine3-440x540.jpg\" alt=\"\" class=\"wp-image-2105\" srcset=\"https:\/\/www.agriculture-machine.com\/wp-content\/uploads\/2018\/07\/Chaff-cutter-machine3-440x540.jpg 440w, https:\/\/www.agriculture-machine.com\/wp-content\/uploads\/2018\/07\/Chaff-cutter-machine3-220x270.jpg 220w, https:\/\/www.agriculture-machine.com\/wp-content\/uploads\/2018\/07\/Chaff-cutter-machine3.jpg 750w\" sizes=\"auto, (max-width: 440px) 100vw, 440px\" \/><\/figure>    <h2 class=\"wp-block-heading\">Cortadora forrajera de paja de amplio uso<\/h2>    <p>El ma\u00edz es la materia prima m\u00e1s com\u00fan utilizada para la funci\u00f3n de trituraci\u00f3n, pero tambi\u00e9n se pueden procesar trigo, arroz y frijoles con esta m\u00e1quina. <\/p>    <p>Para su funci\u00f3n de corte, funciona bien con hierba, paja de grano, tallos, alfalfa y m\u00e1s. Ambos resultados sirven como excelente alimento para alimentar a los animales.<\/p>    <figure class=\"wp-block-image aligncenter size-large\"><img loading=\"lazy\" decoding=\"async\" width=\"330\" height=\"540\" src=\"https:\/\/www.agriculture-machine.com\/wp-content\/uploads\/2018\/07\/Chaff-cutter-machine4-330x540.jpg\" alt=\"\" class=\"wp-image-2106\" srcset=\"https:\/\/www.agriculture-machine.com\/wp-content\/uploads\/2018\/07\/Chaff-cutter-machine4-330x540.jpg 330w, https:\/\/www.agriculture-machine.com\/wp-content\/uploads\/2018\/07\/Chaff-cutter-machine4-165x270.jpg 165w, https:\/\/www.agriculture-machine.com\/wp-content\/uploads\/2018\/07\/Chaff-cutter-machine4.jpg 750w\" sizes=\"auto, (max-width: 330px) 100vw, 330px\" \/><\/figure>    <figure class=\"wp-block-image aligncenter size-large\"><img loading=\"lazy\" decoding=\"async\" width=\"544\" height=\"540\" src=\"https:\/\/www.agriculture-machine.com\/wp-content\/uploads\/2018\/07\/Chaff-cutter-machine5-544x540.jpg\" alt=\"\" class=\"wp-image-2107\" srcset=\"https:\/\/www.agriculture-machine.com\/wp-content\/uploads\/2018\/07\/Chaff-cutter-machine5-544x540.jpg 544w, https:\/\/www.agriculture-machine.com\/wp-content\/uploads\/2018\/07\/Chaff-cutter-machine5-272x270.jpg 272w, https:\/\/www.agriculture-machine.com\/wp-content\/uploads\/2018\/07\/Chaff-cutter-machine5.jpg 750w\" sizes=\"auto, (max-width: 544px) 100vw, 544px\" \/><\/figure>    <h2 class=\"wp-block-heading\">Caso exitoso de la m\u00e1quina de trituraci\u00f3n de paja<\/h2>    <p class=\"translation-block\">Nuestro cliente en los <a href=\"https:\/\/en.wikipedia.org\/wiki\/Philippines\" target=\"_blank\" rel=\"noopener\">Filipinas<\/a> ha pedido 6 juegos de cortadoras de paja este mes, y la foto a continuaci\u00f3n muestra los detalles de embalaje. Cada m\u00e1quina se embala en una caja, y las piezas de repuesto principales se han desmontado para prevenir posibles da\u00f1os. Hemos asegurado que todas las m\u00e1quinas est\u00e9n bien embaladas y ya se han entregado.<\/p>    <figure class=\"wp-block-gallery has-nested-images columns-default is-cropped wp-block-gallery-2 is-layout-flex wp-block-gallery-is-layout-flex\"> <figure class=\"wp-block-image size-large\"><img loading=\"lazy\" decoding=\"async\" width=\"261\" height=\"540\" data-id=\"2123\" src=\"https:\/\/www.agriculture-machine.com\/wp-content\/uploads\/2018\/07\/Chaff-Cutter-machine-1-261x540.jpg\" alt=\"M\u00e1quina cortadora de paja\" class=\"wp-image-2123\" srcset=\"https:\/\/www.agriculture-machine.com\/wp-content\/uploads\/2018\/07\/Chaff-Cutter-machine-1-261x540.jpg 261w, https:\/\/www.agriculture-machine.com\/wp-content\/uploads\/2018\/07\/Chaff-Cutter-machine-1-131x270.jpg 131w, https:\/\/www.agriculture-machine.com\/wp-content\/uploads\/2018\/07\/Chaff-Cutter-machine-1-768x1589.jpg 768w, https:\/\/www.agriculture-machine.com\/wp-content\/uploads\/2018\/07\/Chaff-Cutter-machine-1-742x1536.jpg 742w, https:\/\/www.agriculture-machine.com\/wp-content\/uploads\/2018\/07\/Chaff-Cutter-machine-1.jpg 928w\" sizes=\"auto, (max-width: 261px) 100vw, 261px\" \/><figcaption class=\"wp-element-caption\">M\u00e1quina cortadora de paja<\/figcaption><\/figure>    <figure class=\"wp-block-image size-large\"><img loading=\"lazy\" decoding=\"async\" width=\"252\" height=\"540\" data-id=\"2124\" src=\"https:\/\/www.agriculture-machine.com\/wp-content\/uploads\/2018\/07\/Chaff-Cutter-machine-2-252x540.jpg\" alt=\"Trituradora de paja\" class=\"wp-image-2124\" srcset=\"https:\/\/www.agriculture-machine.com\/wp-content\/uploads\/2018\/07\/Chaff-Cutter-machine-2-252x540.jpg 252w, https:\/\/www.agriculture-machine.com\/wp-content\/uploads\/2018\/07\/Chaff-Cutter-machine-2-126x270.jpg 126w, https:\/\/www.agriculture-machine.com\/wp-content\/uploads\/2018\/07\/Chaff-Cutter-machine-2-768x1646.jpg 768w, https:\/\/www.agriculture-machine.com\/wp-content\/uploads\/2018\/07\/Chaff-Cutter-machine-2-717x1536.jpg 717w, https:\/\/www.agriculture-machine.com\/wp-content\/uploads\/2018\/07\/Chaff-Cutter-machine-2.jpg 896w\" sizes=\"auto, (max-width: 252px) 100vw, 252px\" \/><figcaption class=\"wp-element-caption\">Trituradora de paja<\/figcaption><\/figure>    <figure class=\"wp-block-image size-large\"><img loading=\"lazy\" decoding=\"async\" width=\"252\" height=\"540\" data-id=\"2125\" src=\"https:\/\/www.agriculture-machine.com\/wp-content\/uploads\/2018\/07\/Chaff-Cutter-machine-3-252x540.jpg\" alt=\"trituradora de residuos de cultivo\" class=\"wp-image-2125\" srcset=\"https:\/\/www.agriculture-machine.com\/wp-content\/uploads\/2018\/07\/Chaff-Cutter-machine-3-252x540.jpg 252w, https:\/\/www.agriculture-machine.com\/wp-content\/uploads\/2018\/07\/Chaff-Cutter-machine-3-126x270.jpg 126w, https:\/\/www.agriculture-machine.com\/wp-content\/uploads\/2018\/07\/Chaff-Cutter-machine-3-768x1646.jpg 768w, https:\/\/www.agriculture-machine.com\/wp-content\/uploads\/2018\/07\/Chaff-Cutter-machine-3-717x1536.jpg 717w, https:\/\/www.agriculture-machine.com\/wp-content\/uploads\/2018\/07\/Chaff-Cutter-machine-3.jpg 896w\" sizes=\"auto, (max-width: 252px) 100vw, 252px\" \/><figcaption class=\"wp-element-caption\">trituradora de residuos de cultivo<\/figcaption><\/figure> <\/figure>    <p class=\"translation-block\">Tenemos muchos tipos de cortadoras de ensilaje de paja, haga clic si est\u00e1 interesado: <strong><em><a href=\"https:\/\/www.agriculture-machine.com\/es\/4-15t-h-grass-cutting-machine-cutting-wet-grass-grass-cutter\/\">4-15t\/H M\u00e1quina de Corte de Hierba \/ Corte de Hierba H\u00fameda \/ Cortadora de Hierba<\/a><\/em><\/strong>, <strong><em><a href=\"https:\/\/www.agriculture-machine.com\/es\/combined-chaff-cutter-and-grinder-straw-cutter-and-grain-grinder\/\">Cortadora de paja y trituradora de granos | Cortadora y trituradora combinada de paja<\/a><\/em><\/strong>, y <strong><em><a href=\"https:\/\/www.agriculture-machine.com\/es\/animal-feed-cutting-grass-machine-straw-cutter-grass-cutter-with-great-capacity\/\">M\u00e1quina de corte de pasto para alimentaci\u00f3n de animales | Cortadora de paja | Cortadora de pasto con gran capacidad<\/a><\/em><\/strong>.<\/p>    <h2 class=\"wp-block-heading\">Preguntas frecuentes<\/h2>   <div id=\"rank-math-faq\" class=\"rank-math-block\"> <div class=\"rank-math-list\"> <div id=\"faq-question-1716372232137\" class=\"rank-math-list-item\"> <h3 class=\"rank-math-question\">\u00bfSolo tiene un tipo de m\u00e1quina cortadora de paja?<\/h3> <div class=\"rank-math-answer\">  <p>No, tenemos muchos tipos de m\u00e1quinas cortadoras de paja con diferentes capacidades, por favor p\u00f3ngase en contacto para saber m\u00e1s.<\/p>  <\/div> <\/div> <div id=\"faq-question-1716372258548\" class=\"rank-math-list-item\"> <h3 class=\"rank-math-question\">\u00bfCu\u00e1l es la materia prima de esta m\u00e1quina?<\/h3> <div class=\"rank-math-answer\">  <p>La materia prima puede ser hierba, ramas de \u00e1rboles, todo tipo de tallos de cultivo y paja.<\/p>  <\/div> <\/div> <div id=\"faq-question-1716372266339\" class=\"rank-math-list-item\"> <h3 class=\"rank-math-question\">\u00bfCu\u00e1ntas cuchillas y martillos hay dentro de la cortadora de paja?<\/h3> <div class=\"rank-math-answer\">  <p>4 cuchillas y 24 martillos.<\/p>  <\/div> <\/div> <div id=\"faq-question-1716372277108\" class=\"rank-math-list-item\"> <h3 class=\"rank-math-question\">\u00bfPara qu\u00e9 puede servir el producto final?<\/h3> <div class=\"rank-math-answer\">  <p>El producto final normalmente puede ser utilizado para alimentar a los animales.<\/p>  <\/div> <\/div> <div id=\"faq-question-1716372290002\" class=\"rank-math-list-item\"> <h3 class=\"rank-math-question\">\u00bfPor qu\u00e9 una m\u00e1quina puede cortar hierba y triturar granos?<\/h3> <div class=\"rank-math-answer\">  <p>Hay dos entradas y dos salidas, y las cuchillas se usan para cortar la hierba, y los martillos se usan para triturar el grano. Se deben colocar diferentes materias primas en los orificios de alimentaci\u00f3n espec\u00edficos.<\/p>  <\/div> <\/div> <\/div> <\/div>   <p><br><\/p>","protected":false},"excerpt":{"rendered":"<p>Esta es una m\u00e1quina combinada de trituradora de granos y cortadora de paja, que no s\u00f3lo puede cortar heno, sino tambi\u00e9n triturar granos. Es ampliamente utilizada en granjas de ovejas, vacas y pollos.<\/p>","protected":false},"author":1,"featured_media":0,"parent":0,"comment_status":"closed","ping_status":"closed","template":"","tags":[832,591],"product-type":[912],"class_list":["post-230","product","type-product","status-publish","hentry","tag-chaff","tag-silage","product-type-chaff-cutter"],"_links":{"self":[{"href":"https:\/\/www.agriculture-machine.com\/es\/wp-json\/wp\/v2\/product\/230","targetHints":{"allow":["GET"]}}],"collection":[{"href":"https:\/\/www.agriculture-machine.com\/es\/wp-json\/wp\/v2\/product"}],"about":[{"href":"https:\/\/www.agriculture-machine.com\/es\/wp-json\/wp\/v2\/types\/product"}],"author":[{"embeddable":true,"href":"https:\/\/www.agriculture-machine.com\/es\/wp-json\/wp\/v2\/users\/1"}],"replies":[{"embeddable":true,"href":"https:\/\/www.agriculture-machine.com\/es\/wp-json\/wp\/v2\/comments?post=230"}],"wp:attachment":[{"href":"https:\/\/www.agriculture-machine.com\/es\/wp-json\/wp\/v2\/media?parent=230"}],"wp:term":[{"taxonomy":"post_tag","embeddable":true,"href":"https:\/\/www.agriculture-machine.com\/es\/wp-json\/wp\/v2\/tags?post=230"},{"taxonomy":"product-type","embeddable":true,"href":"https:\/\/www.agriculture-machine.com\/es\/wp-json\/wp\/v2\/product-type?post=230"}],"curies":[{"name":"wp","href":"https:\/\/api.w.org\/{rel}","templated":true}]}}