{"id":240,"date":"2018-07-12T07:48:04","date_gmt":"2018-07-11T23:48:04","guid":{"rendered":"https:\/\/www.agriculture-machine.com\/?p=240"},"modified":"2024-09-18T16:13:05","modified_gmt":"2024-09-18T08:13:05","slug":"small-thresher-for-rice-wheat-beans-sorghum-millet","status":"publish","type":"product","link":"https:\/\/www.agriculture-machine.com\/es\/small-thresher-for-rice-wheat-beans-sorghum-millet\/","title":{"rendered":"Peque\u00f1a trilladora para arroz, trigo, frijoles, sorgo, mijo \/ trilladora de trigo"},"content":{"rendered":"<p class=\"translation-block\">Este <strong> trillador de trigo<\/strong> tiene tama\u00f1o peque\u00f1o y poco peso, pero presume de alta capacidad. Al cambiar diferentes pantallas, puede adaptarse a distintas materias primas, por lo que no necesitas comprar otros trilladores; se aplica ampliamente para trillado de muchos cultivos. Por lo tanto, es favorito entre muchos agricultores de diferentes pa\u00edses. El trillador de trigo puede funcionar con motor, motor di\u00e9sel y motor de gasolina, satisfaciendo las solicitudes de diferentes clientes.<\/p> <p>Si eres agricultor y plantas arroz, trigo, frijoles, sorgo o mijo. Hablando personalmente, esos cultivos son comunes en nuestra vida diaria donde quiera que seas. Si buscas un trilla-arroz para desgranar estos cultivos, \u00bfpor qu\u00e9 no elegir este trillador de tama\u00f1o peque\u00f1o? Te prometo que no te arrepentir\u00e1s de comprar un tal trilla-arroz porque puede ayudarte a hacer mucho trabajo.<\/p> <p><img loading=\"lazy\" decoding=\"async\" class=\"alignnone wp-image-2962\" src=\"https:\/\/www.agriculture-machine.com\/wp-content\/uploads\/2018\/07\/wheat-thresher-machine-2.jpg\" alt=\"\" width=\"582\" height=\"698\" srcset=\"https:\/\/www.agriculture-machine.com\/wp-content\/uploads\/2018\/07\/wheat-thresher-machine-2.jpg 750w, https:\/\/www.agriculture-machine.com\/wp-content\/uploads\/2018\/07\/wheat-thresher-machine-2-225x270.jpg 225w, https:\/\/www.agriculture-machine.com\/wp-content\/uploads\/2018\/07\/wheat-thresher-machine-2-450x540.jpg 450w\" sizes=\"auto, (max-width: 582px) 100vw, 582px\" \/><\/p> <div class=\"img\"> <p>&nbsp;<\/p> <p>&nbsp;<\/p> <h2>Par\u00e1metros t\u00e9cnicos del trillador de trigo<\/h2> <table> <tbody> <tr> <td width=\"284\">Modelo<\/td> <td width=\"284\">SL-50<\/td> <\/tr> <tr> <td width=\"284\">Potencia<\/td> <td width=\"284\">Motor de 3 kW, motor de gasolina o motor di\u00e9sel de 8 HP<\/td> <\/tr> <tr> <td width=\"284\">Capacidad<\/td> <td width=\"284\">400-500kg\/h<\/td> <\/tr> <tr> <td width=\"284\">Peso<\/td> <td width=\"284\">50kg<\/td> <\/tr> <tr> <td width=\"284\">Tama\u00f1o<\/td> <td width=\"284\">980 mm * 500 mm * 1200 mm<\/td> <\/tr> <\/tbody> <\/table> <h2>Ventaja de la trilladora de trigo<\/h2> <ol> <li>Tama\u00f1o peque\u00f1o. Es muy adecuado para uso individual en casa.<\/li> <li>Peso ligero. Su peso es de solo 50 kg, por lo que los agricultores pueden moverlo f\u00e1cilmente.<\/li> <li>M\u00faltiples funciones. trillador de trigo en venta puede desgranar mijo, frijoles, sorgo, arroz y trigo.<\/li> <li>Alto rendimiento de trilla. Casi no quedan granos en la c\u00e1scara.<\/li> <li>Baja tasa de p\u00e9rdida. No es m\u00e1s del 2%.<\/li> <li>El trillador de trigo puede funcionar de forma estable y es f\u00e1cil de operar y mantener.<\/li> <li>bajo precio pero alta ganancia.<\/li> <\/ol> <p><img loading=\"lazy\" decoding=\"async\" class=\"alignnone wp-image-2967\" src=\"https:\/\/www.agriculture-machine.com\/wp-content\/uploads\/2018\/07\/wheat-thresher-machine-7.jpg\" alt=\"\" width=\"609\" height=\"731\" srcset=\"https:\/\/www.agriculture-machine.com\/wp-content\/uploads\/2018\/07\/wheat-thresher-machine-7.jpg 750w, https:\/\/www.agriculture-machine.com\/wp-content\/uploads\/2018\/07\/wheat-thresher-machine-7-225x270.jpg 225w, https:\/\/www.agriculture-machine.com\/wp-content\/uploads\/2018\/07\/wheat-thresher-machine-7-450x540.jpg 450w\" sizes=\"auto, (max-width: 609px) 100vw, 609px\" \/><\/p> <p><img loading=\"lazy\" decoding=\"async\" class=\"alignnone wp-image-2968\" src=\"https:\/\/www.agriculture-machine.com\/wp-content\/uploads\/2018\/07\/wheat-thresher-machine-8.jpg\" alt=\"\" width=\"606\" height=\"727\" srcset=\"https:\/\/www.agriculture-machine.com\/wp-content\/uploads\/2018\/07\/wheat-thresher-machine-8.jpg 750w, https:\/\/www.agriculture-machine.com\/wp-content\/uploads\/2018\/07\/wheat-thresher-machine-8-225x270.jpg 225w, https:\/\/www.agriculture-machine.com\/wp-content\/uploads\/2018\/07\/wheat-thresher-machine-8-450x540.jpg 450w\" sizes=\"auto, (max-width: 606px) 100vw, 606px\" \/><\/p> <h2>Caso exitoso de trillador de trigo<\/h2> <p class=\"translation-block\"><strong><span style=\"color: #ff0000\">Caso uno<\/span><\/strong><\/p> <p>En 2018, entregamos 15000 juegos de trilladores de sorgo a Tanzania, los cuales se terminaron en 3 meses. Estaban cargando las m\u00e1quinas en el contenedor en las im\u00e1genes siguientes. Habiendo ganado su confianza, coloc\u00f3 m\u00e1quinas agr\u00edcolas con nosotros siempre que haya demanda.<\/p> <p class=\"translation-block\"><strong><span style=\"color: #ff0000;\">Case two<\/span><\/strong><br \/> 10 sets wheat thresher are delivered to America last week, and this customer wants to thresh beans. We installed the beans screen for him so that he can use machine directly after receiving it. In addition, due to the first cooperation, my factory sent him 3 different screens for free.<\/p> <p><img loading=\"lazy\" decoding=\"async\" class=\"alignnone wp-image-2971\" src=\"https:\/\/www.agriculture-machine.com\/wp-content\/uploads\/2018\/07\/wheat-sheller-1.jpg\" alt=\"\" width=\"643\" height=\"643\" srcset=\"https:\/\/www.agriculture-machine.com\/wp-content\/uploads\/2018\/07\/wheat-sheller-1.jpg 750w, https:\/\/www.agriculture-machine.com\/wp-content\/uploads\/2018\/07\/wheat-sheller-1-270x270.jpg 270w, https:\/\/www.agriculture-machine.com\/wp-content\/uploads\/2018\/07\/wheat-sheller-1-540x540.jpg 540w\" sizes=\"auto, (max-width: 643px) 100vw, 643px\" \/><\/p> <p>&nbsp;<\/p> <p><img loading=\"lazy\" decoding=\"async\" class=\"alignnone wp-image-2972\" src=\"https:\/\/www.agriculture-machine.com\/wp-content\/uploads\/2018\/07\/wheat-sheller-2.jpg\" alt=\"\" width=\"641\" height=\"641\" srcset=\"https:\/\/www.agriculture-machine.com\/wp-content\/uploads\/2018\/07\/wheat-sheller-2.jpg 750w, https:\/\/www.agriculture-machine.com\/wp-content\/uploads\/2018\/07\/wheat-sheller-2-270x270.jpg 270w, https:\/\/www.agriculture-machine.com\/wp-content\/uploads\/2018\/07\/wheat-sheller-2-540x540.jpg 540w\" sizes=\"auto, (max-width: 641px) 100vw, 641px\" \/><\/p> <h2>Preguntas frecuentes<\/h2> <ol> <li>\u00bfCu\u00e1l es la capacidad de este trillador de arroz?<\/li> <\/ol> <p>Su capacidad es de 400-500 kg\/h<\/p> <ol start=\"2\"> <li>\u00bfCu\u00e1l es la materia prima?<\/li> <\/ol> <p>Puedes usarlo para trillar arroz, mijo, sorgo, arroz, frijoles.<\/p> <ol start=\"3\"> <li>\u00bfC\u00f3mo puedo elegir un motor adecuado?<\/li> <\/ol> <p>La gente suele usar motor de 3 kW que es barato, y tambi\u00e9n se puede equipar con motor de gasolina o motor di\u00e9sel de 8 HP.<\/p> <ol start=\"4\"> <li>\u00bfNos enviar\u00e1s cinco pantallas gratis porque es un trillador multifuncional?<\/li> <\/ol> <p>Instalaremos una pantalla en la m\u00e1quina de forma gratuita, pero deber\u00edas pagar dinero extra por las otras cuatro pantallas.<\/p> <ol start=\"5\"> <li>\u00bfNecesito comprar otras piezas de repuesto?<\/li> <\/ol> <p>Es mejor agregar pantallas extra si quieres trillar muchos cultivos.<\/p> <ol start=\"6\"> <li>\u00bfTienes una mayor capacidad si tengo una granja muy grande?<\/li> <\/ol> <p>S\u00ed, por supuesto, tambi\u00e9n tenemos un trillador de 800-1000 kg\/h, por favor cont\u00e1ctanos para conocer m\u00e1s tipos de m\u00e1quinas relacionadas.<\/p> <ol start=\"7\"> <li>\u00bfA qu\u00e9 pa\u00eds has exportado sobre trilladores de mijo?<\/li> <\/ol> <p>En los \u00faltimos a\u00f1os, hemos exportado estos trilladores de frijoles a muchos pa\u00edses como Nigeria, Sud\u00e1frica, Tanzania, Pakist\u00e1n, Estados Unidos, Malasia, Vietnam, Ecuador, Sud\u00e1n, Congo, etc.<\/p> <p>&nbsp;<\/p> <\/div>","protected":false},"excerpt":{"rendered":"<p>This wheat thresher has small size and light weight, but boasts high capacity. By changing different screens, it can fit for different raw materials, so you don\u2019t need to buy other threshers, widely applying to thresh many crops. Therefore, it is favored by many farmers from different countries. The wheat thresher can work with motor, [&hellip;]<\/p>\n","protected":false},"author":1,"featured_media":0,"parent":0,"comment_status":"closed","ping_status":"closed","template":"","tags":[2614],"product-type":[894],"class_list":["post-240","product","type-product","status-publish","hentry","tag-thresher","product-type-rice-and-wheat-thresher"],"_links":{"self":[{"href":"https:\/\/www.agriculture-machine.com\/es\/wp-json\/wp\/v2\/product\/240","targetHints":{"allow":["GET"]}}],"collection":[{"href":"https:\/\/www.agriculture-machine.com\/es\/wp-json\/wp\/v2\/product"}],"about":[{"href":"https:\/\/www.agriculture-machine.com\/es\/wp-json\/wp\/v2\/types\/product"}],"author":[{"embeddable":true,"href":"https:\/\/www.agriculture-machine.com\/es\/wp-json\/wp\/v2\/users\/1"}],"replies":[{"embeddable":true,"href":"https:\/\/www.agriculture-machine.com\/es\/wp-json\/wp\/v2\/comments?post=240"}],"wp:attachment":[{"href":"https:\/\/www.agriculture-machine.com\/es\/wp-json\/wp\/v2\/media?parent=240"}],"wp:term":[{"taxonomy":"post_tag","embeddable":true,"href":"https:\/\/www.agriculture-machine.com\/es\/wp-json\/wp\/v2\/tags?post=240"},{"taxonomy":"product-type","embeddable":true,"href":"https:\/\/www.agriculture-machine.com\/es\/wp-json\/wp\/v2\/product-type?post=240"}],"curies":[{"name":"wp","href":"https:\/\/api.w.org\/{rel}","templated":true}]}}