{"id":253,"date":"2018-07-12T08:01:38","date_gmt":"2018-07-12T00:01:38","guid":{"rendered":"https:\/\/www.agriculture-machine.com\/?p=253"},"modified":"2024-09-18T16:05:45","modified_gmt":"2024-09-18T08:05:45","slug":"kenaf-decorticator","status":"publish","type":"product","link":"https:\/\/www.agriculture-machine.com\/es\/kenaf-decorticator\/","title":{"rendered":"M\u00e1quina extractora de corte de yute de kenaf \/ Descascaradora de kenaf"},"content":{"rendered":"<h2>Breve introducci\u00f3n del descortezador de c\u00e1\u00f1amo<\/h2> <p class=\"translation-block\">Nuestra <strong>m\u00e1quina cortadora de c\u00e1\u00f1amo<\/strong> se usa para extraer la fibra de c\u00e1\u00f1amo, yute, kenaf, ramio, etc. Con dos grandes ruedas, la m\u00e1quina es f\u00e1cil de mover. La tasa de limpieza puede alcanzar el 96% sin da\u00f1ar la fibra. El descortezador de c\u00e1\u00f1amo es adecuado para procesar fibras vegetales de c\u00e1\u00f1amo, yute, kenaf y ramio rojo en agricultura. Puede usarse tanto para materias primas secas como h\u00famedas y es conveniente para su uso.<\/p> <div align=\"center\"><\/div> <h2>La estructura principal del descortezador de c\u00e1\u00f1amo<\/h2> <p>El descortezador de c\u00e1\u00f1amo est\u00e1 compuesto principalmente por un marco, cuchilla, placa de cuchilla, boca de alimentaci\u00f3n, cubierta de seguridad, doble rodillo, cinta transportadora de descarga, etc.<br \/> La parte interior de la m\u00e1quina (diferantes \u00e1ngulos de los rodillos)<\/p> <div id='gallery-1' class='gallery galleryid-253 gallery-columns-2 gallery-size-thumbnail'><figure class='gallery-item'> \t\t\t<div class='gallery-icon landscape'> \t\t\t\t<img loading=\"lazy\" decoding=\"async\" width=\"240\" height=\"180\" src=\"https:\/\/www.agriculture-machine.com\/wp-content\/uploads\/2018\/07\/hemp-cutter-machine-5-1-240x180.jpg\" class=\"attachment-thumbnail size-thumbnail\" alt=\"\" srcset=\"https:\/\/www.agriculture-machine.com\/wp-content\/uploads\/2018\/07\/hemp-cutter-machine-5-1-240x180.jpg 240w, https:\/\/www.agriculture-machine.com\/wp-content\/uploads\/2018\/07\/hemp-cutter-machine-5-1-360x270.jpg 360w, https:\/\/www.agriculture-machine.com\/wp-content\/uploads\/2018\/07\/hemp-cutter-machine-5-1.jpg 480w\" sizes=\"auto, (max-width: 240px) 100vw, 240px\" \/> \t\t\t<\/div><\/figure><figure class='gallery-item'> \t\t\t<div class='gallery-icon landscape'> \t\t\t\t<img loading=\"lazy\" decoding=\"async\" width=\"240\" height=\"180\" src=\"https:\/\/www.agriculture-machine.com\/wp-content\/uploads\/2018\/07\/hemp-cutter-machine-6-1-240x180.jpg\" class=\"attachment-thumbnail size-thumbnail\" alt=\"\" srcset=\"https:\/\/www.agriculture-machine.com\/wp-content\/uploads\/2018\/07\/hemp-cutter-machine-6-1-240x180.jpg 240w, https:\/\/www.agriculture-machine.com\/wp-content\/uploads\/2018\/07\/hemp-cutter-machine-6-1-360x270.jpg 360w, https:\/\/www.agriculture-machine.com\/wp-content\/uploads\/2018\/07\/hemp-cutter-machine-6-1.jpg 480w\" sizes=\"auto, (max-width: 240px) 100vw, 240px\" \/> \t\t\t<\/div><\/figure> \t\t<\/div>  <h2>Aplicaci\u00f3n del descortezador de c\u00e1\u00f1amo<\/h2> <p>Puede triturar el tallo de kenaf y obtener la piel r\u00e1pidamente, lo cual es muy limpio. Esta m\u00e1quina cortadora de c\u00e1\u00f1amo puede usarse para c\u00e1\u00f1amo, yute, ramio, kenaf, etc.<\/p> <p><img loading=\"lazy\" decoding=\"async\" class=\"alignnone size-full wp-image-4349\" src=\"https:\/\/www.agriculture-machine.com\/wp-content\/uploads\/2018\/07\/hemp-cutting-3.jpg\" alt=\"\" width=\"750\" height=\"750\" srcset=\"https:\/\/www.agriculture-machine.com\/wp-content\/uploads\/2018\/07\/hemp-cutting-3.jpg 750w, https:\/\/www.agriculture-machine.com\/wp-content\/uploads\/2018\/07\/hemp-cutting-3-270x270.jpg 270w, https:\/\/www.agriculture-machine.com\/wp-content\/uploads\/2018\/07\/hemp-cutting-3-540x540.jpg 540w\" sizes=\"auto, (max-width: 750px) 100vw, 750px\" \/><\/p> <h2>Ventaja del descortezador de c\u00e1\u00f1amo<\/h2> <p>1. Comparado con el m\u00e9todo tradicional de pelado, descortezador de c\u00e1\u00f1amo fresco<br \/> puede ahorrar mucho trabajo y tiempo.<br \/> 2. Dos rodillos con cuchillas oblicuas pueden triturar mucho el tallo, mejorando la eficiencia de trabajo.<br \/> 3. Alta tasa de limpieza. La fibra final es muy limpia<br \/> 4. Alta capacidad. Su mayor capacidad es 150m2\/h<\/p> <ol start=\"5\"> <li>La fibra de c\u00e1\u00f1amo no se romper\u00e1 despu\u00e9s del pelado.<\/li> <li>La tasa de pelado es muy alta y casi todas las fibras pueden pelarse en una sola vez.<\/li> <li>El descortezador de c\u00e1\u00f1amo es f\u00e1cil de mover gracias a sus dos ruedas y es adecuado para materias primas h\u00famedas y secas.<\/li> <li>El descortezador de c\u00e1\u00f1amo tiene una barra transversal en la salida para recolectar la fibra despu\u00e9s de pelar.<\/li> <\/ol> <p>&nbsp;<\/p> <p><img decoding=\"async\" src=\"https:\/\/www.agriculture-machine.com\/wp-content\/uploads\/2018\/07\/hemp-cutter-machine-1.jpg\" alt=\"m\u00e1quina cortadora de c\u00e1\u00f1amo-1\" \/><\/p> <h2>Principio de funcionamiento del descortezador de c\u00e1\u00f1amo<\/h2> <p>1. El operador coloca el c\u00e1\u00f1amo en la tolva de alimentaci\u00f3n<br \/> 2. El c\u00e1\u00f1amo entra en el medio de los dos rodillos<br \/> 3. Las cuchillas oblicuas en los rodillos, alimentadas por motor o motor di\u00e9sel, trituran el tallo mediante rotaci\u00f3n constante.<br \/> 4. Los tallos se trituran completamente y las fibras vuelan al rob despu\u00e9s de varios segundos.<\/p> <p><img loading=\"lazy\" decoding=\"async\" class=\"alignnone size-full wp-image-4348\" src=\"https:\/\/www.agriculture-machine.com\/wp-content\/uploads\/2018\/07\/hemp-cutting-2.jpg\" alt=\"\" width=\"750\" height=\"750\" srcset=\"https:\/\/www.agriculture-machine.com\/wp-content\/uploads\/2018\/07\/hemp-cutting-2.jpg 750w, https:\/\/www.agriculture-machine.com\/wp-content\/uploads\/2018\/07\/hemp-cutting-2-270x270.jpg 270w, https:\/\/www.agriculture-machine.com\/wp-content\/uploads\/2018\/07\/hemp-cutting-2-540x540.jpg 540w\" sizes=\"auto, (max-width: 750px) 100vw, 750px\" \/><\/p> <h2>Potencia compatible del descortezador de c\u00e1\u00f1amo<\/h2> <p>La m\u00e1quina descortezadora de kenaf funciona con un motor de 7.5kw o un motor di\u00e9sel de 10HP.<\/p> <p><img loading=\"lazy\" decoding=\"async\" class=\"alignnone size-full wp-image-4347\" src=\"https:\/\/www.agriculture-machine.com\/wp-content\/uploads\/2018\/07\/hemp-cutting-1.jpg\" alt=\"\" width=\"750\" height=\"750\" srcset=\"https:\/\/www.agriculture-machine.com\/wp-content\/uploads\/2018\/07\/hemp-cutting-1.jpg 750w, https:\/\/www.agriculture-machine.com\/wp-content\/uploads\/2018\/07\/hemp-cutting-1-270x270.jpg 270w, https:\/\/www.agriculture-machine.com\/wp-content\/uploads\/2018\/07\/hemp-cutting-1-540x540.jpg 540w\" sizes=\"auto, (max-width: 750px) 100vw, 750px\" \/><\/p> <h2>Par\u00e1metro t\u00e9cnico del descortezador de c\u00e1\u00f1amo<\/h2> <div class=\"table-responsive\"> <table class=\"table table-striped\"> <tbody> <tr> <td width=\"346\"><strong><b>Modelo<\/b><\/strong><\/td> <td width=\"293\"><strong><b>SLHM-550<\/b><\/strong><\/td> <\/tr> <tr> <td width=\"346\">Velocidad rotatoria de la cuchilla de hockey<\/td> <td width=\"293\">1000-1200r\/min<\/td> <\/tr> <tr> <td width=\"346\">Potencia del motor<\/td> <td width=\"293\">7.5Kw \/ (motor di\u00e9sel de 10HP)<\/td> <\/tr> <tr> <td width=\"346\">Capacidad<\/td> <td width=\"293\">150m2\/h<\/td> <\/tr> <tr> <td width=\"346\">Dimensi\u00f3n<\/td> <td width=\"293\">1500*1400*1050mm<\/td> <\/tr> <tr> <td width=\"346\">Peso<\/td> <td width=\"293\">255Kg<\/td> <\/tr> <tr> <td width=\"346\">Porcentaje de suciedad<\/td> <td width=\"293\">&lt;0.2%<\/td> <\/tr> <\/tbody> <\/table> <h2>\u00daltimo caso de \u00e9xito del descortezador de c\u00e1\u00f1amo<\/h2> <p class=\"translation-block\"><strong><span style=\"color: #ff0000\">caso uno<\/span><\/strong><\/p> <p>En febrero de 2019, vendimos 1 conjunto de m\u00e1quina cortadora de c\u00e1\u00f1amo a Polonia a un precio competitivo. \u00c9l es un agricultor y ha cultivado c\u00e1\u00f1amo en los \u00faltimos a\u00f1os, deseando extraer su fibra. La siguiente imagen es el di\u00e1logo entre nuestro gerente de ventas y \u00e9l.<br \/> <img decoding=\"async\" src=\"https:\/\/www.agriculture-machine.com\/wp-content\/uploads\/2018\/07\/hemp-cutter-machine-3.jpg\" alt=\"m\u00e1quina cortadora de c\u00e1\u00f1amo-3\" \/><img decoding=\"async\" src=\"https:\/\/www.agriculture-machine.com\/wp-content\/uploads\/2018\/07\/hemp-cutter-machine.png\" alt=\"m\u00e1quina cortadora de c\u00e1\u00f1amo\" \/><br \/> En realidad, nos contact\u00f3 en enero y realiz\u00f3 un pedido en febrero. Nuestro gerente resolvi\u00f3 su problema con gran paciencia y quer\u00eda construir una asociaci\u00f3n a largo plazo con \u00e9l.<\/p> <p>Las im\u00e1genes del embalaje son las siguientes.<\/p> <div id='gallery-2' class='gallery galleryid-253 gallery-columns-2 gallery-size-full'><figure class='gallery-item'> \t\t\t<div class='gallery-icon landscape'> \t\t\t\t<a href='https:\/\/www.agriculture-machine.com\/es\/hemp-cutter-machine-8\/'><img loading=\"lazy\" decoding=\"async\" width=\"1440\" height=\"1080\" src=\"https:\/\/www.agriculture-machine.com\/wp-content\/uploads\/2018\/07\/hemp-cutter-machine-8.jpg\" class=\"attachment-full size-full\" alt=\"m\u00e1quina cortadora de c\u00e1\u00f1amo (8)\" aria-describedby=\"gallery-2-2249\" srcset=\"https:\/\/www.agriculture-machine.com\/wp-content\/uploads\/2018\/07\/hemp-cutter-machine-8.jpg 1440w, https:\/\/www.agriculture-machine.com\/wp-content\/uploads\/2018\/07\/hemp-cutter-machine-8-360x270.jpg 360w, https:\/\/www.agriculture-machine.com\/wp-content\/uploads\/2018\/07\/hemp-cutter-machine-8-720x540.jpg 720w, https:\/\/www.agriculture-machine.com\/wp-content\/uploads\/2018\/07\/hemp-cutter-machine-8-240x180.jpg 240w, https:\/\/www.agriculture-machine.com\/wp-content\/uploads\/2018\/07\/hemp-cutter-machine-8-768x576.jpg 768w\" sizes=\"auto, (max-width: 1440px) 100vw, 1440px\" \/><\/a> \t\t\t<\/div> \t\t\t\t<figcaption class='wp-caption-text gallery-caption' id='gallery-2-2249'> \t\t\t\tm\u00e1quina cortadora de c\u00e1\u00f1amo (8) \t\t\t\t<\/figcaption><\/figure><figure class='gallery-item'> \t\t\t<div class='gallery-icon landscape'> \t\t\t\t<a href='https:\/\/www.agriculture-machine.com\/es\/hemp-cutter-machine-7\/'><img loading=\"lazy\" decoding=\"async\" width=\"1440\" height=\"1080\" src=\"https:\/\/www.agriculture-machine.com\/wp-content\/uploads\/2018\/07\/hemp-cutter-machine-7.jpg\" class=\"attachment-full size-full\" alt=\"m\u00e1quina cortadora de c\u00e1\u00f1amo (7)\" aria-describedby=\"gallery-2-2248\" srcset=\"https:\/\/www.agriculture-machine.com\/wp-content\/uploads\/2018\/07\/hemp-cutter-machine-7.jpg 1440w, https:\/\/www.agriculture-machine.com\/wp-content\/uploads\/2018\/07\/hemp-cutter-machine-7-360x270.jpg 360w, https:\/\/www.agriculture-machine.com\/wp-content\/uploads\/2018\/07\/hemp-cutter-machine-7-720x540.jpg 720w, https:\/\/www.agriculture-machine.com\/wp-content\/uploads\/2018\/07\/hemp-cutter-machine-7-240x180.jpg 240w, https:\/\/www.agriculture-machine.com\/wp-content\/uploads\/2018\/07\/hemp-cutter-machine-7-768x576.jpg 768w\" sizes=\"auto, (max-width: 1440px) 100vw, 1440px\" \/><\/a> \t\t\t<\/div> \t\t\t\t<figcaption class='wp-caption-text gallery-caption' id='gallery-2-2248'> \t\t\t\tm\u00e1quina cortadora de c\u00e1\u00f1amo (7) \t\t\t\t<\/figcaption><\/figure> \t\t<\/div>  <h2><span style=\"color: #ff0000;\">caso dos<\/span><\/h2> <p class=\"translation-block\">A principios de mayo, recibimos una consulta del cliente en Croacia, y quer\u00eda comprar un <strong>descortezador de c\u00e1\u00f1amo<\/strong>. En realidad, no habl\u00f3 mucho con nuestro vendedor. Despu\u00e9s de confirmar la informaci\u00f3n del transitario, orden\u00f3 un conjunto<strong>descortezador de c\u00e1\u00f1amo<\/strong> con nosotros. Tenemos muchos descortezadores de c\u00e1\u00f1amo en stock, as\u00ed que dedicamos un d\u00eda a empaquetar y entregar su m\u00e1quina tras recibir el pago.<\/p> <div id='gallery-3' class='gallery galleryid-253 gallery-columns-2 gallery-size-full'><figure class='gallery-item'> \t\t\t<div class='gallery-icon portrait'> \t\t\t\t<a href='https:\/\/www.agriculture-machine.com\/es\/kenaf-decorticator\/attachment\/hemp-decorticator5\/'><img loading=\"lazy\" decoding=\"async\" width=\"450\" height=\"600\" src=\"https:\/\/www.agriculture-machine.com\/wp-content\/uploads\/2018\/07\/hemp-decorticator5.jpg\" class=\"attachment-full size-full\" alt=\"\" srcset=\"https:\/\/www.agriculture-machine.com\/wp-content\/uploads\/2018\/07\/hemp-decorticator5.jpg 450w, https:\/\/www.agriculture-machine.com\/wp-content\/uploads\/2018\/07\/hemp-decorticator5-203x270.jpg 203w, https:\/\/www.agriculture-machine.com\/wp-content\/uploads\/2018\/07\/hemp-decorticator5-405x540.jpg 405w\" sizes=\"auto, (max-width: 450px) 100vw, 450px\" \/><\/a> \t\t\t<\/div><\/figure><figure class='gallery-item'> \t\t\t<div class='gallery-icon portrait'> \t\t\t\t<a href='https:\/\/www.agriculture-machine.com\/es\/kenaf-decorticator\/attachment\/hemp-decorticator4\/'><img loading=\"lazy\" decoding=\"async\" width=\"450\" height=\"600\" src=\"https:\/\/www.agriculture-machine.com\/wp-content\/uploads\/2018\/07\/hemp-decorticator4.jpg\" class=\"attachment-full size-full\" alt=\"\" srcset=\"https:\/\/www.agriculture-machine.com\/wp-content\/uploads\/2018\/07\/hemp-decorticator4.jpg 450w, https:\/\/www.agriculture-machine.com\/wp-content\/uploads\/2018\/07\/hemp-decorticator4-203x270.jpg 203w, https:\/\/www.agriculture-machine.com\/wp-content\/uploads\/2018\/07\/hemp-decorticator4-405x540.jpg 405w\" sizes=\"auto, (max-width: 450px) 100vw, 450px\" \/><\/a> \t\t\t<\/div><\/figure> \t\t<\/div>  <div id='gallery-4' class='gallery galleryid-253 gallery-columns-2 gallery-size-full'><figure class='gallery-item'> \t\t\t<div class='gallery-icon portrait'> \t\t\t\t<a href='https:\/\/www.agriculture-machine.com\/es\/kenaf-decorticator\/attachment\/hemp-decorticator3\/'><img loading=\"lazy\" decoding=\"async\" width=\"450\" height=\"600\" src=\"https:\/\/www.agriculture-machine.com\/wp-content\/uploads\/2018\/07\/hemp-decorticator3.jpg\" class=\"attachment-full size-full\" alt=\"\" srcset=\"https:\/\/www.agriculture-machine.com\/wp-content\/uploads\/2018\/07\/hemp-decorticator3.jpg 450w, https:\/\/www.agriculture-machine.com\/wp-content\/uploads\/2018\/07\/hemp-decorticator3-203x270.jpg 203w, https:\/\/www.agriculture-machine.com\/wp-content\/uploads\/2018\/07\/hemp-decorticator3-405x540.jpg 405w\" sizes=\"auto, (max-width: 450px) 100vw, 450px\" \/><\/a> \t\t\t<\/div><\/figure><figure class='gallery-item'> \t\t\t<div class='gallery-icon portrait'> \t\t\t\t<a href='https:\/\/www.agriculture-machine.com\/es\/kenaf-decorticator\/attachment\/hemp-decorticator2\/'><img loading=\"lazy\" decoding=\"async\" width=\"450\" height=\"600\" src=\"https:\/\/www.agriculture-machine.com\/wp-content\/uploads\/2018\/07\/hemp-decorticator2.jpg\" class=\"attachment-full size-full\" alt=\"\" srcset=\"https:\/\/www.agriculture-machine.com\/wp-content\/uploads\/2018\/07\/hemp-decorticator2.jpg 450w, https:\/\/www.agriculture-machine.com\/wp-content\/uploads\/2018\/07\/hemp-decorticator2-203x270.jpg 203w, https:\/\/www.agriculture-machine.com\/wp-content\/uploads\/2018\/07\/hemp-decorticator2-405x540.jpg 405w\" sizes=\"auto, (max-width: 450px) 100vw, 450px\" \/><\/a> \t\t\t<\/div><\/figure> \t\t<\/div>  <h2>Preguntas frecuentes<\/h2> <p>1. \u00bfPor qu\u00e9 los dos rodillos de la m\u00e1quina est\u00e1n oblicuos?<br \/> Los dos rodillos oblicuos pueden triturar completamente los tallos de c\u00e1\u00f1amo y separarlos eficazmente de la fibra.<br \/> 2. \u00bfCu\u00e1les son las materias primas de este descortezador de yute?<br \/> La materia prima puede ser c\u00e1\u00f1amo, kenaf, ramio, yute, etc.<br \/> 3. \u00bfDa\u00f1ar\u00e1 el rodillo la fibra?<br \/> No, no da\u00f1ar\u00e1 la fibra porque las cuchillas en el rodillo son romas.<br \/> 4. \u00bfPara qu\u00e9 se puede usar el producto final?<br \/> Puede hacer cuerda o tela.<br \/> 5. \u00bfEs adecuado para c\u00e1\u00f1amo h\u00famedo y seco?<br \/> S\u00ed, puede<br \/> <img decoding=\"async\" src=\"https:\/\/www.agriculture-machine.com\/wp-content\/uploads\/2018\/07\/hemp-cutter-machine-4.jpg\" alt=\"m\u00e1quina cortadora de c\u00e1\u00f1amo-4\" \/><\/p> <h2>\u00bfPor qu\u00e9 nos eliges?<\/h2> <p>\u00bfPuedes entender por qu\u00e9 nos eliges?<br \/> Esta imagen es del stock de la m\u00e1quina de extracci\u00f3n de fibra de c\u00e1\u00f1amo, y vendemos m\u00e1s de 1000 conjuntos a otros pa\u00edses cada a\u00f1o. Francamente, podemos producir 500 conjuntos mensualmente, satisfaciendo completamente su demanda.<\/p> <\/div>","protected":false},"excerpt":{"rendered":"<p>Brief introduction of hemp decorticator Our hemp cutter machine is to use to extract the fiber of hemp, jute, kenaf, ramie, etc. With two big wheels, the machine is easy to move. The cleaning rate can reach 96% without any damage to the fiber itself. Hemp decorticator is suitable for processing plant fibers of hemp, [&hellip;]<\/p>\n","protected":false},"author":1,"featured_media":0,"parent":0,"comment_status":"closed","ping_status":"closed","template":"","tags":[2618],"product-type":[917,1],"class_list":["post-253","product","type-product","status-publish","hentry","tag-hemp","product-type-hemp-peeling-machine","product-type-other"],"_links":{"self":[{"href":"https:\/\/www.agriculture-machine.com\/es\/wp-json\/wp\/v2\/product\/253","targetHints":{"allow":["GET"]}}],"collection":[{"href":"https:\/\/www.agriculture-machine.com\/es\/wp-json\/wp\/v2\/product"}],"about":[{"href":"https:\/\/www.agriculture-machine.com\/es\/wp-json\/wp\/v2\/types\/product"}],"author":[{"embeddable":true,"href":"https:\/\/www.agriculture-machine.com\/es\/wp-json\/wp\/v2\/users\/1"}],"replies":[{"embeddable":true,"href":"https:\/\/www.agriculture-machine.com\/es\/wp-json\/wp\/v2\/comments?post=253"}],"wp:attachment":[{"href":"https:\/\/www.agriculture-machine.com\/es\/wp-json\/wp\/v2\/media?parent=253"}],"wp:term":[{"taxonomy":"post_tag","embeddable":true,"href":"https:\/\/www.agriculture-machine.com\/es\/wp-json\/wp\/v2\/tags?post=253"},{"taxonomy":"product-type","embeddable":true,"href":"https:\/\/www.agriculture-machine.com\/es\/wp-json\/wp\/v2\/product-type?post=253"}],"curies":[{"name":"wp","href":"https:\/\/api.w.org\/{rel}","templated":true}]}}