{"id":2712,"date":"2019-03-19T21:57:01","date_gmt":"2019-03-19T13:57:01","guid":{"rendered":"https:\/\/www.agriculture-machine.com\/?p=2712"},"modified":"2025-06-19T16:29:05","modified_gmt":"2025-06-19T08:29:05","slug":"rice-wheat-destoner-machine","status":"publish","type":"product","link":"https:\/\/www.agriculture-machine.com\/es\/rice-wheat-destoner-machine\/","title":{"rendered":"M\u00e1quina de despolvoreo de arroz | M\u00e1quina para eliminar impurezas de piedra"},"content":{"rendered":"<p>Con la tecnolog\u00eda de doble n\u00facleo de \u201cclasificaci\u00f3n por gravedad espec\u00edfica   suspensi\u00f3n por flujo de aire\u201d, la m\u00e1quina de despolvoreo de arroz realiza la separaci\u00f3n mediante la diferencia de densidad entre materiales y piedras (la gravedad espec\u00edfica de las piedras es de 2.5-3.0g\/cm\u00b3, mientras que la del arroz es solo 1.1-1.3g\/cm\u00b3). <\/p>    <p>Combinado con una superficie de pantalla inclinada ajustable y un sistema de presi\u00f3n de viento inteligente, esta m\u00e1quina puede procesar eficientemente 1 tonelada de arroz por hora. Se usa principalmente en el procesamiento primario de arroz, trigo y otros granos, y se usa ampliamente en molinos de arroz, dep\u00f3sitos de granos y todo tipo de empresas de procesamiento de granos. <\/p>    <p>Con una estructura compacta, motor de 2.2kW y tasa de despolvoreo \u226595%, la m\u00e1quina de despolvoreo de arroz no solo es f\u00e1cil de operar, sino que tambi\u00e9n tiene un efecto de separaci\u00f3n notable, siendo la opci\u00f3n ideal para mejorar la pureza y eficiencia de producci\u00f3n del arroz.<\/p>    <figure class=\"wp-block-embed aligncenter is-type-video is-provider-youtube wp-block-embed-youtube wp-embed-aspect-16-9 wp-has-aspect-ratio\"><div class=\"wp-block-embed__wrapper\"> <iframe loading=\"lazy\" title=\"m\u00e1quina para eliminar impurezas \/ m\u00e1quina de eliminaci\u00f3n de piedra de arroz \/ eliminar hierba, barro, tallos secos de arroz y trigo\" width=\"500\" height=\"281\" src=\"https:\/\/www.youtube.com\/embed\/-BaB28ndhhc?start=3&#038;feature=oembed\" frameborder=\"0\" allow=\"accelerometer; autoplay; clipboard-write; encrypted-media; gyroscope; picture-in-picture; web-share\" referrerpolicy=\"strict-origin-when-cross-origin\" allowfullscreen><\/iframe> <\/div><figcaption class=\"wp-element-caption\">video de trabajo de la m\u00e1quina de despolvoreo de arroz paddy<\/figcaption><\/figure>    <h2 class=\"wp-block-heading\">Ventajas de la m\u00e1quina de despolvoreo de arroz<\/h2>    <ul class=\"wp-block-list\"> <li>Alta tasa de eliminaci\u00f3n de impurezas: adoptando tecnolog\u00eda avanzada de clasificaci\u00f3n, puede eliminar completamente piedras, grava y otras impurezas para garantizar que el arroz est\u00e9 limpio y libre de materia extra\u00f1a, y mejorar la calidad del producto.<\/li>    <li>Operaci\u00f3n estable: toda la m\u00e1quina tiene una estructura compacta y el sistema de energ\u00eda funciona suavemente, lo que reduce efectivamente la vibraci\u00f3n y el ruido y mejora la fiabilidad del trabajo.<\/li>    <li>Capacidad de procesamiento fuerte: puede procesar aproximadamente 1 tonelada de arroz por hora, lo que es adecuado para plantas de procesamiento de granos peque\u00f1as y medianas para satisfacer la demanda de operaci\u00f3n continua eficiente.<\/li>    <li>F\u00e1cil de operar y ahorrar energ\u00eda: f\u00e1cil de usar, proceso de operaci\u00f3n simple, reduce la intervenci\u00f3n manual, ahorra costos laborales y de energ\u00eda.<\/li> <\/ul>    <figure class=\"wp-block-image aligncenter wp-image-2714\"><img loading=\"lazy\" decoding=\"async\" width=\"750\" height=\"760\" src=\"https:\/\/www.agriculture-machine.com\/wp-content\/uploads\/2019\/03\/rice-destoner-machine-4-1.jpg\" alt=\"m\u00e1quina de removedor de piedras de arroz\" class=\"wp-image-2714\" srcset=\"https:\/\/www.agriculture-machine.com\/wp-content\/uploads\/2019\/03\/rice-destoner-machine-4-1.jpg 750w, https:\/\/www.agriculture-machine.com\/wp-content\/uploads\/2019\/03\/rice-destoner-machine-4-1-266x270.jpg 266w, https:\/\/www.agriculture-machine.com\/wp-content\/uploads\/2019\/03\/rice-destoner-machine-4-1-533x540.jpg 533w\" sizes=\"auto, (max-width: 750px) 100vw, 750px\" \/><figcaption class=\"wp-element-caption\">m\u00e1quina de removedor de piedras de arroz<\/figcaption><\/figure>    <h2 class=\"wp-block-heading\">Par\u00e1metros t\u00e9cnicos de la m\u00e1quina de eliminaci\u00f3n de piedra de arroz<\/h2>    <figure class=\"wp-block-table is-style-stripes\"><table><tbody><tr><td><strong><b>Modelo<\/b><\/strong><\/td><td>SQ50<\/td><\/tr><tr><td>Productividad<\/td><td>1t\/h<\/td><\/tr><tr><td>Potencia<\/td><td>Motor de 2.2kw<\/td><\/tr><tr><td>Dimensi\u00f3n<\/td><td>900*610*320mm<\/td><\/tr><tr><td>N\uff0ePeso<\/td><td>86kg<\/td><\/tr><\/tbody><\/table><figcaption class=\"wp-element-caption\">Datos t\u00e9cnicos del despolvoreador de trigo<\/figcaption><\/figure>    <h2 class=\"wp-block-heading\">Estructura principal de la m\u00e1quina de despolvoreo de arroz<\/h2>    <p>La m\u00e1quina de eliminaci\u00f3n de piedra de trigo consta principalmente de una gran salida de piedra, una salida de impurezas, una salida de arroz limpio, una peque\u00f1a salida de piedra y una tolva de alimentaci\u00f3n de arroz.<\/p>    <figure class=\"wp-block-image aligncenter size-full\"><img loading=\"lazy\" decoding=\"async\" width=\"720\" height=\"540\" src=\"https:\/\/www.agriculture-machine.com\/wp-content\/uploads\/2019\/03\/paddy-rice-stone-removing-machine.webp\" alt=\"M\u00e1quina de eliminaci\u00f3n de piedra de arroz paddy\" class=\"wp-image-17057\" srcset=\"https:\/\/www.agriculture-machine.com\/wp-content\/uploads\/2019\/03\/paddy-rice-stone-removing-machine.webp 720w, https:\/\/www.agriculture-machine.com\/wp-content\/uploads\/2019\/03\/paddy-rice-stone-removing-machine-360x270.webp 360w, https:\/\/www.agriculture-machine.com\/wp-content\/uploads\/2019\/03\/paddy-rice-stone-removing-machine-240x180.webp 240w, https:\/\/www.agriculture-machine.com\/wp-content\/uploads\/2019\/03\/paddy-rice-stone-removing-machine-16x12.webp 16w\" sizes=\"auto, (max-width: 720px) 100vw, 720px\" \/><figcaption class=\"wp-element-caption\">M\u00e1quina de eliminaci\u00f3n de piedra de arroz paddy<\/figcaption><\/figure>    <figure class=\"wp-block-image aligncenter wp-image-5137 size-full\"><img loading=\"lazy\" decoding=\"async\" width=\"720\" height=\"481\" src=\"https:\/\/www.agriculture-machine.com\/wp-content\/uploads\/2019\/03\/rice-destoner-4.jpg\" alt=\" m\u00e1quina de eliminaci\u00f3n de piedra de arroz\" class=\"wp-image-5137\" srcset=\"https:\/\/www.agriculture-machine.com\/wp-content\/uploads\/2019\/03\/rice-destoner-4.jpg 720w, https:\/\/www.agriculture-machine.com\/wp-content\/uploads\/2019\/03\/rice-destoner-4-360x241.jpg 360w\" sizes=\"auto, (max-width: 720px) 100vw, 720px\" \/><figcaption class=\"wp-element-caption\">m\u00e1quina de eliminaci\u00f3n de piedra de arroz<\/figcaption><\/figure>    <figure class=\"wp-block-image aligncenter wp-image-5136 size-full\"><img loading=\"lazy\" decoding=\"async\" width=\"720\" height=\"481\" src=\"https:\/\/www.agriculture-machine.com\/wp-content\/uploads\/2019\/03\/rice-destoner-3.jpg\" alt=\"Pantalla de m\u00e1quina de eliminaci\u00f3n de piedra de arroz\" class=\"wp-image-5136\" srcset=\"https:\/\/www.agriculture-machine.com\/wp-content\/uploads\/2019\/03\/rice-destoner-3.jpg 720w, https:\/\/www.agriculture-machine.com\/wp-content\/uploads\/2019\/03\/rice-destoner-3-360x241.jpg 360w\" sizes=\"auto, (max-width: 720px) 100vw, 720px\" \/><figcaption class=\"wp-element-caption\">Pantalla de m\u00e1quina de eliminaci\u00f3n de piedra de arroz<\/figcaption><\/figure>    <h2 class=\"wp-block-heading\">Principio de funcionamiento de la m\u00e1quina de despolvoreo de arroz<\/h2>    <ol class=\"wp-block-list\"> <li>El operador deja caer el arroz o trigo en una tolva de alimentaci\u00f3n cuando la m\u00e1quina de despolvoreo de arroz en Nigeria comienza a trabajar.<\/li>    <li>El motor de 2.2kw alimenta la m\u00e1quina, por lo que la pantalla el\u00e9ctrica vibra constantemente.<\/li>    <li>La piedra se mueve hacia arriba, mientras que el arroz o trigo corre en la direcci\u00f3n opuesta.<\/li>    <li>Despu\u00e9s de varios minutos, el arroz limpio, las piedras peque\u00f1as, las piedras grandes y otras impurezas salen por diferentes salidas.<\/li> <\/ol>    <figure class=\"wp-block-image aligncenter size-full\"><img loading=\"lazy\" decoding=\"async\" width=\"720\" height=\"540\" src=\"https:\/\/www.agriculture-machine.com\/wp-content\/uploads\/2019\/03\/rice-destoner-machine.webp\" alt=\"m\u00e1quina de removedor de piedras de arroz\" class=\"wp-image-17058\" srcset=\"https:\/\/www.agriculture-machine.com\/wp-content\/uploads\/2019\/03\/rice-destoner-machine.webp 720w, https:\/\/www.agriculture-machine.com\/wp-content\/uploads\/2019\/03\/rice-destoner-machine-360x270.webp 360w, https:\/\/www.agriculture-machine.com\/wp-content\/uploads\/2019\/03\/rice-destoner-machine-240x180.webp 240w, https:\/\/www.agriculture-machine.com\/wp-content\/uploads\/2019\/03\/rice-destoner-machine-16x12.webp 16w\" sizes=\"auto, (max-width: 720px) 100vw, 720px\" \/><figcaption class=\"wp-element-caption\">m\u00e1quina de removedor de piedras de arroz<\/figcaption><\/figure>    <figure class=\"wp-block-image aligncenter wp-image-5139 size-full\"><img loading=\"lazy\" decoding=\"async\" width=\"720\" height=\"480\" src=\"https:\/\/www.agriculture-machine.com\/wp-content\/uploads\/2019\/03\/rice-destoner-6.jpg\" alt=\" m\u00e1quina de eliminaci\u00f3n de piedra de arroz\" class=\"wp-image-5139\" srcset=\"https:\/\/www.agriculture-machine.com\/wp-content\/uploads\/2019\/03\/rice-destoner-6.jpg 720w, https:\/\/www.agriculture-machine.com\/wp-content\/uploads\/2019\/03\/rice-destoner-6-360x240.jpg 360w\" sizes=\"auto, (max-width: 720px) 100vw, 720px\" \/><figcaption class=\"wp-element-caption\">Materia prima de la m\u00e1quina de eliminaci\u00f3n de piedra de arroz<\/figcaption><\/figure>    <h2 class=\"wp-block-heading\">Preocupaci\u00f3n de la m\u00e1quina de despolvoreo de arroz<\/h2>    <ol class=\"wp-block-list\"> <li>Antes de comenzar, se debe verificar la superficie de la pantalla, el ventilador y todos los sujetadores, y rotar manualmente la polea para confirmar que no haya anomal\u00edas antes de poner en marcha la m\u00e1quina.<\/li>    <li>El \u00e1ngulo de inclinaci\u00f3n de la superficie de la pantalla debe mantenerse entre 10\u00b0-13\u00b0, demasiado grande o demasiado peque\u00f1o afectar\u00e1 el efecto de despolvoreo, y se puede ajustar seg\u00fan el contenido de piedras.<\/li>    <li>Debe haber una cantidad adecuada de paddy en la tolva de alimentaci\u00f3n para evitar el impacto directo del paddy en la superficie de la pantalla, lo que afecta el estado de suspensi\u00f3n y la tasa de despolvoreo.<\/li>    <li>El volumen de aire debe ajustarse seg\u00fan el movimiento del paddy en la superficie de la criba, y si la vibraci\u00f3n es demasiado fuerte, significa que el volumen de aire es demasiado grande, y si no flota, significa que el volumen de aire es demasiado peque\u00f1o.<\/li>    <li>La puerta de viento, los conductos de aire y los agujeros de la criba deben mantenerse libres, en caso de obstrucci\u00f3n se pueden limpiar con un cepillo de alambre.<\/li>    <li>El proceso de operaci\u00f3n siempre debe observar si hay piedras en el arroz paddy terminado y ajustar seg\u00fan la situaci\u00f3n.<\/li>    <li>El equipo debe ser revisado regularmente, limpiar los rodamientos y rellenar con aceite lubricante, y despu\u00e9s de la revisi\u00f3n, debe funcionar en vac\u00edo para confirmar que no hay errores.<\/li> <\/ol>    <figure class=\"wp-block-image aligncenter wp-image-5141 size-full\"><img loading=\"lazy\" decoding=\"async\" width=\"720\" height=\"480\" src=\"https:\/\/www.agriculture-machine.com\/wp-content\/uploads\/2019\/03\/rice-destoner-8.jpg\" alt=\"el arroz en flujo de la m\u00e1quina de eliminaci\u00f3n de piedra de arroz\" class=\"wp-image-5141\" srcset=\"https:\/\/www.agriculture-machine.com\/wp-content\/uploads\/2019\/03\/rice-destoner-8.jpg 720w, https:\/\/www.agriculture-machine.com\/wp-content\/uploads\/2019\/03\/rice-destoner-8-360x240.jpg 360w\" sizes=\"auto, (max-width: 720px) 100vw, 720px\" \/><figcaption class=\"wp-element-caption\">el arroz en flujo de la m\u00e1quina de eliminaci\u00f3n de piedra de arroz<\/figcaption><\/figure>    <figure class=\"wp-block-image aligncenter wp-image-5142 size-full\"><img loading=\"lazy\" decoding=\"async\" width=\"720\" height=\"480\" src=\"https:\/\/www.agriculture-machine.com\/wp-content\/uploads\/2019\/03\/rice-destoner-9.jpg\" alt=\"el arroz en flujo de la m\u00e1quina de eliminaci\u00f3n de piedra de arroz\" class=\"wp-image-5142\" srcset=\"https:\/\/www.agriculture-machine.com\/wp-content\/uploads\/2019\/03\/rice-destoner-9.jpg 720w, https:\/\/www.agriculture-machine.com\/wp-content\/uploads\/2019\/03\/rice-destoner-9-360x240.jpg 360w\" sizes=\"auto, (max-width: 720px) 100vw, 720px\" \/><figcaption class=\"wp-element-caption\">el arroz en flujo de la m\u00e1quina de eliminaci\u00f3n de piedra de arroz<\/figcaption><\/figure>    <h2 class=\"wp-block-heading\">Molino de arroz rentable para eliminar piedras<\/h2>    <p>Adem\u00e1s de la m\u00e1quina de despolvoreo separada, tambi\u00e9n ofrecemos m\u00e1quina de despolvoreo y pulido de arroz. Este equipo puede completar la eliminaci\u00f3n de impurezas, despolvoreo y molienda fina del arroz en una sola operaci\u00f3n, lo que mejora en gran medida la eficiencia del procesamiento y ahorra mano de obra y costos de sitio. Bienvenido a ver el video a continuaci\u00f3n.<\/p>    <figure class=\"wp-block-embed aligncenter is-type-video is-provider-youtube wp-block-embed-youtube wp-embed-aspect-16-9 wp-has-aspect-ratio\"><div class=\"wp-block-embed__wrapper\"> <iframe loading=\"lazy\" title=\"Molino de arroz para eliminar piedras | Molino de arroz tradicional y eficiente#molinoarroz #despolvoreo\" width=\"500\" height=\"281\" src=\"https:\/\/www.youtube.com\/embed\/drwuNO_1Jrg?feature=oembed\" frameborder=\"0\" allow=\"accelerometer; autoplay; clipboard-write; encrypted-media; gyroscope; picture-in-picture; web-share\" referrerpolicy=\"strict-origin-when-cross-origin\" allowfullscreen><\/iframe> <\/div><figcaption class=\"wp-element-caption\">Video de trabajo de la m\u00e1quina de eliminaci\u00f3n de piedra y molienda de arroz<\/figcaption><\/figure>    <h2 class=\"wp-block-heading\">Caso de \u00e9xito de la m\u00e1quina de eliminaci\u00f3n de piedra de arroz<\/h2>    <p>Nuestro cliente de Sud\u00e1frica nos encarg\u00f3 500 juegos de m\u00e1quinas de despolvoreo de arroz paddy este a\u00f1o. Hemos cooperado con \u00e9l muchas veces y trabaja para el gobierno local. Por lo tanto, damos gran importancia a esta m\u00e1quina de trigo para satisfacerlo.<\/p>    <p>Terminamos todas las m\u00e1quinas en un mes y las empacamos cuidadosamente en caso de accidentes durante la entrega. Hasta ahora, ha recibido las m\u00e1quinas y nos ha dado buenos comentarios.<\/p>    <figure class=\"wp-block-image aligncenter wp-image-5143 size-full\"><img loading=\"lazy\" decoding=\"async\" width=\"720\" height=\"336\" src=\"https:\/\/www.agriculture-machine.com\/wp-content\/uploads\/2019\/03\/rice-destoner-10.jpg\" alt=\"m\u00e1quina de removedor de piedras de arroz\" class=\"wp-image-5143\" srcset=\"https:\/\/www.agriculture-machine.com\/wp-content\/uploads\/2019\/03\/rice-destoner-10.jpg 720w, https:\/\/www.agriculture-machine.com\/wp-content\/uploads\/2019\/03\/rice-destoner-10-360x168.jpg 360w\" sizes=\"auto, (max-width: 720px) 100vw, 720px\" \/><figcaption class=\"wp-element-caption\">m\u00e1quina de despolvoreo de arroz en la f\u00e1brica<\/figcaption><\/figure>    <h2 class=\"wp-block-heading\">Preguntas frecuentes<\/h2>   <div id=\"rank-math-faq\" class=\"rank-math-block\"> <div class=\"rank-math-list\"> <div id=\"faq-question-1709540476318\" class=\"rank-math-list-item\"> <h3 class=\"rank-math-question\">\u00bfCu\u00e1l es la materia prima de la m\u00e1quina de despolvoreo?<\/h3> <div class=\"rank-math-answer\">  <p class=\"translation-block\">La materia prima es arroz y <a href=\"https:\/\/en.wikipedia.org\/wiki\/Wheat\" target=\"_blank\" rel=\"noopener\">trigo<\/a>.<\/p>  <\/div> <\/div> <div id=\"faq-question-1709540480518\" class=\"rank-math-list-item\"> <h3 class=\"rank-math-question\">\u00bfCu\u00e1l es la tasa de limpieza?<\/h3> <div class=\"rank-math-answer\">  <p>La tasa de limpieza es del 98%, lo que significa que los granos finales est\u00e1n muy limpios.<\/p>  <\/div> <\/div> <div id=\"faq-question-1709540492534\" class=\"rank-math-list-item\"> <h3 class=\"rank-math-question\">\u00bfPor qu\u00e9 el arroz final contiene pocas piedras?<\/h3> <div class=\"rank-math-answer\">  <p>El volumen de viento es peque\u00f1o y debe ajustarse a tiempo.<\/p>  <\/div> <\/div> <\/div> <\/div>   <h2 class=\"wp-block-heading\">Cont\u00e1ctenos en cualquier momento<\/h2>    <p class=\"translation-block\">Si est\u00e1 interesado en nuestra m\u00e1quina de eliminaci\u00f3n de piedra o tiene alguna pregunta relacionada, \u00a1no dude en contactarnos para m\u00e1s informaci\u00f3n! Si est\u00e1 interesado en el procesamiento de arroz, puede consultar nuestro: <a href=\"https:\/\/www.agriculture-machine.com\/es\/rice-milling-plant-machine\/\"><strong><em>Planta de molienda de arroz M\u00e1quina\u4e28L\u00ednea de producci\u00f3n de arroz autom\u00e1tica<\/em><\/strong><\/a>.<\/p>    <p>Le invitamos sinceramente a visitar nuestra f\u00e1brica en persona para presenciar la calidad de nuestros productos y procesos y experimentar el rendimiento real de nuestros productos. \u00a1Esperamos trabajar con usted!<\/p>","protected":false},"excerpt":{"rendered":"<p>La m\u00e1quina de despolvoreo de arroz es un equipo de procesamiento de granos que adopta tecnolog\u00eda de clasificaci\u00f3n por gravedad espec\u00edfica y suspensi\u00f3n por flujo de aire para separar eficientemente arroz y piedras impuras.<\/p>","protected":false},"author":1,"featured_media":2714,"parent":0,"comment_status":"closed","ping_status":"closed","template":"","tags":[796,158],"product-type":[907],"class_list":["post-2712","product","type-product","status-publish","has-post-thumbnail","hentry","tag-rice","tag-wheat","product-type-paddy-rice-destoner"],"_links":{"self":[{"href":"https:\/\/www.agriculture-machine.com\/es\/wp-json\/wp\/v2\/product\/2712","targetHints":{"allow":["GET"]}}],"collection":[{"href":"https:\/\/www.agriculture-machine.com\/es\/wp-json\/wp\/v2\/product"}],"about":[{"href":"https:\/\/www.agriculture-machine.com\/es\/wp-json\/wp\/v2\/types\/product"}],"author":[{"embeddable":true,"href":"https:\/\/www.agriculture-machine.com\/es\/wp-json\/wp\/v2\/users\/1"}],"replies":[{"embeddable":true,"href":"https:\/\/www.agriculture-machine.com\/es\/wp-json\/wp\/v2\/comments?post=2712"}],"wp:featuredmedia":[{"embeddable":true,"href":"https:\/\/www.agriculture-machine.com\/es\/wp-json\/wp\/v2\/media\/2714"}],"wp:attachment":[{"href":"https:\/\/www.agriculture-machine.com\/es\/wp-json\/wp\/v2\/media?parent=2712"}],"wp:term":[{"taxonomy":"post_tag","embeddable":true,"href":"https:\/\/www.agriculture-machine.com\/es\/wp-json\/wp\/v2\/tags?post=2712"},{"taxonomy":"product-type","embeddable":true,"href":"https:\/\/www.agriculture-machine.com\/es\/wp-json\/wp\/v2\/product-type?post=2712"}],"curies":[{"name":"wp","href":"https:\/\/api.w.org\/{rel}","templated":true}]}}