{"id":3286,"date":"2019-04-19T22:57:14","date_gmt":"2019-04-19T14:57:14","guid":{"rendered":"https:\/\/www.agriculture-machine.com\/?p=3286"},"modified":"2024-09-23T11:15:58","modified_gmt":"2024-09-23T03:15:58","slug":"amazing-garden-sprayer-drones-in-agriculture-crop-spraying","status":"publish","type":"product","link":"https:\/\/www.agriculture-machine.com\/es\/amazing-garden-sprayer-drones-in-agriculture-crop-spraying\/","title":{"rendered":"Incre\u00edble pulverizador de jard\u00edn \/ drones en agricultura"},"content":{"rendered":"<p class=\"translation-block\">Es un dise\u00f1o especial<strong> pulverizador de jard\u00edn<\/strong>, y se puede usar para pulverizar agua, pesticidas en la superficie de la planta. Es una buena herramienta para agricultores, y pueden usarla en jardines, tierras agr\u00edcolas y otros campos. La velocidad de pulverizaci\u00f3n de drones en agricultura es de 4-8 m\/s, lo que significa que trabaja con alta eficiencia. El volumen de la caja de pesticidas es de 10L y 16L, y puedes elegir uno seg\u00fan tu necesidad.<\/p> <p><iframe loading=\"lazy\" title=\"mejores drones 2018 \/ dron dji \/ pulverizador de jard\u00edn \/ c\u00f3mo instalar un pulverizador drone\" width=\"500\" height=\"281\" src=\"https:\/\/www.youtube.com\/embed\/QPc56YfjM_A?feature=oembed\" frameborder=\"0\" allow=\"accelerometer; autoplay; clipboard-write; encrypted-media; gyroscope; picture-in-picture; web-share\" referrerpolicy=\"strict-origin-when-cross-origin\" allowfullscreen><\/iframe><\/p> <h2><\/h2> <h2><strong><b>Par\u00e1metro t\u00e9cnico de <\/b><\/strong><strong><b>pulverizador de jard\u00edn<\/b><\/strong><\/h2> <table> <tbody> <tr> <td width=\"189\">Modelo<\/td> <td width=\"189\">3W4-10B<\/td> <td width=\"189\">3W4-16<\/td> <\/tr> <tr> <td width=\"189\">Peso neto<\/td> <td width=\"189\">24.2kg<\/td> <td width=\"189\">27.9<\/td> <\/tr> <tr> <td width=\"189\">El volumen de la caja de pesticidas<\/td> <td width=\"189\">10L<\/td> <td width=\"189\">16L<\/td> <\/tr> <tr> <td width=\"189\">Bomba de l\u00edquido<\/td> <td width=\"189\">Bomba de diafragma<\/td> <td width=\"189\">Bomba de diafragma<\/td> <\/tr> <tr> <td width=\"189\">El n\u00famero de alas<\/td> <td width=\"189\">4<\/td> <td width=\"189\">4<\/td> <\/tr> <tr> <td width=\"189\">Tipo de motor<\/td> <td width=\"189\">Motor sin escobillas de corriente continua<\/td> <td width=\"189\">Motor sin escobillas de corriente continua<\/td> <\/tr> <tr> <td width=\"189\">Motor m\u00e1ximo<\/td> <td width=\"189\">5000w<\/td> <td width=\"189\">5000w<\/td> <\/tr> <tr> <td width=\"189\">Corriente el\u00e9ctrica m\u00e1xima<\/td> <td width=\"189\">65A<\/td> <td width=\"189\">65A<\/td> <\/tr> <tr> <td width=\"189\">Bater\u00eda<\/td> <td width=\"189\">Bater\u00eda de litio<\/td> <td width=\"189\">Bater\u00eda de litio<\/td> <\/tr> <tr> <td width=\"189\">Di\u00e1metro de las alas<\/td> <td width=\"189\">890mm<\/td> <td width=\"189\">890mm<\/td> <\/tr> <tr> <td width=\"189\">Grado a prueba de agua y polvo<\/td> <td width=\"189\">IP56<\/td> <td width=\"189\">IP56<\/td> <\/tr> <tr> <td width=\"189\">Boquillas<\/td> <td width=\"189\">4<\/td> <td width=\"189\">4<\/td> <\/tr> <tr> <td width=\"189\">El volumen de pulverizaci\u00f3n<\/td> <td width=\"189\">600-1600ml\/min<\/td> <td width=\"189\">600-2100ml\/min<\/td> <\/tr> <tr> <td width=\"189\">Velocidad de pulverizaci\u00f3n<\/td> <td width=\"189\">4-8m\/s<\/td> <td width=\"189\">4-8m\/s<\/td> <\/tr> <tr> <td width=\"189\">Ancho de pulverizaci\u00f3n<\/td> <td width=\"189\">4-6m<\/td> <td width=\"189\">4-6m<\/td> <\/tr> <tr> <td width=\"189\">Altura de trabajo<\/td> <td width=\"189\">1-3m<\/td> <td width=\"189\">1-3m<\/td> <\/tr> <tr> <td width=\"189\">Tiempo de pulverizaci\u00f3n sostenible (capacidad)<\/td> <td width=\"189\">M\u00e1s de 10 minutos<\/td> <td width=\"189\">M\u00e1s de 10 minutos<\/td> <\/tr> <tr> <td width=\"189\">Volumen de pulverizaci\u00f3n<\/td> <td width=\"189\">0.6-0.9hm2\/h<\/td> <td width=\"189\">0.9-1.3hm2\/h<\/td> <\/tr> <\/tbody> <\/table> <h2>Pasos de trabajo del pulverizador de jard\u00edn<\/h2> <figure id=\"attachment_3291\" aria-describedby=\"caption-attachment-3291\" style=\"width: 600px\" class=\"wp-caption aligncenter\"><img loading=\"lazy\" decoding=\"async\" class=\"wp-image-3291 size-full\" src=\"https:\/\/www.agriculture-machine.com\/wp-content\/uploads\/2019\/04\/drone-sprayer-4.jpg\" alt=\"pulverizador drone\" width=\"600\" height=\"450\" srcset=\"https:\/\/www.agriculture-machine.com\/wp-content\/uploads\/2019\/04\/drone-sprayer-4.jpg 600w, https:\/\/www.agriculture-machine.com\/wp-content\/uploads\/2019\/04\/drone-sprayer-4-360x270.jpg 360w, https:\/\/www.agriculture-machine.com\/wp-content\/uploads\/2019\/04\/drone-sprayer-4-240x180.jpg 240w\" sizes=\"auto, (max-width: 600px) 100vw, 600px\" \/><figcaption id=\"caption-attachment-3291\" class=\"wp-caption-text\">pulverizador drone<\/figcaption><\/figure> <ol> <li>Primero, instala las cuatro alas del pulverizador de jard\u00edn.<\/li> <li>Agrega el agente espumante.<\/li> <li>Coloca la bater\u00eda que permite que la m\u00e1quina vuele durante 10 minutos.<\/li> <li>La m\u00e1quina se controla mediante control remoto durante la operaci\u00f3n.<\/li> <li>El pesticida puede adherirse al movimiento de ida y vuelta de la planta, eliminando efectivamente las plagas.<\/li> <\/ol> <figure id=\"attachment_3288\" aria-describedby=\"caption-attachment-3288\" style=\"width: 600px\" class=\"wp-caption aligncenter\"><img loading=\"lazy\" decoding=\"async\" class=\"wp-image-3288 size-full\" src=\"https:\/\/www.agriculture-machine.com\/wp-content\/uploads\/2019\/04\/drone-sprayer-1.jpg\" alt=\"pulverizador de jard\u00edn\" width=\"600\" height=\"450\" srcset=\"https:\/\/www.agriculture-machine.com\/wp-content\/uploads\/2019\/04\/drone-sprayer-1.jpg 600w, https:\/\/www.agriculture-machine.com\/wp-content\/uploads\/2019\/04\/drone-sprayer-1-360x270.jpg 360w, https:\/\/www.agriculture-machine.com\/wp-content\/uploads\/2019\/04\/drone-sprayer-1-240x180.jpg 240w\" sizes=\"auto, (max-width: 600px) 100vw, 600px\" \/><figcaption id=\"caption-attachment-3288\" class=\"wp-caption-text\">pulverizador de jard\u00edn<\/figcaption><\/figure> <h2>Imagen detallada del pulverizador de jard\u00edn<\/h2> <figure id=\"attachment_3295\" aria-describedby=\"caption-attachment-3295\" style=\"width: 600px\" class=\"wp-caption aligncenter\"><img loading=\"lazy\" decoding=\"async\" class=\"wp-image-3295 size-full\" src=\"https:\/\/www.agriculture-machine.com\/wp-content\/uploads\/2019\/04\/drone-sprayer-8.jpg\" alt=\"ala del pulverizador agr\u00edcola\" width=\"600\" height=\"450\" srcset=\"https:\/\/www.agriculture-machine.com\/wp-content\/uploads\/2019\/04\/drone-sprayer-8.jpg 600w, https:\/\/www.agriculture-machine.com\/wp-content\/uploads\/2019\/04\/drone-sprayer-8-360x270.jpg 360w, https:\/\/www.agriculture-machine.com\/wp-content\/uploads\/2019\/04\/drone-sprayer-8-240x180.jpg 240w\" sizes=\"auto, (max-width: 600px) 100vw, 600px\" \/><figcaption id=\"caption-attachment-3295\" class=\"wp-caption-text\">ala del pulverizador agr\u00edcola<\/figcaption><\/figure> <figure id=\"attachment_3294\" aria-describedby=\"caption-attachment-3294\" style=\"width: 600px\" class=\"wp-caption aligncenter\"><img loading=\"lazy\" decoding=\"async\" class=\"wp-image-3294 size-full\" src=\"https:\/\/www.agriculture-machine.com\/wp-content\/uploads\/2019\/04\/drone-sprayer-7.jpg\" alt=\"m\u00e1quina de pulverizaci\u00f3n de jard\u00edn\" width=\"600\" height=\"450\" srcset=\"https:\/\/www.agriculture-machine.com\/wp-content\/uploads\/2019\/04\/drone-sprayer-7.jpg 600w, https:\/\/www.agriculture-machine.com\/wp-content\/uploads\/2019\/04\/drone-sprayer-7-360x270.jpg 360w, https:\/\/www.agriculture-machine.com\/wp-content\/uploads\/2019\/04\/drone-sprayer-7-240x180.jpg 240w\" sizes=\"auto, (max-width: 600px) 100vw, 600px\" \/><figcaption id=\"caption-attachment-3294\" class=\"wp-caption-text\">boquilla de pulverizaci\u00f3n de jard\u00edn<\/figcaption><\/figure> <figure id=\"attachment_3293\" aria-describedby=\"caption-attachment-3293\" style=\"width: 600px\" class=\"wp-caption aligncenter\"><img loading=\"lazy\" decoding=\"async\" class=\"wp-image-3293 size-full\" src=\"https:\/\/www.agriculture-machine.com\/wp-content\/uploads\/2019\/04\/drone-sprayer-6.jpg\" alt=\"boquilla de pulverizaci\u00f3n de jard\u00edn\" width=\"600\" height=\"450\" srcset=\"https:\/\/www.agriculture-machine.com\/wp-content\/uploads\/2019\/04\/drone-sprayer-6.jpg 600w, https:\/\/www.agriculture-machine.com\/wp-content\/uploads\/2019\/04\/drone-sprayer-6-360x270.jpg 360w, https:\/\/www.agriculture-machine.com\/wp-content\/uploads\/2019\/04\/drone-sprayer-6-240x180.jpg 240w\" sizes=\"auto, (max-width: 600px) 100vw, 600px\" \/><figcaption id=\"caption-attachment-3293\" class=\"wp-caption-text\">boquilla de pulverizaci\u00f3n de jard\u00edn<\/figcaption><\/figure> <figure id=\"attachment_3292\" aria-describedby=\"caption-attachment-3292\" style=\"width: 600px\" class=\"wp-caption aligncenter\"><img loading=\"lazy\" decoding=\"async\" class=\"wp-image-3292 size-full\" src=\"https:\/\/www.agriculture-machine.com\/wp-content\/uploads\/2019\/04\/drone-sprayer-5.jpg\" alt=\"parte de la m\u00e1quina de pulverizaci\u00f3n\" width=\"600\" height=\"450\" srcset=\"https:\/\/www.agriculture-machine.com\/wp-content\/uploads\/2019\/04\/drone-sprayer-5.jpg 600w, https:\/\/www.agriculture-machine.com\/wp-content\/uploads\/2019\/04\/drone-sprayer-5-360x270.jpg 360w, https:\/\/www.agriculture-machine.com\/wp-content\/uploads\/2019\/04\/drone-sprayer-5-240x180.jpg 240w\" sizes=\"auto, (max-width: 600px) 100vw, 600px\" \/><figcaption id=\"caption-attachment-3292\" class=\"wp-caption-text\">parte de la m\u00e1quina de pulverizaci\u00f3n<\/figcaption><\/figure> <h2>Amplia aplicaci\u00f3n del pulverizador de jard\u00edn<\/h2> <p>El dron de pulverizaci\u00f3n de cultivos no solo se aplica a la agricultura, sino que tambi\u00e9n puede usarse en los siguientes campos.<\/p> <p>1. Energ\u00eda el\u00e9ctrica.<\/p> <p>2. El tr\u00e1fico.<\/p> <p>3. Conservaci\u00f3n del agua<\/p> <p>4. La seguridad p\u00fablica ante el terrorismo.<\/p> <figure id=\"attachment_3296\" aria-describedby=\"caption-attachment-3296\" style=\"width: 600px\" class=\"wp-caption aligncenter\"><img loading=\"lazy\" decoding=\"async\" class=\"wp-image-3296 size-full\" src=\"https:\/\/www.agriculture-machine.com\/wp-content\/uploads\/2019\/04\/drone-sprayer-9.jpg\" alt=\"m\u00e1quina de pulverizaci\u00f3n\" width=\"600\" height=\"450\" srcset=\"https:\/\/www.agriculture-machine.com\/wp-content\/uploads\/2019\/04\/drone-sprayer-9.jpg 600w, https:\/\/www.agriculture-machine.com\/wp-content\/uploads\/2019\/04\/drone-sprayer-9-360x270.jpg 360w, https:\/\/www.agriculture-machine.com\/wp-content\/uploads\/2019\/04\/drone-sprayer-9-240x180.jpg 240w\" sizes=\"auto, (max-width: 600px) 100vw, 600px\" \/><figcaption id=\"caption-attachment-3296\" class=\"wp-caption-text\">m\u00e1quina de pulverizaci\u00f3n<\/figcaption><\/figure> <h2>Ventaja del pulverizador de jard\u00edn<\/h2> <p>1. La m\u00e1quina de pulverizaci\u00f3n de cultivos puede pulverizar pesticidas mediante control remoto, lo que es seguro y ahorra mano de obra.<\/p> <p>2. Comparado con los m\u00e9todos tradicionales de pulverizaci\u00f3n, las personas no necesitan tocar directamente el pesticida, disminuyendo efectivamente el da\u00f1o del pesticida al cuerpo humano.<\/p> <p>3. La eficiencia de trabajo del pulverizador de cultivos UAV es 30 veces m\u00e1s eficiente que la pulverizaci\u00f3n manual.<\/p> <p>4. Adoptando atomizaci\u00f3n de alta eficiencia y pulverizaci\u00f3n de microgotas, este pulverizador drone puede mejorar completamente la utilizaci\u00f3n del pesticida.<\/p> <p>5. El rotor produce un flujo descendente, que aumenta la penetraci\u00f3n del flujo de niebla en el cultivo, logrando un buen efecto de control.<\/p> <figure id=\"attachment_3290\" aria-describedby=\"caption-attachment-3290\" style=\"width: 600px\" class=\"wp-caption aligncenter\"><img loading=\"lazy\" decoding=\"async\" class=\"wp-image-3290 size-full\" src=\"https:\/\/www.agriculture-machine.com\/wp-content\/uploads\/2019\/04\/drone-sprayer-3.jpg\" alt=\"pantalla de pulverizador agr\u00edcola\" width=\"600\" height=\"450\" srcset=\"https:\/\/www.agriculture-machine.com\/wp-content\/uploads\/2019\/04\/drone-sprayer-3.jpg 600w, https:\/\/www.agriculture-machine.com\/wp-content\/uploads\/2019\/04\/drone-sprayer-3-360x270.jpg 360w, https:\/\/www.agriculture-machine.com\/wp-content\/uploads\/2019\/04\/drone-sprayer-3-240x180.jpg 240w\" sizes=\"auto, (max-width: 600px) 100vw, 600px\" \/><figcaption id=\"caption-attachment-3290\" class=\"wp-caption-text\">pantalla de pulverizador agr\u00edcola<\/figcaption><\/figure> <h2>\u00bfPor qu\u00e9 necesitas un pulverizador de jard\u00edn?<\/h2> <p>China es un pa\u00eds en gran medida agr\u00edcola, que ocupa 3 millones de acres de tierra agr\u00edcola b\u00e1sica, lo que requiere una gran cantidad de pulverizadores de cultivos cada a\u00f1o. Desafortunadamente, hay m\u00e1s de 100,000 accidentes por intoxicaci\u00f3n por pesticidas en China anualmente, y la tasa de mortalidad alcanza el 20%. No hay estad\u00edsticas oficiales sobre el n\u00famero de muertes causadas por residuos de pesticidas y contaminaci\u00f3n, lo cual debe ser una cifra sorprendente.<\/p> <p>Los drones de pulverizaci\u00f3n agr\u00edcola controlados a distancia producidos por nuestra empresa pueden cargar de 10 a 17 kg de pesticidas y pulverizarlos a baja altitud. Este | mejor pulverizador de jard\u00edn | puede pulverizar completamente 20 acres de tierra en menos de 10 minutos, y es adecuado para campos como arrozales y campos inclinados donde es dif\u00edcil trabajar para las personas.<\/p> <p class=\"translation-block\">La eficiencia de pulverizaci\u00f3n del <strong>pulverizador de jard\u00edn<\/strong> es 30 veces mayor que la del trabajo tradicional. El flujo descendente generado por el rotor ayuda a aumentar la penetraci\u00f3n del flujo de niebla en el cultivo, y el efecto de control es bueno. Al mismo tiempo, la manipulaci\u00f3n a larga distancia mejora en gran medida la seguridad de la pulverizaci\u00f3n de pesticidas.<\/p> <figure id=\"attachment_3289\" aria-describedby=\"caption-attachment-3289\" style=\"width: 600px\" class=\"wp-caption aligncenter\"><img loading=\"lazy\" decoding=\"async\" class=\"wp-image-3289 size-full\" src=\"https:\/\/www.agriculture-machine.com\/wp-content\/uploads\/2019\/04\/drone-sprayer-2.jpg\" alt=\"pulverizador agr\u00edcola\" width=\"600\" height=\"450\" srcset=\"https:\/\/www.agriculture-machine.com\/wp-content\/uploads\/2019\/04\/drone-sprayer-2.jpg 600w, https:\/\/www.agriculture-machine.com\/wp-content\/uploads\/2019\/04\/drone-sprayer-2-360x270.jpg 360w, https:\/\/www.agriculture-machine.com\/wp-content\/uploads\/2019\/04\/drone-sprayer-2-240x180.jpg 240w\" sizes=\"auto, (max-width: 600px) 100vw, 600px\" \/><figcaption id=\"caption-attachment-3289\" class=\"wp-caption-text\">pulverizador agr\u00edcola<\/figcaption><\/figure> <h2>Preguntas frecuentes<\/h2> <ol> <li>\u00bfEs seguro el pulverizador de jard\u00edn durante la operaci\u00f3n?<\/li> <\/ol> <p>S\u00ed, por supuesto, hemos realizado muchas pruebas para garantizar un funcionamiento seguro.<\/p> <ol start=\"2\"> <li>\u00bfPuede el pesticida pulverizado por este pulverizador de cultivos eliminar completamente todas las plagas?<\/li> <\/ol> <p>El 99% de las plagas puede ser completamente eliminado.<\/p> <ol start=\"3\"> <li>\u00bfNecesito capacitaci\u00f3n si compro este dron agr\u00edcola para pulverizaci\u00f3n?<\/li> <\/ol> <p>Para garantizar un uso seguro, es necesario que vengas a nuestra f\u00e1brica para recibir capacitaci\u00f3n durante casi 5 d\u00edas.<\/p> <ol start=\"4\"> <li>\u00bfPuedo controlar la altura del pulverizador?<\/li> <\/ol> <p>S\u00ed, puedes hacerlo mediante control remoto.<\/p> <ol start=\"5\"> <li>\u00bfCu\u00e1l es el rango de altura de vuelo?<\/li> <\/ol> <p>Est\u00e1 dentro de 1-3 m.<\/p>","protected":false},"excerpt":{"rendered":"<p>It is a special design garden sprayer,and it can be used to spray water, pesticide to the surface of the plant. It is a good tool for farmers, and they can use it for gardens, farmlands and other fields. The spraying speed of drones in agriculture is 4-8m\/s, which means it works with high efficiency. [&hellip;]<\/p>\n","protected":false},"author":1,"featured_media":3297,"parent":0,"comment_status":"closed","ping_status":"closed","template":"","tags":[136],"product-type":[920,1],"class_list":["post-3286","product","type-product","status-publish","has-post-thumbnail","hentry","tag-sprayer","product-type-drone-sprayer","product-type-other"],"_links":{"self":[{"href":"https:\/\/www.agriculture-machine.com\/es\/wp-json\/wp\/v2\/product\/3286","targetHints":{"allow":["GET"]}}],"collection":[{"href":"https:\/\/www.agriculture-machine.com\/es\/wp-json\/wp\/v2\/product"}],"about":[{"href":"https:\/\/www.agriculture-machine.com\/es\/wp-json\/wp\/v2\/types\/product"}],"author":[{"embeddable":true,"href":"https:\/\/www.agriculture-machine.com\/es\/wp-json\/wp\/v2\/users\/1"}],"replies":[{"embeddable":true,"href":"https:\/\/www.agriculture-machine.com\/es\/wp-json\/wp\/v2\/comments?post=3286"}],"wp:featuredmedia":[{"embeddable":true,"href":"https:\/\/www.agriculture-machine.com\/es\/wp-json\/wp\/v2\/media\/3297"}],"wp:attachment":[{"href":"https:\/\/www.agriculture-machine.com\/es\/wp-json\/wp\/v2\/media?parent=3286"}],"wp:term":[{"taxonomy":"post_tag","embeddable":true,"href":"https:\/\/www.agriculture-machine.com\/es\/wp-json\/wp\/v2\/tags?post=3286"},{"taxonomy":"product-type","embeddable":true,"href":"https:\/\/www.agriculture-machine.com\/es\/wp-json\/wp\/v2\/product-type?post=3286"}],"curies":[{"name":"wp","href":"https:\/\/api.w.org\/{rel}","templated":true}]}}