{"id":3374,"date":"2019-04-28T03:32:40","date_gmt":"2019-04-27T19:32:40","guid":{"rendered":"https:\/\/www.agriculture-machine.com\/?p=3374"},"modified":"2026-02-27T17:12:18","modified_gmt":"2026-02-27T09:12:18","slug":"big-size-corn-sheller-machine-for-sale-corn-thresher-shelling-corn-maize","status":"publish","type":"product","link":"https:\/\/www.agriculture-machine.com\/es\/big-size-corn-sheller-machine-for-sale-corn-thresher-shelling-corn-maize\/","title":{"rendered":"Gran m\u00e1quina descascarilladora de ma\u00edz en venta | Trilladora de ma\u00edz | descascarillado de ma\u00edz y ma\u00edz."},"content":{"rendered":"<p class=\"translation-block\">Esta es una m\u00e1quina de descascarillado de tama\u00f1o s\u00faper  y una m\u00e1quina puede servir para toda una aldea, compatible con tractor de 28-35 hp, por lo que es f\u00e1cil de operar.<\/p>   <p><iframe loading=\"lazy\" title=\"M\u00e1quina de pelado y trilla de ma\u00edz de tama\u00f1o ultra grande con capacidad de 12 toneladas por hora.\" width=\"500\" height=\"281\" src=\"https:\/\/www.youtube.com\/embed\/x3JAf3rrtdA?start=31&#038;feature=oembed\" frameborder=\"0\" allow=\"accelerometer; autoplay; clipboard-write; encrypted-media; gyroscope; picture-in-picture; web-share\" referrerpolicy=\"strict-origin-when-cross-origin\" allowfullscreen><\/iframe><\/p>    <h2 class=\"wp-block-heading\"><strong><b>&nbsp;<\/b><\/strong><strong><b>Estructura principal de <\/b><\/strong>trilladora de ma\u00edz<\/h2>    <p>Esta m\u00e1quina de descascarillar ma\u00edz\u00a0est\u00e1 compuesta principalmente por la parte de recolecci\u00f3n, parte de transporte, parte de trilla, parte de separaci\u00f3n y limpieza y parte auxiliar.<\/p>    <ul class=\"wp-block-list\"> <li>Parte de recolecci\u00f3n: recolecta las mazorcas de ma\u00edz que inicialmente se airean.<\/li>    <li>Parte de transporte: transporta el mazorquero de ma\u00edz recolectado a la parte de trilla.<\/li>    <li>Parte de trilla: separa los granos de ma\u00edz y las mazorcas de ma\u00edz.<\/li>    <li>Parte de separaci\u00f3n y limpieza: separa\u00a0otras impurezas dentro de los granos de ma\u00edz\u00a0de nuevo.<\/li>    <li>Parte auxiliar: incluye dispositivos de embrague, dispositivos de transmisi\u00f3n, dispositivos de seguridad, etc.<\/li> <\/ul>    <figure class=\"wp-block-image aligncenter wp-image-6501 size-full\"><img loading=\"lazy\" decoding=\"async\" width=\"750\" height=\"792\" src=\"https:\/\/www.agriculture-machine.com\/wp-content\/uploads\/2019\/04\/corn-sheller.jpg\" alt=\"m\u00e1quina de descascarar ma\u00edz\" class=\"wp-image-6501\" srcset=\"https:\/\/www.agriculture-machine.com\/wp-content\/uploads\/2019\/04\/corn-sheller.jpg 750w, https:\/\/www.agriculture-machine.com\/wp-content\/uploads\/2019\/04\/corn-sheller-256x270.jpg 256w, https:\/\/www.agriculture-machine.com\/wp-content\/uploads\/2019\/04\/corn-sheller-511x540.jpg 511w\" sizes=\"auto, (max-width: 750px) 100vw, 750px\" \/><figcaption class=\"wp-element-caption\">m\u00e1quina de descascarar ma\u00edz<\/figcaption><\/figure>    <figure class=\"wp-block-image aligncenter wp-image-3376\"><img loading=\"lazy\" decoding=\"async\" width=\"760\" height=\"760\" src=\"https:\/\/www.agriculture-machine.com\/wp-content\/uploads\/2019\/04\/1-1.jpg\" alt=\"trilladora de ma\u00edz\" class=\"wp-image-3376\" srcset=\"https:\/\/www.agriculture-machine.com\/wp-content\/uploads\/2019\/04\/1-1.jpg 760w, https:\/\/www.agriculture-machine.com\/wp-content\/uploads\/2019\/04\/1-1-270x270.jpg 270w, https:\/\/www.agriculture-machine.com\/wp-content\/uploads\/2019\/04\/1-1-540x540.jpg 540w\" sizes=\"auto, (max-width: 760px) 100vw, 760px\" \/><figcaption class=\"wp-element-caption\">trilladora de ma\u00edz<\/figcaption><\/figure>    <h2 class=\"wp-block-heading\">Par\u00e1metro t\u00e9cnico de la m\u00e1quina descascaradora de ma\u00edz<\/h2>    <figure class=\"wp-block-table\"><table class=\"has-fixed-layout\"><tbody><tr><td>Modelo<\/td><td>9TY-900<\/td><\/tr><tr><td>Potencia<\/td><td>Tractor de 28-35 hp<\/td><\/tr><tr><td>Capacidad<\/td><td>10-12 t\/h.<\/td><\/tr><tr><td>Peso<\/td><td>2000kg<\/td><\/tr><tr><td>Tama\u00f1o<\/td><td>5500*1550*2100 mm<\/td><\/tr><\/tbody><\/table><\/figure>    <h2 class=\"wp-block-heading\">Ventaja de la m\u00e1quina descascaradora de ma\u00edz<\/h2>    <ol class=\"wp-block-list\"> <li>Tiene un tolva de alimentaci\u00f3n autom\u00e1tica, mejorando la eficiencia de trabajo.<\/li>    <li>Alta capacidad. Su capacidad es de 10-12 t\/h.<\/li>    <li>El usuario puede sentarse para operar, ahorrando mucha energ\u00eda.<\/li>    <li>La salida en la parte trasera de la m\u00e1quina siempre conecta una bolsa grande que evita que el polvo y otras impurezas vuelen por el aire.<\/li>    <li>La parte vibratoria puede separar completamente los granos de ma\u00edz de las mazorcas trituradas que caen desde la direcci\u00f3n opuesta.<\/li>    <li>Un dise\u00f1o especial, dos salidas para descargar las mazorcas trituradas, mejora mucho la tasa de limpieza.<\/li>    <li>Hay una peque\u00f1a salida para descargar part\u00edculas de ma\u00edz triturado que se puede usar para alimentar animales.<\/li> <\/ol>    <figure class=\"wp-block-image alignnone wp-image-6502 size-full\"><img loading=\"lazy\" decoding=\"async\" width=\"750\" height=\"1467\" src=\"https:\/\/www.agriculture-machine.com\/wp-content\/uploads\/2019\/04\/corn-shelling-machine-.jpg\" alt=\"M\u00e1quina descascaradora de ma\u00edz\" class=\"wp-image-6502\" srcset=\"https:\/\/www.agriculture-machine.com\/wp-content\/uploads\/2019\/04\/corn-shelling-machine-.jpg 750w, https:\/\/www.agriculture-machine.com\/wp-content\/uploads\/2019\/04\/corn-shelling-machine--138x270.jpg 138w, https:\/\/www.agriculture-machine.com\/wp-content\/uploads\/2019\/04\/corn-shelling-machine--276x540.jpg 276w\" sizes=\"auto, (max-width: 750px) 100vw, 750px\" \/><figcaption class=\"wp-element-caption\">M\u00e1quina descascaradora de ma\u00edz<\/figcaption><\/figure>    <h2 class=\"wp-block-heading\">Preguntas frecuentes sobre la m\u00e1quina descascaradora de ma\u00edz<\/h2>   <div id=\"rank-math-faq\" class=\"rank-math-block\"> <div class=\"rank-math-list\"> <div id=\"faq-question-1772096703108\" class=\"rank-math-list-item\"> <h3 class=\"rank-math-question\">\u00bfNecesito un tractor?<\/h3> <div class=\"rank-math-answer\">  <p>S\u00ed, por supuesto, tractor de 28-35 hp.<\/p>  <\/div> <\/div> <div id=\"faq-question-1772096710749\" class=\"rank-math-list-item\"> <h3 class=\"rank-math-question\">\u00bfCu\u00e1l es la capacidad de esta trilladora de ma\u00edz?<\/h3> <div class=\"rank-math-answer\">  <p>10-12t\/h.<\/p>  <\/div> <\/div> <div id=\"faq-question-1772096728053\" class=\"rank-math-list-item\"> <h3 class=\"rank-math-question\">\u00bfEsta m\u00e1quina de descascarillar ma\u00edz es solo para ma\u00edz?<\/h3> <div class=\"rank-math-answer\">  <p>S\u00ed, solo es para trillar ma\u00edz.<\/p>  <\/div> <\/div> <div id=\"faq-question-1772096736518\" class=\"rank-math-list-item\"> <h3 class=\"rank-math-question\">\u00bfTienes otros? <a href=\"https:\/\/www.agriculture-machine.com\/es\/maize-sheller\/\"><strong>Descascarilladora de ma\u00edz de tama\u00f1o peque\u00f1o.<\/strong><\/a>?<\/h3> <div class=\"rank-math-answer\">  <p>S\u00ed, por supuesto, tambi\u00e9n tenemos otros tipos de m\u00e1quinas de descascarillado de ma\u00edz.<\/p>  <\/div> <\/div> <\/div> <\/div>","protected":false},"excerpt":{"rendered":"<p>Esta es una m\u00e1quina descascaradora de ma\u00edz de tama\u00f1o s\u00faper grande y una m\u00e1quina puede servir para toda una aldea, en combinaci\u00f3n con tractor de 28-35 hp, por lo que es f\u00e1cil de operar.<\/p>","protected":false},"author":1,"featured_media":3383,"parent":0,"comment_status":"closed","ping_status":"closed","template":"","tags":[2619],"product-type":[893],"class_list":["post-3374","product","type-product","status-publish","has-post-thumbnail","hentry","tag-sheller","product-type-corn-thresher"],"_links":{"self":[{"href":"https:\/\/www.agriculture-machine.com\/es\/wp-json\/wp\/v2\/product\/3374","targetHints":{"allow":["GET"]}}],"collection":[{"href":"https:\/\/www.agriculture-machine.com\/es\/wp-json\/wp\/v2\/product"}],"about":[{"href":"https:\/\/www.agriculture-machine.com\/es\/wp-json\/wp\/v2\/types\/product"}],"author":[{"embeddable":true,"href":"https:\/\/www.agriculture-machine.com\/es\/wp-json\/wp\/v2\/users\/1"}],"replies":[{"embeddable":true,"href":"https:\/\/www.agriculture-machine.com\/es\/wp-json\/wp\/v2\/comments?post=3374"}],"wp:featuredmedia":[{"embeddable":true,"href":"https:\/\/www.agriculture-machine.com\/es\/wp-json\/wp\/v2\/media\/3383"}],"wp:attachment":[{"href":"https:\/\/www.agriculture-machine.com\/es\/wp-json\/wp\/v2\/media?parent=3374"}],"wp:term":[{"taxonomy":"post_tag","embeddable":true,"href":"https:\/\/www.agriculture-machine.com\/es\/wp-json\/wp\/v2\/tags?post=3374"},{"taxonomy":"product-type","embeddable":true,"href":"https:\/\/www.agriculture-machine.com\/es\/wp-json\/wp\/v2\/product-type?post=3374"}],"curies":[{"name":"wp","href":"https:\/\/api.w.org\/{rel}","templated":true}]}}