{"id":3502,"date":"2019-05-04T05:53:46","date_gmt":"2019-05-03T21:53:46","guid":{"rendered":"https:\/\/www.agriculture-machine.com\/?p=3502"},"modified":"2024-09-23T11:25:52","modified_gmt":"2024-09-23T03:25:52","slug":"high-capacity-beans-peeling-peeler-machine","status":"publish","type":"product","link":"https:\/\/www.agriculture-machine.com\/es\/high-capacity-beans-peeling-peeler-machine\/","title":{"rendered":"M\u00e1quina de pelar frijoles de alta capacidad"},"content":{"rendered":"<p class=\"translation-block\">La serie TK-300 <a href=\"https:\/\/www.agriculture-machine.com\/es\/bean-peeling-machine-green-bean-peeler\/\"><strong>m\u00e1quina peladora de frijoles<\/strong><\/a> es un producto nuevo dise\u00f1ado por nuestra f\u00e1brica, y es adecuada para pelar habas, soja, guisantes, etc. <\/p>    <p>Esta m\u00e1quina adopta una placa de molienda especial para pelar la piel, y la separaci\u00f3n se puede ajustar seg\u00fan el tama\u00f1o del frijol, ampliando la vida \u00fatil y ofreciendo un excelente efecto de pelado.<\/p>    <p>Al mismo tiempo, el cernidor se usa para separar la piel del frijol y el n\u00facleo del frijol. Esto no solo reduce la tasa de rotura, sino que tambi\u00e9n mejora la calidad del producto terminado.<\/p>    <figure class=\"wp-block-image aligncenter is-resized\"><img loading=\"lazy\" decoding=\"async\" width=\"600\" height=\"500\" src=\"https:\/\/www.agriculture-machine.com\/wp-content\/uploads\/2019\/05\/beans-peeling-machine-2.jpg\" alt=\"\" class=\"wp-image-3504\" srcset=\"https:\/\/www.agriculture-machine.com\/wp-content\/uploads\/2019\/05\/beans-peeling-machine-2.jpg 600w, https:\/\/www.agriculture-machine.com\/wp-content\/uploads\/2019\/05\/beans-peeling-machine-2-324x270.jpg 324w\" sizes=\"auto, (max-width: 600px) 100vw, 600px\" \/><\/figure>    <figure class=\"wp-block-image aligncenter\"><img loading=\"lazy\" decoding=\"async\" width=\"600\" height=\"500\" src=\"https:\/\/www.agriculture-machine.com\/wp-content\/uploads\/2019\/05\/beans-peeling-machine-1.jpg\" alt=\"\" class=\"wp-image-3503\" srcset=\"https:\/\/www.agriculture-machine.com\/wp-content\/uploads\/2019\/05\/beans-peeling-machine-1.jpg 600w, https:\/\/www.agriculture-machine.com\/wp-content\/uploads\/2019\/05\/beans-peeling-machine-1-324x270.jpg 324w\" sizes=\"auto, (max-width: 600px) 100vw, 600px\" \/><\/figure>    <h2 class=\"wp-block-heading\" id=\"h-technical-parameter-of-beans-peeling-machine\">Par\u00e1metros t\u00e9cnicos de la m\u00e1quina peladora de frijoles<\/h2>    <figure class=\"wp-block-table is-style-stripes\"><table><tbody><tr><td>Potencia<\/td><td>Motor de 0.55-1.5kw<\/td><\/tr><tr><td>Di\u00e1metro del disco<\/td><td>300mm<\/td><\/tr><tr><td>Tasa de pelado<\/td><td>95%-98%<\/td><\/tr><tr><td>Tasa de separaci\u00f3n<\/td><td>95% -98%<\/td><\/tr><tr><td>Capacidad<\/td><td>200-300kg\/h<\/td><\/tr><tr><td>Peso neto<\/td><td>150KG<\/td><\/tr><tr><td>Tama\u00f1o<\/td><td>400*1400*1300mm<\/td><\/tr><\/tbody><\/table><figcaption class=\"wp-element-caption\">Datos t\u00e9cnicos de la m\u00e1quina peladora de frijoles<\/figcaption><\/figure>    <h2 class=\"wp-block-heading\" id=\"h-working-principle-of-beans-peeling-machine\">Principio de funcionamiento de la m\u00e1quina peladora de frijoles<\/h2>    <p>Los frijoles se quitan la piel mediante la placa de molienda. La mezcla de n\u00facleo y piel entra en el filtro para eliminar otros polvos que son aspirados por el ventilador posteriormente.<\/p>    <figure class=\"wp-block-image aligncenter\"><img loading=\"lazy\" decoding=\"async\" width=\"600\" height=\"500\" src=\"https:\/\/www.agriculture-machine.com\/wp-content\/uploads\/2019\/05\/beans-peeling-machine-3.jpg\" alt=\"\" class=\"wp-image-3505\" srcset=\"https:\/\/www.agriculture-machine.com\/wp-content\/uploads\/2019\/05\/beans-peeling-machine-3.jpg 600w, https:\/\/www.agriculture-machine.com\/wp-content\/uploads\/2019\/05\/beans-peeling-machine-3-324x270.jpg 324w\" sizes=\"auto, (max-width: 600px) 100vw, 600px\" \/><\/figure>    <h2 class=\"wp-block-heading\" id=\"h-advantage-of-beans-peeling-machine\">Ventaja de la m\u00e1quina peladora de frijoles<\/h2>    <p>1. Alta tasa de pelado y tasa de separaci\u00f3n. Ambas son del 95%-98%.<br>2. La separaci\u00f3n se puede ajustar seg\u00fan el tama\u00f1o de las materias primas.<br>3. Una m\u00e1quina peladora de frijoles puede dividir uniformemente los frijoles por la mitad, sin disminuir su nutrici\u00f3n.<br>4. Los frijoles pelados tienen un sabor m\u00e1s delicioso, ampliamente utilizados en la industria de procesamiento de alimentos.<br>5. No hay frijoles rotos despu\u00e9s del pelado.<\/p>    <figure class=\"wp-block-image aligncenter\"><img loading=\"lazy\" decoding=\"async\" width=\"600\" height=\"500\" src=\"https:\/\/www.agriculture-machine.com\/wp-content\/uploads\/2019\/05\/beans-peeling-machine-4.jpg\" alt=\"\" class=\"wp-image-3506\" srcset=\"https:\/\/www.agriculture-machine.com\/wp-content\/uploads\/2019\/05\/beans-peeling-machine-4.jpg 600w, https:\/\/www.agriculture-machine.com\/wp-content\/uploads\/2019\/05\/beans-peeling-machine-4-324x270.jpg 324w\" sizes=\"auto, (max-width: 600px) 100vw, 600px\" \/><\/figure>    <h2 class=\"wp-block-heading\" id=\"h-common-malfunction-and-related-solutions-beans-peeling-machine\">Mal funcionamiento com\u00fan y soluciones relacionadas con la m\u00e1quina peladora de frijoles<\/h2>    <figure class=\"wp-block-table is-style-stripes\"><table><tbody><tr><td>Malfuncionamiento<\/td><td>Raz\u00f3n<\/td><td>Soluci\u00f3n<\/td><\/tr><tr><td>Baja tasa de pelado<\/td><td>el frijol contiene demasiado humedad<\/td><td>Reducci\u00f3n de humedad<\/td><\/tr><tr><td>Separaci\u00f3n excesiva<\/td><td>ajustar la separaci\u00f3n<\/td><\/tr><tr><td>Alta tasa de rotura<\/td><td>demasiado material crudo<\/td><td>Coloque la materia prima en la entrada correctamente<\/td><\/tr><tr><td>La separaci\u00f3n es demasiado estrecha<\/td><td>Aumentar la separaci\u00f3n<\/td><\/tr><tr><td>La superficie del disco es irregular<\/td><td>Aplane su superficie<\/td><\/tr><tr><td>&nbsp;Bajo contenido de agua<\/td><td>Agregue m\u00e1s agua<\/td><\/tr><tr><td>Pieles mezcladas en los n\u00facleos<\/td><td>Obstrucci\u00f3n en la salida<\/td><td>Retire la materia prima<\/td><\/tr><tr><td>Obstrucci\u00f3n en la salida de aire<\/td><\/tr><tr><td>N\u00facleos mezclados en la piel<\/td><td>&nbsp;La velocidad del viento es demasiado alta<\/td><td>Abrir adecuadamente el regulador de aire<\/td><\/tr><\/tbody><\/table><figcaption class=\"wp-element-caption\">Soluciones en caso de aver\u00eda de la m\u00e1quina<\/figcaption><\/figure>    <h2 class=\"wp-block-heading\" id=\"h-precautions-of-beans-peeling-machine\">Precauciones de la m\u00e1quina peladora de frijoles<\/h2>    <p>1. Los frijoles generalmente contienen materiales duros como piedras, que pueden da\u00f1ar la placa de molienda durante el procesamiento. Deben ser removidos manualmente o mediante tamiz.<br>2. Durante el uso de la m\u00e1quina peladora de frijoles, el desgaste de la placa de molienda o las impurezas (como piedras, tornillos, etc.) en los frijoles hacen que la superficie de la placa sea irregular, lo que causar\u00e1 una baja tasa de rotura y poca capacidad.<\/p>    <p>Si ocurre la situaci\u00f3n anterior, la placa de molienda puede tratarse con un cincel de hierro o un trozo de corte de diamante.<br>3. Al instalar la placa de molienda, el operador debe prestar atenci\u00f3n a la distancia entre las placas de molienda superior e inferior, y la separaci\u00f3n circundante es b\u00e1sicamente la misma.<\/p>    <figure class=\"wp-block-image aligncenter\"><img loading=\"lazy\" decoding=\"async\" width=\"600\" height=\"500\" src=\"https:\/\/www.agriculture-machine.com\/wp-content\/uploads\/2019\/05\/beans-peeling-machine-5.jpg\" alt=\"\" class=\"wp-image-3507\" srcset=\"https:\/\/www.agriculture-machine.com\/wp-content\/uploads\/2019\/05\/beans-peeling-machine-5.jpg 600w, https:\/\/www.agriculture-machine.com\/wp-content\/uploads\/2019\/05\/beans-peeling-machine-5-324x270.jpg 324w\" sizes=\"auto, (max-width: 600px) 100vw, 600px\" \/><\/figure>    <h2 class=\"wp-block-heading\" id=\"h-how-to-install-grinding-disc-of-beans-peeling-machine\">C\u00f3mo instalar una placa de molienda en la m\u00e1quina peladora de frijoles<\/h2>    <p>1. Retire la tolva de alimentaci\u00f3n de la m\u00e1quina peladora de frijoles, la placa de hierro y el asiento de molienda.<br>2. Instale la placa de molienda.<br>3. Desmonte los paneles con tres lados.<br>4. Coloque un punto en la placa de molienda superior (haga una marca), luego gire la placa de molienda inferior y observe si est\u00e1n paralelas. Si hay una gran fluctuaci\u00f3n hacia arriba y hacia abajo, debe ajustar el tornillo debajo de la placa de molienda para que sea paralela.<br>5. Preste atenci\u00f3n a si la separaci\u00f3n es la misma. Si no, ajuste los cuatro tornillos en la cubierta superior para que las separaciones superior e inferior sean paralelas.<br>6. Ajuste la placa de molienda inferior hacia arriba para que pueda golpear la placa superior.<\/p>    <h2 class=\"wp-block-heading\" id=\"h-successful-case-of-beans-peeling-machine\">Caso de \u00e9xito de la m\u00e1quina peladora de frijoles<\/h2>    <p>Una vez vendimos 5 conjuntos de m\u00e1quinas peladoras de frijoles a Canad\u00e1, y a continuaci\u00f3n se muestran los detalles del embalaje. Puede abrir el siguiente enlace para conocer m\u00e1s noticias de entrega.<\/p>    <p><strong><a href=\"https:\/\/www.agriculture-machine.com\/es\/agricultural-machine\/\">Noticias de entrega sobre m\u00e1quinas agr\u00edcolas<\/a><\/strong><\/p>    <h2 class=\"wp-block-heading\" id=\"h-faq-of-beans-peeling-machine\"><img loading=\"lazy\" decoding=\"async\" width=\"600\" height=\"500\" class=\"size-full wp-image-3508 aligncenter\" src=\"https:\/\/www.agriculture-machine.com\/wp-content\/uploads\/2019\/05\/beans-peeling-machine-6.jpg\" alt=\"\" srcset=\"https:\/\/www.agriculture-machine.com\/wp-content\/uploads\/2019\/05\/beans-peeling-machine-6.jpg 600w, https:\/\/www.agriculture-machine.com\/wp-content\/uploads\/2019\/05\/beans-peeling-machine-6-324x270.jpg 324w\" sizes=\"auto, (max-width: 600px) 100vw, 600px\" \/><br>Preguntas frecuentes sobre la m\u00e1quina peladora de frijoles<\/h2>   <div id=\"rank-math-faq\" class=\"rank-math-block\"> <div class=\"rank-math-list\"> <div id=\"faq-question-1705656159566\" class=\"rank-math-list-item\"> <h3 class=\"rank-math-question\">\u00bfPuede la m\u00e1quina dividir los frijoles de manera uniforme?<\/h3> <div class=\"rank-math-answer\">  <p>S\u00ed, por supuesto.<\/p>  <\/div> <\/div> <div id=\"faq-question-1705656165185\" class=\"rank-math-list-item\"> <h3 class=\"rank-math-question\">\u00bfCu\u00e1l es la materia prima?<\/h3> <div class=\"rank-math-answer\">  <p>La materia prima puede ser habas, soja, guisantes, etc.<\/p>  <\/div> <\/div> <div id=\"faq-question-1705656182954\" class=\"rank-math-list-item\"> <h3 class=\"rank-math-question\">\u00bfSe puede ajustar la separaci\u00f3n de la placa de molienda?<\/h3> <div class=\"rank-math-answer\">  <p>S\u00ed, se puede ajustar.<\/p>  <\/div> <\/div> <\/div> <\/div>   <h2 class=\"wp-block-heading\">Cont\u00e1ctenos en cualquier momento<\/h2>    <p>Si est\u00e1 interesado en nuestra m\u00e1quina peladora de soja o tiene alguna pregunta, no dude en contactar a nuestro equipo profesional para obtener informaci\u00f3n detallada. Esperamos con inter\u00e9s sus consultas y le invitamos a visitar nuestra f\u00e1brica para una experiencia de primera mano. Esperamos poder ofrecerle excelentes servicios y soluciones.<\/p>","protected":false},"excerpt":{"rendered":"<p>La serie TK-300 de m\u00e1quinas peladoras de frijoles es un producto nuevo dise\u00f1ado por nuestra f\u00e1brica, y es adecuada para pelar habas, soja, guisantes, etc. Separar la piel del n\u00facleo con un cernidor reduce la tasa de rotura.<\/p>","protected":false},"author":1,"featured_media":3504,"parent":0,"comment_status":"closed","ping_status":"closed","template":"","tags":[2613],"product-type":[902],"class_list":["post-3502","product","type-product","status-publish","has-post-thumbnail","hentry","tag-peeling","product-type-soybean-peeling-machine"],"_links":{"self":[{"href":"https:\/\/www.agriculture-machine.com\/es\/wp-json\/wp\/v2\/product\/3502","targetHints":{"allow":["GET"]}}],"collection":[{"href":"https:\/\/www.agriculture-machine.com\/es\/wp-json\/wp\/v2\/product"}],"about":[{"href":"https:\/\/www.agriculture-machine.com\/es\/wp-json\/wp\/v2\/types\/product"}],"author":[{"embeddable":true,"href":"https:\/\/www.agriculture-machine.com\/es\/wp-json\/wp\/v2\/users\/1"}],"replies":[{"embeddable":true,"href":"https:\/\/www.agriculture-machine.com\/es\/wp-json\/wp\/v2\/comments?post=3502"}],"wp:featuredmedia":[{"embeddable":true,"href":"https:\/\/www.agriculture-machine.com\/es\/wp-json\/wp\/v2\/media\/3504"}],"wp:attachment":[{"href":"https:\/\/www.agriculture-machine.com\/es\/wp-json\/wp\/v2\/media?parent=3502"}],"wp:term":[{"taxonomy":"post_tag","embeddable":true,"href":"https:\/\/www.agriculture-machine.com\/es\/wp-json\/wp\/v2\/tags?post=3502"},{"taxonomy":"product-type","embeddable":true,"href":"https:\/\/www.agriculture-machine.com\/es\/wp-json\/wp\/v2\/product-type?post=3502"}],"curies":[{"name":"wp","href":"https:\/\/api.w.org\/{rel}","templated":true}]}}