{"id":3551,"date":"2019-05-08T04:40:47","date_gmt":"2019-05-07T20:40:47","guid":{"rendered":"https:\/\/www.agriculture-machine.com\/?p=3551"},"modified":"2025-07-11T18:20:20","modified_gmt":"2025-07-11T10:20:20","slug":"4-types-of-automatic-corn-sheller-for-sale-shelling-corn-maize","status":"publish","type":"product","link":"https:\/\/www.agriculture-machine.com\/es\/4-types-of-automatic-corn-sheller-for-sale-shelling-corn-maize\/","title":{"rendered":"Recolector de ma\u00edz autom\u00e1tico | M\u00e1quina de descascarado de ma\u00edz"},"content":{"rendered":"<p>Las m\u00e1quinas autom\u00e1ticas de descascarado de ma\u00edz se utilizan para separar r\u00e1pidamente los granos de ma\u00edz de la mazorca. Nuestros modelos m\u00e1s vendidos TY-80A, TY-80B, TY-80C y TY-80D est\u00e1n todos equipados con una capacidad de 4-6 toneladas\/hora. <\/p>    <p>Se utilizan ampliamente en escenarios como granjas, cooperativas y \u00e1reas de plantaci\u00f3n agr\u00edcola, y son especialmente adecuados para uso centralizado en zonas rurales donde la agricultura es el enfoque principal. <\/p>    <p>Una m\u00e1quina puede servir a toda una aldea, mejorando en gran medida la eficiencia de la trilla y ahorrando costos laborales, siendo una opci\u00f3n ideal para que los agricultores logren un procesamiento eficiente del grano.<\/p>    <figure class=\"wp-block-embed aligncenter is-type-video is-provider-youtube wp-block-embed-youtube wp-embed-aspect-16-9 wp-has-aspect-ratio\"><div class=\"wp-block-embed__wrapper\"> <iframe loading=\"lazy\" title=\"M\u00e1quina de descascarar y trillar ma\u00edz de tama\u00f1o grande 4-6t\/h \/ f\u00e1brica de m\u00e1quinas de trillar ma\u00edz\" width=\"500\" height=\"281\" src=\"https:\/\/www.youtube.com\/embed\/wa9sml4IRZo?feature=oembed\" frameborder=\"0\" allow=\"accelerometer; autoplay; clipboard-write; encrypted-media; gyroscope; picture-in-picture; web-share\" referrerpolicy=\"strict-origin-when-cross-origin\" allowfullscreen><\/iframe> <\/div><figcaption class=\"wp-element-caption\">Video de trabajo de la m\u00e1quina de trillar ma\u00edz de gran capacidad<\/figcaption><\/figure>    <h2 class=\"wp-block-heading\">Ventajas de la m\u00e1quina de descascarar ma\u00edz de venta caliente<\/h2>    <ul class=\"wp-block-list\"> <li>Alta tasa de desgranado: la tasa de desgranado alcanza el 99,5% o m\u00e1s, casi sin roturas ni residuos.<\/li>    <li>Impureza extremadamente baja: tras el sistema de selecci\u00f3n por viento y tamizado vibratorio, la semilla de ma\u00edz est\u00e1 limpia y libre de impurezas, con una tasa de impureza inferior al 1%.<\/li>    <li>Alta capacidad de producci\u00f3n: la capacidad de descascarado de ma\u00edz puede alcanzar de 4 a 6 toneladas por hora, superando ampliamente productos similares en el mercado.<\/li>    <li>Alimentaci\u00f3n autom\u00e1tica: equipada con una tolva de alimentaci\u00f3n autom\u00e1tica, mejora eficazmente la velocidad de alimentaci\u00f3n y ahorra mano de obra.<\/li>    <li>Estructura avanzada: tambor de trilla, ventilador, elevador, aspirador de paja y sistema de tamizado integrados, que permiten limpieza y selecci\u00f3n autom\u00e1ticas.<\/li>    <li>Opciones m\u00faltiples de potencia: soporta motor di\u00e9sel de 15 hp o motor de 7.5 kW, adaptable a diferentes entornos de energ\u00eda.<\/li>    <li>Adecuado para uso colectivo rural: alta eficiencia y durabilidad, una m\u00e1quina compartida por muchas familias, apta para cooperativas agr\u00edcolas y operaci\u00f3n rural centralizada.<\/li> <\/ul>    <figure class=\"wp-block-gallery has-nested-images columns-2 is-cropped wp-block-gallery-2 is-layout-flex wp-block-gallery-is-layout-flex\"> <figure class=\"wp-block-image size-large\"><img loading=\"lazy\" decoding=\"async\" width=\"600\" height=\"500\" data-id=\"3561\" src=\"https:\/\/www.agriculture-machine.com\/wp-content\/uploads\/2019\/05\/corn-shelling-machine-9.jpg\" alt=\"\" class=\"wp-image-3561\" srcset=\"https:\/\/www.agriculture-machine.com\/wp-content\/uploads\/2019\/05\/corn-shelling-machine-9.jpg 600w, https:\/\/www.agriculture-machine.com\/wp-content\/uploads\/2019\/05\/corn-shelling-machine-9-324x270.jpg 324w\" sizes=\"auto, (max-width: 600px) 100vw, 600px\" \/><figcaption class=\"wp-element-caption\">descascador autom\u00e1tico de ma\u00edz<\/figcaption><\/figure>    <figure class=\"wp-block-image size-large\"><img loading=\"lazy\" decoding=\"async\" width=\"600\" height=\"500\" data-id=\"3560\" src=\"https:\/\/www.agriculture-machine.com\/wp-content\/uploads\/2019\/05\/corn-shelling-machine-8.jpg\" alt=\"\" class=\"wp-image-3560\" srcset=\"https:\/\/www.agriculture-machine.com\/wp-content\/uploads\/2019\/05\/corn-shelling-machine-8.jpg 600w, https:\/\/www.agriculture-machine.com\/wp-content\/uploads\/2019\/05\/corn-shelling-machine-8-324x270.jpg 324w\" sizes=\"auto, (max-width: 600px) 100vw, 600px\" \/><figcaption class=\"wp-element-caption\">descascador autom\u00e1tico de ma\u00edz<\/figcaption><\/figure> <\/figure>    <figure class=\"wp-block-gallery has-nested-images columns-2 is-cropped wp-block-gallery-3 is-layout-flex wp-block-gallery-is-layout-flex\"> <figure class=\"wp-block-image size-large\"><img loading=\"lazy\" decoding=\"async\" width=\"600\" height=\"500\" data-id=\"3565\" src=\"https:\/\/www.agriculture-machine.com\/wp-content\/uploads\/2019\/05\/corn-shelling-machine-13.jpg\" alt=\"\" class=\"wp-image-3565\" srcset=\"https:\/\/www.agriculture-machine.com\/wp-content\/uploads\/2019\/05\/corn-shelling-machine-13.jpg 600w, https:\/\/www.agriculture-machine.com\/wp-content\/uploads\/2019\/05\/corn-shelling-machine-13-324x270.jpg 324w\" sizes=\"auto, (max-width: 600px) 100vw, 600px\" \/><figcaption class=\"wp-element-caption\">Sitio de la m\u00e1quina de trillar ma\u00edz<\/figcaption><\/figure>    <figure class=\"wp-block-image size-large\"><img loading=\"lazy\" decoding=\"async\" width=\"600\" height=\"500\" data-id=\"3564\" src=\"https:\/\/www.agriculture-machine.com\/wp-content\/uploads\/2019\/05\/corn-shelling-machine-12.jpg\" alt=\"\" class=\"wp-image-3564\" srcset=\"https:\/\/www.agriculture-machine.com\/wp-content\/uploads\/2019\/05\/corn-shelling-machine-12.jpg 600w, https:\/\/www.agriculture-machine.com\/wp-content\/uploads\/2019\/05\/corn-shelling-machine-12-324x270.jpg 324w\" sizes=\"auto, (max-width: 600px) 100vw, 600px\" \/><figcaption class=\"wp-element-caption\">Sitio de la m\u00e1quina de trillar ma\u00edz<\/figcaption><\/figure> <\/figure>    <h2 class=\"wp-block-heading\">Principio de funcionamiento de la m\u00e1quina de trillar ma\u00edz<\/h2>    <ol class=\"wp-block-list\"> <li>Alimentaci\u00f3n autom\u00e1tica: coloca la mazorca de ma\u00edz entera en la cinta transportadora de alimentaci\u00f3n autom\u00e1tica, y el equipo la alimenta autom\u00e1ticamente en la c\u00e1mara de trilla.<\/li>    <li>Trilla y separaci\u00f3n: el cilindro en la c\u00e1mara de trilla funciona a alta velocidad, haciendo rodar y frotar el ma\u00edz, separando los granos de las mazorcas.<\/li>    <li>Tamizado preliminar de los granos: los granos de ma\u00edz trillados junto con una peque\u00f1a cantidad de impurezas caen en el agitador y son enviados a la pantalla vibratoria por el elevador.<\/li>    <li>Separaci\u00f3n de impurezas: las impurezas m\u00e1s peque\u00f1as caer\u00e1n a trav\u00e9s del orificio de la pantalla, y las impurezas m\u00e1s grandes se mover\u00e1n con el ma\u00edz hacia la salida.<\/li>    <li>Purificaci\u00f3n secundaria: el ventilador de vac\u00edo de alta eficiencia aspira autom\u00e1ticamente las impurezas finas como la c\u00e1scara de ma\u00edz para mejorar a\u00fan m\u00e1s la tasa de semillas netas.<\/li>    <li>Recolecci\u00f3n de granos: las semillas de ma\u00edz limpias y tamizadas entran en la bolsa de recolecci\u00f3n o en el dispositivo de descarga desde la salida de descarga en la pantalla.<\/li>    <li>Descarga de granos de ma\u00edz: los granos de ma\u00edz despu\u00e9s de la trilla se descargan autom\u00e1ticamente por la salida de paja, lo que facilita el tratamiento o reciclaje unificado.<\/li> <\/ol>    <figure class=\"wp-block-embed aligncenter is-type-video is-provider-youtube wp-block-embed-youtube wp-embed-aspect-16-9 wp-has-aspect-ratio\"><div class=\"wp-block-embed__wrapper\"> <iframe loading=\"lazy\" title=\"M\u00e1quina eficiente de descascarar ma\u00edz y trillar: \u00a1optimiza tu proceso de cosecha!#ma\u00edz #s\u00e9mola\" width=\"500\" height=\"281\" src=\"https:\/\/www.youtube.com\/embed\/FE4BLC6WuxE?feature=oembed\" frameborder=\"0\" allow=\"accelerometer; autoplay; clipboard-write; encrypted-media; gyroscope; picture-in-picture; web-share\" referrerpolicy=\"strict-origin-when-cross-origin\" allowfullscreen><\/iframe> <\/div><figcaption class=\"wp-element-caption\">Video de trabajo de la m\u00e1quina de trillar ma\u00edz de gran capacidad<\/figcaption><\/figure>    <h2 class=\"wp-block-heading\">Tres formas de recolectar las semillas de ma\u00edz<\/h2>    <ol class=\"wp-block-list\"> <li>Dispersi\u00f3n en tierra: las semillas de ma\u00edz pueden descargarse directamente en el suelo, adecuado para secado y tratamiento posterior.<\/li>    <li>Almacenamiento en bolsa de recolecci\u00f3n: conectado a una bolsa de tela a trav\u00e9s de la interfaz, las semillas de ma\u00edz limpias se embalan y almacenan directamente, facilitando su transporte y almacenamiento.<\/li>    <li>Carga en carretilla: las semillas tambi\u00e9n pueden descargarse en un carrito, adecuado para transporte centralizado o venta en el lugar a compradores y minoristas.<\/li> <\/ol>    <figure class=\"wp-block-gallery has-nested-images columns-2 is-cropped wp-block-gallery-4 is-layout-flex wp-block-gallery-is-layout-flex\"> <figure class=\"wp-block-image size-large\"><img loading=\"lazy\" decoding=\"async\" width=\"600\" height=\"500\" data-id=\"3557\" src=\"https:\/\/www.agriculture-machine.com\/wp-content\/uploads\/2019\/05\/corn-shelling-machine-5.jpg\" alt=\"\" class=\"wp-image-3557\" srcset=\"https:\/\/www.agriculture-machine.com\/wp-content\/uploads\/2019\/05\/corn-shelling-machine-5.jpg 600w, https:\/\/www.agriculture-machine.com\/wp-content\/uploads\/2019\/05\/corn-shelling-machine-5-324x270.jpg 324w\" sizes=\"auto, (max-width: 600px) 100vw, 600px\" \/><figcaption class=\"wp-element-caption\">m\u00e1quina de trillar ma\u00edz<\/figcaption><\/figure>    <figure class=\"wp-block-image size-large\"><img loading=\"lazy\" decoding=\"async\" width=\"600\" height=\"500\" data-id=\"3553\" src=\"https:\/\/www.agriculture-machine.com\/wp-content\/uploads\/2019\/05\/corn-shelling-machine-1.jpg\" alt=\"\" class=\"wp-image-3553\" srcset=\"https:\/\/www.agriculture-machine.com\/wp-content\/uploads\/2019\/05\/corn-shelling-machine-1.jpg 600w, https:\/\/www.agriculture-machine.com\/wp-content\/uploads\/2019\/05\/corn-shelling-machine-1-324x270.jpg 324w\" sizes=\"auto, (max-width: 600px) 100vw, 600px\" \/><figcaption class=\"wp-element-caption\">m\u00e1quina de trillar ma\u00edz<\/figcaption><\/figure> <\/figure>    <figure class=\"wp-block-gallery has-nested-images columns-2 is-cropped wp-block-gallery-5 is-layout-flex wp-block-gallery-is-layout-flex\"> <figure class=\"wp-block-image size-large\"><img loading=\"lazy\" decoding=\"async\" width=\"600\" height=\"500\" data-id=\"3559\" src=\"https:\/\/www.agriculture-machine.com\/wp-content\/uploads\/2019\/05\/corn-shelling-machine-7.jpg\" alt=\"\" class=\"wp-image-3559\" srcset=\"https:\/\/www.agriculture-machine.com\/wp-content\/uploads\/2019\/05\/corn-shelling-machine-7.jpg 600w, https:\/\/www.agriculture-machine.com\/wp-content\/uploads\/2019\/05\/corn-shelling-machine-7-324x270.jpg 324w\" sizes=\"auto, (max-width: 600px) 100vw, 600px\" \/><figcaption class=\"wp-element-caption\">Sitio de la m\u00e1quina de trillar ma\u00edz<\/figcaption><\/figure>    <figure class=\"wp-block-image size-large\"><img loading=\"lazy\" decoding=\"async\" width=\"600\" height=\"500\" data-id=\"3558\" src=\"https:\/\/www.agriculture-machine.com\/wp-content\/uploads\/2019\/05\/corn-shelling-machine-6.jpg\" alt=\"\" class=\"wp-image-3558\" srcset=\"https:\/\/www.agriculture-machine.com\/wp-content\/uploads\/2019\/05\/corn-shelling-machine-6.jpg 600w, https:\/\/www.agriculture-machine.com\/wp-content\/uploads\/2019\/05\/corn-shelling-machine-6-324x270.jpg 324w\" sizes=\"auto, (max-width: 600px) 100vw, 600px\" \/><figcaption class=\"wp-element-caption\">Sitio de la m\u00e1quina de trillar ma\u00edz<\/figcaption><\/figure> <\/figure>    <h2 class=\"wp-block-heading\">Par\u00e1metros t\u00e9cnicos de la m\u00e1quina de descascarar ma\u00edz<\/h2>    <figure class=\"wp-block-table is-style-stripes\"><table><tbody><tr><td>Modelo<\/td><td>TY-80A<\/td><td>TY-80B<\/td><td>TY-80C<\/td><td>TY-80D<\/td><\/tr><tr><td>Potencia<\/td><td>Motor di\u00e9sel de 15HP o motor de 7.5 KW<\/td><td>Motor di\u00e9sel de 15HP o motor de 7.5 KW<\/td><td>Motor di\u00e9sel de 15HP o motor de 7.5 KW<\/td><td>Motor di\u00e9sel de 15HP o motor de 7.5 KW<\/td><\/tr><tr><td>Capacidad<\/td><td>4t\/h (Semillas de ma\u00edz)<\/td><td>5t\/h (Semillas de ma\u00edz)<\/td><td>5t\/h (Semillas de ma\u00edz)<\/td><td>6t\/h (Semillas de ma\u00edz)<\/td><\/tr><tr><td>Tasa de trilla<\/td><td>\u226599.5%<\/td><td>&nbsp;\u226599.5%<\/td><td>\u226599.5%<\/td><td>\u226599.5%<\/td><\/tr><tr><td>Tasa de p\u00e9rdida<\/td><td>\u22642.0%<\/td><td>\u22642.0%<\/td><td>\u22642.0%<\/td><td>\u22642.0%<\/td><\/tr><tr><td>Tasa de rotura<\/td><td>\u22641.5%<\/td><td>\u22641.5%<\/td><td>\u22641.5%<\/td><td>\u22641.5%<\/td><\/tr><tr><td>Tasa de impurezas<\/td><td>\u22641.0%<\/td><td>\u22641.0%<\/td><td>\u22641.0%<\/td><td>\u22641.0%<\/td><\/tr><tr><td>Peso<\/td><td>200kg<\/td><td>230kg<\/td><td>320kg<\/td><td>350kg<\/td><\/tr><tr><td>Tama\u00f1o<\/td><td>2360*1360*1480\u00a0mm<\/td><td>2360*1360*2000\u00a0mm<\/td><td>3860*1360*1480\u00a0mm<\/td><td>3860*1360*2480 mm<\/td><\/tr><\/tbody><\/table><figcaption class=\"wp-element-caption\">Informaci\u00f3n detallada de la m\u00e1quina de descascarar ma\u00edz<\/figcaption><\/figure>    <p class=\"translation-block\">\u00a0 \u00a0 \u00a0 \u00a0 \u00a0 \u00a0 \u00a0 \u00a0 \u00a0 \u00a0 \u00a0 \u00a0 \u00a0 \u00a0 \u00a0 TY-80A\u00a0 \u00a0 \u00a0 \u00a0 \u00a0 \u00a0 \u00a0 \u00a0 \u00a0 \u00a0 \u00a0 \u00a0 \u00a0 \u00a0 \u00a0 \u00a0 \u00a0 \u00a0 \u00a0 \u00a0 \u00a0 \u00a0 \u00a0 \u00a0 \u00a0 \u00a0 \u00a0 \u00a0 \u00a0 \u00a0TY-80B\u00a0 \u00a0 \u00a0\u00a0<\/p>    <figure class=\"wp-block-gallery has-nested-images columns-2 is-cropped wp-block-gallery-6 is-layout-flex wp-block-gallery-is-layout-flex\"> <figure class=\"wp-block-image size-large\"><img loading=\"lazy\" decoding=\"async\" width=\"600\" height=\"500\" data-id=\"3562\" src=\"https:\/\/www.agriculture-machine.com\/wp-content\/uploads\/2019\/05\/corn-shelling-machine-10.jpg\" alt=\"\" class=\"wp-image-3562\" srcset=\"https:\/\/www.agriculture-machine.com\/wp-content\/uploads\/2019\/05\/corn-shelling-machine-10.jpg 600w, https:\/\/www.agriculture-machine.com\/wp-content\/uploads\/2019\/05\/corn-shelling-machine-10-324x270.jpg 324w\" sizes=\"auto, (max-width: 600px) 100vw, 600px\" \/><figcaption class=\"wp-element-caption\">Descascador de ma\u00edz<\/figcaption><\/figure>    <figure class=\"wp-block-image size-large\"><img loading=\"lazy\" decoding=\"async\" width=\"540\" height=\"540\" data-id=\"3566\" src=\"https:\/\/www.agriculture-machine.com\/wp-content\/uploads\/2019\/05\/corn-shelling-machine-14-540x540.jpg\" alt=\"\" class=\"wp-image-3566\" srcset=\"https:\/\/www.agriculture-machine.com\/wp-content\/uploads\/2019\/05\/corn-shelling-machine-14-540x540.jpg 540w, https:\/\/www.agriculture-machine.com\/wp-content\/uploads\/2019\/05\/corn-shelling-machine-14-270x270.jpg 270w, https:\/\/www.agriculture-machine.com\/wp-content\/uploads\/2019\/05\/corn-shelling-machine-14.jpg 750w\" sizes=\"auto, (max-width: 540px) 100vw, 540px\" \/><figcaption class=\"wp-element-caption\">Descascador de ma\u00edz<\/figcaption><\/figure> <\/figure>    <p class=\"translation-block\"><strong><span style=\"color: #ff0000\">\u00a0 \u00a0 \u00a0 \u00a0 \u00a0 \u00a0 \u00a0 \u00a0 \u00a0 \u00a0 \u00a0 \u00a0 \u00a0 \u00a0 \u00a0 TY-80C\u00a0 \u00a0 \u00a0 \u00a0 \u00a0 \u00a0 \u00a0 \u00a0 \u00a0 \u00a0 \u00a0 \u00a0 \u00a0 \u00a0 \u00a0 \u00a0 \u00a0 \u00a0 \u00a0 \u00a0 \u00a0 \u00a0 \u00a0 \u00a0 \u00a0 \u00a0 \u00a0 \u00a0 \u00a0 \u00a0TY-80D\u00a0 \u00a0 \u00a0\u00a0<\/span><\/strong><\/p>    <figure class=\"wp-block-gallery has-nested-images columns-2 is-cropped wp-block-gallery-7 is-layout-flex wp-block-gallery-is-layout-flex\"> <figure class=\"wp-block-image size-large\"><img loading=\"lazy\" decoding=\"async\" width=\"540\" height=\"540\" data-id=\"3568\" src=\"https:\/\/www.agriculture-machine.com\/wp-content\/uploads\/2019\/05\/corn-shelling-machine-16-540x540.jpg\" alt=\"m\u00e1quina de descascarar ma\u00edz\" class=\"wp-image-3568\" srcset=\"https:\/\/www.agriculture-machine.com\/wp-content\/uploads\/2019\/05\/corn-shelling-machine-16-540x540.jpg 540w, https:\/\/www.agriculture-machine.com\/wp-content\/uploads\/2019\/05\/corn-shelling-machine-16-270x270.jpg 270w, https:\/\/www.agriculture-machine.com\/wp-content\/uploads\/2019\/05\/corn-shelling-machine-16.jpg 750w\" sizes=\"auto, (max-width: 540px) 100vw, 540px\" \/><figcaption class=\"wp-element-caption\">m\u00e1quina de descascarar ma\u00edz<\/figcaption><\/figure>    <figure class=\"wp-block-image size-large\"><img loading=\"lazy\" decoding=\"async\" width=\"540\" height=\"540\" data-id=\"3567\" src=\"https:\/\/www.agriculture-machine.com\/wp-content\/uploads\/2019\/05\/corn-shelling-machine-15-540x540.jpg\" alt=\"m\u00e1quina trilladora de ma\u00edz\" class=\"wp-image-3567\" srcset=\"https:\/\/www.agriculture-machine.com\/wp-content\/uploads\/2019\/05\/corn-shelling-machine-15-540x540.jpg 540w, https:\/\/www.agriculture-machine.com\/wp-content\/uploads\/2019\/05\/corn-shelling-machine-15-270x270.jpg 270w, https:\/\/www.agriculture-machine.com\/wp-content\/uploads\/2019\/05\/corn-shelling-machine-15.jpg 750w\" sizes=\"auto, (max-width: 540px) 100vw, 540px\" \/><figcaption class=\"wp-element-caption\">m\u00e1quina trilladora de ma\u00edz<\/figcaption><\/figure> <\/figure>    <h2 class=\"wp-block-heading\">Caso de \u00e9xito de la m\u00e1quina de descascarar ma\u00edz<\/h2>    <p>El mes pasado, vendimos 20 juegos de m\u00e1quinas de trillar ma\u00edz a Congo, y a continuaci\u00f3n las fotos de la entrega.<\/p>    <figure class=\"wp-block-gallery has-nested-images columns-2 is-cropped wp-block-gallery-8 is-layout-flex wp-block-gallery-is-layout-flex\"> <figure class=\"wp-block-image size-large\"><img loading=\"lazy\" decoding=\"async\" width=\"600\" height=\"500\" data-id=\"3563\" src=\"https:\/\/www.agriculture-machine.com\/wp-content\/uploads\/2019\/05\/corn-shelling-machine-11.jpg\" alt=\"\" class=\"wp-image-3563\" srcset=\"https:\/\/www.agriculture-machine.com\/wp-content\/uploads\/2019\/05\/corn-shelling-machine-11.jpg 600w, https:\/\/www.agriculture-machine.com\/wp-content\/uploads\/2019\/05\/corn-shelling-machine-11-324x270.jpg 324w\" sizes=\"auto, (max-width: 600px) 100vw, 600px\" \/><figcaption class=\"wp-element-caption\">Sitio de entrega de la m\u00e1quina de trillar ma\u00edz<\/figcaption><\/figure>    <figure class=\"wp-block-image size-large\"><img loading=\"lazy\" decoding=\"async\" width=\"600\" height=\"500\" data-id=\"3556\" src=\"https:\/\/www.agriculture-machine.com\/wp-content\/uploads\/2019\/05\/corn-shelling-machine-4.jpg\" alt=\"\" class=\"wp-image-3556\" srcset=\"https:\/\/www.agriculture-machine.com\/wp-content\/uploads\/2019\/05\/corn-shelling-machine-4.jpg 600w, https:\/\/www.agriculture-machine.com\/wp-content\/uploads\/2019\/05\/corn-shelling-machine-4-324x270.jpg 324w\" sizes=\"auto, (max-width: 600px) 100vw, 600px\" \/><figcaption class=\"wp-element-caption\">Sitio de entrega de la m\u00e1quina de trillar ma\u00edz<\/figcaption><\/figure> <\/figure>    <p class=\"translation-block\">Tambi\u00e9n tenemos una peque\u00f1a m\u00e1quina descascaradora de ma\u00edz (Producto relacionado: <strong><em><a href=\"https:\/\/www.agriculture-machine.com\/es\/maize-peeler-and-thresher\/\">M\u00e1quina de trillar de ma\u00edz | Descascaradora de ma\u00edz | Peladora y trilladora de ma\u00edz<\/a><\/em><\/strong>). Puede consultarnos para saber m\u00e1s.<\/p>    <h2 class=\"wp-block-heading\">Preguntas frecuentes\u00a0<\/h2>   <div id=\"rank-math-faq\" class=\"rank-math-block\"> <div class=\"rank-math-list\"> <div id=\"faq-question-1705306051658\" class=\"rank-math-list-item\"> <h3 class=\"rank-math-question\">\u00bfCu\u00e1l es la diferencia entre los 4 tipos de m\u00e1quinas de descascarar ma\u00edz en venta?<\/h3> <div class=\"rank-math-answer\">  <p>La entrada de alimentaci\u00f3n autom\u00e1tica y el elevador largo pueden mejorar la eficiencia de trabajo, por lo que 4 tipos de m\u00e1quinas de descascarar ma\u00edz soportan diferentes capacidades.<\/p>  <\/div> <\/div> <div id=\"faq-question-1705306055514\" class=\"rank-math-list-item\"> <h3 class=\"rank-math-question\">\u00bfCu\u00e1les son sus capacidades?<\/h3> <div class=\"rank-math-answer\">  <p>4-6t\/h.<\/p>  <\/div> <\/div> <div id=\"faq-question-1705306086956\" class=\"rank-math-list-item\"> <h3 class=\"rank-math-question\">\u00bfPor qu\u00e9 los mazorcas de ma\u00edz son demasiado fr\u00e1giles?<\/h3> <div class=\"rank-math-answer\">  <p>Las mazorcas de ma\u00edz pueden estar podridas o la abertura de descarga es bastante lenta.<\/p>  <\/div> <\/div> <div id=\"faq-question-1705306094155\" class=\"rank-math-list-item\"> <h3 class=\"rank-math-question\">\u00bfPor qu\u00e9 hay tantas impurezas?<\/h3> <div class=\"rank-math-answer\">  <p>Quitar una o dos partes de descarga puede mejorar la tasa de trilla.<\/p>  <\/div> <\/div> <div id=\"faq-question-1705306102883\" class=\"rank-math-list-item\"> <h3 class=\"rank-math-question\">\u00bfSe puede ajustar la inclinaci\u00f3n de la pantalla vibratoria?<\/h3> <div class=\"rank-math-answer\">  <p>S\u00ed, puede ajustar la altura de los dos marcos de soporte.<\/p>  <\/div> <\/div> <div id=\"faq-question-1705306123589\" class=\"rank-math-list-item\"> <h3 class=\"rank-math-question\">\u00bfLa m\u00e1quina puede pelar y trillar ma\u00edz?<\/h3> <div class=\"rank-math-answer\">  <p>Esta m\u00e1quina es una gran desgranadora de ma\u00edz, tenemos una m\u00e1quina separada para pelar el ma\u00edz.<\/p>  <\/div> <\/div> <\/div> <\/div>   <h2 class=\"wp-block-heading\">Cont\u00e1ctenos en cualquier momento<\/h2>    <p class=\"translation-block\">Le agradecemos su atenci\u00f3n y por leer nuestra <a href=\"https:\/\/en.wikipedia.org\/wiki\/Maize\" target=\"_blank\" rel=\"noopener\">m\u00e1quina de descascarar ma\u00edz<\/a>. Si tiene m\u00e1s preguntas o necesita informaci\u00f3n m\u00e1s detallada, nuestro equipo profesional est\u00e1 siempre a su disposici\u00f3n. No dude en contactarnos en cualquier momento, estaremos encantados de atenderle.<\/p>","protected":false},"excerpt":{"rendered":"<p>Esta m\u00e1quina de descascarar ma\u00edz es f\u00e1cil de operar y de dise\u00f1o compacto, adecuada para granjas de todos los tama\u00f1os. Puede separar de manera eficiente y r\u00e1pida el ma\u00edz de la mazorca y aumentar la productividad.<\/p>","protected":false},"author":1,"featured_media":3569,"parent":0,"comment_status":"closed","ping_status":"closed","template":"","tags":[491,481],"product-type":[893],"class_list":["post-3551","product","type-product","status-publish","has-post-thumbnail","hentry","tag-corn","tag-maize","product-type-corn-thresher"],"_links":{"self":[{"href":"https:\/\/www.agriculture-machine.com\/es\/wp-json\/wp\/v2\/product\/3551","targetHints":{"allow":["GET"]}}],"collection":[{"href":"https:\/\/www.agriculture-machine.com\/es\/wp-json\/wp\/v2\/product"}],"about":[{"href":"https:\/\/www.agriculture-machine.com\/es\/wp-json\/wp\/v2\/types\/product"}],"author":[{"embeddable":true,"href":"https:\/\/www.agriculture-machine.com\/es\/wp-json\/wp\/v2\/users\/1"}],"replies":[{"embeddable":true,"href":"https:\/\/www.agriculture-machine.com\/es\/wp-json\/wp\/v2\/comments?post=3551"}],"wp:featuredmedia":[{"embeddable":true,"href":"https:\/\/www.agriculture-machine.com\/es\/wp-json\/wp\/v2\/media\/3569"}],"wp:attachment":[{"href":"https:\/\/www.agriculture-machine.com\/es\/wp-json\/wp\/v2\/media?parent=3551"}],"wp:term":[{"taxonomy":"post_tag","embeddable":true,"href":"https:\/\/www.agriculture-machine.com\/es\/wp-json\/wp\/v2\/tags?post=3551"},{"taxonomy":"product-type","embeddable":true,"href":"https:\/\/www.agriculture-machine.com\/es\/wp-json\/wp\/v2\/product-type?post=3551"}],"curies":[{"name":"wp","href":"https:\/\/api.w.org\/{rel}","templated":true}]}}