{"id":3696,"date":"2019-05-17T23:32:03","date_gmt":"2019-05-17T15:32:03","guid":{"rendered":"https:\/\/www.agriculture-machine.com\/?p=3696"},"modified":"2024-09-18T16:22:54","modified_gmt":"2024-09-18T08:22:54","slug":"4-15t-h-grass-cutting-machine-cutting-wet-grass-grass-cutter","status":"publish","type":"product","link":"https:\/\/www.agriculture-machine.com\/es\/4-15t-h-grass-cutting-machine-cutting-wet-grass-grass-cutter\/","title":{"rendered":"M\u00e1quina cortadora de hierba de 4-15t\/h \/ cortando hierba h\u00fameda \/ cortadora de hierba"},"content":{"rendered":"<p>La serie 9RSZ de cortadoras de c\u00e9sped est\u00e1 dise\u00f1ada para cortar todo tipo de c\u00e9sped y tiene una alta eficiencia de trabajo, es decir, 4t-15t\/h y diferentes modelos tienen diferentes capacidades. Las cortadoras de c\u00e9sped pueden triturar el c\u00e9sped en formas filiformes, lo que puede mejorar la digesti\u00f3n del est\u00f3mago al alimentar animales.<\/p>    <figure class=\"wp-block-embed is-type-video is-provider-youtube wp-block-embed-youtube wp-embed-aspect-16-9 wp-has-aspect-ratio\"><div class=\"wp-block-embed__wrapper\"> <iframe loading=\"lazy\" title=\"Diferencia entre cortadora de paja y molinillo de granos\" width=\"500\" height=\"281\" src=\"https:\/\/www.youtube.com\/embed\/Db5R1KqPhMo?feature=oembed\" frameborder=\"0\" allow=\"accelerometer; autoplay; clipboard-write; encrypted-media; gyroscope; picture-in-picture; web-share\" referrerpolicy=\"strict-origin-when-cross-origin\" allowfullscreen><\/iframe> <\/div><figcaption class=\"wp-element-caption\">Video de trabajo de la cortadora de c\u00e9sped<\/figcaption><\/figure>    <p class=\"translation-block\"><span style=\"color: #ff0000\"><strong>Tipo uno: cortadora de paja de 4t\/h<\/strong><\/span><\/p>    <figure class=\"wp-block-image aligncenter wp-image-3704 size-full\"><img loading=\"lazy\" decoding=\"async\" width=\"600\" height=\"500\" src=\"https:\/\/www.agriculture-machine.com\/wp-content\/uploads\/2019\/05\/chaff-cutter-8.jpg\" alt=\"M\u00e1quina cortadora de c\u00e9sped\" class=\"wp-image-3704\" srcset=\"https:\/\/www.agriculture-machine.com\/wp-content\/uploads\/2019\/05\/chaff-cutter-8.jpg 600w, https:\/\/www.agriculture-machine.com\/wp-content\/uploads\/2019\/05\/chaff-cutter-8-324x270.jpg 324w\" sizes=\"auto, (max-width: 600px) 100vw, 600px\" \/><figcaption class=\"wp-element-caption\">M\u00e1quina cortadora de c\u00e9sped<\/figcaption><\/figure>    <figure class=\"wp-block-image aligncenter wp-image-3703 size-full\"><img loading=\"lazy\" decoding=\"async\" width=\"600\" height=\"500\" src=\"https:\/\/www.agriculture-machine.com\/wp-content\/uploads\/2019\/05\/chaff-cutter-7.jpg\" alt=\"m\u00e1quina cortadora de paja\" class=\"wp-image-3703\" srcset=\"https:\/\/www.agriculture-machine.com\/wp-content\/uploads\/2019\/05\/chaff-cutter-7.jpg 600w, https:\/\/www.agriculture-machine.com\/wp-content\/uploads\/2019\/05\/chaff-cutter-7-324x270.jpg 324w\" sizes=\"auto, (max-width: 600px) 100vw, 600px\" \/><figcaption class=\"wp-element-caption\">m\u00e1quina cortadora de paja<\/figcaption><\/figure>    <h2 class=\"wp-block-heading\"><strong><b>Estructura de la cortadora de c\u00e9sped <\/b><\/strong>m\u00e1quina<\/h2>    <p class=\"translation-block\"><strong><b>1. <\/b><\/strong>Salida de descarga 2. Cuerpo 3. Rotor 4. Dispositivo de alimentaci\u00f3n y trituraci\u00f3n 5. Motor engranado 6. Ranura de alimentaci\u00f3n 7. Bastidor 8. Cubierta protectora 9. Motor del rotor 10. Rueda de desplazamiento<\/p>    <h2 class=\"wp-block-heading\"><strong><b>Par\u00e1metros t\u00e9cnicos de la cortadora de hierba<\/b><\/strong><\/h2>    <figure class=\"wp-block-table is-style-stripes\"><table><tbody><tr><td>Modelo<\/td><td>9RSZ-4<\/td><td>9RSZ-6<\/td><td>9RSZ-10<\/td><td>9RSZ-15<\/td><\/tr><tr><td>Potencia<\/td><td>7.5KW<\/td><td>15 2.2KW<\/td><td>22 3KW<\/td><td>30 5.5KW<\/td><\/tr><tr><td>Ancho de la bandeja de alimentaci\u00f3n<\/td><td>2860r\/min<\/td><td>2860r\/min<\/td><td>2860r\/min<\/td><td>2100r\/min<\/td><\/tr><tr><td>Capacidad<\/td><td>4t\/h<\/td><td>6t\/h<\/td><td>10t\/h<\/td><td>15t\/h<\/td><\/tr><tr><td>Cantidad de cuchillas<\/td><td>32PCS<\/td><td>40PCS<\/td><td>48PCS<\/td><td>64PCS<\/td><\/tr><tr><td>Ancho de la bandeja de alimentaci\u00f3n<\/td><td>240mm<\/td><td>300mm<\/td><td>500mm<\/td><td>800mm<\/td><\/tr><tr><td>Distancia de lanzamiento<\/td><td>M\u00e1s de 2300mm<\/td><td>M\u00e1s de 2300mm<\/td><td>M\u00e1s de 2300mm<\/td><td>M\u00e1s de 2300mm<\/td><\/tr><tr><td>Dimensi\u00f3n<\/td><td>2000*750*800mm<\/td><td>3000*900*1050mm<\/td><td>3600*930*1240mm<\/td><td>4200*1170*1250mm<\/td><\/tr><tr><td>Peso<\/td><td>300kg<\/td><td>980kg<\/td><td>1100kg<\/td><td>1400kg<\/td><\/tr><\/tbody><\/table><figcaption class=\"wp-element-caption\">Datos t\u00e9cnicos de la cortadora de paja<\/figcaption><\/figure>    <p class=\"translation-block\"><strong><span style=\"color: #ff0000\">Tipo dos: cortadora de paja de 6t\/h<\/span><\/strong><\/p>    <figure class=\"wp-block-image aligncenter wp-image-3701 size-full\"><img loading=\"lazy\" decoding=\"async\" width=\"600\" height=\"500\" src=\"https:\/\/www.agriculture-machine.com\/wp-content\/uploads\/2019\/05\/chaff-cutter-5.jpg\" alt=\"estructura de cortadora de hierba\" class=\"wp-image-3701\" srcset=\"https:\/\/www.agriculture-machine.com\/wp-content\/uploads\/2019\/05\/chaff-cutter-5.jpg 600w, https:\/\/www.agriculture-machine.com\/wp-content\/uploads\/2019\/05\/chaff-cutter-5-324x270.jpg 324w\" sizes=\"auto, (max-width: 600px) 100vw, 600px\" \/><figcaption class=\"wp-element-caption\">estructura de cortadora de hierba<\/figcaption><\/figure>    <h2 class=\"wp-block-heading\"><strong><b>Principio de funcionamiento <\/b><\/strong><strong><b>de la cortadora de c\u00e9sped<\/b><\/strong><\/h2>    <p>1. Encender el motor del rotor.<\/p>    <p>2. Encender el motor engranado autom\u00e1tico para impulsar el dispositivo de alimentaci\u00f3n autom\u00e1tica despu\u00e9s de que la operaci\u00f3n sea estable.<\/p>    <p>3. El operador distribuye uniformemente la paja en la placa de alimentaci\u00f3n autom\u00e1tica y la entrada gradualmente, y la materia prima entra en el tambor desde el dispositivo de corte a alta velocidad.<\/p>    <p>4. Las cuchillas golpean y rasgan, y en ese momento las convierten en forma filamentosa.<\/p>    <p>5. Finalmente, el c\u00e9sped se expulsa de la m\u00e1quina por fuerza centr\u00edfuga.<\/p>    <p class=\"translation-block\"><span style=\"color: #ff0000\"><strong>Tipo tres: cortadora de paja de 10t\/h y 16t\/h<\/strong><\/span><\/p>    <figure class=\"wp-block-image aligncenter wp-image-3698 size-full\"><img loading=\"lazy\" decoding=\"async\" width=\"600\" height=\"500\" src=\"https:\/\/www.agriculture-machine.com\/wp-content\/uploads\/2019\/05\/chaff-cutter-2.jpg\" alt=\"M\u00e1quina cortadora de paja\" class=\"wp-image-3698\" srcset=\"https:\/\/www.agriculture-machine.com\/wp-content\/uploads\/2019\/05\/chaff-cutter-2.jpg 600w, https:\/\/www.agriculture-machine.com\/wp-content\/uploads\/2019\/05\/chaff-cutter-2-324x270.jpg 324w\" sizes=\"auto, (max-width: 600px) 100vw, 600px\" \/><figcaption class=\"wp-element-caption\">M\u00e1quina cortadora de paja<\/figcaption><\/figure>    <h2 class=\"wp-block-heading\">Ventajas de la m\u00e1quina cortadora de c\u00e9sped<\/h2>    <ol class=\"wp-block-list\"> <li><strong><a href=\"https:\/\/www.agriculture-machine.com\/es\/chaff-cutter-and-grain-crusher\/\">M\u00e1quina cortadora de c\u00e9sped<\/a><\/strong> Adopta un dispositivo de alimentaci\u00f3n autom\u00e1tica con cadena que es adecuado para forraje con di\u00e1metro largo, ahorrando tiempo de trabajo.<\/li>    <li>Rodillo de doble empuje y dispositivo de corte para lograr un buen efecto de corte sin bloqueo, mejorando el trabajo.<\/li>    <li>La cortadora de c\u00e9sped est\u00e1 equipada con una rueda de desplazamiento desmontable para facilitar el movimiento.<\/li> <\/ol>    <h2 class=\"wp-block-heading\"><strong><b>C<\/b><\/strong><strong><b>Mal funcionamiento com\u00fan y soluci\u00f3n relacionada de la cortadora de c\u00e9sped<\/b><\/strong><\/h2>    <figure class=\"wp-block-table is-style-stripes\"><table><tbody><tr><td>Mal funcionamiento com\u00fan<\/td><td>Raz\u00f3n<\/td><td>Soluci\u00f3n<\/td><\/tr><tr><td>La materia prima est\u00e1 bloqueada o <p>Apagado por sobrecarga<\/p><\/td><td>Poner c\u00e9sped excesivo o colocarlos de manera desigual<\/td><td>1. sacar el c\u00e9sped <br>2. reducir la cantidad de c\u00e9sped <br>3. Poner el c\u00e9sped en la <span style=\"font-size: revert; font-family: inherit; font-weight: inherit; color: initial;\">Entrada uniforme<\/span><\/td><\/tr><tr><td rowspan=\"4\">Sonido anormal en la parte de trituraci\u00f3n<p><\/p> <p>Sonido anormal en la parte de trituraci\u00f3n<\/p><\/td><td>El tornillo est\u00e1 suelto<\/td><td>Apretar el perno<\/td><\/tr><tr><td>Hay metal o piedra en la m\u00e1quina<\/td><td>Detener la m\u00e1quina para revisar y reemplazar piezas de repuesto<\/td><\/tr><tr><td>La cu\u00f1a est\u00e1 rota y el martillo se mueve<\/td><td>La cu\u00f1a est\u00e1 rota y el martillo se mueve<\/td><\/tr><tr><td>La cu\u00f1a est\u00e1 rota y el martillo se mueve<\/td><td>Cambiar la cu\u00f1a<\/td><\/tr><tr><td rowspan=\"8\">Un movimiento violento de la m\u00e1quina <p>\u00a0<\/p><\/td><td>Un movimiento violento de la m\u00e1quina <p>\u00a0<\/p><\/td><td>Reinstalar seg\u00fan la disposici\u00f3n<\/td><\/tr><tr><td>La desviaci\u00f3n de peso de los dos conjuntos de martillos es excesiva<\/td><td>La desviaci\u00f3n de peso de los dos conjuntos de martillos no debe exceder los 5g.<\/td><\/tr><tr><td>Los martillos individuales no est\u00e1n bloqueados<\/td><td>Hacer que los martillos sean flexibles<\/td><\/tr><tr><td>Algunos rotores est\u00e1n desequilibrados o desgastados<\/td><td>El eje ha sido doblado<\/td><\/tr><tr><td>El eje ha sido doblado<\/td><td>Enderezar el eje o reemplazarlo<p><\/p> <p>&nbsp;<\/p><\/td><\/tr><tr><td>El rodamiento est\u00e1 da\u00f1ado<\/td><td>Reemplazar el rodamiento<\/td><\/tr><tr><td>Pernos de anclaje<\/td><td>Apretar los pernos de anclaje<p><\/p> <p>&nbsp;<\/p><\/td><\/tr><tr><td>El pasador de seguridad est\u00e1 da\u00f1ado y el martillo se mueve axialmente<\/td><td>Detener la cortadora de c\u00e9sped para limpiar<\/td><\/tr><tr><td rowspan=\"3\">&nbsp;<p><\/p> <p>La m\u00e1quina es inflexible<\/p><\/td><td>Partes giratorias con c\u00e9sped enredado<\/td><td>Detener la cortadora de c\u00e9sped para limpiar<\/td><\/tr><tr><td>El rodamiento est\u00e1 da\u00f1ado<\/td><td>Reemplazar el rodamiento <p>\u00a0<\/p><\/td><\/tr><tr><td>Falta de aceite lubricante<\/td><td>Agregar aceite lubricante a tiempo<\/td><\/tr><tr><td rowspan=\"2\">La salida est\u00e1 bloqueada<\/td><td>La correa en V est\u00e1 da\u00f1ada o suelta<\/td><td>Reemplazar o tensar la correa en V<p><\/p> <p>&nbsp;<\/p><\/td><\/tr><tr><td>La parte de trituraci\u00f3n est\u00e1 bloqueada<\/td><td>Eliminar la impureza<\/td><\/tr><tr><td rowspan=\"2\">&nbsp;<p><\/p> <p>Mal efecto de trituraci\u00f3n<\/p><\/td><td>El martillo y el dispositivo de trituraci\u00f3n est\u00e1n da\u00f1ados<\/td><td>Reemplazar martillo y dispositivo de trituraci\u00f3n<\/td><\/tr><tr><td>Baja velocidad del eje<\/td><td>Ajustar la correa en V a una tensi\u00f3n adecuada<\/td><\/tr><tr><td rowspan=\"5\">&nbsp;El rodamiento se sobrecalienta<\/td><td>Ajusta correctamente la tensi\u00f3n de la correa en V <p>Reemplazar el rodamiento<\/p><\/td><td>Demasiado o muy poco aceite lubricante<\/td><\/tr><tr><td>Agregar aceite lubricante adecuado<\/td><td>Ajustar correctamente la tensi\u00f3n de la correa en V<\/td><\/tr><tr><td>Ajustar la correa en V a una tensi\u00f3n adecuada<\/td><td>Ajustar la correa en V a una tensi\u00f3n adecuada<p><\/p> <p>El eje est\u00e1 doblado o el rotor est\u00e1 desequilibrado<\/p><\/td><\/tr><tr><td>Enderezar o reemplazar el eje, equilibrar el rotor<\/td><td>Trabajo prolongado con sobrecarga<\/td><\/tr><tr><td>Reducir la cantidad de c\u00e9sped<\/td><td>La correa en V se sobrecalienta<\/td><\/tr><tr><td rowspan=\"3\">Ajuste inadecuado de la correa en V<\/td><td>Verificar y cambiar la polea de la correa<\/td><td>La ranura de la polea de la correa est\u00e1 desgastada o la superficie es \u00e1spera<\/td><\/tr><tr><td>Verificar y cambiar la polea de la correa<\/td><td>El eje del polea principal y el eje de la polea de potencia no est\u00e1n paralelos, y la ranura de la correa no est\u00e1 alineada.<\/td><\/tr><tr><td>El eje principal y el eje de la polea de potencia son paralelos, y la ranura de la correa est\u00e1 alineada.<p><\/p> <p>&nbsp;<\/p><\/td><td>Algunos consejos sobre la cortadora de paja<\/td><\/tr><\/tbody><\/table><figcaption class=\"wp-element-caption\">Aplicaci\u00f3n de la cortadora de c\u00e9sped<\/figcaption><\/figure>    <figure class=\"wp-block-image aligncenter wp-image-3702 size-full\"><img loading=\"lazy\" decoding=\"async\" width=\"600\" height=\"500\" src=\"https:\/\/www.agriculture-machine.com\/wp-content\/uploads\/2019\/05\/chaff-cutter-6.jpg\" alt=\"Lista de piezas principales y piezas consumibles\" class=\"wp-image-3702\" srcset=\"https:\/\/www.agriculture-machine.com\/wp-content\/uploads\/2019\/05\/chaff-cutter-6.jpg 600w, https:\/\/www.agriculture-machine.com\/wp-content\/uploads\/2019\/05\/chaff-cutter-6-324x270.jpg 324w\" sizes=\"auto, (max-width: 600px) 100vw, 600px\" \/><figcaption class=\"wp-element-caption\">Lista de piezas principales y piezas consumibles<\/figcaption><\/figure>    <h2 class=\"wp-block-heading\">N\u00famero <strong>de la cortadora de c\u00e9sped<\/strong><\/h2>    <figure class=\"wp-block-table is-style-stripes\"><table><tbody><tr><td>Per\u00edodo de garant\u00eda de calidad<\/td><td>Nombre<\/td><td>Funci\u00f3n<\/td><td>Rodamiento<\/td><\/tr><tr><td>1<\/td><td>Tensi\u00f3n de la rueda de cadena<\/td><td>3 meses<\/td><td rowspan=\"7\">Rodillo superior<\/td><\/tr><tr><td>2<\/td><td>Tensi\u00f3n de la rueda de cadena<\/td><td>transportador<\/td><\/tr><tr><td>3<\/td><td>Tensi\u00f3n de la rueda de cadena<\/td><td>Debajo del rodillo<\/td><\/tr><tr><td>4<\/td><td>Tensi\u00f3n de la rueda de cadena<\/td><td>Eje<\/td><\/tr><tr><td>5<\/td><td>Tensi\u00f3n de la rueda de cadena<\/td><td>Cadena del rodillo<\/td><\/tr><tr><td>6<\/td><td>Cadena del rodillo transportador<\/td><td>Entrada<\/td><\/tr><tr><td>7<\/td><td>Correa en V<\/td><td>Entrada<\/td><\/tr><tr><td>8<\/td><td>Rotor<\/td><td>1 mes<\/td><td rowspan=\"2\">Interruptor de reversa<\/td><\/tr><tr><td>9<\/td><td>Rotor<\/td><td>Entrada<\/td><\/tr><tr><td>10<\/td><td>Armario el\u00e9ctrico<\/td><td>Entrada<\/td><td rowspan=\"2\">Rodillo superior<\/td><\/tr><tr><td>11<\/td><td>Control el\u00e9ctrico<\/td><td>&nbsp;&nbsp;&nbsp;&nbsp;martillo<p><\/p> <p>&nbsp;<\/p><\/td><\/tr><tr><td>12<\/td><td>martillo<\/td><td><\/td><td>Eje de martillo<\/td><\/tr><tr><td>13<\/td><td>Parte de corte<\/td><td><\/td><td rowspan=\"3\">Interruptor de reversa<\/td><\/tr><tr><td>14<\/td><td>La cubierta deslizante del rodillo superior<\/td><td><\/td><\/tr><tr><td>15<\/td><td>Repuestos de la cortadora de c\u00e9sped<\/td><td><\/td><\/tr><\/tbody><\/table><figcaption class=\"wp-element-caption\">Preguntas frecuentes de la cortadora de c\u00e9sped<\/figcaption><\/figure>    <h2 class=\"wp-block-heading\"><strong>\u00bfQu\u00e9 debo hacer si hay bloqueo?<\/strong><\/h2>   <div id=\"rank-math-faq\" class=\"rank-math-block\"> <div class=\"rank-math-list\"> <div id=\"faq-question-1706520256013\" class=\"rank-math-list-item\"> <h3 class=\"rank-math-question\">El interruptor de reversa se puede tirar a \u201cparar\u201d, y luego tirar a \u201creversa\u201d. Est\u00e1 estrictamente prohibido quitar la paja bloqueada a mano sin detener la cortadora de c\u00e9sped.<\/h3> <div class=\"rank-math-answer\">  <p>\u00bfC\u00f3mo aumentar la separaci\u00f3n del rodillo?<\/p>  <\/div> <\/div> <div id=\"faq-question-1706520259976\" class=\"rank-math-list-item\"> <h3 class=\"rank-math-question\">Ya sea una granja a gran escala o un peque\u00f1o productor, nuestras cortadoras de c\u00e9sped le ofrecen una soluci\u00f3n eficiente y conveniente para el manejo del c\u00e9sped. No dude en contactarnos en cualquier momento y nuestro equipo profesional estar\u00e1 encantado de brindarle informaci\u00f3n detallada sobre la m\u00e1quina, opciones de personalizaci\u00f3n y m\u00e1s servicios relacionados.<\/h3> <div class=\"rank-math-answer\">  <p class=\"translation-block\"><strong>First<\/strong>, loosen the center screw on the upper plate of the grass cutting machine, and adjust the sliding plate and sliding block clockwise.<br \/><strong>Second<\/strong>, adjust the bolt on both sides counterclockwise to the appropriate position. The gap between the two rollers should be Horizontally the same, and the upper and down rollers should be flexible.<br \/><strong>Finally<\/strong>, tighten the bolt on the center screw.<br \/>Adverse action will decrease the gap.<\/p>  <\/div> <\/div> <\/div> <\/div>   <h2 class=\"wp-block-heading\">Cont\u00e1ctenos en cualquier momento<\/h2>    <p>Whether you&#8217;re a large-scale farm or a smallholder, our grass cutting machines offer you an efficient and convenient solution for grass handling. Feel free to contact us anytime and our professional team will be happy to provide you with detailed information about the machine, customization options, and more related services.<\/p>","protected":false},"excerpt":{"rendered":"<p>Cortadora de c\u00e9sped eficiente de 4-15T\/H en venta<\/p>","protected":false},"author":1,"featured_media":3707,"parent":0,"comment_status":"closed","ping_status":"closed","template":"","tags":[2609,780],"product-type":[912],"class_list":["post-3696","product","type-product","status-publish","has-post-thumbnail","hentry","tag-cutter","tag-grass","product-type-chaff-cutter"],"_links":{"self":[{"href":"https:\/\/www.agriculture-machine.com\/es\/wp-json\/wp\/v2\/product\/3696","targetHints":{"allow":["GET"]}}],"collection":[{"href":"https:\/\/www.agriculture-machine.com\/es\/wp-json\/wp\/v2\/product"}],"about":[{"href":"https:\/\/www.agriculture-machine.com\/es\/wp-json\/wp\/v2\/types\/product"}],"author":[{"embeddable":true,"href":"https:\/\/www.agriculture-machine.com\/es\/wp-json\/wp\/v2\/users\/1"}],"replies":[{"embeddable":true,"href":"https:\/\/www.agriculture-machine.com\/es\/wp-json\/wp\/v2\/comments?post=3696"}],"wp:featuredmedia":[{"embeddable":true,"href":"https:\/\/www.agriculture-machine.com\/es\/wp-json\/wp\/v2\/media\/3707"}],"wp:attachment":[{"href":"https:\/\/www.agriculture-machine.com\/es\/wp-json\/wp\/v2\/media?parent=3696"}],"wp:term":[{"taxonomy":"post_tag","embeddable":true,"href":"https:\/\/www.agriculture-machine.com\/es\/wp-json\/wp\/v2\/tags?post=3696"},{"taxonomy":"product-type","embeddable":true,"href":"https:\/\/www.agriculture-machine.com\/es\/wp-json\/wp\/v2\/product-type?post=3696"}],"curies":[{"name":"wp","href":"https:\/\/api.w.org\/{rel}","templated":true}]}}