{"id":3731,"date":"2019-05-22T05:14:08","date_gmt":"2019-05-21T21:14:08","guid":{"rendered":"https:\/\/www.agriculture-machine.com\/?p=3731"},"modified":"2024-09-23T11:16:59","modified_gmt":"2024-09-23T03:16:59","slug":"animal-feed-cutting-grass-machine-straw-cutter-grass-cutter-with-great-capacity","status":"publish","type":"product","link":"https:\/\/www.agriculture-machine.com\/es\/animal-feed-cutting-grass-machine-straw-cutter-grass-cutter-with-great-capacity\/","title":{"rendered":"M\u00e1quina cortadora de hierba para alimentaci\u00f3n animal | Cortadora de paja | Cortadora de hierba de gran capacidad"},"content":{"rendered":"<p class=\"translation-block\">La <strong>m\u00e1quina cortadora de hierba de disco<\/strong> se usa para cortar hierba seca o h\u00fameda, paja de cultivo, tallos, etc., y tiene tres modelos, que son 9Z-1.2, 9Z-1.5 y 9Z-1.8. Los diferentes modelos de cortadoras de hierba tienen diferentes capacidades. Puede combinarse con un motor de 2.2-3kw, motor de gasolina y motor di\u00e9sel, y el tama\u00f1o de corte puede ser de 5mm,11mm o 15mm. La hierba triturada puede alimentar a diferentes animales como vacas, ovejas, gansos, pollos, etc.<\/p>   <p><iframe loading=\"lazy\" title=\"M\u00e1quina cortadora de paja y trituradora de granos a precio muy bajo\" width=\"500\" height=\"281\" src=\"https:\/\/www.youtube.com\/embed\/WTOfgH9OdSs?feature=oembed\" frameborder=\"0\" allow=\"accelerometer; autoplay; clipboard-write; encrypted-media; gyroscope; picture-in-picture; web-share\" referrerpolicy=\"strict-origin-when-cross-origin\" allowfullscreen><\/iframe><\/p>    <figure class=\"wp-block-image aligncenter wp-image-3736\"><img loading=\"lazy\" decoding=\"async\" width=\"750\" height=\"775\" src=\"https:\/\/www.agriculture-machine.com\/wp-content\/uploads\/2019\/05\/\u672a\u6807\u9898-1_01.jpg\" alt=\"M\u00e1quina cortadora de c\u00e9sped\" class=\"wp-image-3736\" srcset=\"https:\/\/www.agriculture-machine.com\/wp-content\/uploads\/2019\/05\/\u672a\u6807\u9898-1_01.jpg 750w, https:\/\/www.agriculture-machine.com\/wp-content\/uploads\/2019\/05\/\u672a\u6807\u9898-1_01-261x270.jpg 261w, https:\/\/www.agriculture-machine.com\/wp-content\/uploads\/2019\/05\/\u672a\u6807\u9898-1_01-523x540.jpg 523w\" sizes=\"auto, (max-width: 750px) 100vw, 750px\" \/><figcaption class=\"wp-element-caption\">M\u00e1quina cortadora de c\u00e9sped<\/figcaption><\/figure>    <figure class=\"wp-block-image aligncenter wp-image-3735\"><img loading=\"lazy\" decoding=\"async\" width=\"750\" height=\"750\" src=\"https:\/\/www.agriculture-machine.com\/wp-content\/uploads\/2019\/05\/\u672a\u6807\u9898-1.jpg\" alt=\"estructura de cortadora de hierba\" class=\"wp-image-3735\" srcset=\"https:\/\/www.agriculture-machine.com\/wp-content\/uploads\/2019\/05\/\u672a\u6807\u9898-1.jpg 750w, https:\/\/www.agriculture-machine.com\/wp-content\/uploads\/2019\/05\/\u672a\u6807\u9898-1-270x270.jpg 270w, https:\/\/www.agriculture-machine.com\/wp-content\/uploads\/2019\/05\/\u672a\u6807\u9898-1-540x540.jpg 540w\" sizes=\"auto, (max-width: 750px) 100vw, 750px\" \/><figcaption class=\"wp-element-caption\">estructura de cortadora de hierba<\/figcaption><\/figure>    <h2 class=\"wp-block-heading\">Par\u00e1metros t\u00e9cnicos de la cortadora de hierba<\/h2>    <figure class=\"wp-block-table is-style-stripes\"><table><tbody><tr><td>Modelo<\/td><td>9Z-1.2<\/td><td>9Z-1.5<\/td><td>9Z-1.8<\/td><\/tr><tr><td>Tipo de estructura<\/td><td>Tipo de disco<\/td><td>Tipo de disco<\/td><td>Tipo de disco<\/td><\/tr><tr><td>Potencia<\/td><td>2.2kw-3kw<\/td><td>2.2kw-3kw<\/td><td>2.2kw-3kw<\/td><\/tr><tr><td>Peso<\/td><td>80kg<\/td><td>90kg<\/td><td>100kg<\/td><\/tr><tr><td>Dimensi\u00f3n<\/td><td>660*995*1840mm<\/td><td>770*1010*1870mm<\/td><td>800*1010*1900mm<\/td><\/tr><tr><td>Capacidad<\/td><td>1200kg\/h<\/td><td>1500kg\/h<\/td><td>1800kg\/h<\/td><\/tr><tr><td>Velocidad del eje principal<\/td><td>950r\/min<\/td><td>950r\/min<\/td><td>950r\/min<\/td><\/tr><tr><td>Di\u00e1metro del rotor<\/td><td>470mm<\/td><td>510mm<\/td><td>560mm<\/td><\/tr><tr><td>Cantidad de cuchillas<\/td><td>6pcs<\/td><td>6pcs<\/td><td>6pcs<\/td><\/tr><tr><td>Forma de la cuchilla<\/td><td>Rect\u00e1ngulo<\/td><td>Rect\u00e1ngulo<\/td><td>Rect\u00e1ngulo<\/td><\/tr><tr><td>Velocidad del rodillo de alimentaci\u00f3n<\/td><td>360r\/min<\/td><td>360r\/min<\/td><td>360r\/min<\/td><\/tr><tr><td>Modo de alimentaci\u00f3n<\/td><td>Manual<\/td><td>Manual<\/td><td>Manual<\/td><\/tr><tr><td>Tama\u00f1o de corte<\/td><td>5mm,11mm,15mm<\/td><td>5mm,11mm,15mm<\/td><td>5mm,11mm,15mm<\/td><\/tr><tr><td>Ancho de entrada de alimentaci\u00f3n<\/td><td>170mm<\/td><td>180mm<\/td><td>220mm<\/td><\/tr><\/tbody><\/table><figcaption class=\"wp-element-caption\">Datos t\u00e9cnicos de la m\u00e1quina cortadora de hierba<\/figcaption><\/figure>    <h2 class=\"wp-block-heading\">La ventaja de la m\u00e1quina cortadora de hierba<\/h2>    <ol class=\"wp-block-list\"> <li>Estructura razonable. La salida larga facilita la descarga de la hierba y tres engranajes pueden controlar la longitud de la hierba. Adem\u00e1s, la estanter\u00eda debajo de la entrada puede soportar el peso de un motor de gasolina.<\/li>    <li>Cuatro ruedas facilitan su movimiento.<\/li>    <li>Gran rendimiento y es ligero. El peso de la m\u00e1quina es de aproximadamente 90kg, pero su capacidad es de 1.5t\/h.<\/li>    <li>El tama\u00f1o de corte puede ajustarse seg\u00fan sus necesidades, es decir, 5mm,11mm,15mm.<\/li>    <li>El efecto de trituraci\u00f3n de la cortadora de hierba animal es muy bueno, y la producci\u00f3n final puede usarse para alimentar animales.<\/li>    <li>Puedes elegir diferentes modelos seg\u00fan tus necesidades.<\/li>    <li>La cuchilla dentro de la m\u00e1quina es muy afilada, con una larga vida \u00fatil, y puede cortar completamente la hierba.<\/li>    <li>La m\u00e1quina cortadora de hierba es f\u00e1cil de operar y solo una persona puede completar el proceso.<\/li> <\/ol>    <figure class=\"wp-block-image aligncenter wp-image-3732\"><img decoding=\"async\" src=\"https:\/\/www.agriculture-machine.com\/wp-content\/uploads\/2019\/05\/DSC_3842.jpg\" alt=\"sitio de prueba de la m\u00e1quina cortadora de mazorcas\" class=\"wp-image-3732\"\/><figcaption class=\"wp-element-caption\">sitio de prueba de la m\u00e1quina cortadora de mazorcas<\/figcaption><\/figure>    <figure class=\"wp-block-image aligncenter wp-image-3733\"><img decoding=\"async\" src=\"https:\/\/www.agriculture-machine.com\/wp-content\/uploads\/2019\/05\/DSC_3848.jpg\" alt=\"m\u00e1quina cortadora de paja\" class=\"wp-image-3733\"\/><figcaption class=\"wp-element-caption\">m\u00e1quina cortadora de paja<\/figcaption><\/figure>    <h2 class=\"wp-block-heading\">Principio de funcionamiento de la m\u00e1quina cortadora de hierba<\/h2>    <ol class=\"wp-block-list\"> <li>Primero, coloque la hierba en la tolva de alimentaci\u00f3n.<\/li>    <li>Hay tres engranajes, incluyendo engranaje largo, medio y corto, que pueden controlar la longitud de la hierba. 6 cuchillas y los martillos cortan y trituran completamente la hierba en este momento.<\/li>    <li>Despu\u00e9s de unos segundos, la hierba ser\u00e1 descargada por la salida.<\/li> <\/ol>    <figure class=\"wp-block-image aligncenter wp-image-3734\"><img decoding=\"async\" src=\"https:\/\/www.agriculture-machine.com\/wp-content\/uploads\/2019\/05\/DSC_3851.jpg\" alt=\"efecto de corte de la cortadora de paja\" class=\"wp-image-3734\"\/><figcaption class=\"wp-element-caption\">efecto de corte de la cortadora de paja<\/figcaption><\/figure>    <h2 class=\"wp-block-heading\"><span style=\"color: #ff0000;\">Preocupaci\u00f3n por la siega de hierba<\/span><\/h2>    <ol class=\"wp-block-list\"> <li>Retire objetos duros como palos de madera, hierros, piedras, etc., en la cortadora de hierba animal.<\/li>    <li>Instale la caja de control de velocidad seg\u00fan la longitud de la hierba que necesita.<\/li>    <li>Encienda la fuente de alimentaci\u00f3n y deje que la m\u00e1quina funcione en modo ocioso durante unos minutos. Luego, tome la cantidad adecuada de hierba y col\u00f3quela uniformemente en la entrada de alimentaci\u00f3n para evitar situaciones anormales. Demasiada hierba causar\u00e1 una sobrecarga y detendr\u00e1 la m\u00e1quina, de lo contrario, afectar\u00e1 la eficiencia de corte.<\/li>    <li>Al detenerse, deje que la m\u00e1quina funcione en modo ocioso durante dos minutos. Sopla el polvo y las malezas dentro de la cortadora de hierba animal, luego apaga la m\u00e1quina y ajusta la manija a la posici\u00f3n de \u201cparada\u201d.<\/li>    <li>Al usar un motor di\u00e9sel o potencia de tractor, la v\u00e1lvula del motor di\u00e9sel debe controlarse adecuadamente (generalmente se usa la v\u00e1lvula media). Si es demasiado grande, causar\u00e1 un gasto excesivo de la m\u00e1quina. De lo contrario, afecta la eficiencia del trabajo.<\/li>    <li>The gearbox handle of this machine has 3 gear positions, push the handle to the (in) position during normal use. When the feeding is too blocked, push the handle to the \u201cstop\u201d position, wait for a moment, and then push To the &#8220;return&#8221; position. You shall reduce the feeding amount and re-work. When the operation stops, the handle is adjusted to the &#8220;stop&#8221; position; when the handle is pushed, the pushing force should be appropriate.<\/li> <\/ol>    <h2 class=\"wp-block-heading\">Preguntas frecuentes sobre la m\u00e1quina cortadora de hierba<\/h2>   <div id=\"rank-math-faq\" class=\"rank-math-block\"> <div class=\"rank-math-list\"> <div id=\"faq-question-1707040336268\" class=\"rank-math-list-item\"> <h3 class=\"rank-math-question\">\u00bfCu\u00e1ntas cuchillas hay dentro de la m\u00e1quina? \u00bfY la forma de la cuchilla?<\/h3> <div class=\"rank-math-answer\">  <p>Hay 6 cuchillas.<\/p>  <\/div> <\/div> <div id=\"faq-question-1707040349705\" class=\"rank-math-list-item\"> <h3 class=\"rank-math-question\">\u00bfCu\u00e1l es la forma de las cuchillas?<\/h3> <div class=\"rank-math-answer\">  <p>Se parecen a rect\u00e1ngulos.<\/p>  <\/div> <\/div> <div id=\"faq-question-1707040362057\" class=\"rank-math-list-item\"> <h3 class=\"rank-math-question\">\u00bfCu\u00e1l es el tama\u00f1o de corte de la hierba final?<\/h3> <div class=\"rank-math-answer\">  <p>5mm,11mm y 15mm.<\/p>  <\/div> <\/div> <div id=\"faq-question-1707040375585\" class=\"rank-math-list-item\"> <h3 class=\"rank-math-question\">\u00bfTiene otras m\u00e1quinas con diferentes capacidades?<\/h3> <div class=\"rank-math-answer\">  <p class=\"translation-block\">S\u00ed, tenemos. La capacidad de esta <strong><a href=\"https:\/\/www.agriculture-machine.com\/es\/small-chaff-cutter\/\"><em>m\u00e1quina cortadora de paja<\/em><\/a><\/strong> es de 1.5t\/h. Tambi\u00e9n tenemos m\u00e1quinas de 2t\/h a 10t\/h.<\/p>  <\/div> <\/div> <div id=\"faq-question-1707040389913\" class=\"rank-math-list-item\"> <h3 class=\"rank-math-question\">\u00bfPara qu\u00e9 se puede usar la hierba triturada?<\/h3> <div class=\"rank-math-answer\">  <p>La hierba triturada puede usarse para alimentar animales.<\/p>  <\/div> <\/div> <\/div> <\/div>","protected":false},"excerpt":{"rendered":"<p>Esta m\u00e1quina cortadora de hierba puede combinarse con un motor de 2.2kw, motor de gasolina y di\u00e9sel, y el tama\u00f1o de corte puede ser de 5mm,11mm,15mm. La hierba triturada puede alimentar a diferentes animales como vacas, ovejas, gansos, pollos, etc.\u00a0<\/p>","protected":false},"author":1,"featured_media":14626,"parent":0,"comment_status":"closed","ping_status":"closed","template":"","tags":[2609,2630],"product-type":[912,876],"class_list":["post-3731","product","type-product","status-publish","has-post-thumbnail","hentry","tag-cutter","tag-feed","product-type-chaff-cutter","product-type-silage-machine"],"_links":{"self":[{"href":"https:\/\/www.agriculture-machine.com\/es\/wp-json\/wp\/v2\/product\/3731","targetHints":{"allow":["GET"]}}],"collection":[{"href":"https:\/\/www.agriculture-machine.com\/es\/wp-json\/wp\/v2\/product"}],"about":[{"href":"https:\/\/www.agriculture-machine.com\/es\/wp-json\/wp\/v2\/types\/product"}],"author":[{"embeddable":true,"href":"https:\/\/www.agriculture-machine.com\/es\/wp-json\/wp\/v2\/users\/1"}],"replies":[{"embeddable":true,"href":"https:\/\/www.agriculture-machine.com\/es\/wp-json\/wp\/v2\/comments?post=3731"}],"wp:featuredmedia":[{"embeddable":true,"href":"https:\/\/www.agriculture-machine.com\/es\/wp-json\/wp\/v2\/media\/14626"}],"wp:attachment":[{"href":"https:\/\/www.agriculture-machine.com\/es\/wp-json\/wp\/v2\/media?parent=3731"}],"wp:term":[{"taxonomy":"post_tag","embeddable":true,"href":"https:\/\/www.agriculture-machine.com\/es\/wp-json\/wp\/v2\/tags?post=3731"},{"taxonomy":"product-type","embeddable":true,"href":"https:\/\/www.agriculture-machine.com\/es\/wp-json\/wp\/v2\/product-type?post=3731"}],"curies":[{"name":"wp","href":"https:\/\/api.w.org\/{rel}","templated":true}]}}