{"id":3912,"date":"2019-06-16T23:43:24","date_gmt":"2019-06-16T15:43:24","guid":{"rendered":"https:\/\/www.agriculture-machine.com\/?p=3912"},"modified":"2024-09-18T16:12:11","modified_gmt":"2024-09-18T08:12:11","slug":"rope-braiding-machine","status":"publish","type":"product","link":"https:\/\/www.agriculture-machine.com\/es\/rope-braiding-machine\/","title":{"rendered":"M\u00e1quina de fabricaci\u00f3n de cuerdas \/ m\u00e1quina de trenzado de cuerdas 2020 NUEVO DISE\u00d1O"},"content":{"rendered":"<p class=\"translation-block\"><strong>La m\u00e1quina de hacer cuerdas<\/strong> es una buena herramienta para trenzar cuerdas, incluyendo placa de cuerda, motor, chasis, una rueda grande con una correa, y la materia prima puede ser paja de trigo, paja de arroz y otras hierbas. Puedes ajustar el di\u00e1metro de la cuerda cambiando las diferentes entradas que parecen una trompeta. La cuerda final puede aplicarse ampliamente a la protecci\u00f3n de \u00e1rboles y ladrillos, paquetes de verduras, etc.<\/p> <p><img loading=\"lazy\" decoding=\"async\" class=\"alignnone size-full wp-image-3921\" src=\"https:\/\/www.agriculture-machine.com\/wp-content\/uploads\/2019\/06\/rope-making-machine-9.jpg\" alt=\"\" width=\"600\" height=\"500\" srcset=\"https:\/\/www.agriculture-machine.com\/wp-content\/uploads\/2019\/06\/rope-making-machine-9.jpg 600w, https:\/\/www.agriculture-machine.com\/wp-content\/uploads\/2019\/06\/rope-making-machine-9-324x270.jpg 324w\" sizes=\"auto, (max-width: 600px) 100vw, 600px\" \/><\/p> <h2>Par\u00e1metro t\u00e9cnico de la m\u00e1quina de hacer cuerdas<\/h2> <table> <tbody> <tr> <td width=\"284\">Modelo<\/td> <td width=\"284\">\u00a0\u00a0SL-450<\/td> <\/tr> <tr> <td width=\"284\">Potencia<\/td> <td width=\"284\">120w,220v,50HZ<\/td> <\/tr> <tr> <td width=\"284\">Di\u00e1metro<\/td> <td width=\"284\">\u00a04-30mm<\/td> <\/tr> <tr> <td width=\"284\">Peso neto<\/td> <td width=\"284\">\u00a040kg<\/td> <\/tr> <tr> <td width=\"284\">Capacidad<\/td> <td width=\"284\">\u00a05m\/s<\/td> <\/tr> <tr> <td width=\"284\">Tama\u00f1o<\/td> <td width=\"284\">\u00a097*40*60mm<\/td> <\/tr> <\/tbody> <\/table> <h2>Ventaja de la m\u00e1quina de hacer cuerdas<\/h2> <p class=\"translation-block\">1. <strong>M\u00e1quina de hacer cuerdas<\/strong> para la venta es f\u00e1cil de operar y una persona puede terminarla.<\/p> <ol start=\"2\"> <li>Este<strong> m\u00e1quina de trenzado de cuerdas<\/strong> hecho en casa, utiliza completamente las pajas o hierbas desperdiciadas, evitando que contaminen el medio ambiente.<\/li> <li>Amplia aplicaci\u00f3n. La cuerda terminada puede usarse para proteger \u00e1rboles, agrupar verduras y decorar artesan\u00edas, etc.<\/li> <li><strong>M\u00e1quina de retorcer cuerdas<\/strong> es muy peque\u00f1a y adecuada para uso dom\u00e9stico.<\/li> <\/ol> <p><img loading=\"lazy\" decoding=\"async\" class=\"alignnone size-full wp-image-3922\" src=\"https:\/\/www.agriculture-machine.com\/wp-content\/uploads\/2019\/06\/rope-making-machine-10.jpg\" alt=\"\" width=\"600\" height=\"500\" srcset=\"https:\/\/www.agriculture-machine.com\/wp-content\/uploads\/2019\/06\/rope-making-machine-10.jpg 600w, https:\/\/www.agriculture-machine.com\/wp-content\/uploads\/2019\/06\/rope-making-machine-10-324x270.jpg 324w\" sizes=\"auto, (max-width: 600px) 100vw, 600px\" \/><\/p> <h2>Principio de funcionamiento de la m\u00e1quina de hacer cuerdas<\/h2> <ol> <li>El usuario coloca la paja en dos entradas al mismo tiempo,<\/li> <li>Bajo la rotaci\u00f3n constante de la m\u00e1quina de trenzado de cuerdas, y las dos cuerdas gruesas se retuercen en una sola cuerda.<\/li> <li>La longitud de la cuerda se alarga durante la operaci\u00f3n.<\/li> <li>Los usuarios pueden detener la operaci\u00f3n cuando el di\u00e1metro sea casi igual a las dos entradas.<\/li> <\/ol> <p>5. Finalmente, el operador gira el tornillo, alej\u00e1ndose de las dos placas, y luego la cuerda puede sacarse del eje central.<\/p> <p><img loading=\"lazy\" decoding=\"async\" class=\"alignnone size-full wp-image-3915\" src=\"https:\/\/www.agriculture-machine.com\/wp-content\/uploads\/2019\/06\/rope-making-machine-3.jpg\" alt=\"\" width=\"600\" height=\"500\" srcset=\"https:\/\/www.agriculture-machine.com\/wp-content\/uploads\/2019\/06\/rope-making-machine-3.jpg 600w, https:\/\/www.agriculture-machine.com\/wp-content\/uploads\/2019\/06\/rope-making-machine-3-324x270.jpg 324w\" sizes=\"auto, (max-width: 600px) 100vw, 600px\" \/><\/p> <h2>Caso de \u00e9xito de la m\u00e1quina de hacer cuerdas<\/h2> <p class=\"translation-block\">A principios de abril, exportamos una m\u00e1quina de hacer cuerdas retorcidas de 20GP  a Sud\u00e1frica y los detalles del embalaje son los siguientes.<\/p> <p><img loading=\"lazy\" decoding=\"async\" class=\"alignnone size-full wp-image-3916\" src=\"https:\/\/www.agriculture-machine.com\/wp-content\/uploads\/2019\/06\/rope-making-machine-4.jpg\" alt=\"\" width=\"600\" height=\"500\" srcset=\"https:\/\/www.agriculture-machine.com\/wp-content\/uploads\/2019\/06\/rope-making-machine-4.jpg 600w, https:\/\/www.agriculture-machine.com\/wp-content\/uploads\/2019\/06\/rope-making-machine-4-324x270.jpg 324w\" sizes=\"auto, (max-width: 600px) 100vw, 600px\" \/><\/p> <p><img loading=\"lazy\" decoding=\"async\" class=\"alignnone size-full wp-image-3917\" src=\"https:\/\/www.agriculture-machine.com\/wp-content\/uploads\/2019\/06\/rope-making-machine-5.jpg\" alt=\"\" width=\"600\" height=\"500\" srcset=\"https:\/\/www.agriculture-machine.com\/wp-content\/uploads\/2019\/06\/rope-making-machine-5.jpg 600w, https:\/\/www.agriculture-machine.com\/wp-content\/uploads\/2019\/06\/rope-making-machine-5-324x270.jpg 324w\" sizes=\"auto, (max-width: 600px) 100vw, 600px\" \/><\/p> <p><img loading=\"lazy\" decoding=\"async\" class=\"alignnone size-full wp-image-3918\" src=\"https:\/\/www.agriculture-machine.com\/wp-content\/uploads\/2019\/06\/rope-making-machine-6.jpg\" alt=\"\" width=\"600\" height=\"500\" srcset=\"https:\/\/www.agriculture-machine.com\/wp-content\/uploads\/2019\/06\/rope-making-machine-6.jpg 600w, https:\/\/www.agriculture-machine.com\/wp-content\/uploads\/2019\/06\/rope-making-machine-6-324x270.jpg 324w\" sizes=\"auto, (max-width: 600px) 100vw, 600px\" \/><\/p> <h2>Preguntas frecuentes sobre la m\u00e1quina de hacer cuerdas<\/h2> <ol> <li>\u00bfPuedo ajustar el di\u00e1metro de la <strong>m\u00e1quina de trenzado de cuerdas<\/strong>?<\/li> <\/ol> <p>S\u00ed, se puede ajustar cambiando las diferentes entradas, y el di\u00e1metro var\u00eda de 4 a 30 mm.<\/p> <ol start=\"2\"> <li>\u00bfCu\u00e1ntas entradas diferentes tienes?<\/li> <\/ol> <p>Disponemos de 6mm, 7mm, 7.5mm, 8mm, 9mm, 10mm, 11mm, 13mm, 15mm, 20mm y 2.5cm. Puedes elegir diferentes seg\u00fan tus necesidades.<\/p> <p><img loading=\"lazy\" decoding=\"async\" class=\"alignnone size-full wp-image-3919\" src=\"https:\/\/www.agriculture-machine.com\/wp-content\/uploads\/2019\/06\/rope-making-machine-7.jpg\" alt=\"\" width=\"600\" height=\"500\" srcset=\"https:\/\/www.agriculture-machine.com\/wp-content\/uploads\/2019\/06\/rope-making-machine-7.jpg 600w, https:\/\/www.agriculture-machine.com\/wp-content\/uploads\/2019\/06\/rope-making-machine-7-324x270.jpg 324w\" sizes=\"auto, (max-width: 600px) 100vw, 600px\" \/><\/p> <ol start=\"3\"> <li>\u00bfCu\u00e1l es la materia prima?<\/li> <\/ol> <p>La materia prima puede ser paja de trigo, paja de arroz y otras hierbas.<\/p> <ol start=\"4\"> <li>\u00bfCu\u00e1ntas entradas tiene la m\u00e1quina?<\/li> <\/ol> <p>Hay dos entradas, lo que significa que la materia prima se colocar\u00e1 en ambos lados de las entradas.<\/p> <p>&nbsp;<\/p> <p>&nbsp;<\/p> <p>&nbsp;<\/p> <p>&nbsp;<\/p>","protected":false},"excerpt":{"rendered":"<p>Rope making machine is a good tool to braid ropes including rope plate, motor, chassis, a big wheel with a belt, and the raw material can be wheat straw, rice straw and other grasses. You can adjust the diameter of the rope by changing different inlets that looks like a trumpet. The final rope can [&hellip;]<\/p>\n","protected":false},"author":1,"featured_media":3921,"parent":0,"comment_status":"closed","ping_status":"closed","template":"","tags":[2620],"product-type":[1,919],"class_list":["post-3912","product","type-product","status-publish","has-post-thumbnail","hentry","tag-rope","product-type-other","product-type-rice-straw-rope-machine"],"_links":{"self":[{"href":"https:\/\/www.agriculture-machine.com\/es\/wp-json\/wp\/v2\/product\/3912","targetHints":{"allow":["GET"]}}],"collection":[{"href":"https:\/\/www.agriculture-machine.com\/es\/wp-json\/wp\/v2\/product"}],"about":[{"href":"https:\/\/www.agriculture-machine.com\/es\/wp-json\/wp\/v2\/types\/product"}],"author":[{"embeddable":true,"href":"https:\/\/www.agriculture-machine.com\/es\/wp-json\/wp\/v2\/users\/1"}],"replies":[{"embeddable":true,"href":"https:\/\/www.agriculture-machine.com\/es\/wp-json\/wp\/v2\/comments?post=3912"}],"wp:featuredmedia":[{"embeddable":true,"href":"https:\/\/www.agriculture-machine.com\/es\/wp-json\/wp\/v2\/media\/3921"}],"wp:attachment":[{"href":"https:\/\/www.agriculture-machine.com\/es\/wp-json\/wp\/v2\/media?parent=3912"}],"wp:term":[{"taxonomy":"post_tag","embeddable":true,"href":"https:\/\/www.agriculture-machine.com\/es\/wp-json\/wp\/v2\/tags?post=3912"},{"taxonomy":"product-type","embeddable":true,"href":"https:\/\/www.agriculture-machine.com\/es\/wp-json\/wp\/v2\/product-type?post=3912"}],"curies":[{"name":"wp","href":"https:\/\/api.w.org\/{rel}","templated":true}]}}