{"id":4647,"date":"2019-09-06T05:48:10","date_gmt":"2019-09-05T21:48:10","guid":{"rendered":"https:\/\/www.agriculture-machine.com\/?p=4647"},"modified":"2024-09-23T11:20:42","modified_gmt":"2024-09-23T03:20:42","slug":"garri-production-line-garri-flour-making-machine","status":"publish","type":"product","link":"https:\/\/www.agriculture-machine.com\/es\/garri-production-line-garri-flour-making-machine\/","title":{"rendered":"L\u00ednea de producci\u00f3n de gari \/ m\u00e1quina de fabricaci\u00f3n de harina de gari"},"content":{"rendered":"<p class=\"translation-block\"><strong>L\u00ednea de producci\u00f3n de garri<\/strong> es muy famosa en el mercado africano, ya que hay muchas tierras de garri, y a la gente all\u00ed tambi\u00e9n le gusta comerlo. La l\u00ednea de procesamiento de garri puede producir garri a partir de yuca, lo cual requiere un proceso bastante complicado. Sin embargo, como alimento com\u00fan en \u00c1frica, especialmente en Nigeria, un n\u00famero creciente de comerciantes compra esta l\u00ednea de producci\u00f3n en nuestra f\u00e1brica, y venden garri al por mayor despu\u00e9s del procesamiento. \u00bfC\u00f3mo convertir la yuca en garri? Te dar\u00e9 una breve descripci\u00f3n ahora.<\/p> <p><img loading=\"lazy\" decoding=\"async\" class=\"alignnone size-full wp-image-4661\" src=\"https:\/\/www.agriculture-machine.com\/wp-content\/uploads\/2019\/09\/cassava-production-line-13.jpg\" alt=\"\" width=\"720\" height=\"540\" srcset=\"https:\/\/www.agriculture-machine.com\/wp-content\/uploads\/2019\/09\/cassava-production-line-13.jpg 720w, https:\/\/www.agriculture-machine.com\/wp-content\/uploads\/2019\/09\/cassava-production-line-13-360x270.jpg 360w, https:\/\/www.agriculture-machine.com\/wp-content\/uploads\/2019\/09\/cassava-production-line-13-240x180.jpg 240w\" sizes=\"auto, (max-width: 720px) 100vw, 720px\" \/><\/p> <p>Durante la l\u00ednea de producci\u00f3n de garri, necesitas m\u00e1quina de pelado y lavado de yuca, m\u00e1quina de trituraci\u00f3n de yuca, m\u00e1quina de prensado hidr\u00e1ulico, m\u00e1quina de molienda de yuca y m\u00e1quina de cribado. Por supuesto, si quieres envasar el garri en bolsas, es necesario comprar una m\u00e1quina de embalaje.<\/p> <p>&nbsp;<\/p> <h2>M\u00e1quina de lavado y pelado de yuca<\/h2> <p>Puede eliminar la tierra, arena y otras impurezas en la superficie de la yuca, y el agua debe estar limpia y sin contaminaci\u00f3n. Luego, se pelan y se transportan mediante tornillo. La tasa de pelado es del 70%-80%.<\/p> <p><img loading=\"lazy\" decoding=\"async\" class=\"alignnone size-full wp-image-4649\" src=\"https:\/\/www.agriculture-machine.com\/wp-content\/uploads\/2019\/09\/cassava-production-line-1.jpg\" alt=\"\" width=\"720\" height=\"540\" srcset=\"https:\/\/www.agriculture-machine.com\/wp-content\/uploads\/2019\/09\/cassava-production-line-1.jpg 720w, https:\/\/www.agriculture-machine.com\/wp-content\/uploads\/2019\/09\/cassava-production-line-1-360x270.jpg 360w, https:\/\/www.agriculture-machine.com\/wp-content\/uploads\/2019\/09\/cassava-production-line-1-240x180.jpg 240w\" sizes=\"auto, (max-width: 720px) 100vw, 720px\" \/><\/p> <h2>M\u00e1quina de trituraci\u00f3n de yuca<\/h2> <p>Bajo la fuerza de los rodillos giratorios, la yuca se tritura en peque\u00f1os trozos. El orificio de descarga est\u00e1 en la parte inferior de la m\u00e1quina, y debes colocar un recipiente para recoger la salida.<\/p> <p><img loading=\"lazy\" decoding=\"async\" class=\"alignnone size-full wp-image-4651\" src=\"https:\/\/www.agriculture-machine.com\/wp-content\/uploads\/2019\/09\/cassava-production-line-3.jpg\" alt=\"\" width=\"720\" height=\"540\" srcset=\"https:\/\/www.agriculture-machine.com\/wp-content\/uploads\/2019\/09\/cassava-production-line-3.jpg 720w, https:\/\/www.agriculture-machine.com\/wp-content\/uploads\/2019\/09\/cassava-production-line-3-360x270.jpg 360w, https:\/\/www.agriculture-machine.com\/wp-content\/uploads\/2019\/09\/cassava-production-line-3-240x180.jpg 240w\" sizes=\"auto, (max-width: 720px) 100vw, 720px\" \/><\/p> <h2>M\u00e1quina hidr\u00e1ulica de prensado de yuca<\/h2> <p>Antes de trabajar, debes colocar los trozos de yuca en una bolsa, y luego ponerlos en la m\u00e1quina. El dispositivo hidr\u00e1ulico puede presionar completamente la yuca, y hay dos salidas, una para el agua exprimida y otra para la malla de yuca. El agua se puede usar para extraer almid\u00f3n.<\/p> <p><img loading=\"lazy\" decoding=\"async\" class=\"alignnone size-full wp-image-4653\" src=\"https:\/\/www.agriculture-machine.com\/wp-content\/uploads\/2019\/09\/cassava-production-line-5.jpg\" alt=\"\" width=\"720\" height=\"540\" srcset=\"https:\/\/www.agriculture-machine.com\/wp-content\/uploads\/2019\/09\/cassava-production-line-5.jpg 720w, https:\/\/www.agriculture-machine.com\/wp-content\/uploads\/2019\/09\/cassava-production-line-5-360x270.jpg 360w, https:\/\/www.agriculture-machine.com\/wp-content\/uploads\/2019\/09\/cassava-production-line-5-240x180.jpg 240w\" sizes=\"auto, (max-width: 720px) 100vw, 720px\" \/><\/p> <p>El siguiente paso es fermentar la yuca prensada en p\u00fablico durante 24 horas.<\/p> <h2>M\u00e1quina de molienda de yuca<\/h2> <p>La m\u00e1quina de molienda es para moler la pulpa de yuca en polvo fino con tama\u00f1o uniforme. La m\u00e1quina tiene martillos que pueden triturar completamente la yuca.<\/p> <p><img loading=\"lazy\" decoding=\"async\" class=\"alignnone size-full wp-image-4655\" src=\"https:\/\/www.agriculture-machine.com\/wp-content\/uploads\/2019\/09\/cassava-production-line-7.jpg\" alt=\"\" width=\"720\" height=\"540\" srcset=\"https:\/\/www.agriculture-machine.com\/wp-content\/uploads\/2019\/09\/cassava-production-line-7.jpg 720w, https:\/\/www.agriculture-machine.com\/wp-content\/uploads\/2019\/09\/cassava-production-line-7-360x270.jpg 360w, https:\/\/www.agriculture-machine.com\/wp-content\/uploads\/2019\/09\/cassava-production-line-7-240x180.jpg 240w\" sizes=\"auto, (max-width: 720px) 100vw, 720px\" \/><\/p> <h2>M\u00e1quina de fre\u00edr yuca<\/h2> <p>Fre\u00edr la yuca es un paso muy importante porque puede eliminar las sustancias t\u00f3xicas durante el calentamiento. La temperatura de calentamiento es de alrededor de 40-50 grados cent\u00edgrados, y el tiempo de calentamiento tambi\u00e9n es corto. El polvo de yuca puede calentarse de manera uniforme debido a la agitaci\u00f3n constante del mezclador.<\/p> <p><img loading=\"lazy\" decoding=\"async\" class=\"alignnone size-full wp-image-4658\" src=\"https:\/\/www.agriculture-machine.com\/wp-content\/uploads\/2019\/09\/cassava-production-line-10.jpg\" alt=\"\" width=\"720\" height=\"540\" srcset=\"https:\/\/www.agriculture-machine.com\/wp-content\/uploads\/2019\/09\/cassava-production-line-10.jpg 720w, https:\/\/www.agriculture-machine.com\/wp-content\/uploads\/2019\/09\/cassava-production-line-10-360x270.jpg 360w, https:\/\/www.agriculture-machine.com\/wp-content\/uploads\/2019\/09\/cassava-production-line-10-240x180.jpg 240w\" sizes=\"auto, (max-width: 720px) 100vw, 720px\" \/><\/p> <h2>M\u00e1quina de cribado<\/h2> <p>Se usa para separar el garri grueso del fino porque el garri fino tiene mejor sabor, y se vende en el mercado. Adem\u00e1s, la m\u00e1quina de cribado tiene pantallas de tres capas, por lo que el efecto de cribado es muy bueno.<\/p> <p><img loading=\"lazy\" decoding=\"async\" class=\"alignnone size-full wp-image-4660\" src=\"https:\/\/www.agriculture-machine.com\/wp-content\/uploads\/2019\/09\/cassava-production-line-12.jpg\" alt=\"\" width=\"720\" height=\"540\" srcset=\"https:\/\/www.agriculture-machine.com\/wp-content\/uploads\/2019\/09\/cassava-production-line-12.jpg 720w, https:\/\/www.agriculture-machine.com\/wp-content\/uploads\/2019\/09\/cassava-production-line-12-360x270.jpg 360w, https:\/\/www.agriculture-machine.com\/wp-content\/uploads\/2019\/09\/cassava-production-line-12-240x180.jpg 240w\" sizes=\"auto, (max-width: 720px) 100vw, 720px\" \/><\/p> <h2>Caso de \u00e9xito<\/h2> <p class=\"translation-block\">Ou<strong>nuestra m\u00e1quina de procesamiento de garri<\/strong> es preferida por los clientes nigerianos, hasta ahora, hemos vendido numerosas l\u00edneas all\u00ed. Al mismo tiempo, gracias a la alta calidad de la m\u00e1quina para hacer harina de yuca y al logro profesional del vendedor, los clientes que han comprado esta l\u00ednea de producci\u00f3n nos presentan a sus amigos. A principios de agosto, una de nuestras clientas, Nancy, recomend\u00f3 a su amiga Victor comprar una m\u00e1quina para hacer harina de yuca. Victor ten\u00eda miedo de la calidad del garri, por lo que envi\u00f3 una muestra de garri a mi f\u00e1brica primero, y confirm\u00f3 si pod\u00edamos producir el garri que quer\u00eda. Tambi\u00e9n entregamos la muestra de garri producida anteriormente para ganar su confianza, y realiz\u00f3 un pedido inmediatamente despu\u00e9s de revisarla.<\/p> <p><img loading=\"lazy\" decoding=\"async\" class=\"alignnone size-full wp-image-4648\" src=\"https:\/\/www.agriculture-machine.com\/wp-content\/uploads\/2019\/09\/cassava-garri.jpg\" alt=\"\" width=\"720\" height=\"312\" srcset=\"https:\/\/www.agriculture-machine.com\/wp-content\/uploads\/2019\/09\/cassava-garri.jpg 720w, https:\/\/www.agriculture-machine.com\/wp-content\/uploads\/2019\/09\/cassava-garri-360x156.jpg 360w\" sizes=\"auto, (max-width: 720px) 100vw, 720px\" \/><\/p> <h2>Preguntas frecuentes<\/h2> <ol> <li>\u00bfPuedo lavar y pelar la yuca por m\u00ed mismo?<\/li> <\/ol> <p>En realidad, puedes, pero realmente desperdicia tiempo y energ\u00eda.<\/p> <ol start=\"2\"> <li>\u00bfHay alguna sustancia t\u00f3xica despu\u00e9s de lavar y pelar la yuca?<\/li> <\/ol> <p>S\u00ed, todav\u00eda hay una peque\u00f1a cantidad de sustancia t\u00f3xica, por lo que es necesario fre\u00edr el polvo de yuca.<\/p> <ol start=\"3\"> <li>\u00bfQu\u00e9 debo hacer con el garri grueso?<\/li> <\/ol> <p>Se puede usar para alimentar animales.<\/p> <ol start=\"4\"> <li>\u00bfCu\u00e1l es la diferencia entre la primera trituraci\u00f3n y la segunda trituraci\u00f3n?<\/li> <\/ol> <p>La primera m\u00e1quina de trituraci\u00f3n es para triturar la yuca en peque\u00f1os trozos, pero la segunda m\u00e1quina de trituraci\u00f3n es para triturar estos peque\u00f1os trozos en polvo fino.<\/p> <p>&nbsp;<\/p>","protected":false},"excerpt":{"rendered":"<p>Garri production line is very famous in the African market, for there are many garri farmlands, and people there also like to eat it. Garri processing line can produce garri from cassava, which needs a rather complicated process. However, as the common food in Africa, especially in Nigeria, a growing number of dealers purchases this [&hellip;]<\/p>\n","protected":false},"author":1,"featured_media":4661,"parent":0,"comment_status":"closed","ping_status":"closed","template":"","tags":[924,2634],"product-type":[1],"class_list":["post-4647","product","type-product","status-publish","has-post-thumbnail","hentry","tag-flour","tag-garri","product-type-other"],"_links":{"self":[{"href":"https:\/\/www.agriculture-machine.com\/es\/wp-json\/wp\/v2\/product\/4647","targetHints":{"allow":["GET"]}}],"collection":[{"href":"https:\/\/www.agriculture-machine.com\/es\/wp-json\/wp\/v2\/product"}],"about":[{"href":"https:\/\/www.agriculture-machine.com\/es\/wp-json\/wp\/v2\/types\/product"}],"author":[{"embeddable":true,"href":"https:\/\/www.agriculture-machine.com\/es\/wp-json\/wp\/v2\/users\/1"}],"replies":[{"embeddable":true,"href":"https:\/\/www.agriculture-machine.com\/es\/wp-json\/wp\/v2\/comments?post=4647"}],"wp:featuredmedia":[{"embeddable":true,"href":"https:\/\/www.agriculture-machine.com\/es\/wp-json\/wp\/v2\/media\/4661"}],"wp:attachment":[{"href":"https:\/\/www.agriculture-machine.com\/es\/wp-json\/wp\/v2\/media?parent=4647"}],"wp:term":[{"taxonomy":"post_tag","embeddable":true,"href":"https:\/\/www.agriculture-machine.com\/es\/wp-json\/wp\/v2\/tags?post=4647"},{"taxonomy":"product-type","embeddable":true,"href":"https:\/\/www.agriculture-machine.com\/es\/wp-json\/wp\/v2\/product-type?post=4647"}],"curies":[{"name":"wp","href":"https:\/\/api.w.org\/{rel}","templated":true}]}}