{"id":6613,"date":"2020-04-26T17:17:44","date_gmt":"2020-04-26T09:17:44","guid":{"rendered":"https:\/\/www.agriculture-machine.com\/?p=6613"},"modified":"2025-11-28T17:12:35","modified_gmt":"2025-11-28T09:12:35","slug":"bean-peeling-machine-green-bean-peeler","status":"publish","type":"product","link":"https:\/\/www.agriculture-machine.com\/es\/bean-peeling-machine-green-bean-peeler\/","title":{"rendered":"M\u00e1quina de pelado de soja, habas, frijoles rojos, pelador de pieles"},"content":{"rendered":"<p>La m\u00e1quina de pelar frijoles es adecuada para pelar y procesar soja, mung beans, frijoles rojos, garbanzos, lentejas, guisantes, habas, jud\u00edas verdes, etc. Su tasa de pelado alcanza hasta el 98% o m\u00e1s y la tasa de trituraci\u00f3n es menor al 2%, siendo la opci\u00f3n ideal para desodorizar frijoles y mejorar la calidad del producto.<\/p>    <p>La capacidad de procesamiento de una sola m\u00e1quina es de hasta 500 kg a 12 toneladas por hora, ampliamente utilizada en plantas de procesamiento de alimentos, f\u00e1bricas de granos y aceite, hoteles, comedores y otros lugares. <\/p>    <p>En este art\u00edculo, te presentaremos en detalle tres tipos diferentes de m\u00e1quinas de pelar frijoles producidas por nuestra f\u00e1brica, lo que te ayudar\u00e1 a encontrar la soluci\u00f3n m\u00e1s adecuada.<\/p>    <figure class=\"wp-block-embed aligncenter is-type-video is-provider-youtube wp-block-embed-youtube wp-embed-aspect-16-9 wp-has-aspect-ratio\"><div class=\"wp-block-embed__wrapper\"> <iframe loading=\"lazy\" title=\"M\u00e1quina eficiente de pelar soja: \u00a1descubre la magia de eliminar la c\u00e1scara del frijol!#frijol #m\u00e1quinadepelar\" width=\"500\" height=\"281\" src=\"https:\/\/www.youtube.com\/embed\/riTJ58a5sVI?feature=oembed\" frameborder=\"0\" allow=\"accelerometer; autoplay; clipboard-write; encrypted-media; gyroscope; picture-in-picture; web-share\" referrerpolicy=\"strict-origin-when-cross-origin\" allowfullscreen><\/iframe> <\/div><figcaption class=\"wp-element-caption\">Video de trabajo de la m\u00e1quina de remover piel de frijoles<\/figcaption><\/figure>    <h2 class=\"wp-block-heading\">Escenarios aplicables a la m\u00e1quina de pelar frijoles<\/h2>    <ul class=\"wp-block-list\"> <li>Planta de procesamiento de alimentos: utilizada para la producci\u00f3n de productos de soja, como tofu, leche de soja, frijoles secos, etc., para mejorar el sabor y la calidad de los productos.<\/li>    <li>Planta de procesamiento de granos y aceite: como equipo de pretratamiento para frijoles, para mejorar la eficiencia de la extracci\u00f3n de aceite, molienda y otros procesos posteriores.<\/li>    <li>Industria de la restauraci\u00f3n (como hoteles, comedores, restaurantes): utilizada para pelar grandes cantidades de frijoles, facilitando la cocci\u00f3n y el procesamiento r\u00e1pidos.<\/li>    <li>Empresas de procesamiento profundo de productos agr\u00edcolas: utilizada para el procesamiento profundo de alimentos de soja exportados para mejorar el valor agregado.<\/li>    <li>Individuos o peque\u00f1os talleres: para producci\u00f3n a peque\u00f1a escala de productos de soja en el escenario, el equipo es f\u00e1cil de operar.<\/li> <\/ul>    <figure class=\"wp-block-gallery has-nested-images columns-2 is-cropped wp-block-gallery-2 is-layout-flex wp-block-gallery-is-layout-flex\"> <figure class=\"wp-block-image size-full\"><img loading=\"lazy\" decoding=\"async\" width=\"720\" height=\"540\" data-id=\"17298\" src=\"https:\/\/www.agriculture-machine.com\/wp-content\/uploads\/2020\/04\/soybean-peeling-machine.webp\" alt=\"m\u00e1quina peladora de soja\" class=\"wp-image-17298\" title=\"pelador de soja\" srcset=\"https:\/\/www.agriculture-machine.com\/wp-content\/uploads\/2020\/04\/soybean-peeling-machine.webp 720w, https:\/\/www.agriculture-machine.com\/wp-content\/uploads\/2020\/04\/soybean-peeling-machine-360x270.webp 360w, https:\/\/www.agriculture-machine.com\/wp-content\/uploads\/2020\/04\/soybean-peeling-machine-240x180.webp 240w, https:\/\/www.agriculture-machine.com\/wp-content\/uploads\/2020\/04\/soybean-peeling-machine-16x12.webp 16w\" sizes=\"auto, (max-width: 720px) 100vw, 720px\" \/><figcaption class=\"wp-element-caption\">m\u00e1quina peladora de soja<\/figcaption><\/figure>    <figure class=\"wp-block-image size-large\"><img loading=\"lazy\" decoding=\"async\" width=\"720\" height=\"540\" data-id=\"12911\" src=\"https:\/\/www.agriculture-machine.com\/wp-content\/uploads\/2022\/04\/red-bean-peeling-machine1.jpg\" alt=\"m\u00e1quina de pelar frijoles rojos\" class=\"wp-image-12911\" title=\"m\u00e1quina de pelar frijoles rojos\" srcset=\"https:\/\/www.agriculture-machine.com\/wp-content\/uploads\/2022\/04\/red-bean-peeling-machine1.jpg 720w, https:\/\/www.agriculture-machine.com\/wp-content\/uploads\/2022\/04\/red-bean-peeling-machine1-360x270.jpg 360w, https:\/\/www.agriculture-machine.com\/wp-content\/uploads\/2022\/04\/red-bean-peeling-machine1-240x180.jpg 240w\" sizes=\"auto, (max-width: 720px) 100vw, 720px\" \/><figcaption class=\"wp-element-caption\">m\u00e1quina de pelar frijoles rojos<\/figcaption><\/figure>    <figure class=\"wp-block-image size-large\"><img loading=\"lazy\" decoding=\"async\" width=\"720\" height=\"540\" data-id=\"12912\" src=\"https:\/\/www.agriculture-machine.com\/wp-content\/uploads\/2022\/04\/broad-bean-peeler1.jpg\" alt=\"\" class=\"wp-image-12912\" srcset=\"https:\/\/www.agriculture-machine.com\/wp-content\/uploads\/2022\/04\/broad-bean-peeler1.jpg 720w, https:\/\/www.agriculture-machine.com\/wp-content\/uploads\/2022\/04\/broad-bean-peeler1-360x270.jpg 360w, https:\/\/www.agriculture-machine.com\/wp-content\/uploads\/2022\/04\/broad-bean-peeler1-240x180.jpg 240w\" sizes=\"auto, (max-width: 720px) 100vw, 720px\" \/><figcaption class=\"wp-element-caption\">Pelador de habas<\/figcaption><\/figure>    <figure class=\"wp-block-image size-large\"><img loading=\"lazy\" decoding=\"async\" width=\"720\" height=\"540\" data-id=\"12913\" src=\"https:\/\/www.agriculture-machine.com\/wp-content\/uploads\/2022\/04\/bean-peel-removing-machine1.jpg\" alt=\"m\u00e1quina de remover piel de frijoles\" class=\"wp-image-12913\" title=\"m\u00e1quina de remover piel de frijoles\" srcset=\"https:\/\/www.agriculture-machine.com\/wp-content\/uploads\/2022\/04\/bean-peel-removing-machine1.jpg 720w, https:\/\/www.agriculture-machine.com\/wp-content\/uploads\/2022\/04\/bean-peel-removing-machine1-360x270.jpg 360w, https:\/\/www.agriculture-machine.com\/wp-content\/uploads\/2022\/04\/bean-peel-removing-machine1-240x180.jpg 240w\" sizes=\"auto, (max-width: 720px) 100vw, 720px\" \/><figcaption class=\"wp-element-caption\">m\u00e1quina de remover piel de frijoles<\/figcaption><\/figure> <figcaption class=\"blocks-gallery-caption wp-element-caption\">m\u00e1quinas de pelar soja<\/figcaption><\/figure>    <h2 class=\"wp-block-heading\">Tipo 1: M\u00e1quina de remover piel de soja<\/h2>    <p>Este tipo de m\u00e1quina de remover piel de soja est\u00e1 compuesta principalmente por la tolva de alimentaci\u00f3n, marco, caja de cambios, c\u00e1mara de pelado, ventilador, caja de distribuci\u00f3n, tolva de descarga y otras partes.<\/p>    <p>Esta m\u00e1quina es adecuada para frijoles redondos y regulares como soja, guisantes de vaca y guisantes.<\/p>    <figure class=\"wp-block-image aligncenter size-full\"><img loading=\"lazy\" decoding=\"async\" width=\"720\" height=\"540\" src=\"https:\/\/www.agriculture-machine.com\/wp-content\/uploads\/2022\/04\/green-pea-peeling-machine1.jpg\" alt=\"M\u00e1quina de pelar guisantes verdes\" class=\"wp-image-12916\" title=\"M\u00e1quina de pelar guisantes verdes\" srcset=\"https:\/\/www.agriculture-machine.com\/wp-content\/uploads\/2022\/04\/green-pea-peeling-machine1.jpg 720w, https:\/\/www.agriculture-machine.com\/wp-content\/uploads\/2022\/04\/green-pea-peeling-machine1-360x270.jpg 360w, https:\/\/www.agriculture-machine.com\/wp-content\/uploads\/2022\/04\/green-pea-peeling-machine1-240x180.jpg 240w\" sizes=\"auto, (max-width: 720px) 100vw, 720px\" \/><figcaption class=\"wp-element-caption\">M\u00e1quina de pelar guisantes verdes<\/figcaption><\/figure>    <h3 class=\"wp-block-heading\" id=\"h-technical-specifications-of-mung-bean-peeler\">Especificaciones t\u00e9cnicas de la m\u00e1quina de pelar mung beans<\/h3>    <figure class=\"wp-block-table is-style-stripes\"><table><tbody><tr><td>Modelo<\/td><td>TZ-10<\/td><\/tr><tr><td>Peso<\/td><td>200kg<\/td><\/tr><tr><td>Tama\u00f1o<\/td><td>190*140*75cm<\/td><\/tr><tr><td>Capacidad<\/td><td>300-400kg\/h<\/td><\/tr><tr><td>Potencia<\/td><td>5.5kw 1.5kw<\/td><\/tr><\/tbody><\/table><figcaption class=\"wp-element-caption\">Datos t\u00e9cnicos de la m\u00e1quina de remover piel de soja<\/figcaption><\/figure>    <h2 class=\"wp-block-heading\">Tipo 2: M\u00e1quina de pelar frijoles kidney<\/h2>    <p>Este descascarillador de frijoles kidney principalmente tiene una tolva, colector de polvo, dispositivo de pelado, sistema de ajuste de presi\u00f3n de pelado, salida, motor, etc.  <\/p>    <p>Esta m\u00e1quina es un pelador multifuncional. Puede quitar tanto frijoles redondos como planos.<\/p>    <figure class=\"wp-block-image aligncenter size-full\"><img loading=\"lazy\" decoding=\"async\" width=\"720\" height=\"540\" src=\"https:\/\/www.agriculture-machine.com\/wp-content\/uploads\/2022\/04\/mung-bean-peeling-machine-2.jpg\" alt=\"M\u00e1quina de pelar mung beans \" class=\"wp-image-12917\" title=\"M\u00e1quina de pelar mung beans \" srcset=\"https:\/\/www.agriculture-machine.com\/wp-content\/uploads\/2022\/04\/mung-bean-peeling-machine-2.jpg 720w, https:\/\/www.agriculture-machine.com\/wp-content\/uploads\/2022\/04\/mung-bean-peeling-machine-2-360x270.jpg 360w, https:\/\/www.agriculture-machine.com\/wp-content\/uploads\/2022\/04\/mung-bean-peeling-machine-2-240x180.jpg 240w\" sizes=\"auto, (max-width: 720px) 100vw, 720px\" \/><figcaption class=\"wp-element-caption\">M\u00e1quina de pelar mung beans <\/figcaption><\/figure>    <h3 class=\"wp-block-heading\">Informaci\u00f3n detallada sobre la m\u00e1quina de pelar habas<\/h3>    <figure class=\"wp-block-table is-style-stripes\"><table><tbody><tr><td>Modelo<\/td><td>S18<\/td><\/tr><tr><td>Potencia<\/td><td>15KW<\/td><\/tr><tr><td>Capacidad<\/td><td>500KG\/H<\/td><\/tr><tr><td>Tama\u00f1o<\/td><td>1800*1200*2150mm<\/td><\/tr><\/tbody><\/table><figcaption class=\"wp-element-caption\">broad bean peeler&#8217;s information<\/figcaption><\/figure>    <h2 class=\"wp-block-heading\">Tipo 3: m\u00e1quina de pelar habas<\/h2>    <p>La estructura de esta m\u00e1quina es muy diferente de la del Tipo 1 y Tipo 2. Tiene una estructura relativamente simple, que incluye una tolva, c\u00e1mara de pelado, salidas, etc. Este pelador se usa principalmente para pelar las habas. Adem\u00e1s, tambi\u00e9n se llama pelador de piel de haba. <\/p>    <p>Esta m\u00e1quina tambi\u00e9n descascarilla semillas de aceite, habas de lima, semillas de c\u00e1\u00f1amo de fuego, semillas de ostra y otros frijoles que son m\u00e1s planos, logrando una mayor tasa de descascarillado del producto.<\/p>    <figure class=\"wp-block-image aligncenter size-large\"><img loading=\"lazy\" decoding=\"async\" width=\"717\" height=\"540\" src=\"https:\/\/www.agriculture-machine.com\/wp-content\/uploads\/2022\/04\/Fava-beans-skin-peeler-2-717x540.png\" alt=\"Pelador de piel de habas \" class=\"wp-image-12920\" title=\"Pelador de piel de habas \" srcset=\"https:\/\/www.agriculture-machine.com\/wp-content\/uploads\/2022\/04\/Fava-beans-skin-peeler-2-717x540.png 717w, https:\/\/www.agriculture-machine.com\/wp-content\/uploads\/2022\/04\/Fava-beans-skin-peeler-2-360x270.png 360w, https:\/\/www.agriculture-machine.com\/wp-content\/uploads\/2022\/04\/Fava-beans-skin-peeler-2-240x180.png 240w, https:\/\/www.agriculture-machine.com\/wp-content\/uploads\/2022\/04\/Fava-beans-skin-peeler-2.png 720w\" sizes=\"auto, (max-width: 717px) 100vw, 717px\" \/><figcaption class=\"wp-element-caption\">Pelador de piel de haba<\/figcaption><\/figure>    <h3 class=\"wp-block-heading\">Par\u00e1metros del pelador de piel de haba<\/h3>    <figure class=\"wp-block-table is-style-stripes\"><table><tbody><tr><td>Tama\u00f1o<\/td><td>1000*1150*1400mm<\/td><\/tr><tr><td>Potencia<\/td><td>5KW<\/td><\/tr><tr><td>Capacidad<\/td><td>200KG\/H<\/td><\/tr><tr><td>Peso<\/td><td>400KG<\/td><\/tr><\/tbody><\/table><figcaption class=\"wp-element-caption\">fava beans skin peeler&#8217;s parameter<\/figcaption><\/figure>    <h2 class=\"wp-block-heading\">Principio de funcionamiento de la m\u00e1quina de pelar frijoles<\/h2>    <p>En primer lugar, la soja entra en la m\u00e1quina y, bajo la rotaci\u00f3n de las dos discos de molienda, puede lograr el prop\u00f3sito de pelado. <\/p>    <p>Cuando los soja son pelados y pasan por la c\u00e1mara de separaci\u00f3n, los frijoles pelados se descargan por la salida bajo la acci\u00f3n de la fuerza del viento. Mientras tanto, la piel y otros polvos se descargan por la salida con el aire.<\/p>    <figure class=\"wp-block-embed aligncenter is-type-video is-provider-youtube wp-block-embed-youtube wp-embed-aspect-16-9 wp-has-aspect-ratio\"><div class=\"wp-block-embed__wrapper\"> <iframe loading=\"lazy\" title=\"M\u00e1quina de pelar frijoles secos \/ m\u00e1quina de pelar mung beans \/ pelador de frijoles verdes o habas\" width=\"500\" height=\"281\" src=\"https:\/\/www.youtube.com\/embed\/7pt3S2lx6eE?feature=oembed\" frameborder=\"0\" allow=\"accelerometer; autoplay; clipboard-write; encrypted-media; gyroscope; picture-in-picture; web-share\" referrerpolicy=\"strict-origin-when-cross-origin\" allowfullscreen><\/iframe> <\/div><figcaption class=\"wp-element-caption\">Video de funcionamiento de la m\u00e1quina de pelar soja<\/figcaption><\/figure>    <h2 class=\"wp-block-heading\" id=\"h-why-peel-beans-before-deep-processing\">\u00bfPor qu\u00e9 pelar frijoles antes del procesamiento profundo?<\/h2>    <ul class=\"wp-block-list\"> <li>Un tratamiento t\u00e9rmico adecuado antes del pelado puede desnaturalizar moderadamente la prote\u00edna de soja, inhibir la generaci\u00f3n de sustancias con sabor desagradable y ayudar a mejorar la absorci\u00f3n de nutrientes.<\/li>    <li>La piel de soja a menudo contiene bacterias resistentes al calor del suelo, el pelado ayuda a reducir este tipo de bacterias y mejorar la seguridad alimentaria.<\/li>    <li>El pelado favorece la pasivaci\u00f3n de la lipoxigenasa, lo que puede acortar el tiempo de calentamiento, reducir la desnaturalizaci\u00f3n t\u00e9rmica de los nutrientes y prevenir el ennegrecimiento enzim\u00e1tico.<\/li> <\/ul>    <figure class=\"wp-block-image aligncenter size-large\"><img loading=\"lazy\" decoding=\"async\" width=\"720\" height=\"540\" src=\"https:\/\/www.agriculture-machine.com\/wp-content\/uploads\/2020\/04\/peeling-soybean.jpg\" alt=\"pelado-soja\" class=\"wp-image-10921\" srcset=\"https:\/\/www.agriculture-machine.com\/wp-content\/uploads\/2020\/04\/peeling-soybean.jpg 720w, https:\/\/www.agriculture-machine.com\/wp-content\/uploads\/2020\/04\/peeling-soybean-360x270.jpg 360w, https:\/\/www.agriculture-machine.com\/wp-content\/uploads\/2020\/04\/peeling-soybean-240x180.jpg 240w\" sizes=\"auto, (max-width: 720px) 100vw, 720px\" \/><figcaption class=\"wp-element-caption\">pelado-soja<\/figcaption><\/figure>    <h2 class=\"wp-block-heading\" id=\"h-why-choose-taizy-bean-peeling-machine\">Ventajas de la m\u00e1quina de remover piel Taizy<\/h2>    <ul class=\"wp-block-list\"> <li>Pelado eficiente y uniforme: el equipo tiene alta eficiencia de trabajo y puede lograr un efecto de pelado uniforme, evitando problemas de pelado desigual y frijoles rotos.<\/li>    <li>Mejorar el sabor y la calidad: eliminar eficazmente el olor de los frijoles, mejorar el sabor de los productos de soja, y aumentar significativamente la calidad general y el valor de mercado del producto.<\/li>    <li>Multifuncional, funciones completas: con funciones de pelado y separaci\u00f3n, f\u00e1cil de operar, rendimiento estable, adecuado para una variedad de procesamiento de frijoles.<\/li>    <li>Cumple con las necesidades de producci\u00f3n modernas: dise\u00f1ado para productos de frijol de alta calidad, especialmente adecuado para procesamiento de alimentos de alta gama.<\/li> <\/ul>    <figure class=\"wp-block-image aligncenter size-full\"><img loading=\"lazy\" decoding=\"async\" width=\"720\" height=\"540\" src=\"https:\/\/www.agriculture-machine.com\/wp-content\/uploads\/2020\/04\/beans-peeler-for-sale.webp\" alt=\"Frijol de venta\" class=\"wp-image-15519\" srcset=\"https:\/\/www.agriculture-machine.com\/wp-content\/uploads\/2020\/04\/beans-peeler-for-sale.webp 720w, https:\/\/www.agriculture-machine.com\/wp-content\/uploads\/2020\/04\/beans-peeler-for-sale-360x270.webp 360w, https:\/\/www.agriculture-machine.com\/wp-content\/uploads\/2020\/04\/beans-peeler-for-sale-240x180.webp 240w\" sizes=\"auto, (max-width: 720px) 100vw, 720px\" \/><figcaption class=\"wp-element-caption\">Frijol de venta<\/figcaption><\/figure>    <h2 class=\"wp-block-heading\">Pelador de soja vendido a Canad\u00e1<\/h2>    <p>Uno de nuestros clientes es de Canad\u00e1. Nos contact\u00f3 a trav\u00e9s de un video publicado en nuestro canal de YouTube. Se entiende que el cliente desea descascarillar frijoles de ojo negro, soja y frijoles kidney. <\/p>    <p>According to the customer&#8217;s desired output and budget, we recommend Type 1 and Type 2. The final customer places an order from us. Below is the packaging and shipping diagram of the machine.<\/p>    <figure class=\"wp-block-gallery has-nested-images columns-default is-cropped wp-block-gallery-3 is-layout-flex wp-block-gallery-is-layout-flex\"> <figure class=\"wp-block-image size-large\"><img loading=\"lazy\" decoding=\"async\" width=\"720\" height=\"540\" data-id=\"12929\" src=\"https:\/\/www.agriculture-machine.com\/wp-content\/uploads\/2022\/04\/wooden-case-packing1.jpg\" alt=\"Embalaje en caja de madera\" class=\"wp-image-12929\" title=\"Embalaje en caja de madera\" srcset=\"https:\/\/www.agriculture-machine.com\/wp-content\/uploads\/2022\/04\/wooden-case-packing1.jpg 720w, https:\/\/www.agriculture-machine.com\/wp-content\/uploads\/2022\/04\/wooden-case-packing1-360x270.jpg 360w, https:\/\/www.agriculture-machine.com\/wp-content\/uploads\/2022\/04\/wooden-case-packing1-240x180.jpg 240w\" sizes=\"auto, (max-width: 720px) 100vw, 720px\" \/><figcaption class=\"wp-element-caption\">Embalaje en caja de madera<\/figcaption><\/figure>    <figure class=\"wp-block-image size-large\"><img loading=\"lazy\" decoding=\"async\" width=\"720\" height=\"540\" data-id=\"12930\" src=\"https:\/\/www.agriculture-machine.com\/wp-content\/uploads\/2022\/04\/shipping-of-soybean-peeler1.jpg\" alt=\"Env\u00edo del pelador de soja\" class=\"wp-image-12930\" title=\"Env\u00edo del pelador de soja\" srcset=\"https:\/\/www.agriculture-machine.com\/wp-content\/uploads\/2022\/04\/shipping-of-soybean-peeler1.jpg 720w, https:\/\/www.agriculture-machine.com\/wp-content\/uploads\/2022\/04\/shipping-of-soybean-peeler1-360x270.jpg 360w, https:\/\/www.agriculture-machine.com\/wp-content\/uploads\/2022\/04\/shipping-of-soybean-peeler1-240x180.jpg 240w\" sizes=\"auto, (max-width: 720px) 100vw, 720px\" \/><figcaption class=\"wp-element-caption\">Env\u00edo del pelador de soja<\/figcaption><\/figure> <\/figure>    <p class=\"translation-block\">Nuestras m\u00e1quinas han sido exportadas a Nigeria, Vietnam, Camer\u00fan, Holanda y otros pa\u00edses. Adem\u00e1s de la m\u00e1quina de pelar frijoles, tambi\u00e9n tenemos <strong><em><a href=\"https:\/\/www.agriculture-machine.com\/es\/corn-grits-making-machine\/\">m\u00e1quina de hacer copos de ma\u00edz<\/a> <\/em><\/strong> y <a href=\"https:\/\/www.agriculture-machine.com\/es\/hammer-mill-machine\/\"><strong><em>molino de granos<\/em><\/strong><\/a>. Pueden procesar granos en varias granulometr\u00edas y polvos.<\/p>    <p>Si est\u00e1s interesado en nuestros productos o tienes alguna pregunta, no dudes en contactarnos. Nuestro equipo profesional siempre est\u00e1 listo para brindarte informaci\u00f3n detallada sobre nuestras m\u00e1quinas y te invitamos a visitar nuestra f\u00e1brica, \u00a1esperamos poder ofrecerte el mejor servicio!<\/p>","protected":false},"excerpt":{"rendered":"<p>The bean peeling machine has a wide range of applications and is designed for removing the outer skin of all kinds of beans. Its advanced technology and reliable performance make it ideal for bean processing.<\/p>","protected":false},"author":1,"featured_media":12906,"parent":0,"comment_status":"closed","ping_status":"closed","template":"","tags":[489,2600],"product-type":[902],"class_list":["post-6613","product","type-product","status-publish","has-post-thumbnail","hentry","tag-bean","tag-soybean","product-type-soybean-peeling-machine"],"_links":{"self":[{"href":"https:\/\/www.agriculture-machine.com\/es\/wp-json\/wp\/v2\/product\/6613","targetHints":{"allow":["GET"]}}],"collection":[{"href":"https:\/\/www.agriculture-machine.com\/es\/wp-json\/wp\/v2\/product"}],"about":[{"href":"https:\/\/www.agriculture-machine.com\/es\/wp-json\/wp\/v2\/types\/product"}],"author":[{"embeddable":true,"href":"https:\/\/www.agriculture-machine.com\/es\/wp-json\/wp\/v2\/users\/1"}],"replies":[{"embeddable":true,"href":"https:\/\/www.agriculture-machine.com\/es\/wp-json\/wp\/v2\/comments?post=6613"}],"wp:featuredmedia":[{"embeddable":true,"href":"https:\/\/www.agriculture-machine.com\/es\/wp-json\/wp\/v2\/media\/12906"}],"wp:attachment":[{"href":"https:\/\/www.agriculture-machine.com\/es\/wp-json\/wp\/v2\/media?parent=6613"}],"wp:term":[{"taxonomy":"post_tag","embeddable":true,"href":"https:\/\/www.agriculture-machine.com\/es\/wp-json\/wp\/v2\/tags?post=6613"},{"taxonomy":"product-type","embeddable":true,"href":"https:\/\/www.agriculture-machine.com\/es\/wp-json\/wp\/v2\/product-type?post=6613"}],"curies":[{"name":"wp","href":"https:\/\/api.w.org\/{rel}","templated":true}]}}