{"id":7114,"date":"2020-07-14T10:36:12","date_gmt":"2020-07-14T02:36:12","guid":{"rendered":"https:\/\/www.agriculture-machine.com\/?p=7114"},"modified":"2024-10-24T14:11:31","modified_gmt":"2024-10-24T06:11:31","slug":"tzy-79-nursery-seeding-machine","status":"publish","type":"product","link":"https:\/\/www.agriculture-machine.com\/es\/tzy-79-nursery-seeding-machine\/","title":{"rendered":"M\u00e1quina autom\u00e1tica de siembra en vivero | M\u00e1quina de siembra autom\u00e1tica"},"content":{"rendered":"<p class=\"translation-block\">La <strong>m\u00e1quina de pl\u00e1ntulas de vivero<\/strong> es un dispositivo que puede plantar varias semillas de verduras y flores en una bandeja de pl\u00e1ntulas. Hay varios tipos de m\u00e1quinas de vivero disponibles en el mercado, como semiautom\u00e1ticas y totalmente autom\u00e1ticas. El m\u00e9todo manual de siembra en vivero es lento y requiere mucho trabajo.<\/p>    <p>Por eso, las personas pueden mejorar mucho la eficiencia y ahorrar energ\u00eda usando una m\u00e1quina de pl\u00e1ntulas. Adem\u00e1s, la m\u00e1quina de pl\u00e1ntulas aspira semillas y siembra semillas con precisi\u00f3n. Por lo tanto, esta m\u00e1quina puede ahorrar semillas y tiene una tasa de supervivencia de semillas m\u00e1s alta. Por ello, las m\u00e1quinas de pl\u00e1ntulas se usan ampliamente para ayudar a criar pl\u00e1ntulas.<\/p>    <figure class=\"wp-block-embed is-type-video is-provider-youtube wp-block-embed-youtube wp-embed-aspect-16-9 wp-has-aspect-ratio\"><div class=\"wp-block-embed__wrapper\"> <iframe loading=\"lazy\" title=\"\u00a1M\u00e1quina de pl\u00e1ntulas de semillas de verduras totalmente autom\u00e1tica en venta!\" width=\"500\" height=\"281\" src=\"https:\/\/www.youtube.com\/embed\/oeNMbovVJbo?start=17&#038;feature=oembed\" frameborder=\"0\" allow=\"accelerometer; autoplay; clipboard-write; encrypted-media; gyroscope; picture-in-picture; web-share\" referrerpolicy=\"strict-origin-when-cross-origin\" allowfullscreen><\/iframe> <\/div><figcaption class=\"wp-element-caption\">Video de funcionamiento de la m\u00e1quina de pl\u00e1ntulas KMR-78-2<\/figcaption><\/figure>    <p>The above shows our factory&#8217;s more popular fully-automatic models.<\/p>    <h2 class=\"wp-block-heading\">Introducci\u00f3n a la m\u00e1quina de pl\u00e1ntulas de vivero<\/h2>    <p class=\"translation-block\">Producimos varios tipos de m\u00e1quinas de vivero para satisfacer diferentes necesidades de vivero. Una de las m\u00e1quinas de vivero totalmente autom\u00e1ticas tambi\u00e9n puede agregar aspersores de agua. Adem\u00e1s, hemos dise\u00f1ado y producido un sistema de ca\u00edda de semillas en m\u00faltiples filas para ayudar a las personas a lograr la necesidad de m\u00faltiples semillas en un solo agujero. Este art\u00edculo se centra en la <strong>m\u00e1quina autom\u00e1tica de siembra en vivero KMR78-2<\/strong>. Este modelo puede realizar acolchado, perforaci\u00f3n de agujeros, ca\u00edda de semillas y acolchado secundario en una sola operaci\u00f3n.<\/p>    <p class=\"translation-block\">What&#8217;s more watering and multi-row seeding are additional functions. And customers can choose according to their needs. We also produce semi-automatic seedling nursery machines, <a href=\"https:\/\/www.agriculture-machine.com\/es\/peony-transplant-cucumber-transplant-factory-direct\/\">vegetable transplants<\/a>, and <a href=\"https:\/\/www.agriculture-machine.com\/es\/walk-behind-rice-transplanter-rice-planting-machine\/\">rice transplanters<\/a>. The combination of a seedling machine and a transplanter can save a lot of seedling sowing time.<\/p>    <figure class=\"wp-block-gallery has-nested-images columns-default is-cropped wp-block-gallery-2 is-layout-flex wp-block-gallery-is-layout-flex\"> <figure class=\"wp-block-image size-large\"><img loading=\"lazy\" decoding=\"async\" width=\"720\" height=\"540\" data-id=\"13592\" src=\"https:\/\/www.agriculture-machine.com\/wp-content\/uploads\/2022\/05\/nursery-seedling-machine1.jpg\" alt=\"m\u00e1quina de pl\u00e1ntulas de vivero\" class=\"wp-image-13592\" title=\"m\u00e1quina de pl\u00e1ntulas de vivero\" srcset=\"https:\/\/www.agriculture-machine.com\/wp-content\/uploads\/2022\/05\/nursery-seedling-machine1.jpg 720w, https:\/\/www.agriculture-machine.com\/wp-content\/uploads\/2022\/05\/nursery-seedling-machine1-360x270.jpg 360w, https:\/\/www.agriculture-machine.com\/wp-content\/uploads\/2022\/05\/nursery-seedling-machine1-240x180.jpg 240w\" sizes=\"auto, (max-width: 720px) 100vw, 720px\" \/><figcaption class=\"wp-element-caption\">m\u00e1quina de pl\u00e1ntulas de vivero<\/figcaption><\/figure>    <figure class=\"wp-block-image size-large\"><img loading=\"lazy\" decoding=\"async\" width=\"720\" height=\"540\" data-id=\"13593\" src=\"https:\/\/www.agriculture-machine.com\/wp-content\/uploads\/2022\/05\/automatic-nursery-sowing-machine-.jpg\" alt=\"m\u00e1quina autom\u00e1tica de siembra en vivero\" class=\"wp-image-13593\" title=\"m\u00e1quina autom\u00e1tica de siembra en vivero\" srcset=\"https:\/\/www.agriculture-machine.com\/wp-content\/uploads\/2022\/05\/automatic-nursery-sowing-machine-.jpg 720w, https:\/\/www.agriculture-machine.com\/wp-content\/uploads\/2022\/05\/automatic-nursery-sowing-machine--360x270.jpg 360w, https:\/\/www.agriculture-machine.com\/wp-content\/uploads\/2022\/05\/automatic-nursery-sowing-machine--240x180.jpg 240w\" sizes=\"auto, (max-width: 720px) 100vw, 720px\" \/><figcaption class=\"wp-element-caption\">m\u00e1quina autom\u00e1tica de siembra en vivero<\/figcaption><\/figure> <\/figure>    <h2 class=\"wp-block-heading\">\u00bfQu\u00e9 tipos de semillas puede sembrar la m\u00e1quina de plantaci\u00f3n en vivero?<\/h2>    <p>La m\u00e1quina de plantaci\u00f3n en vivero puede sembrar varias semillas de verduras y flores. Por ejemplo, tomate, lechuga, col china, repollo, ma\u00edz dulce, calabaza, semilla de c\u00e1\u00f1amo, okra, pepino, berenjena, mel\u00f3n, sand\u00eda, pimiento, chile, repollo, col taiwanesa, plato de pescado, luz seca, puerro, remolacha, verduras de col, apio, c\u00e1\u00f1amo, etc.<\/p>    <figure class=\"wp-block-gallery has-nested-images columns-default is-cropped wp-block-gallery-3 is-layout-flex wp-block-gallery-is-layout-flex\"> <figure class=\"wp-block-image size-large\"><img loading=\"lazy\" decoding=\"async\" width=\"720\" height=\"541\" data-id=\"13606\" src=\"https:\/\/www.agriculture-machine.com\/wp-content\/uploads\/2022\/05\/vegetable-seeds-.jpg\" alt=\"Semillas de verduras\" class=\"wp-image-13606\" title=\"Semillas de verduras\" srcset=\"https:\/\/www.agriculture-machine.com\/wp-content\/uploads\/2022\/05\/vegetable-seeds-.jpg 720w, https:\/\/www.agriculture-machine.com\/wp-content\/uploads\/2022\/05\/vegetable-seeds--360x270.jpg 360w, https:\/\/www.agriculture-machine.com\/wp-content\/uploads\/2022\/05\/vegetable-seeds--240x180.jpg 240w\" sizes=\"auto, (max-width: 720px) 100vw, 720px\" \/><figcaption class=\"wp-element-caption\">Semillas de verduras<\/figcaption><\/figure>    <figure class=\"wp-block-image size-large\"><img loading=\"lazy\" decoding=\"async\" width=\"720\" height=\"540\" data-id=\"13607\" src=\"https:\/\/www.agriculture-machine.com\/wp-content\/uploads\/2022\/05\/flower-seeds-.jpg\" alt=\"Semillas de flores\" class=\"wp-image-13607\" title=\"Semillas de flores\" srcset=\"https:\/\/www.agriculture-machine.com\/wp-content\/uploads\/2022\/05\/flower-seeds-.jpg 720w, https:\/\/www.agriculture-machine.com\/wp-content\/uploads\/2022\/05\/flower-seeds--360x270.jpg 360w, https:\/\/www.agriculture-machine.com\/wp-content\/uploads\/2022\/05\/flower-seeds--240x180.jpg 240w\" sizes=\"auto, (max-width: 720px) 100vw, 720px\" \/><figcaption class=\"wp-element-caption\">Semillas de flores<\/figcaption><\/figure> <\/figure>    <h2 class=\"wp-block-heading\">Estructura de la m\u00e1quina autom\u00e1tica de siembra en vivero<\/h2>    <p>Este modelo de m\u00e1quina de siembra en vivero incluye principalmente dispositivos de cobertura, cepillos, excavaci\u00f3n, ca\u00edda de semillas, tolvas de suelo, etc. Esta es la estructura b\u00e1sica de la m\u00e1quina, tambi\u00e9n puede elegir funciones de riego y siembra en m\u00faltiples filas.<\/p>    <figure class=\"wp-block-image aligncenter size-full\"><img loading=\"lazy\" decoding=\"async\" width=\"720\" height=\"540\" src=\"https:\/\/www.agriculture-machine.com\/wp-content\/uploads\/2022\/05\/plug-seedling-machine\u2018s-structure0.jpg\" alt=\"estructura de la m\u00e1quina de pl\u00e1ntulas\" class=\"wp-image-13594\" title=\"estructura de la m\u00e1quina de pl\u00e1ntulas\" srcset=\"https:\/\/www.agriculture-machine.com\/wp-content\/uploads\/2022\/05\/plug-seedling-machine\u2018s-structure0.jpg 720w, https:\/\/www.agriculture-machine.com\/wp-content\/uploads\/2022\/05\/plug-seedling-machine\u2018s-structure0-360x270.jpg 360w, https:\/\/www.agriculture-machine.com\/wp-content\/uploads\/2022\/05\/plug-seedling-machine\u2018s-structure0-240x180.jpg 240w\" sizes=\"auto, (max-width: 720px) 100vw, 720px\" \/><figcaption class=\"wp-element-caption\">plug seedling machine&#8217;s structure<\/figcaption><\/figure>    <h3 class=\"wp-block-heading\">Funci\u00f3n de cada parte<\/h3>    <ol class=\"wp-block-list\" id=\"block-b0620b7d-e759-448e-aefe-02f00d44eaf2\"> <li>Dispositivo de cobertura de siembra: esta parte puede poner suelo nutritivo en la bandeja de pl\u00e1ntulas.<\/li>    <li>Cepillo giratorio de suelo sembrado: esta parte tiene un cepillo de cerdas, que alisa el suelo nutritivo y la bandeja de pl\u00e1ntulas.<\/li>    <li>Cavar un agujero: tiene funci\u00f3n de presi\u00f3n y de cavar un agujero.<\/li>    <li>Dispositivo de siembra: esta es la parte m\u00e1s importante de la m\u00e1quina. Despu\u00e9s de cavar un agujero, la semilla caer\u00e1 en el agujero, una semilla por agujero.<\/li>    <li>Embudo de cobertura de tierra: vuelve a poner el suelo nutritivo en la bandeja de pl\u00e1ntulas sembradas.<\/li> <\/ol>    <h2 class=\"wp-block-heading\" id=\"h-specification-of-the-nursery-seedling-machine\">Especificaci\u00f3n de la m\u00e1quina de pl\u00e1ntulas de vivero<\/h2>    <figure class=\"wp-block-table is-style-stripes\"><table><tbody><tr><td>Modelo<\/td><td>KMR-78-2<\/td><\/tr><tr><td>Precisi\u00f3n<\/td><td>&gt;97-98%<\/td><\/tr><tr><td>Principio<\/td><td>El\u00e9ctrico y compresor de aire<\/td><\/tr><tr><td>Capacidad<\/td><td>500-600 bandejas\/hora&nbsp;<\/td><\/tr><tr><td>Tama\u00f1o<\/td><td>4800*800*1600mm<\/td><\/tr><tr><td>Peso<\/td><td>400kg<\/td><\/tr><tr><td>Voltaje<\/td><td>220V \/110V 600w<\/td><\/tr><tr><td>Tama\u00f1o para semillas<\/td><td>0.3-12mm<\/td><\/tr><tr><td>Ancho de la bandeja<\/td><td>\u2264540mm<\/td><\/tr><tr><td>Material<\/td><td>Acero inoxidable<\/td><\/tr><\/tbody><\/table><figcaption class=\"wp-element-caption\">nursery seedling machine&#8217;s parameter<\/figcaption><\/figure>    <h2 class=\"wp-block-heading\" id=\"h-features-of-the-pumpkin-nursery-seedling-machine\">Caracter\u00edsticas de la m\u00e1quina de pl\u00e1ntulas de calabaza<\/h2>    <ul class=\"wp-block-list\"> <li>La m\u00e1quina autom\u00e1tica de siembra en vivero integra la distribuci\u00f3n autom\u00e1tica de suelo, riego, siembra y acolchado en una sola. Por lo tanto, puede completar todos los procedimientos en una sola operaci\u00f3n.<\/li>    <li>La m\u00e1quina de pl\u00e1ntulas de calabaza puede trabajar con discos duros pl\u00e1sticos duros y blandos. Y la eficiencia de trabajo de la m\u00e1quina es de 500-600 bandejas por hora. Permite la producci\u00f3n mecanizada de todo el proceso del grano.<\/li>    <li>Los brotes cultivados con disco por la m\u00e1quina de pl\u00e1ntulas de vivero tienen pl\u00e1ntulas delgadas, ordenadas y fuertes.<\/li> <\/ul>    <h2 class=\"wp-block-heading\" id=\"h-what-advantages-does-the-onion-transplanting-machine-has\">\u00bfQu\u00e9 ventajas tiene una m\u00e1quina de pl\u00e1ntulas de cebolla?<\/h2>    <ul class=\"wp-block-list\"> <li>El ajuste de la cantidad de siembra es conveniente y confiable. Por eso, esta m\u00e1quina aumenta en gran medida la siembra de precisi\u00f3n en vol\u00famenes peque\u00f1os. Adem\u00e1s, puede lograr que una semilla entre en un solo agujero, sin importar el tama\u00f1o de la semilla.<\/li>    <li>Reducci\u00f3n del 20% en la tasa de huecos vac\u00edos, menor que la plantaci\u00f3n manual. Por lo tanto, asegura el aumento de la producci\u00f3n y los ingresos. Buen efecto en las pl\u00e1ntulas, aumento de la producci\u00f3n y ahorro de costos.<\/li>    <li>La m\u00e1quina de siembra de semillas en vivero es un componente necesario que garantiza una producci\u00f3n estable y alta. Tambi\u00e9n es una opci\u00f3n para aumentar la producci\u00f3n y ahorrar costos.<\/li> <\/ul>    <figure class=\"wp-block-gallery has-nested-images columns-default is-cropped wp-block-gallery-4 is-layout-flex wp-block-gallery-is-layout-flex\"> <figure class=\"wp-block-image size-large\"><img loading=\"lazy\" decoding=\"async\" width=\"720\" height=\"540\" data-id=\"13597\" src=\"https:\/\/www.agriculture-machine.com\/wp-content\/uploads\/2022\/05\/automatic-tomato-nursery-seedling-machine-.jpg\" alt=\"M\u00e1quina autom\u00e1tica de pl\u00e1ntulas de tomate\" class=\"wp-image-13597\" title=\"M\u00e1quina autom\u00e1tica de pl\u00e1ntulas de tomate\" srcset=\"https:\/\/www.agriculture-machine.com\/wp-content\/uploads\/2022\/05\/automatic-tomato-nursery-seedling-machine-.jpg 720w, https:\/\/www.agriculture-machine.com\/wp-content\/uploads\/2022\/05\/automatic-tomato-nursery-seedling-machine--360x270.jpg 360w, https:\/\/www.agriculture-machine.com\/wp-content\/uploads\/2022\/05\/automatic-tomato-nursery-seedling-machine--240x180.jpg 240w\" sizes=\"auto, (max-width: 720px) 100vw, 720px\" \/><figcaption class=\"wp-element-caption\">M\u00e1quina autom\u00e1tica de pl\u00e1ntulas de tomate<\/figcaption><\/figure>    <figure class=\"wp-block-image size-large\"><img loading=\"lazy\" decoding=\"async\" width=\"720\" height=\"540\" data-id=\"13598\" src=\"https:\/\/www.agriculture-machine.com\/wp-content\/uploads\/2022\/05\/automatic-tray-seeder-.jpg\" alt=\"Sembradora autom\u00e1tica de bandejas\" class=\"wp-image-13598\" title=\"Sembradora autom\u00e1tica de bandejas\" srcset=\"https:\/\/www.agriculture-machine.com\/wp-content\/uploads\/2022\/05\/automatic-tray-seeder-.jpg 720w, https:\/\/www.agriculture-machine.com\/wp-content\/uploads\/2022\/05\/automatic-tray-seeder--360x270.jpg 360w, https:\/\/www.agriculture-machine.com\/wp-content\/uploads\/2022\/05\/automatic-tray-seeder--240x180.jpg 240w\" sizes=\"auto, (max-width: 720px) 100vw, 720px\" \/><figcaption class=\"wp-element-caption\">Sembradora autom\u00e1tica de bandejas<\/figcaption><\/figure> <\/figure>    <h2 class=\"wp-block-heading\">M\u00e1quina de vivero autom\u00e1tica enviada a Singapur<\/h2>    <p>Nuestro cliente es de Singapur. Y nos contact\u00f3 a trav\u00e9s de Alibaba. Despu\u00e9s, nuestro gerente de ventas se comunic\u00f3 con el cliente por correo electr\u00f3nico sobre la m\u00e1quina. Aprendimos, mediante la comunicaci\u00f3n con el cliente, que tiene invernaderos para cultivar varias verduras. Adem\u00e1s, el cliente conoc\u00eda m\u00e1s sobre la m\u00e1quina de pl\u00e1ntulas de vivero. <\/p>    <p>And he wants to buy a fully automatic vegetable seedling machine. According to the customer&#8217;s specific needs and budget, we recommended the KMR78-2 seedling machine. The customer finally decided to buy one set of automatic nursery sowing machines. Below is the packing and shipping picture of the machine.<\/p>    <figure class=\"wp-block-gallery has-nested-images columns-default is-cropped wp-block-gallery-5 is-layout-flex wp-block-gallery-is-layout-flex\"> <figure class=\"wp-block-image size-large\"><img loading=\"lazy\" decoding=\"async\" width=\"720\" height=\"540\" data-id=\"13603\" src=\"https:\/\/www.agriculture-machine.com\/wp-content\/uploads\/2022\/05\/greenhouse-seeder-machine.jpg\" alt=\"M\u00e1quina sembradora de invernadero\" class=\"wp-image-13603\" title=\"M\u00e1quina sembradora de invernadero\" srcset=\"https:\/\/www.agriculture-machine.com\/wp-content\/uploads\/2022\/05\/greenhouse-seeder-machine.jpg 720w, https:\/\/www.agriculture-machine.com\/wp-content\/uploads\/2022\/05\/greenhouse-seeder-machine-360x270.jpg 360w, https:\/\/www.agriculture-machine.com\/wp-content\/uploads\/2022\/05\/greenhouse-seeder-machine-240x180.jpg 240w\" sizes=\"auto, (max-width: 720px) 100vw, 720px\" \/><figcaption class=\"wp-element-caption\">M\u00e1quina sembradora de invernadero<\/figcaption><\/figure>    <figure class=\"wp-block-image size-large\"><img loading=\"lazy\" decoding=\"async\" width=\"720\" height=\"540\" data-id=\"13604\" src=\"https:\/\/www.agriculture-machine.com\/wp-content\/uploads\/2022\/05\/automatic-seedling-raising-machine.jpg\" alt=\"M\u00e1quina autom\u00e1tica de producci\u00f3n de pl\u00e1ntulas\" class=\"wp-image-13604\" title=\"M\u00e1quina autom\u00e1tica de producci\u00f3n de pl\u00e1ntulas\" srcset=\"https:\/\/www.agriculture-machine.com\/wp-content\/uploads\/2022\/05\/automatic-seedling-raising-machine.jpg 720w, https:\/\/www.agriculture-machine.com\/wp-content\/uploads\/2022\/05\/automatic-seedling-raising-machine-360x270.jpg 360w, https:\/\/www.agriculture-machine.com\/wp-content\/uploads\/2022\/05\/automatic-seedling-raising-machine-240x180.jpg 240w\" sizes=\"auto, (max-width: 720px) 100vw, 720px\" \/><figcaption class=\"wp-element-caption\">M\u00e1quina autom\u00e1tica de producci\u00f3n de pl\u00e1ntulas<\/figcaption><\/figure>    <figure class=\"wp-block-image size-large\"><img loading=\"lazy\" decoding=\"async\" width=\"720\" height=\"540\" data-id=\"13605\" src=\"https:\/\/www.agriculture-machine.com\/wp-content\/uploads\/2022\/05\/nursery-planting-machine-.jpg\" alt=\"M\u00e1quina de plantaci\u00f3n en vivero\" class=\"wp-image-13605\" title=\"M\u00e1quina de plantaci\u00f3n en vivero\" srcset=\"https:\/\/www.agriculture-machine.com\/wp-content\/uploads\/2022\/05\/nursery-planting-machine-.jpg 720w, https:\/\/www.agriculture-machine.com\/wp-content\/uploads\/2022\/05\/nursery-planting-machine--360x270.jpg 360w, https:\/\/www.agriculture-machine.com\/wp-content\/uploads\/2022\/05\/nursery-planting-machine--240x180.jpg 240w\" sizes=\"auto, (max-width: 720px) 100vw, 720px\" \/><figcaption class=\"wp-element-caption\">M\u00e1quina de plantaci\u00f3n en vivero<\/figcaption><\/figure> <\/figure>    <h2 class=\"wp-block-heading\">Pantalla de efecto de pl\u00e1ntulas<\/h2>    <p>All over the world, many customers have achieved remarkable nursery results with our nursery machines. We have received a large number of positive feedback from our customers, and their success stories fully demonstrate the efficient performance and excellent quality of our seedling breeders. Below are some of our customers&#8217; actual results after using our seedling nurseries:<\/p>    <figure class=\"wp-block-gallery has-nested-images columns-2 is-cropped wp-block-gallery-6 is-layout-flex wp-block-gallery-is-layout-flex\"> <figure class=\"wp-block-image size-large\"><img loading=\"lazy\" decoding=\"async\" width=\"720\" height=\"540\" data-id=\"16045\" src=\"https:\/\/www.agriculture-machine.com\/wp-content\/uploads\/2020\/07\/nursery-seeder-use-effect.webp\" alt=\"Efecto del uso del sembrador de vivero\" class=\"wp-image-16045\" srcset=\"https:\/\/www.agriculture-machine.com\/wp-content\/uploads\/2020\/07\/nursery-seeder-use-effect.webp 720w, https:\/\/www.agriculture-machine.com\/wp-content\/uploads\/2020\/07\/nursery-seeder-use-effect-360x270.webp 360w, https:\/\/www.agriculture-machine.com\/wp-content\/uploads\/2020\/07\/nursery-seeder-use-effect-240x180.webp 240w, https:\/\/www.agriculture-machine.com\/wp-content\/uploads\/2020\/07\/nursery-seeder-use-effect-16x12.webp 16w\" sizes=\"auto, (max-width: 720px) 100vw, 720px\" \/><figcaption class=\"wp-element-caption\">Efecto del uso del sembrador de vivero<\/figcaption><\/figure>    <figure class=\"wp-block-image size-large\"><img loading=\"lazy\" decoding=\"async\" width=\"720\" height=\"540\" data-id=\"16046\" src=\"https:\/\/www.agriculture-machine.com\/wp-content\/uploads\/2020\/07\/seedling-machine-customer-feedback.webp\" alt=\"retroalimentaci\u00f3n del cliente de la m\u00e1quina de pl\u00e1ntulas\" class=\"wp-image-16046\" srcset=\"https:\/\/www.agriculture-machine.com\/wp-content\/uploads\/2020\/07\/seedling-machine-customer-feedback.webp 720w, https:\/\/www.agriculture-machine.com\/wp-content\/uploads\/2020\/07\/seedling-machine-customer-feedback-360x270.webp 360w, https:\/\/www.agriculture-machine.com\/wp-content\/uploads\/2020\/07\/seedling-machine-customer-feedback-240x180.webp 240w, https:\/\/www.agriculture-machine.com\/wp-content\/uploads\/2020\/07\/seedling-machine-customer-feedback-16x12.webp 16w\" sizes=\"auto, (max-width: 720px) 100vw, 720px\" \/><figcaption class=\"wp-element-caption\">retroalimentaci\u00f3n del cliente de la m\u00e1quina de pl\u00e1ntulas<\/figcaption><\/figure>    <figure class=\"wp-block-image size-large\"><img loading=\"lazy\" decoding=\"async\" width=\"405\" height=\"540\" data-id=\"16044\" src=\"https:\/\/www.agriculture-machine.com\/wp-content\/uploads\/2020\/07\/automatic-nursery-tray-seeding-machine-feedback-405x540.webp\" alt=\"Retroalimentaci\u00f3n de la m\u00e1quina autom\u00e1tica de siembra en bandejas de vivero\" class=\"wp-image-16044\" srcset=\"https:\/\/www.agriculture-machine.com\/wp-content\/uploads\/2020\/07\/automatic-nursery-tray-seeding-machine-feedback-405x540.webp 405w, https:\/\/www.agriculture-machine.com\/wp-content\/uploads\/2020\/07\/automatic-nursery-tray-seeding-machine-feedback-203x270.webp 203w, https:\/\/www.agriculture-machine.com\/wp-content\/uploads\/2020\/07\/automatic-nursery-tray-seeding-machine-feedback-9x12.webp 9w, https:\/\/www.agriculture-machine.com\/wp-content\/uploads\/2020\/07\/automatic-nursery-tray-seeding-machine-feedback.webp 540w\" sizes=\"auto, (max-width: 405px) 100vw, 405px\" \/><figcaption class=\"wp-element-caption\">Retroalimentaci\u00f3n de la m\u00e1quina autom\u00e1tica de siembra en bandejas de vivero<\/figcaption><\/figure>    <figure class=\"wp-block-image size-large\"><img loading=\"lazy\" decoding=\"async\" width=\"405\" height=\"540\" data-id=\"16047\" src=\"https:\/\/www.agriculture-machine.com\/wp-content\/uploads\/2020\/07\/vegetable-seedlings-machine-405x540.webp\" alt=\"M\u00e1quina de pl\u00e1ntulas de verduras\" class=\"wp-image-16047\" srcset=\"https:\/\/www.agriculture-machine.com\/wp-content\/uploads\/2020\/07\/vegetable-seedlings-machine-405x540.webp 405w, https:\/\/www.agriculture-machine.com\/wp-content\/uploads\/2020\/07\/vegetable-seedlings-machine-203x270.webp 203w, https:\/\/www.agriculture-machine.com\/wp-content\/uploads\/2020\/07\/vegetable-seedlings-machine-9x12.webp 9w, https:\/\/www.agriculture-machine.com\/wp-content\/uploads\/2020\/07\/vegetable-seedlings-machine.webp 540w\" sizes=\"auto, (max-width: 405px) 100vw, 405px\" \/><figcaption class=\"wp-element-caption\">M\u00e1quina de pl\u00e1ntulas de verduras<\/figcaption><\/figure> <\/figure>    <p class=\"translation-block\">Nuestra empresa tambi\u00e9n tiene otros tipos de m\u00e1quinas de vivero para personalizaci\u00f3n y selecci\u00f3n, puedes verlos haciendo clic en: <strong><em><a href=\"https:\/\/www.agriculture-machine.com\/es\/nursery-seeding-machine-seeder-machine-vegetable-seeder-machine\/\">M\u00e1quina de siembra en vivero | M\u00e1quina de sembrar | M\u00e1quina de sembrar verduras<\/a><\/em><\/strong>, no dudes en contactarnos para obtener informaci\u00f3n m\u00e1s detallada.<\/p>","protected":false},"excerpt":{"rendered":"<p>La m\u00e1quina de pl\u00e1ntulas de vivero puede plantar varias semillas de verduras y flores en una bandeja de pl\u00e1ntulas. Puede realizar diferentes funciones en un solo tiempo. Este art\u00edculo trata sobre las m\u00e1quinas autom\u00e1ticas de vivero en venta. <\/p>","protected":false},"author":1,"featured_media":13595,"parent":0,"comment_status":"closed","ping_status":"closed","template":"","tags":[2618,2607],"product-type":[915],"class_list":["post-7114","product","type-product","status-publish","has-post-thumbnail","hentry","tag-hemp","tag-nursery","product-type-nursery-seedlings-machine"],"_links":{"self":[{"href":"https:\/\/www.agriculture-machine.com\/es\/wp-json\/wp\/v2\/product\/7114","targetHints":{"allow":["GET"]}}],"collection":[{"href":"https:\/\/www.agriculture-machine.com\/es\/wp-json\/wp\/v2\/product"}],"about":[{"href":"https:\/\/www.agriculture-machine.com\/es\/wp-json\/wp\/v2\/types\/product"}],"author":[{"embeddable":true,"href":"https:\/\/www.agriculture-machine.com\/es\/wp-json\/wp\/v2\/users\/1"}],"replies":[{"embeddable":true,"href":"https:\/\/www.agriculture-machine.com\/es\/wp-json\/wp\/v2\/comments?post=7114"}],"wp:featuredmedia":[{"embeddable":true,"href":"https:\/\/www.agriculture-machine.com\/es\/wp-json\/wp\/v2\/media\/13595"}],"wp:attachment":[{"href":"https:\/\/www.agriculture-machine.com\/es\/wp-json\/wp\/v2\/media?parent=7114"}],"wp:term":[{"taxonomy":"post_tag","embeddable":true,"href":"https:\/\/www.agriculture-machine.com\/es\/wp-json\/wp\/v2\/tags?post=7114"},{"taxonomy":"product-type","embeddable":true,"href":"https:\/\/www.agriculture-machine.com\/es\/wp-json\/wp\/v2\/product-type?post=7114"}],"curies":[{"name":"wp","href":"https:\/\/api.w.org\/{rel}","templated":true}]}}