{"id":7676,"date":"2020-09-17T18:12:42","date_gmt":"2020-09-17T10:12:42","guid":{"rendered":"https:\/\/www.agriculture-machine.com\/?p=7676"},"modified":"2024-09-18T16:13:40","modified_gmt":"2024-09-18T08:13:40","slug":"sprinkler-irrigation","status":"publish","type":"product","link":"https:\/\/www.agriculture-machine.com\/es\/sprinkler-irrigation\/","title":{"rendered":"M\u00e1quina de riego por aspersi\u00f3n | Sistema de riego | Aspersor"},"content":{"rendered":"<p>La m\u00e1quina de riego por aspersi\u00f3n se refiere al equipo utilizado para rociar agua de riego. El sistema completo generalmente incluye una unidad de bomba de agua, tuber\u00edas, aspersor y marco m\u00f3vil. El equipo de riego por aspersi\u00f3n roc\u00eda agua con cierta presi\u00f3n en el aire a trav\u00e9s de una m\u00e1quina y equipo especiales desde la boquilla y luego se dispersa en gotas finas, que se roc\u00edan uniformemente en el campo como lluvia, suministrando agua adecuadamente a cultivos, flores, pl\u00e1ntulas y otras plantas. Este tipo de aspersor riega de forma natural. Conecta los dispositivos de presurizaci\u00f3n, transporte de agua, aspersor, movimiento y otros en un conjunto m\u00f3vil, llamado m\u00e1quina de riego por aspersi\u00f3n.<\/p>    <h2 class=\"wp-block-heading\">Tipos de sistemas de aspersores<\/h2>    <p>Existen muchos tipos de m\u00e1quinas de riego por aspersi\u00f3n, y el sistema de aspersi\u00f3n de unidad incluye dos tipos: unidad de pulverizaci\u00f3n fija y unidad de pulverizaci\u00f3n m\u00f3vil.<\/p>    <p>La unidad de rociado fija incluye un aspersor manual (levantado), un aspersor montado en tractor, un aspersor de tracci\u00f3n de tractor, <span style=\"color: #000000;\">aspersor de rodillo<\/span>, y un aspersor doble de voladizo de tractor.<\/p>    <p>La unidad m\u00f3vil de aspersores incluye un aspersor de pivote central, un aspersor translacional y un aspersor de carrete. Entre ellos, el tipo de carrete incluye dos tipos: m\u00e1quina de aspersi\u00f3n de riego de carrete de cuerda de acero y m\u00e1quina de aspersi\u00f3n de riego de carrete de manguera.<\/p>    <p class=\"translation-block\">Serie JP <strong>m\u00e1quina de riego de aspersor de carrete<\/strong> es una m\u00e1quina de riego que enrolla la tuber\u00eda de PE en el carrete, usa la presi\u00f3n del aspersor para hacer girar la turbina de agua, impulsa el carrete a girar mediante el dispositivo de velocidad variable y arrastra el carrito de aspersores para moverse y rociar autom\u00e1ticamente. La m\u00e1quina de riego de aspersor de carrete serie JP no solo puede regar una gran \u00e1rea de tierra agr\u00edcola, sino que tambi\u00e9n puede controlar el volumen de agua seg\u00fan el tama\u00f1o del agua pulverizada para cumplir con diferentes requisitos del volumen de agua de riego por aspersi\u00f3n. Es la mejor opci\u00f3n para el riego agr\u00edcola con ahorro de agua.<\/p>    <figure class=\"wp-block-image alignnone size-full wp-image-8700\"><img loading=\"lazy\" decoding=\"async\" width=\"720\" height=\"540\" src=\"https:\/\/www.agriculture-machine.com\/wp-content\/uploads\/2020\/09\/reel-irrigation-system.jpg\" alt=\"sistema de riego por carrete\" class=\"wp-image-8700\" srcset=\"https:\/\/www.agriculture-machine.com\/wp-content\/uploads\/2020\/09\/reel-irrigation-system.jpg 720w, https:\/\/www.agriculture-machine.com\/wp-content\/uploads\/2020\/09\/reel-irrigation-system-360x270.jpg 360w, https:\/\/www.agriculture-machine.com\/wp-content\/uploads\/2020\/09\/reel-irrigation-system-240x180.jpg 240w\" sizes=\"auto, (max-width: 720px) 100vw, 720px\" \/><figcaption class=\"wp-element-caption\">sistema de riego por carrete<\/figcaption><\/figure>    <p class=\"translation-block\">Adem\u00e1s de las funciones generales de un aspersor de carrete,<strong> aspersor de carrete de marco horizontal<\/strong> tiene las siguientes caracter\u00edsticas \u00fanicas: baja presi\u00f3n de trabajo, ahorro de energ\u00eda, m\u00faltiples boquillas, gotas de agua peque\u00f1as y alta uniformidad en la distribuci\u00f3n del agua. El impacto en los cultivos y el suelo es peque\u00f1o, y se ve menos afectado por el viento. Puede instalarse y desmontarse en el sitio.<\/p>    <figure class=\"wp-block-embed is-type-video is-provider-youtube wp-block-embed-youtube wp-embed-aspect-16-9 wp-has-aspect-ratio\"><div class=\"wp-block-embed__wrapper\"> <iframe loading=\"lazy\" title=\"aspersor de carrete de marco horizontal \/ m\u00e1quina de aspersor de carrete \/ sistema de riego\" width=\"500\" height=\"281\" src=\"https:\/\/www.youtube.com\/embed\/_rTfLXyjg-0?feature=oembed\" frameborder=\"0\" allow=\"accelerometer; autoplay; clipboard-write; encrypted-media; gyroscope; picture-in-picture; web-share\" referrerpolicy=\"strict-origin-when-cross-origin\" allowfullscreen><\/iframe> <\/div><\/figure>    <p class=\"translation-block\">Entre las m\u00e1quinas de aspersi\u00f3n mencionadas anteriormente , los tipos manuales de empuje y de elevaci\u00f3n manual son unidades peque\u00f1as. Debido a su estructura sencilla, tama\u00f1o reducido, uso flexible y precio bajo, son los modelos m\u00e1s utilizados en el campo del riego por aspersi\u00f3n en varios pa\u00edses. Con el desarrollo de la producci\u00f3n agr\u00edcola intensiva, se requiere mejorar la eficiencia laboral, y varios aspersores grandes y medianos tendr\u00e1n amplias perspectivas de aplicaci\u00f3n.<\/p>    <h2 class=\"wp-block-heading\">Aplicaci\u00f3n del sistema de riego<\/h2>    <p>Diversos tipos de m\u00e1quinas de aspersi\u00f3n pueden aplicarse a riego de cultivos grandes, medianos y peque\u00f1os, aspersor de jard\u00edn, (aspersor de c\u00e9sped) paisajismo urbano, frutas y verduras, plantaci\u00f3n de t\u00e9, pastizales, tabaco, ca\u00f1a de az\u00facar, plantas de energ\u00eda, muelles, sitios de construcci\u00f3n, minas de carb\u00f3n, prevenci\u00f3n de polvo en plantas de energ\u00eda, y otros campos.<\/p>    <h2 class=\"wp-block-heading\">Let&#8217;s Know about the More Reel Sprinkler System<\/h2>    <p>Los modelos de m\u00e1quinas de aspersi\u00f3n de carrete son completos, contamos con una m\u00e1quina de aspersi\u00f3n de carrete grande, una m\u00e1quina de aspersi\u00f3n de carrete mediana, una m\u00e1quina de aspersi\u00f3n de carrete ligera, una m\u00e1quina de aspersi\u00f3n de carrete mini, y m\u00e1s. Adem\u00e1s, personalizaremos seg\u00fan las necesidades del cliente.<\/p>    <figure class=\"wp-block-image alignnone size-full wp-image-7678\"><img loading=\"lazy\" decoding=\"async\" width=\"720\" height=\"540\" src=\"https:\/\/www.agriculture-machine.com\/wp-content\/uploads\/2020\/09\/All-Kinds-of-Sprinkler.jpg\" alt=\"Todo tipo de aspersores\" class=\"wp-image-7678\" srcset=\"https:\/\/www.agriculture-machine.com\/wp-content\/uploads\/2020\/09\/All-Kinds-of-Sprinkler.jpg 720w, https:\/\/www.agriculture-machine.com\/wp-content\/uploads\/2020\/09\/All-Kinds-of-Sprinkler-360x270.jpg 360w, https:\/\/www.agriculture-machine.com\/wp-content\/uploads\/2020\/09\/All-Kinds-of-Sprinkler-240x180.jpg 240w\" sizes=\"auto, (max-width: 720px) 100vw, 720px\" \/><figcaption class=\"wp-element-caption\">Todo tipo de aspersores<\/figcaption><\/figure>    <h3 class=\"wp-block-heading\">Modo de accionamiento<\/h3>    <p>Accionamiento por turbina hidr\u00e1ulica, accionamiento hidr\u00e1ulico, accionamiento el\u00e9ctrico, accionamiento por motor de combusti\u00f3n interna.<\/p>    <figure class=\"wp-block-image alignnone size-full wp-image-7682\"><img loading=\"lazy\" decoding=\"async\" width=\"720\" height=\"540\" src=\"https:\/\/www.agriculture-machine.com\/wp-content\/uploads\/2020\/09\/Water-Turbine-and-Gearbox.jpg\" alt=\"Turbina de agua y caja de engranajes\" class=\"wp-image-7682\" srcset=\"https:\/\/www.agriculture-machine.com\/wp-content\/uploads\/2020\/09\/Water-Turbine-and-Gearbox.jpg 720w, https:\/\/www.agriculture-machine.com\/wp-content\/uploads\/2020\/09\/Water-Turbine-and-Gearbox-360x270.jpg 360w, https:\/\/www.agriculture-machine.com\/wp-content\/uploads\/2020\/09\/Water-Turbine-and-Gearbox-240x180.jpg 240w\" sizes=\"auto, (max-width: 720px) 100vw, 720px\" \/><figcaption class=\"wp-element-caption\">Turbina de agua y caja de engranajes<\/figcaption><\/figure>    <h3 class=\"wp-block-heading\">M\u00e9todo de pulverizaci\u00f3n<\/h3>    <p>Rociado con una sola pistola, rociado con doble pistola, rociado con llama.<\/p>    <figure class=\"wp-block-image alignnone size-full wp-image-7683\"><img loading=\"lazy\" decoding=\"async\" width=\"2560\" height=\"1920\" src=\"https:\/\/www.agriculture-machine.com\/wp-content\/uploads\/2020\/09\/gun-spray.png\" alt=\"aspiradora de pistola\" class=\"wp-image-7683\" srcset=\"https:\/\/www.agriculture-machine.com\/wp-content\/uploads\/2020\/09\/gun-spray.png 2560w, https:\/\/www.agriculture-machine.com\/wp-content\/uploads\/2020\/09\/gun-spray-360x270.png 360w, https:\/\/www.agriculture-machine.com\/wp-content\/uploads\/2020\/09\/gun-spray-720x540.png 720w, https:\/\/www.agriculture-machine.com\/wp-content\/uploads\/2020\/09\/gun-spray-240x180.png 240w, https:\/\/www.agriculture-machine.com\/wp-content\/uploads\/2020\/09\/gun-spray-768x576.png 768w, https:\/\/www.agriculture-machine.com\/wp-content\/uploads\/2020\/09\/gun-spray-1536x1152.png 1536w, https:\/\/www.agriculture-machine.com\/wp-content\/uploads\/2020\/09\/gun-spray-2048x1536.png 2048w\" sizes=\"auto, (max-width: 2560px) 100vw, 2560px\" \/><figcaption class=\"wp-element-caption\">aspiradora de pistola<\/figcaption><\/figure>    <h3 class=\"wp-block-heading\">Configuraci\u00f3n de piezas<\/h3>    <p class=\"translation-block\"><strong>tuber\u00eda de aspersor:<\/strong> adopta material de tuber\u00eda HDPE ecol\u00f3gico y saludable y material de resina de polietileno. El producto tiene buena soldabilidad y resistencia a la fisuraci\u00f3n por estr\u00e9s ambiental. Su rendimiento ha alcanzado los est\u00e1ndares internacionales.<\/p>    <figure class=\"wp-block-image alignnone wp-image-7680 size-full\"><img loading=\"lazy\" decoding=\"async\" width=\"720\" height=\"540\" src=\"https:\/\/www.agriculture-machine.com\/wp-content\/uploads\/2020\/09\/Water-Pipe.jpg\" alt=\"tuber\u00eda de aspersor\" class=\"wp-image-7680\" srcset=\"https:\/\/www.agriculture-machine.com\/wp-content\/uploads\/2020\/09\/Water-Pipe.jpg 720w, https:\/\/www.agriculture-machine.com\/wp-content\/uploads\/2020\/09\/Water-Pipe-360x270.jpg 360w, https:\/\/www.agriculture-machine.com\/wp-content\/uploads\/2020\/09\/Water-Pipe-240x180.jpg 240w\" sizes=\"auto, (max-width: 720px) 100vw, 720px\" \/><figcaption class=\"wp-element-caption\">tuber\u00eda de aspersor<\/figcaption><\/figure>    <p class=\"translation-block\"><strong>Serie de grupos generadores:<\/strong> Los grupos generadores di\u00e9sel constan de motores di\u00e9sel y generadores. Calidad confiable, f\u00e1cil de operar y mantener. Hay hasta 20 tipos de grupos generadores, que seguramente satisfar\u00e1n sus necesidades.<\/p>    <figure class=\"wp-block-image alignnone wp-image-7679 size-full\"><img loading=\"lazy\" decoding=\"async\" width=\"720\" height=\"540\" src=\"https:\/\/www.agriculture-machine.com\/wp-content\/uploads\/2020\/09\/diesel-engine.jpg\" alt=\"Serie de grupos generadores\" class=\"wp-image-7679\" srcset=\"https:\/\/www.agriculture-machine.com\/wp-content\/uploads\/2020\/09\/diesel-engine.jpg 720w, https:\/\/www.agriculture-machine.com\/wp-content\/uploads\/2020\/09\/diesel-engine-360x270.jpg 360w, https:\/\/www.agriculture-machine.com\/wp-content\/uploads\/2020\/09\/diesel-engine-240x180.jpg 240w\" sizes=\"auto, (max-width: 720px) 100vw, 720px\" \/><figcaption class=\"wp-element-caption\">Serie de grupos generadores<\/figcaption><\/figure>    <p class=\"translation-block\"><strong>Serie de bombas sumergibles:<\/strong> la bomba sumergible es un tipo de equipo de elevaci\u00f3n de agua en el que un motor vertical y una bomba de agua est\u00e1n conectados directamente. Funciona completamente sumergida en agua, y su modo de trabajo es continuo. La bomba de agua es de tama\u00f1o peque\u00f1o, peso ligero, estructura sencilla y compacta. Es f\u00e1cil de instalar y usar, y tiene una gran adaptabilidad. Es un producto de ahorro de energ\u00eda, alta eficiencia y m\u00e1s avanzado con indicadores de rendimiento avanzados. Tambi\u00e9n podemos personalizar la bomba sumergible seg\u00fan el di\u00e1metro de su salida de agua.<\/p>    <figure class=\"wp-block-image alignnone size-full wp-image-7681\"><img loading=\"lazy\" decoding=\"async\" width=\"720\" height=\"540\" src=\"https:\/\/www.agriculture-machine.com\/wp-content\/uploads\/2020\/09\/submersible-pump.jpg\" alt=\"bomba sumergible\" class=\"wp-image-7681\" srcset=\"https:\/\/www.agriculture-machine.com\/wp-content\/uploads\/2020\/09\/submersible-pump.jpg 720w, https:\/\/www.agriculture-machine.com\/wp-content\/uploads\/2020\/09\/submersible-pump-360x270.jpg 360w, https:\/\/www.agriculture-machine.com\/wp-content\/uploads\/2020\/09\/submersible-pump-240x180.jpg 240w\" sizes=\"auto, (max-width: 720px) 100vw, 720px\" \/><figcaption class=\"wp-element-caption\">bomba sumergible<\/figcaption><\/figure>    <p class=\"translation-block\"><strong>v\u00e1lvula de aspersor<\/strong><\/p>    <figure class=\"wp-block-image alignnone size-full wp-image-7684\"><img loading=\"lazy\" decoding=\"async\" width=\"380\" height=\"380\" src=\"https:\/\/www.agriculture-machine.com\/wp-content\/uploads\/2020\/09\/sprinkler-valve.jpg\" alt=\"v\u00e1lvula de aspersor\" class=\"wp-image-7684\" srcset=\"https:\/\/www.agriculture-machine.com\/wp-content\/uploads\/2020\/09\/sprinkler-valve.jpg 380w, https:\/\/www.agriculture-machine.com\/wp-content\/uploads\/2020\/09\/sprinkler-valve-270x270.jpg 270w\" sizes=\"auto, (max-width: 380px) 100vw, 380px\" \/><figcaption class=\"wp-element-caption\">v\u00e1lvula de aspersor<\/figcaption><\/figure>    <h3 class=\"wp-block-heading\"><a href=\"https:\/\/www.agriculture-machine.com\/es\/reel-sprinkler-irrigation-makes-crops-grow-greener\/\">\u00bfCu\u00e1les son las ventajas del aspersor de carrete?<\/a><\/h3>    <p class=\"translation-block\"><strong>Ahorro de agua:<\/strong> El riego por aspersi\u00f3n puede controlar la cantidad de agua pulverizada y la uniformidad del agua de riego, y evitar p\u00e9rdidas por escorrent\u00eda en el suelo y filtraciones profundas.<\/p>    <p class=\"translation-block\"><strong>Aumentar la producci\u00f3n:<\/strong> El riego por aspersi\u00f3n puede usar una cuota de riego peque\u00f1a para el riego superficial de los cultivos, lo que facilita un control estricto de la humedad del suelo para aflojarlo. Producir\u00e1 muchos huecos, tendr\u00e1 buenas condiciones de aireaci\u00f3n y promover\u00e1 la descomposici\u00f3n de nutrientes.<\/p>    <p class=\"translation-block\"><strong>Ahorro de mano de obra:<\/strong> El riego por aspersi\u00f3n elimina los canales de transporte de agua en el campo y reduce el crecimiento de malezas. Ahorra mucho trabajo en la aplicaci\u00f3n de fertilizantes qu\u00edmicos y pesticidas.<\/p>    <h3 class=\"wp-block-heading\"><a href=\"https:\/\/www.agriculture-machine.com\/es\/reel-sprinkler-irrigation-machine-and-mobile-sprinkler-irrigation\/\">Aplicaci\u00f3n del aspersor de carrete<\/a><\/h3>    <p>Los aspersores peque\u00f1os son adecuados para el riego de pastizales, tierras agr\u00edcolas, parques, campos deportivos, c\u00e9spedes urbanos, y eliminaci\u00f3n de polvo en f\u00e1bricas y minas, y muelles.<\/p>    <h4 class=\"wp-block-heading\">Potencia de soporte<\/h4>    <p>La potencia puede elegir una bomba el\u00e9ctrica sumergible, bomba centr\u00edfuga el\u00e9ctrica, unidad de bomba de agua di\u00e9sel.<\/p>    <h3 class=\"wp-block-heading\">Detalles de la m\u00e1quina de riego por aspersi\u00f3n<\/h3>    <figure class=\"wp-block-image alignnone size-full wp-image-7706\"><img loading=\"lazy\" decoding=\"async\" width=\"720\" height=\"540\" src=\"https:\/\/www.agriculture-machine.com\/wp-content\/uploads\/2020\/09\/\u672a\u6807\u9898-1.jpg\" alt=\"M\u00e1quina de riego y drenaje\" class=\"wp-image-7706\" srcset=\"https:\/\/www.agriculture-machine.com\/wp-content\/uploads\/2020\/09\/\u672a\u6807\u9898-1.jpg 720w, https:\/\/www.agriculture-machine.com\/wp-content\/uploads\/2020\/09\/\u672a\u6807\u9898-1-360x270.jpg 360w, https:\/\/www.agriculture-machine.com\/wp-content\/uploads\/2020\/09\/\u672a\u6807\u9898-1-240x180.jpg 240w\" sizes=\"auto, (max-width: 720px) 100vw, 720px\" \/><figcaption class=\"wp-element-caption\">M\u00e1quina de riego y drenaje<\/figcaption><\/figure>    <ol class=\"wp-block-list\"> <li>Reel  2. Placa dental  3. Tuber\u00eda de PE  4. Cadena de transmisi\u00f3n del carrete  5. Soporte frontal  6. Chasis  7. Pin de posicionamiento del soporte de rotaci\u00f3n  8. Soporte de rotaci\u00f3n  9. Eje de la rueda  10. Tuber\u00eda de entrada  13. Soporte de equilibrio  15. Barra de remolque  19. Varilla de inducci\u00f3n<\/li> <\/ol>    <h2 class=\"wp-block-heading\">\u00bfCu\u00e1l es la diferencia entre riego por aspersi\u00f3n y riego por goteo?<\/h2>    <p class=\"translation-block\"><strong>El riego por aspersi\u00f3n<\/strong> es un m\u00e9todo de riego que utiliza una bomba para presurizar el agua de riego en el aire a trav\u00e9s de un aspersor. Luego lo dispersa en gotas finas. Finalmente, las gotas caen uniformemente como lluvia para complementar la falta de humedad en el suelo.<\/p>    <p>El riego por aspersi\u00f3n tiene ventajas de ahorro de agua, ahorro de mano de obra, aumento del rendimiento de los cultivos, fuerte adaptabilidad a terrenos y calidad del suelo, y la capacidad de mantener el agua y el suelo. Se usa ampliamente para regar cultivos como verduras, c\u00e9spedes y trigo.<\/p>    <figure class=\"wp-block-image alignnone size-full wp-image-7709\"><img loading=\"lazy\" decoding=\"async\" width=\"720\" height=\"540\" src=\"https:\/\/www.agriculture-machine.com\/wp-content\/uploads\/2020\/09\/12.jpg\" alt=\"aspersor\" class=\"wp-image-7709\" srcset=\"https:\/\/www.agriculture-machine.com\/wp-content\/uploads\/2020\/09\/12.jpg 720w, https:\/\/www.agriculture-machine.com\/wp-content\/uploads\/2020\/09\/12-360x270.jpg 360w, https:\/\/www.agriculture-machine.com\/wp-content\/uploads\/2020\/09\/12-240x180.jpg 240w\" sizes=\"auto, (max-width: 720px) 100vw, 720px\" \/><figcaption class=\"wp-element-caption\">aspersor<\/figcaption><\/figure>    <p>El riego por goteo consiste en usar tuber\u00edas de pl\u00e1stico para llevar agua a las ra\u00edces de los cultivos para riego localizado. El riego por goteo se usa ampliamente en invernaderos, cultivos de campo. Especialmente adecuado para verduras, frutas, flores, viveros, paisajismo y otros cultivos. El riego por goteo es muy adecuado para invernaderos en \u00e1reas donde los recursos h\u00eddricos y la mano de obra son relativamente escasos, riego de cultivos de campo, riego de \u00e1rboles frutales en jardines y otras situaciones.<\/p>    <figure class=\"wp-block-image alignnone size-full wp-image-7711\"><img loading=\"lazy\" decoding=\"async\" width=\"720\" height=\"540\" src=\"https:\/\/www.agriculture-machine.com\/wp-content\/uploads\/2020\/09\/24.jpg\" alt=\"Riego por goteo\" class=\"wp-image-7711\" srcset=\"https:\/\/www.agriculture-machine.com\/wp-content\/uploads\/2020\/09\/24.jpg 720w, https:\/\/www.agriculture-machine.com\/wp-content\/uploads\/2020\/09\/24-360x270.jpg 360w, https:\/\/www.agriculture-machine.com\/wp-content\/uploads\/2020\/09\/24-240x180.jpg 240w\" sizes=\"auto, (max-width: 720px) 100vw, 720px\" \/><figcaption class=\"wp-element-caption\">Riego por goteo<\/figcaption><\/figure>","protected":false},"excerpt":{"rendered":"<p>Sprinkler irrigation machine refers to the equipment used to spray irrigation water. The whole sprinkler system generally includes a water pump unit, pipeline, sprinkler, and walking frame. The sprinkler irrigation equipment sprays water with a certain pressure into the air through a special machine and equipment from the nozzle and then disperses into fine droplets, [&hellip;]<\/p>\n","protected":false},"author":1,"featured_media":7717,"parent":0,"comment_status":"closed","ping_status":"closed","template":"","tags":[811],"product-type":[880],"class_list":["post-7676","product","type-product","status-publish","has-post-thumbnail","hentry","tag-irrigator","product-type-irrigation-system"],"_links":{"self":[{"href":"https:\/\/www.agriculture-machine.com\/es\/wp-json\/wp\/v2\/product\/7676","targetHints":{"allow":["GET"]}}],"collection":[{"href":"https:\/\/www.agriculture-machine.com\/es\/wp-json\/wp\/v2\/product"}],"about":[{"href":"https:\/\/www.agriculture-machine.com\/es\/wp-json\/wp\/v2\/types\/product"}],"author":[{"embeddable":true,"href":"https:\/\/www.agriculture-machine.com\/es\/wp-json\/wp\/v2\/users\/1"}],"replies":[{"embeddable":true,"href":"https:\/\/www.agriculture-machine.com\/es\/wp-json\/wp\/v2\/comments?post=7676"}],"wp:featuredmedia":[{"embeddable":true,"href":"https:\/\/www.agriculture-machine.com\/es\/wp-json\/wp\/v2\/media\/7717"}],"wp:attachment":[{"href":"https:\/\/www.agriculture-machine.com\/es\/wp-json\/wp\/v2\/media?parent=7676"}],"wp:term":[{"taxonomy":"post_tag","embeddable":true,"href":"https:\/\/www.agriculture-machine.com\/es\/wp-json\/wp\/v2\/tags?post=7676"},{"taxonomy":"product-type","embeddable":true,"href":"https:\/\/www.agriculture-machine.com\/es\/wp-json\/wp\/v2\/product-type?post=7676"}],"curies":[{"name":"wp","href":"https:\/\/api.w.org\/{rel}","templated":true}]}}